{"id":26433,"date":"2025-10-14T14:10:03","date_gmt":"2025-10-14T12:10:03","guid":{"rendered":"https:\/\/glassingmonkey.com\/?page_id=26433"},"modified":"2025-10-14T14:17:50","modified_gmt":"2025-10-14T12:17:50","slug":"politica-privacidad","status":"publish","type":"page","link":"https:\/\/glassingmonkey.com\/es\/politica-privacidad\/","title":{"rendered":"Pol\u00edtica de Privacidad"},"content":{"rendered":"\t\t<div data-elementor-type=\"wp-page\" data-elementor-id=\"26433\" class=\"elementor elementor-26433\" data-elementor-post-type=\"page\">\n\t\t\t\t<div class=\"elementor-element elementor-element-d0dcd16 e-flex e-con-boxed e-con e-parent\" data-id=\"d0dcd16\" data-element_type=\"container\" data-e-type=\"container\">\n\t\t\t\t\t<div class=\"e-con-inner\">\n\t\t\t\t<div class=\"elementor-element elementor-element-f50025b elementor-widget elementor-widget-heading\" data-id=\"f50025b\" data-element_type=\"widget\" data-e-type=\"widget\" data-widget_type=\"heading.default\">\n\t\t\t\t<div class=\"elementor-widget-container\">\n\t\t\t\t\t<h1 class=\"elementor-heading-title elementor-size-default\">Pol\u00edtica de privacidad<\/h1>\t\t\t\t<\/div>\n\t\t\t\t<\/div>\n\t\t\t\t<div class=\"elementor-element elementor-element-a7e8efc elementor-widget elementor-widget-text-editor\" data-id=\"a7e8efc\" data-element_type=\"widget\" data-e-type=\"widget\" data-widget_type=\"text-editor.default\">\n\t\t\t\t<div class=\"elementor-widget-container\">\n\t\t\t\t\t\t\t\t\t<p>El titular de este sitio web glassingmonkey.com, en adelante \u00abEL SITIO WEB\u00bb, es\u00a0Endurance Surf.co S.L, con domicilio en Ruiz Gij\u00f3n, 37, CP 41940, Tomares (Sevilla), Espa\u00f1a y C\u00f3digo de Identificaci\u00f3n Fiscal n\u00famero: B16353385, en adelante, \u00abLA EMPRESA\u00bb, as\u00ed como el titular y responsable de los ficheros con la informaci\u00f3n de car\u00e1cter personal suministrada voluntariamente por sus usuarios habiendo adoptado todas las medidas de seguridad requeridas legalmente para la protecci\u00f3n de los datos y la intimidad de sus usuarios.<\/p><p>El tratamiento de los datos personales que se realiza a trav\u00e9s de EL SITIO WEB cumple con lo establecido en el Reglamento 2016\/679, General de Protecci\u00f3n de Datos, en la Ley Org\u00e1nica de Protecci\u00f3n de Datos y con las medidas de seguridad que le sean de aplicaci\u00f3n seg\u00fan desarrollo normativo.<\/p>\t\t\t\t\t\t\t\t<\/div>\n\t\t\t\t<\/div>\n\t\t\t\t<div class=\"elementor-element elementor-element-ef0f909 elementor-widget elementor-widget-heading\" data-id=\"ef0f909\" data-element_type=\"widget\" data-e-type=\"widget\" data-widget_type=\"heading.default\">\n\t\t\t\t<div class=\"elementor-widget-container\">\n\t\t\t\t\t<h2 class=\"elementor-heading-title elementor-size-default\">Derecho de informaci\u00f3n<\/h2>\t\t\t\t<\/div>\n\t\t\t\t<\/div>\n\t\t\t\t<div class=\"elementor-element elementor-element-a6d7162 elementor-widget elementor-widget-text-editor\" data-id=\"a6d7162\" data-element_type=\"widget\" data-e-type=\"widget\" data-widget_type=\"text-editor.default\">\n\t\t\t\t<div class=\"elementor-widget-container\">\n\t\t\t\t\t\t\t\t\t<p>Si el usuario decide solicitar informaci\u00f3n en EL SITIO WEB, se solicitar\u00e1n los datos estrictamente necesarios para la consecuci\u00f3n del fin al cual est\u00e1 destinado EL SITIO WEB, que es el de la informaci\u00f3n y promoci\u00f3n de nuestros servicios, todos ellos disponibles en EL SITIO WEB. En ning\u00fan caso ser\u00e1n utilizados para finalidades distintas de aquellas para las que han sido voluntariamente introducidos en EL SITIO WEB.<\/p><p>Los datos personales que el usuario nos proporcione pasar\u00e1n a formar parte de un tratamiento de datos de car\u00e1cter personal. Dichos datos personales ser\u00e1n objeto de tratamiento, siempre que el usuario haya prestado su consentimiento con anterioridad, que lo presta al marcar las casillas de consentmiento de los distintos formularios y podr\u00e1 revocar el consentimiento siempre que lo desee.<\/p><p>Los que voluntariamente faciliten sus datos al titular del Web por cualquiera de los medios establecidos al efecto en cada momento, consienten y aceptan conocer de modo expreso, preciso e inequ\u00edvoco:<\/p><ul><li>Que la introducci\u00f3n en el tratamiento de los datos de car\u00e1cter personal tiene como finalidad la gesti\u00f3n de la petici\u00f3n, solicitud o consulta, y el mantenimiento de las relaciones entre EL SITIO WEB y sus usuarios.<\/li><li>Que el usuario autoriza expresamente el que puedan utilizarse los datos facilitados para remitirle, por cualquier medio de comunicaci\u00f3n, incluidos los electr\u00f3nicos, comunicaciones comerciales, newsletter con informaci\u00f3n de inter\u00e9s, y comunicaciones recordatorio, siempre que haya marcado la casilla correspondiente en los distintos formularios o haya manifestado, por cualquier medio, de modo inequ\u00edvoco su autorizaci\u00f3n.<\/li><li>Que autoriza a LA EMPRESA a que utilice sus datos para las finalidades expresadas a la hora de contratar cualquiera de los productos o servicios en concreto, y presta tambi\u00e9n su consentimiento para el uso de las cookies para las finalidades concretas y espec\u00edficas informadas en todo momento en esta pol\u00edtica de privacidad.<\/li><li>Que en cualquier momento podr\u00e1 revocar su consentimiento dirigiendo una comunicaci\u00f3n a la Web, a trav\u00e9s de los canales establecidos al efecto.<\/li><\/ul><p>El horario de atenci\u00f3n al cliente es Lunes a Viernes de 08:00 \u2013 14:00. Puede contactar con\u00a0Endurance Surf\u00a0enviando un mensaje de correo electr\u00f3nico, a la direcci\u00f3n Info@glassingmonkey.com, o por tel\u00e9fono, en el n\u00famero de contacto (+34) 623969891.<\/p>\t\t\t\t\t\t\t\t<\/div>\n\t\t\t\t<\/div>\n\t\t\t\t\t<\/div>\n\t\t\t\t<\/div>\n\t\t\t\t<\/div>\n\t\t","protected":false},"excerpt":{"rendered":"<p>Pol\u00edtica de privacidad El titular de este sitio web glassingmonkey.com, en adelante \u00abEL SITIO WEB\u00bb, es\u00a0Endurance Surf.co S.L, con domicilio [&hellip;]<\/p>\n","protected":false},"author":1,"featured_media":0,"parent":0,"menu_order":0,"comment_status":"closed","ping_status":"closed","template":"","meta":{"site-sidebar-layout":"no-sidebar","site-content-layout":"","ast-site-content-layout":"full-width-container","site-content-style":"default","site-sidebar-style":"default","ast-global-header-display":"","ast-banner-title-visibility":"","ast-main-header-display":"","ast-hfb-above-header-display":"","ast-hfb-below-header-display":"","ast-hfb-mobile-header-display":"","site-post-title":"","ast-breadcrumbs-content":"","ast-featured-img":"disabled","footer-sml-layout":"","ast-disable-related-posts":"","theme-transparent-header-meta":"","adv-header-id-meta":"","stick-header-meta":"","header-above-stick-meta":"","header-main-stick-meta":"","header-below-stick-meta":"","astra-migrate-meta-layouts":"default","ast-page-background-enabled":"default","ast-page-background-meta":{"desktop":{"background-color":"var(--ast-global-color-5)","background-image":"","background-repeat":"repeat","background-position":"center center","background-size":"auto","background-attachment":"scroll","background-type":"","background-media":"","overlay-type":"","overlay-color":"","overlay-opacity":"","overlay-gradient":""},"tablet":{"background-color":"","background-image":"","background-repeat":"repeat","background-position":"center center","background-size":"auto","background-attachment":"scroll","background-type":"","background-media":"","overlay-type":"","overlay-color":"","overlay-opacity":"","overlay-gradient":""},"mobile":{"background-color":"","background-image":"","background-repeat":"repeat","background-position":"center center","background-size":"auto","background-attachment":"scroll","background-type":"","background-media":"","overlay-type":"","overlay-color":"","overlay-opacity":"","overlay-gradient":""}},"ast-content-background-meta":{"desktop":{"background-color":"var(--ast-global-color-4)","background-image":"","background-repeat":"repeat","background-position":"center center","background-size":"auto","background-attachment":"scroll","background-type":"","background-media":"","overlay-type":"","overlay-color":"","overlay-opacity":"","overlay-gradient":""},"tablet":{"background-color":"var(--ast-global-color-4)","background-image":"","background-repeat":"repeat","background-position":"center center","background-size":"auto","background-attachment":"scroll","background-type":"","background-media":"","overlay-type":"","overlay-color":"","overlay-opacity":"","overlay-gradient":""},"mobile":{"background-color":"var(--ast-global-color-4)","background-image":"","background-repeat":"repeat","background-position":"center center","background-size":"auto","background-attachment":"scroll","background-type":"","background-media":"","overlay-type":"","overlay-color":"","overlay-opacity":"","overlay-gradient":""}},"footnotes":""},"class_list":["post-26433","page","type-page","status-publish","hentry"],"yoast_head":"<!-- This site is optimized with the Yoast SEO plugin v27.2 - https:\/\/yoast.com\/product\/yoast-seo-wordpress\/ -->\n<title>Pol\u00edtica de Privacidad - Ride your life<\/title>\n<meta name=\"robots\" content=\"index, follow, max-snippet:-1, max-image-preview:large, max-video-preview:-1\" \/>\n<link rel=\"canonical\" href=\"https:\/\/glassingmonkey.com\/es\/politica-privacidad\/\" \/>\n<meta property=\"og:locale\" content=\"es_ES\" \/>\n<meta property=\"og:type\" content=\"article\" \/>\n<meta property=\"og:title\" content=\"Pol\u00edtica de Privacidad - Ride your life\" \/>\n<meta property=\"og:description\" content=\"Pol\u00edtica de privacidad El titular de este sitio web glassingmonkey.com, en adelante \u00abEL SITIO WEB\u00bb, es\u00a0Endurance Surf.co S.L, con domicilio [&hellip;]\" \/>\n<meta property=\"og:url\" content=\"https:\/\/glassingmonkey.com\/es\/politica-privacidad\/\" \/>\n<meta property=\"og:site_name\" content=\"Ride your life\" \/>\n<meta property=\"article:modified_time\" content=\"2025-10-14T12:17:50+00:00\" \/>\n<meta name=\"twitter:card\" content=\"summary_large_image\" \/>\n<meta name=\"twitter:label1\" content=\"Tiempo de lectura\" \/>\n\t<meta name=\"twitter:data1\" content=\"3 minutos\" \/>\n<script type=\"application\/ld+json\" class=\"yoast-schema-graph\">{\"@context\":\"https:\/\/schema.org\",\"@graph\":[{\"@type\":\"WebPage\",\"@id\":\"https:\/\/glassingmonkey.com\/es\/politica-privacidad\/\",\"url\":\"https:\/\/glassingmonkey.com\/es\/politica-privacidad\/\",\"name\":\"Pol\u00edtica de Privacidad - Ride your life\",\"isPartOf\":{\"@id\":\"https:\/\/glassingmonkey.com\/es\/#website\"},\"datePublished\":\"2025-10-14T12:10:03+00:00\",\"dateModified\":\"2025-10-14T12:17:50+00:00\",\"breadcrumb\":{\"@id\":\"https:\/\/glassingmonkey.com\/es\/politica-privacidad\/#breadcrumb\"},\"inLanguage\":\"es\",\"potentialAction\":[{\"@type\":\"ReadAction\",\"target\":[\"https:\/\/glassingmonkey.com\/es\/politica-privacidad\/\"]}]},{\"@type\":\"BreadcrumbList\",\"@id\":\"https:\/\/glassingmonkey.com\/es\/politica-privacidad\/#breadcrumb\",\"itemListElement\":[{\"@type\":\"ListItem\",\"position\":1,\"name\":\"Home\",\"item\":\"https:\/\/glassingmonkey.com\/es\/\"},{\"@type\":\"ListItem\",\"position\":2,\"name\":\"Pol\u00edtica de Privacidad\"}]},{\"@type\":\"WebSite\",\"@id\":\"https:\/\/glassingmonkey.com\/es\/#website\",\"url\":\"https:\/\/glassingmonkey.com\/es\/\",\"name\":\"Glassing Monkey\",\"description\":\"\",\"publisher\":{\"@id\":\"https:\/\/glassingmonkey.com\/es\/#organization\"},\"potentialAction\":[{\"@type\":\"SearchAction\",\"target\":{\"@type\":\"EntryPoint\",\"urlTemplate\":\"https:\/\/glassingmonkey.com\/es\/?s={search_term_string}\"},\"query-input\":{\"@type\":\"PropertyValueSpecification\",\"valueRequired\":true,\"valueName\":\"search_term_string\"}}],\"inLanguage\":\"es\"},{\"@type\":\"Organization\",\"@id\":\"https:\/\/glassingmonkey.com\/es\/#organization\",\"name\":\"Glassing Monkey\",\"url\":\"https:\/\/glassingmonkey.com\/es\/\",\"logo\":{\"@type\":\"ImageObject\",\"inLanguage\":\"es\",\"@id\":\"https:\/\/glassingmonkey.com\/es\/#\/schema\/logo\/image\/\",\"url\":\"https:\/\/glassingmonkey.com\/wp-content\/uploads\/2025\/06\/Glassing-monkey-surf-factory-surf-shop.webp\",\"contentUrl\":\"https:\/\/glassingmonkey.com\/wp-content\/uploads\/2025\/06\/Glassing-monkey-surf-factory-surf-shop.webp\",\"width\":786,\"height\":530,\"caption\":\"Glassing Monkey\"},\"image\":{\"@id\":\"https:\/\/glassingmonkey.com\/es\/#\/schema\/logo\/image\/\"},\"sameAs\":[\"https:\/\/www.instagram.com\/glassingmonkey\/\"]}]}<\/script>\n<!-- \/ Yoast SEO plugin. -->","yoast_head_json":{"title":"Pol\u00edtica de Privacidad - Ride your life","robots":{"index":"index","follow":"follow","max-snippet":"max-snippet:-1","max-image-preview":"max-image-preview:large","max-video-preview":"max-video-preview:-1"},"canonical":"https:\/\/glassingmonkey.com\/es\/politica-privacidad\/","og_locale":"es_ES","og_type":"article","og_title":"Pol\u00edtica de Privacidad - Ride your life","og_description":"Pol\u00edtica de privacidad El titular de este sitio web glassingmonkey.com, en adelante \u00abEL SITIO WEB\u00bb, es\u00a0Endurance Surf.co S.L, con domicilio [&hellip;]","og_url":"https:\/\/glassingmonkey.com\/es\/politica-privacidad\/","og_site_name":"Ride your life","article_modified_time":"2025-10-14T12:17:50+00:00","twitter_card":"summary_large_image","twitter_misc":{"Tiempo de lectura":"3 minutos"},"schema":{"@context":"https:\/\/schema.org","@graph":[{"@type":"WebPage","@id":"https:\/\/glassingmonkey.com\/es\/politica-privacidad\/","url":"https:\/\/glassingmonkey.com\/es\/politica-privacidad\/","name":"Pol\u00edtica de Privacidad - Ride your life","isPartOf":{"@id":"https:\/\/glassingmonkey.com\/es\/#website"},"datePublished":"2025-10-14T12:10:03+00:00","dateModified":"2025-10-14T12:17:50+00:00","breadcrumb":{"@id":"https:\/\/glassingmonkey.com\/es\/politica-privacidad\/#breadcrumb"},"inLanguage":"es","potentialAction":[{"@type":"ReadAction","target":["https:\/\/glassingmonkey.com\/es\/politica-privacidad\/"]}]},{"@type":"BreadcrumbList","@id":"https:\/\/glassingmonkey.com\/es\/politica-privacidad\/#breadcrumb","itemListElement":[{"@type":"ListItem","position":1,"name":"Home","item":"https:\/\/glassingmonkey.com\/es\/"},{"@type":"ListItem","position":2,"name":"Pol\u00edtica de Privacidad"}]},{"@type":"WebSite","@id":"https:\/\/glassingmonkey.com\/es\/#website","url":"https:\/\/glassingmonkey.com\/es\/","name":"Glassing Monkey","description":"","publisher":{"@id":"https:\/\/glassingmonkey.com\/es\/#organization"},"potentialAction":[{"@type":"SearchAction","target":{"@type":"EntryPoint","urlTemplate":"https:\/\/glassingmonkey.com\/es\/?s={search_term_string}"},"query-input":{"@type":"PropertyValueSpecification","valueRequired":true,"valueName":"search_term_string"}}],"inLanguage":"es"},{"@type":"Organization","@id":"https:\/\/glassingmonkey.com\/es\/#organization","name":"Glassing Monkey","url":"https:\/\/glassingmonkey.com\/es\/","logo":{"@type":"ImageObject","inLanguage":"es","@id":"https:\/\/glassingmonkey.com\/es\/#\/schema\/logo\/image\/","url":"https:\/\/glassingmonkey.com\/wp-content\/uploads\/2025\/06\/Glassing-monkey-surf-factory-surf-shop.webp","contentUrl":"https:\/\/glassingmonkey.com\/wp-content\/uploads\/2025\/06\/Glassing-monkey-surf-factory-surf-shop.webp","width":786,"height":530,"caption":"Glassing Monkey"},"image":{"@id":"https:\/\/glassingmonkey.com\/es\/#\/schema\/logo\/image\/"},"sameAs":["https:\/\/www.instagram.com\/glassingmonkey\/"]}]}},"_links":{"self":[{"href":"https:\/\/glassingmonkey.com\/es\/wp-json\/wp\/v2\/pages\/26433","targetHints":{"allow":["GET"]}}],"collection":[{"href":"https:\/\/glassingmonkey.com\/es\/wp-json\/wp\/v2\/pages"}],"about":[{"href":"https:\/\/glassingmonkey.com\/es\/wp-json\/wp\/v2\/types\/page"}],"author":[{"embeddable":true,"href":"https:\/\/glassingmonkey.com\/es\/wp-json\/wp\/v2\/users\/1"}],"replies":[{"embeddable":true,"href":"https:\/\/glassingmonkey.com\/es\/wp-json\/wp\/v2\/comments?post=26433"}],"version-history":[{"count":8,"href":"https:\/\/glassingmonkey.com\/es\/wp-json\/wp\/v2\/pages\/26433\/revisions"}],"predecessor-version":[{"id":26441,"href":"https:\/\/glassingmonkey.com\/es\/wp-json\/wp\/v2\/pages\/26433\/revisions\/26441"}],"wp:attachment":[{"href":"https:\/\/glassingmonkey.com\/es\/wp-json\/wp\/v2\/media?parent=26433"}],"curies":[{"name":"wp","href":"https:\/\/api.w.org\/{rel}","templated":true}]}}