{"id":26698,"date":"2025-05-28T12:01:37","date_gmt":"2025-05-28T10:01:37","guid":{"rendered":"https:\/\/glassingmonkey.com\/product\/bamba-handyman-2\/"},"modified":"2026-04-26T20:38:18","modified_gmt":"2026-04-26T18:38:18","slug":"bamba-handyman","status":"publish","type":"product","link":"https:\/\/glassingmonkey.com\/es\/product\/bamba-handyman\/","title":{"rendered":"Bamba Handyman"},"content":{"rendered":"<h1 class=\"otQkpb\" role=\"heading\" aria-level=\"3\" data-sfc-root=\"c\" data-complete=\"true\" data-processed=\"true\">Bamba Handyman: Velocidad real y sensibilidad t\u00e9cnica<button class=\"rBl3me\" tabindex=\"0\" data-amic=\"true\" data-icl-uuid=\"392a1e79-920d-43ad-9fbd-bbceffa3a373\" aria-label=\"View related links\" data-wiz-attrbind=\"disabled=QpqJVe_p\/C5gNJc;aria-label=QpqJVe_p\/bOjMyf;class=QpqJVe_p\/UpSNec\" data-ved=\"2ahUKEwjlttLek4yUAxXF-QIHHdYLNL0Qye0OegYIAQgDEAA\" data-hveid=\"CAEIAxAA\"><\/button><\/h1>\n<div class=\"n6owBd awi2gc\" data-sfc-cp=\"\" data-sfc-root=\"c\" data-sfc-cb=\"\" data-hveid=\"CAEIBBAA\" data-processed=\"true\" data-complete=\"true\">A primera vista, la Bamba Handyman parece otra historia de &#8220;el volumen es tu amigo&#8221;, pero ofrece mucho m\u00e1s que simple flotabilidad. Para empezar, este modelo entrega una velocidad genuina y un nivel de sensibilidad que sorprende incluso a los surfistas m\u00e1s exigentes. Dise\u00f1amos esta forma vers\u00e1til para adaptarse a estilistas radicales, surfistas corpulentos o principiantes cuando se fabrica en tama\u00f1os grandes. Adem\u00e1s, su contorno equilibrado proporciona una plataforma estable sin comprometer las maniobras de alto rendimiento. Por lo tanto, la Handyman representa una soluci\u00f3n definitiva para quienes buscan una tabla de diario fiable y emocionante.<button class=\"rBl3me\" tabindex=\"0\" data-amic=\"true\" data-icl-uuid=\"53743ae6-bb95-4817-bb4d-f22ec3ac5ba7\" aria-label=\"View related links\" data-wiz-attrbind=\"disabled=QpqJVe_t\/C5gNJc;aria-label=QpqJVe_t\/bOjMyf;class=QpqJVe_t\/UpSNec\" data-ved=\"2ahUKEwjlttLek4yUAxXF-QIHHdYLNL0Qye0OegYIAQgEEAE\" data-hveid=\"CAEIBBAB\"><\/button><\/div>\n<div class=\"Fsg96\" data-sfc-cp=\"\" data-sfc-root=\"c\" data-sfc-cb=\"\" data-complete=\"true\" data-processed=\"true\"><\/div>\n<h2 class=\"otQkpb\" role=\"heading\" aria-level=\"3\" data-sfc-root=\"c\" data-processed=\"true\" data-complete=\"true\">Bamba Handyman,Configuraciones vers\u00e1tiles y la magia de sus canales<button class=\"rBl3me\" tabindex=\"0\" data-amic=\"true\" data-icl-uuid=\"59494479-2b84-4d32-90ae-ccf8789ca27b\" aria-label=\"View related links\" data-wiz-attrbind=\"disabled=QpqJVe_y\/C5gNJc;aria-label=QpqJVe_y\/bOjMyf;class=QpqJVe_y\/UpSNec\" data-ved=\"2ahUKEwjlttLek4yUAxXF-QIHHdYLNL0Qye0OegYIAQgFEAA\" data-hveid=\"CAEIBRAA\"><\/button><\/h2>\n<div class=\"n6owBd awi2gc\" data-sfc-cp=\"\" data-sfc-root=\"c\" data-sfc-cb=\"\" data-hveid=\"CAEIBhAA\" data-complete=\"true\" data-processed=\"true\">Respecto a su configuraci\u00f3n t\u00e9cnica, esta tabla rinde excepcionalmente bien con varios sistemas de quillas. Primero, muchos surfistas prefieren la sensaci\u00f3n m\u00e1gica de una quilla simple o <em class=\"eujQNb\" data-sfc-root=\"c\" data-sfc-cb=\"\" data-complete=\"true\" data-processed=\"true\">single fin<\/em> en este dise\u00f1o espec\u00edfico. Incorporamos dos canales grandes y suaves alrededor del \u00e1rea de la quilla para mejorar el flujo de agua y la estabilidad. Adicionalmente, la tabla funciona perfectamente como un <em class=\"eujQNb\" data-sfc-root=\"c\" data-sfc-cb=\"\" data-complete=\"true\" data-processed=\"true\">two-plus-one<\/em> o un <em class=\"eujQNb\" data-sfc-root=\"c\" data-sfc-cb=\"\" data-complete=\"true\" data-processed=\"true\">thruster<\/em> tradicional dependiendo de tu preferencia personal. Consecuentemente, puedes adaptar la tabla para que coincida con las condiciones espec\u00edficas de tu playa local. Como resultado, la Handyman proporciona una experiencia de surf personalizable para cada sesi\u00f3n.<button class=\"rBl3me\" tabindex=\"0\" data-amic=\"true\" data-icl-uuid=\"c3f6d138-3370-44b4-a255-c9138991029a\" aria-label=\"View related links\" data-wiz-attrbind=\"disabled=QpqJVe_15\/C5gNJc;aria-label=QpqJVe_15\/bOjMyf;class=QpqJVe_15\/UpSNec\" data-ved=\"2ahUKEwjlttLek4yUAxXF-QIHHdYLNL0Qye0OegYIAQgGEAE\" data-hveid=\"CAEIBhAB\"><\/button><\/div>\n<div class=\"n6owBd awi2gc\" data-sfc-cp=\"\" data-sfc-root=\"c\" data-sfc-cb=\"\" data-hveid=\"CAEIBxAA\" data-processed=\"true\" data-complete=\"true\">Del mismo modo, el dise\u00f1o se centra en mantener un flujo constante a trav\u00e9s de las secciones m\u00e1s planas de la ola. Por ejemplo, notar\u00e1s c\u00f3mo la tabla planea incluso cuando la ola pierde potencia significativa. Debido a su inteligente distribuci\u00f3n del volumen, ofrece una velocidad de remada impresionante y entradas muy tempranas en la ola. Ciertamente, fabricamos esta tabla para proporcionar una respuesta profesional siendo, al mismo tiempo, incre\u00edblemente permisiva. Por esta raz\u00f3n, la Bamba Handyman destaca como una opci\u00f3n principal para maximizar tu conteo de olas.<button class=\"rBl3me\" tabindex=\"0\" data-amic=\"true\" data-icl-uuid=\"58fd5c89-62a6-4e4c-8bad-74ebc51a87b4\" aria-label=\"View related links\" data-wiz-attrbind=\"disabled=QpqJVe_19\/C5gNJc;aria-label=QpqJVe_19\/bOjMyf;class=QpqJVe_19\/UpSNec\" data-ved=\"2ahUKEwjlttLek4yUAxXF-QIHHdYLNL0Qye0OegYIAQgHEAE\" data-hveid=\"CAEIBxAB\"><\/button><\/div>\n<div class=\"n6owBd awi2gc\" data-sfc-cp=\"\" data-sfc-root=\"c\" data-sfc-cb=\"\" data-hveid=\"CAEICBAA\" data-processed=\"true\" data-complete=\"true\" aria-owns=\"action-menu-parent-container\">En conclusi\u00f3n, este modelo proporciona la combinaci\u00f3n definitiva de velocidad, control y accesibilidad. Finalmente, a\u00f1adir una Bamba Handyman a tu quiver asegura que estar\u00e1s listo para cualquier condici\u00f3n que el oc\u00e9ano te ofrezca.<\/div>\n","protected":false},"excerpt":{"rendered":"<p>A primera vista, HANDYMAN parece otra historia de &#8220;la espuma es tu amiga&#8221;, pero es mucho m\u00e1s que eso.<\/p>\n<p>&nbsp;<\/p>\n","protected":false},"featured_media":25732,"comment_status":"closed","ping_status":"closed","template":"","meta":{"site-sidebar-layout":"default","site-content-layout":"","ast-site-content-layout":"default","site-content-style":"default","site-sidebar-style":"default","ast-global-header-display":"","ast-banner-title-visibility":"","ast-main-header-display":"","ast-hfb-above-header-display":"","ast-hfb-below-header-display":"","ast-hfb-mobile-header-display":"","site-post-title":"","ast-breadcrumbs-content":"","ast-featured-img":"","footer-sml-layout":"","ast-disable-related-posts":"","theme-transparent-header-meta":"default","adv-header-id-meta":"","stick-header-meta":"","header-above-stick-meta":"","header-main-stick-meta":"","header-below-stick-meta":"","astra-migrate-meta-layouts":"set","ast-page-background-enabled":"default","ast-page-background-meta":{"desktop":{"background-color":"var(--ast-global-color-5)","background-image":"","background-repeat":"repeat","background-position":"center center","background-size":"auto","background-attachment":"scroll","background-type":"","background-media":"","overlay-type":"","overlay-color":"","overlay-opacity":"","overlay-gradient":""},"tablet":{"background-color":"","background-image":"","background-repeat":"repeat","background-position":"center center","background-size":"auto","background-attachment":"scroll","background-type":"","background-media":"","overlay-type":"","overlay-color":"","overlay-opacity":"","overlay-gradient":""},"mobile":{"background-color":"","background-image":"","background-repeat":"repeat","background-position":"center center","background-size":"auto","background-attachment":"scroll","background-type":"","background-media":"","overlay-type":"","overlay-color":"","overlay-opacity":"","overlay-gradient":""}},"ast-content-background-meta":{"desktop":{"background-color":"var(--ast-global-color-4)","background-image":"","background-repeat":"repeat","background-position":"center center","background-size":"auto","background-attachment":"scroll","background-type":"","background-media":"","overlay-type":"","overlay-color":"","overlay-opacity":"","overlay-gradient":""},"tablet":{"background-color":"var(--ast-global-color-4)","background-image":"","background-repeat":"repeat","background-position":"center center","background-size":"auto","background-attachment":"scroll","background-type":"","background-media":"","overlay-type":"","overlay-color":"","overlay-opacity":"","overlay-gradient":""},"mobile":{"background-color":"var(--ast-global-color-4)","background-image":"","background-repeat":"repeat","background-position":"center center","background-size":"auto","background-attachment":"scroll","background-type":"","background-media":"","overlay-type":"","overlay-color":"","overlay-opacity":"","overlay-gradient":""}}},"product_brand":[1260],"product_cat":[1251,1290,1196],"product_tag":[1292,1291],"class_list":{"0":"post-26698","1":"product","2":"type-product","3":"status-publish","4":"has-post-thumbnail","6":"product_brand-bamba-surfboards","7":"product_cat-funboards","8":"product_cat-midlength","9":"product_cat-tablas-de-surf-es","10":"product_tag-funboard","11":"product_tag-midlength","12":"pa_model-handyman","13":"pa_thickness-2-11-16","14":"pa_thickness-2-3-4","15":"pa_thickness-2-5-8","16":"pa_thickness-2-9-16","17":"pa_width-21-1-2","18":"pa_width-21-1-4","19":"pa_width-21-3-4","20":"pa_width-1287","21":"desktop-align-left","22":"tablet-align-left","23":"mobile-align-left","25":"first","26":"onbackorder","27":"sale","28":"shipping-taxable","29":"purchasable","30":"product-type-variable"},"yoast_head":"<!-- This site is optimized with the Yoast SEO plugin v27.4 - https:\/\/yoast.com\/product\/yoast-seo-wordpress\/ -->\n<title>Bamba Handyman - Ride Your Life | Glassing Monkey<\/title>\n<meta name=\"description\" content=\"La Bamba Handyman es tu tabla de confianza para cualquier condici\u00f3n. Vers\u00e1til, fiable y dise\u00f1ada para el m\u00e1ximo rendimiento. C\u00f3mprala hoy en Glassing Monkey\" \/>\n<meta name=\"robots\" content=\"index, follow, max-snippet:-1, max-image-preview:large, max-video-preview:-1\" \/>\n<link rel=\"canonical\" href=\"https:\/\/glassingmonkey.com\/es\/product\/bamba-handyman\/\" \/>\n<meta property=\"og:locale\" content=\"es_ES\" \/>\n<meta property=\"og:type\" content=\"article\" \/>\n<meta property=\"og:title\" content=\"Bamba Handyman - Ride Your Life | Glassing Monkey\" \/>\n<meta property=\"og:description\" content=\"La Bamba Handyman es tu tabla de confianza para cualquier condici\u00f3n. Vers\u00e1til, fiable y dise\u00f1ada para el m\u00e1ximo rendimiento. C\u00f3mprala hoy en Glassing Monkey\" \/>\n<meta property=\"og:url\" content=\"https:\/\/glassingmonkey.com\/es\/product\/bamba-handyman\/\" \/>\n<meta property=\"og:site_name\" content=\"Ride your life\" \/>\n<meta property=\"article:modified_time\" content=\"2026-04-26T18:38:18+00:00\" \/>\n<meta property=\"og:image\" content=\"https:\/\/glassingmonkey.com\/wp-content\/uploads\/2025\/05\/handyman.jpg\" \/>\n\t<meta property=\"og:image:width\" content=\"650\" \/>\n\t<meta property=\"og:image:height\" content=\"850\" \/>\n\t<meta property=\"og:image:type\" content=\"image\/jpeg\" \/>\n<meta name=\"twitter:card\" content=\"summary_large_image\" \/>\n<meta name=\"twitter:label1\" content=\"Tiempo de lectura\" \/>\n\t<meta name=\"twitter:data1\" content=\"2 minutos\" \/>\n<script type=\"application\/ld+json\" class=\"yoast-schema-graph\">{\"@context\":\"https:\\\/\\\/schema.org\",\"@graph\":[{\"@type\":\"WebPage\",\"@id\":\"https:\\\/\\\/glassingmonkey.com\\\/es\\\/product\\\/bamba-handyman\\\/\",\"url\":\"https:\\\/\\\/glassingmonkey.com\\\/es\\\/product\\\/bamba-handyman\\\/\",\"name\":\"Bamba Handyman - Ride Your Life | Glassing Monkey\",\"isPartOf\":{\"@id\":\"https:\\\/\\\/glassingmonkey.com\\\/es\\\/#website\"},\"primaryImageOfPage\":{\"@id\":\"https:\\\/\\\/glassingmonkey.com\\\/es\\\/product\\\/bamba-handyman\\\/#primaryimage\"},\"image\":{\"@id\":\"https:\\\/\\\/glassingmonkey.com\\\/es\\\/product\\\/bamba-handyman\\\/#primaryimage\"},\"thumbnailUrl\":\"https:\\\/\\\/glassingmonkey.com\\\/wp-content\\\/uploads\\\/2025\\\/05\\\/handyman.jpg\",\"datePublished\":\"2025-05-28T10:01:37+00:00\",\"dateModified\":\"2026-04-26T18:38:18+00:00\",\"description\":\"La Bamba Handyman es tu tabla de confianza para cualquier condici\u00f3n. Vers\u00e1til, fiable y dise\u00f1ada para el m\u00e1ximo rendimiento. C\u00f3mprala hoy en Glassing Monkey\",\"breadcrumb\":{\"@id\":\"https:\\\/\\\/glassingmonkey.com\\\/es\\\/product\\\/bamba-handyman\\\/#breadcrumb\"},\"inLanguage\":\"es\",\"potentialAction\":[{\"@type\":\"ReadAction\",\"target\":[\"https:\\\/\\\/glassingmonkey.com\\\/es\\\/product\\\/bamba-handyman\\\/\"]}]},{\"@type\":\"ImageObject\",\"inLanguage\":\"es\",\"@id\":\"https:\\\/\\\/glassingmonkey.com\\\/es\\\/product\\\/bamba-handyman\\\/#primaryimage\",\"url\":\"https:\\\/\\\/glassingmonkey.com\\\/wp-content\\\/uploads\\\/2025\\\/05\\\/handyman.jpg\",\"contentUrl\":\"https:\\\/\\\/glassingmonkey.com\\\/wp-content\\\/uploads\\\/2025\\\/05\\\/handyman.jpg\",\"width\":650,\"height\":850,\"caption\":\"Bamba Handyman\"},{\"@type\":\"BreadcrumbList\",\"@id\":\"https:\\\/\\\/glassingmonkey.com\\\/es\\\/product\\\/bamba-handyman\\\/#breadcrumb\",\"itemListElement\":[{\"@type\":\"ListItem\",\"position\":1,\"name\":\"Home\",\"item\":\"https:\\\/\\\/glassingmonkey.com\\\/es\\\/\"},{\"@type\":\"ListItem\",\"position\":2,\"name\":\"Tienda\",\"item\":\"https:\\\/\\\/glassingmonkey.com\\\/es\\\/tienda\\\/\"},{\"@type\":\"ListItem\",\"position\":3,\"name\":\"Bamba Handyman\"}]},{\"@type\":\"WebSite\",\"@id\":\"https:\\\/\\\/glassingmonkey.com\\\/es\\\/#website\",\"url\":\"https:\\\/\\\/glassingmonkey.com\\\/es\\\/\",\"name\":\"Glassing Monkey\",\"description\":\"RIDE YOUR LIFE\",\"publisher\":{\"@id\":\"https:\\\/\\\/glassingmonkey.com\\\/es\\\/#organization\"},\"potentialAction\":[{\"@type\":\"SearchAction\",\"target\":{\"@type\":\"EntryPoint\",\"urlTemplate\":\"https:\\\/\\\/glassingmonkey.com\\\/es\\\/?s={search_term_string}\"},\"query-input\":{\"@type\":\"PropertyValueSpecification\",\"valueRequired\":true,\"valueName\":\"search_term_string\"}}],\"inLanguage\":\"es\"},{\"@type\":\"Organization\",\"@id\":\"https:\\\/\\\/glassingmonkey.com\\\/es\\\/#organization\",\"name\":\"Glassing Monkey\",\"url\":\"https:\\\/\\\/glassingmonkey.com\\\/es\\\/\",\"logo\":{\"@type\":\"ImageObject\",\"inLanguage\":\"es\",\"@id\":\"https:\\\/\\\/glassingmonkey.com\\\/es\\\/#\\\/schema\\\/logo\\\/image\\\/\",\"url\":\"https:\\\/\\\/glassingmonkey.com\\\/wp-content\\\/uploads\\\/2025\\\/06\\\/Glassing-monkey-surf-factory-surf-shop.webp\",\"contentUrl\":\"https:\\\/\\\/glassingmonkey.com\\\/wp-content\\\/uploads\\\/2025\\\/06\\\/Glassing-monkey-surf-factory-surf-shop.webp\",\"width\":786,\"height\":530,\"caption\":\"Glassing Monkey\"},\"image\":{\"@id\":\"https:\\\/\\\/glassingmonkey.com\\\/es\\\/#\\\/schema\\\/logo\\\/image\\\/\"},\"sameAs\":[\"https:\\\/\\\/www.instagram.com\\\/glassingmonkey\\\/\"]}]}<\/script>\n<!-- \/ Yoast SEO plugin. -->","yoast_head_json":{"title":"Bamba Handyman - Ride Your Life | Glassing Monkey","description":"La Bamba Handyman es tu tabla de confianza para cualquier condici\u00f3n. Vers\u00e1til, fiable y dise\u00f1ada para el m\u00e1ximo rendimiento. C\u00f3mprala hoy en Glassing Monkey","robots":{"index":"index","follow":"follow","max-snippet":"max-snippet:-1","max-image-preview":"max-image-preview:large","max-video-preview":"max-video-preview:-1"},"canonical":"https:\/\/glassingmonkey.com\/es\/product\/bamba-handyman\/","og_locale":"es_ES","og_type":"article","og_title":"Bamba Handyman - Ride Your Life | Glassing Monkey","og_description":"La Bamba Handyman es tu tabla de confianza para cualquier condici\u00f3n. Vers\u00e1til, fiable y dise\u00f1ada para el m\u00e1ximo rendimiento. C\u00f3mprala hoy en Glassing Monkey","og_url":"https:\/\/glassingmonkey.com\/es\/product\/bamba-handyman\/","og_site_name":"Ride your life","article_modified_time":"2026-04-26T18:38:18+00:00","og_image":[{"width":650,"height":850,"url":"https:\/\/glassingmonkey.com\/wp-content\/uploads\/2025\/05\/handyman.jpg","type":"image\/jpeg"}],"twitter_card":"summary_large_image","twitter_misc":{"Tiempo de lectura":"2 minutos"},"schema":{"@context":"https:\/\/schema.org","@graph":[{"@type":"WebPage","@id":"https:\/\/glassingmonkey.com\/es\/product\/bamba-handyman\/","url":"https:\/\/glassingmonkey.com\/es\/product\/bamba-handyman\/","name":"Bamba Handyman - Ride Your Life | Glassing Monkey","isPartOf":{"@id":"https:\/\/glassingmonkey.com\/es\/#website"},"primaryImageOfPage":{"@id":"https:\/\/glassingmonkey.com\/es\/product\/bamba-handyman\/#primaryimage"},"image":{"@id":"https:\/\/glassingmonkey.com\/es\/product\/bamba-handyman\/#primaryimage"},"thumbnailUrl":"https:\/\/glassingmonkey.com\/wp-content\/uploads\/2025\/05\/handyman.jpg","datePublished":"2025-05-28T10:01:37+00:00","dateModified":"2026-04-26T18:38:18+00:00","description":"La Bamba Handyman es tu tabla de confianza para cualquier condici\u00f3n. Vers\u00e1til, fiable y dise\u00f1ada para el m\u00e1ximo rendimiento. C\u00f3mprala hoy en Glassing Monkey","breadcrumb":{"@id":"https:\/\/glassingmonkey.com\/es\/product\/bamba-handyman\/#breadcrumb"},"inLanguage":"es","potentialAction":[{"@type":"ReadAction","target":["https:\/\/glassingmonkey.com\/es\/product\/bamba-handyman\/"]}]},{"@type":"ImageObject","inLanguage":"es","@id":"https:\/\/glassingmonkey.com\/es\/product\/bamba-handyman\/#primaryimage","url":"https:\/\/glassingmonkey.com\/wp-content\/uploads\/2025\/05\/handyman.jpg","contentUrl":"https:\/\/glassingmonkey.com\/wp-content\/uploads\/2025\/05\/handyman.jpg","width":650,"height":850,"caption":"Bamba Handyman"},{"@type":"BreadcrumbList","@id":"https:\/\/glassingmonkey.com\/es\/product\/bamba-handyman\/#breadcrumb","itemListElement":[{"@type":"ListItem","position":1,"name":"Home","item":"https:\/\/glassingmonkey.com\/es\/"},{"@type":"ListItem","position":2,"name":"Tienda","item":"https:\/\/glassingmonkey.com\/es\/tienda\/"},{"@type":"ListItem","position":3,"name":"Bamba Handyman"}]},{"@type":"WebSite","@id":"https:\/\/glassingmonkey.com\/es\/#website","url":"https:\/\/glassingmonkey.com\/es\/","name":"Glassing Monkey","description":"RIDE YOUR LIFE","publisher":{"@id":"https:\/\/glassingmonkey.com\/es\/#organization"},"potentialAction":[{"@type":"SearchAction","target":{"@type":"EntryPoint","urlTemplate":"https:\/\/glassingmonkey.com\/es\/?s={search_term_string}"},"query-input":{"@type":"PropertyValueSpecification","valueRequired":true,"valueName":"search_term_string"}}],"inLanguage":"es"},{"@type":"Organization","@id":"https:\/\/glassingmonkey.com\/es\/#organization","name":"Glassing Monkey","url":"https:\/\/glassingmonkey.com\/es\/","logo":{"@type":"ImageObject","inLanguage":"es","@id":"https:\/\/glassingmonkey.com\/es\/#\/schema\/logo\/image\/","url":"https:\/\/glassingmonkey.com\/wp-content\/uploads\/2025\/06\/Glassing-monkey-surf-factory-surf-shop.webp","contentUrl":"https:\/\/glassingmonkey.com\/wp-content\/uploads\/2025\/06\/Glassing-monkey-surf-factory-surf-shop.webp","width":786,"height":530,"caption":"Glassing Monkey"},"image":{"@id":"https:\/\/glassingmonkey.com\/es\/#\/schema\/logo\/image\/"},"sameAs":["https:\/\/www.instagram.com\/glassingmonkey\/"]}]}},"_links":{"self":[{"href":"https:\/\/glassingmonkey.com\/es\/wp-json\/wp\/v2\/product\/26698","targetHints":{"allow":["GET"]}}],"collection":[{"href":"https:\/\/glassingmonkey.com\/es\/wp-json\/wp\/v2\/product"}],"about":[{"href":"https:\/\/glassingmonkey.com\/es\/wp-json\/wp\/v2\/types\/product"}],"replies":[{"embeddable":true,"href":"https:\/\/glassingmonkey.com\/es\/wp-json\/wp\/v2\/comments?post=26698"}],"wp:featuredmedia":[{"embeddable":true,"href":"https:\/\/glassingmonkey.com\/es\/wp-json\/wp\/v2\/media\/25732"}],"wp:attachment":[{"href":"https:\/\/glassingmonkey.com\/es\/wp-json\/wp\/v2\/media?parent=26698"}],"wp:term":[{"taxonomy":"product_brand","embeddable":true,"href":"https:\/\/glassingmonkey.com\/es\/wp-json\/wp\/v2\/product_brand?post=26698"},{"taxonomy":"product_cat","embeddable":true,"href":"https:\/\/glassingmonkey.com\/es\/wp-json\/wp\/v2\/product_cat?post=26698"},{"taxonomy":"product_tag","embeddable":true,"href":"https:\/\/glassingmonkey.com\/es\/wp-json\/wp\/v2\/product_tag?post=26698"}],"curies":[{"name":"wp","href":"https:\/\/api.w.org\/{rel}","templated":true}]}}