{"id":26724,"date":"2025-05-28T12:03:54","date_gmt":"2025-05-28T10:03:54","guid":{"rendered":"https:\/\/glassingmonkey.com\/product\/bamba-speedy-single\/"},"modified":"2026-04-26T14:54:14","modified_gmt":"2026-04-26T12:54:14","slug":"bamba-speedy-single","status":"publish","type":"product","link":"https:\/\/glassingmonkey.com\/es\/product\/bamba-speedy-single\/","title":{"rendered":"Bamba Speedy Single"},"content":{"rendered":"<h1 class=\"otQkpb\" role=\"heading\" aria-level=\"3\" data-sfc-root=\"c\" data-processed=\"true\" data-complete=\"true\">Bamba Speedy Single: L\u00edneas cl\u00e1sicas con un toque moderno<button class=\"rBl3me\" tabindex=\"0\" data-amic=\"true\" data-icl-uuid=\"45568137-e39b-47d0-a0ff-79ab8b956ce3\" aria-label=\"View related links\" data-wiz-attrbind=\"disabled=In4jGd_p\/C5gNJc;aria-label=In4jGd_p\/bOjMyf;class=In4jGd_p\/UpSNec\" data-ved=\"2ahUKEwiOl7mAx4uUAxVRpCcCHU0xJHsQye0OegYIAQgDEAA\" data-hveid=\"CAEIAxAA\"><\/button><\/h1>\n<div class=\"n6owBd awi2gc\" data-sfc-cp=\"\" data-sfc-root=\"c\" data-sfc-cb=\"\" data-hveid=\"CAEIBBAA\" data-processed=\"true\" data-complete=\"true\">La Bamba Speedy Single representa una adici\u00f3n necesaria para cualquier quiver de surf completo. Para empezar, una sola quilla expande tus par\u00e1metros de navegaci\u00f3n y te permite trazar l\u00edneas \u00fanicas en la pared de la ola. Esta tabla ofrece un estilo tradicional aut\u00e9ntico e incorpora varios ajustes modernos y funcionales para el surfista contempor\u00e1neo. Hemos combinado el atractivo retro con caracter\u00edsticas de alto rendimiento para crear una tabla verdaderamente vers\u00e1til. Por lo tanto, la Speedy Single destaca como la elecci\u00f3n perfecta para quienes aprecian el surf con alma sin comprometer la velocidad.<button class=\"rBl3me\" tabindex=\"0\" data-amic=\"true\" data-icl-uuid=\"1c449ef4-794f-40a0-833a-06fe42495186\" aria-label=\"View related links\" data-wiz-attrbind=\"disabled=In4jGd_t\/C5gNJc;aria-label=In4jGd_t\/bOjMyf;class=In4jGd_t\/UpSNec\" data-ved=\"2ahUKEwiOl7mAx4uUAxVRpCcCHU0xJHsQye0OegYIAQgEEAE\" data-hveid=\"CAEIBBAB\"><\/button><\/div>\n<div class=\"Fsg96\" data-sfc-cp=\"\" data-sfc-root=\"c\" data-sfc-cb=\"\" data-complete=\"true\" data-processed=\"true\"><\/div>\n<h2 class=\"otQkpb\" role=\"heading\" aria-level=\"3\" data-sfc-root=\"c\" data-complete=\"true\" data-processed=\"true\">Dise\u00f1o innovador y contornos modernizados<button class=\"rBl3me\" tabindex=\"0\" data-amic=\"true\" data-icl-uuid=\"0cd1cf58-086e-4219-83e0-762e335c0810\" aria-label=\"View related links\" data-wiz-attrbind=\"disabled=In4jGd_y\/C5gNJc;aria-label=In4jGd_y\/bOjMyf;class=In4jGd_y\/UpSNec\" data-ved=\"2ahUKEwiOl7mAx4uUAxVRpCcCHU0xJHsQye0OegYIAQgFEAA\" data-hveid=\"CAEIBRAA\"><\/button><\/h2>\n<div class=\"n6owBd awi2gc\" data-sfc-cp=\"\" data-sfc-root=\"c\" data-sfc-cb=\"\" data-hveid=\"CAEIBhAA\" data-complete=\"true\" data-processed=\"true\">Respecto a su forma t\u00e9cnica, la tabla presenta un canto m\u00e1s bajo y refinado en comparaci\u00f3n con los dise\u00f1os tradicionales. Primero, a\u00f1adimos un borde duro en la cola para asegurar una mejor salida y mayor velocidad en tus giros. Adicionalmente, los contornos modernizados del bottom proporcionan una transici\u00f3n m\u00e1s suave durante tus maniobras. Consecuentemente, la tabla se siente mucho m\u00e1s reactiva y \u00e1gil que una forma retro est\u00e1ndar. Como resultado, puedes llevar tu surf a secciones m\u00e1s cr\u00edticas mientras mantienes ese flujo ic\u00f3nico de las tablas <em class=\"eujQNb\" data-sfc-root=\"c\" data-sfc-cb=\"\" data-complete=\"true\" data-processed=\"true\">single-fin<\/em>.<button class=\"rBl3me\" tabindex=\"0\" data-amic=\"true\" data-icl-uuid=\"aa0a0f35-3af6-4f3f-bba0-1708bd98adf2\" aria-label=\"View related links\" data-wiz-attrbind=\"disabled=In4jGd_13\/C5gNJc;aria-label=In4jGd_13\/bOjMyf;class=In4jGd_13\/UpSNec\" data-ved=\"2ahUKEwiOl7mAx4uUAxVRpCcCHU0xJHsQye0OegYIAQgGEAE\" data-hveid=\"CAEIBhAB\"><\/button><\/div>\n<div class=\"n6owBd awi2gc\" data-sfc-cp=\"\" data-sfc-root=\"c\" data-sfc-cb=\"\" data-hveid=\"CAEIBxAA\" data-complete=\"true\" data-processed=\"true\">Del mismo modo, el dise\u00f1o incluye una nariz ancha m\u00e1s centrada para mejorar la estabilidad y la eficiencia de remada. Esta caracter\u00edstica te ayuda a coger las olas antes y con un esfuerzo significativamente menor. Por otro lado, la nariz puntiaguda y el <em class=\"eujQNb\" data-sfc-root=\"c\" data-sfc-cb=\"\" data-complete=\"true\" data-processed=\"true\">foil<\/em>cl\u00e1sico mantienen la est\u00e9tica atemporal de la tabla. Esta armon\u00eda t\u00e9cnica asegura que la tabla rinda excepcionalmente bien en <em class=\"eujQNb\" data-sfc-root=\"c\" data-sfc-cb=\"\" data-complete=\"true\" data-processed=\"true\">beach breaks<\/em> con volumen. Asimismo, gestiona con absoluta confianza la secci\u00f3n hueca ocasional o los rompientes de punta.<button class=\"rBl3me\" tabindex=\"0\" data-amic=\"true\" data-icl-uuid=\"88366256-2212-4d8c-b83a-47c8a53ecc03\" aria-label=\"View related links\" data-wiz-attrbind=\"disabled=In4jGd_19\/C5gNJc;aria-label=In4jGd_19\/bOjMyf;class=In4jGd_19\/UpSNec\" data-ved=\"2ahUKEwiOl7mAx4uUAxVRpCcCHU0xJHsQye0OegYIAQgHEAE\" data-hveid=\"CAEIBxAB\"><\/button><\/div>\n<div class=\"Fsg96\" data-sfc-cp=\"\" data-sfc-root=\"c\" data-sfc-cb=\"\" data-complete=\"true\" data-processed=\"true\"><\/div>\n<h2 class=\"otQkpb\" role=\"heading\" aria-level=\"3\" data-sfc-root=\"c\" data-processed=\"true\" data-complete=\"true\">Bamba Speedy Single, dimensiones y volumen para un rendimiento m\u00e1ximo<button class=\"rBl3me\" tabindex=\"0\" data-amic=\"true\" data-icl-uuid=\"3afe8ab6-50b1-4d48-aa18-f5a4a1332a4e\" aria-label=\"View related links\" data-wiz-attrbind=\"disabled=In4jGd_1e\/C5gNJc;aria-label=In4jGd_1e\/bOjMyf;class=In4jGd_1e\/UpSNec\" data-ved=\"2ahUKEwiOl7mAx4uUAxVRpCcCHU0xJHsQye0OegYIAQgIEAA\" data-hveid=\"CAEICBAA\"><\/button><\/h2>\n<div class=\"n6owBd awi2gc\" data-sfc-cp=\"\" data-sfc-root=\"c\" data-sfc-cb=\"\" data-hveid=\"CAEICRAA\" data-complete=\"true\" data-processed=\"true\" aria-owns=\"action-menu-parent-container\">En t\u00e9rminos de dimensiones, este modelo posee una cantidad generosa de volumen para ayudar a tu rendimiento general. Por ejemplo, puedes encargar el mismo tama\u00f1o que tu shortboard est\u00e1ndar para obtener potencia extra en olas peque\u00f1as. Alternativamente, muchos surfistas eligen una talla dos o tres pulgadas m\u00e1s corta para un uso diario. Esta flexibilidad te permite personalizar la tabla seg\u00fan tus necesidades espec\u00edficas. En conclusi\u00f3n, la Bamba Speedy Single ofrece la soluci\u00f3n definitiva para los surfistas que buscan diversificar su estilo. Finalmente, elegir este modelo significa abrazar un dise\u00f1o que honra el pasado mientras mira hacia el futuro.<\/div>\n","protected":false},"excerpt":{"rendered":"<p>Una adici\u00f3n necesaria en cualquier quiver\u2026 una single fin ampl\u00eda tus posibilidades en el surf y te permite dibujar l\u00edneas cl\u00e1sicas y \u00fanicas.<\/p>\n","protected":false},"featured_media":25764,"comment_status":"closed","ping_status":"closed","template":"","meta":{"site-sidebar-layout":"default","site-content-layout":"","ast-site-content-layout":"default","site-content-style":"default","site-sidebar-style":"default","ast-global-header-display":"","ast-banner-title-visibility":"","ast-main-header-display":"","ast-hfb-above-header-display":"","ast-hfb-below-header-display":"","ast-hfb-mobile-header-display":"","site-post-title":"","ast-breadcrumbs-content":"","ast-featured-img":"","footer-sml-layout":"","ast-disable-related-posts":"","theme-transparent-header-meta":"default","adv-header-id-meta":"","stick-header-meta":"","header-above-stick-meta":"","header-main-stick-meta":"","header-below-stick-meta":"","astra-migrate-meta-layouts":"set","ast-page-background-enabled":"default","ast-page-background-meta":{"desktop":{"background-color":"var(--ast-global-color-5)","background-image":"","background-repeat":"repeat","background-position":"center center","background-size":"auto","background-attachment":"scroll","background-type":"","background-media":"","overlay-type":"","overlay-color":"","overlay-opacity":"","overlay-gradient":""},"tablet":{"background-color":"","background-image":"","background-repeat":"repeat","background-position":"center center","background-size":"auto","background-attachment":"scroll","background-type":"","background-media":"","overlay-type":"","overlay-color":"","overlay-opacity":"","overlay-gradient":""},"mobile":{"background-color":"","background-image":"","background-repeat":"repeat","background-position":"center center","background-size":"auto","background-attachment":"scroll","background-type":"","background-media":"","overlay-type":"","overlay-color":"","overlay-opacity":"","overlay-gradient":""}},"ast-content-background-meta":{"desktop":{"background-color":"var(--ast-global-color-4)","background-image":"","background-repeat":"repeat","background-position":"center center","background-size":"auto","background-attachment":"scroll","background-type":"","background-media":"","overlay-type":"","overlay-color":"","overlay-opacity":"","overlay-gradient":""},"tablet":{"background-color":"var(--ast-global-color-4)","background-image":"","background-repeat":"repeat","background-position":"center center","background-size":"auto","background-attachment":"scroll","background-type":"","background-media":"","overlay-type":"","overlay-color":"","overlay-opacity":"","overlay-gradient":""},"mobile":{"background-color":"var(--ast-global-color-4)","background-image":"","background-repeat":"repeat","background-position":"center center","background-size":"auto","background-attachment":"scroll","background-type":"","background-media":"","overlay-type":"","overlay-color":"","overlay-opacity":"","overlay-gradient":""}}},"product_brand":[1260],"product_cat":[1374,1196],"product_tag":[1308,1375],"class_list":{"0":"post-26724","1":"product","2":"type-product","3":"status-publish","4":"has-post-thumbnail","6":"product_brand-bamba-surfboards","7":"product_cat-single","8":"product_cat-tablas-de-surf-es","9":"product_tag-all-round","10":"product_tag-single","11":"pa_model-speddy-single","12":"pa_thickness-2-1-2-es-2","13":"pa_thickness-2-11-16","14":"pa_thickness-2-3-4","15":"pa_thickness-2-5-8","16":"pa_thickness-2-7-16-es-2","17":"pa_thickness-2-9-16","18":"pa_width-19-1-2","19":"pa_width-19-3-4","20":"pa_width-20-1-2-es-2","21":"pa_width-20-1-4-es-2","22":"pa_width-20-3-4-es-2","23":"pa_width-1305","24":"desktop-align-left","25":"tablet-align-left","26":"mobile-align-left","28":"first","29":"onbackorder","30":"sale","31":"shipping-taxable","32":"purchasable","33":"product-type-variable"},"yoast_head":"<!-- This site is optimized with the Yoast SEO plugin v27.4 - https:\/\/yoast.com\/product\/yoast-seo-wordpress\/ -->\n<title>Bamba Speedy Single - Ride Your Life | Glassing Monkey<\/title>\n<meta name=\"description\" content=\"M\u00e1xima velocidad con la tabla Bamba Speedy Single. Un dise\u00f1o de alto rendimiento creado para el giro perfecto. C\u00f3mprala en Glassing Monkey Surf Factory.\" \/>\n<meta name=\"robots\" content=\"index, follow, max-snippet:-1, max-image-preview:large, max-video-preview:-1\" \/>\n<link rel=\"canonical\" href=\"https:\/\/glassingmonkey.com\/es\/product\/bamba-speedy-single\/\" \/>\n<meta property=\"og:locale\" content=\"es_ES\" \/>\n<meta property=\"og:type\" content=\"article\" \/>\n<meta property=\"og:title\" content=\"Bamba Speedy Single - Ride Your Life | Glassing Monkey\" \/>\n<meta property=\"og:description\" content=\"M\u00e1xima velocidad con la tabla Bamba Speedy Single. Un dise\u00f1o de alto rendimiento creado para el giro perfecto. C\u00f3mprala en Glassing Monkey Surf Factory.\" \/>\n<meta property=\"og:url\" content=\"https:\/\/glassingmonkey.com\/es\/product\/bamba-speedy-single\/\" \/>\n<meta property=\"og:site_name\" content=\"Ride your life\" \/>\n<meta property=\"article:modified_time\" content=\"2026-04-26T12:54:14+00:00\" \/>\n<meta property=\"og:image\" content=\"https:\/\/glassingmonkey.com\/wp-content\/uploads\/2025\/05\/Frame-41.jpg\" \/>\n\t<meta property=\"og:image:width\" content=\"650\" \/>\n\t<meta property=\"og:image:height\" content=\"850\" \/>\n\t<meta property=\"og:image:type\" content=\"image\/jpeg\" \/>\n<meta name=\"twitter:card\" content=\"summary_large_image\" \/>\n<meta name=\"twitter:label1\" content=\"Tiempo de lectura\" \/>\n\t<meta name=\"twitter:data1\" content=\"2 minutos\" \/>\n<script type=\"application\/ld+json\" class=\"yoast-schema-graph\">{\"@context\":\"https:\\\/\\\/schema.org\",\"@graph\":[{\"@type\":\"WebPage\",\"@id\":\"https:\\\/\\\/glassingmonkey.com\\\/es\\\/product\\\/bamba-speedy-single\\\/\",\"url\":\"https:\\\/\\\/glassingmonkey.com\\\/es\\\/product\\\/bamba-speedy-single\\\/\",\"name\":\"Bamba Speedy Single - Ride Your Life | Glassing Monkey\",\"isPartOf\":{\"@id\":\"https:\\\/\\\/glassingmonkey.com\\\/es\\\/#website\"},\"primaryImageOfPage\":{\"@id\":\"https:\\\/\\\/glassingmonkey.com\\\/es\\\/product\\\/bamba-speedy-single\\\/#primaryimage\"},\"image\":{\"@id\":\"https:\\\/\\\/glassingmonkey.com\\\/es\\\/product\\\/bamba-speedy-single\\\/#primaryimage\"},\"thumbnailUrl\":\"https:\\\/\\\/glassingmonkey.com\\\/wp-content\\\/uploads\\\/2025\\\/05\\\/Frame-41.jpg\",\"datePublished\":\"2025-05-28T10:03:54+00:00\",\"dateModified\":\"2026-04-26T12:54:14+00:00\",\"description\":\"M\u00e1xima velocidad con la tabla Bamba Speedy Single. Un dise\u00f1o de alto rendimiento creado para el giro perfecto. C\u00f3mprala en Glassing Monkey Surf Factory.\",\"breadcrumb\":{\"@id\":\"https:\\\/\\\/glassingmonkey.com\\\/es\\\/product\\\/bamba-speedy-single\\\/#breadcrumb\"},\"inLanguage\":\"es\",\"potentialAction\":[{\"@type\":\"ReadAction\",\"target\":[\"https:\\\/\\\/glassingmonkey.com\\\/es\\\/product\\\/bamba-speedy-single\\\/\"]}]},{\"@type\":\"ImageObject\",\"inLanguage\":\"es\",\"@id\":\"https:\\\/\\\/glassingmonkey.com\\\/es\\\/product\\\/bamba-speedy-single\\\/#primaryimage\",\"url\":\"https:\\\/\\\/glassingmonkey.com\\\/wp-content\\\/uploads\\\/2025\\\/05\\\/Frame-41.jpg\",\"contentUrl\":\"https:\\\/\\\/glassingmonkey.com\\\/wp-content\\\/uploads\\\/2025\\\/05\\\/Frame-41.jpg\",\"width\":650,\"height\":850,\"caption\":\"bamba speedy single\"},{\"@type\":\"BreadcrumbList\",\"@id\":\"https:\\\/\\\/glassingmonkey.com\\\/es\\\/product\\\/bamba-speedy-single\\\/#breadcrumb\",\"itemListElement\":[{\"@type\":\"ListItem\",\"position\":1,\"name\":\"Home\",\"item\":\"https:\\\/\\\/glassingmonkey.com\\\/es\\\/\"},{\"@type\":\"ListItem\",\"position\":2,\"name\":\"Tienda\",\"item\":\"https:\\\/\\\/glassingmonkey.com\\\/es\\\/tienda\\\/\"},{\"@type\":\"ListItem\",\"position\":3,\"name\":\"Bamba Speedy Single\"}]},{\"@type\":\"WebSite\",\"@id\":\"https:\\\/\\\/glassingmonkey.com\\\/es\\\/#website\",\"url\":\"https:\\\/\\\/glassingmonkey.com\\\/es\\\/\",\"name\":\"Glassing Monkey\",\"description\":\"RIDE YOUR LIFE\",\"publisher\":{\"@id\":\"https:\\\/\\\/glassingmonkey.com\\\/es\\\/#organization\"},\"potentialAction\":[{\"@type\":\"SearchAction\",\"target\":{\"@type\":\"EntryPoint\",\"urlTemplate\":\"https:\\\/\\\/glassingmonkey.com\\\/es\\\/?s={search_term_string}\"},\"query-input\":{\"@type\":\"PropertyValueSpecification\",\"valueRequired\":true,\"valueName\":\"search_term_string\"}}],\"inLanguage\":\"es\"},{\"@type\":\"Organization\",\"@id\":\"https:\\\/\\\/glassingmonkey.com\\\/es\\\/#organization\",\"name\":\"Glassing Monkey\",\"url\":\"https:\\\/\\\/glassingmonkey.com\\\/es\\\/\",\"logo\":{\"@type\":\"ImageObject\",\"inLanguage\":\"es\",\"@id\":\"https:\\\/\\\/glassingmonkey.com\\\/es\\\/#\\\/schema\\\/logo\\\/image\\\/\",\"url\":\"https:\\\/\\\/glassingmonkey.com\\\/wp-content\\\/uploads\\\/2025\\\/06\\\/Glassing-monkey-surf-factory-surf-shop.webp\",\"contentUrl\":\"https:\\\/\\\/glassingmonkey.com\\\/wp-content\\\/uploads\\\/2025\\\/06\\\/Glassing-monkey-surf-factory-surf-shop.webp\",\"width\":786,\"height\":530,\"caption\":\"Glassing Monkey\"},\"image\":{\"@id\":\"https:\\\/\\\/glassingmonkey.com\\\/es\\\/#\\\/schema\\\/logo\\\/image\\\/\"},\"sameAs\":[\"https:\\\/\\\/www.instagram.com\\\/glassingmonkey\\\/\"]}]}<\/script>\n<!-- \/ Yoast SEO plugin. -->","yoast_head_json":{"title":"Bamba Speedy Single - Ride Your Life | Glassing Monkey","description":"M\u00e1xima velocidad con la tabla Bamba Speedy Single. Un dise\u00f1o de alto rendimiento creado para el giro perfecto. C\u00f3mprala en Glassing Monkey Surf Factory.","robots":{"index":"index","follow":"follow","max-snippet":"max-snippet:-1","max-image-preview":"max-image-preview:large","max-video-preview":"max-video-preview:-1"},"canonical":"https:\/\/glassingmonkey.com\/es\/product\/bamba-speedy-single\/","og_locale":"es_ES","og_type":"article","og_title":"Bamba Speedy Single - Ride Your Life | Glassing Monkey","og_description":"M\u00e1xima velocidad con la tabla Bamba Speedy Single. Un dise\u00f1o de alto rendimiento creado para el giro perfecto. C\u00f3mprala en Glassing Monkey Surf Factory.","og_url":"https:\/\/glassingmonkey.com\/es\/product\/bamba-speedy-single\/","og_site_name":"Ride your life","article_modified_time":"2026-04-26T12:54:14+00:00","og_image":[{"width":650,"height":850,"url":"https:\/\/glassingmonkey.com\/wp-content\/uploads\/2025\/05\/Frame-41.jpg","type":"image\/jpeg"}],"twitter_card":"summary_large_image","twitter_misc":{"Tiempo de lectura":"2 minutos"},"schema":{"@context":"https:\/\/schema.org","@graph":[{"@type":"WebPage","@id":"https:\/\/glassingmonkey.com\/es\/product\/bamba-speedy-single\/","url":"https:\/\/glassingmonkey.com\/es\/product\/bamba-speedy-single\/","name":"Bamba Speedy Single - Ride Your Life | Glassing Monkey","isPartOf":{"@id":"https:\/\/glassingmonkey.com\/es\/#website"},"primaryImageOfPage":{"@id":"https:\/\/glassingmonkey.com\/es\/product\/bamba-speedy-single\/#primaryimage"},"image":{"@id":"https:\/\/glassingmonkey.com\/es\/product\/bamba-speedy-single\/#primaryimage"},"thumbnailUrl":"https:\/\/glassingmonkey.com\/wp-content\/uploads\/2025\/05\/Frame-41.jpg","datePublished":"2025-05-28T10:03:54+00:00","dateModified":"2026-04-26T12:54:14+00:00","description":"M\u00e1xima velocidad con la tabla Bamba Speedy Single. Un dise\u00f1o de alto rendimiento creado para el giro perfecto. C\u00f3mprala en Glassing Monkey Surf Factory.","breadcrumb":{"@id":"https:\/\/glassingmonkey.com\/es\/product\/bamba-speedy-single\/#breadcrumb"},"inLanguage":"es","potentialAction":[{"@type":"ReadAction","target":["https:\/\/glassingmonkey.com\/es\/product\/bamba-speedy-single\/"]}]},{"@type":"ImageObject","inLanguage":"es","@id":"https:\/\/glassingmonkey.com\/es\/product\/bamba-speedy-single\/#primaryimage","url":"https:\/\/glassingmonkey.com\/wp-content\/uploads\/2025\/05\/Frame-41.jpg","contentUrl":"https:\/\/glassingmonkey.com\/wp-content\/uploads\/2025\/05\/Frame-41.jpg","width":650,"height":850,"caption":"bamba speedy single"},{"@type":"BreadcrumbList","@id":"https:\/\/glassingmonkey.com\/es\/product\/bamba-speedy-single\/#breadcrumb","itemListElement":[{"@type":"ListItem","position":1,"name":"Home","item":"https:\/\/glassingmonkey.com\/es\/"},{"@type":"ListItem","position":2,"name":"Tienda","item":"https:\/\/glassingmonkey.com\/es\/tienda\/"},{"@type":"ListItem","position":3,"name":"Bamba Speedy Single"}]},{"@type":"WebSite","@id":"https:\/\/glassingmonkey.com\/es\/#website","url":"https:\/\/glassingmonkey.com\/es\/","name":"Glassing Monkey","description":"RIDE YOUR LIFE","publisher":{"@id":"https:\/\/glassingmonkey.com\/es\/#organization"},"potentialAction":[{"@type":"SearchAction","target":{"@type":"EntryPoint","urlTemplate":"https:\/\/glassingmonkey.com\/es\/?s={search_term_string}"},"query-input":{"@type":"PropertyValueSpecification","valueRequired":true,"valueName":"search_term_string"}}],"inLanguage":"es"},{"@type":"Organization","@id":"https:\/\/glassingmonkey.com\/es\/#organization","name":"Glassing Monkey","url":"https:\/\/glassingmonkey.com\/es\/","logo":{"@type":"ImageObject","inLanguage":"es","@id":"https:\/\/glassingmonkey.com\/es\/#\/schema\/logo\/image\/","url":"https:\/\/glassingmonkey.com\/wp-content\/uploads\/2025\/06\/Glassing-monkey-surf-factory-surf-shop.webp","contentUrl":"https:\/\/glassingmonkey.com\/wp-content\/uploads\/2025\/06\/Glassing-monkey-surf-factory-surf-shop.webp","width":786,"height":530,"caption":"Glassing Monkey"},"image":{"@id":"https:\/\/glassingmonkey.com\/es\/#\/schema\/logo\/image\/"},"sameAs":["https:\/\/www.instagram.com\/glassingmonkey\/"]}]}},"_links":{"self":[{"href":"https:\/\/glassingmonkey.com\/es\/wp-json\/wp\/v2\/product\/26724","targetHints":{"allow":["GET"]}}],"collection":[{"href":"https:\/\/glassingmonkey.com\/es\/wp-json\/wp\/v2\/product"}],"about":[{"href":"https:\/\/glassingmonkey.com\/es\/wp-json\/wp\/v2\/types\/product"}],"replies":[{"embeddable":true,"href":"https:\/\/glassingmonkey.com\/es\/wp-json\/wp\/v2\/comments?post=26724"}],"wp:featuredmedia":[{"embeddable":true,"href":"https:\/\/glassingmonkey.com\/es\/wp-json\/wp\/v2\/media\/25764"}],"wp:attachment":[{"href":"https:\/\/glassingmonkey.com\/es\/wp-json\/wp\/v2\/media?parent=26724"}],"wp:term":[{"taxonomy":"product_brand","embeddable":true,"href":"https:\/\/glassingmonkey.com\/es\/wp-json\/wp\/v2\/product_brand?post=26724"},{"taxonomy":"product_cat","embeddable":true,"href":"https:\/\/glassingmonkey.com\/es\/wp-json\/wp\/v2\/product_cat?post=26724"},{"taxonomy":"product_tag","embeddable":true,"href":"https:\/\/glassingmonkey.com\/es\/wp-json\/wp\/v2\/product_tag?post=26724"}],"curies":[{"name":"wp","href":"https:\/\/api.w.org\/{rel}","templated":true}]}}