{"id":26728,"date":"2025-05-28T12:03:22","date_gmt":"2025-05-28T10:03:22","guid":{"rendered":"https:\/\/glassingmonkey.com\/product\/bamba-twinster\/"},"modified":"2026-04-26T15:28:30","modified_gmt":"2026-04-26T13:28:30","slug":"bamba-twinster","status":"publish","type":"product","link":"https:\/\/glassingmonkey.com\/es\/product\/bamba-twinster\/","title":{"rendered":"Bamba Twinster"},"content":{"rendered":"<h1 class=\"otQkpb\" role=\"heading\" aria-level=\"3\" data-sfc-root=\"c\" data-processed=\"true\" data-complete=\"true\">Bamba Twinster: Velocidad y agilidad de alto rendimiento<button class=\"rBl3me\" tabindex=\"0\" data-amic=\"true\" data-icl-uuid=\"dc851cb3-e856-42fb-a8d3-666f98075aaf\" aria-label=\"View related links\" data-wiz-attrbind=\"disabled=E90Zvd_p\/C5gNJc;aria-label=E90Zvd_p\/bOjMyf;class=E90Zvd_p\/UpSNec\" data-ved=\"2ahUKEwinyLzHzouUAxUaVqQEHZIRJ2AQye0OegYIAQgDEAA\" data-hveid=\"CAEIAxAA\"><\/button><\/h1>\n<div class=\"n6owBd awi2gc\" data-sfc-cp=\"\" data-sfc-root=\"c\" data-sfc-cb=\"\" data-hveid=\"CAEIBBAA\" data-complete=\"true\" data-processed=\"true\">La Bamba Twinster destaca como una de las opciones de alto rendimiento m\u00e1s r\u00e1pidas y sueltas de nuestro cat\u00e1logo actual. Para empezar, dise\u00f1amos este <em class=\"eujQNb\" data-sfc-root=\"c\" data-sfc-cb=\"\" data-complete=\"true\" data-processed=\"true\">twin fin<\/em> modernizado para cumplir con las expectativas de un dise\u00f1o tradicional pero evolucionado. Este modelo ofrece posibilidades incre\u00edbles en diversas condiciones de surf, desde olas diminutas hasta paredes por encima de la cabeza. Adem\u00e1s, su configuraci\u00f3n t\u00e9cnica proporciona una aceleraci\u00f3n instant\u00e1nea y un arco de giro cerrado para maniobras precisas. Por lo tanto, la Twinster representa una elecci\u00f3n definitiva para los surfistas que desean que las olas flojas vuelvan a ser tentadoras.<button class=\"rBl3me\" tabindex=\"0\" data-amic=\"true\" data-icl-uuid=\"78472564-477f-40e1-9e21-6b63290b8889\" aria-label=\"View related links\" data-wiz-attrbind=\"disabled=E90Zvd_u\/C5gNJc;aria-label=E90Zvd_u\/bOjMyf;class=E90Zvd_u\/UpSNec\" data-ved=\"2ahUKEwinyLzHzouUAxUaVqQEHZIRJ2AQye0OegYIAQgEEAE\" data-hveid=\"CAEIBBAB\"><\/button><\/div>\n<h2 class=\"otQkpb\" role=\"heading\" aria-level=\"3\" data-sfc-root=\"c\" data-complete=\"true\" data-processed=\"true\">Dise\u00f1o modernizado y contorno reactivo<button class=\"rBl3me\" tabindex=\"0\" data-amic=\"true\" data-icl-uuid=\"0c6284c4-c058-44d1-9ef3-f8e533334280\" aria-label=\"View related links\" data-wiz-attrbind=\"disabled=E90Zvd_z\/C5gNJc;aria-label=E90Zvd_z\/bOjMyf;class=E90Zvd_z\/UpSNec\" data-ved=\"2ahUKEwinyLzHzouUAxUaVqQEHZIRJ2AQye0OegYIAQgFEAA\" data-hveid=\"CAEIBRAA\"><\/button><\/h2>\n<div class=\"n6owBd awi2gc\" data-sfc-cp=\"\" data-sfc-root=\"c\" data-sfc-cb=\"\" data-hveid=\"CAEIBhAA\" data-complete=\"true\" data-processed=\"true\">Respecto a su forma t\u00e9cnica, la tabla presenta un cuerpo pleno combinado con un <em class=\"eujQNb\" data-sfc-root=\"c\" data-sfc-cb=\"\" data-complete=\"true\" data-processed=\"true\">deck<\/em> razonablemente plano. Primero, el dise\u00f1o fluye hacia cantos cuadrados y rebajados que proporcionan una sensaci\u00f3n muy reactiva bajo los pies. Adicionalmente, incorporamos un sutil <em class=\"eujQNb\" data-sfc-root=\"c\" data-sfc-cb=\"\" data-complete=\"true\" data-processed=\"true\">winger<\/em> detr\u00e1s de las quillas para estrechar la cola de manera estrat\u00e9gica. Consecuentemente, esta cola estrecha te permite ejecutar giros de radio m\u00e1s corto sin perder el impulso en la pared. Como resultado, la Twinster se siente potente y \u00e1gil en cada secci\u00f3n de la ola.<button class=\"rBl3me\" tabindex=\"0\" data-amic=\"true\" data-icl-uuid=\"fcd0fafb-1248-4524-8ac4-2040313a9846\" aria-label=\"View related links\" data-wiz-attrbind=\"disabled=E90Zvd_15\/C5gNJc;aria-label=E90Zvd_15\/bOjMyf;class=E90Zvd_15\/UpSNec\" data-ved=\"2ahUKEwinyLzHzouUAxUaVqQEHZIRJ2AQye0OegYIAQgGEAE\" data-hveid=\"CAEIBhAB\"><\/button><\/div>\n<div class=\"n6owBd awi2gc\" data-sfc-cp=\"\" data-sfc-root=\"c\" data-sfc-cb=\"\" data-hveid=\"CAEIBxAA\" data-processed=\"true\" data-complete=\"true\">Del mismo modo, la punta puntiaguda y el volumen espec\u00edfico bajo el pie trasero ayudan significativamente a tu velocidad de remada. Esta caracter\u00edstica te facilita entrar en la ola antes y te posiciona perfectamente para un despegue r\u00e1pido. Por otro lado, los contornos modernizados del <em class=\"eujQNb\" data-sfc-root=\"c\" data-sfc-cb=\"\" data-complete=\"true\" data-processed=\"true\">bottom<\/em> aseguran que la tabla gestione las transiciones a alta velocidad con absoluta facilidad. Esta armon\u00eda t\u00e9cnica hace que la tabla se sienta incre\u00edblemente viva incluso en condiciones mediocres. Por esta raz\u00f3n, muchos surfistas experimentados conf\u00edan en la Twinster para maximizar la diversi\u00f3n y el rendimiento.<button class=\"rBl3me\" tabindex=\"0\" data-amic=\"true\" data-icl-uuid=\"70c1a843-c3df-42eb-a681-8a1310ba362a\" aria-label=\"View related links\" data-wiz-attrbind=\"disabled=E90Zvd_1a\/C5gNJc;aria-label=E90Zvd_1a\/bOjMyf;class=E90Zvd_1a\/UpSNec\" data-ved=\"2ahUKEwinyLzHzouUAxUaVqQEHZIRJ2AQye0OegYIAQgHEAE\" data-hveid=\"CAEIBxAB\"><\/button><\/div>\n<h2 class=\"otQkpb\" role=\"heading\" aria-level=\"3\" data-sfc-root=\"c\" data-processed=\"true\" data-complete=\"true\">Bamba Twinster, fluidez y control t\u00e9cnico<button class=\"rBl3me\" tabindex=\"0\" data-amic=\"true\" data-icl-uuid=\"925db8e6-3b23-4bb4-af94-5f063cf5e090\" aria-label=\"View related links\" data-wiz-attrbind=\"disabled=E90Zvd_1f\/C5gNJc;aria-label=E90Zvd_1f\/bOjMyf;class=E90Zvd_1f\/UpSNec\" data-ved=\"2ahUKEwinyLzHzouUAxUaVqQEHZIRJ2AQye0OegYIAQgIEAA\" data-hveid=\"CAEICBAA\"><\/button><\/h2>\n<div class=\"n6owBd awi2gc\" data-sfc-cp=\"\" data-sfc-root=\"c\" data-sfc-cb=\"\" data-hveid=\"CAEICRAA\" data-complete=\"true\" data-processed=\"true\" aria-owns=\"action-menu-parent-container\">En t\u00e9rminos de rendimiento, la Bamba Twinster ofrece una mezcla perfecta entre la velocidad cl\u00e1sica del <em class=\"eujQNb\" data-sfc-root=\"c\" data-sfc-cb=\"\" data-complete=\"true\" data-processed=\"true\">twin fin<\/em> y el control contempor\u00e1neo. Espec\u00edficamente, el perfil de canto refinado permite una penetraci\u00f3n inmediata en el agua durante tus carves. En conclusi\u00f3n, este modelo proporciona la soluci\u00f3n definitiva para quienes no quieren comprometer la maniobrabilidad. Finalmente, a\u00f1adir una Twinster a tu funda asegura que dominar\u00e1s cada sesi\u00f3n esta temporada.<\/div>\n","protected":false},"excerpt":{"rendered":"<p>Las Twin Fins son, sin duda, las tablas m\u00e1s r\u00e1pidas y sueltas, y la TWINSTER lo demuestra con creces.<\/p>\n","protected":false},"featured_media":25756,"comment_status":"closed","ping_status":"closed","template":"","meta":{"site-sidebar-layout":"default","site-content-layout":"","ast-site-content-layout":"default","site-content-style":"default","site-sidebar-style":"default","ast-global-header-display":"","ast-banner-title-visibility":"","ast-main-header-display":"","ast-hfb-above-header-display":"","ast-hfb-below-header-display":"","ast-hfb-mobile-header-display":"","site-post-title":"","ast-breadcrumbs-content":"","ast-featured-img":"","footer-sml-layout":"","ast-disable-related-posts":"","theme-transparent-header-meta":"default","adv-header-id-meta":"","stick-header-meta":"","header-above-stick-meta":"","header-main-stick-meta":"","header-below-stick-meta":"","astra-migrate-meta-layouts":"set","ast-page-background-enabled":"default","ast-page-background-meta":{"desktop":{"background-color":"var(--ast-global-color-5)","background-image":"","background-repeat":"repeat","background-position":"center center","background-size":"auto","background-attachment":"scroll","background-type":"","background-media":"","overlay-type":"","overlay-color":"","overlay-opacity":"","overlay-gradient":""},"tablet":{"background-color":"","background-image":"","background-repeat":"repeat","background-position":"center center","background-size":"auto","background-attachment":"scroll","background-type":"","background-media":"","overlay-type":"","overlay-color":"","overlay-opacity":"","overlay-gradient":""},"mobile":{"background-color":"","background-image":"","background-repeat":"repeat","background-position":"center center","background-size":"auto","background-attachment":"scroll","background-type":"","background-media":"","overlay-type":"","overlay-color":"","overlay-opacity":"","overlay-gradient":""}},"ast-content-background-meta":{"desktop":{"background-color":"var(--ast-global-color-4)","background-image":"","background-repeat":"repeat","background-position":"center center","background-size":"auto","background-attachment":"scroll","background-type":"","background-media":"","overlay-type":"","overlay-color":"","overlay-opacity":"","overlay-gradient":""},"tablet":{"background-color":"var(--ast-global-color-4)","background-image":"","background-repeat":"repeat","background-position":"center center","background-size":"auto","background-attachment":"scroll","background-type":"","background-media":"","overlay-type":"","overlay-color":"","overlay-opacity":"","overlay-gradient":""},"mobile":{"background-color":"var(--ast-global-color-4)","background-image":"","background-repeat":"repeat","background-position":"center center","background-size":"auto","background-attachment":"scroll","background-type":"","background-media":"","overlay-type":"","overlay-color":"","overlay-opacity":"","overlay-gradient":""}}},"product_brand":[1260],"product_cat":[1344,1196,1258],"product_tag":[1345,1220],"class_list":{"0":"post-26728","1":"product","2":"type-product","3":"status-publish","4":"has-post-thumbnail","6":"product_brand-bamba-surfboards","7":"product_cat-fish","8":"product_cat-tablas-de-surf-es","9":"product_cat-twin-fin","10":"product_tag-fish","11":"product_tag-twin-fin-es","12":"pa_model-twinster","13":"pa_thickness-2-1-2-es-2","14":"pa_thickness-2-1-4","15":"pa_thickness-2-3-8-es-2","16":"pa_thickness-2-5-16-es-2","17":"pa_thickness-2-5-8","18":"pa_thickness-2-7-16-es-2","19":"pa_thickness-2-9-16","20":"pa_width-18-3-4","21":"pa_width-19-1-2","22":"pa_width-19-1-4","23":"pa_width-19-3-4","24":"pa_width-1319","25":"pa_width-20-1-4-es-2","26":"pa_width-1305","27":"desktop-align-left","28":"tablet-align-left","29":"mobile-align-left","31":"first","32":"onbackorder","33":"sale","34":"shipping-taxable","35":"purchasable","36":"product-type-variable"},"yoast_head":"<!-- This site is optimized with the Yoast SEO plugin v27.4 - https:\/\/yoast.com\/product\/yoast-seo-wordpress\/ -->\n<title>Bamba Twinster | Twin Fin de Alto Rendimiento | Glassing Monkey<\/title>\n<meta name=\"description\" content=\"Experimenta m\u00e1xima velocidad y fluidez con la Bamba Twinster. La tabla twin fin definitiva para un rendimiento vers\u00e1til. C\u00f3mprala hoy en Glassing Monkey\" \/>\n<meta name=\"robots\" content=\"index, follow, max-snippet:-1, max-image-preview:large, max-video-preview:-1\" \/>\n<link rel=\"canonical\" href=\"https:\/\/glassingmonkey.com\/es\/product\/bamba-twinster\/\" \/>\n<meta property=\"og:locale\" content=\"es_ES\" \/>\n<meta property=\"og:type\" content=\"article\" \/>\n<meta property=\"og:title\" content=\"Bamba Twinster | Twin Fin de Alto Rendimiento | Glassing Monkey\" \/>\n<meta property=\"og:description\" content=\"Experimenta m\u00e1xima velocidad y fluidez con la Bamba Twinster. La tabla twin fin definitiva para un rendimiento vers\u00e1til. C\u00f3mprala hoy en Glassing Monkey\" \/>\n<meta property=\"og:url\" content=\"https:\/\/glassingmonkey.com\/es\/product\/bamba-twinster\/\" \/>\n<meta property=\"og:site_name\" content=\"Ride your life\" \/>\n<meta property=\"article:modified_time\" content=\"2026-04-26T13:28:30+00:00\" \/>\n<meta property=\"og:image\" content=\"https:\/\/glassingmonkey.com\/wp-content\/uploads\/2025\/05\/Frame-43.jpg\" \/>\n\t<meta property=\"og:image:width\" content=\"650\" \/>\n\t<meta property=\"og:image:height\" content=\"850\" \/>\n\t<meta property=\"og:image:type\" content=\"image\/jpeg\" \/>\n<meta name=\"twitter:card\" content=\"summary_large_image\" \/>\n<meta name=\"twitter:label1\" content=\"Tiempo de lectura\" \/>\n\t<meta name=\"twitter:data1\" content=\"2 minutos\" \/>\n<script type=\"application\/ld+json\" class=\"yoast-schema-graph\">{\"@context\":\"https:\\\/\\\/schema.org\",\"@graph\":[{\"@type\":\"WebPage\",\"@id\":\"https:\\\/\\\/glassingmonkey.com\\\/es\\\/product\\\/bamba-twinster\\\/\",\"url\":\"https:\\\/\\\/glassingmonkey.com\\\/es\\\/product\\\/bamba-twinster\\\/\",\"name\":\"Bamba Twinster | Twin Fin de Alto Rendimiento | Glassing Monkey\",\"isPartOf\":{\"@id\":\"https:\\\/\\\/glassingmonkey.com\\\/es\\\/#website\"},\"primaryImageOfPage\":{\"@id\":\"https:\\\/\\\/glassingmonkey.com\\\/es\\\/product\\\/bamba-twinster\\\/#primaryimage\"},\"image\":{\"@id\":\"https:\\\/\\\/glassingmonkey.com\\\/es\\\/product\\\/bamba-twinster\\\/#primaryimage\"},\"thumbnailUrl\":\"https:\\\/\\\/glassingmonkey.com\\\/wp-content\\\/uploads\\\/2025\\\/05\\\/Frame-43.jpg\",\"datePublished\":\"2025-05-28T10:03:22+00:00\",\"dateModified\":\"2026-04-26T13:28:30+00:00\",\"description\":\"Experimenta m\u00e1xima velocidad y fluidez con la Bamba Twinster. La tabla twin fin definitiva para un rendimiento vers\u00e1til. C\u00f3mprala hoy en Glassing Monkey\",\"breadcrumb\":{\"@id\":\"https:\\\/\\\/glassingmonkey.com\\\/es\\\/product\\\/bamba-twinster\\\/#breadcrumb\"},\"inLanguage\":\"es\",\"potentialAction\":[{\"@type\":\"ReadAction\",\"target\":[\"https:\\\/\\\/glassingmonkey.com\\\/es\\\/product\\\/bamba-twinster\\\/\"]}]},{\"@type\":\"ImageObject\",\"inLanguage\":\"es\",\"@id\":\"https:\\\/\\\/glassingmonkey.com\\\/es\\\/product\\\/bamba-twinster\\\/#primaryimage\",\"url\":\"https:\\\/\\\/glassingmonkey.com\\\/wp-content\\\/uploads\\\/2025\\\/05\\\/Frame-43.jpg\",\"contentUrl\":\"https:\\\/\\\/glassingmonkey.com\\\/wp-content\\\/uploads\\\/2025\\\/05\\\/Frame-43.jpg\",\"width\":650,\"height\":850,\"caption\":\"bamba twinster\"},{\"@type\":\"BreadcrumbList\",\"@id\":\"https:\\\/\\\/glassingmonkey.com\\\/es\\\/product\\\/bamba-twinster\\\/#breadcrumb\",\"itemListElement\":[{\"@type\":\"ListItem\",\"position\":1,\"name\":\"Home\",\"item\":\"https:\\\/\\\/glassingmonkey.com\\\/es\\\/\"},{\"@type\":\"ListItem\",\"position\":2,\"name\":\"Tienda\",\"item\":\"https:\\\/\\\/glassingmonkey.com\\\/es\\\/tienda\\\/\"},{\"@type\":\"ListItem\",\"position\":3,\"name\":\"Bamba Twinster\"}]},{\"@type\":\"WebSite\",\"@id\":\"https:\\\/\\\/glassingmonkey.com\\\/es\\\/#website\",\"url\":\"https:\\\/\\\/glassingmonkey.com\\\/es\\\/\",\"name\":\"Glassing Monkey\",\"description\":\"RIDE YOUR LIFE\",\"publisher\":{\"@id\":\"https:\\\/\\\/glassingmonkey.com\\\/es\\\/#organization\"},\"potentialAction\":[{\"@type\":\"SearchAction\",\"target\":{\"@type\":\"EntryPoint\",\"urlTemplate\":\"https:\\\/\\\/glassingmonkey.com\\\/es\\\/?s={search_term_string}\"},\"query-input\":{\"@type\":\"PropertyValueSpecification\",\"valueRequired\":true,\"valueName\":\"search_term_string\"}}],\"inLanguage\":\"es\"},{\"@type\":\"Organization\",\"@id\":\"https:\\\/\\\/glassingmonkey.com\\\/es\\\/#organization\",\"name\":\"Glassing Monkey\",\"url\":\"https:\\\/\\\/glassingmonkey.com\\\/es\\\/\",\"logo\":{\"@type\":\"ImageObject\",\"inLanguage\":\"es\",\"@id\":\"https:\\\/\\\/glassingmonkey.com\\\/es\\\/#\\\/schema\\\/logo\\\/image\\\/\",\"url\":\"https:\\\/\\\/glassingmonkey.com\\\/wp-content\\\/uploads\\\/2025\\\/06\\\/Glassing-monkey-surf-factory-surf-shop.webp\",\"contentUrl\":\"https:\\\/\\\/glassingmonkey.com\\\/wp-content\\\/uploads\\\/2025\\\/06\\\/Glassing-monkey-surf-factory-surf-shop.webp\",\"width\":786,\"height\":530,\"caption\":\"Glassing Monkey\"},\"image\":{\"@id\":\"https:\\\/\\\/glassingmonkey.com\\\/es\\\/#\\\/schema\\\/logo\\\/image\\\/\"},\"sameAs\":[\"https:\\\/\\\/www.instagram.com\\\/glassingmonkey\\\/\"]}]}<\/script>\n<!-- \/ Yoast SEO plugin. -->","yoast_head_json":{"title":"Bamba Twinster | Twin Fin de Alto Rendimiento | Glassing Monkey","description":"Experimenta m\u00e1xima velocidad y fluidez con la Bamba Twinster. La tabla twin fin definitiva para un rendimiento vers\u00e1til. C\u00f3mprala hoy en Glassing Monkey","robots":{"index":"index","follow":"follow","max-snippet":"max-snippet:-1","max-image-preview":"max-image-preview:large","max-video-preview":"max-video-preview:-1"},"canonical":"https:\/\/glassingmonkey.com\/es\/product\/bamba-twinster\/","og_locale":"es_ES","og_type":"article","og_title":"Bamba Twinster | Twin Fin de Alto Rendimiento | Glassing Monkey","og_description":"Experimenta m\u00e1xima velocidad y fluidez con la Bamba Twinster. La tabla twin fin definitiva para un rendimiento vers\u00e1til. C\u00f3mprala hoy en Glassing Monkey","og_url":"https:\/\/glassingmonkey.com\/es\/product\/bamba-twinster\/","og_site_name":"Ride your life","article_modified_time":"2026-04-26T13:28:30+00:00","og_image":[{"width":650,"height":850,"url":"https:\/\/glassingmonkey.com\/wp-content\/uploads\/2025\/05\/Frame-43.jpg","type":"image\/jpeg"}],"twitter_card":"summary_large_image","twitter_misc":{"Tiempo de lectura":"2 minutos"},"schema":{"@context":"https:\/\/schema.org","@graph":[{"@type":"WebPage","@id":"https:\/\/glassingmonkey.com\/es\/product\/bamba-twinster\/","url":"https:\/\/glassingmonkey.com\/es\/product\/bamba-twinster\/","name":"Bamba Twinster | Twin Fin de Alto Rendimiento | Glassing Monkey","isPartOf":{"@id":"https:\/\/glassingmonkey.com\/es\/#website"},"primaryImageOfPage":{"@id":"https:\/\/glassingmonkey.com\/es\/product\/bamba-twinster\/#primaryimage"},"image":{"@id":"https:\/\/glassingmonkey.com\/es\/product\/bamba-twinster\/#primaryimage"},"thumbnailUrl":"https:\/\/glassingmonkey.com\/wp-content\/uploads\/2025\/05\/Frame-43.jpg","datePublished":"2025-05-28T10:03:22+00:00","dateModified":"2026-04-26T13:28:30+00:00","description":"Experimenta m\u00e1xima velocidad y fluidez con la Bamba Twinster. La tabla twin fin definitiva para un rendimiento vers\u00e1til. C\u00f3mprala hoy en Glassing Monkey","breadcrumb":{"@id":"https:\/\/glassingmonkey.com\/es\/product\/bamba-twinster\/#breadcrumb"},"inLanguage":"es","potentialAction":[{"@type":"ReadAction","target":["https:\/\/glassingmonkey.com\/es\/product\/bamba-twinster\/"]}]},{"@type":"ImageObject","inLanguage":"es","@id":"https:\/\/glassingmonkey.com\/es\/product\/bamba-twinster\/#primaryimage","url":"https:\/\/glassingmonkey.com\/wp-content\/uploads\/2025\/05\/Frame-43.jpg","contentUrl":"https:\/\/glassingmonkey.com\/wp-content\/uploads\/2025\/05\/Frame-43.jpg","width":650,"height":850,"caption":"bamba twinster"},{"@type":"BreadcrumbList","@id":"https:\/\/glassingmonkey.com\/es\/product\/bamba-twinster\/#breadcrumb","itemListElement":[{"@type":"ListItem","position":1,"name":"Home","item":"https:\/\/glassingmonkey.com\/es\/"},{"@type":"ListItem","position":2,"name":"Tienda","item":"https:\/\/glassingmonkey.com\/es\/tienda\/"},{"@type":"ListItem","position":3,"name":"Bamba Twinster"}]},{"@type":"WebSite","@id":"https:\/\/glassingmonkey.com\/es\/#website","url":"https:\/\/glassingmonkey.com\/es\/","name":"Glassing Monkey","description":"RIDE YOUR LIFE","publisher":{"@id":"https:\/\/glassingmonkey.com\/es\/#organization"},"potentialAction":[{"@type":"SearchAction","target":{"@type":"EntryPoint","urlTemplate":"https:\/\/glassingmonkey.com\/es\/?s={search_term_string}"},"query-input":{"@type":"PropertyValueSpecification","valueRequired":true,"valueName":"search_term_string"}}],"inLanguage":"es"},{"@type":"Organization","@id":"https:\/\/glassingmonkey.com\/es\/#organization","name":"Glassing Monkey","url":"https:\/\/glassingmonkey.com\/es\/","logo":{"@type":"ImageObject","inLanguage":"es","@id":"https:\/\/glassingmonkey.com\/es\/#\/schema\/logo\/image\/","url":"https:\/\/glassingmonkey.com\/wp-content\/uploads\/2025\/06\/Glassing-monkey-surf-factory-surf-shop.webp","contentUrl":"https:\/\/glassingmonkey.com\/wp-content\/uploads\/2025\/06\/Glassing-monkey-surf-factory-surf-shop.webp","width":786,"height":530,"caption":"Glassing Monkey"},"image":{"@id":"https:\/\/glassingmonkey.com\/es\/#\/schema\/logo\/image\/"},"sameAs":["https:\/\/www.instagram.com\/glassingmonkey\/"]}]}},"_links":{"self":[{"href":"https:\/\/glassingmonkey.com\/es\/wp-json\/wp\/v2\/product\/26728","targetHints":{"allow":["GET"]}}],"collection":[{"href":"https:\/\/glassingmonkey.com\/es\/wp-json\/wp\/v2\/product"}],"about":[{"href":"https:\/\/glassingmonkey.com\/es\/wp-json\/wp\/v2\/types\/product"}],"replies":[{"embeddable":true,"href":"https:\/\/glassingmonkey.com\/es\/wp-json\/wp\/v2\/comments?post=26728"}],"wp:featuredmedia":[{"embeddable":true,"href":"https:\/\/glassingmonkey.com\/es\/wp-json\/wp\/v2\/media\/25756"}],"wp:attachment":[{"href":"https:\/\/glassingmonkey.com\/es\/wp-json\/wp\/v2\/media?parent=26728"}],"wp:term":[{"taxonomy":"product_brand","embeddable":true,"href":"https:\/\/glassingmonkey.com\/es\/wp-json\/wp\/v2\/product_brand?post=26728"},{"taxonomy":"product_cat","embeddable":true,"href":"https:\/\/glassingmonkey.com\/es\/wp-json\/wp\/v2\/product_cat?post=26728"},{"taxonomy":"product_tag","embeddable":true,"href":"https:\/\/glassingmonkey.com\/es\/wp-json\/wp\/v2\/product_tag?post=26728"}],"curies":[{"name":"wp","href":"https:\/\/api.w.org\/{rel}","templated":true}]}}