{"id":26730,"date":"2025-05-28T12:02:39","date_gmt":"2025-05-28T10:02:39","guid":{"rendered":"https:\/\/glassingmonkey.com\/product\/bamba-crazy-stuff\/"},"modified":"2026-04-26T16:15:25","modified_gmt":"2026-04-26T14:15:25","slug":"bamba-crazy-stuff","status":"publish","type":"product","link":"https:\/\/glassingmonkey.com\/es\/product\/bamba-crazy-stuff\/","title":{"rendered":"Bamba Crazy Stuff"},"content":{"rendered":"<h1 class=\"otQkpb\" role=\"heading\" aria-level=\"3\" data-sfc-root=\"c\" data-processed=\"true\" data-complete=\"true\">Bamba Crazy Stuff: La evoluci\u00f3n performance de la Mini-Simmons<button class=\"rBl3me\" tabindex=\"0\" data-amic=\"true\" data-icl-uuid=\"f13fa938-f8d5-4bbd-8624-3c6fcd3bc867\" aria-label=\"View related links\" data-wiz-attrbind=\"disabled=oAu3E_p\/C5gNJc;aria-label=oAu3E_p\/bOjMyf;class=oAu3E_p\/UpSNec\" data-ved=\"2ahUKEwimo5iK2YuUAxWUKvsDHW15CyoQye0OegYIAQgDEAA\" data-hveid=\"CAEIAxAA\"><\/button><\/h1>\n<div class=\"n6owBd awi2gc\" data-sfc-cp=\"\" data-sfc-root=\"c\" data-sfc-cb=\"\" data-hveid=\"CAEIBBAA\" data-complete=\"true\" data-processed=\"true\">La Bamba Crazy Stuff destaca como un modelo r\u00e1pido y emocionante dise\u00f1ado para maximizar tu tiempo en el agua. Para empezar, esta tabla toma inspiraci\u00f3n directa de las m\u00edticas formas Mini-Simmons, conocidas por su planeo incre\u00edble. Sin embargo, aplicamos un enfoque mucho m\u00e1s polivalente y orientado al rendimiento en esta versi\u00f3n moderna. Esta tabla genera velocidad r\u00e1pidamente y ofrece una experiencia s\u00faper divertida para surfistas de todos los niveles. Por lo tanto, la Crazy Stuff representa la herramienta perfecta para transformar d\u00edas mediocres en sesiones de alto rendimiento.<button class=\"rBl3me\" tabindex=\"0\" data-amic=\"true\" data-icl-uuid=\"226afa57-d0d2-4f4c-ad27-a9e5357833ef\" aria-label=\"View related links\" data-wiz-attrbind=\"disabled=oAu3E_t\/C5gNJc;aria-label=oAu3E_t\/bOjMyf;class=oAu3E_t\/UpSNec\" data-ved=\"2ahUKEwimo5iK2YuUAxWUKvsDHW15CyoQye0OegYIAQgEEAE\" data-hveid=\"CAEIBBAB\"><\/button><\/div>\n<h2 class=\"otQkpb\" role=\"heading\" aria-level=\"3\" data-sfc-root=\"c\" data-complete=\"true\" data-processed=\"true\">Velocidad moderna y m\u00e1xima versatilidad<button class=\"rBl3me\" tabindex=\"0\" data-amic=\"true\" data-icl-uuid=\"203cdad2-04c5-4ce1-a983-b1baa616e025\" aria-label=\"View related links\" data-wiz-attrbind=\"disabled=oAu3E_y\/C5gNJc;aria-label=oAu3E_y\/bOjMyf;class=oAu3E_y\/UpSNec\" data-ved=\"2ahUKEwimo5iK2YuUAxWUKvsDHW15CyoQye0OegYIAQgFEAA\" data-hveid=\"CAEIBRAA\"><\/button><\/h2>\n<div class=\"n6owBd awi2gc\" data-sfc-cp=\"\" data-sfc-root=\"c\" data-sfc-cb=\"\" data-hveid=\"CAEIBhAA\" data-complete=\"true\" data-processed=\"true\">Respecto a su configuraci\u00f3n t\u00e9cnica, montamos esta tabla como un <em class=\"eujQNb\" data-sfc-root=\"c\" data-sfc-cb=\"\" data-complete=\"true\" data-processed=\"true\">twin fin<\/em> para asegurar la m\u00e1xima velocidad y diversi\u00f3n. Primero, el contorno ancho proporciona una superficie de planeo excepcional, permiti\u00e9ndote volar sobre secciones planas con facilidad. Adicionalmente, los refinados ajustes de rendimiento aseguran que puedas girar con m\u00e1s precisi\u00f3n que una forma retro tradicional. Consecuentemente, esta tabla te permite surfear al m\u00e1ximo ya sea entre banderas o en secciones de playa sin patrullar. Como resultado, ganas un nivel de maniobrabilidad que los dise\u00f1os Mini-Simmons cl\u00e1sicos suelen omitir.<button class=\"rBl3me\" tabindex=\"0\" data-amic=\"true\" data-icl-uuid=\"b23da940-0a13-4032-a8e7-776dc820aa29\" aria-label=\"View related links\" data-wiz-attrbind=\"disabled=oAu3E_13\/C5gNJc;aria-label=oAu3E_13\/bOjMyf;class=oAu3E_13\/UpSNec\" data-ved=\"2ahUKEwimo5iK2YuUAxWUKvsDHW15CyoQye0OegYIAQgGEAE\" data-hveid=\"CAEIBhAB\"><\/button><\/div>\n<div class=\"n6owBd awi2gc\" data-sfc-cp=\"\" data-sfc-root=\"c\" data-sfc-cb=\"\" data-hveid=\"CAEIBxAA\" data-processed=\"true\" data-complete=\"true\">Del mismo modo, la Crazy Stuff mantiene un flujo constante y un impulso impresionante en cada giro. Por ejemplo, notar\u00e1s c\u00f3mo la tabla responde instant\u00e1neamente a la presi\u00f3n del pie durante cambios r\u00e1pidos de direcci\u00f3n. Debido a su inteligente distribuci\u00f3n del volumen, ofrece una gran potencia de remada sin sentirse voluminosa ni r\u00edgida. Ciertamente, hemos fabricado este <em class=\"eujQNb\" data-sfc-root=\"c\" data-sfc-cb=\"\" data-complete=\"true\" data-processed=\"true\">shape<\/em> para gestionar una variedad sorprendentemente amplia de condiciones de olas. Por esta raz\u00f3n, muchos surfistas eligen la Crazy Stuff como su tabla de diario favorita para <em class=\"eujQNb\" data-sfc-root=\"c\" data-sfc-cb=\"\" data-complete=\"true\" data-processed=\"true\">beach breaks<\/em>.<button class=\"rBl3me\" tabindex=\"0\" data-amic=\"true\" data-icl-uuid=\"00160a0e-7f62-4c76-8e35-8597db4d8ae5\" aria-label=\"View related links\" data-wiz-attrbind=\"disabled=oAu3E_19\/C5gNJc;aria-label=oAu3E_19\/bOjMyf;class=oAu3E_19\/UpSNec\" data-ved=\"2ahUKEwimo5iK2YuUAxWUKvsDHW15CyoQye0OegYIAQgHEAE\" data-hveid=\"CAEIBxAB\"><\/button><\/div>\n<h2 class=\"otQkpb\" role=\"heading\" aria-level=\"3\" data-sfc-root=\"c\" data-processed=\"true\" data-complete=\"true\">Bamba Crazy Stuff, Perfil de rendimiento y control fluido<button class=\"rBl3me\" tabindex=\"0\" data-amic=\"true\" data-icl-uuid=\"c35f37c2-d2c8-4e56-8303-8344bdbc594b\" aria-label=\"View related links\" data-wiz-attrbind=\"disabled=oAu3E_1e\/C5gNJc;aria-label=oAu3E_1e\/bOjMyf;class=oAu3E_1e\/UpSNec\" data-ved=\"2ahUKEwimo5iK2YuUAxWUKvsDHW15CyoQye0OegYIAQgIEAA\" data-hveid=\"CAEICBAA\"><\/button><\/h2>\n<div class=\"n6owBd awi2gc\" data-sfc-cp=\"\" data-sfc-root=\"c\" data-sfc-cb=\"\" data-hveid=\"CAEICRAA\" data-complete=\"true\" data-processed=\"true\" aria-owns=\"action-menu-parent-container\">En t\u00e9rminos de silueta, la tabla presenta cantos modernos que muerden la pared de la ola con total autoridad. Espec\u00edficamente, este borde permite un estilo de surf m\u00e1s agresivo mientras mantiene el planeo fluido de un h\u00edbrido. En conclusi\u00f3n, este modelo proporciona la soluci\u00f3n definitiva para quienes buscan velocidad y versatilidad en un solo paquete. Finalmente, invertir en una Crazy Stuff asegura que disfrutar\u00e1s cada ola esta temporada.<\/div>\n","protected":false},"excerpt":{"rendered":"<p>Genera velocidad r\u00e1pidamente y es muy divertida de surfear.<\/p>\n","protected":false},"featured_media":25752,"comment_status":"closed","ping_status":"closed","template":"","meta":{"site-sidebar-layout":"default","site-content-layout":"","ast-site-content-layout":"default","site-content-style":"default","site-sidebar-style":"default","ast-global-header-display":"","ast-banner-title-visibility":"","ast-main-header-display":"","ast-hfb-above-header-display":"","ast-hfb-below-header-display":"","ast-hfb-mobile-header-display":"","site-post-title":"","ast-breadcrumbs-content":"","ast-featured-img":"","footer-sml-layout":"","ast-disable-related-posts":"","theme-transparent-header-meta":"default","adv-header-id-meta":"","stick-header-meta":"","header-above-stick-meta":"","header-main-stick-meta":"","header-below-stick-meta":"","astra-migrate-meta-layouts":"set","ast-page-background-enabled":"default","ast-page-background-meta":{"desktop":{"background-color":"var(--ast-global-color-5)","background-image":"","background-repeat":"repeat","background-position":"center center","background-size":"auto","background-attachment":"scroll","background-type":"","background-media":"","overlay-type":"","overlay-color":"","overlay-opacity":"","overlay-gradient":""},"tablet":{"background-color":"","background-image":"","background-repeat":"repeat","background-position":"center center","background-size":"auto","background-attachment":"scroll","background-type":"","background-media":"","overlay-type":"","overlay-color":"","overlay-opacity":"","overlay-gradient":""},"mobile":{"background-color":"","background-image":"","background-repeat":"repeat","background-position":"center center","background-size":"auto","background-attachment":"scroll","background-type":"","background-media":"","overlay-type":"","overlay-color":"","overlay-opacity":"","overlay-gradient":""}},"ast-content-background-meta":{"desktop":{"background-color":"var(--ast-global-color-4)","background-image":"","background-repeat":"repeat","background-position":"center center","background-size":"auto","background-attachment":"scroll","background-type":"","background-media":"","overlay-type":"","overlay-color":"","overlay-opacity":"","overlay-gradient":""},"tablet":{"background-color":"var(--ast-global-color-4)","background-image":"","background-repeat":"repeat","background-position":"center center","background-size":"auto","background-attachment":"scroll","background-type":"","background-media":"","overlay-type":"","overlay-color":"","overlay-opacity":"","overlay-gradient":""},"mobile":{"background-color":"var(--ast-global-color-4)","background-image":"","background-repeat":"repeat","background-position":"center center","background-size":"auto","background-attachment":"scroll","background-type":"","background-media":"","overlay-type":"","overlay-color":"","overlay-opacity":"","overlay-gradient":""}}},"product_brand":[1260],"product_cat":[1257,1196,1258],"product_tag":[1327,1328,1220],"class_list":{"0":"post-26730","1":"product","2":"type-product","3":"status-publish","4":"has-post-thumbnail","6":"product_brand-bamba-surfboards","7":"product_cat-small-waves","8":"product_cat-tablas-de-surf-es","9":"product_cat-twin-fin","10":"product_tag-small-wave","11":"product_tag-summer-concepts","12":"product_tag-twin-fin-es","13":"pa_model-crazy-stuff","14":"pa_thickness-2-1-2-es-2","15":"pa_thickness-2-11-16","16":"pa_thickness-2-3-4","17":"pa_thickness-2-5-8","18":"pa_thickness-2-7-16-es-2","19":"pa_thickness-2-9-16","20":"pa_width-20-3-4-es-2","21":"pa_width-21-1-2","22":"pa_width-21-1-4","23":"pa_width-21-3-4","24":"pa_width-1320","25":"pa_width-1287","26":"desktop-align-left","27":"tablet-align-left","28":"mobile-align-left","30":"first","31":"onbackorder","32":"sale","33":"shipping-taxable","34":"purchasable","35":"product-type-variable"},"yoast_head":"<!-- This site is optimized with the Yoast SEO plugin v27.4 - https:\/\/yoast.com\/product\/yoast-seo-wordpress\/ -->\n<title>Bamba Crazy Stuff - Ride Your Life | Glassing Monkey<\/title>\n<meta name=\"description\" content=\"Break the rules with the Bamba Crazy Stuff surfboard. Designed for pure fun and creative maneuvers on the waves. Get yours today at Glassing Monkey\" \/>\n<meta name=\"robots\" content=\"index, follow, max-snippet:-1, max-image-preview:large, max-video-preview:-1\" \/>\n<link rel=\"canonical\" href=\"https:\/\/glassingmonkey.com\/es\/product\/bamba-crazy-stuff\/\" \/>\n<meta property=\"og:locale\" content=\"es_ES\" \/>\n<meta property=\"og:type\" content=\"article\" \/>\n<meta property=\"og:title\" content=\"Bamba Crazy Stuff - Ride Your Life | Glassing Monkey\" \/>\n<meta property=\"og:description\" content=\"Break the rules with the Bamba Crazy Stuff surfboard. Designed for pure fun and creative maneuvers on the waves. Get yours today at Glassing Monkey\" \/>\n<meta property=\"og:url\" content=\"https:\/\/glassingmonkey.com\/es\/product\/bamba-crazy-stuff\/\" \/>\n<meta property=\"og:site_name\" content=\"Ride your life\" \/>\n<meta property=\"article:modified_time\" content=\"2026-04-26T14:15:25+00:00\" \/>\n<meta property=\"og:image\" content=\"https:\/\/glassingmonkey.com\/wp-content\/uploads\/2025\/05\/Frame-42.jpg\" \/>\n\t<meta property=\"og:image:width\" content=\"650\" \/>\n\t<meta property=\"og:image:height\" content=\"850\" \/>\n\t<meta property=\"og:image:type\" content=\"image\/jpeg\" \/>\n<meta name=\"twitter:card\" content=\"summary_large_image\" \/>\n<meta name=\"twitter:label1\" content=\"Tiempo de lectura\" \/>\n\t<meta name=\"twitter:data1\" content=\"2 minutos\" \/>\n<script type=\"application\/ld+json\" class=\"yoast-schema-graph\">{\"@context\":\"https:\\\/\\\/schema.org\",\"@graph\":[{\"@type\":\"WebPage\",\"@id\":\"https:\\\/\\\/glassingmonkey.com\\\/es\\\/product\\\/bamba-crazy-stuff\\\/\",\"url\":\"https:\\\/\\\/glassingmonkey.com\\\/es\\\/product\\\/bamba-crazy-stuff\\\/\",\"name\":\"Bamba Crazy Stuff - Ride Your Life | Glassing Monkey\",\"isPartOf\":{\"@id\":\"https:\\\/\\\/glassingmonkey.com\\\/es\\\/#website\"},\"primaryImageOfPage\":{\"@id\":\"https:\\\/\\\/glassingmonkey.com\\\/es\\\/product\\\/bamba-crazy-stuff\\\/#primaryimage\"},\"image\":{\"@id\":\"https:\\\/\\\/glassingmonkey.com\\\/es\\\/product\\\/bamba-crazy-stuff\\\/#primaryimage\"},\"thumbnailUrl\":\"https:\\\/\\\/glassingmonkey.com\\\/wp-content\\\/uploads\\\/2025\\\/05\\\/Frame-42.jpg\",\"datePublished\":\"2025-05-28T10:02:39+00:00\",\"dateModified\":\"2026-04-26T14:15:25+00:00\",\"description\":\"Break the rules with the Bamba Crazy Stuff surfboard. Designed for pure fun and creative maneuvers on the waves. Get yours today at Glassing Monkey\",\"breadcrumb\":{\"@id\":\"https:\\\/\\\/glassingmonkey.com\\\/es\\\/product\\\/bamba-crazy-stuff\\\/#breadcrumb\"},\"inLanguage\":\"es\",\"potentialAction\":[{\"@type\":\"ReadAction\",\"target\":[\"https:\\\/\\\/glassingmonkey.com\\\/es\\\/product\\\/bamba-crazy-stuff\\\/\"]}]},{\"@type\":\"ImageObject\",\"inLanguage\":\"es\",\"@id\":\"https:\\\/\\\/glassingmonkey.com\\\/es\\\/product\\\/bamba-crazy-stuff\\\/#primaryimage\",\"url\":\"https:\\\/\\\/glassingmonkey.com\\\/wp-content\\\/uploads\\\/2025\\\/05\\\/Frame-42.jpg\",\"contentUrl\":\"https:\\\/\\\/glassingmonkey.com\\\/wp-content\\\/uploads\\\/2025\\\/05\\\/Frame-42.jpg\",\"width\":650,\"height\":850,\"caption\":\"bamba crazy stuff\"},{\"@type\":\"BreadcrumbList\",\"@id\":\"https:\\\/\\\/glassingmonkey.com\\\/es\\\/product\\\/bamba-crazy-stuff\\\/#breadcrumb\",\"itemListElement\":[{\"@type\":\"ListItem\",\"position\":1,\"name\":\"Home\",\"item\":\"https:\\\/\\\/glassingmonkey.com\\\/es\\\/\"},{\"@type\":\"ListItem\",\"position\":2,\"name\":\"Tienda\",\"item\":\"https:\\\/\\\/glassingmonkey.com\\\/es\\\/tienda\\\/\"},{\"@type\":\"ListItem\",\"position\":3,\"name\":\"Bamba Crazy Stuff\"}]},{\"@type\":\"WebSite\",\"@id\":\"https:\\\/\\\/glassingmonkey.com\\\/es\\\/#website\",\"url\":\"https:\\\/\\\/glassingmonkey.com\\\/es\\\/\",\"name\":\"Glassing Monkey\",\"description\":\"RIDE YOUR LIFE\",\"publisher\":{\"@id\":\"https:\\\/\\\/glassingmonkey.com\\\/es\\\/#organization\"},\"potentialAction\":[{\"@type\":\"SearchAction\",\"target\":{\"@type\":\"EntryPoint\",\"urlTemplate\":\"https:\\\/\\\/glassingmonkey.com\\\/es\\\/?s={search_term_string}\"},\"query-input\":{\"@type\":\"PropertyValueSpecification\",\"valueRequired\":true,\"valueName\":\"search_term_string\"}}],\"inLanguage\":\"es\"},{\"@type\":\"Organization\",\"@id\":\"https:\\\/\\\/glassingmonkey.com\\\/es\\\/#organization\",\"name\":\"Glassing Monkey\",\"url\":\"https:\\\/\\\/glassingmonkey.com\\\/es\\\/\",\"logo\":{\"@type\":\"ImageObject\",\"inLanguage\":\"es\",\"@id\":\"https:\\\/\\\/glassingmonkey.com\\\/es\\\/#\\\/schema\\\/logo\\\/image\\\/\",\"url\":\"https:\\\/\\\/glassingmonkey.com\\\/wp-content\\\/uploads\\\/2025\\\/06\\\/Glassing-monkey-surf-factory-surf-shop.webp\",\"contentUrl\":\"https:\\\/\\\/glassingmonkey.com\\\/wp-content\\\/uploads\\\/2025\\\/06\\\/Glassing-monkey-surf-factory-surf-shop.webp\",\"width\":786,\"height\":530,\"caption\":\"Glassing Monkey\"},\"image\":{\"@id\":\"https:\\\/\\\/glassingmonkey.com\\\/es\\\/#\\\/schema\\\/logo\\\/image\\\/\"},\"sameAs\":[\"https:\\\/\\\/www.instagram.com\\\/glassingmonkey\\\/\"]}]}<\/script>\n<!-- \/ Yoast SEO plugin. -->","yoast_head_json":{"title":"Bamba Crazy Stuff - Ride Your Life | Glassing Monkey","description":"Break the rules with the Bamba Crazy Stuff surfboard. Designed for pure fun and creative maneuvers on the waves. Get yours today at Glassing Monkey","robots":{"index":"index","follow":"follow","max-snippet":"max-snippet:-1","max-image-preview":"max-image-preview:large","max-video-preview":"max-video-preview:-1"},"canonical":"https:\/\/glassingmonkey.com\/es\/product\/bamba-crazy-stuff\/","og_locale":"es_ES","og_type":"article","og_title":"Bamba Crazy Stuff - Ride Your Life | Glassing Monkey","og_description":"Break the rules with the Bamba Crazy Stuff surfboard. Designed for pure fun and creative maneuvers on the waves. Get yours today at Glassing Monkey","og_url":"https:\/\/glassingmonkey.com\/es\/product\/bamba-crazy-stuff\/","og_site_name":"Ride your life","article_modified_time":"2026-04-26T14:15:25+00:00","og_image":[{"width":650,"height":850,"url":"https:\/\/glassingmonkey.com\/wp-content\/uploads\/2025\/05\/Frame-42.jpg","type":"image\/jpeg"}],"twitter_card":"summary_large_image","twitter_misc":{"Tiempo de lectura":"2 minutos"},"schema":{"@context":"https:\/\/schema.org","@graph":[{"@type":"WebPage","@id":"https:\/\/glassingmonkey.com\/es\/product\/bamba-crazy-stuff\/","url":"https:\/\/glassingmonkey.com\/es\/product\/bamba-crazy-stuff\/","name":"Bamba Crazy Stuff - Ride Your Life | Glassing Monkey","isPartOf":{"@id":"https:\/\/glassingmonkey.com\/es\/#website"},"primaryImageOfPage":{"@id":"https:\/\/glassingmonkey.com\/es\/product\/bamba-crazy-stuff\/#primaryimage"},"image":{"@id":"https:\/\/glassingmonkey.com\/es\/product\/bamba-crazy-stuff\/#primaryimage"},"thumbnailUrl":"https:\/\/glassingmonkey.com\/wp-content\/uploads\/2025\/05\/Frame-42.jpg","datePublished":"2025-05-28T10:02:39+00:00","dateModified":"2026-04-26T14:15:25+00:00","description":"Break the rules with the Bamba Crazy Stuff surfboard. Designed for pure fun and creative maneuvers on the waves. Get yours today at Glassing Monkey","breadcrumb":{"@id":"https:\/\/glassingmonkey.com\/es\/product\/bamba-crazy-stuff\/#breadcrumb"},"inLanguage":"es","potentialAction":[{"@type":"ReadAction","target":["https:\/\/glassingmonkey.com\/es\/product\/bamba-crazy-stuff\/"]}]},{"@type":"ImageObject","inLanguage":"es","@id":"https:\/\/glassingmonkey.com\/es\/product\/bamba-crazy-stuff\/#primaryimage","url":"https:\/\/glassingmonkey.com\/wp-content\/uploads\/2025\/05\/Frame-42.jpg","contentUrl":"https:\/\/glassingmonkey.com\/wp-content\/uploads\/2025\/05\/Frame-42.jpg","width":650,"height":850,"caption":"bamba crazy stuff"},{"@type":"BreadcrumbList","@id":"https:\/\/glassingmonkey.com\/es\/product\/bamba-crazy-stuff\/#breadcrumb","itemListElement":[{"@type":"ListItem","position":1,"name":"Home","item":"https:\/\/glassingmonkey.com\/es\/"},{"@type":"ListItem","position":2,"name":"Tienda","item":"https:\/\/glassingmonkey.com\/es\/tienda\/"},{"@type":"ListItem","position":3,"name":"Bamba Crazy Stuff"}]},{"@type":"WebSite","@id":"https:\/\/glassingmonkey.com\/es\/#website","url":"https:\/\/glassingmonkey.com\/es\/","name":"Glassing Monkey","description":"RIDE YOUR LIFE","publisher":{"@id":"https:\/\/glassingmonkey.com\/es\/#organization"},"potentialAction":[{"@type":"SearchAction","target":{"@type":"EntryPoint","urlTemplate":"https:\/\/glassingmonkey.com\/es\/?s={search_term_string}"},"query-input":{"@type":"PropertyValueSpecification","valueRequired":true,"valueName":"search_term_string"}}],"inLanguage":"es"},{"@type":"Organization","@id":"https:\/\/glassingmonkey.com\/es\/#organization","name":"Glassing Monkey","url":"https:\/\/glassingmonkey.com\/es\/","logo":{"@type":"ImageObject","inLanguage":"es","@id":"https:\/\/glassingmonkey.com\/es\/#\/schema\/logo\/image\/","url":"https:\/\/glassingmonkey.com\/wp-content\/uploads\/2025\/06\/Glassing-monkey-surf-factory-surf-shop.webp","contentUrl":"https:\/\/glassingmonkey.com\/wp-content\/uploads\/2025\/06\/Glassing-monkey-surf-factory-surf-shop.webp","width":786,"height":530,"caption":"Glassing Monkey"},"image":{"@id":"https:\/\/glassingmonkey.com\/es\/#\/schema\/logo\/image\/"},"sameAs":["https:\/\/www.instagram.com\/glassingmonkey\/"]}]}},"_links":{"self":[{"href":"https:\/\/glassingmonkey.com\/es\/wp-json\/wp\/v2\/product\/26730","targetHints":{"allow":["GET"]}}],"collection":[{"href":"https:\/\/glassingmonkey.com\/es\/wp-json\/wp\/v2\/product"}],"about":[{"href":"https:\/\/glassingmonkey.com\/es\/wp-json\/wp\/v2\/types\/product"}],"replies":[{"embeddable":true,"href":"https:\/\/glassingmonkey.com\/es\/wp-json\/wp\/v2\/comments?post=26730"}],"wp:featuredmedia":[{"embeddable":true,"href":"https:\/\/glassingmonkey.com\/es\/wp-json\/wp\/v2\/media\/25752"}],"wp:attachment":[{"href":"https:\/\/glassingmonkey.com\/es\/wp-json\/wp\/v2\/media?parent=26730"}],"wp:term":[{"taxonomy":"product_brand","embeddable":true,"href":"https:\/\/glassingmonkey.com\/es\/wp-json\/wp\/v2\/product_brand?post=26730"},{"taxonomy":"product_cat","embeddable":true,"href":"https:\/\/glassingmonkey.com\/es\/wp-json\/wp\/v2\/product_cat?post=26730"},{"taxonomy":"product_tag","embeddable":true,"href":"https:\/\/glassingmonkey.com\/es\/wp-json\/wp\/v2\/product_tag?post=26730"}],"curies":[{"name":"wp","href":"https:\/\/api.w.org\/{rel}","templated":true}]}}