{"id":26736,"date":"2025-05-28T12:02:12","date_gmt":"2025-05-28T10:02:12","guid":{"rendered":"https:\/\/glassingmonkey.com\/product\/bamba-tuna-fish\/"},"modified":"2026-04-26T18:05:15","modified_gmt":"2026-04-26T16:05:15","slug":"bamba-tuna-fish","status":"publish","type":"product","link":"https:\/\/glassingmonkey.com\/es\/product\/bamba-tuna-fish\/","title":{"rendered":"Bamba Tuna Fish"},"content":{"rendered":"<h1 class=\"otQkpb\" role=\"heading\" aria-level=\"3\" data-sfc-root=\"c\" data-processed=\"true\" data-complete=\"true\">Bamba Tuna Fish: Velocidad y precisi\u00f3n en un dise\u00f1o moderno<button class=\"rBl3me\" tabindex=\"0\" data-amic=\"true\" data-icl-uuid=\"dee0129b-bcbb-4944-b09e-3253b3344389\" aria-label=\"View related links\" data-wiz-attrbind=\"disabled=e0Tpi_p\/C5gNJc;aria-label=e0Tpi_p\/bOjMyf;class=e0Tpi_p\/UpSNec\" data-ved=\"2ahUKEwj4jY-38YuUAxXfK_sDHRicIFUQye0OegYIAQgDEAA\" data-hveid=\"CAEIAxAA\"><\/button><\/h1>\n<div class=\"n6owBd awi2gc\" data-sfc-cp=\"\" data-sfc-root=\"c\" data-sfc-cb=\"\" data-hveid=\"CAEIBBAA\" data-complete=\"true\" data-processed=\"true\">La Bamba Tuna Fish destaca como un dise\u00f1o de alto rendimiento que prioriza la velocidad y el flujo en cada ola. Para empezar, dise\u00f1amos esta tabla con una forma plana integral para maximizar tu tiempo en el agua. Este modelo presenta una gran anchura en la parte delantera para mantener una remada f\u00e1cil y una capacidad de captura de olas excepcional. Adem\u00e1s, su configuraci\u00f3n t\u00e9cnica te permite generar impulso instant\u00e1neamente desde la primera bajada. Por lo tanto, la Tuna Fish representa la elecci\u00f3n perfecta para surfistas que desean combinar una sensaci\u00f3n cl\u00e1sica con tecnicismo moderno.<button class=\"rBl3me\" tabindex=\"0\" data-amic=\"true\" data-icl-uuid=\"702b09f2-a99b-4d78-b4ef-b4c261144718\" aria-label=\"View related links\" data-wiz-attrbind=\"disabled=e0Tpi_t\/C5gNJc;aria-label=e0Tpi_t\/bOjMyf;class=e0Tpi_t\/UpSNec\" data-ved=\"2ahUKEwj4jY-38YuUAxXfK_sDHRicIFUQye0OegYIAQgEEAE\" data-hveid=\"CAEIBBAB\"><\/button><\/div>\n<h2 class=\"otQkpb\" role=\"heading\" aria-level=\"3\" data-sfc-root=\"c\" data-complete=\"true\" data-processed=\"true\">Geometr\u00eda avanzada y cola Swallow refinada<button class=\"rBl3me\" tabindex=\"0\" data-amic=\"true\" data-icl-uuid=\"fb04ed09-65f2-45fd-8671-69124f9ec965\" aria-label=\"View related links\" data-wiz-attrbind=\"disabled=e0Tpi_y\/C5gNJc;aria-label=e0Tpi_y\/bOjMyf;class=e0Tpi_y\/UpSNec\" data-ved=\"2ahUKEwj4jY-38YuUAxXfK_sDHRicIFUQye0OegYIAQgFEAA\" data-hveid=\"CAEIBRAA\"><\/button><\/h2>\n<div class=\"n6owBd awi2gc\" data-sfc-cp=\"\" data-sfc-root=\"c\" data-sfc-cb=\"\" data-hveid=\"CAEIBhAA\" data-complete=\"true\" data-processed=\"true\">Respecto a su silueta t\u00e9cnica, la tabla incorpora curvas limpias que desembocan en una cola <em class=\"eujQNb\" data-sfc-root=\"c\" data-sfc-cb=\"\" data-complete=\"true\" data-processed=\"true\">swallow<\/em> refinada y estrecha. Primero, este dise\u00f1o de cola espec\u00edfico ofrece dos puntos de liberaci\u00f3n diferentes para una navegaci\u00f3n m\u00e1s din\u00e1mica. Esta caracter\u00edstica permite transiciones de canto a canto incre\u00edblemente suaves y una maniobrabilidad superior en la zona cr\u00edtica de la ola. Adicionalmente, integramos un c\u00f3ncavo simple con forma de V espiral en el perfil del <em class=\"eujQNb\" data-sfc-root=\"c\" data-sfc-cb=\"\" data-complete=\"true\" data-processed=\"true\">bottom<\/em>. Consecuentemente, este casco canaliza el agua eficazmente a trav\u00e9s de las quillas para generar sustentaci\u00f3n y velocidad. Como resultado, ganas significativamente m\u00e1s impulso durante tus giros m\u00e1s potentes.<button class=\"rBl3me\" tabindex=\"0\" data-amic=\"true\" data-icl-uuid=\"f466f910-2f89-44d7-ac74-f5ecf057feeb\" aria-label=\"View related links\" data-wiz-attrbind=\"disabled=e0Tpi_14\/C5gNJc;aria-label=e0Tpi_14\/bOjMyf;class=e0Tpi_14\/UpSNec\" data-ved=\"2ahUKEwj4jY-38YuUAxXfK_sDHRicIFUQye0OegYIAQgGEAE\" data-hveid=\"CAEIBhAB\"><\/button><\/div>\n<h2 class=\"otQkpb\" role=\"heading\" aria-level=\"3\" data-sfc-root=\"c\" data-processed=\"true\" data-complete=\"true\">Bamba Tuna Fish, Rocker equilibrado para un control cr\u00edtico<button class=\"rBl3me\" tabindex=\"0\" data-amic=\"true\" data-icl-uuid=\"ef17d2a0-8f90-4155-85ce-31bc9040a807\" aria-label=\"View related links\" data-wiz-attrbind=\"disabled=e0Tpi_19\/C5gNJc;aria-label=e0Tpi_19\/bOjMyf;class=e0Tpi_19\/UpSNec\" data-ved=\"2ahUKEwj4jY-38YuUAxXfK_sDHRicIFUQye0OegYIAQgHEAA\" data-hveid=\"CAEIBxAA\"><\/button><\/h2>\n<div class=\"n6owBd awi2gc\" data-sfc-cp=\"\" data-sfc-root=\"c\" data-sfc-cb=\"\" data-hveid=\"CAEICBAA\" data-complete=\"true\" data-processed=\"true\">Del mismo modo, la Bamba Tuna Fish cuenta con un rocker bastante bajo para ayudar a tu velocidad de remada. Este dise\u00f1o asegura que puedas coger olas peque\u00f1as mientras generas suficiente velocidad para grandes <em class=\"eujQNb\" data-sfc-root=\"c\" data-sfc-cb=\"\" data-complete=\"true\" data-processed=\"true\">carves<\/em>. Espec\u00edficamente, a\u00f1adimos un ligero giro en la punta y la cola para proporcionar m\u00e1s control durante las maniobras verticales. Este sutil ajuste permite un enfoque m\u00e1s cr\u00edtico al surfear cerca de la espuma. Por esta raz\u00f3n, la tabla se siente estable pero sorprendentemente suelta cuando decides forzar sus l\u00edmites.<button class=\"rBl3me\" tabindex=\"0\" data-amic=\"true\" data-icl-uuid=\"ef8ec6bd-d381-493d-a262-8d9f716d9e8e\" aria-label=\"View related links\" data-wiz-attrbind=\"disabled=e0Tpi_1e\/C5gNJc;aria-label=e0Tpi_1e\/bOjMyf;class=e0Tpi_1e\/UpSNec\" data-ved=\"2ahUKEwj4jY-38YuUAxXfK_sDHRicIFUQye0OegYIAQgIEAE\" data-hveid=\"CAEICBAB\"><\/button><\/div>\n<div class=\"n6owBd awi2gc\" data-sfc-cp=\"\" data-sfc-root=\"c\" data-sfc-cb=\"\" data-hveid=\"CAEICRAA\" data-processed=\"true\" data-complete=\"true\" aria-owns=\"action-menu-parent-container\">En conclusi\u00f3n, este modelo proporciona la soluci\u00f3n definitiva para quienes buscan un h\u00edbrido r\u00e1pido y reactivo. Finalmente, elegir la Tuna Fish significa que siempre tendr\u00e1s la herramienta adecuada para un surf de alto rendimiento.<\/div>\n","protected":false},"excerpt":{"rendered":"<p>Presenta un shape plano y lleno, con bastante anchura en la parte delantera de la tabla para mantener una remada f\u00e1cil y una gran capacidad de coger olas.<\/p>\n","protected":false},"featured_media":25744,"comment_status":"closed","ping_status":"closed","template":"","meta":{"site-sidebar-layout":"default","site-content-layout":"","ast-site-content-layout":"default","site-content-style":"default","site-sidebar-style":"default","ast-global-header-display":"","ast-banner-title-visibility":"","ast-main-header-display":"","ast-hfb-above-header-display":"","ast-hfb-below-header-display":"","ast-hfb-mobile-header-display":"","site-post-title":"","ast-breadcrumbs-content":"","ast-featured-img":"","footer-sml-layout":"","ast-disable-related-posts":"","theme-transparent-header-meta":"default","adv-header-id-meta":"","stick-header-meta":"","header-above-stick-meta":"","header-main-stick-meta":"","header-below-stick-meta":"","astra-migrate-meta-layouts":"set","ast-page-background-enabled":"default","ast-page-background-meta":{"desktop":{"background-color":"var(--ast-global-color-5)","background-image":"","background-repeat":"repeat","background-position":"center center","background-size":"auto","background-attachment":"scroll","background-type":"","background-media":"","overlay-type":"","overlay-color":"","overlay-opacity":"","overlay-gradient":""},"tablet":{"background-color":"","background-image":"","background-repeat":"repeat","background-position":"center center","background-size":"auto","background-attachment":"scroll","background-type":"","background-media":"","overlay-type":"","overlay-color":"","overlay-opacity":"","overlay-gradient":""},"mobile":{"background-color":"","background-image":"","background-repeat":"repeat","background-position":"center center","background-size":"auto","background-attachment":"scroll","background-type":"","background-media":"","overlay-type":"","overlay-color":"","overlay-opacity":"","overlay-gradient":""}},"ast-content-background-meta":{"desktop":{"background-color":"var(--ast-global-color-4)","background-image":"","background-repeat":"repeat","background-position":"center center","background-size":"auto","background-attachment":"scroll","background-type":"","background-media":"","overlay-type":"","overlay-color":"","overlay-opacity":"","overlay-gradient":""},"tablet":{"background-color":"var(--ast-global-color-4)","background-image":"","background-repeat":"repeat","background-position":"center center","background-size":"auto","background-attachment":"scroll","background-type":"","background-media":"","overlay-type":"","overlay-color":"","overlay-opacity":"","overlay-gradient":""},"mobile":{"background-color":"var(--ast-global-color-4)","background-image":"","background-repeat":"repeat","background-position":"center center","background-size":"auto","background-attachment":"scroll","background-type":"","background-media":"","overlay-type":"","overlay-color":"","overlay-opacity":"","overlay-gradient":""}}},"product_brand":[1260],"product_cat":[1251,1290,1196],"product_tag":[1292,1291],"class_list":{"0":"post-26736","1":"product","2":"type-product","3":"status-publish","4":"has-post-thumbnail","6":"product_brand-bamba-surfboards","7":"product_cat-funboards","8":"product_cat-midlength","9":"product_cat-tablas-de-surf-es","10":"product_tag-funboard","11":"product_tag-midlength","12":"pa_model-tuna-fish","13":"pa_thickness-2-11-16","14":"pa_thickness-2-13-16","15":"pa_thickness-2-15-16","16":"pa_thickness-2-3-4","17":"pa_thickness-2-5-8","18":"pa_thickness-2-7-8","19":"pa_thickness-1394","20":"pa_width-21-1-2","21":"pa_width-21-1-4","22":"pa_width-21-3-4","23":"pa_width-1320","24":"pa_width-22-1-2","25":"pa_width-22-1-4","26":"pa_width-1287","27":"desktop-align-left","28":"tablet-align-left","29":"mobile-align-left","31":"first","32":"onbackorder","33":"sale","34":"shipping-taxable","35":"purchasable","36":"product-type-variable"},"yoast_head":"<!-- This site is optimized with the Yoast SEO plugin v27.4 - https:\/\/yoast.com\/product\/yoast-seo-wordpress\/ -->\n<title>Bamba Tuna Fish - Ride Your Life | Glassing Monkey<\/title>\n<meta name=\"description\" content=\"Atrapa cada ola con la Bamba Tuna Fish. Un dise\u00f1o de fish cl\u00e1sico con un toque moderno para m\u00e1xima velocidad y fluidez. Disponible ahora en Glassing Monkey\" \/>\n<meta name=\"robots\" content=\"index, follow, max-snippet:-1, max-image-preview:large, max-video-preview:-1\" \/>\n<link rel=\"canonical\" href=\"https:\/\/glassingmonkey.com\/es\/product\/bamba-tuna-fish\/\" \/>\n<meta property=\"og:locale\" content=\"es_ES\" \/>\n<meta property=\"og:type\" content=\"article\" \/>\n<meta property=\"og:title\" content=\"Bamba Tuna Fish - Ride Your Life | Glassing Monkey\" \/>\n<meta property=\"og:description\" content=\"Atrapa cada ola con la Bamba Tuna Fish. Un dise\u00f1o de fish cl\u00e1sico con un toque moderno para m\u00e1xima velocidad y fluidez. Disponible ahora en Glassing Monkey\" \/>\n<meta property=\"og:url\" content=\"https:\/\/glassingmonkey.com\/es\/product\/bamba-tuna-fish\/\" \/>\n<meta property=\"og:site_name\" content=\"Ride your life\" \/>\n<meta property=\"article:modified_time\" content=\"2026-04-26T16:05:15+00:00\" \/>\n<meta property=\"og:image\" content=\"https:\/\/glassingmonkey.com\/wp-content\/uploads\/2025\/05\/Frame-37.jpg\" \/>\n\t<meta property=\"og:image:width\" content=\"650\" \/>\n\t<meta property=\"og:image:height\" content=\"850\" \/>\n\t<meta property=\"og:image:type\" content=\"image\/jpeg\" \/>\n<meta name=\"twitter:card\" content=\"summary_large_image\" \/>\n<meta name=\"twitter:label1\" content=\"Tiempo de lectura\" \/>\n\t<meta name=\"twitter:data1\" content=\"2 minutos\" \/>\n<script type=\"application\/ld+json\" class=\"yoast-schema-graph\">{\"@context\":\"https:\\\/\\\/schema.org\",\"@graph\":[{\"@type\":\"WebPage\",\"@id\":\"https:\\\/\\\/glassingmonkey.com\\\/es\\\/product\\\/bamba-tuna-fish\\\/\",\"url\":\"https:\\\/\\\/glassingmonkey.com\\\/es\\\/product\\\/bamba-tuna-fish\\\/\",\"name\":\"Bamba Tuna Fish - Ride Your Life | Glassing Monkey\",\"isPartOf\":{\"@id\":\"https:\\\/\\\/glassingmonkey.com\\\/es\\\/#website\"},\"primaryImageOfPage\":{\"@id\":\"https:\\\/\\\/glassingmonkey.com\\\/es\\\/product\\\/bamba-tuna-fish\\\/#primaryimage\"},\"image\":{\"@id\":\"https:\\\/\\\/glassingmonkey.com\\\/es\\\/product\\\/bamba-tuna-fish\\\/#primaryimage\"},\"thumbnailUrl\":\"https:\\\/\\\/glassingmonkey.com\\\/wp-content\\\/uploads\\\/2025\\\/05\\\/Frame-37.jpg\",\"datePublished\":\"2025-05-28T10:02:12+00:00\",\"dateModified\":\"2026-04-26T16:05:15+00:00\",\"description\":\"Atrapa cada ola con la Bamba Tuna Fish. Un dise\u00f1o de fish cl\u00e1sico con un toque moderno para m\u00e1xima velocidad y fluidez. Disponible ahora en Glassing Monkey\",\"breadcrumb\":{\"@id\":\"https:\\\/\\\/glassingmonkey.com\\\/es\\\/product\\\/bamba-tuna-fish\\\/#breadcrumb\"},\"inLanguage\":\"es\",\"potentialAction\":[{\"@type\":\"ReadAction\",\"target\":[\"https:\\\/\\\/glassingmonkey.com\\\/es\\\/product\\\/bamba-tuna-fish\\\/\"]}]},{\"@type\":\"ImageObject\",\"inLanguage\":\"es\",\"@id\":\"https:\\\/\\\/glassingmonkey.com\\\/es\\\/product\\\/bamba-tuna-fish\\\/#primaryimage\",\"url\":\"https:\\\/\\\/glassingmonkey.com\\\/wp-content\\\/uploads\\\/2025\\\/05\\\/Frame-37.jpg\",\"contentUrl\":\"https:\\\/\\\/glassingmonkey.com\\\/wp-content\\\/uploads\\\/2025\\\/05\\\/Frame-37.jpg\",\"width\":650,\"height\":850,\"caption\":\"Bamba Tuna Fish\"},{\"@type\":\"BreadcrumbList\",\"@id\":\"https:\\\/\\\/glassingmonkey.com\\\/es\\\/product\\\/bamba-tuna-fish\\\/#breadcrumb\",\"itemListElement\":[{\"@type\":\"ListItem\",\"position\":1,\"name\":\"Home\",\"item\":\"https:\\\/\\\/glassingmonkey.com\\\/es\\\/\"},{\"@type\":\"ListItem\",\"position\":2,\"name\":\"Tienda\",\"item\":\"https:\\\/\\\/glassingmonkey.com\\\/es\\\/tienda\\\/\"},{\"@type\":\"ListItem\",\"position\":3,\"name\":\"Bamba Tuna Fish\"}]},{\"@type\":\"WebSite\",\"@id\":\"https:\\\/\\\/glassingmonkey.com\\\/es\\\/#website\",\"url\":\"https:\\\/\\\/glassingmonkey.com\\\/es\\\/\",\"name\":\"Glassing Monkey\",\"description\":\"RIDE YOUR LIFE\",\"publisher\":{\"@id\":\"https:\\\/\\\/glassingmonkey.com\\\/es\\\/#organization\"},\"potentialAction\":[{\"@type\":\"SearchAction\",\"target\":{\"@type\":\"EntryPoint\",\"urlTemplate\":\"https:\\\/\\\/glassingmonkey.com\\\/es\\\/?s={search_term_string}\"},\"query-input\":{\"@type\":\"PropertyValueSpecification\",\"valueRequired\":true,\"valueName\":\"search_term_string\"}}],\"inLanguage\":\"es\"},{\"@type\":\"Organization\",\"@id\":\"https:\\\/\\\/glassingmonkey.com\\\/es\\\/#organization\",\"name\":\"Glassing Monkey\",\"url\":\"https:\\\/\\\/glassingmonkey.com\\\/es\\\/\",\"logo\":{\"@type\":\"ImageObject\",\"inLanguage\":\"es\",\"@id\":\"https:\\\/\\\/glassingmonkey.com\\\/es\\\/#\\\/schema\\\/logo\\\/image\\\/\",\"url\":\"https:\\\/\\\/glassingmonkey.com\\\/wp-content\\\/uploads\\\/2025\\\/06\\\/Glassing-monkey-surf-factory-surf-shop.webp\",\"contentUrl\":\"https:\\\/\\\/glassingmonkey.com\\\/wp-content\\\/uploads\\\/2025\\\/06\\\/Glassing-monkey-surf-factory-surf-shop.webp\",\"width\":786,\"height\":530,\"caption\":\"Glassing Monkey\"},\"image\":{\"@id\":\"https:\\\/\\\/glassingmonkey.com\\\/es\\\/#\\\/schema\\\/logo\\\/image\\\/\"},\"sameAs\":[\"https:\\\/\\\/www.instagram.com\\\/glassingmonkey\\\/\"]}]}<\/script>\n<!-- \/ Yoast SEO plugin. -->","yoast_head_json":{"title":"Bamba Tuna Fish - Ride Your Life | Glassing Monkey","description":"Atrapa cada ola con la Bamba Tuna Fish. Un dise\u00f1o de fish cl\u00e1sico con un toque moderno para m\u00e1xima velocidad y fluidez. Disponible ahora en Glassing Monkey","robots":{"index":"index","follow":"follow","max-snippet":"max-snippet:-1","max-image-preview":"max-image-preview:large","max-video-preview":"max-video-preview:-1"},"canonical":"https:\/\/glassingmonkey.com\/es\/product\/bamba-tuna-fish\/","og_locale":"es_ES","og_type":"article","og_title":"Bamba Tuna Fish - Ride Your Life | Glassing Monkey","og_description":"Atrapa cada ola con la Bamba Tuna Fish. Un dise\u00f1o de fish cl\u00e1sico con un toque moderno para m\u00e1xima velocidad y fluidez. Disponible ahora en Glassing Monkey","og_url":"https:\/\/glassingmonkey.com\/es\/product\/bamba-tuna-fish\/","og_site_name":"Ride your life","article_modified_time":"2026-04-26T16:05:15+00:00","og_image":[{"width":650,"height":850,"url":"https:\/\/glassingmonkey.com\/wp-content\/uploads\/2025\/05\/Frame-37.jpg","type":"image\/jpeg"}],"twitter_card":"summary_large_image","twitter_misc":{"Tiempo de lectura":"2 minutos"},"schema":{"@context":"https:\/\/schema.org","@graph":[{"@type":"WebPage","@id":"https:\/\/glassingmonkey.com\/es\/product\/bamba-tuna-fish\/","url":"https:\/\/glassingmonkey.com\/es\/product\/bamba-tuna-fish\/","name":"Bamba Tuna Fish - Ride Your Life | Glassing Monkey","isPartOf":{"@id":"https:\/\/glassingmonkey.com\/es\/#website"},"primaryImageOfPage":{"@id":"https:\/\/glassingmonkey.com\/es\/product\/bamba-tuna-fish\/#primaryimage"},"image":{"@id":"https:\/\/glassingmonkey.com\/es\/product\/bamba-tuna-fish\/#primaryimage"},"thumbnailUrl":"https:\/\/glassingmonkey.com\/wp-content\/uploads\/2025\/05\/Frame-37.jpg","datePublished":"2025-05-28T10:02:12+00:00","dateModified":"2026-04-26T16:05:15+00:00","description":"Atrapa cada ola con la Bamba Tuna Fish. Un dise\u00f1o de fish cl\u00e1sico con un toque moderno para m\u00e1xima velocidad y fluidez. Disponible ahora en Glassing Monkey","breadcrumb":{"@id":"https:\/\/glassingmonkey.com\/es\/product\/bamba-tuna-fish\/#breadcrumb"},"inLanguage":"es","potentialAction":[{"@type":"ReadAction","target":["https:\/\/glassingmonkey.com\/es\/product\/bamba-tuna-fish\/"]}]},{"@type":"ImageObject","inLanguage":"es","@id":"https:\/\/glassingmonkey.com\/es\/product\/bamba-tuna-fish\/#primaryimage","url":"https:\/\/glassingmonkey.com\/wp-content\/uploads\/2025\/05\/Frame-37.jpg","contentUrl":"https:\/\/glassingmonkey.com\/wp-content\/uploads\/2025\/05\/Frame-37.jpg","width":650,"height":850,"caption":"Bamba Tuna Fish"},{"@type":"BreadcrumbList","@id":"https:\/\/glassingmonkey.com\/es\/product\/bamba-tuna-fish\/#breadcrumb","itemListElement":[{"@type":"ListItem","position":1,"name":"Home","item":"https:\/\/glassingmonkey.com\/es\/"},{"@type":"ListItem","position":2,"name":"Tienda","item":"https:\/\/glassingmonkey.com\/es\/tienda\/"},{"@type":"ListItem","position":3,"name":"Bamba Tuna Fish"}]},{"@type":"WebSite","@id":"https:\/\/glassingmonkey.com\/es\/#website","url":"https:\/\/glassingmonkey.com\/es\/","name":"Glassing Monkey","description":"RIDE YOUR LIFE","publisher":{"@id":"https:\/\/glassingmonkey.com\/es\/#organization"},"potentialAction":[{"@type":"SearchAction","target":{"@type":"EntryPoint","urlTemplate":"https:\/\/glassingmonkey.com\/es\/?s={search_term_string}"},"query-input":{"@type":"PropertyValueSpecification","valueRequired":true,"valueName":"search_term_string"}}],"inLanguage":"es"},{"@type":"Organization","@id":"https:\/\/glassingmonkey.com\/es\/#organization","name":"Glassing Monkey","url":"https:\/\/glassingmonkey.com\/es\/","logo":{"@type":"ImageObject","inLanguage":"es","@id":"https:\/\/glassingmonkey.com\/es\/#\/schema\/logo\/image\/","url":"https:\/\/glassingmonkey.com\/wp-content\/uploads\/2025\/06\/Glassing-monkey-surf-factory-surf-shop.webp","contentUrl":"https:\/\/glassingmonkey.com\/wp-content\/uploads\/2025\/06\/Glassing-monkey-surf-factory-surf-shop.webp","width":786,"height":530,"caption":"Glassing Monkey"},"image":{"@id":"https:\/\/glassingmonkey.com\/es\/#\/schema\/logo\/image\/"},"sameAs":["https:\/\/www.instagram.com\/glassingmonkey\/"]}]}},"_links":{"self":[{"href":"https:\/\/glassingmonkey.com\/es\/wp-json\/wp\/v2\/product\/26736","targetHints":{"allow":["GET"]}}],"collection":[{"href":"https:\/\/glassingmonkey.com\/es\/wp-json\/wp\/v2\/product"}],"about":[{"href":"https:\/\/glassingmonkey.com\/es\/wp-json\/wp\/v2\/types\/product"}],"replies":[{"embeddable":true,"href":"https:\/\/glassingmonkey.com\/es\/wp-json\/wp\/v2\/comments?post=26736"}],"wp:featuredmedia":[{"embeddable":true,"href":"https:\/\/glassingmonkey.com\/es\/wp-json\/wp\/v2\/media\/25744"}],"wp:attachment":[{"href":"https:\/\/glassingmonkey.com\/es\/wp-json\/wp\/v2\/media?parent=26736"}],"wp:term":[{"taxonomy":"product_brand","embeddable":true,"href":"https:\/\/glassingmonkey.com\/es\/wp-json\/wp\/v2\/product_brand?post=26736"},{"taxonomy":"product_cat","embeddable":true,"href":"https:\/\/glassingmonkey.com\/es\/wp-json\/wp\/v2\/product_cat?post=26736"},{"taxonomy":"product_tag","embeddable":true,"href":"https:\/\/glassingmonkey.com\/es\/wp-json\/wp\/v2\/product_tag?post=26736"}],"curies":[{"name":"wp","href":"https:\/\/api.w.org\/{rel}","templated":true}]}}