{"id":26738,"date":"2025-05-28T12:01:37","date_gmt":"2025-05-28T10:01:37","guid":{"rendered":"https:\/\/glassingmonkey.com\/product\/bamba-mid-single\/"},"modified":"2026-04-26T20:56:09","modified_gmt":"2026-04-26T18:56:09","slug":"bamba-mid-single","status":"publish","type":"product","link":"https:\/\/glassingmonkey.com\/es\/product\/bamba-mid-single\/","title":{"rendered":"Bamba Mid Single"},"content":{"rendered":"<h1 class=\"otQkpb\" role=\"heading\" aria-level=\"3\" data-sfc-root=\"c\" data-processed=\"true\" data-complete=\"true\">Bamba Mid Single: Velocidad, flujo y rendimiento atemporal<button class=\"rBl3me\" tabindex=\"0\" data-amic=\"true\" data-icl-uuid=\"fe21aea7-19d8-4e1a-8b46-fd7868dd1377\" aria-label=\"View related links\" data-wiz-attrbind=\"disabled=q3Tidf_p\/C5gNJc;aria-label=q3Tidf_p\/bOjMyf;class=q3Tidf_p\/UpSNec\" data-ved=\"2ahUKEwjQ3taBmIyUAxWuKvsDHTr4IuMQye0OegYIAQgDEAA\" data-hveid=\"CAEIAxAA\"><\/button><\/h1>\n<div class=\"n6owBd awi2gc\" data-sfc-cp=\"\" data-sfc-root=\"c\" data-sfc-cb=\"\" data-hveid=\"CAEIBBAA\" data-complete=\"true\" data-processed=\"true\">La Bamba Mid Single destaca como un dise\u00f1o reactivo y suelto que facilita la remada en diversas condiciones. Para empezar, combinamos un contorno delantero refinado y semitradicional con una punta ancha para asegurar aceleraciones r\u00e1pidas en l\u00ednea recta. Este modelo ofrece suficiente cuerpo para proporcionar una estabilidad extra y un planeo incre\u00edble en olas d\u00e9biles o lentas. Adem\u00e1s, su configuraci\u00f3n t\u00e9cnica te permite mantener el impulso donde otras tablas suelen tener dificultades. Por lo tanto, la Mid Single representa la elecci\u00f3n perfecta para surfistas que valoran una navegaci\u00f3n r\u00e1pida, fluida y vers\u00e1til.<button class=\"rBl3me\" tabindex=\"0\" data-amic=\"true\" data-icl-uuid=\"530435ff-0957-4387-9ccb-9b847cb81290\" aria-label=\"View related links\" data-wiz-attrbind=\"disabled=q3Tidf_t\/C5gNJc;aria-label=q3Tidf_t\/bOjMyf;class=q3Tidf_t\/UpSNec\" data-ved=\"2ahUKEwjQ3taBmIyUAxWuKvsDHTr4IuMQye0OegYIAQgEEAE\" data-hveid=\"CAEIBBAB\"><\/button><\/div>\n<h2 class=\"otQkpb\" role=\"heading\" aria-level=\"3\" data-sfc-root=\"c\" data-complete=\"true\" data-processed=\"true\">Foil equilibrado y geometr\u00eda avanzada del bottom<button class=\"rBl3me\" tabindex=\"0\" data-amic=\"true\" data-icl-uuid=\"afc37d86-a154-4e30-9b5b-c5ee179a0e99\" aria-label=\"View related links\" data-wiz-attrbind=\"disabled=q3Tidf_y\/C5gNJc;aria-label=q3Tidf_y\/bOjMyf;class=q3Tidf_y\/UpSNec\" data-ved=\"2ahUKEwjQ3taBmIyUAxWuKvsDHTr4IuMQye0OegYIAQgFEAA\" data-hveid=\"CAEIBRAA\"><\/button><\/h2>\n<div class=\"n6owBd awi2gc\" data-sfc-cp=\"\" data-sfc-root=\"c\" data-sfc-cb=\"\" data-hveid=\"CAEIBhAA\" data-complete=\"true\" data-processed=\"true\">Respecto a su forma t\u00e9cnica, la tabla presenta un foil precioso que recorre con precisi\u00f3n desde la punta hasta la cola. Primero, el deck redondeado mantiene el grosor suficiente en el centro para ayudar significativamente a tu potencia de remada. Tambi\u00e9n incorporamos cantos finos para proporcionar una mayor sensibilidad y un agarre m\u00e1s profundo durante tus giros. Adicionalmente, los contornos del bottom presentan una V suave con un doble c\u00f3ncavo integrado, conocido tradicionalmente como V espiral. Consecuentemente, la tabla se inclina de lado a lado sin ninguna resistencia ni vacilaci\u00f3n. Como resultado, surfistas de todos los niveles logran transiciones suaves durante sus maniobras con total facilidad.<button class=\"rBl3me\" tabindex=\"0\" data-amic=\"true\" data-icl-uuid=\"c680e825-fa78-41c8-aec0-55b66af4244a\" aria-label=\"View related links\" data-wiz-attrbind=\"disabled=q3Tidf_12\/C5gNJc;aria-label=q3Tidf_12\/bOjMyf;class=q3Tidf_12\/UpSNec\" data-ved=\"2ahUKEwjQ3taBmIyUAxWuKvsDHTr4IuMQye0OegYIAQgGEAE\" data-hveid=\"CAEIBhAB\"><\/button><\/div>\n<h2 class=\"otQkpb\" role=\"heading\" aria-level=\"3\" data-sfc-root=\"c\" data-processed=\"true\" data-complete=\"true\">Bamba Mid Single, Rocker limpio para un flujo constante<button class=\"rBl3me\" tabindex=\"0\" data-amic=\"true\" data-icl-uuid=\"8af6ff45-53d0-4b6d-b185-8db3293c64c1\" aria-label=\"View related links\" data-wiz-attrbind=\"disabled=q3Tidf_17\/C5gNJc;aria-label=q3Tidf_17\/bOjMyf;class=q3Tidf_17\/UpSNec\" data-ved=\"2ahUKEwjQ3taBmIyUAxWuKvsDHTr4IuMQye0OegYIAQgHEAA\" data-hveid=\"CAEIBxAA\"><\/button><\/h2>\n<div class=\"n6owBd awi2gc\" data-sfc-cp=\"\" data-sfc-root=\"c\" data-sfc-cb=\"\" data-hveid=\"CAEICBAA\" data-complete=\"true\" data-processed=\"true\">Del mismo modo, el rocker consiste en una curva moderada, larga y limpia que permanece constante en todo el perfil. Este dise\u00f1o asegura que puedas remar r\u00e1pido y generar velocidad f\u00e1cilmente en cualquier parte de la ola. Espec\u00edficamente, la ausencia de cambios radicales en la curvatura ayuda a mantener el flujo y permite giros suaves a cualquier velocidad. Esta armon\u00eda t\u00e9cnica crea una sensaci\u00f3n profesional que inspira confianza al trazar l\u00edneas largas y creativas. Por esta raz\u00f3n, muchos surfistas eligen la Mid Single para experimentar la sensaci\u00f3n aut\u00e9ntica de una mid-length de alto rendimiento.<button class=\"rBl3me\" tabindex=\"0\" data-amic=\"true\" data-icl-uuid=\"bbd90f88-cba8-43df-a06a-aadbe04406f4\" aria-label=\"View related links\" data-wiz-attrbind=\"disabled=q3Tidf_1b\/C5gNJc;aria-label=q3Tidf_1b\/bOjMyf;class=q3Tidf_1b\/UpSNec\" data-ved=\"2ahUKEwjQ3taBmIyUAxWuKvsDHTr4IuMQye0OegYIAQgIEAE\" data-hveid=\"CAEICBAB\"><\/button><\/div>\n<div class=\"n6owBd awi2gc\" data-sfc-cp=\"\" data-sfc-root=\"c\" data-sfc-cb=\"\" data-hveid=\"CAEICRAA\" data-processed=\"true\" data-complete=\"true\" aria-owns=\"action-menu-parent-container\">En conclusi\u00f3n, este modelo proporciona la soluci\u00f3n definitiva para quienes buscan velocidad, estabilidad y maniobrabilidad en un solo paquete. Finalmente, a\u00f1adir una Bamba Mid Single a tu quiver te asegura estar listo para cada condici\u00f3n del oc\u00e9ano esta temporada.<\/div>\n","protected":false},"excerpt":{"rendered":"<p>F\u00e1cil de remar, sensible y suelta, la MID SINGLE presenta un outline frontal semitradicional con punta ancha, elegante y r\u00e1pido para aceleraciones en l\u00ednea recta, pero con suficiente volumen para ofrecer mayor estabilidad y deslizamiento en olas m\u00e1s lentas o d\u00e9biles.<\/p>\n","protected":false},"featured_media":25736,"comment_status":"closed","ping_status":"closed","template":"","meta":{"site-sidebar-layout":"default","site-content-layout":"","ast-site-content-layout":"default","site-content-style":"default","site-sidebar-style":"default","ast-global-header-display":"","ast-banner-title-visibility":"","ast-main-header-display":"","ast-hfb-above-header-display":"","ast-hfb-below-header-display":"","ast-hfb-mobile-header-display":"","site-post-title":"","ast-breadcrumbs-content":"","ast-featured-img":"","footer-sml-layout":"","ast-disable-related-posts":"","theme-transparent-header-meta":"default","adv-header-id-meta":"","stick-header-meta":"","header-above-stick-meta":"","header-main-stick-meta":"","header-below-stick-meta":"","astra-migrate-meta-layouts":"set","ast-page-background-enabled":"default","ast-page-background-meta":{"desktop":{"background-color":"var(--ast-global-color-5)","background-image":"","background-repeat":"repeat","background-position":"center center","background-size":"auto","background-attachment":"scroll","background-type":"","background-media":"","overlay-type":"","overlay-color":"","overlay-opacity":"","overlay-gradient":""},"tablet":{"background-color":"","background-image":"","background-repeat":"repeat","background-position":"center center","background-size":"auto","background-attachment":"scroll","background-type":"","background-media":"","overlay-type":"","overlay-color":"","overlay-opacity":"","overlay-gradient":""},"mobile":{"background-color":"","background-image":"","background-repeat":"repeat","background-position":"center center","background-size":"auto","background-attachment":"scroll","background-type":"","background-media":"","overlay-type":"","overlay-color":"","overlay-opacity":"","overlay-gradient":""}},"ast-content-background-meta":{"desktop":{"background-color":"var(--ast-global-color-4)","background-image":"","background-repeat":"repeat","background-position":"center center","background-size":"auto","background-attachment":"scroll","background-type":"","background-media":"","overlay-type":"","overlay-color":"","overlay-opacity":"","overlay-gradient":""},"tablet":{"background-color":"var(--ast-global-color-4)","background-image":"","background-repeat":"repeat","background-position":"center center","background-size":"auto","background-attachment":"scroll","background-type":"","background-media":"","overlay-type":"","overlay-color":"","overlay-opacity":"","overlay-gradient":""},"mobile":{"background-color":"var(--ast-global-color-4)","background-image":"","background-repeat":"repeat","background-position":"center center","background-size":"auto","background-attachment":"scroll","background-type":"","background-media":"","overlay-type":"","overlay-color":"","overlay-opacity":"","overlay-gradient":""}}},"product_brand":[1260],"product_cat":[1290,1374,1196],"product_tag":[1291,1375],"class_list":{"0":"post-26738","1":"product","2":"type-product","3":"status-publish","4":"has-post-thumbnail","6":"product_brand-bamba-surfboards","7":"product_cat-midlength","8":"product_cat-single","9":"product_cat-tablas-de-surf-es","10":"product_tag-midlength","11":"product_tag-single","12":"pa_model-mid-single","13":"pa_thickness-2-11-16","14":"pa_thickness-2-3-4","15":"pa_thickness-2-5-8","16":"pa_thickness-2-9-16","17":"pa_width-21-1-2","18":"pa_width-21-1-4","19":"pa_width-21-3-4","20":"pa_width-1287","21":"desktop-align-left","22":"tablet-align-left","23":"mobile-align-left","25":"first","26":"onbackorder","27":"sale","28":"shipping-taxable","29":"purchasable","30":"product-type-variable"},"yoast_head":"<!-- This site is optimized with the Yoast SEO plugin v27.4 - https:\/\/yoast.com\/product\/yoast-seo-wordpress\/ -->\n<title>Bamba Mid Single - Ride Your Life | Glassing Monkey<\/title>\n<meta name=\"description\" content=\"Disfruta de l\u00edneas fluidas y estilo cl\u00e1sico con la Bamba Mid Single. Una tabla mid-length de alto rendimiento dise\u00f1ada para un planeo sin esfuerzo.\" \/>\n<meta name=\"robots\" content=\"index, follow, max-snippet:-1, max-image-preview:large, max-video-preview:-1\" \/>\n<link rel=\"canonical\" href=\"https:\/\/glassingmonkey.com\/es\/product\/bamba-mid-single\/\" \/>\n<meta property=\"og:locale\" content=\"es_ES\" \/>\n<meta property=\"og:type\" content=\"article\" \/>\n<meta property=\"og:title\" content=\"Bamba Mid Single - Ride Your Life | Glassing Monkey\" \/>\n<meta property=\"og:description\" content=\"Disfruta de l\u00edneas fluidas y estilo cl\u00e1sico con la Bamba Mid Single. Una tabla mid-length de alto rendimiento dise\u00f1ada para un planeo sin esfuerzo.\" \/>\n<meta property=\"og:url\" content=\"https:\/\/glassingmonkey.com\/es\/product\/bamba-mid-single\/\" \/>\n<meta property=\"og:site_name\" content=\"Ride your life\" \/>\n<meta property=\"article:modified_time\" content=\"2026-04-26T18:56:09+00:00\" \/>\n<meta property=\"og:image\" content=\"https:\/\/glassingmonkey.com\/wp-content\/uploads\/2025\/05\/Frame-38.jpg\" \/>\n\t<meta property=\"og:image:width\" content=\"650\" \/>\n\t<meta property=\"og:image:height\" content=\"850\" \/>\n\t<meta property=\"og:image:type\" content=\"image\/jpeg\" \/>\n<meta name=\"twitter:card\" content=\"summary_large_image\" \/>\n<meta name=\"twitter:label1\" content=\"Tiempo de lectura\" \/>\n\t<meta name=\"twitter:data1\" content=\"2 minutos\" \/>\n<script type=\"application\/ld+json\" class=\"yoast-schema-graph\">{\"@context\":\"https:\\\/\\\/schema.org\",\"@graph\":[{\"@type\":\"WebPage\",\"@id\":\"https:\\\/\\\/glassingmonkey.com\\\/es\\\/product\\\/bamba-mid-single\\\/\",\"url\":\"https:\\\/\\\/glassingmonkey.com\\\/es\\\/product\\\/bamba-mid-single\\\/\",\"name\":\"Bamba Mid Single - Ride Your Life | Glassing Monkey\",\"isPartOf\":{\"@id\":\"https:\\\/\\\/glassingmonkey.com\\\/es\\\/#website\"},\"primaryImageOfPage\":{\"@id\":\"https:\\\/\\\/glassingmonkey.com\\\/es\\\/product\\\/bamba-mid-single\\\/#primaryimage\"},\"image\":{\"@id\":\"https:\\\/\\\/glassingmonkey.com\\\/es\\\/product\\\/bamba-mid-single\\\/#primaryimage\"},\"thumbnailUrl\":\"https:\\\/\\\/glassingmonkey.com\\\/wp-content\\\/uploads\\\/2025\\\/05\\\/Frame-38.jpg\",\"datePublished\":\"2025-05-28T10:01:37+00:00\",\"dateModified\":\"2026-04-26T18:56:09+00:00\",\"description\":\"Disfruta de l\u00edneas fluidas y estilo cl\u00e1sico con la Bamba Mid Single. Una tabla mid-length de alto rendimiento dise\u00f1ada para un planeo sin esfuerzo.\",\"breadcrumb\":{\"@id\":\"https:\\\/\\\/glassingmonkey.com\\\/es\\\/product\\\/bamba-mid-single\\\/#breadcrumb\"},\"inLanguage\":\"es\",\"potentialAction\":[{\"@type\":\"ReadAction\",\"target\":[\"https:\\\/\\\/glassingmonkey.com\\\/es\\\/product\\\/bamba-mid-single\\\/\"]}]},{\"@type\":\"ImageObject\",\"inLanguage\":\"es\",\"@id\":\"https:\\\/\\\/glassingmonkey.com\\\/es\\\/product\\\/bamba-mid-single\\\/#primaryimage\",\"url\":\"https:\\\/\\\/glassingmonkey.com\\\/wp-content\\\/uploads\\\/2025\\\/05\\\/Frame-38.jpg\",\"contentUrl\":\"https:\\\/\\\/glassingmonkey.com\\\/wp-content\\\/uploads\\\/2025\\\/05\\\/Frame-38.jpg\",\"width\":650,\"height\":850,\"caption\":\"bamba mid single\"},{\"@type\":\"BreadcrumbList\",\"@id\":\"https:\\\/\\\/glassingmonkey.com\\\/es\\\/product\\\/bamba-mid-single\\\/#breadcrumb\",\"itemListElement\":[{\"@type\":\"ListItem\",\"position\":1,\"name\":\"Home\",\"item\":\"https:\\\/\\\/glassingmonkey.com\\\/es\\\/\"},{\"@type\":\"ListItem\",\"position\":2,\"name\":\"Tienda\",\"item\":\"https:\\\/\\\/glassingmonkey.com\\\/es\\\/tienda\\\/\"},{\"@type\":\"ListItem\",\"position\":3,\"name\":\"Bamba Mid Single\"}]},{\"@type\":\"WebSite\",\"@id\":\"https:\\\/\\\/glassingmonkey.com\\\/es\\\/#website\",\"url\":\"https:\\\/\\\/glassingmonkey.com\\\/es\\\/\",\"name\":\"Glassing Monkey\",\"description\":\"RIDE YOUR LIFE\",\"publisher\":{\"@id\":\"https:\\\/\\\/glassingmonkey.com\\\/es\\\/#organization\"},\"potentialAction\":[{\"@type\":\"SearchAction\",\"target\":{\"@type\":\"EntryPoint\",\"urlTemplate\":\"https:\\\/\\\/glassingmonkey.com\\\/es\\\/?s={search_term_string}\"},\"query-input\":{\"@type\":\"PropertyValueSpecification\",\"valueRequired\":true,\"valueName\":\"search_term_string\"}}],\"inLanguage\":\"es\"},{\"@type\":\"Organization\",\"@id\":\"https:\\\/\\\/glassingmonkey.com\\\/es\\\/#organization\",\"name\":\"Glassing Monkey\",\"url\":\"https:\\\/\\\/glassingmonkey.com\\\/es\\\/\",\"logo\":{\"@type\":\"ImageObject\",\"inLanguage\":\"es\",\"@id\":\"https:\\\/\\\/glassingmonkey.com\\\/es\\\/#\\\/schema\\\/logo\\\/image\\\/\",\"url\":\"https:\\\/\\\/glassingmonkey.com\\\/wp-content\\\/uploads\\\/2025\\\/06\\\/Glassing-monkey-surf-factory-surf-shop.webp\",\"contentUrl\":\"https:\\\/\\\/glassingmonkey.com\\\/wp-content\\\/uploads\\\/2025\\\/06\\\/Glassing-monkey-surf-factory-surf-shop.webp\",\"width\":786,\"height\":530,\"caption\":\"Glassing Monkey\"},\"image\":{\"@id\":\"https:\\\/\\\/glassingmonkey.com\\\/es\\\/#\\\/schema\\\/logo\\\/image\\\/\"},\"sameAs\":[\"https:\\\/\\\/www.instagram.com\\\/glassingmonkey\\\/\"]}]}<\/script>\n<!-- \/ Yoast SEO plugin. -->","yoast_head_json":{"title":"Bamba Mid Single - Ride Your Life | Glassing Monkey","description":"Disfruta de l\u00edneas fluidas y estilo cl\u00e1sico con la Bamba Mid Single. Una tabla mid-length de alto rendimiento dise\u00f1ada para un planeo sin esfuerzo.","robots":{"index":"index","follow":"follow","max-snippet":"max-snippet:-1","max-image-preview":"max-image-preview:large","max-video-preview":"max-video-preview:-1"},"canonical":"https:\/\/glassingmonkey.com\/es\/product\/bamba-mid-single\/","og_locale":"es_ES","og_type":"article","og_title":"Bamba Mid Single - Ride Your Life | Glassing Monkey","og_description":"Disfruta de l\u00edneas fluidas y estilo cl\u00e1sico con la Bamba Mid Single. Una tabla mid-length de alto rendimiento dise\u00f1ada para un planeo sin esfuerzo.","og_url":"https:\/\/glassingmonkey.com\/es\/product\/bamba-mid-single\/","og_site_name":"Ride your life","article_modified_time":"2026-04-26T18:56:09+00:00","og_image":[{"width":650,"height":850,"url":"https:\/\/glassingmonkey.com\/wp-content\/uploads\/2025\/05\/Frame-38.jpg","type":"image\/jpeg"}],"twitter_card":"summary_large_image","twitter_misc":{"Tiempo de lectura":"2 minutos"},"schema":{"@context":"https:\/\/schema.org","@graph":[{"@type":"WebPage","@id":"https:\/\/glassingmonkey.com\/es\/product\/bamba-mid-single\/","url":"https:\/\/glassingmonkey.com\/es\/product\/bamba-mid-single\/","name":"Bamba Mid Single - Ride Your Life | Glassing Monkey","isPartOf":{"@id":"https:\/\/glassingmonkey.com\/es\/#website"},"primaryImageOfPage":{"@id":"https:\/\/glassingmonkey.com\/es\/product\/bamba-mid-single\/#primaryimage"},"image":{"@id":"https:\/\/glassingmonkey.com\/es\/product\/bamba-mid-single\/#primaryimage"},"thumbnailUrl":"https:\/\/glassingmonkey.com\/wp-content\/uploads\/2025\/05\/Frame-38.jpg","datePublished":"2025-05-28T10:01:37+00:00","dateModified":"2026-04-26T18:56:09+00:00","description":"Disfruta de l\u00edneas fluidas y estilo cl\u00e1sico con la Bamba Mid Single. Una tabla mid-length de alto rendimiento dise\u00f1ada para un planeo sin esfuerzo.","breadcrumb":{"@id":"https:\/\/glassingmonkey.com\/es\/product\/bamba-mid-single\/#breadcrumb"},"inLanguage":"es","potentialAction":[{"@type":"ReadAction","target":["https:\/\/glassingmonkey.com\/es\/product\/bamba-mid-single\/"]}]},{"@type":"ImageObject","inLanguage":"es","@id":"https:\/\/glassingmonkey.com\/es\/product\/bamba-mid-single\/#primaryimage","url":"https:\/\/glassingmonkey.com\/wp-content\/uploads\/2025\/05\/Frame-38.jpg","contentUrl":"https:\/\/glassingmonkey.com\/wp-content\/uploads\/2025\/05\/Frame-38.jpg","width":650,"height":850,"caption":"bamba mid single"},{"@type":"BreadcrumbList","@id":"https:\/\/glassingmonkey.com\/es\/product\/bamba-mid-single\/#breadcrumb","itemListElement":[{"@type":"ListItem","position":1,"name":"Home","item":"https:\/\/glassingmonkey.com\/es\/"},{"@type":"ListItem","position":2,"name":"Tienda","item":"https:\/\/glassingmonkey.com\/es\/tienda\/"},{"@type":"ListItem","position":3,"name":"Bamba Mid Single"}]},{"@type":"WebSite","@id":"https:\/\/glassingmonkey.com\/es\/#website","url":"https:\/\/glassingmonkey.com\/es\/","name":"Glassing Monkey","description":"RIDE YOUR LIFE","publisher":{"@id":"https:\/\/glassingmonkey.com\/es\/#organization"},"potentialAction":[{"@type":"SearchAction","target":{"@type":"EntryPoint","urlTemplate":"https:\/\/glassingmonkey.com\/es\/?s={search_term_string}"},"query-input":{"@type":"PropertyValueSpecification","valueRequired":true,"valueName":"search_term_string"}}],"inLanguage":"es"},{"@type":"Organization","@id":"https:\/\/glassingmonkey.com\/es\/#organization","name":"Glassing Monkey","url":"https:\/\/glassingmonkey.com\/es\/","logo":{"@type":"ImageObject","inLanguage":"es","@id":"https:\/\/glassingmonkey.com\/es\/#\/schema\/logo\/image\/","url":"https:\/\/glassingmonkey.com\/wp-content\/uploads\/2025\/06\/Glassing-monkey-surf-factory-surf-shop.webp","contentUrl":"https:\/\/glassingmonkey.com\/wp-content\/uploads\/2025\/06\/Glassing-monkey-surf-factory-surf-shop.webp","width":786,"height":530,"caption":"Glassing Monkey"},"image":{"@id":"https:\/\/glassingmonkey.com\/es\/#\/schema\/logo\/image\/"},"sameAs":["https:\/\/www.instagram.com\/glassingmonkey\/"]}]}},"_links":{"self":[{"href":"https:\/\/glassingmonkey.com\/es\/wp-json\/wp\/v2\/product\/26738","targetHints":{"allow":["GET"]}}],"collection":[{"href":"https:\/\/glassingmonkey.com\/es\/wp-json\/wp\/v2\/product"}],"about":[{"href":"https:\/\/glassingmonkey.com\/es\/wp-json\/wp\/v2\/types\/product"}],"replies":[{"embeddable":true,"href":"https:\/\/glassingmonkey.com\/es\/wp-json\/wp\/v2\/comments?post=26738"}],"wp:featuredmedia":[{"embeddable":true,"href":"https:\/\/glassingmonkey.com\/es\/wp-json\/wp\/v2\/media\/25736"}],"wp:attachment":[{"href":"https:\/\/glassingmonkey.com\/es\/wp-json\/wp\/v2\/media?parent=26738"}],"wp:term":[{"taxonomy":"product_brand","embeddable":true,"href":"https:\/\/glassingmonkey.com\/es\/wp-json\/wp\/v2\/product_brand?post=26738"},{"taxonomy":"product_cat","embeddable":true,"href":"https:\/\/glassingmonkey.com\/es\/wp-json\/wp\/v2\/product_cat?post=26738"},{"taxonomy":"product_tag","embeddable":true,"href":"https:\/\/glassingmonkey.com\/es\/wp-json\/wp\/v2\/product_tag?post=26738"}],"curies":[{"name":"wp","href":"https:\/\/api.w.org\/{rel}","templated":true}]}}