{"id":26740,"date":"2025-05-28T12:00:47","date_gmt":"2025-05-28T10:00:47","guid":{"rendered":"https:\/\/glassingmonkey.com\/product\/bamba-performance-pro\/"},"modified":"2026-04-26T21:19:59","modified_gmt":"2026-04-26T19:19:59","slug":"bamba-performance-pro","status":"publish","type":"product","link":"https:\/\/glassingmonkey.com\/es\/product\/bamba-performance-pro\/","title":{"rendered":"Bamba Performance-Pro"},"content":{"rendered":"<h1 class=\"otQkpb\" role=\"heading\" aria-level=\"3\" data-sfc-root=\"c\" data-processed=\"true\" data-complete=\"true\">Bamba Performance-Pro: Versatilidad de alto rendimiento en cada ola<button class=\"rBl3me\" tabindex=\"0\" data-amic=\"true\" data-icl-uuid=\"85409846-5804-4594-b574-61557fcf4893\" aria-label=\"View related links\" data-wiz-attrbind=\"disabled=Ug5Hnb_p\/C5gNJc;aria-label=Ug5Hnb_p\/bOjMyf;class=Ug5Hnb_p\/UpSNec\" data-ved=\"2ahUKEwiGwMOynIyUAxUPdaQEHSIXNb0Qye0OegYIAQgDEAA\" data-hveid=\"CAEIAxAA\"><\/button><\/h1>\n<div class=\"n6owBd awi2gc\" data-sfc-cp=\"\" data-sfc-root=\"c\" data-sfc-cb=\"\" data-hveid=\"CAEIBBAA\" data-complete=\"true\" data-processed=\"true\">El Bamba Performance-Pro destaca como un longboard vers\u00e1til que ofrece un rendimiento de \u00e9lite en cualquier tipo de condici\u00f3n. Para empezar, dise\u00f1amos este modelo para adaptarse sin problemas a diversos estilos de surf y exigencias t\u00e9cnicas. Esta tabla innovadora funciona como la elecci\u00f3n ideal tanto para principiantes ambiciosos como para surfistas de gran experiencia. Proporciona el equilibrio perfecto entre una maniobrabilidad radical y la estabilidad cl\u00e1sica necesaria en un longboard profesional. Por lo tanto, el Performance-Pro representa una soluci\u00f3n definitiva para quienes buscan una experiencia \u00fanica y emocionante en cada sesi\u00f3n.<button class=\"rBl3me\" tabindex=\"0\" data-amic=\"true\" data-icl-uuid=\"624c4fac-9847-4407-9614-20db03725793\" aria-label=\"View related links\" data-wiz-attrbind=\"disabled=Ug5Hnb_t\/C5gNJc;aria-label=Ug5Hnb_t\/bOjMyf;class=Ug5Hnb_t\/UpSNec\" data-ved=\"2ahUKEwiGwMOynIyUAxUPdaQEHSIXNb0Qye0OegYIAQgEEAE\" data-hveid=\"CAEIBBAB\"><\/button><\/div>\n<div class=\"Fsg96\" data-sfc-cp=\"\" data-sfc-root=\"c\" data-sfc-cb=\"\" data-complete=\"true\" data-processed=\"true\"><\/div>\n<h2 class=\"otQkpb\" role=\"heading\" aria-level=\"3\" data-sfc-root=\"c\" data-complete=\"true\" data-processed=\"true\">Dise\u00f1o t\u00e9cnico para m\u00e1xima velocidad y control, Bamba Performance-Pro<button class=\"rBl3me\" tabindex=\"0\" data-amic=\"true\" data-icl-uuid=\"09ad6e36-c936-4de4-b652-c2a89fcf07f6\" aria-label=\"View related links\" data-wiz-attrbind=\"disabled=Ug5Hnb_y\/C5gNJc;aria-label=Ug5Hnb_y\/bOjMyf;class=Ug5Hnb_y\/UpSNec\" data-ved=\"2ahUKEwiGwMOynIyUAxUPdaQEHSIXNb0Qye0OegYIAQgFEAA\" data-hveid=\"CAEIBRAA\"><\/button><\/h2>\n<div class=\"n6owBd awi2gc\" data-sfc-cp=\"\" data-sfc-root=\"c\" data-sfc-cb=\"\" data-hveid=\"CAEIBhAA\" data-complete=\"true\" data-processed=\"true\">Respecto a su silueta t\u00e9cnica, la tabla presenta un contorno refinado que promueve una velocidad inmediata y transiciones fluidas. Primero, la distribuci\u00f3n equilibrada del volumen asegura una potencia de remada excepcional y entradas muy tempranas en la ola. Esta caracter\u00edstica te permite posicionarte perfectamente antes de que la secci\u00f3n comience a levantarse. Adicionalmente, los sofisticados contornos del <em class=\"eujQNb\" data-sfc-root=\"c\" data-sfc-cb=\"\" data-complete=\"true\" data-processed=\"true\">bottom<\/em> facilitan movimientos de canto a canto sin esfuerzo durante los <em class=\"eujQNb\" data-sfc-root=\"c\" data-sfc-cb=\"\" data-complete=\"true\" data-processed=\"true\">carves<\/em> a alta velocidad. Consecuentemente, la tabla responde instant\u00e1neamente a la presi\u00f3n de tus pies, permitiendo giros cerrados que desaf\u00edan la l\u00f3gica del longboard. Como resultado, ganas un nivel de control profesional tanto en olas peque\u00f1as como en condiciones potentes.<button class=\"rBl3me\" tabindex=\"0\" data-amic=\"true\" data-icl-uuid=\"1e3b6a42-7286-470d-b6c4-e598def92b8f\" aria-label=\"View related links\" data-wiz-attrbind=\"disabled=Ug5Hnb_14\/C5gNJc;aria-label=Ug5Hnb_14\/bOjMyf;class=Ug5Hnb_14\/UpSNec\" data-ved=\"2ahUKEwiGwMOynIyUAxUPdaQEHSIXNb0Qye0OegYIAQgGEAE\" data-hveid=\"CAEIBhAB\"><\/button><\/div>\n<div class=\"n6owBd awi2gc\" data-sfc-cp=\"\" data-sfc-root=\"c\" data-sfc-cb=\"\" data-hveid=\"CAEIBxAA\" data-processed=\"true\" data-complete=\"true\">Del mismo modo, el perfil del rocker consiste en una curva larga y limpia que mantiene el impulso en las secciones planas. Espec\u00edficamente, este dise\u00f1o evita que la punta se clave en despegues tard\u00edos mientras preserva un planeo envidiable. Por otro lado, los cantos refinados ofrecen un agarre profundo y la m\u00e1xima sensibilidad cuando decides forzar los l\u00edmites de la tabla. Esta armon\u00eda t\u00e9cnica asegura que el Performance-Pro permanezca predecible pero incre\u00edblemente vivo bajo tus pies. Por esta raz\u00f3n, muchos surfistas conf\u00edan en este modelo como su herramienta principal para el surf competitivo o la diversi\u00f3n diaria.<button class=\"rBl3me\" tabindex=\"0\" data-amic=\"true\" data-icl-uuid=\"0d651756-131a-4391-83dd-f4c67da8bd61\" aria-label=\"View related links\" data-wiz-attrbind=\"disabled=Ug5Hnb_18\/C5gNJc;aria-label=Ug5Hnb_18\/bOjMyf;class=Ug5Hnb_18\/UpSNec\" data-ved=\"2ahUKEwiGwMOynIyUAxUPdaQEHSIXNb0Qye0OegYIAQgHEAE\" data-hveid=\"CAEIBxAB\"><\/button><\/div>\n<div class=\"n6owBd awi2gc\" data-sfc-cp=\"\" data-sfc-root=\"c\" data-sfc-cb=\"\" data-hveid=\"CAEICBAA\" data-processed=\"true\" data-complete=\"true\" aria-owns=\"action-menu-parent-container\">En conclusi\u00f3n, este modelo proporciona la combinaci\u00f3n definitiva de estabilidad, velocidad y agilidad de alto rendimiento. Finalmente, elegir el Bamba Performance-Pro te asegura tener el longboard m\u00e1s vers\u00e1til de toda nuestra l\u00ednea.<\/div>\n","protected":false},"excerpt":{"rendered":"<p>Este longboard vers\u00e1til ofrece un alto rendimiento en cualquier tipo de ola, adapt\u00e1ndose a diferentes estilos de surf.<\/p>\n","protected":false},"featured_media":25728,"comment_status":"closed","ping_status":"closed","template":"","meta":{"site-sidebar-layout":"default","site-content-layout":"","ast-site-content-layout":"default","site-content-style":"default","site-sidebar-style":"default","ast-global-header-display":"","ast-banner-title-visibility":"","ast-main-header-display":"","ast-hfb-above-header-display":"","ast-hfb-below-header-display":"","ast-hfb-mobile-header-display":"","site-post-title":"","ast-breadcrumbs-content":"","ast-featured-img":"","footer-sml-layout":"","ast-disable-related-posts":"","theme-transparent-header-meta":"default","adv-header-id-meta":"","stick-header-meta":"","header-above-stick-meta":"","header-main-stick-meta":"","header-below-stick-meta":"","astra-migrate-meta-layouts":"set","ast-page-background-enabled":"default","ast-page-background-meta":{"desktop":{"background-color":"var(--ast-global-color-5)","background-image":"","background-repeat":"repeat","background-position":"center center","background-size":"auto","background-attachment":"scroll","background-type":"","background-media":"","overlay-type":"","overlay-color":"","overlay-opacity":"","overlay-gradient":""},"tablet":{"background-color":"","background-image":"","background-repeat":"repeat","background-position":"center center","background-size":"auto","background-attachment":"scroll","background-type":"","background-media":"","overlay-type":"","overlay-color":"","overlay-opacity":"","overlay-gradient":""},"mobile":{"background-color":"","background-image":"","background-repeat":"repeat","background-position":"center center","background-size":"auto","background-attachment":"scroll","background-type":"","background-media":"","overlay-type":"","overlay-color":"","overlay-opacity":"","overlay-gradient":""}},"ast-content-background-meta":{"desktop":{"background-color":"var(--ast-global-color-4)","background-image":"","background-repeat":"repeat","background-position":"center center","background-size":"auto","background-attachment":"scroll","background-type":"","background-media":"","overlay-type":"","overlay-color":"","overlay-opacity":"","overlay-gradient":""},"tablet":{"background-color":"var(--ast-global-color-4)","background-image":"","background-repeat":"repeat","background-position":"center center","background-size":"auto","background-attachment":"scroll","background-type":"","background-media":"","overlay-type":"","overlay-color":"","overlay-opacity":"","overlay-gradient":""},"mobile":{"background-color":"var(--ast-global-color-4)","background-image":"","background-repeat":"repeat","background-position":"center center","background-size":"auto","background-attachment":"scroll","background-type":"","background-media":"","overlay-type":"","overlay-color":"","overlay-opacity":"","overlay-gradient":""}}},"product_brand":[1260],"product_cat":[1215,1254,1196],"product_tag":[1218,1420],"class_list":{"0":"post-26740","1":"product","2":"type-product","3":"status-publish","4":"has-post-thumbnail","6":"product_brand-bamba-surfboards","7":"product_cat-high-performance-es","8":"product_cat-longboards","9":"product_cat-tablas-de-surf-es","10":"product_tag-high-performance-es","11":"product_tag-longboard","12":"pa_model-performance-pro","13":"pa_thickness-2-13-16","14":"pa_thickness-2-15-16","15":"pa_thickness-2-3-4","16":"pa_thickness-2-7-8","17":"pa_width-22-1-2","18":"pa_width-22-1-4","19":"pa_width-22-3-4","20":"pa_width-1287","21":"desktop-align-left","22":"tablet-align-left","23":"mobile-align-left","25":"first","26":"onbackorder","27":"sale","28":"shipping-taxable","29":"purchasable","30":"product-type-variable"},"yoast_head":"<!-- This site is optimized with the Yoast SEO plugin v27.4 - https:\/\/yoast.com\/product\/yoast-seo-wordpress\/ -->\n<title>Bamba Performance-Pro \/ High Performance Longboard<\/title>\n<meta name=\"description\" content=\"Supera tus l\u00edmites con la Bamba Performance-Pro. Un Longboard de alto rendimiento construido para maniobras explosivas y precisi\u00f3n de \u00e9lite. Compralo online\" \/>\n<meta name=\"robots\" content=\"index, follow, max-snippet:-1, max-image-preview:large, max-video-preview:-1\" \/>\n<link rel=\"canonical\" href=\"https:\/\/glassingmonkey.com\/es\/product\/bamba-performance-pro\/\" \/>\n<meta property=\"og:locale\" content=\"es_ES\" \/>\n<meta property=\"og:type\" content=\"article\" \/>\n<meta property=\"og:title\" content=\"Bamba Performance-Pro \/ High Performance Longboard\" \/>\n<meta property=\"og:description\" content=\"Supera tus l\u00edmites con la Bamba Performance-Pro. Un Longboard de alto rendimiento construido para maniobras explosivas y precisi\u00f3n de \u00e9lite. Compralo online\" \/>\n<meta property=\"og:url\" content=\"https:\/\/glassingmonkey.com\/es\/product\/bamba-performance-pro\/\" \/>\n<meta property=\"og:site_name\" content=\"Ride your life\" \/>\n<meta property=\"article:modified_time\" content=\"2026-04-26T19:19:59+00:00\" \/>\n<meta property=\"og:image\" content=\"https:\/\/glassingmonkey.com\/wp-content\/uploads\/2025\/05\/Frame-46.jpg\" \/>\n\t<meta property=\"og:image:width\" content=\"650\" \/>\n\t<meta property=\"og:image:height\" content=\"850\" \/>\n\t<meta property=\"og:image:type\" content=\"image\/jpeg\" \/>\n<meta name=\"twitter:card\" content=\"summary_large_image\" \/>\n<meta name=\"twitter:label1\" content=\"Tiempo de lectura\" \/>\n\t<meta name=\"twitter:data1\" content=\"2 minutos\" \/>\n<script type=\"application\/ld+json\" class=\"yoast-schema-graph\">{\"@context\":\"https:\\\/\\\/schema.org\",\"@graph\":[{\"@type\":\"WebPage\",\"@id\":\"https:\\\/\\\/glassingmonkey.com\\\/es\\\/product\\\/bamba-performance-pro\\\/\",\"url\":\"https:\\\/\\\/glassingmonkey.com\\\/es\\\/product\\\/bamba-performance-pro\\\/\",\"name\":\"Bamba Performance-Pro \\\/ High Performance Longboard\",\"isPartOf\":{\"@id\":\"https:\\\/\\\/glassingmonkey.com\\\/es\\\/#website\"},\"primaryImageOfPage\":{\"@id\":\"https:\\\/\\\/glassingmonkey.com\\\/es\\\/product\\\/bamba-performance-pro\\\/#primaryimage\"},\"image\":{\"@id\":\"https:\\\/\\\/glassingmonkey.com\\\/es\\\/product\\\/bamba-performance-pro\\\/#primaryimage\"},\"thumbnailUrl\":\"https:\\\/\\\/glassingmonkey.com\\\/wp-content\\\/uploads\\\/2025\\\/05\\\/Frame-46.jpg\",\"datePublished\":\"2025-05-28T10:00:47+00:00\",\"dateModified\":\"2026-04-26T19:19:59+00:00\",\"description\":\"Supera tus l\u00edmites con la Bamba Performance-Pro. Un Longboard de alto rendimiento construido para maniobras explosivas y precisi\u00f3n de \u00e9lite. Compralo online\",\"breadcrumb\":{\"@id\":\"https:\\\/\\\/glassingmonkey.com\\\/es\\\/product\\\/bamba-performance-pro\\\/#breadcrumb\"},\"inLanguage\":\"es\",\"potentialAction\":[{\"@type\":\"ReadAction\",\"target\":[\"https:\\\/\\\/glassingmonkey.com\\\/es\\\/product\\\/bamba-performance-pro\\\/\"]}]},{\"@type\":\"ImageObject\",\"inLanguage\":\"es\",\"@id\":\"https:\\\/\\\/glassingmonkey.com\\\/es\\\/product\\\/bamba-performance-pro\\\/#primaryimage\",\"url\":\"https:\\\/\\\/glassingmonkey.com\\\/wp-content\\\/uploads\\\/2025\\\/05\\\/Frame-46.jpg\",\"contentUrl\":\"https:\\\/\\\/glassingmonkey.com\\\/wp-content\\\/uploads\\\/2025\\\/05\\\/Frame-46.jpg\",\"width\":650,\"height\":850,\"caption\":\"bamba performance-pro\"},{\"@type\":\"BreadcrumbList\",\"@id\":\"https:\\\/\\\/glassingmonkey.com\\\/es\\\/product\\\/bamba-performance-pro\\\/#breadcrumb\",\"itemListElement\":[{\"@type\":\"ListItem\",\"position\":1,\"name\":\"Home\",\"item\":\"https:\\\/\\\/glassingmonkey.com\\\/es\\\/\"},{\"@type\":\"ListItem\",\"position\":2,\"name\":\"Tienda\",\"item\":\"https:\\\/\\\/glassingmonkey.com\\\/es\\\/tienda\\\/\"},{\"@type\":\"ListItem\",\"position\":3,\"name\":\"Bamba Performance-Pro\"}]},{\"@type\":\"WebSite\",\"@id\":\"https:\\\/\\\/glassingmonkey.com\\\/es\\\/#website\",\"url\":\"https:\\\/\\\/glassingmonkey.com\\\/es\\\/\",\"name\":\"Glassing Monkey\",\"description\":\"RIDE YOUR LIFE\",\"publisher\":{\"@id\":\"https:\\\/\\\/glassingmonkey.com\\\/es\\\/#organization\"},\"potentialAction\":[{\"@type\":\"SearchAction\",\"target\":{\"@type\":\"EntryPoint\",\"urlTemplate\":\"https:\\\/\\\/glassingmonkey.com\\\/es\\\/?s={search_term_string}\"},\"query-input\":{\"@type\":\"PropertyValueSpecification\",\"valueRequired\":true,\"valueName\":\"search_term_string\"}}],\"inLanguage\":\"es\"},{\"@type\":\"Organization\",\"@id\":\"https:\\\/\\\/glassingmonkey.com\\\/es\\\/#organization\",\"name\":\"Glassing Monkey\",\"url\":\"https:\\\/\\\/glassingmonkey.com\\\/es\\\/\",\"logo\":{\"@type\":\"ImageObject\",\"inLanguage\":\"es\",\"@id\":\"https:\\\/\\\/glassingmonkey.com\\\/es\\\/#\\\/schema\\\/logo\\\/image\\\/\",\"url\":\"https:\\\/\\\/glassingmonkey.com\\\/wp-content\\\/uploads\\\/2025\\\/06\\\/Glassing-monkey-surf-factory-surf-shop.webp\",\"contentUrl\":\"https:\\\/\\\/glassingmonkey.com\\\/wp-content\\\/uploads\\\/2025\\\/06\\\/Glassing-monkey-surf-factory-surf-shop.webp\",\"width\":786,\"height\":530,\"caption\":\"Glassing Monkey\"},\"image\":{\"@id\":\"https:\\\/\\\/glassingmonkey.com\\\/es\\\/#\\\/schema\\\/logo\\\/image\\\/\"},\"sameAs\":[\"https:\\\/\\\/www.instagram.com\\\/glassingmonkey\\\/\"]}]}<\/script>\n<!-- \/ Yoast SEO plugin. -->","yoast_head_json":{"title":"Bamba Performance-Pro \/ High Performance Longboard","description":"Supera tus l\u00edmites con la Bamba Performance-Pro. Un Longboard de alto rendimiento construido para maniobras explosivas y precisi\u00f3n de \u00e9lite. Compralo online","robots":{"index":"index","follow":"follow","max-snippet":"max-snippet:-1","max-image-preview":"max-image-preview:large","max-video-preview":"max-video-preview:-1"},"canonical":"https:\/\/glassingmonkey.com\/es\/product\/bamba-performance-pro\/","og_locale":"es_ES","og_type":"article","og_title":"Bamba Performance-Pro \/ High Performance Longboard","og_description":"Supera tus l\u00edmites con la Bamba Performance-Pro. Un Longboard de alto rendimiento construido para maniobras explosivas y precisi\u00f3n de \u00e9lite. Compralo online","og_url":"https:\/\/glassingmonkey.com\/es\/product\/bamba-performance-pro\/","og_site_name":"Ride your life","article_modified_time":"2026-04-26T19:19:59+00:00","og_image":[{"width":650,"height":850,"url":"https:\/\/glassingmonkey.com\/wp-content\/uploads\/2025\/05\/Frame-46.jpg","type":"image\/jpeg"}],"twitter_card":"summary_large_image","twitter_misc":{"Tiempo de lectura":"2 minutos"},"schema":{"@context":"https:\/\/schema.org","@graph":[{"@type":"WebPage","@id":"https:\/\/glassingmonkey.com\/es\/product\/bamba-performance-pro\/","url":"https:\/\/glassingmonkey.com\/es\/product\/bamba-performance-pro\/","name":"Bamba Performance-Pro \/ High Performance Longboard","isPartOf":{"@id":"https:\/\/glassingmonkey.com\/es\/#website"},"primaryImageOfPage":{"@id":"https:\/\/glassingmonkey.com\/es\/product\/bamba-performance-pro\/#primaryimage"},"image":{"@id":"https:\/\/glassingmonkey.com\/es\/product\/bamba-performance-pro\/#primaryimage"},"thumbnailUrl":"https:\/\/glassingmonkey.com\/wp-content\/uploads\/2025\/05\/Frame-46.jpg","datePublished":"2025-05-28T10:00:47+00:00","dateModified":"2026-04-26T19:19:59+00:00","description":"Supera tus l\u00edmites con la Bamba Performance-Pro. Un Longboard de alto rendimiento construido para maniobras explosivas y precisi\u00f3n de \u00e9lite. Compralo online","breadcrumb":{"@id":"https:\/\/glassingmonkey.com\/es\/product\/bamba-performance-pro\/#breadcrumb"},"inLanguage":"es","potentialAction":[{"@type":"ReadAction","target":["https:\/\/glassingmonkey.com\/es\/product\/bamba-performance-pro\/"]}]},{"@type":"ImageObject","inLanguage":"es","@id":"https:\/\/glassingmonkey.com\/es\/product\/bamba-performance-pro\/#primaryimage","url":"https:\/\/glassingmonkey.com\/wp-content\/uploads\/2025\/05\/Frame-46.jpg","contentUrl":"https:\/\/glassingmonkey.com\/wp-content\/uploads\/2025\/05\/Frame-46.jpg","width":650,"height":850,"caption":"bamba performance-pro"},{"@type":"BreadcrumbList","@id":"https:\/\/glassingmonkey.com\/es\/product\/bamba-performance-pro\/#breadcrumb","itemListElement":[{"@type":"ListItem","position":1,"name":"Home","item":"https:\/\/glassingmonkey.com\/es\/"},{"@type":"ListItem","position":2,"name":"Tienda","item":"https:\/\/glassingmonkey.com\/es\/tienda\/"},{"@type":"ListItem","position":3,"name":"Bamba Performance-Pro"}]},{"@type":"WebSite","@id":"https:\/\/glassingmonkey.com\/es\/#website","url":"https:\/\/glassingmonkey.com\/es\/","name":"Glassing Monkey","description":"RIDE YOUR LIFE","publisher":{"@id":"https:\/\/glassingmonkey.com\/es\/#organization"},"potentialAction":[{"@type":"SearchAction","target":{"@type":"EntryPoint","urlTemplate":"https:\/\/glassingmonkey.com\/es\/?s={search_term_string}"},"query-input":{"@type":"PropertyValueSpecification","valueRequired":true,"valueName":"search_term_string"}}],"inLanguage":"es"},{"@type":"Organization","@id":"https:\/\/glassingmonkey.com\/es\/#organization","name":"Glassing Monkey","url":"https:\/\/glassingmonkey.com\/es\/","logo":{"@type":"ImageObject","inLanguage":"es","@id":"https:\/\/glassingmonkey.com\/es\/#\/schema\/logo\/image\/","url":"https:\/\/glassingmonkey.com\/wp-content\/uploads\/2025\/06\/Glassing-monkey-surf-factory-surf-shop.webp","contentUrl":"https:\/\/glassingmonkey.com\/wp-content\/uploads\/2025\/06\/Glassing-monkey-surf-factory-surf-shop.webp","width":786,"height":530,"caption":"Glassing Monkey"},"image":{"@id":"https:\/\/glassingmonkey.com\/es\/#\/schema\/logo\/image\/"},"sameAs":["https:\/\/www.instagram.com\/glassingmonkey\/"]}]}},"_links":{"self":[{"href":"https:\/\/glassingmonkey.com\/es\/wp-json\/wp\/v2\/product\/26740","targetHints":{"allow":["GET"]}}],"collection":[{"href":"https:\/\/glassingmonkey.com\/es\/wp-json\/wp\/v2\/product"}],"about":[{"href":"https:\/\/glassingmonkey.com\/es\/wp-json\/wp\/v2\/types\/product"}],"replies":[{"embeddable":true,"href":"https:\/\/glassingmonkey.com\/es\/wp-json\/wp\/v2\/comments?post=26740"}],"wp:featuredmedia":[{"embeddable":true,"href":"https:\/\/glassingmonkey.com\/es\/wp-json\/wp\/v2\/media\/25728"}],"wp:attachment":[{"href":"https:\/\/glassingmonkey.com\/es\/wp-json\/wp\/v2\/media?parent=26740"}],"wp:term":[{"taxonomy":"product_brand","embeddable":true,"href":"https:\/\/glassingmonkey.com\/es\/wp-json\/wp\/v2\/product_brand?post=26740"},{"taxonomy":"product_cat","embeddable":true,"href":"https:\/\/glassingmonkey.com\/es\/wp-json\/wp\/v2\/product_cat?post=26740"},{"taxonomy":"product_tag","embeddable":true,"href":"https:\/\/glassingmonkey.com\/es\/wp-json\/wp\/v2\/product_tag?post=26740"}],"curies":[{"name":"wp","href":"https:\/\/api.w.org\/{rel}","templated":true}]}}