{"id":26742,"date":"2025-05-28T12:00:46","date_gmt":"2025-05-28T10:00:46","guid":{"rendered":"https:\/\/glassingmonkey.com\/product\/bamba-mvp\/"},"modified":"2026-04-26T21:36:39","modified_gmt":"2026-04-26T19:36:39","slug":"bamba-mvp-all-round-longboard","status":"publish","type":"product","link":"https:\/\/glassingmonkey.com\/es\/product\/bamba-mvp-all-round-longboard\/","title":{"rendered":"Bamba MVP"},"content":{"rendered":"<h1 class=\"otQkpb\" role=\"heading\" aria-level=\"3\" data-sfc-root=\"c\" data-processed=\"true\" data-complete=\"true\">Bamba MVP: El longboard todoterreno de alto rendimiento<button class=\"rBl3me\" tabindex=\"0\" data-amic=\"true\" data-icl-uuid=\"74357adf-c3dc-4034-a555-a93983b8b905\" aria-label=\"View related links\" data-wiz-attrbind=\"disabled=plqTne_p\/C5gNJc;aria-label=plqTne_p\/bOjMyf;class=plqTne_p\/UpSNec\" data-ved=\"2ahUKEwjuw63DoIyUAxXXzQIHHUBBOQEQye0OegYIAQgDEAA\" data-hveid=\"CAEIAxAA\"><\/button><\/h1>\n<div class=\"n6owBd awi2gc\" data-sfc-cp=\"\" data-sfc-root=\"c\" data-sfc-cb=\"\" data-hveid=\"CAEIBBAA\" data-complete=\"true\" data-processed=\"true\">El Bamba MVP destaca como un longboard verdaderamente todoterreno capaz de enfrentarse a cualquier tipo de condici\u00f3n. Para empezar, dise\u00f1amos este modelo para gestionar desde ondas suaves y peque\u00f1as hasta paredes grandes y empinadas. Esta tabla combina con \u00e9xito una est\u00e9tica cl\u00e1sica con un rendimiento progresivo para el surfista moderno. Permite un estilo tradicional mientras ofrece una maniobrabilidad de alta gama gracias a la armon\u00eda estrat\u00e9gica entre su punta y su cola. Por lo tanto, el MVP representa una soluci\u00f3n definitiva para quienes buscan una experiencia de surf inigualable y vers\u00e1til.<button class=\"rBl3me\" tabindex=\"0\" data-amic=\"true\" data-icl-uuid=\"075fe131-40cc-4ce5-97cc-f440f9efcc4d\" aria-label=\"View related links\" data-wiz-attrbind=\"disabled=plqTne_t\/C5gNJc;aria-label=plqTne_t\/bOjMyf;class=plqTne_t\/UpSNec\" data-ved=\"2ahUKEwjuw63DoIyUAxXXzQIHHUBBOQEQye0OegYIAQgEEAE\" data-hveid=\"CAEIBBAB\"><\/button><\/div>\n<div class=\"Fsg96\" data-sfc-cp=\"\" data-sfc-root=\"c\" data-sfc-cb=\"\" data-complete=\"true\" data-processed=\"true\"><\/div>\n<h2 class=\"otQkpb\" role=\"heading\" aria-level=\"3\" data-sfc-root=\"c\" data-complete=\"true\" data-processed=\"true\">Dise\u00f1o h\u00edbrido para maniobras cl\u00e1sicas y progresivas con Bamba MVP<button class=\"rBl3me\" tabindex=\"0\" data-amic=\"true\" data-icl-uuid=\"dd7be27f-baa2-41ee-b798-93e89ae07546\" aria-label=\"View related links\" data-wiz-attrbind=\"disabled=plqTne_y\/C5gNJc;aria-label=plqTne_y\/bOjMyf;class=plqTne_y\/UpSNec\" data-ved=\"2ahUKEwjuw63DoIyUAxXXzQIHHUBBOQEQye0OegYIAQgFEAA\" data-hveid=\"CAEIBRAA\"><\/button><\/h2>\n<div class=\"n6owBd awi2gc\" data-sfc-cp=\"\" data-sfc-root=\"c\" data-sfc-cb=\"\" data-hveid=\"CAEIBhAA\" data-complete=\"true\" data-processed=\"true\">Respecto a su silueta t\u00e9cnica, el MVP se adapta perfectamente tanto al <em class=\"eujQNb\" data-sfc-root=\"c\" data-sfc-cb=\"\" data-complete=\"true\" data-processed=\"true\">longboarding<\/em>cl\u00e1sico como a movimientos modernos de estilo <em class=\"eujQNb\" data-sfc-root=\"c\" data-sfc-cb=\"\" data-complete=\"true\" data-processed=\"true\">shortboard<\/em>. Primero, su dise\u00f1o h\u00edbrido cierra la brecha entre dos eras diferentes de la ingenier\u00eda de tablas de surf. Esta caracter\u00edstica te permite transicionar de un planeo suave a <em class=\"eujQNb\" data-sfc-root=\"c\" data-sfc-cb=\"\" data-complete=\"true\" data-processed=\"true\">carves<\/em> agresivos dentro de la misma sesi\u00f3n. Adicionalmente, la cola refinada proporciona el agarre necesario para ejecutar giros radicales en secciones cr\u00edticas de la ola. Consecuentemente, la tabla permanece incre\u00edblemente reactiva sin importar la potencia o el tama\u00f1o del mar. Como resultado, ganas un nivel de control que inspira confianza en diversos entornos.<button class=\"rBl3me\" tabindex=\"0\" data-amic=\"true\" data-icl-uuid=\"a19be76b-643a-4028-840d-25cb12ce0950\" aria-label=\"View related links\" data-wiz-attrbind=\"disabled=plqTne_15\/C5gNJc;aria-label=plqTne_15\/bOjMyf;class=plqTne_15\/UpSNec\" data-ved=\"2ahUKEwjuw63DoIyUAxXXzQIHHUBBOQEQye0OegYIAQgGEAE\" data-hveid=\"CAEIBhAB\"><\/button><\/div>\n<div class=\"n6owBd awi2gc\" data-sfc-cp=\"\" data-sfc-root=\"c\" data-sfc-cb=\"\" data-hveid=\"CAEIBxAA\" data-processed=\"true\" data-complete=\"true\">Del mismo modo, una de sus caracter\u00edsticas m\u00e1s destacadas reside en su zona del <em class=\"eujQNb\" data-sfc-root=\"c\" data-sfc-cb=\"\" data-complete=\"true\" data-processed=\"true\">nose<\/em> espec\u00edficamente dise\u00f1ada. Espec\u00edficamente, este dise\u00f1o facilita <em class=\"eujQNb\" data-sfc-root=\"c\" data-sfc-cb=\"\" data-complete=\"true\" data-processed=\"true\">noserides<\/em> largos y estables al proporcionar una sensaci\u00f3n excepcional de equilibrio y sustentaci\u00f3n. Por otro lado, la distribuci\u00f3n equilibrada del volumen asegura una gran velocidad de remada y una entrada sin esfuerzo en la ola. Esta armon\u00eda t\u00e9cnica asegura que el MVP permanezca predecible pero vivo bajo tus pies en todo momento. Por esta raz\u00f3n, muchos surfistas expertos eligen este modelo como su herramienta principal tanto para sesiones diarias como para eventos competitivos.<button class=\"rBl3me\" tabindex=\"0\" data-amic=\"true\" data-icl-uuid=\"b670d8d4-a39c-4bab-9bcf-b9de8e92b9ff\" aria-label=\"View related links\" data-wiz-attrbind=\"disabled=plqTne_1b\/C5gNJc;aria-label=plqTne_1b\/bOjMyf;class=plqTne_1b\/UpSNec\" data-ved=\"2ahUKEwjuw63DoIyUAxXXzQIHHUBBOQEQye0OegYIAQgHEAE\" data-hveid=\"CAEIBxAB\"><\/button><\/div>\n<div class=\"n6owBd awi2gc\" data-sfc-cp=\"\" data-sfc-root=\"c\" data-sfc-cb=\"\" data-hveid=\"CAEICBAA\" data-processed=\"true\" data-complete=\"true\" aria-owns=\"action-menu-parent-container\">En conclusi\u00f3n, este modelo proporciona la combinaci\u00f3n definitiva de estabilidad, estilo y agilidad de alto rendimiento. Finalmente, a\u00f1adir un Bamba MVP a tu <em class=\"eujQNb\" data-sfc-root=\"c\" data-sfc-cb=\"\" data-complete=\"true\" data-processed=\"true\">quiver <\/em>asegura que estar\u00e1s listo para cualquier ola.<\/div>\n","protected":false},"excerpt":{"rendered":"<p>El MVP es un longboard todoterreno, capaz de afrontar cualquier tipo de ola, desde las m\u00e1s suaves y peque\u00f1as hasta las grandes y empinadas.<\/p>\n","protected":false},"featured_media":25724,"comment_status":"closed","ping_status":"closed","template":"","meta":{"site-sidebar-layout":"default","site-content-layout":"","ast-site-content-layout":"default","site-content-style":"default","site-sidebar-style":"default","ast-global-header-display":"","ast-banner-title-visibility":"","ast-main-header-display":"","ast-hfb-above-header-display":"","ast-hfb-below-header-display":"","ast-hfb-mobile-header-display":"","site-post-title":"","ast-breadcrumbs-content":"","ast-featured-img":"","footer-sml-layout":"","ast-disable-related-posts":"","theme-transparent-header-meta":"default","adv-header-id-meta":"","stick-header-meta":"","header-above-stick-meta":"","header-main-stick-meta":"","header-below-stick-meta":"","astra-migrate-meta-layouts":"set","ast-page-background-enabled":"default","ast-page-background-meta":{"desktop":{"background-color":"var(--ast-global-color-5)","background-image":"","background-repeat":"repeat","background-position":"center center","background-size":"auto","background-attachment":"scroll","background-type":"","background-media":"","overlay-type":"","overlay-color":"","overlay-opacity":"","overlay-gradient":""},"tablet":{"background-color":"","background-image":"","background-repeat":"repeat","background-position":"center center","background-size":"auto","background-attachment":"scroll","background-type":"","background-media":"","overlay-type":"","overlay-color":"","overlay-opacity":"","overlay-gradient":""},"mobile":{"background-color":"","background-image":"","background-repeat":"repeat","background-position":"center center","background-size":"auto","background-attachment":"scroll","background-type":"","background-media":"","overlay-type":"","overlay-color":"","overlay-opacity":"","overlay-gradient":""}},"ast-content-background-meta":{"desktop":{"background-color":"var(--ast-global-color-4)","background-image":"","background-repeat":"repeat","background-position":"center center","background-size":"auto","background-attachment":"scroll","background-type":"","background-media":"","overlay-type":"","overlay-color":"","overlay-opacity":"","overlay-gradient":""},"tablet":{"background-color":"var(--ast-global-color-4)","background-image":"","background-repeat":"repeat","background-position":"center center","background-size":"auto","background-attachment":"scroll","background-type":"","background-media":"","overlay-type":"","overlay-color":"","overlay-opacity":"","overlay-gradient":""},"mobile":{"background-color":"var(--ast-global-color-4)","background-image":"","background-repeat":"repeat","background-position":"center center","background-size":"auto","background-attachment":"scroll","background-type":"","background-media":"","overlay-type":"","overlay-color":"","overlay-opacity":"","overlay-gradient":""}}},"product_brand":[1260],"product_cat":[1307,1254,1196],"product_tag":[1308,1420],"class_list":{"0":"post-26742","1":"product","2":"type-product","3":"status-publish","4":"has-post-thumbnail","6":"product_brand-bamba-surfboards","7":"product_cat-allround","8":"product_cat-longboards","9":"product_cat-tablas-de-surf-es","10":"product_tag-all-round","11":"product_tag-longboard","12":"pa_model-mvp","13":"pa_thickness-2-13-16","14":"pa_thickness-2-15-16","15":"pa_thickness-2-3-4","16":"pa_thickness-2-7-8","17":"pa_width-22-1-2","18":"pa_width-22-1-4","19":"pa_width-22-3-4","20":"pa_width-1287","21":"desktop-align-left","22":"tablet-align-left","23":"mobile-align-left","25":"first","26":"onbackorder","27":"sale","28":"shipping-taxable","29":"purchasable","30":"product-type-variable"},"yoast_head":"<!-- This site is optimized with the Yoast SEO plugin v27.4 - https:\/\/yoast.com\/product\/yoast-seo-wordpress\/ -->\n<title>Bamba MVP All Round Longboard | Glassing Monkey<\/title>\n<meta name=\"description\" content=\"Descubre el Bamba MVP, el all round longboard definitivo para cualquier condici\u00f3n. Equilibrio perfecto entre planeo y maniobrabilidad. C\u00f3mpralo online\" \/>\n<meta name=\"robots\" content=\"index, follow, max-snippet:-1, max-image-preview:large, max-video-preview:-1\" \/>\n<link rel=\"canonical\" href=\"https:\/\/glassingmonkey.com\/es\/product\/bamba-mvp-all-round-longboard\/\" \/>\n<meta property=\"og:locale\" content=\"es_ES\" \/>\n<meta property=\"og:type\" content=\"article\" \/>\n<meta property=\"og:title\" content=\"Bamba MVP All Round Longboard | Glassing Monkey\" \/>\n<meta property=\"og:description\" content=\"Descubre el Bamba MVP, el all round longboard definitivo para cualquier condici\u00f3n. Equilibrio perfecto entre planeo y maniobrabilidad. C\u00f3mpralo online\" \/>\n<meta property=\"og:url\" content=\"https:\/\/glassingmonkey.com\/es\/product\/bamba-mvp-all-round-longboard\/\" \/>\n<meta property=\"og:site_name\" content=\"Ride your life\" \/>\n<meta property=\"article:modified_time\" content=\"2026-04-26T19:36:39+00:00\" \/>\n<meta property=\"og:image\" content=\"https:\/\/glassingmonkey.com\/wp-content\/uploads\/2025\/05\/Frame-45.jpg\" \/>\n\t<meta property=\"og:image:width\" content=\"650\" \/>\n\t<meta property=\"og:image:height\" content=\"850\" \/>\n\t<meta property=\"og:image:type\" content=\"image\/jpeg\" \/>\n<meta name=\"twitter:card\" content=\"summary_large_image\" \/>\n<meta name=\"twitter:label1\" content=\"Tiempo de lectura\" \/>\n\t<meta name=\"twitter:data1\" content=\"2 minutos\" \/>\n<script type=\"application\/ld+json\" class=\"yoast-schema-graph\">{\"@context\":\"https:\\\/\\\/schema.org\",\"@graph\":[{\"@type\":\"WebPage\",\"@id\":\"https:\\\/\\\/glassingmonkey.com\\\/es\\\/product\\\/bamba-mvp-all-round-longboard\\\/\",\"url\":\"https:\\\/\\\/glassingmonkey.com\\\/es\\\/product\\\/bamba-mvp-all-round-longboard\\\/\",\"name\":\"Bamba MVP All Round Longboard | Glassing Monkey\",\"isPartOf\":{\"@id\":\"https:\\\/\\\/glassingmonkey.com\\\/es\\\/#website\"},\"primaryImageOfPage\":{\"@id\":\"https:\\\/\\\/glassingmonkey.com\\\/es\\\/product\\\/bamba-mvp-all-round-longboard\\\/#primaryimage\"},\"image\":{\"@id\":\"https:\\\/\\\/glassingmonkey.com\\\/es\\\/product\\\/bamba-mvp-all-round-longboard\\\/#primaryimage\"},\"thumbnailUrl\":\"https:\\\/\\\/glassingmonkey.com\\\/wp-content\\\/uploads\\\/2025\\\/05\\\/Frame-45.jpg\",\"datePublished\":\"2025-05-28T10:00:46+00:00\",\"dateModified\":\"2026-04-26T19:36:39+00:00\",\"description\":\"Descubre el Bamba MVP, el all round longboard definitivo para cualquier condici\u00f3n. Equilibrio perfecto entre planeo y maniobrabilidad. C\u00f3mpralo online\",\"breadcrumb\":{\"@id\":\"https:\\\/\\\/glassingmonkey.com\\\/es\\\/product\\\/bamba-mvp-all-round-longboard\\\/#breadcrumb\"},\"inLanguage\":\"es\",\"potentialAction\":[{\"@type\":\"ReadAction\",\"target\":[\"https:\\\/\\\/glassingmonkey.com\\\/es\\\/product\\\/bamba-mvp-all-round-longboard\\\/\"]}]},{\"@type\":\"ImageObject\",\"inLanguage\":\"es\",\"@id\":\"https:\\\/\\\/glassingmonkey.com\\\/es\\\/product\\\/bamba-mvp-all-round-longboard\\\/#primaryimage\",\"url\":\"https:\\\/\\\/glassingmonkey.com\\\/wp-content\\\/uploads\\\/2025\\\/05\\\/Frame-45.jpg\",\"contentUrl\":\"https:\\\/\\\/glassingmonkey.com\\\/wp-content\\\/uploads\\\/2025\\\/05\\\/Frame-45.jpg\",\"width\":650,\"height\":850,\"caption\":\"Bamba MVP\"},{\"@type\":\"BreadcrumbList\",\"@id\":\"https:\\\/\\\/glassingmonkey.com\\\/es\\\/product\\\/bamba-mvp-all-round-longboard\\\/#breadcrumb\",\"itemListElement\":[{\"@type\":\"ListItem\",\"position\":1,\"name\":\"Home\",\"item\":\"https:\\\/\\\/glassingmonkey.com\\\/es\\\/\"},{\"@type\":\"ListItem\",\"position\":2,\"name\":\"Tienda\",\"item\":\"https:\\\/\\\/glassingmonkey.com\\\/es\\\/tienda\\\/\"},{\"@type\":\"ListItem\",\"position\":3,\"name\":\"Bamba MVP\"}]},{\"@type\":\"WebSite\",\"@id\":\"https:\\\/\\\/glassingmonkey.com\\\/es\\\/#website\",\"url\":\"https:\\\/\\\/glassingmonkey.com\\\/es\\\/\",\"name\":\"Glassing Monkey\",\"description\":\"RIDE YOUR LIFE\",\"publisher\":{\"@id\":\"https:\\\/\\\/glassingmonkey.com\\\/es\\\/#organization\"},\"potentialAction\":[{\"@type\":\"SearchAction\",\"target\":{\"@type\":\"EntryPoint\",\"urlTemplate\":\"https:\\\/\\\/glassingmonkey.com\\\/es\\\/?s={search_term_string}\"},\"query-input\":{\"@type\":\"PropertyValueSpecification\",\"valueRequired\":true,\"valueName\":\"search_term_string\"}}],\"inLanguage\":\"es\"},{\"@type\":\"Organization\",\"@id\":\"https:\\\/\\\/glassingmonkey.com\\\/es\\\/#organization\",\"name\":\"Glassing Monkey\",\"url\":\"https:\\\/\\\/glassingmonkey.com\\\/es\\\/\",\"logo\":{\"@type\":\"ImageObject\",\"inLanguage\":\"es\",\"@id\":\"https:\\\/\\\/glassingmonkey.com\\\/es\\\/#\\\/schema\\\/logo\\\/image\\\/\",\"url\":\"https:\\\/\\\/glassingmonkey.com\\\/wp-content\\\/uploads\\\/2025\\\/06\\\/Glassing-monkey-surf-factory-surf-shop.webp\",\"contentUrl\":\"https:\\\/\\\/glassingmonkey.com\\\/wp-content\\\/uploads\\\/2025\\\/06\\\/Glassing-monkey-surf-factory-surf-shop.webp\",\"width\":786,\"height\":530,\"caption\":\"Glassing Monkey\"},\"image\":{\"@id\":\"https:\\\/\\\/glassingmonkey.com\\\/es\\\/#\\\/schema\\\/logo\\\/image\\\/\"},\"sameAs\":[\"https:\\\/\\\/www.instagram.com\\\/glassingmonkey\\\/\"]}]}<\/script>\n<!-- \/ Yoast SEO plugin. -->","yoast_head_json":{"title":"Bamba MVP All Round Longboard | Glassing Monkey","description":"Descubre el Bamba MVP, el all round longboard definitivo para cualquier condici\u00f3n. Equilibrio perfecto entre planeo y maniobrabilidad. C\u00f3mpralo online","robots":{"index":"index","follow":"follow","max-snippet":"max-snippet:-1","max-image-preview":"max-image-preview:large","max-video-preview":"max-video-preview:-1"},"canonical":"https:\/\/glassingmonkey.com\/es\/product\/bamba-mvp-all-round-longboard\/","og_locale":"es_ES","og_type":"article","og_title":"Bamba MVP All Round Longboard | Glassing Monkey","og_description":"Descubre el Bamba MVP, el all round longboard definitivo para cualquier condici\u00f3n. Equilibrio perfecto entre planeo y maniobrabilidad. C\u00f3mpralo online","og_url":"https:\/\/glassingmonkey.com\/es\/product\/bamba-mvp-all-round-longboard\/","og_site_name":"Ride your life","article_modified_time":"2026-04-26T19:36:39+00:00","og_image":[{"width":650,"height":850,"url":"https:\/\/glassingmonkey.com\/wp-content\/uploads\/2025\/05\/Frame-45.jpg","type":"image\/jpeg"}],"twitter_card":"summary_large_image","twitter_misc":{"Tiempo de lectura":"2 minutos"},"schema":{"@context":"https:\/\/schema.org","@graph":[{"@type":"WebPage","@id":"https:\/\/glassingmonkey.com\/es\/product\/bamba-mvp-all-round-longboard\/","url":"https:\/\/glassingmonkey.com\/es\/product\/bamba-mvp-all-round-longboard\/","name":"Bamba MVP All Round Longboard | Glassing Monkey","isPartOf":{"@id":"https:\/\/glassingmonkey.com\/es\/#website"},"primaryImageOfPage":{"@id":"https:\/\/glassingmonkey.com\/es\/product\/bamba-mvp-all-round-longboard\/#primaryimage"},"image":{"@id":"https:\/\/glassingmonkey.com\/es\/product\/bamba-mvp-all-round-longboard\/#primaryimage"},"thumbnailUrl":"https:\/\/glassingmonkey.com\/wp-content\/uploads\/2025\/05\/Frame-45.jpg","datePublished":"2025-05-28T10:00:46+00:00","dateModified":"2026-04-26T19:36:39+00:00","description":"Descubre el Bamba MVP, el all round longboard definitivo para cualquier condici\u00f3n. Equilibrio perfecto entre planeo y maniobrabilidad. C\u00f3mpralo online","breadcrumb":{"@id":"https:\/\/glassingmonkey.com\/es\/product\/bamba-mvp-all-round-longboard\/#breadcrumb"},"inLanguage":"es","potentialAction":[{"@type":"ReadAction","target":["https:\/\/glassingmonkey.com\/es\/product\/bamba-mvp-all-round-longboard\/"]}]},{"@type":"ImageObject","inLanguage":"es","@id":"https:\/\/glassingmonkey.com\/es\/product\/bamba-mvp-all-round-longboard\/#primaryimage","url":"https:\/\/glassingmonkey.com\/wp-content\/uploads\/2025\/05\/Frame-45.jpg","contentUrl":"https:\/\/glassingmonkey.com\/wp-content\/uploads\/2025\/05\/Frame-45.jpg","width":650,"height":850,"caption":"Bamba MVP"},{"@type":"BreadcrumbList","@id":"https:\/\/glassingmonkey.com\/es\/product\/bamba-mvp-all-round-longboard\/#breadcrumb","itemListElement":[{"@type":"ListItem","position":1,"name":"Home","item":"https:\/\/glassingmonkey.com\/es\/"},{"@type":"ListItem","position":2,"name":"Tienda","item":"https:\/\/glassingmonkey.com\/es\/tienda\/"},{"@type":"ListItem","position":3,"name":"Bamba MVP"}]},{"@type":"WebSite","@id":"https:\/\/glassingmonkey.com\/es\/#website","url":"https:\/\/glassingmonkey.com\/es\/","name":"Glassing Monkey","description":"RIDE YOUR LIFE","publisher":{"@id":"https:\/\/glassingmonkey.com\/es\/#organization"},"potentialAction":[{"@type":"SearchAction","target":{"@type":"EntryPoint","urlTemplate":"https:\/\/glassingmonkey.com\/es\/?s={search_term_string}"},"query-input":{"@type":"PropertyValueSpecification","valueRequired":true,"valueName":"search_term_string"}}],"inLanguage":"es"},{"@type":"Organization","@id":"https:\/\/glassingmonkey.com\/es\/#organization","name":"Glassing Monkey","url":"https:\/\/glassingmonkey.com\/es\/","logo":{"@type":"ImageObject","inLanguage":"es","@id":"https:\/\/glassingmonkey.com\/es\/#\/schema\/logo\/image\/","url":"https:\/\/glassingmonkey.com\/wp-content\/uploads\/2025\/06\/Glassing-monkey-surf-factory-surf-shop.webp","contentUrl":"https:\/\/glassingmonkey.com\/wp-content\/uploads\/2025\/06\/Glassing-monkey-surf-factory-surf-shop.webp","width":786,"height":530,"caption":"Glassing Monkey"},"image":{"@id":"https:\/\/glassingmonkey.com\/es\/#\/schema\/logo\/image\/"},"sameAs":["https:\/\/www.instagram.com\/glassingmonkey\/"]}]}},"_links":{"self":[{"href":"https:\/\/glassingmonkey.com\/es\/wp-json\/wp\/v2\/product\/26742","targetHints":{"allow":["GET"]}}],"collection":[{"href":"https:\/\/glassingmonkey.com\/es\/wp-json\/wp\/v2\/product"}],"about":[{"href":"https:\/\/glassingmonkey.com\/es\/wp-json\/wp\/v2\/types\/product"}],"replies":[{"embeddable":true,"href":"https:\/\/glassingmonkey.com\/es\/wp-json\/wp\/v2\/comments?post=26742"}],"wp:featuredmedia":[{"embeddable":true,"href":"https:\/\/glassingmonkey.com\/es\/wp-json\/wp\/v2\/media\/25724"}],"wp:attachment":[{"href":"https:\/\/glassingmonkey.com\/es\/wp-json\/wp\/v2\/media?parent=26742"}],"wp:term":[{"taxonomy":"product_brand","embeddable":true,"href":"https:\/\/glassingmonkey.com\/es\/wp-json\/wp\/v2\/product_brand?post=26742"},{"taxonomy":"product_cat","embeddable":true,"href":"https:\/\/glassingmonkey.com\/es\/wp-json\/wp\/v2\/product_cat?post=26742"},{"taxonomy":"product_tag","embeddable":true,"href":"https:\/\/glassingmonkey.com\/es\/wp-json\/wp\/v2\/product_tag?post=26742"}],"curies":[{"name":"wp","href":"https:\/\/api.w.org\/{rel}","templated":true}]}}