{"id":26744,"date":"2025-05-28T12:00:05","date_gmt":"2025-05-28T10:00:05","guid":{"rendered":"https:\/\/glassingmonkey.com\/product\/bamba-beacon\/"},"modified":"2026-04-26T21:57:25","modified_gmt":"2026-04-26T19:57:25","slug":"bamba-beacon-noserider-longboard","status":"publish","type":"product","link":"https:\/\/glassingmonkey.com\/es\/product\/bamba-beacon-noserider-longboard\/","title":{"rendered":"Bamba Beacon"},"content":{"rendered":"<h1 class=\"otQkpb\" role=\"heading\" aria-level=\"3\" data-sfc-root=\"c\" data-processed=\"true\" data-complete=\"true\">Bamba Beacon: El noserider \u00e1gil y elegante por excelencia<button class=\"rBl3me\" tabindex=\"0\" data-amic=\"true\" data-icl-uuid=\"4a49dcbb-b11d-41c0-ac93-d3c55a4017da\" aria-label=\"View related links\" data-wiz-attrbind=\"disabled=zNXf4d_p\/C5gNJc;aria-label=zNXf4d_p\/bOjMyf;class=zNXf4d_p\/UpSNec\" data-ved=\"2ahUKEwi7tbjApYyUAxVhUaQEHUq5LNgQye0OegYIAQgDEAA\" data-hveid=\"CAEIAxAA\"><\/button><\/h1>\n<div class=\"n6owBd awi2gc\" data-sfc-cp=\"\" data-sfc-root=\"c\" data-sfc-cb=\"\" data-hveid=\"CAEIBBAA\" data-complete=\"true\" data-processed=\"true\">El Bamba Beacon destaca como un longboard cl\u00e1sico que representa una elecci\u00f3n excepcional para surfistas que buscan un <em class=\"eujQNb\" data-sfc-root=\"c\" data-sfc-cb=\"\" data-complete=\"true\" data-processed=\"true\">noserider<\/em> \u00e1gil. Para empezar, hemos dise\u00f1ado espec\u00edficamente este modelo para quienes desean dominar el arte de caminar sobre la tabla. Combina una est\u00e9tica tradicional con refinamientos modernos para asegurar una experiencia superior en la pared de la ola. Adem\u00e1s, el Beacon sobresale al proporcionar la estabilidad necesaria para el juego de pies t\u00e9cnico mientras mantiene una sensaci\u00f3n suelta. Por lo tanto, esta tabla representa la herramienta definitiva para los surfistas que buscan perfeccionar su repertorio cl\u00e1sico.<button class=\"rBl3me\" tabindex=\"0\" data-amic=\"true\" data-icl-uuid=\"68027c29-7f26-4d6d-a6c6-7c589b940256\" aria-label=\"View related links\" data-wiz-attrbind=\"disabled=zNXf4d_u\/C5gNJc;aria-label=zNXf4d_u\/bOjMyf;class=zNXf4d_u\/UpSNec\" data-ved=\"2ahUKEwi7tbjApYyUAxVhUaQEHUq5LNgQye0OegYIAQgEEAE\" data-hveid=\"CAEIBBAB\"><\/button><\/div>\n<h2 class=\"otQkpb\" role=\"heading\" aria-level=\"3\" data-sfc-root=\"c\" data-processed=\"true\" data-complete=\"true\">Velocidad excepcional y eficiencia de remada, Bamba Beacon<button class=\"rBl3me\" tabindex=\"0\" data-amic=\"true\" data-icl-uuid=\"4ae889ef-8109-462a-84e3-a1eb9045582e\" aria-label=\"View related links\" data-wiz-attrbind=\"disabled=zNXf4d_z\/C5gNJc;aria-label=zNXf4d_z\/bOjMyf;class=zNXf4d_z\/UpSNec\" data-ved=\"2ahUKEwi7tbjApYyUAxVhUaQEHUq5LNgQye0OegYIAQgFEAA\" data-hveid=\"CAEIBRAA\"><\/button><\/h2>\n<div class=\"n6owBd awi2gc\" data-sfc-cp=\"\" data-sfc-root=\"c\" data-sfc-cb=\"\" data-hveid=\"CAEIBhAA\" data-complete=\"true\" data-processed=\"true\">Respecto a su rendimiento t\u00e9cnico, la tabla no solo destaca por su velocidad, sino tambi\u00e9n por su impresionante capacidad de remada. Primero, la distribuci\u00f3n equilibrada del volumen te ayuda a entrar en la ola antes que la mayor\u00eda de las formas tradicionales. Esta caracter\u00edstica permite marcar tu l\u00ednea y prepararte para la punta mucho m\u00e1s r\u00e1pido. Adicionalmente, los sofisticados contornos del <em class=\"eujQNb\" data-sfc-root=\"c\" data-sfc-cb=\"\" data-complete=\"true\" data-processed=\"true\">bottom<\/em> facilitan un planeo sin esfuerzo en diversas condiciones del oc\u00e9ano. Consecuentemente, la tabla mantiene un flujo constante incluso en las secciones m\u00e1s d\u00e9biles o lentas de la playa. Como resultado, ganas la confianza necesaria para permanecer en el <em class=\"eujQNb\" data-sfc-root=\"c\" data-sfc-cb=\"\" data-complete=\"true\" data-processed=\"true\">nose<\/em> durante periodos m\u00e1s largos.<button class=\"rBl3me\" tabindex=\"0\" data-amic=\"true\" data-icl-uuid=\"0ce24330-5e5b-49d6-85ab-0d2d13bf1ccb\" aria-label=\"View related links\" data-wiz-attrbind=\"disabled=zNXf4d_15\/C5gNJc;aria-label=zNXf4d_15\/bOjMyf;class=zNXf4d_15\/UpSNec\" data-ved=\"2ahUKEwi7tbjApYyUAxVhUaQEHUq5LNgQye0OegYIAQgGEAE\" data-hveid=\"CAEIBhAB\"><\/button><\/div>\n<div class=\"n6owBd awi2gc\" data-sfc-cp=\"\" data-sfc-root=\"c\" data-sfc-cb=\"\" data-hveid=\"CAEIBxAA\" data-processed=\"true\" data-complete=\"true\">Del mismo modo, el Beacon permite a los surfistas ejecutar las maniobras m\u00e1s ic\u00f3nicas y elegantes con absoluta facilidad. Por ejemplo, notar\u00e1s c\u00f3mo la tabla responde instant\u00e1neamente a cambios sutiles de peso durante tus pasos cruzados. Espec\u00edficamente, el perfil de canto refinado ofrece un agarre profundo que mantiene la cola bloqueada mientras est\u00e1s en la punta. Esta armon\u00eda t\u00e9cnica asegura que puedas refinar tu estilo personal con cada ola que captures. Por esta raz\u00f3n, muchos surfistas experimentados conf\u00edan en el Beacon como su instrumento principal de <em class=\"eujQNb\" data-sfc-root=\"c\" data-sfc-cb=\"\" data-complete=\"true\" data-processed=\"true\">noseriding<\/em>.<button class=\"rBl3me\" tabindex=\"0\" data-amic=\"true\" data-icl-uuid=\"b9938bad-3bf2-4f7d-a014-55d3ca08a824\" aria-label=\"View related links\" data-wiz-attrbind=\"disabled=zNXf4d_1a\/C5gNJc;aria-label=zNXf4d_1a\/bOjMyf;class=zNXf4d_1a\/UpSNec\" data-ved=\"2ahUKEwi7tbjApYyUAxVhUaQEHUq5LNgQye0OegYIAQgHEAE\" data-hveid=\"CAEIBxAB\"><\/button><\/div>\n<div class=\"n6owBd awi2gc\" data-sfc-cp=\"\" data-sfc-root=\"c\" data-sfc-cb=\"\" data-hveid=\"CAEICBAA\" data-processed=\"true\" data-complete=\"true\" aria-owns=\"action-menu-parent-container\">En conclusi\u00f3n, este modelo proporciona la combinaci\u00f3n definitiva de velocidad, maniobrabilidad y estabilidad tradicional. Finalmente, elegir el Bamba Beacon te garantiza tener el compa\u00f1ero m\u00e1s fiable para tus sesiones de surf cl\u00e1sico.<\/div>\n","protected":false},"excerpt":{"rendered":"<p>La Beacon es un longboard cl\u00e1sico y una excelente elecci\u00f3n para quienes buscan un noserider \u00e1gil y maniobrable.<\/p>\n","protected":false},"featured_media":25716,"comment_status":"closed","ping_status":"closed","template":"","meta":{"site-sidebar-layout":"default","site-content-layout":"","ast-site-content-layout":"default","site-content-style":"default","site-sidebar-style":"default","ast-global-header-display":"","ast-banner-title-visibility":"","ast-main-header-display":"","ast-hfb-above-header-display":"","ast-hfb-below-header-display":"","ast-hfb-mobile-header-display":"","site-post-title":"","ast-breadcrumbs-content":"","ast-featured-img":"","footer-sml-layout":"","ast-disable-related-posts":"","theme-transparent-header-meta":"default","adv-header-id-meta":"","stick-header-meta":"","header-above-stick-meta":"","header-main-stick-meta":"","header-below-stick-meta":"","astra-migrate-meta-layouts":"set","ast-page-background-enabled":"default","ast-page-background-meta":{"desktop":{"background-color":"var(--ast-global-color-5)","background-image":"","background-repeat":"repeat","background-position":"center center","background-size":"auto","background-attachment":"scroll","background-type":"","background-media":"","overlay-type":"","overlay-color":"","overlay-opacity":"","overlay-gradient":""},"tablet":{"background-color":"","background-image":"","background-repeat":"repeat","background-position":"center center","background-size":"auto","background-attachment":"scroll","background-type":"","background-media":"","overlay-type":"","overlay-color":"","overlay-opacity":"","overlay-gradient":""},"mobile":{"background-color":"","background-image":"","background-repeat":"repeat","background-position":"center center","background-size":"auto","background-attachment":"scroll","background-type":"","background-media":"","overlay-type":"","overlay-color":"","overlay-opacity":"","overlay-gradient":""}},"ast-content-background-meta":{"desktop":{"background-color":"var(--ast-global-color-4)","background-image":"","background-repeat":"repeat","background-position":"center center","background-size":"auto","background-attachment":"scroll","background-type":"","background-media":"","overlay-type":"","overlay-color":"","overlay-opacity":"","overlay-gradient":""},"tablet":{"background-color":"var(--ast-global-color-4)","background-image":"","background-repeat":"repeat","background-position":"center center","background-size":"auto","background-attachment":"scroll","background-type":"","background-media":"","overlay-type":"","overlay-color":"","overlay-opacity":"","overlay-gradient":""},"mobile":{"background-color":"var(--ast-global-color-4)","background-image":"","background-repeat":"repeat","background-position":"center center","background-size":"auto","background-attachment":"scroll","background-type":"","background-media":"","overlay-type":"","overlay-color":"","overlay-opacity":"","overlay-gradient":""}}},"product_brand":[1260],"product_cat":[1254,1196],"product_tag":[1420,1434],"class_list":{"0":"post-26744","1":"product","2":"type-product","3":"status-publish","4":"has-post-thumbnail","6":"product_brand-bamba-surfboards","7":"product_cat-longboards","8":"product_cat-tablas-de-surf-es","9":"product_tag-longboard","10":"product_tag-noserider","11":"pa_model-beacon","12":"pa_thickness-2-13-16","13":"pa_thickness-2-15-16","14":"pa_thickness-2-3-4","15":"pa_thickness-2-7-8","16":"pa_thickness-1394","17":"pa_width-22-1-2","18":"pa_width-22-1-4","19":"pa_width-22-3-4","20":"pa_width-1287","21":"pa_width-1433","22":"desktop-align-left","23":"tablet-align-left","24":"mobile-align-left","26":"first","27":"onbackorder","28":"sale","29":"shipping-taxable","30":"purchasable","31":"product-type-variable"},"yoast_head":"<!-- This site is optimized with the Yoast SEO plugin v27.4 - https:\/\/yoast.com\/product\/yoast-seo-wordpress\/ -->\n<title>Bamba Beacon | Longboard Noserider Cl\u00e1sico | Glassing Monkey<\/title>\n<meta name=\"description\" content=\"Compra la Bamba Beacon al mejor precio en Glassing Monkey Surf Factory. Un longboard noserider cl\u00e1sico dise\u00f1ado para un planeo y estilo inigualables.\" \/>\n<meta name=\"robots\" content=\"index, follow, max-snippet:-1, max-image-preview:large, max-video-preview:-1\" \/>\n<link rel=\"canonical\" href=\"https:\/\/glassingmonkey.com\/es\/product\/bamba-beacon-noserider-longboard\/\" \/>\n<meta property=\"og:locale\" content=\"es_ES\" \/>\n<meta property=\"og:type\" content=\"article\" \/>\n<meta property=\"og:title\" content=\"Bamba Beacon | Longboard Noserider Cl\u00e1sico | Glassing Monkey\" \/>\n<meta property=\"og:description\" content=\"Compra la Bamba Beacon al mejor precio en Glassing Monkey Surf Factory. Un longboard noserider cl\u00e1sico dise\u00f1ado para un planeo y estilo inigualables.\" \/>\n<meta property=\"og:url\" content=\"https:\/\/glassingmonkey.com\/es\/product\/bamba-beacon-noserider-longboard\/\" \/>\n<meta property=\"og:site_name\" content=\"Ride your life\" \/>\n<meta property=\"article:modified_time\" content=\"2026-04-26T19:57:25+00:00\" \/>\n<meta property=\"og:image\" content=\"https:\/\/glassingmonkey.com\/wp-content\/uploads\/2025\/05\/Frame-48.jpg\" \/>\n\t<meta property=\"og:image:width\" content=\"650\" \/>\n\t<meta property=\"og:image:height\" content=\"850\" \/>\n\t<meta property=\"og:image:type\" content=\"image\/jpeg\" \/>\n<meta name=\"twitter:card\" content=\"summary_large_image\" \/>\n<meta name=\"twitter:label1\" content=\"Tiempo de lectura\" \/>\n\t<meta name=\"twitter:data1\" content=\"2 minutos\" \/>\n<script type=\"application\/ld+json\" class=\"yoast-schema-graph\">{\"@context\":\"https:\\\/\\\/schema.org\",\"@graph\":[{\"@type\":\"WebPage\",\"@id\":\"https:\\\/\\\/glassingmonkey.com\\\/es\\\/product\\\/bamba-beacon-noserider-longboard\\\/\",\"url\":\"https:\\\/\\\/glassingmonkey.com\\\/es\\\/product\\\/bamba-beacon-noserider-longboard\\\/\",\"name\":\"Bamba Beacon | Longboard Noserider Cl\u00e1sico | Glassing Monkey\",\"isPartOf\":{\"@id\":\"https:\\\/\\\/glassingmonkey.com\\\/es\\\/#website\"},\"primaryImageOfPage\":{\"@id\":\"https:\\\/\\\/glassingmonkey.com\\\/es\\\/product\\\/bamba-beacon-noserider-longboard\\\/#primaryimage\"},\"image\":{\"@id\":\"https:\\\/\\\/glassingmonkey.com\\\/es\\\/product\\\/bamba-beacon-noserider-longboard\\\/#primaryimage\"},\"thumbnailUrl\":\"https:\\\/\\\/glassingmonkey.com\\\/wp-content\\\/uploads\\\/2025\\\/05\\\/Frame-48.jpg\",\"datePublished\":\"2025-05-28T10:00:05+00:00\",\"dateModified\":\"2026-04-26T19:57:25+00:00\",\"description\":\"Compra la Bamba Beacon al mejor precio en Glassing Monkey Surf Factory. Un longboard noserider cl\u00e1sico dise\u00f1ado para un planeo y estilo inigualables.\",\"breadcrumb\":{\"@id\":\"https:\\\/\\\/glassingmonkey.com\\\/es\\\/product\\\/bamba-beacon-noserider-longboard\\\/#breadcrumb\"},\"inLanguage\":\"es\",\"potentialAction\":[{\"@type\":\"ReadAction\",\"target\":[\"https:\\\/\\\/glassingmonkey.com\\\/es\\\/product\\\/bamba-beacon-noserider-longboard\\\/\"]}]},{\"@type\":\"ImageObject\",\"inLanguage\":\"es\",\"@id\":\"https:\\\/\\\/glassingmonkey.com\\\/es\\\/product\\\/bamba-beacon-noserider-longboard\\\/#primaryimage\",\"url\":\"https:\\\/\\\/glassingmonkey.com\\\/wp-content\\\/uploads\\\/2025\\\/05\\\/Frame-48.jpg\",\"contentUrl\":\"https:\\\/\\\/glassingmonkey.com\\\/wp-content\\\/uploads\\\/2025\\\/05\\\/Frame-48.jpg\",\"width\":650,\"height\":850,\"caption\":\"Bamba Beacon\"},{\"@type\":\"BreadcrumbList\",\"@id\":\"https:\\\/\\\/glassingmonkey.com\\\/es\\\/product\\\/bamba-beacon-noserider-longboard\\\/#breadcrumb\",\"itemListElement\":[{\"@type\":\"ListItem\",\"position\":1,\"name\":\"Home\",\"item\":\"https:\\\/\\\/glassingmonkey.com\\\/es\\\/\"},{\"@type\":\"ListItem\",\"position\":2,\"name\":\"Tienda\",\"item\":\"https:\\\/\\\/glassingmonkey.com\\\/es\\\/tienda\\\/\"},{\"@type\":\"ListItem\",\"position\":3,\"name\":\"Bamba Beacon\"}]},{\"@type\":\"WebSite\",\"@id\":\"https:\\\/\\\/glassingmonkey.com\\\/es\\\/#website\",\"url\":\"https:\\\/\\\/glassingmonkey.com\\\/es\\\/\",\"name\":\"Glassing Monkey\",\"description\":\"RIDE YOUR LIFE\",\"publisher\":{\"@id\":\"https:\\\/\\\/glassingmonkey.com\\\/es\\\/#organization\"},\"potentialAction\":[{\"@type\":\"SearchAction\",\"target\":{\"@type\":\"EntryPoint\",\"urlTemplate\":\"https:\\\/\\\/glassingmonkey.com\\\/es\\\/?s={search_term_string}\"},\"query-input\":{\"@type\":\"PropertyValueSpecification\",\"valueRequired\":true,\"valueName\":\"search_term_string\"}}],\"inLanguage\":\"es\"},{\"@type\":\"Organization\",\"@id\":\"https:\\\/\\\/glassingmonkey.com\\\/es\\\/#organization\",\"name\":\"Glassing Monkey\",\"url\":\"https:\\\/\\\/glassingmonkey.com\\\/es\\\/\",\"logo\":{\"@type\":\"ImageObject\",\"inLanguage\":\"es\",\"@id\":\"https:\\\/\\\/glassingmonkey.com\\\/es\\\/#\\\/schema\\\/logo\\\/image\\\/\",\"url\":\"https:\\\/\\\/glassingmonkey.com\\\/wp-content\\\/uploads\\\/2025\\\/06\\\/Glassing-monkey-surf-factory-surf-shop.webp\",\"contentUrl\":\"https:\\\/\\\/glassingmonkey.com\\\/wp-content\\\/uploads\\\/2025\\\/06\\\/Glassing-monkey-surf-factory-surf-shop.webp\",\"width\":786,\"height\":530,\"caption\":\"Glassing Monkey\"},\"image\":{\"@id\":\"https:\\\/\\\/glassingmonkey.com\\\/es\\\/#\\\/schema\\\/logo\\\/image\\\/\"},\"sameAs\":[\"https:\\\/\\\/www.instagram.com\\\/glassingmonkey\\\/\"]}]}<\/script>\n<!-- \/ Yoast SEO plugin. -->","yoast_head_json":{"title":"Bamba Beacon | Longboard Noserider Cl\u00e1sico | Glassing Monkey","description":"Compra la Bamba Beacon al mejor precio en Glassing Monkey Surf Factory. Un longboard noserider cl\u00e1sico dise\u00f1ado para un planeo y estilo inigualables.","robots":{"index":"index","follow":"follow","max-snippet":"max-snippet:-1","max-image-preview":"max-image-preview:large","max-video-preview":"max-video-preview:-1"},"canonical":"https:\/\/glassingmonkey.com\/es\/product\/bamba-beacon-noserider-longboard\/","og_locale":"es_ES","og_type":"article","og_title":"Bamba Beacon | Longboard Noserider Cl\u00e1sico | Glassing Monkey","og_description":"Compra la Bamba Beacon al mejor precio en Glassing Monkey Surf Factory. Un longboard noserider cl\u00e1sico dise\u00f1ado para un planeo y estilo inigualables.","og_url":"https:\/\/glassingmonkey.com\/es\/product\/bamba-beacon-noserider-longboard\/","og_site_name":"Ride your life","article_modified_time":"2026-04-26T19:57:25+00:00","og_image":[{"width":650,"height":850,"url":"https:\/\/glassingmonkey.com\/wp-content\/uploads\/2025\/05\/Frame-48.jpg","type":"image\/jpeg"}],"twitter_card":"summary_large_image","twitter_misc":{"Tiempo de lectura":"2 minutos"},"schema":{"@context":"https:\/\/schema.org","@graph":[{"@type":"WebPage","@id":"https:\/\/glassingmonkey.com\/es\/product\/bamba-beacon-noserider-longboard\/","url":"https:\/\/glassingmonkey.com\/es\/product\/bamba-beacon-noserider-longboard\/","name":"Bamba Beacon | Longboard Noserider Cl\u00e1sico | Glassing Monkey","isPartOf":{"@id":"https:\/\/glassingmonkey.com\/es\/#website"},"primaryImageOfPage":{"@id":"https:\/\/glassingmonkey.com\/es\/product\/bamba-beacon-noserider-longboard\/#primaryimage"},"image":{"@id":"https:\/\/glassingmonkey.com\/es\/product\/bamba-beacon-noserider-longboard\/#primaryimage"},"thumbnailUrl":"https:\/\/glassingmonkey.com\/wp-content\/uploads\/2025\/05\/Frame-48.jpg","datePublished":"2025-05-28T10:00:05+00:00","dateModified":"2026-04-26T19:57:25+00:00","description":"Compra la Bamba Beacon al mejor precio en Glassing Monkey Surf Factory. Un longboard noserider cl\u00e1sico dise\u00f1ado para un planeo y estilo inigualables.","breadcrumb":{"@id":"https:\/\/glassingmonkey.com\/es\/product\/bamba-beacon-noserider-longboard\/#breadcrumb"},"inLanguage":"es","potentialAction":[{"@type":"ReadAction","target":["https:\/\/glassingmonkey.com\/es\/product\/bamba-beacon-noserider-longboard\/"]}]},{"@type":"ImageObject","inLanguage":"es","@id":"https:\/\/glassingmonkey.com\/es\/product\/bamba-beacon-noserider-longboard\/#primaryimage","url":"https:\/\/glassingmonkey.com\/wp-content\/uploads\/2025\/05\/Frame-48.jpg","contentUrl":"https:\/\/glassingmonkey.com\/wp-content\/uploads\/2025\/05\/Frame-48.jpg","width":650,"height":850,"caption":"Bamba Beacon"},{"@type":"BreadcrumbList","@id":"https:\/\/glassingmonkey.com\/es\/product\/bamba-beacon-noserider-longboard\/#breadcrumb","itemListElement":[{"@type":"ListItem","position":1,"name":"Home","item":"https:\/\/glassingmonkey.com\/es\/"},{"@type":"ListItem","position":2,"name":"Tienda","item":"https:\/\/glassingmonkey.com\/es\/tienda\/"},{"@type":"ListItem","position":3,"name":"Bamba Beacon"}]},{"@type":"WebSite","@id":"https:\/\/glassingmonkey.com\/es\/#website","url":"https:\/\/glassingmonkey.com\/es\/","name":"Glassing Monkey","description":"RIDE YOUR LIFE","publisher":{"@id":"https:\/\/glassingmonkey.com\/es\/#organization"},"potentialAction":[{"@type":"SearchAction","target":{"@type":"EntryPoint","urlTemplate":"https:\/\/glassingmonkey.com\/es\/?s={search_term_string}"},"query-input":{"@type":"PropertyValueSpecification","valueRequired":true,"valueName":"search_term_string"}}],"inLanguage":"es"},{"@type":"Organization","@id":"https:\/\/glassingmonkey.com\/es\/#organization","name":"Glassing Monkey","url":"https:\/\/glassingmonkey.com\/es\/","logo":{"@type":"ImageObject","inLanguage":"es","@id":"https:\/\/glassingmonkey.com\/es\/#\/schema\/logo\/image\/","url":"https:\/\/glassingmonkey.com\/wp-content\/uploads\/2025\/06\/Glassing-monkey-surf-factory-surf-shop.webp","contentUrl":"https:\/\/glassingmonkey.com\/wp-content\/uploads\/2025\/06\/Glassing-monkey-surf-factory-surf-shop.webp","width":786,"height":530,"caption":"Glassing Monkey"},"image":{"@id":"https:\/\/glassingmonkey.com\/es\/#\/schema\/logo\/image\/"},"sameAs":["https:\/\/www.instagram.com\/glassingmonkey\/"]}]}},"_links":{"self":[{"href":"https:\/\/glassingmonkey.com\/es\/wp-json\/wp\/v2\/product\/26744","targetHints":{"allow":["GET"]}}],"collection":[{"href":"https:\/\/glassingmonkey.com\/es\/wp-json\/wp\/v2\/product"}],"about":[{"href":"https:\/\/glassingmonkey.com\/es\/wp-json\/wp\/v2\/types\/product"}],"replies":[{"embeddable":true,"href":"https:\/\/glassingmonkey.com\/es\/wp-json\/wp\/v2\/comments?post=26744"}],"wp:featuredmedia":[{"embeddable":true,"href":"https:\/\/glassingmonkey.com\/es\/wp-json\/wp\/v2\/media\/25716"}],"wp:attachment":[{"href":"https:\/\/glassingmonkey.com\/es\/wp-json\/wp\/v2\/media?parent=26744"}],"wp:term":[{"taxonomy":"product_brand","embeddable":true,"href":"https:\/\/glassingmonkey.com\/es\/wp-json\/wp\/v2\/product_brand?post=26744"},{"taxonomy":"product_cat","embeddable":true,"href":"https:\/\/glassingmonkey.com\/es\/wp-json\/wp\/v2\/product_cat?post=26744"},{"taxonomy":"product_tag","embeddable":true,"href":"https:\/\/glassingmonkey.com\/es\/wp-json\/wp\/v2\/product_tag?post=26744"}],"curies":[{"name":"wp","href":"https:\/\/api.w.org\/{rel}","templated":true}]}}