{"id":26746,"date":"2025-05-28T12:00:05","date_gmt":"2025-05-28T10:00:05","guid":{"rendered":"https:\/\/glassingmonkey.com\/product\/bamba-hawaiian-style\/"},"modified":"2026-04-27T20:33:51","modified_gmt":"2026-04-27T18:33:51","slug":"bamba-hawaiian-style-longboard-noserider","status":"publish","type":"product","link":"https:\/\/glassingmonkey.com\/es\/product\/bamba-hawaiian-style-longboard-noserider\/","title":{"rendered":"Bamba Hawaiian Style"},"content":{"rendered":"<h1 class=\"otQkpb\" role=\"heading\" aria-level=\"3\" data-sfc-root=\"c\" data-complete=\"true\" data-processed=\"true\">Bamba Hawaiian Style: El noserider definitivo de alto rendimiento<button class=\"rBl3me\" tabindex=\"0\" data-amic=\"true\" data-icl-uuid=\"65bdab20-cc13-42ba-ba45-351bfbaaf5e6\" aria-label=\"View related links\" data-wiz-attrbind=\"disabled=E8bUqe_p\/C5gNJc;aria-label=E8bUqe_p\/bOjMyf;class=E8bUqe_p\/UpSNec\" data-ved=\"2ahUKEwiFhu6h0o6UAxUaVqQEHZIRJ2AQye0OegYIAQgDEAA\" data-hveid=\"CAEIAxAA\"><\/button><\/h1>\n<div class=\"n6owBd awi2gc\" data-sfc-cp=\"\" data-sfc-root=\"c\" data-sfc-cb=\"\" data-hveid=\"CAEIBBAA\" data-complete=\"true\" data-processed=\"true\">El Bamba Hawaiian Style destaca como el <em class=\"eujQNb\" data-sfc-root=\"c\" data-sfc-cb=\"\" data-complete=\"true\" data-processed=\"true\">noserider<\/em> de alto rendimiento definitivo en nuestra colecci\u00f3n actual. Para empezar, dise\u00f1amos este modelo vers\u00e1til para gestionar con facilidad desde olas mediocres de un pie hasta tubos por encima de la cabeza. Representa definitivamente el \u00fanico longboard que debes poseer si buscas un rendimiento polivalente y verdaderamente fiable. Esta tabla resulta perfecta para quienes desean un quiver de un solo longboard o para quienes buscan dominar la punta. Por lo tanto, el Hawaiian Style har\u00e1 que ames tus sesiones de surf nuevamente gracias a sus excepcionales capacidades t\u00e9cnicas.<button class=\"rBl3me\" tabindex=\"0\" data-amic=\"true\" data-icl-uuid=\"a4ef46e5-a940-41f3-9b4c-7cd12ff6d433\" aria-label=\"View related links\" data-wiz-attrbind=\"disabled=E8bUqe_u\/C5gNJc;aria-label=E8bUqe_u\/bOjMyf;class=E8bUqe_u\/UpSNec\" data-ved=\"2ahUKEwiFhu6h0o6UAxUaVqQEHZIRJ2AQye0OegYIAQgEEAE\" data-hveid=\"CAEIBBAB\"><\/button><\/div>\n<h2 class=\"otQkpb\" role=\"heading\" aria-level=\"3\" data-sfc-root=\"c\" data-complete=\"true\" data-processed=\"true\">Ingenier\u00eda vers\u00e1til para todas las condiciones<button class=\"rBl3me\" tabindex=\"0\" data-amic=\"true\" data-icl-uuid=\"ff137bfb-fe8b-4deb-86b5-cd559d266103\" aria-label=\"View related links\" data-wiz-attrbind=\"disabled=E8bUqe_z\/C5gNJc;aria-label=E8bUqe_z\/bOjMyf;class=E8bUqe_z\/UpSNec\" data-ved=\"2ahUKEwiFhu6h0o6UAxUaVqQEHZIRJ2AQye0OegYIAQgFEAA\" data-hveid=\"CAEIBRAA\"><\/button><\/h2>\n<div class=\"n6owBd awi2gc\" data-sfc-cp=\"\" data-sfc-root=\"c\" data-sfc-cb=\"\" data-hveid=\"CAEIBhAA\" data-complete=\"true\" data-processed=\"true\">Respecto a su silueta t\u00e9cnica, la tabla presenta un contorno refinado que promueve tanto la estabilidad como una maniobrabilidad radical. Primero, la distribuci\u00f3n equilibrada del volumen asegura que mantengas un flujo constante incluso en las secciones m\u00e1s d\u00e9biles de la ola. Esta caracter\u00edstica te permite generar velocidad inmediatamente mientras proporciona una plataforma segura para el juego de pies t\u00e9cnico. Adicionalmente, los sofisticados contornos del <em class=\"eujQNb\" data-sfc-root=\"c\" data-sfc-cb=\"\" data-complete=\"true\" data-processed=\"true\">bottom<\/em> facilitan transiciones suaves de canto a canto durante los giros a alta velocidad. Consecuentemente, la tabla responde instant\u00e1neamente a tus movimientos, permitiendo un nivel de control profesional en diversos entornos oce\u00e1nicos. Como resultado, ganas la confianza para superar tus l\u00edmites.<button class=\"rBl3me\" tabindex=\"0\" data-amic=\"true\" data-icl-uuid=\"f1dd859c-92fa-4c08-b317-d9697df32188\" aria-label=\"View related links\" data-wiz-attrbind=\"disabled=E8bUqe_14\/C5gNJc;aria-label=E8bUqe_14\/bOjMyf;class=E8bUqe_14\/UpSNec\" data-ved=\"2ahUKEwiFhu6h0o6UAxUaVqQEHZIRJ2AQye0OegYIAQgGEAE\" data-hveid=\"CAEIBhAB\"><\/button><\/div>\n<div class=\"n6owBd awi2gc\" data-sfc-cp=\"\" data-sfc-root=\"c\" data-sfc-cb=\"\" data-hveid=\"CAEIBxAA\" data-processed=\"true\" data-complete=\"true\">Del mismo modo, el perfil del rocker consiste en una curva larga y limpia que optimiza significativamente tu eficiencia de remada. Espec\u00edficamente, este dise\u00f1o ayuda a entrar en la ola antes mientras evita que la punta se clave en bajadas verticales. Por otro lado, los cantos refinados ofrecen un agarre profundo y la m\u00e1xima sensibilidad cuando decides bloquear la cola. Esta armon\u00eda t\u00e9cnica asegura que el Hawaiian Style permanezca predecible pero incre\u00edblemente vivo bajo tus pies en todo momento. Por esta raz\u00f3n, muchos surfistas expertos eligen este modelo por su mezcla \u00fanica de alma cl\u00e1sica y rendimiento moderno.<button class=\"rBl3me\" tabindex=\"0\" data-amic=\"true\" data-icl-uuid=\"d8b88cb7-0c3a-4e14-918c-a592d2308e68\" aria-label=\"View related links\" data-wiz-attrbind=\"disabled=E8bUqe_18\/C5gNJc;aria-label=E8bUqe_18\/bOjMyf;class=E8bUqe_18\/UpSNec\" data-ved=\"2ahUKEwiFhu6h0o6UAxUaVqQEHZIRJ2AQye0OegYIAQgHEAE\" data-hveid=\"CAEIBxAB\"><\/button><\/div>\n<div class=\"n6owBd awi2gc\" data-sfc-cp=\"\" data-sfc-root=\"c\" data-sfc-cb=\"\" data-hveid=\"CAEICBAA\" data-processed=\"true\" data-complete=\"true\" aria-owns=\"action-menu-parent-container\">En conclusi\u00f3n, este modelo proporciona la combinaci\u00f3n definitiva de velocidad, agilidad y estabilidad de clase mundial en el <em class=\"eujQNb\" data-sfc-root=\"c\" data-sfc-cb=\"\" data-complete=\"true\" data-processed=\"true\">nose<\/em>. Finalmente, elegir el Bamba Hawaiian Style te garantiza el longboard m\u00e1s vers\u00e1til para cada sesi\u00f3n.<\/div>\n","protected":false},"excerpt":{"rendered":"<p>Ultimate high performance noserider! .<\/p>\n","protected":false},"featured_media":25720,"comment_status":"closed","ping_status":"closed","template":"","meta":{"site-sidebar-layout":"default","site-content-layout":"","ast-site-content-layout":"default","site-content-style":"default","site-sidebar-style":"default","ast-global-header-display":"","ast-banner-title-visibility":"","ast-main-header-display":"","ast-hfb-above-header-display":"","ast-hfb-below-header-display":"","ast-hfb-mobile-header-display":"","site-post-title":"","ast-breadcrumbs-content":"","ast-featured-img":"","footer-sml-layout":"","ast-disable-related-posts":"","theme-transparent-header-meta":"default","adv-header-id-meta":"","stick-header-meta":"","header-above-stick-meta":"","header-main-stick-meta":"","header-below-stick-meta":"","astra-migrate-meta-layouts":"set","ast-page-background-enabled":"default","ast-page-background-meta":{"desktop":{"background-color":"var(--ast-global-color-5)","background-image":"","background-repeat":"repeat","background-position":"center center","background-size":"auto","background-attachment":"scroll","background-type":"","background-media":"","overlay-type":"","overlay-color":"","overlay-opacity":"","overlay-gradient":""},"tablet":{"background-color":"","background-image":"","background-repeat":"repeat","background-position":"center center","background-size":"auto","background-attachment":"scroll","background-type":"","background-media":"","overlay-type":"","overlay-color":"","overlay-opacity":"","overlay-gradient":""},"mobile":{"background-color":"","background-image":"","background-repeat":"repeat","background-position":"center center","background-size":"auto","background-attachment":"scroll","background-type":"","background-media":"","overlay-type":"","overlay-color":"","overlay-opacity":"","overlay-gradient":""}},"ast-content-background-meta":{"desktop":{"background-color":"var(--ast-global-color-4)","background-image":"","background-repeat":"repeat","background-position":"center center","background-size":"auto","background-attachment":"scroll","background-type":"","background-media":"","overlay-type":"","overlay-color":"","overlay-opacity":"","overlay-gradient":""},"tablet":{"background-color":"var(--ast-global-color-4)","background-image":"","background-repeat":"repeat","background-position":"center center","background-size":"auto","background-attachment":"scroll","background-type":"","background-media":"","overlay-type":"","overlay-color":"","overlay-opacity":"","overlay-gradient":""},"mobile":{"background-color":"var(--ast-global-color-4)","background-image":"","background-repeat":"repeat","background-position":"center center","background-size":"auto","background-attachment":"scroll","background-type":"","background-media":"","overlay-type":"","overlay-color":"","overlay-opacity":"","overlay-gradient":""}}},"product_brand":[1260],"product_cat":[1215,1254,1196],"product_tag":[1218,1420,1434],"class_list":{"0":"post-26746","1":"product","2":"type-product","3":"status-publish","4":"has-post-thumbnail","6":"product_brand-bamba-surfboards","7":"product_cat-high-performance-es","8":"product_cat-longboards","9":"product_cat-tablas-de-surf-es","10":"product_tag-high-performance-es","11":"product_tag-longboard","12":"product_tag-noserider","13":"pa_model-hawaiian-style","14":"pa_thickness-2-13-16","15":"pa_thickness-2-15-16","16":"pa_thickness-2-3-4","17":"pa_thickness-2-7-8","18":"pa_thickness-1394","19":"pa_width-22-1-2","20":"pa_width-22-1-4","21":"pa_width-22-3-4","22":"pa_width-1287","23":"pa_width-1433","24":"desktop-align-left","25":"tablet-align-left","26":"mobile-align-left","28":"first","29":"onbackorder","30":"sale","31":"shipping-taxable","32":"purchasable","33":"product-type-variable"},"yoast_head":"<!-- This site is optimized with the Yoast SEO plugin v27.4 - https:\/\/yoast.com\/product\/yoast-seo-wordpress\/ -->\n<title>Bamba Hawaiian Style | Longboard Noserider de Alto Rendimiento<\/title>\n<meta name=\"description\" content=\"Compra el Longboard Bamba Hawaiian Style al mejor precio en Glassing Monkey. Un noserider de alto rendimiento dise\u00f1ado para surfear con estilo. Ahora online\" \/>\n<meta name=\"robots\" content=\"index, follow, max-snippet:-1, max-image-preview:large, max-video-preview:-1\" \/>\n<link rel=\"canonical\" href=\"https:\/\/glassingmonkey.com\/es\/product\/bamba-hawaiian-style-longboard-noserider\/\" \/>\n<meta property=\"og:locale\" content=\"es_ES\" \/>\n<meta property=\"og:type\" content=\"article\" \/>\n<meta property=\"og:title\" content=\"Bamba Hawaiian Style | Longboard Noserider de Alto Rendimiento\" \/>\n<meta property=\"og:description\" content=\"Compra el Longboard Bamba Hawaiian Style al mejor precio en Glassing Monkey. Un noserider de alto rendimiento dise\u00f1ado para surfear con estilo. Ahora online\" \/>\n<meta property=\"og:url\" content=\"https:\/\/glassingmonkey.com\/es\/product\/bamba-hawaiian-style-longboard-noserider\/\" \/>\n<meta property=\"og:site_name\" content=\"Ride your life\" \/>\n<meta property=\"article:modified_time\" content=\"2026-04-27T18:33:51+00:00\" \/>\n<meta property=\"og:image\" content=\"https:\/\/glassingmonkey.com\/wp-content\/uploads\/2025\/05\/Frame-47.jpg\" \/>\n\t<meta property=\"og:image:width\" content=\"650\" \/>\n\t<meta property=\"og:image:height\" content=\"850\" \/>\n\t<meta property=\"og:image:type\" content=\"image\/jpeg\" \/>\n<meta name=\"twitter:card\" content=\"summary_large_image\" \/>\n<meta name=\"twitter:label1\" content=\"Tiempo de lectura\" \/>\n\t<meta name=\"twitter:data1\" content=\"2 minutos\" \/>\n<script type=\"application\/ld+json\" class=\"yoast-schema-graph\">{\"@context\":\"https:\\\/\\\/schema.org\",\"@graph\":[{\"@type\":\"WebPage\",\"@id\":\"https:\\\/\\\/glassingmonkey.com\\\/es\\\/product\\\/bamba-hawaiian-style-longboard-noserider\\\/\",\"url\":\"https:\\\/\\\/glassingmonkey.com\\\/es\\\/product\\\/bamba-hawaiian-style-longboard-noserider\\\/\",\"name\":\"Bamba Hawaiian Style | Longboard Noserider de Alto Rendimiento\",\"isPartOf\":{\"@id\":\"https:\\\/\\\/glassingmonkey.com\\\/es\\\/#website\"},\"primaryImageOfPage\":{\"@id\":\"https:\\\/\\\/glassingmonkey.com\\\/es\\\/product\\\/bamba-hawaiian-style-longboard-noserider\\\/#primaryimage\"},\"image\":{\"@id\":\"https:\\\/\\\/glassingmonkey.com\\\/es\\\/product\\\/bamba-hawaiian-style-longboard-noserider\\\/#primaryimage\"},\"thumbnailUrl\":\"https:\\\/\\\/glassingmonkey.com\\\/wp-content\\\/uploads\\\/2025\\\/05\\\/Frame-47.jpg\",\"datePublished\":\"2025-05-28T10:00:05+00:00\",\"dateModified\":\"2026-04-27T18:33:51+00:00\",\"description\":\"Compra el Longboard Bamba Hawaiian Style al mejor precio en Glassing Monkey. Un noserider de alto rendimiento dise\u00f1ado para surfear con estilo. Ahora online\",\"breadcrumb\":{\"@id\":\"https:\\\/\\\/glassingmonkey.com\\\/es\\\/product\\\/bamba-hawaiian-style-longboard-noserider\\\/#breadcrumb\"},\"inLanguage\":\"es\",\"potentialAction\":[{\"@type\":\"ReadAction\",\"target\":[\"https:\\\/\\\/glassingmonkey.com\\\/es\\\/product\\\/bamba-hawaiian-style-longboard-noserider\\\/\"]}]},{\"@type\":\"ImageObject\",\"inLanguage\":\"es\",\"@id\":\"https:\\\/\\\/glassingmonkey.com\\\/es\\\/product\\\/bamba-hawaiian-style-longboard-noserider\\\/#primaryimage\",\"url\":\"https:\\\/\\\/glassingmonkey.com\\\/wp-content\\\/uploads\\\/2025\\\/05\\\/Frame-47.jpg\",\"contentUrl\":\"https:\\\/\\\/glassingmonkey.com\\\/wp-content\\\/uploads\\\/2025\\\/05\\\/Frame-47.jpg\",\"width\":650,\"height\":850,\"caption\":\"Bamba Hawaiian Style\"},{\"@type\":\"BreadcrumbList\",\"@id\":\"https:\\\/\\\/glassingmonkey.com\\\/es\\\/product\\\/bamba-hawaiian-style-longboard-noserider\\\/#breadcrumb\",\"itemListElement\":[{\"@type\":\"ListItem\",\"position\":1,\"name\":\"Home\",\"item\":\"https:\\\/\\\/glassingmonkey.com\\\/es\\\/\"},{\"@type\":\"ListItem\",\"position\":2,\"name\":\"Tienda\",\"item\":\"https:\\\/\\\/glassingmonkey.com\\\/es\\\/tienda\\\/\"},{\"@type\":\"ListItem\",\"position\":3,\"name\":\"Bamba Hawaiian Style\"}]},{\"@type\":\"WebSite\",\"@id\":\"https:\\\/\\\/glassingmonkey.com\\\/es\\\/#website\",\"url\":\"https:\\\/\\\/glassingmonkey.com\\\/es\\\/\",\"name\":\"Glassing Monkey\",\"description\":\"RIDE YOUR LIFE\",\"publisher\":{\"@id\":\"https:\\\/\\\/glassingmonkey.com\\\/es\\\/#organization\"},\"potentialAction\":[{\"@type\":\"SearchAction\",\"target\":{\"@type\":\"EntryPoint\",\"urlTemplate\":\"https:\\\/\\\/glassingmonkey.com\\\/es\\\/?s={search_term_string}\"},\"query-input\":{\"@type\":\"PropertyValueSpecification\",\"valueRequired\":true,\"valueName\":\"search_term_string\"}}],\"inLanguage\":\"es\"},{\"@type\":\"Organization\",\"@id\":\"https:\\\/\\\/glassingmonkey.com\\\/es\\\/#organization\",\"name\":\"Glassing Monkey\",\"url\":\"https:\\\/\\\/glassingmonkey.com\\\/es\\\/\",\"logo\":{\"@type\":\"ImageObject\",\"inLanguage\":\"es\",\"@id\":\"https:\\\/\\\/glassingmonkey.com\\\/es\\\/#\\\/schema\\\/logo\\\/image\\\/\",\"url\":\"https:\\\/\\\/glassingmonkey.com\\\/wp-content\\\/uploads\\\/2025\\\/06\\\/Glassing-monkey-surf-factory-surf-shop.webp\",\"contentUrl\":\"https:\\\/\\\/glassingmonkey.com\\\/wp-content\\\/uploads\\\/2025\\\/06\\\/Glassing-monkey-surf-factory-surf-shop.webp\",\"width\":786,\"height\":530,\"caption\":\"Glassing Monkey\"},\"image\":{\"@id\":\"https:\\\/\\\/glassingmonkey.com\\\/es\\\/#\\\/schema\\\/logo\\\/image\\\/\"},\"sameAs\":[\"https:\\\/\\\/www.instagram.com\\\/glassingmonkey\\\/\"]}]}<\/script>\n<!-- \/ Yoast SEO plugin. -->","yoast_head_json":{"title":"Bamba Hawaiian Style | Longboard Noserider de Alto Rendimiento","description":"Compra el Longboard Bamba Hawaiian Style al mejor precio en Glassing Monkey. Un noserider de alto rendimiento dise\u00f1ado para surfear con estilo. Ahora online","robots":{"index":"index","follow":"follow","max-snippet":"max-snippet:-1","max-image-preview":"max-image-preview:large","max-video-preview":"max-video-preview:-1"},"canonical":"https:\/\/glassingmonkey.com\/es\/product\/bamba-hawaiian-style-longboard-noserider\/","og_locale":"es_ES","og_type":"article","og_title":"Bamba Hawaiian Style | Longboard Noserider de Alto Rendimiento","og_description":"Compra el Longboard Bamba Hawaiian Style al mejor precio en Glassing Monkey. Un noserider de alto rendimiento dise\u00f1ado para surfear con estilo. Ahora online","og_url":"https:\/\/glassingmonkey.com\/es\/product\/bamba-hawaiian-style-longboard-noserider\/","og_site_name":"Ride your life","article_modified_time":"2026-04-27T18:33:51+00:00","og_image":[{"width":650,"height":850,"url":"https:\/\/glassingmonkey.com\/wp-content\/uploads\/2025\/05\/Frame-47.jpg","type":"image\/jpeg"}],"twitter_card":"summary_large_image","twitter_misc":{"Tiempo de lectura":"2 minutos"},"schema":{"@context":"https:\/\/schema.org","@graph":[{"@type":"WebPage","@id":"https:\/\/glassingmonkey.com\/es\/product\/bamba-hawaiian-style-longboard-noserider\/","url":"https:\/\/glassingmonkey.com\/es\/product\/bamba-hawaiian-style-longboard-noserider\/","name":"Bamba Hawaiian Style | Longboard Noserider de Alto Rendimiento","isPartOf":{"@id":"https:\/\/glassingmonkey.com\/es\/#website"},"primaryImageOfPage":{"@id":"https:\/\/glassingmonkey.com\/es\/product\/bamba-hawaiian-style-longboard-noserider\/#primaryimage"},"image":{"@id":"https:\/\/glassingmonkey.com\/es\/product\/bamba-hawaiian-style-longboard-noserider\/#primaryimage"},"thumbnailUrl":"https:\/\/glassingmonkey.com\/wp-content\/uploads\/2025\/05\/Frame-47.jpg","datePublished":"2025-05-28T10:00:05+00:00","dateModified":"2026-04-27T18:33:51+00:00","description":"Compra el Longboard Bamba Hawaiian Style al mejor precio en Glassing Monkey. Un noserider de alto rendimiento dise\u00f1ado para surfear con estilo. Ahora online","breadcrumb":{"@id":"https:\/\/glassingmonkey.com\/es\/product\/bamba-hawaiian-style-longboard-noserider\/#breadcrumb"},"inLanguage":"es","potentialAction":[{"@type":"ReadAction","target":["https:\/\/glassingmonkey.com\/es\/product\/bamba-hawaiian-style-longboard-noserider\/"]}]},{"@type":"ImageObject","inLanguage":"es","@id":"https:\/\/glassingmonkey.com\/es\/product\/bamba-hawaiian-style-longboard-noserider\/#primaryimage","url":"https:\/\/glassingmonkey.com\/wp-content\/uploads\/2025\/05\/Frame-47.jpg","contentUrl":"https:\/\/glassingmonkey.com\/wp-content\/uploads\/2025\/05\/Frame-47.jpg","width":650,"height":850,"caption":"Bamba Hawaiian Style"},{"@type":"BreadcrumbList","@id":"https:\/\/glassingmonkey.com\/es\/product\/bamba-hawaiian-style-longboard-noserider\/#breadcrumb","itemListElement":[{"@type":"ListItem","position":1,"name":"Home","item":"https:\/\/glassingmonkey.com\/es\/"},{"@type":"ListItem","position":2,"name":"Tienda","item":"https:\/\/glassingmonkey.com\/es\/tienda\/"},{"@type":"ListItem","position":3,"name":"Bamba Hawaiian Style"}]},{"@type":"WebSite","@id":"https:\/\/glassingmonkey.com\/es\/#website","url":"https:\/\/glassingmonkey.com\/es\/","name":"Glassing Monkey","description":"RIDE YOUR LIFE","publisher":{"@id":"https:\/\/glassingmonkey.com\/es\/#organization"},"potentialAction":[{"@type":"SearchAction","target":{"@type":"EntryPoint","urlTemplate":"https:\/\/glassingmonkey.com\/es\/?s={search_term_string}"},"query-input":{"@type":"PropertyValueSpecification","valueRequired":true,"valueName":"search_term_string"}}],"inLanguage":"es"},{"@type":"Organization","@id":"https:\/\/glassingmonkey.com\/es\/#organization","name":"Glassing Monkey","url":"https:\/\/glassingmonkey.com\/es\/","logo":{"@type":"ImageObject","inLanguage":"es","@id":"https:\/\/glassingmonkey.com\/es\/#\/schema\/logo\/image\/","url":"https:\/\/glassingmonkey.com\/wp-content\/uploads\/2025\/06\/Glassing-monkey-surf-factory-surf-shop.webp","contentUrl":"https:\/\/glassingmonkey.com\/wp-content\/uploads\/2025\/06\/Glassing-monkey-surf-factory-surf-shop.webp","width":786,"height":530,"caption":"Glassing Monkey"},"image":{"@id":"https:\/\/glassingmonkey.com\/es\/#\/schema\/logo\/image\/"},"sameAs":["https:\/\/www.instagram.com\/glassingmonkey\/"]}]}},"_links":{"self":[{"href":"https:\/\/glassingmonkey.com\/es\/wp-json\/wp\/v2\/product\/26746","targetHints":{"allow":["GET"]}}],"collection":[{"href":"https:\/\/glassingmonkey.com\/es\/wp-json\/wp\/v2\/product"}],"about":[{"href":"https:\/\/glassingmonkey.com\/es\/wp-json\/wp\/v2\/types\/product"}],"replies":[{"embeddable":true,"href":"https:\/\/glassingmonkey.com\/es\/wp-json\/wp\/v2\/comments?post=26746"}],"wp:featuredmedia":[{"embeddable":true,"href":"https:\/\/glassingmonkey.com\/es\/wp-json\/wp\/v2\/media\/25720"}],"wp:attachment":[{"href":"https:\/\/glassingmonkey.com\/es\/wp-json\/wp\/v2\/media?parent=26746"}],"wp:term":[{"taxonomy":"product_brand","embeddable":true,"href":"https:\/\/glassingmonkey.com\/es\/wp-json\/wp\/v2\/product_brand?post=26746"},{"taxonomy":"product_cat","embeddable":true,"href":"https:\/\/glassingmonkey.com\/es\/wp-json\/wp\/v2\/product_cat?post=26746"},{"taxonomy":"product_tag","embeddable":true,"href":"https:\/\/glassingmonkey.com\/es\/wp-json\/wp\/v2\/product_tag?post=26746"}],"curies":[{"name":"wp","href":"https:\/\/api.w.org\/{rel}","templated":true}]}}