{"id":26748,"date":"2025-05-28T11:59:36","date_gmt":"2025-05-28T09:59:36","guid":{"rendered":"https:\/\/glassingmonkey.com\/product\/heavy-water-reliable-powerful-waves\/"},"modified":"2026-04-15T21:28:39","modified_gmt":"2026-04-15T19:28:39","slug":"heavy-water-reliable","status":"publish","type":"product","link":"https:\/\/glassingmonkey.com\/es\/product\/heavy-water-reliable\/","title":{"rendered":"Heavy Water Reliable (powerful waves)"},"content":{"rendered":"<div class=\"Y3BBE\" data-sfc-cp=\"\" data-sfc-root=\"c\" data-sfc-cb=\"\" data-hveid=\"CAEIAxAA\" data-complete=\"true\" data-processed=\"true\">\n<div class=\"Y3BBE\" data-sfc-cp=\"\" data-sfc-root=\"c\" data-sfc-cb=\"\" data-hveid=\"CAEIBxAA\" data-complete=\"true\" data-processed=\"true\"><\/div>\n<div class=\"Fsg96\" data-sfc-cp=\"\" data-sfc-root=\"c\" data-sfc-cb=\"\" data-complete=\"true\" data-processed=\"true\">\n<h1 class=\"Y3BBE\" data-sfc-root=\"c\" data-hveid=\"CAEIDBAA\" data-complete=\"true\" data-processed=\"true\"><strong class=\"Yjhzub\" data-sfc-root=\"c\" data-sfc-cb=\"\" data-complete=\"true\" data-processed=\"true\">Domina el Pico con la Nueva Heavy Water Reliable\u00a0<\/strong><\/h1>\n<div class=\"Y3BBE\" data-sfc-cp=\"\" data-sfc-root=\"c\" data-sfc-cb=\"\" data-hveid=\"CAEIDBAA\" data-complete=\"true\" data-processed=\"true\">La <strong class=\"Yjhzub\" data-sfc-root=\"c\" data-sfc-cb=\"\" data-complete=\"true\" data-processed=\"true\">Heavy Water Reliable<\/strong> es pura ingenier\u00eda de precisi\u00f3n para el <strong class=\"Yjhzub\" data-sfc-root=\"c\" data-sfc-cb=\"\" data-complete=\"true\" data-processed=\"true\">surf de alto rendimiento<\/strong>. Hemos dise\u00f1ado este modelo espec\u00edficamente para olas potentes y exigentes. Es la elecci\u00f3n definitiva para surfistas de nivel intermedio a avanzado. Si buscas superar tus propios l\u00edmites, esta tabla es tu mejor aliada.<button class=\"rBl3me\" tabindex=\"0\" data-amic=\"true\" data-icl-uuid=\"5d3071cf-d842-4d53-9a2a-b09a42e21c37\" aria-label=\"View related links\" data-wiz-attrbind=\"disabled=fhP5de_26\/C5gNJc;aria-label=fhP5de_26\/bOjMyf;class=fhP5de_26\/UpSNec\" data-ved=\"2ahUKEwiNkaz_4e2TAxXPv4kEHUHiG8IQye0OegYIAQgMEAE\" data-hveid=\"CAEIDBAB\"><\/button><\/div>\n<h2 class=\"Y3BBE\" data-sfc-root=\"c\" data-hveid=\"CAEIDRAA\" data-complete=\"true\" data-processed=\"true\"><strong class=\"Yjhzub\" data-sfc-root=\"c\" data-sfc-cb=\"\" data-complete=\"true\" data-processed=\"true\">Velocidad Explosiva y Control Total con tu nueva Heavy Water Reliable<\/strong><\/h2>\n<div class=\"Y3BBE\" data-sfc-cp=\"\" data-sfc-root=\"c\" data-sfc-cb=\"\" data-hveid=\"CAEIDRAA\" data-complete=\"true\" data-processed=\"true\">Su dise\u00f1o destaca por un rocker suave y extremadamente sensible. Esta curvatura genera una <strong class=\"Yjhzub\" data-sfc-root=\"c\" data-sfc-cb=\"\" data-complete=\"true\" data-processed=\"true\">velocidad excepcional en la pared de la ola<\/strong>. El rocker equilibrado garantiza el control total en las secciones m\u00e1s cr\u00edticas. Mantendr\u00e1s la inercia necesaria para superar secciones planas con total fluidez. Cada transici\u00f3n se siente natural gracias a una distribuci\u00f3n de pesos meticulosa.<button class=\"rBl3me\" tabindex=\"0\" data-amic=\"true\" data-icl-uuid=\"0c9c81bc-4256-4aaf-80b1-366bf646f34e\" aria-label=\"View related links\" data-wiz-attrbind=\"disabled=fhP5de_2d\/C5gNJc;aria-label=fhP5de_2d\/bOjMyf;class=fhP5de_2d\/UpSNec\" data-ved=\"2ahUKEwiNkaz_4e2TAxXPv4kEHUHiG8IQye0OegYIAQgNEAE\" data-hveid=\"CAEIDRAB\"><\/button><\/div>\n<h2 class=\"Y3BBE\" data-sfc-root=\"c\" data-hveid=\"CAEIDhAA\" data-complete=\"true\" data-processed=\"true\"><strong class=\"Yjhzub\" data-sfc-root=\"c\" data-sfc-cb=\"\" data-complete=\"true\" data-processed=\"true\">Tecnolog\u00eda en el C\u00f3ncavo y Foil<\/strong><\/h2>\n<div class=\"Y3BBE\" data-sfc-cp=\"\" data-sfc-root=\"c\" data-sfc-cb=\"\" data-hveid=\"CAEIDhAA\" data-complete=\"true\" data-processed=\"true\">La parte inferior cuenta con un <strong class=\"Yjhzub\" data-sfc-root=\"c\" data-sfc-cb=\"\" data-complete=\"true\" data-processed=\"true\">c\u00f3ncavo en tres cuartas partes<\/strong> de la tabla. Este detalle t\u00e9cnico mejora dr\u00e1sticamente el agarre en giros cerrados. El flujo del agua se optimiza para ofrecer una sustentaci\u00f3n constante bajo tus pies. Adem\u00e1s, el foil refinado en el nose y el tail aumenta la sensibilidad. Tendr\u00e1s una respuesta t\u00e1ctil superior para realizar ajustes r\u00e1pidos de trayectoria.<button class=\"rBl3me\" tabindex=\"0\" data-amic=\"true\" data-icl-uuid=\"cc1433f3-d170-4a33-bf78-1a1034405205\" aria-label=\"View related links\" data-wiz-attrbind=\"disabled=fhP5de_2k\/C5gNJc;aria-label=fhP5de_2k\/bOjMyf;class=fhP5de_2k\/UpSNec\" data-ved=\"2ahUKEwiNkaz_4e2TAxXPv4kEHUHiG8IQye0OegYIAQgOEAE\" data-hveid=\"CAEIDhAB\"><\/button><\/div>\n<h2 class=\"Y3BBE\" data-sfc-root=\"c\" data-hveid=\"CAEIDxAA\" data-complete=\"true\" data-processed=\"true\"><strong class=\"Yjhzub\" data-sfc-root=\"c\" data-sfc-cb=\"\" data-complete=\"true\" data-processed=\"true\">Confianza Absoluta en Cada Giro, Heavy Water Reliable<\/strong><\/h2>\n<div class=\"Y3BBE\" data-sfc-cp=\"\" data-sfc-root=\"c\" data-sfc-cb=\"\" data-hveid=\"CAEIDxAA\" data-complete=\"true\" data-processed=\"true\">Los cantos de volumen medio est\u00e1n suavizados para ofrecer una comodidad m\u00e1xima. Esta configuraci\u00f3n aporta una tolerancia crucial en maniobras de alta intensidad. Las <strong class=\"Yjhzub\" data-sfc-root=\"c\" data-sfc-cb=\"\" data-complete=\"true\" data-processed=\"true\">transiciones entre cantos<\/strong> son fluidas y evitan errores t\u00e9cnicos inesperados. La Reliable perdona peque\u00f1os fallos sin sacrificar la precisi\u00f3n necesaria. Es una tabla que transmite seguridad total en las condiciones m\u00e1s dif\u00edciles<button class=\"rBl3me\" tabindex=\"0\" data-amic=\"true\" data-icl-uuid=\"7a33b750-7bfb-418d-80d5-692105991972\" aria-label=\"View related links\" data-wiz-attrbind=\"disabled=fhP5de_2r\/C5gNJc;aria-label=fhP5de_2r\/bOjMyf;class=fhP5de_2r\/UpSNec\" data-ved=\"2ahUKEwiNkaz_4e2TAxXPv4kEHUHiG8IQye0OegYIAQgPEAE\" data-hveid=\"CAEIDxAB\"><\/button><\/div>\n<h2 class=\"Y3BBE\" data-sfc-root=\"c\" data-hveid=\"CAEIEBAA\" data-complete=\"true\" data-processed=\"true\" aria-owns=\"action-menu-parent-container\"><strong class=\"Yjhzub\" data-sfc-root=\"c\" data-sfc-cb=\"\" data-complete=\"true\" data-processed=\"true\">Tu Pr\u00f3ximo Nivel de Surf esta a un solo paso<\/strong><\/h2>\n<div class=\"Y3BBE\" data-sfc-cp=\"\" data-sfc-root=\"c\" data-sfc-cb=\"\" data-hveid=\"CAEIEBAA\" data-complete=\"true\" data-processed=\"true\" aria-owns=\"action-menu-parent-container\">La Reliable redefine el concepto de tabla de alto rendimiento. No es solo equipo, es una extensi\u00f3n de tu instinto en el agua. Maximiza tu potencial y conquista las olas m\u00e1s potentes con tecnolog\u00eda de vanguardia.<\/div>\n<\/div>\n<\/div>\n","protected":false},"excerpt":{"rendered":"<p>La Reliable destaca en olas potentes, ofreciendo velocidad, control y respuesta inmediata. Una tabla de alto rendimiento dise\u00f1ada para surfistas intermedios y avanzados.<\/p>\n","protected":false},"featured_media":25712,"comment_status":"closed","ping_status":"closed","template":"","meta":{"site-sidebar-layout":"default","site-content-layout":"","ast-site-content-layout":"default","site-content-style":"default","site-sidebar-style":"default","ast-global-header-display":"","ast-banner-title-visibility":"","ast-main-header-display":"","ast-hfb-above-header-display":"","ast-hfb-below-header-display":"","ast-hfb-mobile-header-display":"","site-post-title":"","ast-breadcrumbs-content":"","ast-featured-img":"","footer-sml-layout":"","ast-disable-related-posts":"","theme-transparent-header-meta":"default","adv-header-id-meta":"","stick-header-meta":"","header-above-stick-meta":"","header-main-stick-meta":"","header-below-stick-meta":"","astra-migrate-meta-layouts":"set","ast-page-background-enabled":"default","ast-page-background-meta":{"desktop":{"background-color":"var(--ast-global-color-5)","background-image":"","background-repeat":"repeat","background-position":"center center","background-size":"auto","background-attachment":"scroll","background-type":"","background-media":"","overlay-type":"","overlay-color":"","overlay-opacity":"","overlay-gradient":""},"tablet":{"background-color":"","background-image":"","background-repeat":"repeat","background-position":"center center","background-size":"auto","background-attachment":"scroll","background-type":"","background-media":"","overlay-type":"","overlay-color":"","overlay-opacity":"","overlay-gradient":""},"mobile":{"background-color":"","background-image":"","background-repeat":"repeat","background-position":"center center","background-size":"auto","background-attachment":"scroll","background-type":"","background-media":"","overlay-type":"","overlay-color":"","overlay-opacity":"","overlay-gradient":""}},"ast-content-background-meta":{"desktop":{"background-color":"var(--ast-global-color-4)","background-image":"","background-repeat":"repeat","background-position":"center center","background-size":"auto","background-attachment":"scroll","background-type":"","background-media":"","overlay-type":"","overlay-color":"","overlay-opacity":"","overlay-gradient":""},"tablet":{"background-color":"var(--ast-global-color-4)","background-image":"","background-repeat":"repeat","background-position":"center center","background-size":"auto","background-attachment":"scroll","background-type":"","background-media":"","overlay-type":"","overlay-color":"","overlay-opacity":"","overlay-gradient":""},"mobile":{"background-color":"var(--ast-global-color-4)","background-image":"","background-repeat":"repeat","background-position":"center center","background-size":"auto","background-attachment":"scroll","background-type":"","background-media":"","overlay-type":"","overlay-color":"","overlay-opacity":"","overlay-gradient":""}}},"product_brand":[1264],"product_cat":[1255,1215,1196],"product_tag":[1218,1446,1309],"class_list":{"0":"post-26748","1":"product","2":"type-product","3":"status-publish","4":"has-post-thumbnail","6":"product_brand-heavy-water-surfboards","7":"product_cat-powerful-waves","8":"product_cat-tablas-alto-rendimiento","9":"product_cat-tablas-de-surf-es","10":"product_tag-high-performance-es","11":"product_tag-powerful-waves","12":"product_tag-short-boards","13":"pa_model-reliable","14":"pa_thickness-2-1-2-es-2","15":"pa_thickness-2-11-16","16":"pa_thickness-2-3-8-es-2","17":"pa_thickness-2-5-16-es-2","18":"pa_thickness-2-5-8","19":"pa_thickness-2-7-16-es-2","20":"pa_thickness-2-9-16","21":"pa_width-18-1-2","22":"pa_width-18-1-4","23":"pa_width-18-3-4","24":"pa_width-19-1-2","25":"pa_width-19-1-4","26":"pa_width-19-3-4","27":"pa_width-1319","28":"desktop-align-left","29":"tablet-align-left","30":"mobile-align-left","32":"first","33":"onbackorder","34":"sale","35":"shipping-taxable","36":"purchasable","37":"product-type-variable"},"yoast_head":"<!-- This site is optimized with the Yoast SEO plugin v27.4 - https:\/\/yoast.com\/product\/yoast-seo-wordpress\/ -->\n<title>Heavy Water Reliable: Rendimiento en olas potentes<\/title>\n<meta name=\"description\" content=\"Compra la Heavy Water Reliable en Glassing Monkey. Dise\u00f1ada para olas potentes y m\u00e1ximo rendimiento. Hazte con la tuya hoy y domina las olas!!!!!\" \/>\n<meta name=\"robots\" content=\"index, follow, max-snippet:-1, max-image-preview:large, max-video-preview:-1\" \/>\n<link rel=\"canonical\" href=\"https:\/\/glassingmonkey.com\/es\/product\/heavy-water-reliable\/\" \/>\n<meta property=\"og:locale\" content=\"es_ES\" \/>\n<meta property=\"og:type\" content=\"article\" \/>\n<meta property=\"og:title\" content=\"Heavy Water Reliable: Rendimiento en olas potentes\" \/>\n<meta property=\"og:description\" content=\"Compra la Heavy Water Reliable en Glassing Monkey. Dise\u00f1ada para olas potentes y m\u00e1ximo rendimiento. Hazte con la tuya hoy y domina las olas!!!!!\" \/>\n<meta property=\"og:url\" content=\"https:\/\/glassingmonkey.com\/es\/product\/heavy-water-reliable\/\" \/>\n<meta property=\"og:site_name\" content=\"Glassing Monkey\" \/>\n<meta property=\"article:modified_time\" content=\"2026-04-15T19:28:39+00:00\" \/>\n<meta property=\"og:image\" content=\"https:\/\/glassingmonkey.com\/wp-content\/uploads\/2025\/05\/RELIABLE.jpg\" \/>\n\t<meta property=\"og:image:width\" content=\"600\" \/>\n\t<meta property=\"og:image:height\" content=\"800\" \/>\n\t<meta property=\"og:image:type\" content=\"image\/jpeg\" \/>\n<meta name=\"twitter:card\" content=\"summary_large_image\" \/>\n<meta name=\"twitter:label1\" content=\"Tiempo de lectura\" \/>\n\t<meta name=\"twitter:data1\" content=\"2 minutos\" \/>\n<script type=\"application\/ld+json\" class=\"yoast-schema-graph\">{\"@context\":\"https:\\\/\\\/schema.org\",\"@graph\":[{\"@type\":\"WebPage\",\"@id\":\"https:\\\/\\\/glassingmonkey.com\\\/es\\\/product\\\/heavy-water-reliable\\\/\",\"url\":\"https:\\\/\\\/glassingmonkey.com\\\/es\\\/product\\\/heavy-water-reliable\\\/\",\"name\":\"Heavy Water Reliable: Rendimiento en olas potentes\",\"isPartOf\":{\"@id\":\"https:\\\/\\\/glassingmonkey.com\\\/es\\\/#website\"},\"primaryImageOfPage\":{\"@id\":\"https:\\\/\\\/glassingmonkey.com\\\/es\\\/product\\\/heavy-water-reliable\\\/#primaryimage\"},\"image\":{\"@id\":\"https:\\\/\\\/glassingmonkey.com\\\/es\\\/product\\\/heavy-water-reliable\\\/#primaryimage\"},\"thumbnailUrl\":\"https:\\\/\\\/glassingmonkey.com\\\/wp-content\\\/uploads\\\/2025\\\/05\\\/RELIABLE.jpg\",\"datePublished\":\"2025-05-28T09:59:36+00:00\",\"dateModified\":\"2026-04-15T19:28:39+00:00\",\"description\":\"Compra la Heavy Water Reliable en Glassing Monkey. Dise\u00f1ada para olas potentes y m\u00e1ximo rendimiento. Hazte con la tuya hoy y domina las olas!!!!!\",\"breadcrumb\":{\"@id\":\"https:\\\/\\\/glassingmonkey.com\\\/es\\\/product\\\/heavy-water-reliable\\\/#breadcrumb\"},\"inLanguage\":\"es\",\"potentialAction\":[{\"@type\":\"ReadAction\",\"target\":[\"https:\\\/\\\/glassingmonkey.com\\\/es\\\/product\\\/heavy-water-reliable\\\/\"]}]},{\"@type\":\"ImageObject\",\"inLanguage\":\"es\",\"@id\":\"https:\\\/\\\/glassingmonkey.com\\\/es\\\/product\\\/heavy-water-reliable\\\/#primaryimage\",\"url\":\"https:\\\/\\\/glassingmonkey.com\\\/wp-content\\\/uploads\\\/2025\\\/05\\\/RELIABLE.jpg\",\"contentUrl\":\"https:\\\/\\\/glassingmonkey.com\\\/wp-content\\\/uploads\\\/2025\\\/05\\\/RELIABLE.jpg\",\"width\":600,\"height\":800,\"caption\":\"Heavy Water Reliable\"},{\"@type\":\"BreadcrumbList\",\"@id\":\"https:\\\/\\\/glassingmonkey.com\\\/es\\\/product\\\/heavy-water-reliable\\\/#breadcrumb\",\"itemListElement\":[{\"@type\":\"ListItem\",\"position\":1,\"name\":\"Home\",\"item\":\"https:\\\/\\\/glassingmonkey.com\\\/es\\\/\"},{\"@type\":\"ListItem\",\"position\":2,\"name\":\"Tienda\",\"item\":\"https:\\\/\\\/glassingmonkey.com\\\/es\\\/tienda\\\/\"},{\"@type\":\"ListItem\",\"position\":3,\"name\":\"Heavy Water Reliable (powerful waves)\"}]},{\"@type\":\"WebSite\",\"@id\":\"https:\\\/\\\/glassingmonkey.com\\\/es\\\/#website\",\"url\":\"https:\\\/\\\/glassingmonkey.com\\\/es\\\/\",\"name\":\"Glassing Monkey\",\"description\":\"RIDE YOUR LIFE\",\"publisher\":{\"@id\":\"https:\\\/\\\/glassingmonkey.com\\\/es\\\/#organization\"},\"potentialAction\":[{\"@type\":\"SearchAction\",\"target\":{\"@type\":\"EntryPoint\",\"urlTemplate\":\"https:\\\/\\\/glassingmonkey.com\\\/es\\\/?s={search_term_string}\"},\"query-input\":{\"@type\":\"PropertyValueSpecification\",\"valueRequired\":true,\"valueName\":\"search_term_string\"}}],\"inLanguage\":\"es\"},{\"@type\":\"Organization\",\"@id\":\"https:\\\/\\\/glassingmonkey.com\\\/es\\\/#organization\",\"name\":\"Glassing Monkey\",\"url\":\"https:\\\/\\\/glassingmonkey.com\\\/es\\\/\",\"logo\":{\"@type\":\"ImageObject\",\"inLanguage\":\"es\",\"@id\":\"https:\\\/\\\/glassingmonkey.com\\\/es\\\/#\\\/schema\\\/logo\\\/image\\\/\",\"url\":\"https:\\\/\\\/glassingmonkey.com\\\/wp-content\\\/uploads\\\/2025\\\/06\\\/Glassing-monkey-surf-factory-surf-shop.webp\",\"contentUrl\":\"https:\\\/\\\/glassingmonkey.com\\\/wp-content\\\/uploads\\\/2025\\\/06\\\/Glassing-monkey-surf-factory-surf-shop.webp\",\"width\":786,\"height\":530,\"caption\":\"Glassing Monkey\"},\"image\":{\"@id\":\"https:\\\/\\\/glassingmonkey.com\\\/es\\\/#\\\/schema\\\/logo\\\/image\\\/\"},\"sameAs\":[\"https:\\\/\\\/www.instagram.com\\\/glassingmonkey\\\/\"]}]}<\/script>\n<!-- \/ Yoast SEO plugin. -->","yoast_head_json":{"title":"Heavy Water Reliable: Rendimiento en olas potentes","description":"Compra la Heavy Water Reliable en Glassing Monkey. Dise\u00f1ada para olas potentes y m\u00e1ximo rendimiento. Hazte con la tuya hoy y domina las olas!!!!!","robots":{"index":"index","follow":"follow","max-snippet":"max-snippet:-1","max-image-preview":"max-image-preview:large","max-video-preview":"max-video-preview:-1"},"canonical":"https:\/\/glassingmonkey.com\/es\/product\/heavy-water-reliable\/","og_locale":"es_ES","og_type":"article","og_title":"Heavy Water Reliable: Rendimiento en olas potentes","og_description":"Compra la Heavy Water Reliable en Glassing Monkey. Dise\u00f1ada para olas potentes y m\u00e1ximo rendimiento. Hazte con la tuya hoy y domina las olas!!!!!","og_url":"https:\/\/glassingmonkey.com\/es\/product\/heavy-water-reliable\/","og_site_name":"Glassing Monkey","article_modified_time":"2026-04-15T19:28:39+00:00","og_image":[{"width":600,"height":800,"url":"https:\/\/glassingmonkey.com\/wp-content\/uploads\/2025\/05\/RELIABLE.jpg","type":"image\/jpeg"}],"twitter_card":"summary_large_image","twitter_misc":{"Tiempo de lectura":"2 minutos"},"schema":{"@context":"https:\/\/schema.org","@graph":[{"@type":"WebPage","@id":"https:\/\/glassingmonkey.com\/es\/product\/heavy-water-reliable\/","url":"https:\/\/glassingmonkey.com\/es\/product\/heavy-water-reliable\/","name":"Heavy Water Reliable: Rendimiento en olas potentes","isPartOf":{"@id":"https:\/\/glassingmonkey.com\/es\/#website"},"primaryImageOfPage":{"@id":"https:\/\/glassingmonkey.com\/es\/product\/heavy-water-reliable\/#primaryimage"},"image":{"@id":"https:\/\/glassingmonkey.com\/es\/product\/heavy-water-reliable\/#primaryimage"},"thumbnailUrl":"https:\/\/glassingmonkey.com\/wp-content\/uploads\/2025\/05\/RELIABLE.jpg","datePublished":"2025-05-28T09:59:36+00:00","dateModified":"2026-04-15T19:28:39+00:00","description":"Compra la Heavy Water Reliable en Glassing Monkey. Dise\u00f1ada para olas potentes y m\u00e1ximo rendimiento. Hazte con la tuya hoy y domina las olas!!!!!","breadcrumb":{"@id":"https:\/\/glassingmonkey.com\/es\/product\/heavy-water-reliable\/#breadcrumb"},"inLanguage":"es","potentialAction":[{"@type":"ReadAction","target":["https:\/\/glassingmonkey.com\/es\/product\/heavy-water-reliable\/"]}]},{"@type":"ImageObject","inLanguage":"es","@id":"https:\/\/glassingmonkey.com\/es\/product\/heavy-water-reliable\/#primaryimage","url":"https:\/\/glassingmonkey.com\/wp-content\/uploads\/2025\/05\/RELIABLE.jpg","contentUrl":"https:\/\/glassingmonkey.com\/wp-content\/uploads\/2025\/05\/RELIABLE.jpg","width":600,"height":800,"caption":"Heavy Water Reliable"},{"@type":"BreadcrumbList","@id":"https:\/\/glassingmonkey.com\/es\/product\/heavy-water-reliable\/#breadcrumb","itemListElement":[{"@type":"ListItem","position":1,"name":"Home","item":"https:\/\/glassingmonkey.com\/es\/"},{"@type":"ListItem","position":2,"name":"Tienda","item":"https:\/\/glassingmonkey.com\/es\/tienda\/"},{"@type":"ListItem","position":3,"name":"Heavy Water Reliable (powerful waves)"}]},{"@type":"WebSite","@id":"https:\/\/glassingmonkey.com\/es\/#website","url":"https:\/\/glassingmonkey.com\/es\/","name":"Glassing Monkey","description":"RIDE YOUR LIFE","publisher":{"@id":"https:\/\/glassingmonkey.com\/es\/#organization"},"potentialAction":[{"@type":"SearchAction","target":{"@type":"EntryPoint","urlTemplate":"https:\/\/glassingmonkey.com\/es\/?s={search_term_string}"},"query-input":{"@type":"PropertyValueSpecification","valueRequired":true,"valueName":"search_term_string"}}],"inLanguage":"es"},{"@type":"Organization","@id":"https:\/\/glassingmonkey.com\/es\/#organization","name":"Glassing Monkey","url":"https:\/\/glassingmonkey.com\/es\/","logo":{"@type":"ImageObject","inLanguage":"es","@id":"https:\/\/glassingmonkey.com\/es\/#\/schema\/logo\/image\/","url":"https:\/\/glassingmonkey.com\/wp-content\/uploads\/2025\/06\/Glassing-monkey-surf-factory-surf-shop.webp","contentUrl":"https:\/\/glassingmonkey.com\/wp-content\/uploads\/2025\/06\/Glassing-monkey-surf-factory-surf-shop.webp","width":786,"height":530,"caption":"Glassing Monkey"},"image":{"@id":"https:\/\/glassingmonkey.com\/es\/#\/schema\/logo\/image\/"},"sameAs":["https:\/\/www.instagram.com\/glassingmonkey\/"]}]}},"_links":{"self":[{"href":"https:\/\/glassingmonkey.com\/es\/wp-json\/wp\/v2\/product\/26748","targetHints":{"allow":["GET"]}}],"collection":[{"href":"https:\/\/glassingmonkey.com\/es\/wp-json\/wp\/v2\/product"}],"about":[{"href":"https:\/\/glassingmonkey.com\/es\/wp-json\/wp\/v2\/types\/product"}],"replies":[{"embeddable":true,"href":"https:\/\/glassingmonkey.com\/es\/wp-json\/wp\/v2\/comments?post=26748"}],"wp:featuredmedia":[{"embeddable":true,"href":"https:\/\/glassingmonkey.com\/es\/wp-json\/wp\/v2\/media\/25712"}],"wp:attachment":[{"href":"https:\/\/glassingmonkey.com\/es\/wp-json\/wp\/v2\/media?parent=26748"}],"wp:term":[{"taxonomy":"product_brand","embeddable":true,"href":"https:\/\/glassingmonkey.com\/es\/wp-json\/wp\/v2\/product_brand?post=26748"},{"taxonomy":"product_cat","embeddable":true,"href":"https:\/\/glassingmonkey.com\/es\/wp-json\/wp\/v2\/product_cat?post=26748"},{"taxonomy":"product_tag","embeddable":true,"href":"https:\/\/glassingmonkey.com\/es\/wp-json\/wp\/v2\/product_tag?post=26748"}],"curies":[{"name":"wp","href":"https:\/\/api.w.org\/{rel}","templated":true}]}}