{"id":26750,"date":"2025-05-28T11:59:35","date_gmt":"2025-05-28T09:59:35","guid":{"rendered":"https:\/\/glassingmonkey.com\/product\/heavy-water-wizard-allround\/"},"modified":"2026-04-14T16:41:34","modified_gmt":"2026-04-14T14:41:34","slug":"heavy-water-wizard-allround","status":"publish","type":"product","link":"https:\/\/glassingmonkey.com\/es\/product\/heavy-water-wizard-allround\/","title":{"rendered":"Heavy Water Wizard (allround)"},"content":{"rendered":"<div class=\"otQkpb\" role=\"heading\" aria-level=\"3\" data-animation-nesting=\"\" data-sfc-cp=\"\" data-sfc-root=\"c\" data-sfc-cb=\"\" data-complete=\"true\" data-processed=\"true\" data-sae=\"\">Rendimiento Total: La Tabla Todoterreno Definitiva , Heavy Water Wizard<button class=\"rBl3me\" tabindex=\"0\" data-amic=\"true\" data-icl-uuid=\"f1683224-8923-4e0b-b4f2-ac18d9170643\" aria-label=\"View related links\" data-wiz-attrbind=\"disabled=Sa4NGf_m\/C5gNJc;aria-label=Sa4NGf_m\/bOjMyf;class=Sa4NGf_m\/UpSNec\" data-ved=\"2ahUKEwjU0dPzxu2TAxVyfKQEHduLCbIQye0OegYIAQgDEAA\" data-hveid=\"CAEIAxAA\"><\/button><\/div>\n<div role=\"heading\" aria-level=\"3\" data-animation-nesting=\"\" data-sfc-cp=\"\" data-sfc-root=\"c\" data-sfc-cb=\"\" data-complete=\"true\" data-processed=\"true\" data-sae=\"\"><\/div>\n<div class=\"Y3BBE\" data-sfc-cp=\"\" data-sfc-root=\"c\" data-sfc-cb=\"\" data-hveid=\"CAEIBBAA\" data-processed=\"true\" data-complete=\"true\">Lleva tu surf al siguiente nivel con nuestra tabla de alto rendimiento m\u00e1s vers\u00e1til. Este modelo de bajo volumen est\u00e1 dise\u00f1ado para dominar cualquier condici\u00f3n. Su silueta refinada presenta un <strong class=\"Yjhzub\" data-sfc-root=\"c\" data-sfc-cb=\"\" data-complete=\"true\" data-processed=\"true\">nose<\/strong> y <strong class=\"Yjhzub\" data-sfc-root=\"c\" data-sfc-cb=\"\" data-complete=\"true\" data-processed=\"true\">tail<\/strong> m\u00e1s estrechos para una agilidad superior. El <strong class=\"Yjhzub\" data-sfc-root=\"c\" data-sfc-cb=\"\" data-complete=\"true\" data-processed=\"true\">tail cuadrado redondeado<\/strong> a\u00f1ade el toque perfecto de control y libertad. Es la herramienta definitiva para quienes buscan respuesta inmediata en el agua.<span class=\"uJ19be notranslate\" data-sfc-root=\"c\" data-wiz-uids=\"Sa4NGf_u,Sa4NGf_v\" data-sfc-cb=\"\" data-complete=\"true\" data-processed=\"true\"><span class=\"vKEkVd\" data-animation-atomic=\"\" data-wiz-attrbind=\"class=Sa4NGf_t\/TKHnVd\" data-sae=\"\"><span aria-hidden=\"true\">\u00a0<\/span><button class=\"rBl3me\" tabindex=\"0\" data-amic=\"true\" data-icl-uuid=\"fc458bd9-2054-4e11-a2a3-e6942ac4f0c9\" aria-label=\"View related links\" data-wiz-attrbind=\"disabled=Sa4NGf_t\/C5gNJc;aria-label=Sa4NGf_t\/bOjMyf;class=Sa4NGf_t\/UpSNec\" data-ved=\"2ahUKEwjU0dPzxu2TAxVyfKQEHduLCbIQye0OegYIAQgEEAE\" data-hveid=\"CAEIBBAB\"><\/button><\/span><\/span><\/div>\n<div class=\"Y3BBE\" data-sfc-cp=\"\" data-sfc-root=\"c\" data-sfc-cb=\"\" data-hveid=\"CAEIBRAA\" data-processed=\"true\" data-complete=\"true\"><strong class=\"Yjhzub\" data-sfc-root=\"c\" data-sfc-cb=\"\" data-complete=\"true\" data-processed=\"true\">Velocidad Extrema y Agarre Superior<\/strong><br data-sfc-root=\"c\" data-sfc-pl=\"|[]\" data-sfc-cb=\"\" data-complete=\"true\" data-processed=\"true\" \/>La clave de su \u00e9xito reside en un c\u00f3ncavo profundo sobre una base suave. Esta combinaci\u00f3n proporciona una proyecci\u00f3n incre\u00edble a velocidades extremas. El dise\u00f1o de <strong class=\"Yjhzub\" data-sfc-root=\"c\" data-sfc-cb=\"\" data-complete=\"true\" data-processed=\"true\">single a double concave<\/strong> optimiza el flujo de agua bajo tus pies. Sentir\u00e1s un agarre firme tanto en giros amplios como en maniobras cr\u00edticas. La base bien curvada permite transiciones r\u00e1pidas sin perder el control. Es una tabla que responde con precisi\u00f3n a cada uno de tus impulsos.<span class=\"uJ19be notranslate\" data-sfc-root=\"c\" data-wiz-uids=\"Sa4NGf_11,Sa4NGf_12\" data-sfc-cb=\"\" data-complete=\"true\" data-processed=\"true\"><span class=\"vKEkVd\" data-animation-atomic=\"\" data-wiz-attrbind=\"class=Sa4NGf_10\/TKHnVd\" data-sae=\"\"><span aria-hidden=\"true\">\u00a0<\/span><button class=\"rBl3me\" tabindex=\"0\" data-amic=\"true\" data-icl-uuid=\"04006872-944a-4c6a-a9ce-bbec7227354b\" aria-label=\"View related links\" data-wiz-attrbind=\"disabled=Sa4NGf_10\/C5gNJc;aria-label=Sa4NGf_10\/bOjMyf;class=Sa4NGf_10\/UpSNec\" data-ved=\"2ahUKEwjU0dPzxu2TAxVyfKQEHduLCbIQye0OegYIAQgFEAE\" data-hveid=\"CAEIBRAB\"><\/button><\/span><\/span><\/div>\n<div class=\"Y3BBE\" data-sfc-cp=\"\" data-sfc-root=\"c\" data-sfc-cb=\"\" data-hveid=\"CAEIBhAA\" data-processed=\"true\" data-complete=\"true\"><strong class=\"Yjhzub\" data-sfc-root=\"c\" data-sfc-cb=\"\" data-complete=\"true\" data-processed=\"true\">Fluidez y Control en el Tubo<\/strong><br data-sfc-root=\"c\" data-sfc-pl=\"|[]\" data-sfc-cb=\"\" data-complete=\"true\" data-processed=\"true\" \/>Su rocker moderado a suave garantiza una entrada limpia en la ola. Los <strong class=\"Yjhzub\" data-sfc-root=\"c\" data-sfc-cb=\"\" data-complete=\"true\" data-processed=\"true\">cantos bajos y suaves<\/strong> facilitan el encarrilamiento en las secciones m\u00e1s verticales. Este modelo brilla especialmente cuando necesitas velocidad en secciones cerradas dentro del tubo. La distribuci\u00f3n equilibrada del dise\u00f1o permite mantener la estabilidad en situaciones de alta presi\u00f3n. Cada detalle ha sido pensado para ofrecer una experiencia de navegaci\u00f3n fluida y natural.<button class=\"rBl3me\" tabindex=\"0\" data-amic=\"true\" data-icl-uuid=\"8e0fb3f1-1e7a-4fa6-aa9d-4b6414f2d8e6\" aria-label=\"View related links\" data-wiz-attrbind=\"disabled=Sa4NGf_17\/C5gNJc;aria-label=Sa4NGf_17\/bOjMyf;class=Sa4NGf_17\/UpSNec\" data-ved=\"2ahUKEwjU0dPzxu2TAxVyfKQEHduLCbIQye0OegYIAQgGEAE\" data-hveid=\"CAEIBhAB\"><\/button><\/div>\n<div class=\"Y3BBE\" data-sfc-cp=\"\" data-sfc-root=\"c\" data-sfc-cb=\"\" data-hveid=\"CAEIBxAA\" data-processed=\"true\" data-complete=\"true\" aria-owns=\"action-menu-parent-container\"><strong class=\"Yjhzub\" data-sfc-root=\"c\" data-sfc-cb=\"\" data-complete=\"true\" data-processed=\"true\">Versatilidad sin L\u00edmites<\/strong><br data-sfc-root=\"c\" data-sfc-pl=\"|[]\" data-sfc-cb=\"\" data-complete=\"true\" data-processed=\"true\" \/>La Heavy Water Wizard \u00a0es una verdadera todoterreno para surfistas exigentes. Disfruta de giros largos y potentes sobre la pared de la ola con total confianza. Su construcci\u00f3n t\u00e9cnica asegura durabilidad y un tacto excepcional en cada sesi\u00f3n. Maximiza tu potencial y conquista cualquier pico con esta joya de la ingenier\u00eda. Es el momento de sentir la verdadera libertad y potencia bajo tus pies.<\/div>\n","protected":false},"excerpt":{"rendered":"<p>Es una tabla de bajo volumen, alto rendimiento y uso polivalente, con un c\u00f3ncavo profundo sobre una base suave.<\/p>\n","protected":false},"featured_media":25709,"comment_status":"closed","ping_status":"closed","template":"","meta":{"site-sidebar-layout":"default","site-content-layout":"","ast-site-content-layout":"default","site-content-style":"default","site-sidebar-style":"default","ast-global-header-display":"","ast-banner-title-visibility":"","ast-main-header-display":"","ast-hfb-above-header-display":"","ast-hfb-below-header-display":"","ast-hfb-mobile-header-display":"","site-post-title":"","ast-breadcrumbs-content":"","ast-featured-img":"","footer-sml-layout":"","ast-disable-related-posts":"","theme-transparent-header-meta":"default","adv-header-id-meta":"","stick-header-meta":"","header-above-stick-meta":"","header-main-stick-meta":"","header-below-stick-meta":"","astra-migrate-meta-layouts":"set","ast-page-background-enabled":"default","ast-page-background-meta":{"desktop":{"background-color":"var(--ast-global-color-5)","background-image":"","background-repeat":"repeat","background-position":"center center","background-size":"auto","background-attachment":"scroll","background-type":"","background-media":"","overlay-type":"","overlay-color":"","overlay-opacity":"","overlay-gradient":""},"tablet":{"background-color":"","background-image":"","background-repeat":"repeat","background-position":"center center","background-size":"auto","background-attachment":"scroll","background-type":"","background-media":"","overlay-type":"","overlay-color":"","overlay-opacity":"","overlay-gradient":""},"mobile":{"background-color":"","background-image":"","background-repeat":"repeat","background-position":"center center","background-size":"auto","background-attachment":"scroll","background-type":"","background-media":"","overlay-type":"","overlay-color":"","overlay-opacity":"","overlay-gradient":""}},"ast-content-background-meta":{"desktop":{"background-color":"var(--ast-global-color-4)","background-image":"","background-repeat":"repeat","background-position":"center center","background-size":"auto","background-attachment":"scroll","background-type":"","background-media":"","overlay-type":"","overlay-color":"","overlay-opacity":"","overlay-gradient":""},"tablet":{"background-color":"var(--ast-global-color-4)","background-image":"","background-repeat":"repeat","background-position":"center center","background-size":"auto","background-attachment":"scroll","background-type":"","background-media":"","overlay-type":"","overlay-color":"","overlay-opacity":"","overlay-gradient":""},"mobile":{"background-color":"var(--ast-global-color-4)","background-image":"","background-repeat":"repeat","background-position":"center center","background-size":"auto","background-attachment":"scroll","background-type":"","background-media":"","overlay-type":"","overlay-color":"","overlay-opacity":"","overlay-gradient":""}}},"product_brand":[1264],"product_cat":[1307,1215,1256,1196],"product_tag":[1308,1218,1309],"class_list":{"0":"post-26750","1":"product","2":"type-product","3":"status-publish","4":"has-post-thumbnail","6":"product_brand-heavy-water-surfboards","7":"product_cat-allround","8":"product_cat-high-performance-es","9":"product_cat-shortboard","10":"product_cat-tablas-de-surf-es","11":"product_tag-all-round","12":"product_tag-high-performance-es","13":"product_tag-short-boards","14":"pa_model-wizard","15":"pa_thickness-2-1-18","16":"pa_thickness-2-1-2-es-2","17":"pa_thickness-2-1-4","18":"pa_thickness-2-3-16","19":"pa_thickness-2-3-8-es-2","20":"pa_thickness-2-5-16-es-2","21":"pa_thickness-2-7-16-es-2","22":"pa_thickness-2-9-16","23":"pa_width-18-1-2","24":"pa_width-18-1-4","25":"pa_width-18-3-4","26":"pa_width-1451","27":"pa_width-19-1-2","28":"pa_width-19-1-4","29":"pa_width-19-3-4-2","30":"pa_width-1319","31":"desktop-align-left","32":"tablet-align-left","33":"mobile-align-left","35":"first","36":"onbackorder","37":"sale","38":"shipping-taxable","39":"purchasable","40":"product-type-variable"},"yoast_head":"<!-- This site is optimized with the Yoast SEO plugin v27.4 - https:\/\/yoast.com\/product\/yoast-seo-wordpress\/ -->\n<title>Heavy Water Wizard \/ Tabla de surf All Round \/ Glassing Monkey<\/title>\n<meta name=\"description\" content=\"Descubre la Heavy Water Wizard, la tabla de surf All Round perfecta para alto rendimiento. Comprala al mejor precio en Glassing Monkey Surf Factory\" \/>\n<meta name=\"robots\" content=\"index, follow, max-snippet:-1, max-image-preview:large, max-video-preview:-1\" \/>\n<link rel=\"canonical\" href=\"https:\/\/glassingmonkey.com\/es\/product\/heavy-water-wizard-allround\/\" \/>\n<meta property=\"og:locale\" content=\"es_ES\" \/>\n<meta property=\"og:type\" content=\"article\" \/>\n<meta property=\"og:title\" content=\"Heavy Water Wizard \/ Tabla de surf All Round \/ Glassing Monkey\" \/>\n<meta property=\"og:description\" content=\"Descubre la Heavy Water Wizard, la tabla de surf All Round perfecta para alto rendimiento. Comprala al mejor precio en Glassing Monkey Surf Factory\" \/>\n<meta property=\"og:url\" content=\"https:\/\/glassingmonkey.com\/es\/product\/heavy-water-wizard-allround\/\" \/>\n<meta property=\"og:site_name\" content=\"Ride your life\" \/>\n<meta property=\"article:modified_time\" content=\"2026-04-14T14:41:34+00:00\" \/>\n<meta property=\"og:image\" content=\"https:\/\/glassingmonkey.com\/wp-content\/uploads\/2025\/05\/WIZARD.jpg\" \/>\n\t<meta property=\"og:image:width\" content=\"600\" \/>\n\t<meta property=\"og:image:height\" content=\"800\" \/>\n\t<meta property=\"og:image:type\" content=\"image\/jpeg\" \/>\n<meta name=\"twitter:card\" content=\"summary_large_image\" \/>\n<meta name=\"twitter:label1\" content=\"Tiempo de lectura\" \/>\n\t<meta name=\"twitter:data1\" content=\"2 minutos\" \/>\n<script type=\"application\/ld+json\" class=\"yoast-schema-graph\">{\"@context\":\"https:\\\/\\\/schema.org\",\"@graph\":[{\"@type\":\"WebPage\",\"@id\":\"https:\\\/\\\/glassingmonkey.com\\\/es\\\/product\\\/heavy-water-wizard-allround\\\/\",\"url\":\"https:\\\/\\\/glassingmonkey.com\\\/es\\\/product\\\/heavy-water-wizard-allround\\\/\",\"name\":\"Heavy Water Wizard \\\/ Tabla de surf All Round \\\/ Glassing Monkey\",\"isPartOf\":{\"@id\":\"https:\\\/\\\/glassingmonkey.com\\\/es\\\/#website\"},\"primaryImageOfPage\":{\"@id\":\"https:\\\/\\\/glassingmonkey.com\\\/es\\\/product\\\/heavy-water-wizard-allround\\\/#primaryimage\"},\"image\":{\"@id\":\"https:\\\/\\\/glassingmonkey.com\\\/es\\\/product\\\/heavy-water-wizard-allround\\\/#primaryimage\"},\"thumbnailUrl\":\"https:\\\/\\\/glassingmonkey.com\\\/wp-content\\\/uploads\\\/2025\\\/05\\\/WIZARD.jpg\",\"datePublished\":\"2025-05-28T09:59:35+00:00\",\"dateModified\":\"2026-04-14T14:41:34+00:00\",\"description\":\"Descubre la Heavy Water Wizard, la tabla de surf All Round perfecta para alto rendimiento. Comprala al mejor precio en Glassing Monkey Surf Factory\",\"breadcrumb\":{\"@id\":\"https:\\\/\\\/glassingmonkey.com\\\/es\\\/product\\\/heavy-water-wizard-allround\\\/#breadcrumb\"},\"inLanguage\":\"es\",\"potentialAction\":[{\"@type\":\"ReadAction\",\"target\":[\"https:\\\/\\\/glassingmonkey.com\\\/es\\\/product\\\/heavy-water-wizard-allround\\\/\"]}]},{\"@type\":\"ImageObject\",\"inLanguage\":\"es\",\"@id\":\"https:\\\/\\\/glassingmonkey.com\\\/es\\\/product\\\/heavy-water-wizard-allround\\\/#primaryimage\",\"url\":\"https:\\\/\\\/glassingmonkey.com\\\/wp-content\\\/uploads\\\/2025\\\/05\\\/WIZARD.jpg\",\"contentUrl\":\"https:\\\/\\\/glassingmonkey.com\\\/wp-content\\\/uploads\\\/2025\\\/05\\\/WIZARD.jpg\",\"width\":600,\"height\":800,\"caption\":\"Heavy Water Wizard\"},{\"@type\":\"BreadcrumbList\",\"@id\":\"https:\\\/\\\/glassingmonkey.com\\\/es\\\/product\\\/heavy-water-wizard-allround\\\/#breadcrumb\",\"itemListElement\":[{\"@type\":\"ListItem\",\"position\":1,\"name\":\"Home\",\"item\":\"https:\\\/\\\/glassingmonkey.com\\\/es\\\/\"},{\"@type\":\"ListItem\",\"position\":2,\"name\":\"Tienda\",\"item\":\"https:\\\/\\\/glassingmonkey.com\\\/es\\\/tienda\\\/\"},{\"@type\":\"ListItem\",\"position\":3,\"name\":\"Heavy Water Wizard (allround)\"}]},{\"@type\":\"WebSite\",\"@id\":\"https:\\\/\\\/glassingmonkey.com\\\/es\\\/#website\",\"url\":\"https:\\\/\\\/glassingmonkey.com\\\/es\\\/\",\"name\":\"Glassing Monkey\",\"description\":\"RIDE YOUR LIFE\",\"publisher\":{\"@id\":\"https:\\\/\\\/glassingmonkey.com\\\/es\\\/#organization\"},\"potentialAction\":[{\"@type\":\"SearchAction\",\"target\":{\"@type\":\"EntryPoint\",\"urlTemplate\":\"https:\\\/\\\/glassingmonkey.com\\\/es\\\/?s={search_term_string}\"},\"query-input\":{\"@type\":\"PropertyValueSpecification\",\"valueRequired\":true,\"valueName\":\"search_term_string\"}}],\"inLanguage\":\"es\"},{\"@type\":\"Organization\",\"@id\":\"https:\\\/\\\/glassingmonkey.com\\\/es\\\/#organization\",\"name\":\"Glassing Monkey\",\"url\":\"https:\\\/\\\/glassingmonkey.com\\\/es\\\/\",\"logo\":{\"@type\":\"ImageObject\",\"inLanguage\":\"es\",\"@id\":\"https:\\\/\\\/glassingmonkey.com\\\/es\\\/#\\\/schema\\\/logo\\\/image\\\/\",\"url\":\"https:\\\/\\\/glassingmonkey.com\\\/wp-content\\\/uploads\\\/2025\\\/06\\\/Glassing-monkey-surf-factory-surf-shop.webp\",\"contentUrl\":\"https:\\\/\\\/glassingmonkey.com\\\/wp-content\\\/uploads\\\/2025\\\/06\\\/Glassing-monkey-surf-factory-surf-shop.webp\",\"width\":786,\"height\":530,\"caption\":\"Glassing Monkey\"},\"image\":{\"@id\":\"https:\\\/\\\/glassingmonkey.com\\\/es\\\/#\\\/schema\\\/logo\\\/image\\\/\"},\"sameAs\":[\"https:\\\/\\\/www.instagram.com\\\/glassingmonkey\\\/\"]}]}<\/script>\n<!-- \/ Yoast SEO plugin. -->","yoast_head_json":{"title":"Heavy Water Wizard \/ Tabla de surf All Round \/ Glassing Monkey","description":"Descubre la Heavy Water Wizard, la tabla de surf All Round perfecta para alto rendimiento. Comprala al mejor precio en Glassing Monkey Surf Factory","robots":{"index":"index","follow":"follow","max-snippet":"max-snippet:-1","max-image-preview":"max-image-preview:large","max-video-preview":"max-video-preview:-1"},"canonical":"https:\/\/glassingmonkey.com\/es\/product\/heavy-water-wizard-allround\/","og_locale":"es_ES","og_type":"article","og_title":"Heavy Water Wizard \/ Tabla de surf All Round \/ Glassing Monkey","og_description":"Descubre la Heavy Water Wizard, la tabla de surf All Round perfecta para alto rendimiento. Comprala al mejor precio en Glassing Monkey Surf Factory","og_url":"https:\/\/glassingmonkey.com\/es\/product\/heavy-water-wizard-allround\/","og_site_name":"Ride your life","article_modified_time":"2026-04-14T14:41:34+00:00","og_image":[{"width":600,"height":800,"url":"https:\/\/glassingmonkey.com\/wp-content\/uploads\/2025\/05\/WIZARD.jpg","type":"image\/jpeg"}],"twitter_card":"summary_large_image","twitter_misc":{"Tiempo de lectura":"2 minutos"},"schema":{"@context":"https:\/\/schema.org","@graph":[{"@type":"WebPage","@id":"https:\/\/glassingmonkey.com\/es\/product\/heavy-water-wizard-allround\/","url":"https:\/\/glassingmonkey.com\/es\/product\/heavy-water-wizard-allround\/","name":"Heavy Water Wizard \/ Tabla de surf All Round \/ Glassing Monkey","isPartOf":{"@id":"https:\/\/glassingmonkey.com\/es\/#website"},"primaryImageOfPage":{"@id":"https:\/\/glassingmonkey.com\/es\/product\/heavy-water-wizard-allround\/#primaryimage"},"image":{"@id":"https:\/\/glassingmonkey.com\/es\/product\/heavy-water-wizard-allround\/#primaryimage"},"thumbnailUrl":"https:\/\/glassingmonkey.com\/wp-content\/uploads\/2025\/05\/WIZARD.jpg","datePublished":"2025-05-28T09:59:35+00:00","dateModified":"2026-04-14T14:41:34+00:00","description":"Descubre la Heavy Water Wizard, la tabla de surf All Round perfecta para alto rendimiento. Comprala al mejor precio en Glassing Monkey Surf Factory","breadcrumb":{"@id":"https:\/\/glassingmonkey.com\/es\/product\/heavy-water-wizard-allround\/#breadcrumb"},"inLanguage":"es","potentialAction":[{"@type":"ReadAction","target":["https:\/\/glassingmonkey.com\/es\/product\/heavy-water-wizard-allround\/"]}]},{"@type":"ImageObject","inLanguage":"es","@id":"https:\/\/glassingmonkey.com\/es\/product\/heavy-water-wizard-allround\/#primaryimage","url":"https:\/\/glassingmonkey.com\/wp-content\/uploads\/2025\/05\/WIZARD.jpg","contentUrl":"https:\/\/glassingmonkey.com\/wp-content\/uploads\/2025\/05\/WIZARD.jpg","width":600,"height":800,"caption":"Heavy Water Wizard"},{"@type":"BreadcrumbList","@id":"https:\/\/glassingmonkey.com\/es\/product\/heavy-water-wizard-allround\/#breadcrumb","itemListElement":[{"@type":"ListItem","position":1,"name":"Home","item":"https:\/\/glassingmonkey.com\/es\/"},{"@type":"ListItem","position":2,"name":"Tienda","item":"https:\/\/glassingmonkey.com\/es\/tienda\/"},{"@type":"ListItem","position":3,"name":"Heavy Water Wizard (allround)"}]},{"@type":"WebSite","@id":"https:\/\/glassingmonkey.com\/es\/#website","url":"https:\/\/glassingmonkey.com\/es\/","name":"Glassing Monkey","description":"RIDE YOUR LIFE","publisher":{"@id":"https:\/\/glassingmonkey.com\/es\/#organization"},"potentialAction":[{"@type":"SearchAction","target":{"@type":"EntryPoint","urlTemplate":"https:\/\/glassingmonkey.com\/es\/?s={search_term_string}"},"query-input":{"@type":"PropertyValueSpecification","valueRequired":true,"valueName":"search_term_string"}}],"inLanguage":"es"},{"@type":"Organization","@id":"https:\/\/glassingmonkey.com\/es\/#organization","name":"Glassing Monkey","url":"https:\/\/glassingmonkey.com\/es\/","logo":{"@type":"ImageObject","inLanguage":"es","@id":"https:\/\/glassingmonkey.com\/es\/#\/schema\/logo\/image\/","url":"https:\/\/glassingmonkey.com\/wp-content\/uploads\/2025\/06\/Glassing-monkey-surf-factory-surf-shop.webp","contentUrl":"https:\/\/glassingmonkey.com\/wp-content\/uploads\/2025\/06\/Glassing-monkey-surf-factory-surf-shop.webp","width":786,"height":530,"caption":"Glassing Monkey"},"image":{"@id":"https:\/\/glassingmonkey.com\/es\/#\/schema\/logo\/image\/"},"sameAs":["https:\/\/www.instagram.com\/glassingmonkey\/"]}]}},"_links":{"self":[{"href":"https:\/\/glassingmonkey.com\/es\/wp-json\/wp\/v2\/product\/26750","targetHints":{"allow":["GET"]}}],"collection":[{"href":"https:\/\/glassingmonkey.com\/es\/wp-json\/wp\/v2\/product"}],"about":[{"href":"https:\/\/glassingmonkey.com\/es\/wp-json\/wp\/v2\/types\/product"}],"replies":[{"embeddable":true,"href":"https:\/\/glassingmonkey.com\/es\/wp-json\/wp\/v2\/comments?post=26750"}],"wp:featuredmedia":[{"embeddable":true,"href":"https:\/\/glassingmonkey.com\/es\/wp-json\/wp\/v2\/media\/25709"}],"wp:attachment":[{"href":"https:\/\/glassingmonkey.com\/es\/wp-json\/wp\/v2\/media?parent=26750"}],"wp:term":[{"taxonomy":"product_brand","embeddable":true,"href":"https:\/\/glassingmonkey.com\/es\/wp-json\/wp\/v2\/product_brand?post=26750"},{"taxonomy":"product_cat","embeddable":true,"href":"https:\/\/glassingmonkey.com\/es\/wp-json\/wp\/v2\/product_cat?post=26750"},{"taxonomy":"product_tag","embeddable":true,"href":"https:\/\/glassingmonkey.com\/es\/wp-json\/wp\/v2\/product_tag?post=26750"}],"curies":[{"name":"wp","href":"https:\/\/api.w.org\/{rel}","templated":true}]}}