{"id":26752,"date":"2025-05-28T11:59:35","date_gmt":"2025-05-28T09:59:35","guid":{"rendered":"https:\/\/glassingmonkey.com\/product\/heavy-water-monster-allround\/"},"modified":"2025-05-28T11:59:35","modified_gmt":"2025-05-28T09:59:35","slug":"heavy-water-monster-allround","status":"publish","type":"product","link":"https:\/\/glassingmonkey.com\/es\/product\/heavy-water-monster-allround\/","title":{"rendered":"Heavy Water Monster (allround)"},"content":{"rendered":"<p>Se sit\u00faa justo en el punto medio como una tabla perfectamente equilibrada para el d\u00eda a d\u00eda, en la que puedes confiar tanto para impulsarte cuando lo necesites como para enfrentarte a las condiciones m\u00e1s divertidas y desafiantes que puedas imaginar.<\/p>\n<p>Un single a double concave suave, con un poco m\u00e1s de profundidad, genera elevaci\u00f3n en condiciones peque\u00f1as, pero te permite mantener el control cuando las olas suben de tama\u00f1o.<\/p>\n<p>Sea cual sea tu nivel, la MONSTER cumple con creces varios aspectos clave del quiver de casi cualquier surfista durante todo el a\u00f1o. Es la opci\u00f3n ideal para quienes tienen la suerte de surfear a diario y buscan una tabla de alto rendimiento para olas peque\u00f1as o niveles sub-profesionales. Y para spots o temporadas con pocas olas de calidad, es una opci\u00f3n indulgente que te ayudar\u00e1 a surfear al m\u00e1ximo sin importar las condiciones promedio.  <\/p>\n","protected":false},"excerpt":{"rendered":"<p>Se sit\u00faa justo en el punto medio como una tabla perfectamente equilibrada para el d\u00eda a d\u00eda, en la que puedes confiar tanto para impulsarte cuando lo necesites como para enfrentarte a las condiciones m\u00e1s divertidas y desafiantes que puedas imaginar.<\/p>\n<p>&nbsp;<\/p>\n","protected":false},"featured_media":25706,"comment_status":"closed","ping_status":"closed","template":"","meta":{"site-sidebar-layout":"default","site-content-layout":"","ast-site-content-layout":"default","site-content-style":"default","site-sidebar-style":"default","ast-global-header-display":"","ast-banner-title-visibility":"","ast-main-header-display":"","ast-hfb-above-header-display":"","ast-hfb-below-header-display":"","ast-hfb-mobile-header-display":"","site-post-title":"","ast-breadcrumbs-content":"","ast-featured-img":"","footer-sml-layout":"","ast-disable-related-posts":"","theme-transparent-header-meta":"","adv-header-id-meta":"","stick-header-meta":"","header-above-stick-meta":"","header-main-stick-meta":"","header-below-stick-meta":"","astra-migrate-meta-layouts":"default","ast-page-background-enabled":"default","ast-page-background-meta":{"desktop":{"background-color":"var(--ast-global-color-5)","background-image":"","background-repeat":"repeat","background-position":"center center","background-size":"auto","background-attachment":"scroll","background-type":"","background-media":"","overlay-type":"","overlay-color":"","overlay-opacity":"","overlay-gradient":""},"tablet":{"background-color":"","background-image":"","background-repeat":"repeat","background-position":"center center","background-size":"auto","background-attachment":"scroll","background-type":"","background-media":"","overlay-type":"","overlay-color":"","overlay-opacity":"","overlay-gradient":""},"mobile":{"background-color":"","background-image":"","background-repeat":"repeat","background-position":"center center","background-size":"auto","background-attachment":"scroll","background-type":"","background-media":"","overlay-type":"","overlay-color":"","overlay-opacity":"","overlay-gradient":""}},"ast-content-background-meta":{"desktop":{"background-color":"var(--ast-global-color-4)","background-image":"","background-repeat":"repeat","background-position":"center center","background-size":"auto","background-attachment":"scroll","background-type":"","background-media":"","overlay-type":"","overlay-color":"","overlay-opacity":"","overlay-gradient":""},"tablet":{"background-color":"var(--ast-global-color-4)","background-image":"","background-repeat":"repeat","background-position":"center center","background-size":"auto","background-attachment":"scroll","background-type":"","background-media":"","overlay-type":"","overlay-color":"","overlay-opacity":"","overlay-gradient":""},"mobile":{"background-color":"var(--ast-global-color-4)","background-image":"","background-repeat":"repeat","background-position":"center center","background-size":"auto","background-attachment":"scroll","background-type":"","background-media":"","overlay-type":"","overlay-color":"","overlay-opacity":"","overlay-gradient":""}}},"product_brand":[1264],"product_cat":[1307,1215,1256,1196],"product_tag":[1218,1309],"class_list":{"0":"post-26752","1":"product","2":"type-product","3":"status-publish","4":"has-post-thumbnail","6":"product_brand-heavy-water-surfboards","7":"product_cat-allround","8":"product_cat-high-performance-es","9":"product_cat-shortboard","10":"product_cat-tablas-de-surf-es","11":"product_tag-high-performance-es","12":"product_tag-short-boards","13":"pa_model-monster","14":"pa_thickness-2-1-2-es-2","15":"pa_thickness-2-1-4","16":"pa_thickness-2-1-8","17":"pa_thickness-2-3-16","18":"pa_thickness-2-3-8-es-2","19":"pa_thickness-2-5-16-es-2","20":"pa_thickness-2-5-8","21":"pa_thickness-2-7-16-es-2","22":"pa_thickness-2-9-16","23":"pa_width-18-1-2","24":"pa_width-18-1-4","25":"pa_width-18-3-4","26":"pa_width-1451","27":"pa_width-19-1-2","28":"pa_width-19-1-4","29":"pa_width-19-3-4","30":"pa_width-1319","31":"pa_width-1305","32":"desktop-align-left","33":"tablet-align-left","34":"mobile-align-left","36":"first","37":"onbackorder","38":"sale","39":"shipping-taxable","40":"purchasable","41":"product-type-variable"},"yoast_head":"<!-- This site is optimized with the Yoast SEO plugin v27.2 - https:\/\/yoast.com\/product\/yoast-seo-wordpress\/ -->\n<title>Heavy Water |Monster | All round |Shortboard |Glassing Monkey<\/title>\n<meta name=\"description\" content=\"Surf Shop | Buy Monster from Heavy Water at the best price in Glassing Monkey Surf Factory | All round shortboard high performance\" \/>\n<meta name=\"robots\" content=\"index, follow, max-snippet:-1, max-image-preview:large, max-video-preview:-1\" \/>\n<link rel=\"canonical\" href=\"https:\/\/glassingmonkey.com\/es\/product\/heavy-water-monster-allround\/\" \/>\n<meta property=\"og:locale\" content=\"es_ES\" \/>\n<meta property=\"og:type\" content=\"article\" \/>\n<meta property=\"og:title\" content=\"Heavy Water |Monster | All round |Shortboard |Glassing Monkey\" \/>\n<meta property=\"og:description\" content=\"Surf Shop | Buy Monster from Heavy Water at the best price in Glassing Monkey Surf Factory | All round shortboard high performance\" \/>\n<meta property=\"og:url\" content=\"https:\/\/glassingmonkey.com\/es\/product\/heavy-water-monster-allround\/\" \/>\n<meta property=\"og:site_name\" content=\"Ride your life\" \/>\n<meta property=\"og:image\" content=\"https:\/\/glassingmonkey.com\/wp-content\/uploads\/2025\/05\/MONSTER.jpg\" \/>\n\t<meta property=\"og:image:width\" content=\"600\" \/>\n\t<meta property=\"og:image:height\" content=\"800\" \/>\n\t<meta property=\"og:image:type\" content=\"image\/jpeg\" \/>\n<meta name=\"twitter:card\" content=\"summary_large_image\" \/>\n<meta name=\"twitter:label1\" content=\"Tiempo de lectura\" \/>\n\t<meta name=\"twitter:data1\" content=\"1 minuto\" \/>\n<script type=\"application\/ld+json\" class=\"yoast-schema-graph\">{\"@context\":\"https:\/\/schema.org\",\"@graph\":[{\"@type\":\"WebPage\",\"@id\":\"https:\/\/glassingmonkey.com\/es\/product\/heavy-water-monster-allround\/\",\"url\":\"https:\/\/glassingmonkey.com\/es\/product\/heavy-water-monster-allround\/\",\"name\":\"Heavy Water |Monster | All round |Shortboard |Glassing Monkey\",\"isPartOf\":{\"@id\":\"https:\/\/glassingmonkey.com\/es\/#website\"},\"primaryImageOfPage\":{\"@id\":\"https:\/\/glassingmonkey.com\/es\/product\/heavy-water-monster-allround\/#primaryimage\"},\"image\":{\"@id\":\"https:\/\/glassingmonkey.com\/es\/product\/heavy-water-monster-allround\/#primaryimage\"},\"thumbnailUrl\":\"https:\/\/glassingmonkey.com\/wp-content\/uploads\/2025\/05\/MONSTER.jpg\",\"datePublished\":\"2025-05-28T09:59:35+00:00\",\"description\":\"Surf Shop | Buy Monster from Heavy Water at the best price in Glassing Monkey Surf Factory | All round shortboard high performance\",\"breadcrumb\":{\"@id\":\"https:\/\/glassingmonkey.com\/es\/product\/heavy-water-monster-allround\/#breadcrumb\"},\"inLanguage\":\"es\",\"potentialAction\":[{\"@type\":\"ReadAction\",\"target\":[\"https:\/\/glassingmonkey.com\/es\/product\/heavy-water-monster-allround\/\"]}]},{\"@type\":\"ImageObject\",\"inLanguage\":\"es\",\"@id\":\"https:\/\/glassingmonkey.com\/es\/product\/heavy-water-monster-allround\/#primaryimage\",\"url\":\"https:\/\/glassingmonkey.com\/wp-content\/uploads\/2025\/05\/MONSTER.jpg\",\"contentUrl\":\"https:\/\/glassingmonkey.com\/wp-content\/uploads\/2025\/05\/MONSTER.jpg\",\"width\":600,\"height\":800},{\"@type\":\"BreadcrumbList\",\"@id\":\"https:\/\/glassingmonkey.com\/es\/product\/heavy-water-monster-allround\/#breadcrumb\",\"itemListElement\":[{\"@type\":\"ListItem\",\"position\":1,\"name\":\"Home\",\"item\":\"https:\/\/glassingmonkey.com\/es\/\"},{\"@type\":\"ListItem\",\"position\":2,\"name\":\"Tienda\",\"item\":\"https:\/\/glassingmonkey.com\/es\/tienda\/\"},{\"@type\":\"ListItem\",\"position\":3,\"name\":\"Heavy Water Monster (allround)\"}]},{\"@type\":\"WebSite\",\"@id\":\"https:\/\/glassingmonkey.com\/es\/#website\",\"url\":\"https:\/\/glassingmonkey.com\/es\/\",\"name\":\"Glassing Monkey\",\"description\":\"\",\"publisher\":{\"@id\":\"https:\/\/glassingmonkey.com\/es\/#organization\"},\"potentialAction\":[{\"@type\":\"SearchAction\",\"target\":{\"@type\":\"EntryPoint\",\"urlTemplate\":\"https:\/\/glassingmonkey.com\/es\/?s={search_term_string}\"},\"query-input\":{\"@type\":\"PropertyValueSpecification\",\"valueRequired\":true,\"valueName\":\"search_term_string\"}}],\"inLanguage\":\"es\"},{\"@type\":\"Organization\",\"@id\":\"https:\/\/glassingmonkey.com\/es\/#organization\",\"name\":\"Glassing Monkey\",\"url\":\"https:\/\/glassingmonkey.com\/es\/\",\"logo\":{\"@type\":\"ImageObject\",\"inLanguage\":\"es\",\"@id\":\"https:\/\/glassingmonkey.com\/es\/#\/schema\/logo\/image\/\",\"url\":\"https:\/\/glassingmonkey.com\/wp-content\/uploads\/2025\/06\/Glassing-monkey-surf-factory-surf-shop.webp\",\"contentUrl\":\"https:\/\/glassingmonkey.com\/wp-content\/uploads\/2025\/06\/Glassing-monkey-surf-factory-surf-shop.webp\",\"width\":786,\"height\":530,\"caption\":\"Glassing Monkey\"},\"image\":{\"@id\":\"https:\/\/glassingmonkey.com\/es\/#\/schema\/logo\/image\/\"},\"sameAs\":[\"https:\/\/www.instagram.com\/glassingmonkey\/\"]}]}<\/script>\n<!-- \/ Yoast SEO plugin. -->","yoast_head_json":{"title":"Heavy Water |Monster | All round |Shortboard |Glassing Monkey","description":"Surf Shop | Buy Monster from Heavy Water at the best price in Glassing Monkey Surf Factory | All round shortboard high performance","robots":{"index":"index","follow":"follow","max-snippet":"max-snippet:-1","max-image-preview":"max-image-preview:large","max-video-preview":"max-video-preview:-1"},"canonical":"https:\/\/glassingmonkey.com\/es\/product\/heavy-water-monster-allround\/","og_locale":"es_ES","og_type":"article","og_title":"Heavy Water |Monster | All round |Shortboard |Glassing Monkey","og_description":"Surf Shop | Buy Monster from Heavy Water at the best price in Glassing Monkey Surf Factory | All round shortboard high performance","og_url":"https:\/\/glassingmonkey.com\/es\/product\/heavy-water-monster-allround\/","og_site_name":"Ride your life","og_image":[{"width":600,"height":800,"url":"https:\/\/glassingmonkey.com\/wp-content\/uploads\/2025\/05\/MONSTER.jpg","type":"image\/jpeg"}],"twitter_card":"summary_large_image","twitter_misc":{"Tiempo de lectura":"1 minuto"},"schema":{"@context":"https:\/\/schema.org","@graph":[{"@type":"WebPage","@id":"https:\/\/glassingmonkey.com\/es\/product\/heavy-water-monster-allround\/","url":"https:\/\/glassingmonkey.com\/es\/product\/heavy-water-monster-allround\/","name":"Heavy Water |Monster | All round |Shortboard |Glassing Monkey","isPartOf":{"@id":"https:\/\/glassingmonkey.com\/es\/#website"},"primaryImageOfPage":{"@id":"https:\/\/glassingmonkey.com\/es\/product\/heavy-water-monster-allround\/#primaryimage"},"image":{"@id":"https:\/\/glassingmonkey.com\/es\/product\/heavy-water-monster-allround\/#primaryimage"},"thumbnailUrl":"https:\/\/glassingmonkey.com\/wp-content\/uploads\/2025\/05\/MONSTER.jpg","datePublished":"2025-05-28T09:59:35+00:00","description":"Surf Shop | Buy Monster from Heavy Water at the best price in Glassing Monkey Surf Factory | All round shortboard high performance","breadcrumb":{"@id":"https:\/\/glassingmonkey.com\/es\/product\/heavy-water-monster-allround\/#breadcrumb"},"inLanguage":"es","potentialAction":[{"@type":"ReadAction","target":["https:\/\/glassingmonkey.com\/es\/product\/heavy-water-monster-allround\/"]}]},{"@type":"ImageObject","inLanguage":"es","@id":"https:\/\/glassingmonkey.com\/es\/product\/heavy-water-monster-allround\/#primaryimage","url":"https:\/\/glassingmonkey.com\/wp-content\/uploads\/2025\/05\/MONSTER.jpg","contentUrl":"https:\/\/glassingmonkey.com\/wp-content\/uploads\/2025\/05\/MONSTER.jpg","width":600,"height":800},{"@type":"BreadcrumbList","@id":"https:\/\/glassingmonkey.com\/es\/product\/heavy-water-monster-allround\/#breadcrumb","itemListElement":[{"@type":"ListItem","position":1,"name":"Home","item":"https:\/\/glassingmonkey.com\/es\/"},{"@type":"ListItem","position":2,"name":"Tienda","item":"https:\/\/glassingmonkey.com\/es\/tienda\/"},{"@type":"ListItem","position":3,"name":"Heavy Water Monster (allround)"}]},{"@type":"WebSite","@id":"https:\/\/glassingmonkey.com\/es\/#website","url":"https:\/\/glassingmonkey.com\/es\/","name":"Glassing Monkey","description":"","publisher":{"@id":"https:\/\/glassingmonkey.com\/es\/#organization"},"potentialAction":[{"@type":"SearchAction","target":{"@type":"EntryPoint","urlTemplate":"https:\/\/glassingmonkey.com\/es\/?s={search_term_string}"},"query-input":{"@type":"PropertyValueSpecification","valueRequired":true,"valueName":"search_term_string"}}],"inLanguage":"es"},{"@type":"Organization","@id":"https:\/\/glassingmonkey.com\/es\/#organization","name":"Glassing Monkey","url":"https:\/\/glassingmonkey.com\/es\/","logo":{"@type":"ImageObject","inLanguage":"es","@id":"https:\/\/glassingmonkey.com\/es\/#\/schema\/logo\/image\/","url":"https:\/\/glassingmonkey.com\/wp-content\/uploads\/2025\/06\/Glassing-monkey-surf-factory-surf-shop.webp","contentUrl":"https:\/\/glassingmonkey.com\/wp-content\/uploads\/2025\/06\/Glassing-monkey-surf-factory-surf-shop.webp","width":786,"height":530,"caption":"Glassing Monkey"},"image":{"@id":"https:\/\/glassingmonkey.com\/es\/#\/schema\/logo\/image\/"},"sameAs":["https:\/\/www.instagram.com\/glassingmonkey\/"]}]}},"_links":{"self":[{"href":"https:\/\/glassingmonkey.com\/es\/wp-json\/wp\/v2\/product\/26752","targetHints":{"allow":["GET"]}}],"collection":[{"href":"https:\/\/glassingmonkey.com\/es\/wp-json\/wp\/v2\/product"}],"about":[{"href":"https:\/\/glassingmonkey.com\/es\/wp-json\/wp\/v2\/types\/product"}],"replies":[{"embeddable":true,"href":"https:\/\/glassingmonkey.com\/es\/wp-json\/wp\/v2\/comments?post=26752"}],"wp:featuredmedia":[{"embeddable":true,"href":"https:\/\/glassingmonkey.com\/es\/wp-json\/wp\/v2\/media\/25706"}],"wp:attachment":[{"href":"https:\/\/glassingmonkey.com\/es\/wp-json\/wp\/v2\/media?parent=26752"}],"wp:term":[{"taxonomy":"product_brand","embeddable":true,"href":"https:\/\/glassingmonkey.com\/es\/wp-json\/wp\/v2\/product_brand?post=26752"},{"taxonomy":"product_cat","embeddable":true,"href":"https:\/\/glassingmonkey.com\/es\/wp-json\/wp\/v2\/product_cat?post=26752"},{"taxonomy":"product_tag","embeddable":true,"href":"https:\/\/glassingmonkey.com\/es\/wp-json\/wp\/v2\/product_tag?post=26752"}],"curies":[{"name":"wp","href":"https:\/\/api.w.org\/{rel}","templated":true}]}}