{"id":26754,"date":"2025-05-28T11:59:09","date_gmt":"2025-05-28T09:59:09","guid":{"rendered":"https:\/\/glassingmonkey.com\/product\/heavy-water-killer-allround\/"},"modified":"2026-04-16T17:26:44","modified_gmt":"2026-04-16T15:26:44","slug":"tabla-surf-heavy-water-killer","status":"publish","type":"product","link":"https:\/\/glassingmonkey.com\/es\/product\/tabla-surf-heavy-water-killer\/","title":{"rendered":"Heavy Water Killer (allround)"},"content":{"rendered":"<h1 class=\"otQkpb\" role=\"heading\" aria-level=\"3\" data-sfc-root=\"c\" data-processed=\"true\" data-complete=\"true\">Heavy Water Killer: La Redefinici\u00f3n de la Shortboard Moderna<button class=\"rBl3me\" tabindex=\"0\" data-amic=\"true\" data-icl-uuid=\"b36fc97c-d091-4537-949b-0164ac627df6\" aria-label=\"View related links\" data-wiz-attrbind=\"disabled=Ubpgwe_s\/C5gNJc;aria-label=Ubpgwe_s\/bOjMyf;class=Ubpgwe_s\/UpSNec\" data-ved=\"2ahUKEwiKjfK61e2TAxW9nokEHS0cBeEQye0OegYIAQgEEAA\" data-hveid=\"CAEIBBAA\"><\/button><\/h1>\n<div class=\"Y3BBE\" data-sfc-cp=\"\" data-sfc-root=\"c\" data-sfc-cb=\"\" data-hveid=\"CAEIBRAA\" data-complete=\"true\" data-processed=\"true\">La <strong class=\"Yjhzub\" data-sfc-root=\"c\" data-sfc-cb=\"\" data-complete=\"true\" data-processed=\"true\">Heavy Water Killer<\/strong> rompe las reglas del dise\u00f1o convencional. Este modelo redefine por completo el concepto de shortboard moderna con ingenier\u00eda superior. Es la tabla definitiva para quienes buscan equilibrio entre volumen y agilidad. Ademas, su dise\u00f1o inteligente permite un rendimiento excepcional en gran variedad de condiciones. Si quieres una respuesta inmediata, la Killer es tu elecci\u00f3n ideal.<button class=\"rBl3me\" tabindex=\"0\" data-amic=\"true\" data-icl-uuid=\"3c56f7b9-c894-433f-8691-aa7ced7a49c7\" aria-label=\"View related links\" data-wiz-attrbind=\"disabled=Ubpgwe_x\/C5gNJc;aria-label=Ubpgwe_x\/bOjMyf;class=Ubpgwe_x\/UpSNec\" data-ved=\"2ahUKEwiKjfK61e2TAxW9nokEHS0cBeEQye0OegYIAQgFEAE\" data-hveid=\"CAEIBRAB\"><\/button><\/div>\n<h2 class=\"otQkpb\" role=\"heading\" aria-level=\"3\" data-sfc-root=\"c\" data-complete=\"true\" data-processed=\"true\">Volumen Inteligente y Remada Explosiva<button class=\"rBl3me\" tabindex=\"0\" data-amic=\"true\" data-icl-uuid=\"4d6cbbfc-0f98-403f-9d42-f5a999940f91\" aria-label=\"View related links\" data-wiz-attrbind=\"disabled=Ubpgwe_12\/C5gNJc;aria-label=Ubpgwe_12\/bOjMyf;class=Ubpgwe_12\/UpSNec\" data-ved=\"2ahUKEwiKjfK61e2TAxW9nokEHS0cBeEQye0OegYIAQgGEAA\" data-hveid=\"CAEIBhAA\"><\/button><\/h2>\n<div class=\"Y3BBE\" data-sfc-cp=\"\" data-sfc-root=\"c\" data-sfc-cb=\"\" data-hveid=\"CAEIBxAA\" data-complete=\"true\" data-processed=\"true\">Una de las claves de este modelo es su punto ancho adelantado. Esta caracter\u00edstica sit\u00faa un volumen generoso justo bajo el pie delantero. Gracias a esto, la tabla ofrece una remada f\u00e1cil y eficiente. Entrar\u00e1s en las olas antes que nadie y con menor esfuerzo. Esta distribuci\u00f3n de masa aporta una estabilidad extra en el despegue inicial. Sentir\u00e1s una plataforma s\u00f3lida que te dar\u00e1 confianza desde el primer segundo.<button class=\"rBl3me\" tabindex=\"0\" data-amic=\"true\" data-icl-uuid=\"b6c8c715-9d6d-42fc-96cd-44ae60c35c14\" aria-label=\"View related links\" data-wiz-attrbind=\"disabled=Ubpgwe_16\/C5gNJc;aria-label=Ubpgwe_16\/bOjMyf;class=Ubpgwe_16\/UpSNec\" data-ved=\"2ahUKEwiKjfK61e2TAxW9nokEHS0cBeEQye0OegYIAQgHEAE\" data-hveid=\"CAEIBxAB\"><\/button><\/div>\n<h2 class=\"otQkpb\" role=\"heading\" aria-level=\"3\" data-sfc-root=\"c\" data-complete=\"true\" data-processed=\"true\">Precisi\u00f3n Total con el Round Pin Tail<button class=\"rBl3me\" tabindex=\"0\" data-amic=\"true\" data-icl-uuid=\"a94e24d7-3dfb-4902-8e3c-05aeb2ae3308\" aria-label=\"View related links\" data-wiz-attrbind=\"disabled=Ubpgwe_1b\/C5gNJc;aria-label=Ubpgwe_1b\/bOjMyf;class=Ubpgwe_1b\/UpSNec\" data-ved=\"2ahUKEwiKjfK61e2TAxW9nokEHS0cBeEQye0OegYIAQgIEAA\" data-hveid=\"CAEICBAA\"><\/button><\/h2>\n<div class=\"Y3BBE\" data-sfc-cp=\"\" data-sfc-root=\"c\" data-sfc-cb=\"\" data-hveid=\"CAEICRAA\" data-processed=\"true\" data-complete=\"true\">La Killer incorpora un <strong class=\"Yjhzub\" data-sfc-root=\"c\" data-sfc-cb=\"\" data-complete=\"true\" data-processed=\"true\">round pin tail<\/strong>\u00a0 suave dise\u00f1ado para la m\u00e1xima precisi\u00f3n. Este tipo de cola permite dibujar l\u00edneas limpias y giros muy cerrados. El resultado es una tabla r\u00e1pida que no sacrifica el control. Podr\u00e1s realizar maniobras cr\u00edticas con una respuesta t\u00e1ctil inmediata y segura. Es una configuraci\u00f3n que canaliza la energ\u00eda de la ola de forma impecable. Cada giro se siente fluido y conectado con la pared del agua.<button class=\"rBl3me\" tabindex=\"0\" data-amic=\"true\" data-icl-uuid=\"d77afeba-585a-42e0-aae2-f3028d32cebe\" aria-label=\"View related links\" data-wiz-attrbind=\"disabled=Ubpgwe_1g\/C5gNJc;aria-label=Ubpgwe_1g\/bOjMyf;class=Ubpgwe_1g\/UpSNec\" data-ved=\"2ahUKEwiKjfK61e2TAxW9nokEHS0cBeEQye0OegYIAQgJEAE\" data-hveid=\"CAEICRAB\"><\/button><\/div>\n<h2 class=\"otQkpb\" role=\"heading\" aria-level=\"3\" data-sfc-root=\"c\" data-complete=\"true\" data-processed=\"true\">Adaptabilidad en Olas Potentes y Huecas<button class=\"rBl3me\" tabindex=\"0\" data-amic=\"true\" data-icl-uuid=\"799603f8-8827-49ad-9be6-0fcee4a4f454\" aria-label=\"View related links\" data-wiz-attrbind=\"disabled=Ubpgwe_1l\/C5gNJc;aria-label=Ubpgwe_1l\/bOjMyf;class=Ubpgwe_1l\/UpSNec\" data-ved=\"2ahUKEwiKjfK61e2TAxW9nokEHS0cBeEQye0OegYIAQgKEAA\" data-hveid=\"CAEIChAA\"><\/button><\/h2>\n<div class=\"Y3BBE\" data-sfc-cp=\"\" data-sfc-root=\"c\" data-sfc-cb=\"\" data-hveid=\"CAEICxAA\" data-complete=\"true\" data-processed=\"true\">Esta tabla es perfecta tanto para olas huecas como para condiciones potentes. Su dise\u00f1o se adapta de forma camale\u00f3nica a la fuerza del mar. En secciones cr\u00edticas, la Killer mantiene el agarre necesario para no fallar. La transici\u00f3n entre cantos es suave y predecible en todo momento. Tendr\u00e1s una respuesta consistente sin importar c\u00f3mo rompa el pico ese d\u00eda. Sin duda, es una herramienta de precisi\u00f3n para los d\u00edas m\u00e1s exigentes.<button class=\"rBl3me\" tabindex=\"0\" data-amic=\"true\" data-icl-uuid=\"ce78c56d-a6b0-45e8-ad09-1d3576d8830b\" aria-label=\"View related links\" data-wiz-attrbind=\"disabled=Ubpgwe_1p\/C5gNJc;aria-label=Ubpgwe_1p\/bOjMyf;class=Ubpgwe_1p\/UpSNec\" data-ved=\"2ahUKEwiKjfK61e2TAxW9nokEHS0cBeEQye0OegYIAQgLEAE\" data-hveid=\"CAEICxAB\"><\/button><\/div>\n<h2 class=\"otQkpb\" role=\"heading\" aria-level=\"3\" data-sfc-root=\"c\" data-processed=\"true\" data-complete=\"true\">Rendimiento Optimizado en Olas Peque\u00f1as<button class=\"rBl3me\" tabindex=\"0\" data-amic=\"true\" data-icl-uuid=\"543490ab-67fb-4511-a129-29b4dbf58d36\" aria-label=\"View related links\" data-wiz-attrbind=\"disabled=Ubpgwe_1u\/C5gNJc;aria-label=Ubpgwe_1u\/bOjMyf;class=Ubpgwe_1u\/UpSNec\" data-ved=\"2ahUKEwiKjfK61e2TAxW9nokEHS0cBeEQye0OegYIAQgMEAA\" data-hveid=\"CAEIDBAA\"><\/button><\/h2>\n<div class=\"Y3BBE\" data-sfc-cp=\"\" data-sfc-root=\"c\" data-sfc-cb=\"\" data-hveid=\"CAEIDRAA\" data-processed=\"true\" data-complete=\"true\">Para condiciones de olas menores, recomendamos una medida ligeramente mayor. Esto potenciar\u00e1 el planeo sin perder la capacidad de maniobra. Es la herramienta perfecta para surfistas que no quieren cambiar de tabla constantemente. Lograr\u00e1s velocidad incluso en las secciones m\u00e1s planas de la ola. La Killer maximiza cada oportunidad de giro, incluso cuando falta fuerza en el mar.<button class=\"rBl3me\" tabindex=\"0\" data-amic=\"true\" data-icl-uuid=\"8adf2890-afd5-4035-b6e0-d4c0be229c78\" aria-label=\"View related links\" data-wiz-attrbind=\"disabled=Ubpgwe_1y\/C5gNJc;aria-label=Ubpgwe_1y\/bOjMyf;class=Ubpgwe_1y\/UpSNec\" data-ved=\"2ahUKEwiKjfK61e2TAxW9nokEHS0cBeEQye0OegYIAQgNEAE\" data-hveid=\"CAEIDRAB\"><\/button><\/div>\n<div class=\"Fsg96\" data-sfc-cp=\"\" data-sfc-root=\"c\" data-sfc-cb=\"\" data-complete=\"true\" data-processed=\"true\"><\/div>\n<div class=\"Y3BBE\" data-sfc-cp=\"\" data-sfc-root=\"c\" data-sfc-cb=\"\" data-hveid=\"CAEIDxAA\" data-complete=\"true\" data-processed=\"true\" aria-owns=\"action-menu-parent-container\"><\/div>\n","protected":false},"excerpt":{"rendered":"<p>La KILLER redefine la shortboard moderna.<\/p>\n<p>Gracias a un punto ancho adelantado, la tabla ofrece un volumen generoso bajo el pie delantero, facilitando la remada.<\/p>\n","protected":false},"featured_media":25699,"comment_status":"closed","ping_status":"closed","template":"","meta":{"site-sidebar-layout":"default","site-content-layout":"","ast-site-content-layout":"default","site-content-style":"default","site-sidebar-style":"default","ast-global-header-display":"","ast-banner-title-visibility":"","ast-main-header-display":"","ast-hfb-above-header-display":"","ast-hfb-below-header-display":"","ast-hfb-mobile-header-display":"","site-post-title":"","ast-breadcrumbs-content":"","ast-featured-img":"","footer-sml-layout":"","ast-disable-related-posts":"","theme-transparent-header-meta":"default","adv-header-id-meta":"","stick-header-meta":"","header-above-stick-meta":"","header-main-stick-meta":"","header-below-stick-meta":"","astra-migrate-meta-layouts":"set","ast-page-background-enabled":"default","ast-page-background-meta":{"desktop":{"background-color":"var(--ast-global-color-5)","background-image":"","background-repeat":"repeat","background-position":"center center","background-size":"auto","background-attachment":"scroll","background-type":"","background-media":"","overlay-type":"","overlay-color":"","overlay-opacity":"","overlay-gradient":""},"tablet":{"background-color":"","background-image":"","background-repeat":"repeat","background-position":"center center","background-size":"auto","background-attachment":"scroll","background-type":"","background-media":"","overlay-type":"","overlay-color":"","overlay-opacity":"","overlay-gradient":""},"mobile":{"background-color":"","background-image":"","background-repeat":"repeat","background-position":"center center","background-size":"auto","background-attachment":"scroll","background-type":"","background-media":"","overlay-type":"","overlay-color":"","overlay-opacity":"","overlay-gradient":""}},"ast-content-background-meta":{"desktop":{"background-color":"var(--ast-global-color-4)","background-image":"","background-repeat":"repeat","background-position":"center center","background-size":"auto","background-attachment":"scroll","background-type":"","background-media":"","overlay-type":"","overlay-color":"","overlay-opacity":"","overlay-gradient":""},"tablet":{"background-color":"var(--ast-global-color-4)","background-image":"","background-repeat":"repeat","background-position":"center center","background-size":"auto","background-attachment":"scroll","background-type":"","background-media":"","overlay-type":"","overlay-color":"","overlay-opacity":"","overlay-gradient":""},"mobile":{"background-color":"var(--ast-global-color-4)","background-image":"","background-repeat":"repeat","background-position":"center center","background-size":"auto","background-attachment":"scroll","background-type":"","background-media":"","overlay-type":"","overlay-color":"","overlay-opacity":"","overlay-gradient":""}}},"product_brand":[1264],"product_cat":[1256,1307,1215,1196],"product_tag":[],"class_list":{"0":"post-26754","1":"product","2":"type-product","3":"status-publish","4":"has-post-thumbnail","6":"product_brand-heavy-water-surfboards","7":"product_cat-tablas-de-surf-shortboard","8":"product_cat-tablas-all-round","9":"product_cat-tablas-alto-rendimiento","10":"product_cat-tablas-de-surf-personalizadas","11":"pa_model-killer","12":"pa_thickness-2-1-18","13":"pa_thickness-2-1-2-es-2","14":"pa_thickness-2-1-4","15":"pa_thickness-2-3-16","16":"pa_thickness-2-3-8-es-2","17":"pa_thickness-2-5-16-es-2","18":"pa_thickness-2-5-8","19":"pa_thickness-2-7-16-es-2","20":"pa_thickness-2-9-16","21":"pa_width-18-1-2","22":"pa_width-18-1-4","23":"pa_width-18-3-4","24":"pa_width-1451","25":"pa_width-19-1-2","26":"pa_width-19-1-4","27":"pa_width-19-3-4","28":"pa_width-1319","29":"pa_width-1305","30":"desktop-align-left","31":"tablet-align-left","32":"mobile-align-left","34":"first","35":"onbackorder","36":"sale","37":"shipping-taxable","38":"purchasable","39":"product-type-variable"},"yoast_head":"<!-- This site is optimized with the Yoast SEO plugin v27.5 - https:\/\/yoast.com\/product\/yoast-seo-wordpress\/ -->\n<title>Heavy Water Killer - Tabla de surf Shortboard All Round<\/title>\n<meta name=\"description\" content=\"Descubre la Heavy Water Killer en Glassing Monkey. Una tabla de surf all round de alto rendimiento, dise\u00f1ada para la maxima velocidad y control.\" \/>\n<meta name=\"robots\" content=\"index, follow, max-snippet:-1, max-image-preview:large, max-video-preview:-1\" \/>\n<link rel=\"canonical\" href=\"https:\/\/glassingmonkey.com\/es\/product\/tabla-surf-heavy-water-killer\/\" \/>\n<meta property=\"og:locale\" content=\"es_ES\" \/>\n<meta property=\"og:type\" content=\"article\" \/>\n<meta property=\"og:title\" content=\"Heavy Water Killer - Tabla de surf Shortboard All Round\" \/>\n<meta property=\"og:description\" content=\"Descubre la Heavy Water Killer en Glassing Monkey. Una tabla de surf all round de alto rendimiento, dise\u00f1ada para la maxima velocidad y control.\" \/>\n<meta property=\"og:url\" content=\"https:\/\/glassingmonkey.com\/es\/product\/tabla-surf-heavy-water-killer\/\" \/>\n<meta property=\"og:site_name\" content=\"Glassing Monkey\" \/>\n<meta property=\"article:modified_time\" content=\"2026-04-16T15:26:44+00:00\" \/>\n<meta property=\"og:image\" content=\"https:\/\/glassingmonkey.com\/wp-content\/uploads\/2025\/05\/KILLER.jpg\" \/>\n\t<meta property=\"og:image:width\" content=\"600\" \/>\n\t<meta property=\"og:image:height\" content=\"800\" \/>\n\t<meta property=\"og:image:type\" content=\"image\/jpeg\" \/>\n<meta name=\"twitter:card\" content=\"summary_large_image\" \/>\n<meta name=\"twitter:label1\" content=\"Tiempo de lectura\" \/>\n\t<meta name=\"twitter:data1\" content=\"2 minutos\" \/>\n<script type=\"application\/ld+json\" class=\"yoast-schema-graph\">{\"@context\":\"https:\\\/\\\/schema.org\",\"@graph\":[{\"@type\":[\"WebPage\",\"ItemPage\"],\"@id\":\"https:\\\/\\\/glassingmonkey.com\\\/es\\\/product\\\/tabla-surf-heavy-water-killer\\\/\",\"url\":\"https:\\\/\\\/glassingmonkey.com\\\/es\\\/product\\\/tabla-surf-heavy-water-killer\\\/\",\"name\":\"Heavy Water Killer - Tabla de surf Shortboard All Round\",\"isPartOf\":{\"@id\":\"https:\\\/\\\/glassingmonkey.com\\\/es\\\/#website\"},\"primaryImageOfPage\":{\"@id\":\"https:\\\/\\\/glassingmonkey.com\\\/es\\\/product\\\/tabla-surf-heavy-water-killer\\\/#primaryimage\"},\"image\":{\"@id\":\"https:\\\/\\\/glassingmonkey.com\\\/es\\\/product\\\/tabla-surf-heavy-water-killer\\\/#primaryimage\"},\"thumbnailUrl\":\"https:\\\/\\\/glassingmonkey.com\\\/wp-content\\\/uploads\\\/2025\\\/05\\\/KILLER.jpg\",\"datePublished\":\"2025-05-28T09:59:09+00:00\",\"dateModified\":\"2026-04-16T15:26:44+00:00\",\"description\":\"Descubre la Heavy Water Killer en Glassing Monkey. Una tabla de surf all round de alto rendimiento, dise\u00f1ada para la maxima velocidad y control.\",\"breadcrumb\":{\"@id\":\"https:\\\/\\\/glassingmonkey.com\\\/es\\\/product\\\/tabla-surf-heavy-water-killer\\\/#breadcrumb\"},\"inLanguage\":\"es\",\"potentialAction\":[{\"@type\":\"ReadAction\",\"target\":[\"https:\\\/\\\/glassingmonkey.com\\\/es\\\/product\\\/tabla-surf-heavy-water-killer\\\/\"]}]},{\"@type\":\"ImageObject\",\"inLanguage\":\"es\",\"@id\":\"https:\\\/\\\/glassingmonkey.com\\\/es\\\/product\\\/tabla-surf-heavy-water-killer\\\/#primaryimage\",\"url\":\"https:\\\/\\\/glassingmonkey.com\\\/wp-content\\\/uploads\\\/2025\\\/05\\\/KILLER.jpg\",\"contentUrl\":\"https:\\\/\\\/glassingmonkey.com\\\/wp-content\\\/uploads\\\/2025\\\/05\\\/KILLER.jpg\",\"width\":600,\"height\":800,\"caption\":\"heavy water killer\"},{\"@type\":\"BreadcrumbList\",\"@id\":\"https:\\\/\\\/glassingmonkey.com\\\/es\\\/product\\\/tabla-surf-heavy-water-killer\\\/#breadcrumb\",\"itemListElement\":[{\"@type\":\"ListItem\",\"position\":1,\"name\":\"Home\",\"item\":\"https:\\\/\\\/glassingmonkey.com\\\/es\\\/\"},{\"@type\":\"ListItem\",\"position\":2,\"name\":\"Tienda\",\"item\":\"https:\\\/\\\/glassingmonkey.com\\\/es\\\/tienda\\\/\"},{\"@type\":\"ListItem\",\"position\":3,\"name\":\"Heavy Water Killer (allround)\"}]},{\"@type\":\"WebSite\",\"@id\":\"https:\\\/\\\/glassingmonkey.com\\\/es\\\/#website\",\"url\":\"https:\\\/\\\/glassingmonkey.com\\\/es\\\/\",\"name\":\"Glassing Monkey\",\"description\":\"RIDE YOUR LIFE\",\"publisher\":{\"@id\":\"https:\\\/\\\/glassingmonkey.com\\\/es\\\/#organization\"},\"potentialAction\":[{\"@type\":\"SearchAction\",\"target\":{\"@type\":\"EntryPoint\",\"urlTemplate\":\"https:\\\/\\\/glassingmonkey.com\\\/es\\\/?s={search_term_string}\"},\"query-input\":{\"@type\":\"PropertyValueSpecification\",\"valueRequired\":true,\"valueName\":\"search_term_string\"}}],\"inLanguage\":\"es\"},{\"@type\":\"Organization\",\"@id\":\"https:\\\/\\\/glassingmonkey.com\\\/es\\\/#organization\",\"name\":\"Glassing Monkey\",\"url\":\"https:\\\/\\\/glassingmonkey.com\\\/es\\\/\",\"logo\":{\"@type\":\"ImageObject\",\"inLanguage\":\"es\",\"@id\":\"https:\\\/\\\/glassingmonkey.com\\\/es\\\/#\\\/schema\\\/logo\\\/image\\\/\",\"url\":\"https:\\\/\\\/glassingmonkey.com\\\/wp-content\\\/uploads\\\/2025\\\/06\\\/Glassing-monkey-surf-factory-surf-shop.webp\",\"contentUrl\":\"https:\\\/\\\/glassingmonkey.com\\\/wp-content\\\/uploads\\\/2025\\\/06\\\/Glassing-monkey-surf-factory-surf-shop.webp\",\"width\":786,\"height\":530,\"caption\":\"Glassing Monkey\"},\"image\":{\"@id\":\"https:\\\/\\\/glassingmonkey.com\\\/es\\\/#\\\/schema\\\/logo\\\/image\\\/\"},\"sameAs\":[\"https:\\\/\\\/www.instagram.com\\\/glassingmonkey\\\/\"]}]}<\/script>\n<!-- \/ Yoast SEO plugin. -->","yoast_head_json":{"title":"Heavy Water Killer - Tabla de surf Shortboard All Round","description":"Descubre la Heavy Water Killer en Glassing Monkey. Una tabla de surf all round de alto rendimiento, dise\u00f1ada para la maxima velocidad y control.","robots":{"index":"index","follow":"follow","max-snippet":"max-snippet:-1","max-image-preview":"max-image-preview:large","max-video-preview":"max-video-preview:-1"},"canonical":"https:\/\/glassingmonkey.com\/es\/product\/tabla-surf-heavy-water-killer\/","og_locale":"es_ES","og_type":"article","og_title":"Heavy Water Killer - Tabla de surf Shortboard All Round","og_description":"Descubre la Heavy Water Killer en Glassing Monkey. Una tabla de surf all round de alto rendimiento, dise\u00f1ada para la maxima velocidad y control.","og_url":"https:\/\/glassingmonkey.com\/es\/product\/tabla-surf-heavy-water-killer\/","og_site_name":"Glassing Monkey","article_modified_time":"2026-04-16T15:26:44+00:00","og_image":[{"width":600,"height":800,"url":"https:\/\/glassingmonkey.com\/wp-content\/uploads\/2025\/05\/KILLER.jpg","type":"image\/jpeg"}],"twitter_card":"summary_large_image","twitter_misc":{"Tiempo de lectura":"2 minutos"},"schema":{"@context":"https:\/\/schema.org","@graph":[{"@type":["WebPage","ItemPage"],"@id":"https:\/\/glassingmonkey.com\/es\/product\/tabla-surf-heavy-water-killer\/","url":"https:\/\/glassingmonkey.com\/es\/product\/tabla-surf-heavy-water-killer\/","name":"Heavy Water Killer - Tabla de surf Shortboard All Round","isPartOf":{"@id":"https:\/\/glassingmonkey.com\/es\/#website"},"primaryImageOfPage":{"@id":"https:\/\/glassingmonkey.com\/es\/product\/tabla-surf-heavy-water-killer\/#primaryimage"},"image":{"@id":"https:\/\/glassingmonkey.com\/es\/product\/tabla-surf-heavy-water-killer\/#primaryimage"},"thumbnailUrl":"https:\/\/glassingmonkey.com\/wp-content\/uploads\/2025\/05\/KILLER.jpg","datePublished":"2025-05-28T09:59:09+00:00","dateModified":"2026-04-16T15:26:44+00:00","description":"Descubre la Heavy Water Killer en Glassing Monkey. Una tabla de surf all round de alto rendimiento, dise\u00f1ada para la maxima velocidad y control.","breadcrumb":{"@id":"https:\/\/glassingmonkey.com\/es\/product\/tabla-surf-heavy-water-killer\/#breadcrumb"},"inLanguage":"es","potentialAction":[{"@type":"ReadAction","target":["https:\/\/glassingmonkey.com\/es\/product\/tabla-surf-heavy-water-killer\/"]}]},{"@type":"ImageObject","inLanguage":"es","@id":"https:\/\/glassingmonkey.com\/es\/product\/tabla-surf-heavy-water-killer\/#primaryimage","url":"https:\/\/glassingmonkey.com\/wp-content\/uploads\/2025\/05\/KILLER.jpg","contentUrl":"https:\/\/glassingmonkey.com\/wp-content\/uploads\/2025\/05\/KILLER.jpg","width":600,"height":800,"caption":"heavy water killer"},{"@type":"BreadcrumbList","@id":"https:\/\/glassingmonkey.com\/es\/product\/tabla-surf-heavy-water-killer\/#breadcrumb","itemListElement":[{"@type":"ListItem","position":1,"name":"Home","item":"https:\/\/glassingmonkey.com\/es\/"},{"@type":"ListItem","position":2,"name":"Tienda","item":"https:\/\/glassingmonkey.com\/es\/tienda\/"},{"@type":"ListItem","position":3,"name":"Heavy Water Killer (allround)"}]},{"@type":"WebSite","@id":"https:\/\/glassingmonkey.com\/es\/#website","url":"https:\/\/glassingmonkey.com\/es\/","name":"Glassing Monkey","description":"RIDE YOUR LIFE","publisher":{"@id":"https:\/\/glassingmonkey.com\/es\/#organization"},"potentialAction":[{"@type":"SearchAction","target":{"@type":"EntryPoint","urlTemplate":"https:\/\/glassingmonkey.com\/es\/?s={search_term_string}"},"query-input":{"@type":"PropertyValueSpecification","valueRequired":true,"valueName":"search_term_string"}}],"inLanguage":"es"},{"@type":"Organization","@id":"https:\/\/glassingmonkey.com\/es\/#organization","name":"Glassing Monkey","url":"https:\/\/glassingmonkey.com\/es\/","logo":{"@type":"ImageObject","inLanguage":"es","@id":"https:\/\/glassingmonkey.com\/es\/#\/schema\/logo\/image\/","url":"https:\/\/glassingmonkey.com\/wp-content\/uploads\/2025\/06\/Glassing-monkey-surf-factory-surf-shop.webp","contentUrl":"https:\/\/glassingmonkey.com\/wp-content\/uploads\/2025\/06\/Glassing-monkey-surf-factory-surf-shop.webp","width":786,"height":530,"caption":"Glassing Monkey"},"image":{"@id":"https:\/\/glassingmonkey.com\/es\/#\/schema\/logo\/image\/"},"sameAs":["https:\/\/www.instagram.com\/glassingmonkey\/"]}]}},"_links":{"self":[{"href":"https:\/\/glassingmonkey.com\/es\/wp-json\/wp\/v2\/product\/26754","targetHints":{"allow":["GET"]}}],"collection":[{"href":"https:\/\/glassingmonkey.com\/es\/wp-json\/wp\/v2\/product"}],"about":[{"href":"https:\/\/glassingmonkey.com\/es\/wp-json\/wp\/v2\/types\/product"}],"replies":[{"embeddable":true,"href":"https:\/\/glassingmonkey.com\/es\/wp-json\/wp\/v2\/comments?post=26754"}],"wp:featuredmedia":[{"embeddable":true,"href":"https:\/\/glassingmonkey.com\/es\/wp-json\/wp\/v2\/media\/25699"}],"wp:attachment":[{"href":"https:\/\/glassingmonkey.com\/es\/wp-json\/wp\/v2\/media?parent=26754"}],"wp:term":[{"taxonomy":"product_brand","embeddable":true,"href":"https:\/\/glassingmonkey.com\/es\/wp-json\/wp\/v2\/product_brand?post=26754"},{"taxonomy":"product_cat","embeddable":true,"href":"https:\/\/glassingmonkey.com\/es\/wp-json\/wp\/v2\/product_cat?post=26754"},{"taxonomy":"product_tag","embeddable":true,"href":"https:\/\/glassingmonkey.com\/es\/wp-json\/wp\/v2\/product_tag?post=26754"}],"curies":[{"name":"wp","href":"https:\/\/api.w.org\/{rel}","templated":true}]}}