{"id":26756,"date":"2025-05-28T11:59:09","date_gmt":"2025-05-28T09:59:09","guid":{"rendered":"https:\/\/glassingmonkey.com\/product\/heavy-water-lsd-all-round\/"},"modified":"2026-04-16T17:18:39","modified_gmt":"2026-04-16T15:18:39","slug":"tabla-surf-heavy-water-lsd","status":"publish","type":"product","link":"https:\/\/glassingmonkey.com\/es\/product\/tabla-surf-heavy-water-lsd\/","title":{"rendered":"Heavy Water LSD (All Round)"},"content":{"rendered":"<h1 class=\"otQkpb\" role=\"heading\" aria-level=\"3\" data-sfc-root=\"c\" data-complete=\"true\" data-processed=\"true\">Heavy Water LSD: Velocidad y Agilidad en la Shortboard Moderna<button class=\"rBl3me\" tabindex=\"0\" data-amic=\"true\" data-icl-uuid=\"48225988-74c1-4f13-8ba3-d4db03544ae4\" aria-label=\"View related links\" data-wiz-attrbind=\"disabled=KwsuS_v\/C5gNJc;aria-label=KwsuS_v\/bOjMyf;class=KwsuS_v\/UpSNec\" data-ved=\"2ahUKEwjBvN_KuvCTAxUBUaQEHQVXIyYQye0OegYIAQgEEAA\" data-hveid=\"CAEIBBAA\"><\/button><\/h1>\n<h2 class=\"Y3BBE\" data-sfc-root=\"c\" data-hveid=\"CAEIBRAA\" data-complete=\"true\" data-processed=\"true\"><strong class=\"Yjhzub\" data-sfc-root=\"c\" data-sfc-cb=\"\" data-complete=\"true\" data-processed=\"true\">Dise\u00f1o avanzado para un rendimiento superior<\/strong><\/h2>\n<p class=\"Y3BBE\" data-sfc-root=\"c\" data-hveid=\"CAEIBRAA\" data-complete=\"true\" data-processed=\"true\"><br data-sfc-root=\"c\" data-sfc-pl=\"|[]\" data-sfc-cb=\"\" data-complete=\"true\" data-processed=\"true\" \/>La tabla Heavy Water LSD es una versi\u00f3n m\u00e1s corta y ancha de una shortboard est\u00e1ndar de alto rendimiento. Actualmente, este dise\u00f1o \u00fanico te permite acortar el arco de tus giros y surfear ajustado en el pocket. Es la opci\u00f3n ideal para generar una velocidad excepcional en cualquier tipo de secci\u00f3n. Por lo tanto, la <strong class=\"Yjhzub\" data-sfc-root=\"c\" data-sfc-cb=\"\" data-complete=\"true\" data-processed=\"true\">Heavy Water LSD<\/strong> ofrece una respuesta inmediata que maximiza tu diversi\u00f3n en condiciones del d\u00eda a d\u00eda. Sin duda, es una pieza de ingenier\u00eda dise\u00f1ada para revolucionar tus sesiones habituales.<button class=\"rBl3me\" tabindex=\"0\" data-amic=\"true\" data-icl-uuid=\"70c82aa8-7642-42b8-a821-3a7844f06d23\" aria-label=\"View related links\" data-wiz-attrbind=\"disabled=KwsuS_12\/C5gNJc;aria-label=KwsuS_12\/bOjMyf;class=KwsuS_12\/UpSNec\" data-ved=\"2ahUKEwjBvN_KuvCTAxUBUaQEHQVXIyYQye0OegYIAQgFEAE\" data-hveid=\"CAEIBRAB\"><\/button><\/p>\n<h2 class=\"Y3BBE\" data-sfc-root=\"c\" data-hveid=\"CAEIBhAA\" data-processed=\"true\" data-complete=\"true\"><strong class=\"Yjhzub\" data-sfc-root=\"c\" data-sfc-cb=\"\" data-complete=\"true\" data-processed=\"true\">Geometr\u00eda inteligente y control total<\/strong><\/h2>\n<div class=\"Y3BBE\" data-sfc-cp=\"\" data-sfc-root=\"c\" data-sfc-cb=\"\" data-hveid=\"CAEIBhAA\" data-processed=\"true\" data-complete=\"true\"><br data-sfc-root=\"c\" data-sfc-pl=\"|[]\" data-sfc-cb=\"\" data-complete=\"true\" data-processed=\"true\" \/>La anchura extra de la tabla est\u00e1 situada estrat\u00e9gicamente en el centro para compensar la reducci\u00f3n de longitud. Por ejemplo, el perfil del rocker y los contornos del bottom imitan a los de una tabla de competici\u00f3n. Gracias a esto, sentir\u00e1s una estabilidad asombrosa sin perder la capacidad de maniobra radical. Adem\u00e1s, el dise\u00f1o de la <strong class=\"Yjhzub\" data-sfc-root=\"c\" data-sfc-cb=\"\" data-complete=\"true\" data-processed=\"true\">Heavy Water LSD<\/strong> incluye un &#8220;hip&#8221; colocado justo delante de las quillas. En consecuencia, la tabla mantiene la sensibilidad y una respuesta rail-to-rail digna de modelos mucho m\u00e1s estrechos.<button class=\"rBl3me\" tabindex=\"0\" data-amic=\"true\" data-icl-uuid=\"2bccb1c3-b4a7-4415-b190-2f1a6d1571fc\" aria-label=\"View related links\" data-wiz-attrbind=\"disabled=KwsuS_19\/C5gNJc;aria-label=KwsuS_19\/bOjMyf;class=KwsuS_19\/UpSNec\" data-ved=\"2ahUKEwjBvN_KuvCTAxUBUaQEHQVXIyYQye0OegYIAQgGEAE\" data-hveid=\"CAEIBhAB\"><\/button><\/div>\n<div data-sfc-cp=\"\" data-sfc-root=\"c\" data-sfc-cb=\"\" data-hveid=\"CAEIBhAA\" data-processed=\"true\" data-complete=\"true\"><\/div>\n<h2 class=\"Y3BBE\" data-sfc-root=\"c\" data-hveid=\"CAEIBxAA\" data-processed=\"true\" data-complete=\"true\"><strong class=\"Yjhzub\" data-sfc-root=\"c\" data-sfc-cb=\"\" data-complete=\"true\" data-processed=\"true\">Versatilidad para todos los niveles<\/strong><\/h2>\n<div class=\"Y3BBE\" data-sfc-cp=\"\" data-sfc-root=\"c\" data-sfc-cb=\"\" data-hveid=\"CAEIBxAA\" data-processed=\"true\" data-complete=\"true\"><br data-sfc-root=\"c\" data-sfc-pl=\"|[]\" data-sfc-cb=\"\" data-complete=\"true\" data-processed=\"true\" \/>Este modelo se adapta perfectamente a las necesidades de diferentes tipos de surfistas. Por un lado, las medidas peque\u00f1as permitir\u00e1n a los expertos explorar maniobras por encima del lip con facilidad. Por otro lado, las medidas mayores se adaptan a surfistas pesados que desean surfear a su m\u00e1ximo potencial. Asimismo, recomendamos surfear la <strong class=\"Yjhzub\" data-sfc-root=\"c\" data-sfc-cb=\"\" data-complete=\"true\" data-processed=\"true\">Heavy Water LSD<\/strong> aproximadamente 4 pulgadas m\u00e1s corta que tu tabla habitual. Por este motivo, obtendr\u00e1s un planeo superior y una agilidad explosiva en olas con poca fuerza.<button class=\"rBl3me\" tabindex=\"0\" data-amic=\"true\" data-icl-uuid=\"745ff2cc-d7c6-4140-8895-d5e12b06efef\" aria-label=\"View related links\" data-wiz-attrbind=\"disabled=KwsuS_1g\/C5gNJc;aria-label=KwsuS_1g\/bOjMyf;class=KwsuS_1g\/UpSNec\" data-ved=\"2ahUKEwjBvN_KuvCTAxUBUaQEHQVXIyYQye0OegYIAQgHEAE\" data-hveid=\"CAEIBxAB\"><\/button><\/div>\n<div data-sfc-cp=\"\" data-sfc-root=\"c\" data-sfc-cb=\"\" data-hveid=\"CAEIBxAA\" data-processed=\"true\" data-complete=\"true\"><\/div>\n<h2 class=\"Y3BBE\" data-sfc-root=\"c\" data-hveid=\"CAEICBAA\" data-processed=\"true\" data-complete=\"true\"><strong class=\"Yjhzub\" data-sfc-root=\"c\" data-sfc-cb=\"\" data-complete=\"true\" data-processed=\"true\">Durabilidad y construcci\u00f3n de alta gama<\/strong><\/h2>\n<div class=\"Y3BBE\" data-sfc-cp=\"\" data-sfc-root=\"c\" data-sfc-cb=\"\" data-hveid=\"CAEICBAA\" data-processed=\"true\" data-complete=\"true\"><br data-sfc-root=\"c\" data-sfc-pl=\"|[]\" data-sfc-cb=\"\" data-complete=\"true\" data-processed=\"true\" \/>La construcci\u00f3n t\u00e9cnica de esta tabla asegura una respuesta el\u00e1stica \u00f3ptima y una durabilidad garantizada. De este modo, cada giro se siente fluido y conectado con la pared de la ola. Igualmente, la distribuci\u00f3n de volumen facilita una remada eficiente para entrar en las olas con anticipaci\u00f3n. En resumen, si buscas una tabla vers\u00e1til que combine velocidad con control milim\u00e9trico, la <strong class=\"Yjhzub\" data-sfc-root=\"c\" data-sfc-cb=\"\" data-complete=\"true\" data-processed=\"true\">Heavy Water LSD<\/strong> es tu mejor inversi\u00f3n. Es el momento de llevar tu surfing a un nivel nuevo con equipo de alta precisi\u00f3n.<button class=\"rBl3me\" tabindex=\"0\" data-amic=\"true\" data-icl-uuid=\"1a82c4fa-c292-40ed-a443-5dbb21a1df65\" aria-label=\"View related links\" data-wiz-attrbind=\"disabled=KwsuS_1n\/C5gNJc;aria-label=KwsuS_1n\/bOjMyf;class=KwsuS_1n\/UpSNec\" data-ved=\"2ahUKEwjBvN_KuvCTAxUBUaQEHQVXIyYQye0OegYIAQgIEAE\" data-hveid=\"CAEICBAB\"><\/button><\/div>\n<div class=\"Fsg96\" data-sfc-cp=\"\" data-sfc-root=\"c\" data-sfc-cb=\"\" data-complete=\"true\" data-processed=\"true\"><\/div>\n<hr class=\"j3tEEe\" data-sfc-root=\"c\" data-sfc-pl=\"|[]\" data-sfc-cb=\"\" data-complete=\"true\" data-processed=\"true\" data-sae=\"\" \/>\n","protected":false},"excerpt":{"rendered":"<p>La LSD es una versi\u00f3n m\u00e1s corta y ancha de una shortboard est\u00e1ndar que te permite acortar el arco de tus giros, surfear ajustado en el pocket y generar una velocidad excepcional.<\/p>\n","protected":false},"featured_media":25702,"comment_status":"closed","ping_status":"closed","template":"","meta":{"site-sidebar-layout":"default","site-content-layout":"","ast-site-content-layout":"default","site-content-style":"default","site-sidebar-style":"default","ast-global-header-display":"","ast-banner-title-visibility":"","ast-main-header-display":"","ast-hfb-above-header-display":"","ast-hfb-below-header-display":"","ast-hfb-mobile-header-display":"","site-post-title":"","ast-breadcrumbs-content":"","ast-featured-img":"","footer-sml-layout":"","ast-disable-related-posts":"","theme-transparent-header-meta":"default","adv-header-id-meta":"","stick-header-meta":"","header-above-stick-meta":"","header-main-stick-meta":"","header-below-stick-meta":"","astra-migrate-meta-layouts":"set","ast-page-background-enabled":"default","ast-page-background-meta":{"desktop":{"background-color":"var(--ast-global-color-5)","background-image":"","background-repeat":"repeat","background-position":"center center","background-size":"auto","background-attachment":"scroll","background-type":"","background-media":"","overlay-type":"","overlay-color":"","overlay-opacity":"","overlay-gradient":""},"tablet":{"background-color":"","background-image":"","background-repeat":"repeat","background-position":"center center","background-size":"auto","background-attachment":"scroll","background-type":"","background-media":"","overlay-type":"","overlay-color":"","overlay-opacity":"","overlay-gradient":""},"mobile":{"background-color":"","background-image":"","background-repeat":"repeat","background-position":"center center","background-size":"auto","background-attachment":"scroll","background-type":"","background-media":"","overlay-type":"","overlay-color":"","overlay-opacity":"","overlay-gradient":""}},"ast-content-background-meta":{"desktop":{"background-color":"var(--ast-global-color-4)","background-image":"","background-repeat":"repeat","background-position":"center center","background-size":"auto","background-attachment":"scroll","background-type":"","background-media":"","overlay-type":"","overlay-color":"","overlay-opacity":"","overlay-gradient":""},"tablet":{"background-color":"var(--ast-global-color-4)","background-image":"","background-repeat":"repeat","background-position":"center center","background-size":"auto","background-attachment":"scroll","background-type":"","background-media":"","overlay-type":"","overlay-color":"","overlay-opacity":"","overlay-gradient":""},"mobile":{"background-color":"var(--ast-global-color-4)","background-image":"","background-repeat":"repeat","background-position":"center center","background-size":"auto","background-attachment":"scroll","background-type":"","background-media":"","overlay-type":"","overlay-color":"","overlay-opacity":"","overlay-gradient":""}}},"product_brand":[1264],"product_cat":[1256,1307,1215,1196],"product_tag":[],"class_list":{"0":"post-26756","1":"product","2":"type-product","3":"status-publish","4":"has-post-thumbnail","6":"product_brand-heavy-water-surfboards","7":"product_cat-tablas-de-surf-shortboard","8":"product_cat-tablas-all-round","9":"product_cat-tablas-alto-rendimiento","10":"product_cat-tablas-de-surf-personalizadas","11":"pa_model-lsd","12":"pa_thickness-2-1-18","13":"pa_thickness-2-1-2-es-2","14":"pa_thickness-2-1-4","15":"pa_thickness-2-3-16","16":"pa_thickness-2-3-8-es-2","17":"pa_thickness-2-5-16-es-2","18":"pa_thickness-2-5-8","19":"pa_thickness-2-7-16-es-2","20":"pa_thickness-2-9-16","21":"pa_width-18-3-4","22":"pa_width-19-1-2","23":"pa_width-19-1-4","24":"pa_width-19-3-4","25":"pa_width-1319","26":"pa_width-20-1-2-es-2","27":"pa_width-20-1-4-es-2","28":"pa_width-20-3-4-es-2","29":"pa_width-1305","30":"desktop-align-left","31":"tablet-align-left","32":"mobile-align-left","34":"first","35":"onbackorder","36":"sale","37":"shipping-taxable","38":"purchasable","39":"product-type-variable"},"yoast_head":"<!-- This site is optimized with the Yoast SEO plugin v27.5 - https:\/\/yoast.com\/product\/yoast-seo-wordpress\/ -->\n<title>Tabla de Surf Heavy Water LSD \/ All-Round Shortboard<\/title>\n<meta name=\"description\" content=\"Consigue tu tabla de surf Heavy Water LSD en Glassing Monkey. El shortboard de alto rendimiento All-Round perfecto para cualquier condici\u00f3n . Mejor precio\" \/>\n<meta name=\"robots\" content=\"index, follow, max-snippet:-1, max-image-preview:large, max-video-preview:-1\" \/>\n<link rel=\"canonical\" href=\"https:\/\/glassingmonkey.com\/es\/product\/tabla-surf-heavy-water-lsd\/\" \/>\n<meta property=\"og:locale\" content=\"es_ES\" \/>\n<meta property=\"og:type\" content=\"article\" \/>\n<meta property=\"og:title\" content=\"Tabla de Surf Heavy Water LSD \/ All-Round Shortboard\" \/>\n<meta property=\"og:description\" content=\"Consigue tu tabla de surf Heavy Water LSD en Glassing Monkey. El shortboard de alto rendimiento All-Round perfecto para cualquier condici\u00f3n . Mejor precio\" \/>\n<meta property=\"og:url\" content=\"https:\/\/glassingmonkey.com\/es\/product\/tabla-surf-heavy-water-lsd\/\" \/>\n<meta property=\"og:site_name\" content=\"Glassing Monkey\" \/>\n<meta property=\"article:modified_time\" content=\"2026-04-16T15:18:39+00:00\" \/>\n<meta property=\"og:image\" content=\"https:\/\/glassingmonkey.com\/wp-content\/uploads\/2025\/05\/LSD.jpg\" \/>\n\t<meta property=\"og:image:width\" content=\"600\" \/>\n\t<meta property=\"og:image:height\" content=\"800\" \/>\n\t<meta property=\"og:image:type\" content=\"image\/jpeg\" \/>\n<meta name=\"twitter:card\" content=\"summary_large_image\" \/>\n<meta name=\"twitter:label1\" content=\"Tiempo de lectura\" \/>\n\t<meta name=\"twitter:data1\" content=\"2 minutos\" \/>\n<script type=\"application\/ld+json\" class=\"yoast-schema-graph\">{\"@context\":\"https:\\\/\\\/schema.org\",\"@graph\":[{\"@type\":[\"WebPage\",\"ItemPage\"],\"@id\":\"https:\\\/\\\/glassingmonkey.com\\\/es\\\/product\\\/tabla-surf-heavy-water-lsd\\\/\",\"url\":\"https:\\\/\\\/glassingmonkey.com\\\/es\\\/product\\\/tabla-surf-heavy-water-lsd\\\/\",\"name\":\"Tabla de Surf Heavy Water LSD \\\/ All-Round Shortboard\",\"isPartOf\":{\"@id\":\"https:\\\/\\\/glassingmonkey.com\\\/es\\\/#website\"},\"primaryImageOfPage\":{\"@id\":\"https:\\\/\\\/glassingmonkey.com\\\/es\\\/product\\\/tabla-surf-heavy-water-lsd\\\/#primaryimage\"},\"image\":{\"@id\":\"https:\\\/\\\/glassingmonkey.com\\\/es\\\/product\\\/tabla-surf-heavy-water-lsd\\\/#primaryimage\"},\"thumbnailUrl\":\"https:\\\/\\\/glassingmonkey.com\\\/wp-content\\\/uploads\\\/2025\\\/05\\\/LSD.jpg\",\"datePublished\":\"2025-05-28T09:59:09+00:00\",\"dateModified\":\"2026-04-16T15:18:39+00:00\",\"description\":\"Consigue tu tabla de surf Heavy Water LSD en Glassing Monkey. El shortboard de alto rendimiento All-Round perfecto para cualquier condici\u00f3n . Mejor precio\",\"breadcrumb\":{\"@id\":\"https:\\\/\\\/glassingmonkey.com\\\/es\\\/product\\\/tabla-surf-heavy-water-lsd\\\/#breadcrumb\"},\"inLanguage\":\"es\",\"potentialAction\":[{\"@type\":\"ReadAction\",\"target\":[\"https:\\\/\\\/glassingmonkey.com\\\/es\\\/product\\\/tabla-surf-heavy-water-lsd\\\/\"]}]},{\"@type\":\"ImageObject\",\"inLanguage\":\"es\",\"@id\":\"https:\\\/\\\/glassingmonkey.com\\\/es\\\/product\\\/tabla-surf-heavy-water-lsd\\\/#primaryimage\",\"url\":\"https:\\\/\\\/glassingmonkey.com\\\/wp-content\\\/uploads\\\/2025\\\/05\\\/LSD.jpg\",\"contentUrl\":\"https:\\\/\\\/glassingmonkey.com\\\/wp-content\\\/uploads\\\/2025\\\/05\\\/LSD.jpg\",\"width\":600,\"height\":800,\"caption\":\"heavy water lsd\"},{\"@type\":\"BreadcrumbList\",\"@id\":\"https:\\\/\\\/glassingmonkey.com\\\/es\\\/product\\\/tabla-surf-heavy-water-lsd\\\/#breadcrumb\",\"itemListElement\":[{\"@type\":\"ListItem\",\"position\":1,\"name\":\"Home\",\"item\":\"https:\\\/\\\/glassingmonkey.com\\\/es\\\/\"},{\"@type\":\"ListItem\",\"position\":2,\"name\":\"Tienda\",\"item\":\"https:\\\/\\\/glassingmonkey.com\\\/es\\\/tienda\\\/\"},{\"@type\":\"ListItem\",\"position\":3,\"name\":\"Heavy Water LSD (All Round)\"}]},{\"@type\":\"WebSite\",\"@id\":\"https:\\\/\\\/glassingmonkey.com\\\/es\\\/#website\",\"url\":\"https:\\\/\\\/glassingmonkey.com\\\/es\\\/\",\"name\":\"Glassing Monkey\",\"description\":\"RIDE YOUR LIFE\",\"publisher\":{\"@id\":\"https:\\\/\\\/glassingmonkey.com\\\/es\\\/#organization\"},\"potentialAction\":[{\"@type\":\"SearchAction\",\"target\":{\"@type\":\"EntryPoint\",\"urlTemplate\":\"https:\\\/\\\/glassingmonkey.com\\\/es\\\/?s={search_term_string}\"},\"query-input\":{\"@type\":\"PropertyValueSpecification\",\"valueRequired\":true,\"valueName\":\"search_term_string\"}}],\"inLanguage\":\"es\"},{\"@type\":\"Organization\",\"@id\":\"https:\\\/\\\/glassingmonkey.com\\\/es\\\/#organization\",\"name\":\"Glassing Monkey\",\"url\":\"https:\\\/\\\/glassingmonkey.com\\\/es\\\/\",\"logo\":{\"@type\":\"ImageObject\",\"inLanguage\":\"es\",\"@id\":\"https:\\\/\\\/glassingmonkey.com\\\/es\\\/#\\\/schema\\\/logo\\\/image\\\/\",\"url\":\"https:\\\/\\\/glassingmonkey.com\\\/wp-content\\\/uploads\\\/2025\\\/06\\\/Glassing-monkey-surf-factory-surf-shop.webp\",\"contentUrl\":\"https:\\\/\\\/glassingmonkey.com\\\/wp-content\\\/uploads\\\/2025\\\/06\\\/Glassing-monkey-surf-factory-surf-shop.webp\",\"width\":786,\"height\":530,\"caption\":\"Glassing Monkey\"},\"image\":{\"@id\":\"https:\\\/\\\/glassingmonkey.com\\\/es\\\/#\\\/schema\\\/logo\\\/image\\\/\"},\"sameAs\":[\"https:\\\/\\\/www.instagram.com\\\/glassingmonkey\\\/\"]}]}<\/script>\n<!-- \/ Yoast SEO plugin. -->","yoast_head_json":{"title":"Tabla de Surf Heavy Water LSD \/ All-Round Shortboard","description":"Consigue tu tabla de surf Heavy Water LSD en Glassing Monkey. El shortboard de alto rendimiento All-Round perfecto para cualquier condici\u00f3n . Mejor precio","robots":{"index":"index","follow":"follow","max-snippet":"max-snippet:-1","max-image-preview":"max-image-preview:large","max-video-preview":"max-video-preview:-1"},"canonical":"https:\/\/glassingmonkey.com\/es\/product\/tabla-surf-heavy-water-lsd\/","og_locale":"es_ES","og_type":"article","og_title":"Tabla de Surf Heavy Water LSD \/ All-Round Shortboard","og_description":"Consigue tu tabla de surf Heavy Water LSD en Glassing Monkey. El shortboard de alto rendimiento All-Round perfecto para cualquier condici\u00f3n . Mejor precio","og_url":"https:\/\/glassingmonkey.com\/es\/product\/tabla-surf-heavy-water-lsd\/","og_site_name":"Glassing Monkey","article_modified_time":"2026-04-16T15:18:39+00:00","og_image":[{"width":600,"height":800,"url":"https:\/\/glassingmonkey.com\/wp-content\/uploads\/2025\/05\/LSD.jpg","type":"image\/jpeg"}],"twitter_card":"summary_large_image","twitter_misc":{"Tiempo de lectura":"2 minutos"},"schema":{"@context":"https:\/\/schema.org","@graph":[{"@type":["WebPage","ItemPage"],"@id":"https:\/\/glassingmonkey.com\/es\/product\/tabla-surf-heavy-water-lsd\/","url":"https:\/\/glassingmonkey.com\/es\/product\/tabla-surf-heavy-water-lsd\/","name":"Tabla de Surf Heavy Water LSD \/ All-Round Shortboard","isPartOf":{"@id":"https:\/\/glassingmonkey.com\/es\/#website"},"primaryImageOfPage":{"@id":"https:\/\/glassingmonkey.com\/es\/product\/tabla-surf-heavy-water-lsd\/#primaryimage"},"image":{"@id":"https:\/\/glassingmonkey.com\/es\/product\/tabla-surf-heavy-water-lsd\/#primaryimage"},"thumbnailUrl":"https:\/\/glassingmonkey.com\/wp-content\/uploads\/2025\/05\/LSD.jpg","datePublished":"2025-05-28T09:59:09+00:00","dateModified":"2026-04-16T15:18:39+00:00","description":"Consigue tu tabla de surf Heavy Water LSD en Glassing Monkey. El shortboard de alto rendimiento All-Round perfecto para cualquier condici\u00f3n . Mejor precio","breadcrumb":{"@id":"https:\/\/glassingmonkey.com\/es\/product\/tabla-surf-heavy-water-lsd\/#breadcrumb"},"inLanguage":"es","potentialAction":[{"@type":"ReadAction","target":["https:\/\/glassingmonkey.com\/es\/product\/tabla-surf-heavy-water-lsd\/"]}]},{"@type":"ImageObject","inLanguage":"es","@id":"https:\/\/glassingmonkey.com\/es\/product\/tabla-surf-heavy-water-lsd\/#primaryimage","url":"https:\/\/glassingmonkey.com\/wp-content\/uploads\/2025\/05\/LSD.jpg","contentUrl":"https:\/\/glassingmonkey.com\/wp-content\/uploads\/2025\/05\/LSD.jpg","width":600,"height":800,"caption":"heavy water lsd"},{"@type":"BreadcrumbList","@id":"https:\/\/glassingmonkey.com\/es\/product\/tabla-surf-heavy-water-lsd\/#breadcrumb","itemListElement":[{"@type":"ListItem","position":1,"name":"Home","item":"https:\/\/glassingmonkey.com\/es\/"},{"@type":"ListItem","position":2,"name":"Tienda","item":"https:\/\/glassingmonkey.com\/es\/tienda\/"},{"@type":"ListItem","position":3,"name":"Heavy Water LSD (All Round)"}]},{"@type":"WebSite","@id":"https:\/\/glassingmonkey.com\/es\/#website","url":"https:\/\/glassingmonkey.com\/es\/","name":"Glassing Monkey","description":"RIDE YOUR LIFE","publisher":{"@id":"https:\/\/glassingmonkey.com\/es\/#organization"},"potentialAction":[{"@type":"SearchAction","target":{"@type":"EntryPoint","urlTemplate":"https:\/\/glassingmonkey.com\/es\/?s={search_term_string}"},"query-input":{"@type":"PropertyValueSpecification","valueRequired":true,"valueName":"search_term_string"}}],"inLanguage":"es"},{"@type":"Organization","@id":"https:\/\/glassingmonkey.com\/es\/#organization","name":"Glassing Monkey","url":"https:\/\/glassingmonkey.com\/es\/","logo":{"@type":"ImageObject","inLanguage":"es","@id":"https:\/\/glassingmonkey.com\/es\/#\/schema\/logo\/image\/","url":"https:\/\/glassingmonkey.com\/wp-content\/uploads\/2025\/06\/Glassing-monkey-surf-factory-surf-shop.webp","contentUrl":"https:\/\/glassingmonkey.com\/wp-content\/uploads\/2025\/06\/Glassing-monkey-surf-factory-surf-shop.webp","width":786,"height":530,"caption":"Glassing Monkey"},"image":{"@id":"https:\/\/glassingmonkey.com\/es\/#\/schema\/logo\/image\/"},"sameAs":["https:\/\/www.instagram.com\/glassingmonkey\/"]}]}},"_links":{"self":[{"href":"https:\/\/glassingmonkey.com\/es\/wp-json\/wp\/v2\/product\/26756","targetHints":{"allow":["GET"]}}],"collection":[{"href":"https:\/\/glassingmonkey.com\/es\/wp-json\/wp\/v2\/product"}],"about":[{"href":"https:\/\/glassingmonkey.com\/es\/wp-json\/wp\/v2\/types\/product"}],"replies":[{"embeddable":true,"href":"https:\/\/glassingmonkey.com\/es\/wp-json\/wp\/v2\/comments?post=26756"}],"wp:featuredmedia":[{"embeddable":true,"href":"https:\/\/glassingmonkey.com\/es\/wp-json\/wp\/v2\/media\/25702"}],"wp:attachment":[{"href":"https:\/\/glassingmonkey.com\/es\/wp-json\/wp\/v2\/media?parent=26756"}],"wp:term":[{"taxonomy":"product_brand","embeddable":true,"href":"https:\/\/glassingmonkey.com\/es\/wp-json\/wp\/v2\/product_brand?post=26756"},{"taxonomy":"product_cat","embeddable":true,"href":"https:\/\/glassingmonkey.com\/es\/wp-json\/wp\/v2\/product_cat?post=26756"},{"taxonomy":"product_tag","embeddable":true,"href":"https:\/\/glassingmonkey.com\/es\/wp-json\/wp\/v2\/product_tag?post=26756"}],"curies":[{"name":"wp","href":"https:\/\/api.w.org\/{rel}","templated":true}]}}