{"id":26758,"date":"2025-05-28T11:58:40","date_gmt":"2025-05-28T09:58:40","guid":{"rendered":"https:\/\/glassingmonkey.com\/product\/bamba-mid-twin\/"},"modified":"2026-04-27T21:14:32","modified_gmt":"2026-04-27T19:14:32","slug":"bamba-mid-twin","status":"publish","type":"product","link":"https:\/\/glassingmonkey.com\/es\/product\/bamba-mid-twin\/","title":{"rendered":"Bamba Mid Twin"},"content":{"rendered":"<h1 class=\"otQkpb\" role=\"heading\" aria-level=\"3\" data-sfc-root=\"c\" data-complete=\"true\" data-processed=\"true\">Bamba Mid Twin: La evoluci\u00f3n r\u00e1pida y libre del Twin Fin<button class=\"rBl3me\" tabindex=\"0\" data-amic=\"true\" data-icl-uuid=\"5031432b-cd46-4d91-9e93-0a47eac266c6\" aria-label=\"View related links\" data-wiz-attrbind=\"disabled=Xf230e_t\/C5gNJc;aria-label=Xf230e_t\/bOjMyf;class=Xf230e_t\/UpSNec\" data-ved=\"2ahUKEwiLmbbZ3Y6UAxWXOfsDHRjtBKwQye0OegYIAQgEEAA\" data-hveid=\"CAEIBBAA\"><\/button><\/h1>\n<div class=\"n6owBd awi2gc\" data-sfc-cp=\"\" data-sfc-root=\"c\" data-sfc-cb=\"\" data-hveid=\"CAEIBRAA\" data-complete=\"true\" data-processed=\"true\">La Bamba Mid Twin destaca como un miembro orgulloso de la familia <em class=\"eujQNb\" data-sfc-root=\"c\" data-sfc-cb=\"\" data-complete=\"true\" data-processed=\"true\">twin<\/em>. En primer lugar, este dise\u00f1o aporta velocidad y libertad a la categor\u00eda <em class=\"eujQNb\" data-sfc-root=\"c\" data-sfc-cb=\"\" data-complete=\"true\" data-processed=\"true\">mid-length<\/em>. Adem\u00e1s, este <em class=\"eujQNb\" data-sfc-root=\"c\" data-sfc-cb=\"\" data-complete=\"true\" data-processed=\"true\">twin-pin<\/em> se siente incre\u00edblemente r\u00e1pido y suelto. Ciertamente, el modelo se mantiene fiel a la era ic\u00f3nica que inspir\u00f3 su nacimiento. Fabricamos esta tabla para rendir bien tanto en olas grandes como peque\u00f1as. Asimismo, gestiona tubos perfectos o playas fofas con gran eficiencia t\u00e9cnica. Por lo tanto, la Mid Twin representa la elecci\u00f3n definitiva para el surfista moderno. Es la alternativa perfecta a los longboards o shortboards tradicionales.<button class=\"rBl3me\" tabindex=\"0\" data-amic=\"true\" data-icl-uuid=\"149c5aa6-7d55-4199-bfc0-37bfc74fe7ea\" aria-label=\"View related links\" data-wiz-attrbind=\"disabled=Xf230e_10\/C5gNJc;aria-label=Xf230e_10\/bOjMyf;class=Xf230e_10\/UpSNec\" data-ved=\"2ahUKEwiLmbbZ3Y6UAxWXOfsDHRjtBKwQye0OegYIAQgFEAE\" data-hveid=\"CAEIBRAB\"><\/button><\/div>\n<h2 class=\"otQkpb\" role=\"heading\" aria-level=\"3\" data-sfc-root=\"c\" data-complete=\"true\" data-processed=\"true\">Rendimiento t\u00e9cnico y respuesta din\u00e1mica<button class=\"rBl3me\" tabindex=\"0\" data-amic=\"true\" data-icl-uuid=\"0da97b7f-113b-4b9f-82da-1b1f38aa1431\" aria-label=\"View related links\" data-wiz-attrbind=\"disabled=Xf230e_15\/C5gNJc;aria-label=Xf230e_15\/bOjMyf;class=Xf230e_15\/UpSNec\" data-ved=\"2ahUKEwiLmbbZ3Y6UAxWXOfsDHRjtBKwQye0OegYIAQgGEAA\" data-hveid=\"CAEIBhAA\"><\/button><\/h2>\n<div class=\"n6owBd awi2gc\" data-sfc-cp=\"\" data-sfc-root=\"c\" data-sfc-cb=\"\" data-hveid=\"CAEIBxAA\" data-complete=\"true\" data-processed=\"true\">Respecto a su configuraci\u00f3n, nos centramos en la velocidad \u00fanica del sistema de dos quillas. Primero, la ausencia de quilla central reduce la resistencia al agua significativamente. Como consecuencia, notar\u00e1s una aceleraci\u00f3n inmediata desde la primera bajada. Esta caracter\u00edstica proporciona una sensaci\u00f3n de liberaci\u00f3n al trazar l\u00edneas largas y fluidas. Adicionalmente, la cola <em class=\"eujQNb\" data-sfc-root=\"c\" data-sfc-cb=\"\" data-complete=\"true\" data-processed=\"true\">pin<\/em> refinada asegura que la tabla mantenga un control total. Por otro lado, el agarre es constante durante los <em class=\"eujQNb\" data-sfc-root=\"c\" data-sfc-cb=\"\" data-complete=\"true\" data-processed=\"true\">carves<\/em> a alta velocidad. Consecuentemente, puedes transicionar entre maniobras con un nivel de fluidez muy profesional. Como resultado, la Mid Twin ofrece una navegaci\u00f3n juguetona pero segura.<button class=\"rBl3me\" tabindex=\"0\" data-amic=\"true\" data-icl-uuid=\"da606b91-8358-4823-8894-c784aa9d3790\" aria-label=\"View related links\" data-wiz-attrbind=\"disabled=Xf230e_1b\/C5gNJc;aria-label=Xf230e_1b\/bOjMyf;class=Xf230e_1b\/UpSNec\" data-ved=\"2ahUKEwiLmbbZ3Y6UAxWXOfsDHRjtBKwQye0OegYIAQgHEAE\" data-hveid=\"CAEIBxAB\"><\/button><\/div>\n<h2 class=\"otQkpb\" role=\"heading\" aria-level=\"3\" data-sfc-root=\"c\" data-processed=\"true\" data-complete=\"true\">Bamba Mid Twin, Control constante y remada eficiente<button class=\"rBl3me\" tabindex=\"0\" data-amic=\"true\" data-icl-uuid=\"78eb8336-6dc0-4981-8ef8-bb80deca90f3\" aria-label=\"View related links\" data-wiz-attrbind=\"disabled=Xf230e_1g\/C5gNJc;aria-label=Xf230e_1g\/bOjMyf;class=Xf230e_1g\/UpSNec\" data-ved=\"2ahUKEwiLmbbZ3Y6UAxWXOfsDHRjtBKwQye0OegYIAQgIEAA\" data-hveid=\"CAEICBAA\"><\/button><\/h2>\n<div class=\"n6owBd awi2gc\" data-sfc-cp=\"\" data-sfc-root=\"c\" data-sfc-cb=\"\" data-hveid=\"CAEICRAA\" data-complete=\"true\" data-processed=\"true\" aria-owns=\"action-menu-parent-container\">Del mismo modo, la distribuci\u00f3n equilibrada del volumen ayuda a tu velocidad de remada. Espec\u00edficamente, esta ayuda te permite entrar en las olas mucho antes. Su contorno refinado permite superar secciones planas sin perder el impulso esencial. Por otra parte, el perfil de rocker moderado evita que la punta se clave. Esto es vital durante despegues tard\u00edos en olas m\u00e1s verticales. Ciertamente, esta armon\u00eda t\u00e9cnica asegura que la tabla permanezca predecible pero viva. Por esta raz\u00f3n, muchos surfistas conf\u00edan en la Mid Twin diariamente. En conclusi\u00f3n, este modelo proporciona la combinaci\u00f3n definitiva de agilidad y alma cl\u00e1sica. Finalmente, a\u00f1adir esta tabla a tu <em class=\"eujQNb\" data-sfc-root=\"c\" data-sfc-cb=\"\" data-complete=\"true\" data-processed=\"true\">quiver<\/em> garantiza sesiones inolvidables.<\/div>\n","protected":false},"excerpt":{"rendered":"<p>Fiel a la familia twin, este twin pin midlength es r\u00e1pido y suelto, tal como la \u00e9poca de la que naci\u00f3.<\/p>\n","protected":false},"featured_media":25695,"comment_status":"closed","ping_status":"closed","template":"","meta":{"site-sidebar-layout":"default","site-content-layout":"","ast-site-content-layout":"default","site-content-style":"default","site-sidebar-style":"default","ast-global-header-display":"","ast-banner-title-visibility":"","ast-main-header-display":"","ast-hfb-above-header-display":"","ast-hfb-below-header-display":"","ast-hfb-mobile-header-display":"","site-post-title":"","ast-breadcrumbs-content":"","ast-featured-img":"","footer-sml-layout":"","ast-disable-related-posts":"","theme-transparent-header-meta":"default","adv-header-id-meta":"","stick-header-meta":"","header-above-stick-meta":"","header-main-stick-meta":"","header-below-stick-meta":"","astra-migrate-meta-layouts":"set","ast-page-background-enabled":"default","ast-page-background-meta":{"desktop":{"background-color":"var(--ast-global-color-5)","background-image":"","background-repeat":"repeat","background-position":"center center","background-size":"auto","background-attachment":"scroll","background-type":"","background-media":"","overlay-type":"","overlay-color":"","overlay-opacity":"","overlay-gradient":""},"tablet":{"background-color":"","background-image":"","background-repeat":"repeat","background-position":"center center","background-size":"auto","background-attachment":"scroll","background-type":"","background-media":"","overlay-type":"","overlay-color":"","overlay-opacity":"","overlay-gradient":""},"mobile":{"background-color":"","background-image":"","background-repeat":"repeat","background-position":"center center","background-size":"auto","background-attachment":"scroll","background-type":"","background-media":"","overlay-type":"","overlay-color":"","overlay-opacity":"","overlay-gradient":""}},"ast-content-background-meta":{"desktop":{"background-color":"var(--ast-global-color-4)","background-image":"","background-repeat":"repeat","background-position":"center center","background-size":"auto","background-attachment":"scroll","background-type":"","background-media":"","overlay-type":"","overlay-color":"","overlay-opacity":"","overlay-gradient":""},"tablet":{"background-color":"var(--ast-global-color-4)","background-image":"","background-repeat":"repeat","background-position":"center center","background-size":"auto","background-attachment":"scroll","background-type":"","background-media":"","overlay-type":"","overlay-color":"","overlay-opacity":"","overlay-gradient":""},"mobile":{"background-color":"var(--ast-global-color-4)","background-image":"","background-repeat":"repeat","background-position":"center center","background-size":"auto","background-attachment":"scroll","background-type":"","background-media":"","overlay-type":"","overlay-color":"","overlay-opacity":"","overlay-gradient":""}}},"product_brand":[1260],"product_cat":[1290,1196,1216],"product_tag":[1291,1220],"class_list":{"0":"post-26758","1":"product","2":"type-product","3":"status-publish","4":"has-post-thumbnail","6":"product_brand-bamba-surfboards","7":"product_cat-midlength","8":"product_cat-tablas-de-surf-es","9":"product_cat-twin-fin-es","10":"product_tag-midlength","11":"product_tag-twin-fin-es","12":"pa_model-mid-twin","13":"pa_thickness-2-1-2-es-2","14":"pa_thickness-2-11-16","15":"pa_thickness-2-3-4","16":"pa_thickness-2-5-8","17":"pa_thickness-2-9-16","18":"pa_width-20-1-2-es-2","19":"pa_width-20-3-4-es-2","20":"pa_width-21-1-2","21":"pa_width-21-1-4","22":"pa_width-1320","23":"desktop-align-left","24":"tablet-align-left","25":"mobile-align-left","27":"first","28":"onbackorder","29":"sale","30":"shipping-taxable","31":"purchasable","32":"product-type-variable"},"yoast_head":"<!-- This site is optimized with the Yoast SEO plugin v27.4 - https:\/\/yoast.com\/product\/yoast-seo-wordpress\/ -->\n<title>Bamba Mid Twin | Tabla de Surf Midlength | Glassing Monkey<\/title>\n<meta name=\"description\" content=\"Compra la Bamba Mid Twin al mejor precio en Glassing Monkey. Una tabla de surf midlength tipo twinfin que ofrece velocidad, fluidez y giros suaves.\" \/>\n<meta name=\"robots\" content=\"index, follow, max-snippet:-1, max-image-preview:large, max-video-preview:-1\" \/>\n<link rel=\"canonical\" href=\"https:\/\/glassingmonkey.com\/es\/product\/bamba-mid-twin\/\" \/>\n<meta property=\"og:locale\" content=\"es_ES\" \/>\n<meta property=\"og:type\" content=\"article\" \/>\n<meta property=\"og:title\" content=\"Bamba Mid Twin | Tabla de Surf Midlength | Glassing Monkey\" \/>\n<meta property=\"og:description\" content=\"Compra la Bamba Mid Twin al mejor precio en Glassing Monkey. Una tabla de surf midlength tipo twinfin que ofrece velocidad, fluidez y giros suaves.\" \/>\n<meta property=\"og:url\" content=\"https:\/\/glassingmonkey.com\/es\/product\/bamba-mid-twin\/\" \/>\n<meta property=\"og:site_name\" content=\"Glassing Monkey\" \/>\n<meta property=\"article:modified_time\" content=\"2026-04-27T19:14:32+00:00\" \/>\n<meta property=\"og:image\" content=\"https:\/\/glassingmonkey.com\/wp-content\/uploads\/2025\/05\/Frame-36.jpg\" \/>\n\t<meta property=\"og:image:width\" content=\"650\" \/>\n\t<meta property=\"og:image:height\" content=\"850\" \/>\n\t<meta property=\"og:image:type\" content=\"image\/jpeg\" \/>\n<meta name=\"twitter:card\" content=\"summary_large_image\" \/>\n<meta name=\"twitter:label1\" content=\"Tiempo de lectura\" \/>\n\t<meta name=\"twitter:data1\" content=\"2 minutos\" \/>\n<script type=\"application\/ld+json\" class=\"yoast-schema-graph\">{\"@context\":\"https:\\\/\\\/schema.org\",\"@graph\":[{\"@type\":\"WebPage\",\"@id\":\"https:\\\/\\\/glassingmonkey.com\\\/es\\\/product\\\/bamba-mid-twin\\\/\",\"url\":\"https:\\\/\\\/glassingmonkey.com\\\/es\\\/product\\\/bamba-mid-twin\\\/\",\"name\":\"Bamba Mid Twin | Tabla de Surf Midlength | Glassing Monkey\",\"isPartOf\":{\"@id\":\"https:\\\/\\\/glassingmonkey.com\\\/es\\\/#website\"},\"primaryImageOfPage\":{\"@id\":\"https:\\\/\\\/glassingmonkey.com\\\/es\\\/product\\\/bamba-mid-twin\\\/#primaryimage\"},\"image\":{\"@id\":\"https:\\\/\\\/glassingmonkey.com\\\/es\\\/product\\\/bamba-mid-twin\\\/#primaryimage\"},\"thumbnailUrl\":\"https:\\\/\\\/glassingmonkey.com\\\/wp-content\\\/uploads\\\/2025\\\/05\\\/Frame-36.jpg\",\"datePublished\":\"2025-05-28T09:58:40+00:00\",\"dateModified\":\"2026-04-27T19:14:32+00:00\",\"description\":\"Compra la Bamba Mid Twin al mejor precio en Glassing Monkey. Una tabla de surf midlength tipo twinfin que ofrece velocidad, fluidez y giros suaves.\",\"breadcrumb\":{\"@id\":\"https:\\\/\\\/glassingmonkey.com\\\/es\\\/product\\\/bamba-mid-twin\\\/#breadcrumb\"},\"inLanguage\":\"es\",\"potentialAction\":[{\"@type\":\"ReadAction\",\"target\":[\"https:\\\/\\\/glassingmonkey.com\\\/es\\\/product\\\/bamba-mid-twin\\\/\"]}]},{\"@type\":\"ImageObject\",\"inLanguage\":\"es\",\"@id\":\"https:\\\/\\\/glassingmonkey.com\\\/es\\\/product\\\/bamba-mid-twin\\\/#primaryimage\",\"url\":\"https:\\\/\\\/glassingmonkey.com\\\/wp-content\\\/uploads\\\/2025\\\/05\\\/Frame-36.jpg\",\"contentUrl\":\"https:\\\/\\\/glassingmonkey.com\\\/wp-content\\\/uploads\\\/2025\\\/05\\\/Frame-36.jpg\",\"width\":650,\"height\":850,\"caption\":\"bamba mid twin\"},{\"@type\":\"BreadcrumbList\",\"@id\":\"https:\\\/\\\/glassingmonkey.com\\\/es\\\/product\\\/bamba-mid-twin\\\/#breadcrumb\",\"itemListElement\":[{\"@type\":\"ListItem\",\"position\":1,\"name\":\"Home\",\"item\":\"https:\\\/\\\/glassingmonkey.com\\\/es\\\/\"},{\"@type\":\"ListItem\",\"position\":2,\"name\":\"Tienda\",\"item\":\"https:\\\/\\\/glassingmonkey.com\\\/es\\\/tienda\\\/\"},{\"@type\":\"ListItem\",\"position\":3,\"name\":\"Bamba Mid Twin\"}]},{\"@type\":\"WebSite\",\"@id\":\"https:\\\/\\\/glassingmonkey.com\\\/es\\\/#website\",\"url\":\"https:\\\/\\\/glassingmonkey.com\\\/es\\\/\",\"name\":\"Glassing Monkey\",\"description\":\"RIDE YOUR LIFE\",\"publisher\":{\"@id\":\"https:\\\/\\\/glassingmonkey.com\\\/es\\\/#organization\"},\"potentialAction\":[{\"@type\":\"SearchAction\",\"target\":{\"@type\":\"EntryPoint\",\"urlTemplate\":\"https:\\\/\\\/glassingmonkey.com\\\/es\\\/?s={search_term_string}\"},\"query-input\":{\"@type\":\"PropertyValueSpecification\",\"valueRequired\":true,\"valueName\":\"search_term_string\"}}],\"inLanguage\":\"es\"},{\"@type\":\"Organization\",\"@id\":\"https:\\\/\\\/glassingmonkey.com\\\/es\\\/#organization\",\"name\":\"Glassing Monkey\",\"url\":\"https:\\\/\\\/glassingmonkey.com\\\/es\\\/\",\"logo\":{\"@type\":\"ImageObject\",\"inLanguage\":\"es\",\"@id\":\"https:\\\/\\\/glassingmonkey.com\\\/es\\\/#\\\/schema\\\/logo\\\/image\\\/\",\"url\":\"https:\\\/\\\/glassingmonkey.com\\\/wp-content\\\/uploads\\\/2025\\\/06\\\/Glassing-monkey-surf-factory-surf-shop.webp\",\"contentUrl\":\"https:\\\/\\\/glassingmonkey.com\\\/wp-content\\\/uploads\\\/2025\\\/06\\\/Glassing-monkey-surf-factory-surf-shop.webp\",\"width\":786,\"height\":530,\"caption\":\"Glassing Monkey\"},\"image\":{\"@id\":\"https:\\\/\\\/glassingmonkey.com\\\/es\\\/#\\\/schema\\\/logo\\\/image\\\/\"},\"sameAs\":[\"https:\\\/\\\/www.instagram.com\\\/glassingmonkey\\\/\"]}]}<\/script>\n<!-- \/ Yoast SEO plugin. -->","yoast_head_json":{"title":"Bamba Mid Twin | Tabla de Surf Midlength | Glassing Monkey","description":"Compra la Bamba Mid Twin al mejor precio en Glassing Monkey. Una tabla de surf midlength tipo twinfin que ofrece velocidad, fluidez y giros suaves.","robots":{"index":"index","follow":"follow","max-snippet":"max-snippet:-1","max-image-preview":"max-image-preview:large","max-video-preview":"max-video-preview:-1"},"canonical":"https:\/\/glassingmonkey.com\/es\/product\/bamba-mid-twin\/","og_locale":"es_ES","og_type":"article","og_title":"Bamba Mid Twin | Tabla de Surf Midlength | Glassing Monkey","og_description":"Compra la Bamba Mid Twin al mejor precio en Glassing Monkey. Una tabla de surf midlength tipo twinfin que ofrece velocidad, fluidez y giros suaves.","og_url":"https:\/\/glassingmonkey.com\/es\/product\/bamba-mid-twin\/","og_site_name":"Glassing Monkey","article_modified_time":"2026-04-27T19:14:32+00:00","og_image":[{"width":650,"height":850,"url":"https:\/\/glassingmonkey.com\/wp-content\/uploads\/2025\/05\/Frame-36.jpg","type":"image\/jpeg"}],"twitter_card":"summary_large_image","twitter_misc":{"Tiempo de lectura":"2 minutos"},"schema":{"@context":"https:\/\/schema.org","@graph":[{"@type":"WebPage","@id":"https:\/\/glassingmonkey.com\/es\/product\/bamba-mid-twin\/","url":"https:\/\/glassingmonkey.com\/es\/product\/bamba-mid-twin\/","name":"Bamba Mid Twin | Tabla de Surf Midlength | Glassing Monkey","isPartOf":{"@id":"https:\/\/glassingmonkey.com\/es\/#website"},"primaryImageOfPage":{"@id":"https:\/\/glassingmonkey.com\/es\/product\/bamba-mid-twin\/#primaryimage"},"image":{"@id":"https:\/\/glassingmonkey.com\/es\/product\/bamba-mid-twin\/#primaryimage"},"thumbnailUrl":"https:\/\/glassingmonkey.com\/wp-content\/uploads\/2025\/05\/Frame-36.jpg","datePublished":"2025-05-28T09:58:40+00:00","dateModified":"2026-04-27T19:14:32+00:00","description":"Compra la Bamba Mid Twin al mejor precio en Glassing Monkey. Una tabla de surf midlength tipo twinfin que ofrece velocidad, fluidez y giros suaves.","breadcrumb":{"@id":"https:\/\/glassingmonkey.com\/es\/product\/bamba-mid-twin\/#breadcrumb"},"inLanguage":"es","potentialAction":[{"@type":"ReadAction","target":["https:\/\/glassingmonkey.com\/es\/product\/bamba-mid-twin\/"]}]},{"@type":"ImageObject","inLanguage":"es","@id":"https:\/\/glassingmonkey.com\/es\/product\/bamba-mid-twin\/#primaryimage","url":"https:\/\/glassingmonkey.com\/wp-content\/uploads\/2025\/05\/Frame-36.jpg","contentUrl":"https:\/\/glassingmonkey.com\/wp-content\/uploads\/2025\/05\/Frame-36.jpg","width":650,"height":850,"caption":"bamba mid twin"},{"@type":"BreadcrumbList","@id":"https:\/\/glassingmonkey.com\/es\/product\/bamba-mid-twin\/#breadcrumb","itemListElement":[{"@type":"ListItem","position":1,"name":"Home","item":"https:\/\/glassingmonkey.com\/es\/"},{"@type":"ListItem","position":2,"name":"Tienda","item":"https:\/\/glassingmonkey.com\/es\/tienda\/"},{"@type":"ListItem","position":3,"name":"Bamba Mid Twin"}]},{"@type":"WebSite","@id":"https:\/\/glassingmonkey.com\/es\/#website","url":"https:\/\/glassingmonkey.com\/es\/","name":"Glassing Monkey","description":"RIDE YOUR LIFE","publisher":{"@id":"https:\/\/glassingmonkey.com\/es\/#organization"},"potentialAction":[{"@type":"SearchAction","target":{"@type":"EntryPoint","urlTemplate":"https:\/\/glassingmonkey.com\/es\/?s={search_term_string}"},"query-input":{"@type":"PropertyValueSpecification","valueRequired":true,"valueName":"search_term_string"}}],"inLanguage":"es"},{"@type":"Organization","@id":"https:\/\/glassingmonkey.com\/es\/#organization","name":"Glassing Monkey","url":"https:\/\/glassingmonkey.com\/es\/","logo":{"@type":"ImageObject","inLanguage":"es","@id":"https:\/\/glassingmonkey.com\/es\/#\/schema\/logo\/image\/","url":"https:\/\/glassingmonkey.com\/wp-content\/uploads\/2025\/06\/Glassing-monkey-surf-factory-surf-shop.webp","contentUrl":"https:\/\/glassingmonkey.com\/wp-content\/uploads\/2025\/06\/Glassing-monkey-surf-factory-surf-shop.webp","width":786,"height":530,"caption":"Glassing Monkey"},"image":{"@id":"https:\/\/glassingmonkey.com\/es\/#\/schema\/logo\/image\/"},"sameAs":["https:\/\/www.instagram.com\/glassingmonkey\/"]}]}},"_links":{"self":[{"href":"https:\/\/glassingmonkey.com\/es\/wp-json\/wp\/v2\/product\/26758","targetHints":{"allow":["GET"]}}],"collection":[{"href":"https:\/\/glassingmonkey.com\/es\/wp-json\/wp\/v2\/product"}],"about":[{"href":"https:\/\/glassingmonkey.com\/es\/wp-json\/wp\/v2\/types\/product"}],"replies":[{"embeddable":true,"href":"https:\/\/glassingmonkey.com\/es\/wp-json\/wp\/v2\/comments?post=26758"}],"wp:featuredmedia":[{"embeddable":true,"href":"https:\/\/glassingmonkey.com\/es\/wp-json\/wp\/v2\/media\/25695"}],"wp:attachment":[{"href":"https:\/\/glassingmonkey.com\/es\/wp-json\/wp\/v2\/media?parent=26758"}],"wp:term":[{"taxonomy":"product_brand","embeddable":true,"href":"https:\/\/glassingmonkey.com\/es\/wp-json\/wp\/v2\/product_brand?post=26758"},{"taxonomy":"product_cat","embeddable":true,"href":"https:\/\/glassingmonkey.com\/es\/wp-json\/wp\/v2\/product_cat?post=26758"},{"taxonomy":"product_tag","embeddable":true,"href":"https:\/\/glassingmonkey.com\/es\/wp-json\/wp\/v2\/product_tag?post=26758"}],"curies":[{"name":"wp","href":"https:\/\/api.w.org\/{rel}","templated":true}]}}