{"id":26760,"date":"2025-05-28T11:58:14","date_gmt":"2025-05-28T09:58:14","guid":{"rendered":"https:\/\/glassingmonkey.com\/product\/heavy-water-kamikaze-big-waves\/"},"modified":"2026-04-16T18:13:41","modified_gmt":"2026-04-16T16:13:41","slug":"heavy-water-kamikaze-big-waves-gun","status":"publish","type":"product","link":"https:\/\/glassingmonkey.com\/es\/product\/heavy-water-kamikaze-big-waves-gun\/","title":{"rendered":"Heavy Water Kamikaze (big waves)"},"content":{"rendered":"<h1 class=\"otQkpb\" role=\"heading\" aria-level=\"3\" data-sfc-root=\"c\" data-processed=\"true\" data-complete=\"true\">Rese\u00f1a de la Kamikaze: El Step-Up Definitivo para Olas Grandes<button class=\"rBl3me\" tabindex=\"0\" data-amic=\"true\" data-icl-uuid=\"4225f121-660d-4528-8539-635470127295\" aria-label=\"View related links\" data-wiz-attrbind=\"disabled=Pj1cif_n\/C5gNJc;aria-label=Pj1cif_n\/bOjMyf;class=Pj1cif_n\/UpSNec\" data-ved=\"2ahUKEwiK2c-72PKTAxXEU6QEHaa0F78Qye0OegYIAQgDEAA\" data-hveid=\"CAEIAxAA\"><\/button><\/h1>\n<div class=\"Y3BBE\" data-sfc-cp=\"\" data-sfc-root=\"c\" data-sfc-cb=\"\" data-hveid=\"CAEIBBAA\" data-complete=\"true\" data-processed=\"true\">La <strong class=\"Yjhzub\" data-sfc-root=\"c\" data-sfc-cb=\"\" data-complete=\"true\" data-processed=\"true\">Kamikaze<\/strong> se define como una tabla <em class=\"eujQNb\" data-sfc-root=\"c\" data-sfc-cb=\"\" data-complete=\"true\" data-processed=\"true\">step-up<\/em> o <em class=\"eujQNb\" data-sfc-root=\"c\" data-sfc-cb=\"\" data-complete=\"true\" data-processed=\"true\">semi-gun<\/em> de alto nivel. Su dise\u00f1o integra un rocker de suave a moderado, un <em class=\"eujQNb\" data-sfc-root=\"c\" data-sfc-cb=\"\" data-complete=\"true\" data-processed=\"true\">round pin tail<\/em>, un ligero c\u00f3ncavo de simple a doble y cantos bajos muy refinados. <strong class=\"Yjhzub\" data-sfc-root=\"c\" data-sfc-cb=\"\" data-complete=\"true\" data-processed=\"true\">Gracias a esta combinaci\u00f3n<\/strong>, la tabla ofrece una velocidad y un nervio excepcionales, aunque siempre mantiene un equilibrio y control total.<button class=\"rBl3me\" tabindex=\"0\" data-amic=\"true\" data-icl-uuid=\"12cb3174-f295-481f-869e-809a3ff9ab59\" aria-label=\"View related links\" data-wiz-attrbind=\"disabled=Pj1cif_w\/C5gNJc;aria-label=Pj1cif_w\/bOjMyf;class=Pj1cif_w\/UpSNec\" data-ved=\"2ahUKEwiK2c-72PKTAxXEU6QEHaa0F78Qye0OegYIAQgEEAE\" data-hveid=\"CAEIBBAB\"><\/button><\/div>\n<h2 class=\"otQkpb\" role=\"heading\" aria-level=\"3\" data-sfc-root=\"c\" data-processed=\"true\" data-complete=\"true\">Control Cr\u00edtico en el Bottom Turn<button class=\"rBl3me\" tabindex=\"0\" data-amic=\"true\" data-icl-uuid=\"3165760a-5431-43d3-a5db-8817292dc43f\" aria-label=\"View related links\" data-wiz-attrbind=\"disabled=Pj1cif_11\/C5gNJc;aria-label=Pj1cif_11\/bOjMyf;class=Pj1cif_11\/UpSNec\" data-ved=\"2ahUKEwiK2c-72PKTAxXEU6QEHaa0F78Qye0OegYIAQgFEAA\" data-hveid=\"CAEIBRAA\"><\/button><\/h2>\n<div class=\"Y3BBE\" data-sfc-cp=\"\" data-sfc-root=\"c\" data-sfc-cb=\"\" data-hveid=\"CAEIBhAA\" data-complete=\"true\" data-processed=\"true\">En olas de tama\u00f1o considerable, la Kamikaze se acomoda en la pared desde el primer <em class=\"eujQNb\" data-sfc-root=\"c\" data-sfc-cb=\"\" data-complete=\"true\" data-processed=\"true\">bottom turn<\/em>. <strong class=\"Yjhzub\" data-sfc-root=\"c\" data-sfc-cb=\"\" data-complete=\"true\" data-processed=\"true\">De este modo<\/strong>, el surfista mantiene una l\u00ednea pura, sin titubeos ni derrapes inesperados. Esta estabilidad resulta cr\u00edtica, <strong class=\"Yjhzub\" data-sfc-root=\"c\" data-sfc-cb=\"\" data-complete=\"true\" data-processed=\"true\">especialmente<\/strong> cuando necesitas sincronizar tu siguiente maniobra en la parte alta de la ola o preparar la secci\u00f3n para entrar en un tubo.<button class=\"rBl3me\" tabindex=\"0\" data-amic=\"true\" data-icl-uuid=\"71927f3d-ffcf-4998-b639-d39c16ed6d1a\" aria-label=\"View related links\" data-wiz-attrbind=\"disabled=Pj1cif_18\/C5gNJc;aria-label=Pj1cif_18\/bOjMyf;class=Pj1cif_18\/UpSNec\" data-ved=\"2ahUKEwiK2c-72PKTAxXEU6QEHaa0F78Qye0OegYIAQgGEAE\" data-hveid=\"CAEIBhAB\"><\/button><\/div>\n<h2 class=\"otQkpb\" role=\"heading\" aria-level=\"3\" data-sfc-root=\"c\" data-processed=\"true\" data-complete=\"true\">Dise\u00f1o Inteligente para una Mayor Facilidad<button class=\"rBl3me\" tabindex=\"0\" data-amic=\"true\" data-icl-uuid=\"fa0b963e-3db0-408e-b7a6-7bec7d7f1ded\" aria-label=\"View related links\" data-wiz-attrbind=\"disabled=Pj1cif_1d\/C5gNJc;aria-label=Pj1cif_1d\/bOjMyf;class=Pj1cif_1d\/UpSNec\" data-ved=\"2ahUKEwiK2c-72PKTAxXEU6QEHaa0F78Qye0OegYIAQgHEAA\" data-hveid=\"CAEIBxAA\"><\/button><\/h2>\n<div class=\"Y3BBE\" data-sfc-cp=\"\" data-sfc-root=\"c\" data-sfc-cb=\"\" data-hveid=\"CAEICBAA\" data-complete=\"true\" data-processed=\"true\"><strong class=\"Yjhzub\" data-sfc-root=\"c\" data-sfc-cb=\"\" data-complete=\"true\" data-processed=\"true\">Por lo general<\/strong>, esta tabla mide una o dos pulgadas m\u00e1s que un <em class=\"eujQNb\" data-sfc-root=\"c\" data-sfc-cb=\"\" data-complete=\"true\" data-processed=\"true\">shortboard<\/em> est\u00e1ndar, manteniendo un ancho y grosor similares. Los dise\u00f1adores pensaron la Kamikaze para que una forma tipo <em class=\"eujQNb\" data-sfc-root=\"c\" data-sfc-cb=\"\" data-complete=\"true\" data-processed=\"true\">gun<\/em> resultara mucho m\u00e1s f\u00e1cil de surfear. <strong class=\"Yjhzub\" data-sfc-root=\"c\" data-sfc-cb=\"\" data-complete=\"true\" data-processed=\"true\">Adem\u00e1s<\/strong>, la incorporaci\u00f3n de la &#8220;V&#8221; en el bottom facilita el paso de canto a canto. <strong class=\"Yjhzub\" data-sfc-root=\"c\" data-sfc-cb=\"\" data-complete=\"true\" data-processed=\"true\">Como consecuencia<\/strong>, el surfista puede trazar un arco m\u00e1s corto incluso utilizando una l\u00ednea de canto m\u00e1s larga.<button class=\"rBl3me\" tabindex=\"0\" data-amic=\"true\" data-icl-uuid=\"ec122be3-d586-4d21-9d53-b932425fcad7\" aria-label=\"View related links\" data-wiz-attrbind=\"disabled=Pj1cif_1m\/C5gNJc;aria-label=Pj1cif_1m\/bOjMyf;class=Pj1cif_1m\/UpSNec\" data-ved=\"2ahUKEwiK2c-72PKTAxXEU6QEHaa0F78Qye0OegYIAQgIEAE\" data-hveid=\"CAEICBAB\"><\/button><\/div>\n<h2 class=\"otQkpb\" role=\"heading\" aria-level=\"3\" data-sfc-root=\"c\" data-complete=\"true\" data-processed=\"true\">\u00bfPor qu\u00e9 elegir la Kamikaze?<button class=\"rBl3me\" tabindex=\"0\" data-amic=\"true\" data-icl-uuid=\"67cfd753-4d9b-486a-a5bc-84f97d5e5e0c\" aria-label=\"View related links\" data-wiz-attrbind=\"disabled=Pj1cif_1r\/C5gNJc;aria-label=Pj1cif_1r\/bOjMyf;class=Pj1cif_1r\/UpSNec\" data-ved=\"2ahUKEwiK2c-72PKTAxXEU6QEHaa0F78Qye0OegYIAQgJEAA\" data-hveid=\"CAEICRAA\"><\/button><\/h2>\n<div class=\"Y3BBE\" data-sfc-cp=\"\" data-sfc-root=\"c\" data-sfc-cb=\"\" data-hveid=\"CAEIChAA\" data-complete=\"true\" data-processed=\"true\"><strong class=\"Yjhzub\" data-sfc-root=\"c\" data-sfc-cb=\"\" data-complete=\"true\" data-processed=\"true\">En definitiva<\/strong>, esta tabla es la herramienta ideal para quienes buscan confianza en condiciones exigentes. <strong class=\"Yjhzub\" data-sfc-root=\"c\" data-sfc-cb=\"\" data-complete=\"true\" data-processed=\"true\">Debido a que<\/strong> prioriza la tracci\u00f3n y la velocidad controlada, te permite atacar secciones pesadas con total seguridad. Si planeas enfrentar olas potentes, la Kamikaze maximizar\u00e1 tu rendimiento sin las dificultades t\u00e9cnicas de una tabla demasiado grande.<button class=\"rBl3me\" tabindex=\"0\" data-amic=\"true\" data-icl-uuid=\"22405d4f-b020-4c9f-bd0b-88cbf093f210\" aria-label=\"View related links\" data-wiz-attrbind=\"disabled=Pj1cif_1x\/C5gNJc;aria-label=Pj1cif_1x\/bOjMyf;class=Pj1cif_1x\/UpSNec\" data-ved=\"2ahUKEwiK2c-72PKTAxXEU6QEHaa0F78Qye0OegYIAQgKEAE\" data-hveid=\"CAEIChAB\"><\/button><\/div>\n<div class=\"Fsg96\" data-sfc-cp=\"\" data-sfc-root=\"c\" data-sfc-cb=\"\" data-complete=\"true\" data-processed=\"true\"><\/div>\n","protected":false},"excerpt":{"rendered":"<p>Es una step up o semi-gun con un rocker suave a moderado, round pin tail, un ligero single a double concave y cantos bajos y suaves.<\/p>\n","protected":false},"featured_media":25691,"comment_status":"closed","ping_status":"closed","template":"","meta":{"site-sidebar-layout":"default","site-content-layout":"","ast-site-content-layout":"default","site-content-style":"default","site-sidebar-style":"default","ast-global-header-display":"","ast-banner-title-visibility":"","ast-main-header-display":"","ast-hfb-above-header-display":"","ast-hfb-below-header-display":"","ast-hfb-mobile-header-display":"","site-post-title":"","ast-breadcrumbs-content":"","ast-featured-img":"","footer-sml-layout":"","ast-disable-related-posts":"","theme-transparent-header-meta":"default","adv-header-id-meta":"","stick-header-meta":"","header-above-stick-meta":"","header-main-stick-meta":"","header-below-stick-meta":"","astra-migrate-meta-layouts":"set","ast-page-background-enabled":"default","ast-page-background-meta":{"desktop":{"background-color":"var(--ast-global-color-5)","background-image":"","background-repeat":"repeat","background-position":"center center","background-size":"auto","background-attachment":"scroll","background-type":"","background-media":"","overlay-type":"","overlay-color":"","overlay-opacity":"","overlay-gradient":""},"tablet":{"background-color":"","background-image":"","background-repeat":"repeat","background-position":"center center","background-size":"auto","background-attachment":"scroll","background-type":"","background-media":"","overlay-type":"","overlay-color":"","overlay-opacity":"","overlay-gradient":""},"mobile":{"background-color":"","background-image":"","background-repeat":"repeat","background-position":"center center","background-size":"auto","background-attachment":"scroll","background-type":"","background-media":"","overlay-type":"","overlay-color":"","overlay-opacity":"","overlay-gradient":""}},"ast-content-background-meta":{"desktop":{"background-color":"var(--ast-global-color-4)","background-image":"","background-repeat":"repeat","background-position":"center center","background-size":"auto","background-attachment":"scroll","background-type":"","background-media":"","overlay-type":"","overlay-color":"","overlay-opacity":"","overlay-gradient":""},"tablet":{"background-color":"var(--ast-global-color-4)","background-image":"","background-repeat":"repeat","background-position":"center center","background-size":"auto","background-attachment":"scroll","background-type":"","background-media":"","overlay-type":"","overlay-color":"","overlay-opacity":"","overlay-gradient":""},"mobile":{"background-color":"var(--ast-global-color-4)","background-image":"","background-repeat":"repeat","background-position":"center center","background-size":"auto","background-attachment":"scroll","background-type":"","background-media":"","overlay-type":"","overlay-color":"","overlay-opacity":"","overlay-gradient":""}}},"product_brand":[1264],"product_cat":[1196,1468,1250],"product_tag":[],"class_list":{"0":"post-26760","1":"product","2":"type-product","3":"status-publish","4":"has-post-thumbnail","6":"product_brand-heavy-water-surfboards","7":"product_cat-tablas-de-surf-personalizadas","8":"product_cat-tablas-gun","9":"product_cat-tablas-para-olas-grandes","10":"pa_model-kamikaze","11":"pa_thickness-2-1-2-es-2","12":"pa_thickness-2-3-8-es-2","13":"pa_thickness-2-5-8","14":"pa_thickness-2-7-16-es-2","15":"pa_thickness-2-9-16","16":"pa_width-19-1-2","17":"pa_width-19-1-4","18":"pa_width-19-3-4","19":"pa_width-1319","20":"pa_width-1305","21":"desktop-align-left","22":"tablet-align-left","23":"mobile-align-left","25":"first","26":"onbackorder","27":"sale","28":"shipping-taxable","29":"purchasable","30":"product-type-variable"},"yoast_head":"<!-- This site is optimized with the Yoast SEO plugin v27.5 - https:\/\/yoast.com\/product\/yoast-seo-wordpress\/ -->\n<title>Heavy Water Kamikaze \/ Tabla de surf para olas grandes \/ Gun<\/title>\n<meta name=\"description\" content=\"Enfrentate a las condiciones mas extremas con la Heavy Water Kamikaze. Una tabla tipo Gun dise\u00f1ada para ofrecer maxima velocidad y control en olas grandes\" \/>\n<meta name=\"robots\" content=\"index, follow, max-snippet:-1, max-image-preview:large, max-video-preview:-1\" \/>\n<link rel=\"canonical\" href=\"https:\/\/glassingmonkey.com\/es\/product\/heavy-water-kamikaze-big-waves-gun\/\" \/>\n<meta property=\"og:locale\" content=\"es_ES\" \/>\n<meta property=\"og:type\" content=\"article\" \/>\n<meta property=\"og:title\" content=\"Heavy Water Kamikaze \/ Tabla de surf para olas grandes \/ Gun\" \/>\n<meta property=\"og:description\" content=\"Enfrentate a las condiciones mas extremas con la Heavy Water Kamikaze. Una tabla tipo Gun dise\u00f1ada para ofrecer maxima velocidad y control en olas grandes\" \/>\n<meta property=\"og:url\" content=\"https:\/\/glassingmonkey.com\/es\/product\/heavy-water-kamikaze-big-waves-gun\/\" \/>\n<meta property=\"og:site_name\" content=\"Glassing Monkey\" \/>\n<meta property=\"article:modified_time\" content=\"2026-04-16T16:13:41+00:00\" \/>\n<meta property=\"og:image\" content=\"https:\/\/glassingmonkey.com\/wp-content\/uploads\/2025\/05\/Frame-19.jpg\" \/>\n\t<meta property=\"og:image:width\" content=\"600\" \/>\n\t<meta property=\"og:image:height\" content=\"800\" \/>\n\t<meta property=\"og:image:type\" content=\"image\/jpeg\" \/>\n<meta name=\"twitter:card\" content=\"summary_large_image\" \/>\n<meta name=\"twitter:label1\" content=\"Tiempo de lectura\" \/>\n\t<meta name=\"twitter:data1\" content=\"2 minutos\" \/>\n<script type=\"application\/ld+json\" class=\"yoast-schema-graph\">{\"@context\":\"https:\\\/\\\/schema.org\",\"@graph\":[{\"@type\":[\"WebPage\",\"ItemPage\"],\"@id\":\"https:\\\/\\\/glassingmonkey.com\\\/es\\\/product\\\/heavy-water-kamikaze-big-waves-gun\\\/\",\"url\":\"https:\\\/\\\/glassingmonkey.com\\\/es\\\/product\\\/heavy-water-kamikaze-big-waves-gun\\\/\",\"name\":\"Heavy Water Kamikaze \\\/ Tabla de surf para olas grandes \\\/ Gun\",\"isPartOf\":{\"@id\":\"https:\\\/\\\/glassingmonkey.com\\\/es\\\/#website\"},\"primaryImageOfPage\":{\"@id\":\"https:\\\/\\\/glassingmonkey.com\\\/es\\\/product\\\/heavy-water-kamikaze-big-waves-gun\\\/#primaryimage\"},\"image\":{\"@id\":\"https:\\\/\\\/glassingmonkey.com\\\/es\\\/product\\\/heavy-water-kamikaze-big-waves-gun\\\/#primaryimage\"},\"thumbnailUrl\":\"https:\\\/\\\/glassingmonkey.com\\\/wp-content\\\/uploads\\\/2025\\\/05\\\/Frame-19.jpg\",\"datePublished\":\"2025-05-28T09:58:14+00:00\",\"dateModified\":\"2026-04-16T16:13:41+00:00\",\"description\":\"Enfrentate a las condiciones mas extremas con la Heavy Water Kamikaze. Una tabla tipo Gun dise\u00f1ada para ofrecer maxima velocidad y control en olas grandes\",\"breadcrumb\":{\"@id\":\"https:\\\/\\\/glassingmonkey.com\\\/es\\\/product\\\/heavy-water-kamikaze-big-waves-gun\\\/#breadcrumb\"},\"inLanguage\":\"es\",\"potentialAction\":[{\"@type\":\"ReadAction\",\"target\":[\"https:\\\/\\\/glassingmonkey.com\\\/es\\\/product\\\/heavy-water-kamikaze-big-waves-gun\\\/\"]}]},{\"@type\":\"ImageObject\",\"inLanguage\":\"es\",\"@id\":\"https:\\\/\\\/glassingmonkey.com\\\/es\\\/product\\\/heavy-water-kamikaze-big-waves-gun\\\/#primaryimage\",\"url\":\"https:\\\/\\\/glassingmonkey.com\\\/wp-content\\\/uploads\\\/2025\\\/05\\\/Frame-19.jpg\",\"contentUrl\":\"https:\\\/\\\/glassingmonkey.com\\\/wp-content\\\/uploads\\\/2025\\\/05\\\/Frame-19.jpg\",\"width\":600,\"height\":800,\"caption\":\"heavy water kamikaze\"},{\"@type\":\"BreadcrumbList\",\"@id\":\"https:\\\/\\\/glassingmonkey.com\\\/es\\\/product\\\/heavy-water-kamikaze-big-waves-gun\\\/#breadcrumb\",\"itemListElement\":[{\"@type\":\"ListItem\",\"position\":1,\"name\":\"Home\",\"item\":\"https:\\\/\\\/glassingmonkey.com\\\/es\\\/\"},{\"@type\":\"ListItem\",\"position\":2,\"name\":\"Tienda\",\"item\":\"https:\\\/\\\/glassingmonkey.com\\\/es\\\/tienda\\\/\"},{\"@type\":\"ListItem\",\"position\":3,\"name\":\"Heavy Water Kamikaze (big waves)\"}]},{\"@type\":\"WebSite\",\"@id\":\"https:\\\/\\\/glassingmonkey.com\\\/es\\\/#website\",\"url\":\"https:\\\/\\\/glassingmonkey.com\\\/es\\\/\",\"name\":\"Glassing Monkey\",\"description\":\"RIDE YOUR LIFE\",\"publisher\":{\"@id\":\"https:\\\/\\\/glassingmonkey.com\\\/es\\\/#organization\"},\"potentialAction\":[{\"@type\":\"SearchAction\",\"target\":{\"@type\":\"EntryPoint\",\"urlTemplate\":\"https:\\\/\\\/glassingmonkey.com\\\/es\\\/?s={search_term_string}\"},\"query-input\":{\"@type\":\"PropertyValueSpecification\",\"valueRequired\":true,\"valueName\":\"search_term_string\"}}],\"inLanguage\":\"es\"},{\"@type\":\"Organization\",\"@id\":\"https:\\\/\\\/glassingmonkey.com\\\/es\\\/#organization\",\"name\":\"Glassing Monkey\",\"url\":\"https:\\\/\\\/glassingmonkey.com\\\/es\\\/\",\"logo\":{\"@type\":\"ImageObject\",\"inLanguage\":\"es\",\"@id\":\"https:\\\/\\\/glassingmonkey.com\\\/es\\\/#\\\/schema\\\/logo\\\/image\\\/\",\"url\":\"https:\\\/\\\/glassingmonkey.com\\\/wp-content\\\/uploads\\\/2025\\\/06\\\/Glassing-monkey-surf-factory-surf-shop.webp\",\"contentUrl\":\"https:\\\/\\\/glassingmonkey.com\\\/wp-content\\\/uploads\\\/2025\\\/06\\\/Glassing-monkey-surf-factory-surf-shop.webp\",\"width\":786,\"height\":530,\"caption\":\"Glassing Monkey\"},\"image\":{\"@id\":\"https:\\\/\\\/glassingmonkey.com\\\/es\\\/#\\\/schema\\\/logo\\\/image\\\/\"},\"sameAs\":[\"https:\\\/\\\/www.instagram.com\\\/glassingmonkey\\\/\"]}]}<\/script>\n<!-- \/ Yoast SEO plugin. -->","yoast_head_json":{"title":"Heavy Water Kamikaze \/ Tabla de surf para olas grandes \/ Gun","description":"Enfrentate a las condiciones mas extremas con la Heavy Water Kamikaze. Una tabla tipo Gun dise\u00f1ada para ofrecer maxima velocidad y control en olas grandes","robots":{"index":"index","follow":"follow","max-snippet":"max-snippet:-1","max-image-preview":"max-image-preview:large","max-video-preview":"max-video-preview:-1"},"canonical":"https:\/\/glassingmonkey.com\/es\/product\/heavy-water-kamikaze-big-waves-gun\/","og_locale":"es_ES","og_type":"article","og_title":"Heavy Water Kamikaze \/ Tabla de surf para olas grandes \/ Gun","og_description":"Enfrentate a las condiciones mas extremas con la Heavy Water Kamikaze. Una tabla tipo Gun dise\u00f1ada para ofrecer maxima velocidad y control en olas grandes","og_url":"https:\/\/glassingmonkey.com\/es\/product\/heavy-water-kamikaze-big-waves-gun\/","og_site_name":"Glassing Monkey","article_modified_time":"2026-04-16T16:13:41+00:00","og_image":[{"width":600,"height":800,"url":"https:\/\/glassingmonkey.com\/wp-content\/uploads\/2025\/05\/Frame-19.jpg","type":"image\/jpeg"}],"twitter_card":"summary_large_image","twitter_misc":{"Tiempo de lectura":"2 minutos"},"schema":{"@context":"https:\/\/schema.org","@graph":[{"@type":["WebPage","ItemPage"],"@id":"https:\/\/glassingmonkey.com\/es\/product\/heavy-water-kamikaze-big-waves-gun\/","url":"https:\/\/glassingmonkey.com\/es\/product\/heavy-water-kamikaze-big-waves-gun\/","name":"Heavy Water Kamikaze \/ Tabla de surf para olas grandes \/ Gun","isPartOf":{"@id":"https:\/\/glassingmonkey.com\/es\/#website"},"primaryImageOfPage":{"@id":"https:\/\/glassingmonkey.com\/es\/product\/heavy-water-kamikaze-big-waves-gun\/#primaryimage"},"image":{"@id":"https:\/\/glassingmonkey.com\/es\/product\/heavy-water-kamikaze-big-waves-gun\/#primaryimage"},"thumbnailUrl":"https:\/\/glassingmonkey.com\/wp-content\/uploads\/2025\/05\/Frame-19.jpg","datePublished":"2025-05-28T09:58:14+00:00","dateModified":"2026-04-16T16:13:41+00:00","description":"Enfrentate a las condiciones mas extremas con la Heavy Water Kamikaze. Una tabla tipo Gun dise\u00f1ada para ofrecer maxima velocidad y control en olas grandes","breadcrumb":{"@id":"https:\/\/glassingmonkey.com\/es\/product\/heavy-water-kamikaze-big-waves-gun\/#breadcrumb"},"inLanguage":"es","potentialAction":[{"@type":"ReadAction","target":["https:\/\/glassingmonkey.com\/es\/product\/heavy-water-kamikaze-big-waves-gun\/"]}]},{"@type":"ImageObject","inLanguage":"es","@id":"https:\/\/glassingmonkey.com\/es\/product\/heavy-water-kamikaze-big-waves-gun\/#primaryimage","url":"https:\/\/glassingmonkey.com\/wp-content\/uploads\/2025\/05\/Frame-19.jpg","contentUrl":"https:\/\/glassingmonkey.com\/wp-content\/uploads\/2025\/05\/Frame-19.jpg","width":600,"height":800,"caption":"heavy water kamikaze"},{"@type":"BreadcrumbList","@id":"https:\/\/glassingmonkey.com\/es\/product\/heavy-water-kamikaze-big-waves-gun\/#breadcrumb","itemListElement":[{"@type":"ListItem","position":1,"name":"Home","item":"https:\/\/glassingmonkey.com\/es\/"},{"@type":"ListItem","position":2,"name":"Tienda","item":"https:\/\/glassingmonkey.com\/es\/tienda\/"},{"@type":"ListItem","position":3,"name":"Heavy Water Kamikaze (big waves)"}]},{"@type":"WebSite","@id":"https:\/\/glassingmonkey.com\/es\/#website","url":"https:\/\/glassingmonkey.com\/es\/","name":"Glassing Monkey","description":"RIDE YOUR LIFE","publisher":{"@id":"https:\/\/glassingmonkey.com\/es\/#organization"},"potentialAction":[{"@type":"SearchAction","target":{"@type":"EntryPoint","urlTemplate":"https:\/\/glassingmonkey.com\/es\/?s={search_term_string}"},"query-input":{"@type":"PropertyValueSpecification","valueRequired":true,"valueName":"search_term_string"}}],"inLanguage":"es"},{"@type":"Organization","@id":"https:\/\/glassingmonkey.com\/es\/#organization","name":"Glassing Monkey","url":"https:\/\/glassingmonkey.com\/es\/","logo":{"@type":"ImageObject","inLanguage":"es","@id":"https:\/\/glassingmonkey.com\/es\/#\/schema\/logo\/image\/","url":"https:\/\/glassingmonkey.com\/wp-content\/uploads\/2025\/06\/Glassing-monkey-surf-factory-surf-shop.webp","contentUrl":"https:\/\/glassingmonkey.com\/wp-content\/uploads\/2025\/06\/Glassing-monkey-surf-factory-surf-shop.webp","width":786,"height":530,"caption":"Glassing Monkey"},"image":{"@id":"https:\/\/glassingmonkey.com\/es\/#\/schema\/logo\/image\/"},"sameAs":["https:\/\/www.instagram.com\/glassingmonkey\/"]}]}},"_links":{"self":[{"href":"https:\/\/glassingmonkey.com\/es\/wp-json\/wp\/v2\/product\/26760","targetHints":{"allow":["GET"]}}],"collection":[{"href":"https:\/\/glassingmonkey.com\/es\/wp-json\/wp\/v2\/product"}],"about":[{"href":"https:\/\/glassingmonkey.com\/es\/wp-json\/wp\/v2\/types\/product"}],"replies":[{"embeddable":true,"href":"https:\/\/glassingmonkey.com\/es\/wp-json\/wp\/v2\/comments?post=26760"}],"wp:featuredmedia":[{"embeddable":true,"href":"https:\/\/glassingmonkey.com\/es\/wp-json\/wp\/v2\/media\/25691"}],"wp:attachment":[{"href":"https:\/\/glassingmonkey.com\/es\/wp-json\/wp\/v2\/media?parent=26760"}],"wp:term":[{"taxonomy":"product_brand","embeddable":true,"href":"https:\/\/glassingmonkey.com\/es\/wp-json\/wp\/v2\/product_brand?post=26760"},{"taxonomy":"product_cat","embeddable":true,"href":"https:\/\/glassingmonkey.com\/es\/wp-json\/wp\/v2\/product_cat?post=26760"},{"taxonomy":"product_tag","embeddable":true,"href":"https:\/\/glassingmonkey.com\/es\/wp-json\/wp\/v2\/product_tag?post=26760"}],"curies":[{"name":"wp","href":"https:\/\/api.w.org\/{rel}","templated":true}]}}