{"id":26765,"date":"2025-05-28T11:58:13","date_gmt":"2025-05-28T09:58:13","guid":{"rendered":"https:\/\/glassingmonkey.com\/product\/heavy-water-sub-zero-small-waves\/"},"modified":"2026-04-16T21:34:44","modified_gmt":"2026-04-16T19:34:44","slug":"heavy-water-sub-zero-olas-pequenas","status":"publish","type":"product","link":"https:\/\/glassingmonkey.com\/es\/product\/heavy-water-sub-zero-olas-pequenas\/","title":{"rendered":"Heavy Water Sub-Zero (small waves)"},"content":{"rendered":"<p data-start=\"566\" data-end=\"602\">\n<h1 class=\"otQkpb\" role=\"heading\" aria-level=\"3\" data-sfc-root=\"c\" data-processed=\"true\" data-complete=\"true\">Sub Zero: Rendimiento y Versatilidad en Todo Tipo de Olas<button class=\"rBl3me\" tabindex=\"0\" data-amic=\"true\" data-icl-uuid=\"6dd16470-ab2f-4c02-a800-2e49ce326e7d\" aria-label=\"View related links\" data-wiz-attrbind=\"disabled=ScjL7e_o\/C5gNJc;aria-label=ScjL7e_o\/bOjMyf;class=ScjL7e_o\/UpSNec\" data-ved=\"2ahUKEwiv_vKzjPOTAxUxUaQEHc9NKkAQye0OegYIAQgDEAA\" data-hveid=\"CAEIAxAA\"><\/button><\/h1>\n<div class=\"Y3BBE\" data-sfc-cp=\"\" data-sfc-root=\"c\" data-sfc-cb=\"\" data-hveid=\"CAEIBBAA\" data-complete=\"true\" data-processed=\"true\">La <strong class=\"Yjhzub\" data-sfc-root=\"c\" data-sfc-cb=\"\" data-complete=\"true\" data-processed=\"true\">Sub Zero<\/strong> es una creaci\u00f3n exclusiva dise\u00f1ada por Ray. Esta tabla redefine lo que esperamos de un shape para olas peque\u00f1as. Su dise\u00f1o busca adaptarse a un rango de condiciones realmente amplio. No es simplemente una tabla para d\u00edas con poca fuerza.<button class=\"rBl3me\" tabindex=\"0\" data-amic=\"true\" data-icl-uuid=\"43d784a5-b9e0-47da-8f55-6c7fb34f8f9d\" aria-label=\"View related links\" data-wiz-attrbind=\"disabled=ScjL7e_t\/C5gNJc;aria-label=ScjL7e_t\/bOjMyf;class=ScjL7e_t\/UpSNec\" data-ved=\"2ahUKEwiv_vKzjPOTAxUxUaQEHc9NKkAQye0OegYIAQgEEAE\" data-hveid=\"CAEIBBAB\"><\/button><\/div>\n<h2 class=\"otQkpb\" role=\"heading\" aria-level=\"3\" data-sfc-root=\"c\" data-processed=\"true\" data-complete=\"true\">Innovaci\u00f3n en el Rocker y el Outline<button class=\"rBl3me\" tabindex=\"0\" data-amic=\"true\" data-icl-uuid=\"8f2c2bf3-7f8c-48cb-91b8-83d79c919f78\" aria-label=\"View related links\" data-wiz-attrbind=\"disabled=ScjL7e_y\/C5gNJc;aria-label=ScjL7e_y\/bOjMyf;class=ScjL7e_y\/UpSNec\" data-ved=\"2ahUKEwiv_vKzjPOTAxUxUaQEHc9NKkAQye0OegYIAQgFEAA\" data-hveid=\"CAEIBRAA\"><\/button><\/h2>\n<div class=\"Y3BBE\" data-sfc-cp=\"\" data-sfc-root=\"c\" data-sfc-cb=\"\" data-hveid=\"CAEIBhAA\" data-complete=\"true\" data-processed=\"true\">Este modelo incorpora un ligero aumento en el rocker de entrada. Gracias a este ajuste, permite subir m\u00e1s ajustado por la pared. Notar\u00e1s una libertad total en secciones cr\u00edticas de la ola. Por el contrario, mantiene una curva de tail m\u00e1s recta. Esta combinaci\u00f3n t\u00e9cnica ofrece una proyecci\u00f3n superior hacia adelante.<button class=\"rBl3me\" tabindex=\"0\" data-amic=\"true\" data-icl-uuid=\"d25496eb-8ce6-4c58-8ca1-21b5e46d34be\" aria-label=\"View related links\" data-wiz-attrbind=\"disabled=ScjL7e_12\/C5gNJc;aria-label=ScjL7e_12\/bOjMyf;class=ScjL7e_12\/UpSNec\" data-ved=\"2ahUKEwiv_vKzjPOTAxUxUaQEHc9NKkAQye0OegYIAQgGEAE\" data-hveid=\"CAEIBhAB\"><\/button><\/div>\n<div class=\"Y3BBE\" data-sfc-cp=\"\" data-sfc-root=\"c\" data-sfc-cb=\"\" data-hveid=\"CAEIBxAA\" data-processed=\"true\" data-complete=\"true\">Adem\u00e1s, el outline presenta una liberaci\u00f3n muy espec\u00edfica. Esta fluye con elegancia hacia un peque\u00f1o <strong class=\"Yjhzub\" data-sfc-root=\"c\" data-sfc-cb=\"\" data-complete=\"true\" data-processed=\"true\">swallow tail<\/strong>. Este tipo de cola proporciona un agarre excepcional en los giros. Asimismo, facilita una salida de agua r\u00e1pida y controlada. El resultado es una tabla muy reactiva y din\u00e1mica.<button class=\"rBl3me\" tabindex=\"0\" data-amic=\"true\" data-icl-uuid=\"0e6a5207-84bc-4976-8f68-64f07fa3b516\" aria-label=\"View related links\" data-wiz-attrbind=\"disabled=ScjL7e_17\/C5gNJc;aria-label=ScjL7e_17\/bOjMyf;class=ScjL7e_17\/UpSNec\" data-ved=\"2ahUKEwiv_vKzjPOTAxUxUaQEHc9NKkAQye0OegYIAQgHEAE\" data-hveid=\"CAEIBxAB\"><\/button><\/div>\n<h2 class=\"otQkpb\" role=\"heading\" aria-level=\"3\" data-sfc-root=\"c\" data-processed=\"true\" data-complete=\"true\">Perfil de Cantos y Volumen en el Deck<button class=\"rBl3me\" tabindex=\"0\" data-amic=\"true\" data-icl-uuid=\"45f8da78-c21d-4d5a-acb0-cdee2f1c9d79\" aria-label=\"View related links\" data-wiz-attrbind=\"disabled=ScjL7e_1c\/C5gNJc;aria-label=ScjL7e_1c\/bOjMyf;class=ScjL7e_1c\/UpSNec\" data-ved=\"2ahUKEwiv_vKzjPOTAxUxUaQEHc9NKkAQye0OegYIAQgIEAA\" data-hveid=\"CAEICBAA\"><\/button><\/h2>\n<div class=\"Y3BBE\" data-sfc-cp=\"\" data-sfc-root=\"c\" data-sfc-cb=\"\" data-hveid=\"CAEICRAA\" data-complete=\"true\" data-processed=\"true\">Los cantos de la Sub Zero han sido cuidadosamente refinados. Presentan un poco m\u00e1s de volumen en la parte superior del deck. Como consecuencia, el surfista disfruta de una remada m\u00e1s c\u00f3moda. Este volumen extra da paso a un perfil medio.<button class=\"rBl3me\" tabindex=\"0\" data-amic=\"true\" data-icl-uuid=\"4be1a997-c150-4155-b8ed-5a04fba8bf19\" aria-label=\"View related links\" data-wiz-attrbind=\"disabled=ScjL7e_1g\/C5gNJc;aria-label=ScjL7e_1g\/bOjMyf;class=ScjL7e_1g\/UpSNec\" data-ved=\"2ahUKEwiv_vKzjPOTAxUxUaQEHc9NKkAQye0OegYIAQgJEAE\" data-hveid=\"CAEICRAB\"><\/button><\/div>\n<div class=\"Y3BBE\" data-sfc-cp=\"\" data-sfc-root=\"c\" data-sfc-cb=\"\" data-hveid=\"CAEIChAA\" data-processed=\"true\" data-complete=\"true\">Dicho perfil aporta una mayor tolerancia en cada maniobra. Es una tabla que perdona errores sin sacrificar la precisi\u00f3n. Por lo tanto, se siente estable pero muy \u00e1gil bajo los pies. Esta distribuci\u00f3n de masa es clave para su versatilidad. Podr\u00e1s surfear con confianza tanto en olas fofas como potentes.<button class=\"rBl3me\" tabindex=\"0\" data-amic=\"true\" data-icl-uuid=\"d471e490-7cd3-4acb-887e-21da0411225b\" aria-label=\"View related links\" data-wiz-attrbind=\"disabled=ScjL7e_1k\/C5gNJc;aria-label=ScjL7e_1k\/bOjMyf;class=ScjL7e_1k\/UpSNec\" data-ved=\"2ahUKEwiv_vKzjPOTAxUxUaQEHc9NKkAQye0OegYIAQgKEAE\" data-hveid=\"CAEIChAB\"><\/button><\/div>\n<h2 class=\"otQkpb\" role=\"heading\" aria-level=\"3\" data-sfc-root=\"c\" data-complete=\"true\" data-processed=\"true\">Recomendaciones de Medidas para tu Quiver<button class=\"rBl3me\" tabindex=\"0\" data-amic=\"true\" data-icl-uuid=\"4e417e67-9d2a-4859-baef-55b55c534a67\" aria-label=\"View related links\" data-wiz-attrbind=\"disabled=ScjL7e_1p\/C5gNJc;aria-label=ScjL7e_1p\/bOjMyf;class=ScjL7e_1p\/UpSNec\" data-ved=\"2ahUKEwiv_vKzjPOTAxUxUaQEHc9NKkAQye0OegYIAQgLEAA\" data-hveid=\"CAEICxAA\"><\/button><\/h2>\n<div class=\"Y3BBE\" data-sfc-cp=\"\" data-sfc-root=\"c\" data-sfc-cb=\"\" data-hveid=\"CAEIDBAA\" data-complete=\"true\" data-processed=\"true\">Para exprimir su potencial, la elecci\u00f3n del tama\u00f1o es vital. <strong class=\"Yjhzub\" data-sfc-root=\"c\" data-sfc-cb=\"\" data-complete=\"true\" data-processed=\"true\">Se recomienda surfearla de 2 a 3 pulgadas m\u00e1s corta<\/strong> que tu tabla habitual. De igual forma, debe ser <strong class=\"Yjhzub\" data-sfc-root=\"c\" data-sfc-cb=\"\" data-complete=\"true\" data-processed=\"true\">1\/4 de pulgada m\u00e1s ancha<\/strong> que tu shortboard diario.<button class=\"rBl3me\" tabindex=\"0\" data-amic=\"true\" data-icl-uuid=\"723e3fb4-c196-4121-bbca-43e04ae68465\" aria-label=\"View related links\" data-wiz-attrbind=\"disabled=ScjL7e_1v\/C5gNJc;aria-label=ScjL7e_1v\/bOjMyf;class=ScjL7e_1v\/UpSNec\" data-ved=\"2ahUKEwiv_vKzjPOTAxUxUaQEHc9NKkAQye0OegYIAQgMEAE\" data-hveid=\"CAEIDBAB\"><\/button><\/div>\n<div class=\"Y3BBE\" data-sfc-cp=\"\" data-sfc-root=\"c\" data-sfc-cb=\"\" data-hveid=\"CAEIDRAA\" data-processed=\"true\" data-complete=\"true\">Este ajuste compensa la longitud reducida con una plataforma m\u00e1s estable. Al seguir estos par\u00e1metros, mantendr\u00e1s la flotabilidad necesaria. Lograr\u00e1s un equilibrio perfecto entre velocidad y maniobrabilidad rotacional. Es la configuraci\u00f3n ideal para maximizar tu tiempo en el agua.<button class=\"rBl3me\" tabindex=\"0\" data-amic=\"true\" data-icl-uuid=\"d2c3d1fc-f2f7-49c7-9c40-e1c4b73976a0\" aria-label=\"View related links\" data-wiz-attrbind=\"disabled=ScjL7e_1z\/C5gNJc;aria-label=ScjL7e_1z\/bOjMyf;class=ScjL7e_1z\/UpSNec\" data-ved=\"2ahUKEwiv_vKzjPOTAxUxUaQEHc9NKkAQye0OegYIAQgNEAE\" data-hveid=\"CAEIDRAB\"><\/button><\/div>\n<h2 class=\"otQkpb\" role=\"heading\" aria-level=\"3\" data-sfc-root=\"c\" data-processed=\"true\" data-complete=\"true\">Conclusi\u00f3n T\u00e9cnica<button class=\"rBl3me\" tabindex=\"0\" data-amic=\"true\" data-icl-uuid=\"a60f9351-0038-4b71-a889-0f21c5f49ac3\" aria-label=\"View related links\" data-wiz-attrbind=\"disabled=ScjL7e_24\/C5gNJc;aria-label=ScjL7e_24\/bOjMyf;class=ScjL7e_24\/UpSNec\" data-ved=\"2ahUKEwiv_vKzjPOTAxUxUaQEHc9NKkAQye0OegYIAQgOEAA\" data-hveid=\"CAEIDhAA\"><\/button><\/h2>\n<div class=\"Y3BBE\" data-sfc-cp=\"\" data-sfc-root=\"c\" data-sfc-cb=\"\" data-hveid=\"CAEIDxAA\" data-complete=\"true\" data-processed=\"true\" aria-owns=\"action-menu-parent-container\">En resumen, la Sub Zero es una herramienta de alto rendimiento. Su dise\u00f1o por garantiza una respuesta \u00f3ptima en diversas condiciones. Es la opci\u00f3n perfecta para quienes buscan una tabla \u00fanica y polivalente. Mejora tu surfing hoy mismo con la tecnolog\u00eda de la Sub Zero.<\/div>\n","protected":false},"excerpt":{"rendered":"<p>La SUB-ZERO es una tabla que combina lo mejor de una shortboard y una fish, un modelo pensado para surfistas de nivel intermedio que buscan comodidad y versatilidad.<\/p>\n","protected":false},"featured_media":25679,"comment_status":"closed","ping_status":"closed","template":"","meta":{"site-sidebar-layout":"default","site-content-layout":"","ast-site-content-layout":"default","site-content-style":"default","site-sidebar-style":"default","ast-global-header-display":"","ast-banner-title-visibility":"","ast-main-header-display":"","ast-hfb-above-header-display":"","ast-hfb-below-header-display":"","ast-hfb-mobile-header-display":"","site-post-title":"","ast-breadcrumbs-content":"","ast-featured-img":"","footer-sml-layout":"","ast-disable-related-posts":"","theme-transparent-header-meta":"default","adv-header-id-meta":"","stick-header-meta":"","header-above-stick-meta":"","header-main-stick-meta":"","header-below-stick-meta":"","astra-migrate-meta-layouts":"set","ast-page-background-enabled":"default","ast-page-background-meta":{"desktop":{"background-color":"var(--ast-global-color-5)","background-image":"","background-repeat":"repeat","background-position":"center center","background-size":"auto","background-attachment":"scroll","background-type":"","background-media":"","overlay-type":"","overlay-color":"","overlay-opacity":"","overlay-gradient":""},"tablet":{"background-color":"","background-image":"","background-repeat":"repeat","background-position":"center center","background-size":"auto","background-attachment":"scroll","background-type":"","background-media":"","overlay-type":"","overlay-color":"","overlay-opacity":"","overlay-gradient":""},"mobile":{"background-color":"","background-image":"","background-repeat":"repeat","background-position":"center center","background-size":"auto","background-attachment":"scroll","background-type":"","background-media":"","overlay-type":"","overlay-color":"","overlay-opacity":"","overlay-gradient":""}},"ast-content-background-meta":{"desktop":{"background-color":"var(--ast-global-color-4)","background-image":"","background-repeat":"repeat","background-position":"center center","background-size":"auto","background-attachment":"scroll","background-type":"","background-media":"","overlay-type":"","overlay-color":"","overlay-opacity":"","overlay-gradient":""},"tablet":{"background-color":"var(--ast-global-color-4)","background-image":"","background-repeat":"repeat","background-position":"center center","background-size":"auto","background-attachment":"scroll","background-type":"","background-media":"","overlay-type":"","overlay-color":"","overlay-opacity":"","overlay-gradient":""},"mobile":{"background-color":"var(--ast-global-color-4)","background-image":"","background-repeat":"repeat","background-position":"center center","background-size":"auto","background-attachment":"scroll","background-type":"","background-media":"","overlay-type":"","overlay-color":"","overlay-opacity":"","overlay-gradient":""}}},"product_brand":[1264],"product_cat":[1257,1215,1196],"product_tag":[],"class_list":{"0":"post-26765","1":"product","2":"type-product","3":"status-publish","4":"has-post-thumbnail","6":"product_brand-heavy-water-surfboards","7":"product_cat-tablas-para-olas-pequenas","8":"product_cat-tablas-alto-rendimiento","9":"product_cat-tablas-de-surf-personalizadas","10":"pa_model-sub-zero","11":"pa_thickness-2-1-2-es-2","12":"pa_thickness-2-1-4","13":"pa_thickness-2-11-16","14":"pa_thickness-2-3-16","15":"pa_thickness-2-3-8-es-2","16":"pa_thickness-2-5-16-es-2","17":"pa_thickness-2-5-8","18":"pa_thickness-2-7-16-es-2","19":"pa_thickness-2-9-16","20":"pa_width-19-1-2","21":"pa_width-19-1-4","22":"pa_width-19-3-4","23":"pa_width-1319","24":"pa_width-20-1-2-es-2","25":"pa_width-20-1-4-es-2","26":"pa_width-20-3-4-es-2","27":"pa_width-1305","28":"pa_width-1320","29":"desktop-align-left","30":"tablet-align-left","31":"mobile-align-left","33":"first","34":"onbackorder","35":"sale","36":"shipping-taxable","37":"purchasable","38":"product-type-variable"},"yoast_head":"<!-- This site is optimized with the Yoast SEO plugin v27.5 - https:\/\/yoast.com\/product\/yoast-seo-wordpress\/ -->\n<title>Heavy Water Sub-Zero ( olas Peque\u00f1as ) \/ Glassing Monkey<\/title>\n<meta name=\"description\" content=\"Compra la tabla Heavy Water Sub-Zero al mejor precio den Glassing Monkey. Un shortboard de alto rendimiento dise\u00f1ado para maximizar las olas peque\u00f1as\" \/>\n<meta name=\"robots\" content=\"index, follow, max-snippet:-1, max-image-preview:large, max-video-preview:-1\" \/>\n<link rel=\"canonical\" href=\"https:\/\/glassingmonkey.com\/es\/product\/heavy-water-sub-zero-olas-pequenas\/\" \/>\n<meta property=\"og:locale\" content=\"es_ES\" \/>\n<meta property=\"og:type\" content=\"article\" \/>\n<meta property=\"og:title\" content=\"Heavy Water Sub-Zero ( olas Peque\u00f1as ) \/ Glassing Monkey\" \/>\n<meta property=\"og:description\" content=\"Compra la tabla Heavy Water Sub-Zero al mejor precio den Glassing Monkey. Un shortboard de alto rendimiento dise\u00f1ado para maximizar las olas peque\u00f1as\" \/>\n<meta property=\"og:url\" content=\"https:\/\/glassingmonkey.com\/es\/product\/heavy-water-sub-zero-olas-pequenas\/\" \/>\n<meta property=\"og:site_name\" content=\"Glassing Monkey\" \/>\n<meta property=\"article:modified_time\" content=\"2026-04-16T19:34:44+00:00\" \/>\n<meta property=\"og:image\" content=\"https:\/\/glassingmonkey.com\/wp-content\/uploads\/2025\/05\/Frame-23.jpg\" \/>\n\t<meta property=\"og:image:width\" content=\"600\" \/>\n\t<meta property=\"og:image:height\" content=\"800\" \/>\n\t<meta property=\"og:image:type\" content=\"image\/jpeg\" \/>\n<meta name=\"twitter:card\" content=\"summary_large_image\" \/>\n<meta name=\"twitter:label1\" content=\"Tiempo de lectura\" \/>\n\t<meta name=\"twitter:data1\" content=\"2 minutos\" \/>\n<script type=\"application\/ld+json\" class=\"yoast-schema-graph\">{\"@context\":\"https:\\\/\\\/schema.org\",\"@graph\":[{\"@type\":[\"WebPage\",\"ItemPage\"],\"@id\":\"https:\\\/\\\/glassingmonkey.com\\\/es\\\/product\\\/heavy-water-sub-zero-olas-pequenas\\\/\",\"url\":\"https:\\\/\\\/glassingmonkey.com\\\/es\\\/product\\\/heavy-water-sub-zero-olas-pequenas\\\/\",\"name\":\"Heavy Water Sub-Zero ( olas Peque\u00f1as ) \\\/ Glassing Monkey\",\"isPartOf\":{\"@id\":\"https:\\\/\\\/glassingmonkey.com\\\/es\\\/#website\"},\"primaryImageOfPage\":{\"@id\":\"https:\\\/\\\/glassingmonkey.com\\\/es\\\/product\\\/heavy-water-sub-zero-olas-pequenas\\\/#primaryimage\"},\"image\":{\"@id\":\"https:\\\/\\\/glassingmonkey.com\\\/es\\\/product\\\/heavy-water-sub-zero-olas-pequenas\\\/#primaryimage\"},\"thumbnailUrl\":\"https:\\\/\\\/glassingmonkey.com\\\/wp-content\\\/uploads\\\/2025\\\/05\\\/Frame-23.jpg\",\"datePublished\":\"2025-05-28T09:58:13+00:00\",\"dateModified\":\"2026-04-16T19:34:44+00:00\",\"description\":\"Compra la tabla Heavy Water Sub-Zero al mejor precio den Glassing Monkey. Un shortboard de alto rendimiento dise\u00f1ado para maximizar las olas peque\u00f1as\",\"breadcrumb\":{\"@id\":\"https:\\\/\\\/glassingmonkey.com\\\/es\\\/product\\\/heavy-water-sub-zero-olas-pequenas\\\/#breadcrumb\"},\"inLanguage\":\"es\",\"potentialAction\":[{\"@type\":\"ReadAction\",\"target\":[\"https:\\\/\\\/glassingmonkey.com\\\/es\\\/product\\\/heavy-water-sub-zero-olas-pequenas\\\/\"]}]},{\"@type\":\"ImageObject\",\"inLanguage\":\"es\",\"@id\":\"https:\\\/\\\/glassingmonkey.com\\\/es\\\/product\\\/heavy-water-sub-zero-olas-pequenas\\\/#primaryimage\",\"url\":\"https:\\\/\\\/glassingmonkey.com\\\/wp-content\\\/uploads\\\/2025\\\/05\\\/Frame-23.jpg\",\"contentUrl\":\"https:\\\/\\\/glassingmonkey.com\\\/wp-content\\\/uploads\\\/2025\\\/05\\\/Frame-23.jpg\",\"width\":600,\"height\":800,\"caption\":\"heavy water sub zero\"},{\"@type\":\"BreadcrumbList\",\"@id\":\"https:\\\/\\\/glassingmonkey.com\\\/es\\\/product\\\/heavy-water-sub-zero-olas-pequenas\\\/#breadcrumb\",\"itemListElement\":[{\"@type\":\"ListItem\",\"position\":1,\"name\":\"Home\",\"item\":\"https:\\\/\\\/glassingmonkey.com\\\/es\\\/\"},{\"@type\":\"ListItem\",\"position\":2,\"name\":\"Tienda\",\"item\":\"https:\\\/\\\/glassingmonkey.com\\\/es\\\/tienda\\\/\"},{\"@type\":\"ListItem\",\"position\":3,\"name\":\"Heavy Water Sub-Zero (small waves)\"}]},{\"@type\":\"WebSite\",\"@id\":\"https:\\\/\\\/glassingmonkey.com\\\/es\\\/#website\",\"url\":\"https:\\\/\\\/glassingmonkey.com\\\/es\\\/\",\"name\":\"Glassing Monkey\",\"description\":\"RIDE YOUR LIFE\",\"publisher\":{\"@id\":\"https:\\\/\\\/glassingmonkey.com\\\/es\\\/#organization\"},\"potentialAction\":[{\"@type\":\"SearchAction\",\"target\":{\"@type\":\"EntryPoint\",\"urlTemplate\":\"https:\\\/\\\/glassingmonkey.com\\\/es\\\/?s={search_term_string}\"},\"query-input\":{\"@type\":\"PropertyValueSpecification\",\"valueRequired\":true,\"valueName\":\"search_term_string\"}}],\"inLanguage\":\"es\"},{\"@type\":\"Organization\",\"@id\":\"https:\\\/\\\/glassingmonkey.com\\\/es\\\/#organization\",\"name\":\"Glassing Monkey\",\"url\":\"https:\\\/\\\/glassingmonkey.com\\\/es\\\/\",\"logo\":{\"@type\":\"ImageObject\",\"inLanguage\":\"es\",\"@id\":\"https:\\\/\\\/glassingmonkey.com\\\/es\\\/#\\\/schema\\\/logo\\\/image\\\/\",\"url\":\"https:\\\/\\\/glassingmonkey.com\\\/wp-content\\\/uploads\\\/2025\\\/06\\\/Glassing-monkey-surf-factory-surf-shop.webp\",\"contentUrl\":\"https:\\\/\\\/glassingmonkey.com\\\/wp-content\\\/uploads\\\/2025\\\/06\\\/Glassing-monkey-surf-factory-surf-shop.webp\",\"width\":786,\"height\":530,\"caption\":\"Glassing Monkey\"},\"image\":{\"@id\":\"https:\\\/\\\/glassingmonkey.com\\\/es\\\/#\\\/schema\\\/logo\\\/image\\\/\"},\"sameAs\":[\"https:\\\/\\\/www.instagram.com\\\/glassingmonkey\\\/\"]}]}<\/script>\n<!-- \/ Yoast SEO plugin. -->","yoast_head_json":{"title":"Heavy Water Sub-Zero ( olas Peque\u00f1as ) \/ Glassing Monkey","description":"Compra la tabla Heavy Water Sub-Zero al mejor precio den Glassing Monkey. Un shortboard de alto rendimiento dise\u00f1ado para maximizar las olas peque\u00f1as","robots":{"index":"index","follow":"follow","max-snippet":"max-snippet:-1","max-image-preview":"max-image-preview:large","max-video-preview":"max-video-preview:-1"},"canonical":"https:\/\/glassingmonkey.com\/es\/product\/heavy-water-sub-zero-olas-pequenas\/","og_locale":"es_ES","og_type":"article","og_title":"Heavy Water Sub-Zero ( olas Peque\u00f1as ) \/ Glassing Monkey","og_description":"Compra la tabla Heavy Water Sub-Zero al mejor precio den Glassing Monkey. Un shortboard de alto rendimiento dise\u00f1ado para maximizar las olas peque\u00f1as","og_url":"https:\/\/glassingmonkey.com\/es\/product\/heavy-water-sub-zero-olas-pequenas\/","og_site_name":"Glassing Monkey","article_modified_time":"2026-04-16T19:34:44+00:00","og_image":[{"width":600,"height":800,"url":"https:\/\/glassingmonkey.com\/wp-content\/uploads\/2025\/05\/Frame-23.jpg","type":"image\/jpeg"}],"twitter_card":"summary_large_image","twitter_misc":{"Tiempo de lectura":"2 minutos"},"schema":{"@context":"https:\/\/schema.org","@graph":[{"@type":["WebPage","ItemPage"],"@id":"https:\/\/glassingmonkey.com\/es\/product\/heavy-water-sub-zero-olas-pequenas\/","url":"https:\/\/glassingmonkey.com\/es\/product\/heavy-water-sub-zero-olas-pequenas\/","name":"Heavy Water Sub-Zero ( olas Peque\u00f1as ) \/ Glassing Monkey","isPartOf":{"@id":"https:\/\/glassingmonkey.com\/es\/#website"},"primaryImageOfPage":{"@id":"https:\/\/glassingmonkey.com\/es\/product\/heavy-water-sub-zero-olas-pequenas\/#primaryimage"},"image":{"@id":"https:\/\/glassingmonkey.com\/es\/product\/heavy-water-sub-zero-olas-pequenas\/#primaryimage"},"thumbnailUrl":"https:\/\/glassingmonkey.com\/wp-content\/uploads\/2025\/05\/Frame-23.jpg","datePublished":"2025-05-28T09:58:13+00:00","dateModified":"2026-04-16T19:34:44+00:00","description":"Compra la tabla Heavy Water Sub-Zero al mejor precio den Glassing Monkey. Un shortboard de alto rendimiento dise\u00f1ado para maximizar las olas peque\u00f1as","breadcrumb":{"@id":"https:\/\/glassingmonkey.com\/es\/product\/heavy-water-sub-zero-olas-pequenas\/#breadcrumb"},"inLanguage":"es","potentialAction":[{"@type":"ReadAction","target":["https:\/\/glassingmonkey.com\/es\/product\/heavy-water-sub-zero-olas-pequenas\/"]}]},{"@type":"ImageObject","inLanguage":"es","@id":"https:\/\/glassingmonkey.com\/es\/product\/heavy-water-sub-zero-olas-pequenas\/#primaryimage","url":"https:\/\/glassingmonkey.com\/wp-content\/uploads\/2025\/05\/Frame-23.jpg","contentUrl":"https:\/\/glassingmonkey.com\/wp-content\/uploads\/2025\/05\/Frame-23.jpg","width":600,"height":800,"caption":"heavy water sub zero"},{"@type":"BreadcrumbList","@id":"https:\/\/glassingmonkey.com\/es\/product\/heavy-water-sub-zero-olas-pequenas\/#breadcrumb","itemListElement":[{"@type":"ListItem","position":1,"name":"Home","item":"https:\/\/glassingmonkey.com\/es\/"},{"@type":"ListItem","position":2,"name":"Tienda","item":"https:\/\/glassingmonkey.com\/es\/tienda\/"},{"@type":"ListItem","position":3,"name":"Heavy Water Sub-Zero (small waves)"}]},{"@type":"WebSite","@id":"https:\/\/glassingmonkey.com\/es\/#website","url":"https:\/\/glassingmonkey.com\/es\/","name":"Glassing Monkey","description":"RIDE YOUR LIFE","publisher":{"@id":"https:\/\/glassingmonkey.com\/es\/#organization"},"potentialAction":[{"@type":"SearchAction","target":{"@type":"EntryPoint","urlTemplate":"https:\/\/glassingmonkey.com\/es\/?s={search_term_string}"},"query-input":{"@type":"PropertyValueSpecification","valueRequired":true,"valueName":"search_term_string"}}],"inLanguage":"es"},{"@type":"Organization","@id":"https:\/\/glassingmonkey.com\/es\/#organization","name":"Glassing Monkey","url":"https:\/\/glassingmonkey.com\/es\/","logo":{"@type":"ImageObject","inLanguage":"es","@id":"https:\/\/glassingmonkey.com\/es\/#\/schema\/logo\/image\/","url":"https:\/\/glassingmonkey.com\/wp-content\/uploads\/2025\/06\/Glassing-monkey-surf-factory-surf-shop.webp","contentUrl":"https:\/\/glassingmonkey.com\/wp-content\/uploads\/2025\/06\/Glassing-monkey-surf-factory-surf-shop.webp","width":786,"height":530,"caption":"Glassing Monkey"},"image":{"@id":"https:\/\/glassingmonkey.com\/es\/#\/schema\/logo\/image\/"},"sameAs":["https:\/\/www.instagram.com\/glassingmonkey\/"]}]}},"_links":{"self":[{"href":"https:\/\/glassingmonkey.com\/es\/wp-json\/wp\/v2\/product\/26765","targetHints":{"allow":["GET"]}}],"collection":[{"href":"https:\/\/glassingmonkey.com\/es\/wp-json\/wp\/v2\/product"}],"about":[{"href":"https:\/\/glassingmonkey.com\/es\/wp-json\/wp\/v2\/types\/product"}],"replies":[{"embeddable":true,"href":"https:\/\/glassingmonkey.com\/es\/wp-json\/wp\/v2\/comments?post=26765"}],"wp:featuredmedia":[{"embeddable":true,"href":"https:\/\/glassingmonkey.com\/es\/wp-json\/wp\/v2\/media\/25679"}],"wp:attachment":[{"href":"https:\/\/glassingmonkey.com\/es\/wp-json\/wp\/v2\/media?parent=26765"}],"wp:term":[{"taxonomy":"product_brand","embeddable":true,"href":"https:\/\/glassingmonkey.com\/es\/wp-json\/wp\/v2\/product_brand?post=26765"},{"taxonomy":"product_cat","embeddable":true,"href":"https:\/\/glassingmonkey.com\/es\/wp-json\/wp\/v2\/product_cat?post=26765"},{"taxonomy":"product_tag","embeddable":true,"href":"https:\/\/glassingmonkey.com\/es\/wp-json\/wp\/v2\/product_tag?post=26765"}],"curies":[{"name":"wp","href":"https:\/\/api.w.org\/{rel}","templated":true}]}}