{"id":26769,"date":"2025-05-28T11:58:13","date_gmt":"2025-05-28T09:58:13","guid":{"rendered":"https:\/\/glassingmonkey.com\/product\/heavy-water-small-duty-olas-pequenas\/"},"modified":"2026-04-16T21:09:53","modified_gmt":"2026-04-16T19:09:53","slug":"heavy-water-small-duty-olas-pequenas","status":"publish","type":"product","link":"https:\/\/glassingmonkey.com\/es\/product\/heavy-water-small-duty-olas-pequenas\/","title":{"rendered":"Heavy Water Small Duty (olas peque\u00f1as)"},"content":{"rendered":"<h1 class=\"otQkpb\" role=\"heading\" aria-level=\"3\" data-sfc-root=\"c\" data-complete=\"true\" data-processed=\"true\">Heavy Water Small Duty: La Tabla Fish Definitiva para M\u00e1xima Velocidad<button class=\"rBl3me\" tabindex=\"0\" data-amic=\"true\" data-icl-uuid=\"5666a7b5-77a6-46d8-8699-cc0bd170b008\" aria-label=\"View related links\" data-wiz-attrbind=\"disabled=iCQgmc_s\/C5gNJc;aria-label=iCQgmc_s\/bOjMyf;class=iCQgmc_s\/UpSNec\" data-ved=\"2ahUKEwjS_qnMhvOTAxUwU6QEHYJJLoIQye0OegYIAQgEEAA\" data-hveid=\"CAEIBBAA\"><\/button><\/h1>\n<div class=\"Y3BBE\" data-sfc-cp=\"\" data-sfc-root=\"c\" data-sfc-cb=\"\" data-hveid=\"CAEIBRAA\" data-complete=\"true\" data-processed=\"true\">La Heavy Water \u00a0<strong class=\"Yjhzub\" data-sfc-root=\"c\" data-sfc-cb=\"\" data-complete=\"true\" data-processed=\"true\">Small Duty<\/strong> es una tabla tipo <em class=\"eujQNb\" data-sfc-root=\"c\" data-sfc-cb=\"\" data-complete=\"true\" data-processed=\"true\">fish<\/em> dise\u00f1ada para revolucionar tu surf. Su shape combina un concepto cl\u00e1sico con un rendimiento moderno y agresivo.<button class=\"rBl3me\" tabindex=\"0\" data-amic=\"true\" data-icl-uuid=\"3b093a88-9aad-48f4-9c4d-cf525a7110a6\" aria-label=\"View related links\" data-wiz-attrbind=\"disabled=iCQgmc_y\/C5gNJc;aria-label=iCQgmc_y\/bOjMyf;class=iCQgmc_y\/UpSNec\" data-ved=\"2ahUKEwjS_qnMhvOTAxUwU6QEHYJJLoIQye0OegYIAQgFEAE\" data-hveid=\"CAEIBRAB\"><\/button><\/div>\n<h2 class=\"otQkpb\" role=\"heading\" aria-level=\"3\" data-sfc-root=\"c\" data-processed=\"true\" data-complete=\"true\">Dise\u00f1o t\u00e9cnico y dimensiones<button class=\"rBl3me\" tabindex=\"0\" data-amic=\"true\" data-icl-uuid=\"08e05008-0983-43ff-9dc8-649fd3fd5128\" aria-label=\"View related links\" data-wiz-attrbind=\"disabled=iCQgmc_13\/C5gNJc;aria-label=iCQgmc_13\/bOjMyf;class=iCQgmc_13\/UpSNec\" data-ved=\"2ahUKEwjS_qnMhvOTAxUwU6QEHYJJLoIQye0OegYIAQgGEAA\" data-hveid=\"CAEIBhAA\"><\/button><\/h2>\n<div class=\"Y3BBE\" data-sfc-cp=\"\" data-sfc-root=\"c\" data-sfc-cb=\"\" data-hveid=\"CAEIBxAA\" data-complete=\"true\" data-processed=\"true\">Esta tabla presenta un <strong class=\"Yjhzub\" data-sfc-root=\"c\" data-sfc-cb=\"\" data-complete=\"true\" data-processed=\"true\">tail cuadrado, ancho y redondeado<\/strong>. Este dise\u00f1o ofrece una superficie de planeo excepcional en olas peque\u00f1as. Por otro lado, integra una entrada de nose baja a media. Esto facilita una remada r\u00e1pida y una entrada al planeo inmediata.<button class=\"rBl3me\" tabindex=\"0\" data-amic=\"true\" data-icl-uuid=\"bd6403a7-39c9-42b4-99de-37ab1e83eaf1\" aria-label=\"View related links\" data-wiz-attrbind=\"disabled=iCQgmc_18\/C5gNJc;aria-label=iCQgmc_18\/bOjMyf;class=iCQgmc_18\/UpSNec\" data-ved=\"2ahUKEwjS_qnMhvOTAxUwU6QEHYJJLoIQye0OegYIAQgHEAE\" data-hveid=\"CAEIBxAB\"><\/button><\/div>\n<div class=\"Y3BBE\" data-sfc-cp=\"\" data-sfc-root=\"c\" data-sfc-cb=\"\" data-hveid=\"CAEICBAA\" data-processed=\"true\" data-complete=\"true\">Adem\u00e1s, el rocker de tail es medio a bajo. Esta configuraci\u00f3n t\u00e9cnica permite mantener el control sin perder velocidad. El alma de la tabla es su <strong class=\"Yjhzub\" data-sfc-root=\"c\" data-sfc-cb=\"\" data-complete=\"true\" data-processed=\"true\">single concave profundo<\/strong>. Este canal fluye hacia una V clara en el tail cuadrado. Gracias a esto, la Small Duty transita de canto a canto con fluidez.<button class=\"rBl3me\" tabindex=\"0\" data-amic=\"true\" data-icl-uuid=\"224a97fb-2f91-4cf9-aba5-dc13c77206c5\" aria-label=\"View related links\" data-wiz-attrbind=\"disabled=iCQgmc_1d\/C5gNJc;aria-label=iCQgmc_1d\/bOjMyf;class=iCQgmc_1d\/UpSNec\" data-ved=\"2ahUKEwjS_qnMhvOTAxUwU6QEHYJJLoIQye0OegYIAQgIEAE\" data-hveid=\"CAEICBAB\"><\/button><\/div>\n<h2 class=\"otQkpb\" role=\"heading\" aria-level=\"3\" data-sfc-root=\"c\" data-complete=\"true\" data-processed=\"true\">Control y respuesta en el agua de la Heavy Water Small Duty<button class=\"rBl3me\" tabindex=\"0\" data-amic=\"true\" data-icl-uuid=\"0372aba7-a5eb-458b-8342-9c489095ddbc\" aria-label=\"View related links\" data-wiz-attrbind=\"disabled=iCQgmc_1i\/C5gNJc;aria-label=iCQgmc_1i\/bOjMyf;class=iCQgmc_1i\/UpSNec\" data-ved=\"2ahUKEwjS_qnMhvOTAxUwU6QEHYJJLoIQye0OegYIAQgJEAA\" data-hveid=\"CAEICRAA\"><\/button><\/h2>\n<div class=\"Y3BBE\" data-sfc-cp=\"\" data-sfc-root=\"c\" data-sfc-cb=\"\" data-hveid=\"CAEIChAA\" data-complete=\"true\" data-processed=\"true\">Los cantos son intencionadamente bajos y suaves. Esta caracter\u00edstica mejora la sensibilidad y el agarre en la pared de la ola. Asimismo, el deck es ligeramente m\u00e1s plano. Esto proporciona una sensaci\u00f3n de estabilidad y contacto directo con el agua.<button class=\"rBl3me\" tabindex=\"0\" data-amic=\"true\" data-icl-uuid=\"30480d93-b8f2-41f3-8a9f-15dd7beb992d\" aria-label=\"View related links\" data-wiz-attrbind=\"disabled=iCQgmc_1m\/C5gNJc;aria-label=iCQgmc_1m\/bOjMyf;class=iCQgmc_1m\/UpSNec\" data-ved=\"2ahUKEwjS_qnMhvOTAxUwU6QEHYJJLoIQye0OegYIAQgKEAE\" data-hveid=\"CAEIChAB\"><\/button><\/div>\n<div class=\"Y3BBE\" data-sfc-cp=\"\" data-sfc-root=\"c\" data-sfc-cb=\"\" data-hveid=\"CAEICxAA\" data-processed=\"true\" data-complete=\"true\">Como consecuencia, la sensaci\u00f3n principal es de <strong class=\"Yjhzub\" data-sfc-root=\"c\" data-sfc-cb=\"\" data-complete=\"true\" data-processed=\"true\">gran velocidad constante<\/strong>. Podr\u00e1s recorrer toda la ola manteniendo una inercia sorprendente. Adem\u00e1s, el dise\u00f1o permite subir verticalmente de forma intuitiva. Podr\u00e1s ejecutar giros amplios sin sacrificar el flujo de la maniobra. Incluso, notar\u00e1s que la tabla tiende a elevarse f\u00e1cilmente en el aire.<button class=\"rBl3me\" tabindex=\"0\" data-amic=\"true\" data-icl-uuid=\"6ab717b1-e1a4-4f50-95b1-c4c454731ceb\" aria-label=\"View related links\" data-wiz-attrbind=\"disabled=iCQgmc_1r\/C5gNJc;aria-label=iCQgmc_1r\/bOjMyf;class=iCQgmc_1r\/UpSNec\" data-ved=\"2ahUKEwjS_qnMhvOTAxUwU6QEHYJJLoIQye0OegYIAQgLEAE\" data-hveid=\"CAEICxAB\"><\/button><\/div>\n<h2 class=\"otQkpb\" role=\"heading\" aria-level=\"3\" data-sfc-root=\"c\" data-complete=\"true\" data-processed=\"true\">Gu\u00eda de medidas y volumen<button class=\"rBl3me\" tabindex=\"0\" data-amic=\"true\" data-icl-uuid=\"ba49f02f-0ab2-4285-87d3-f61a3a23c640\" aria-label=\"View related links\" data-wiz-attrbind=\"disabled=iCQgmc_1w\/C5gNJc;aria-label=iCQgmc_1w\/bOjMyf;class=iCQgmc_1w\/UpSNec\" data-ved=\"2ahUKEwjS_qnMhvOTAxUwU6QEHYJJLoIQye0OegYIAQgMEAA\" data-hveid=\"CAEIDBAA\"><\/button><\/h2>\n<div class=\"Y3BBE\" data-sfc-cp=\"\" data-sfc-root=\"c\" data-sfc-cb=\"\" data-hveid=\"CAEIDRAA\" data-complete=\"true\" data-processed=\"true\">Para disfrutarla al m\u00e1ximo, debes ajustar las dimensiones correctamente. <strong class=\"Yjhzub\" data-sfc-root=\"c\" data-sfc-cb=\"\" data-complete=\"true\" data-processed=\"true\">Recomendamos surfearla de 3 a 4 pulgadas m\u00e1s corta<\/strong> que tu tabla habitual. Igualmente, busca que sea de 3\/4 a 1 pulgada m\u00e1s ancha.<button class=\"rBl3me\" tabindex=\"0\" data-amic=\"true\" data-icl-uuid=\"94ebf11a-0742-41c4-8bd5-b4732eedbc9b\" aria-label=\"View related links\" data-wiz-attrbind=\"disabled=iCQgmc_21\/C5gNJc;aria-label=iCQgmc_21\/bOjMyf;class=iCQgmc_21\/UpSNec\" data-ved=\"2ahUKEwjS_qnMhvOTAxUwU6QEHYJJLoIQye0OegYIAQgNEAE\" data-hveid=\"CAEIDRAB\"><\/button><\/div>\n<div class=\"Y3BBE\" data-sfc-cp=\"\" data-sfc-root=\"c\" data-sfc-cb=\"\" data-hveid=\"CAEIDhAA\" data-processed=\"true\" data-complete=\"true\">Es fundamental mantener el mismo grosor que tu tabla polivalente. De este modo, conservar\u00e1s tu volumen ideal con un shape m\u00e1s compacto. Esta configuraci\u00f3n optimiza la maniobrabilidad en secciones cr\u00edticas de la ola.<button class=\"rBl3me\" tabindex=\"0\" data-amic=\"true\" data-icl-uuid=\"e6b70ad0-71bd-4931-a2ed-703ade51d2b2\" aria-label=\"View related links\" data-wiz-attrbind=\"disabled=iCQgmc_25\/C5gNJc;aria-label=iCQgmc_25\/bOjMyf;class=iCQgmc_25\/UpSNec\" data-ved=\"2ahUKEwjS_qnMhvOTAxUwU6QEHYJJLoIQye0OegYIAQgOEAE\" data-hveid=\"CAEIDhAB\"><\/button><\/div>\n<h2 class=\"otQkpb\" role=\"heading\" aria-level=\"3\" data-sfc-root=\"c\" data-processed=\"true\" data-complete=\"true\">Conclusi\u00f3n para el surfista<button class=\"rBl3me\" tabindex=\"0\" data-amic=\"true\" data-icl-uuid=\"ff1e880e-f6ed-439d-bbf9-b9d8a5b85124\" aria-label=\"View related links\" data-wiz-attrbind=\"disabled=iCQgmc_2a\/C5gNJc;aria-label=iCQgmc_2a\/bOjMyf;class=iCQgmc_2a\/UpSNec\" data-ved=\"2ahUKEwjS_qnMhvOTAxUwU6QEHYJJLoIQye0OegYIAQgPEAA\" data-hveid=\"CAEIDxAA\"><\/button><\/h2>\n<div class=\"Y3BBE\" data-sfc-cp=\"\" data-sfc-root=\"c\" data-sfc-cb=\"\" data-hveid=\"CAEIEBAA\" data-complete=\"true\" data-processed=\"true\">En resumen, la Heavy Water \u00a0Small Duty es velocidad pura para el d\u00eda a d\u00eda. Es la herramienta perfecta para sesiones con poca fuerza. Su capacidad de respuesta te permitir\u00e1 progresar incluso en condiciones dif\u00edciles. Eleva tu nivel de surf con un dise\u00f1o eficiente y moderno.<button class=\"rBl3me\" tabindex=\"0\" data-amic=\"true\" data-icl-uuid=\"ad99aa89-8526-4d5a-8095-6a290a393aa5\" aria-label=\"View related links\" data-wiz-attrbind=\"disabled=iCQgmc_2e\/C5gNJc;aria-label=iCQgmc_2e\/bOjMyf;class=iCQgmc_2e\/UpSNec\" data-ved=\"2ahUKEwjS_qnMhvOTAxUwU6QEHYJJLoIQye0OegYIAQgQEAE\" data-hveid=\"CAEIEBAB\"><\/button><\/div>\n<div class=\"Fsg96\" data-sfc-cp=\"\" data-sfc-root=\"c\" data-sfc-cb=\"\" data-complete=\"true\" data-processed=\"true\"><\/div>\n","protected":false},"excerpt":{"rendered":"<p>La SMALL DUTY es una tabla tipo fish con un tail cuadrado ancho y redondeado, entrada de nose baja a media, rocker de tail medio a bajo y un single concave profundo que finaliza en una V en el tail cuadrado.<\/p>\n","protected":false},"featured_media":25687,"comment_status":"closed","ping_status":"closed","template":"","meta":{"site-sidebar-layout":"default","site-content-layout":"","ast-site-content-layout":"default","site-content-style":"default","site-sidebar-style":"default","ast-global-header-display":"","ast-banner-title-visibility":"","ast-main-header-display":"","ast-hfb-above-header-display":"","ast-hfb-below-header-display":"","ast-hfb-mobile-header-display":"","site-post-title":"","ast-breadcrumbs-content":"","ast-featured-img":"","footer-sml-layout":"","ast-disable-related-posts":"","theme-transparent-header-meta":"default","adv-header-id-meta":"","stick-header-meta":"","header-above-stick-meta":"","header-main-stick-meta":"","header-below-stick-meta":"","astra-migrate-meta-layouts":"set","ast-page-background-enabled":"default","ast-page-background-meta":{"desktop":{"background-color":"var(--ast-global-color-5)","background-image":"","background-repeat":"repeat","background-position":"center center","background-size":"auto","background-attachment":"scroll","background-type":"","background-media":"","overlay-type":"","overlay-color":"","overlay-opacity":"","overlay-gradient":""},"tablet":{"background-color":"","background-image":"","background-repeat":"repeat","background-position":"center center","background-size":"auto","background-attachment":"scroll","background-type":"","background-media":"","overlay-type":"","overlay-color":"","overlay-opacity":"","overlay-gradient":""},"mobile":{"background-color":"","background-image":"","background-repeat":"repeat","background-position":"center center","background-size":"auto","background-attachment":"scroll","background-type":"","background-media":"","overlay-type":"","overlay-color":"","overlay-opacity":"","overlay-gradient":""}},"ast-content-background-meta":{"desktop":{"background-color":"var(--ast-global-color-4)","background-image":"","background-repeat":"repeat","background-position":"center center","background-size":"auto","background-attachment":"scroll","background-type":"","background-media":"","overlay-type":"","overlay-color":"","overlay-opacity":"","overlay-gradient":""},"tablet":{"background-color":"var(--ast-global-color-4)","background-image":"","background-repeat":"repeat","background-position":"center center","background-size":"auto","background-attachment":"scroll","background-type":"","background-media":"","overlay-type":"","overlay-color":"","overlay-opacity":"","overlay-gradient":""},"mobile":{"background-color":"var(--ast-global-color-4)","background-image":"","background-repeat":"repeat","background-position":"center center","background-size":"auto","background-attachment":"scroll","background-type":"","background-media":"","overlay-type":"","overlay-color":"","overlay-opacity":"","overlay-gradient":""}}},"product_brand":[1264],"product_cat":[1257,1196],"product_tag":[1309,1327],"class_list":{"0":"post-26769","1":"product","2":"type-product","3":"status-publish","4":"has-post-thumbnail","6":"product_brand-heavy-water-surfboards","7":"product_cat-small-waves","8":"product_cat-tablas-de-surf-es","9":"product_tag-short-boards","10":"product_tag-small-wave","11":"pa_model-small-duty","12":"pa_thickness-2-1-18","13":"pa_thickness-2-1-2-es-2","14":"pa_thickness-2-1-4","15":"pa_thickness-2-3-16","16":"pa_thickness-2-3-8-es-2","17":"pa_thickness-2-5-16-es-2","18":"pa_thickness-2-7-16-es-2","19":"pa_thickness-2-9-16","20":"pa_width-19-1-2","21":"pa_width-19-1-4","22":"pa_width-19-3-4-2","23":"pa_width-1319","24":"pa_width-20-1-2-es-2","25":"pa_width-20-1-4-es-2","26":"pa_width-20-3-4-es-2","27":"pa_width-1305","28":"desktop-align-left","29":"tablet-align-left","30":"mobile-align-left","32":"first","33":"onbackorder","34":"sale","35":"shipping-taxable","36":"purchasable","37":"product-type-variable"},"yoast_head":"<!-- This site is optimized with the Yoast SEO plugin v27.4 - https:\/\/yoast.com\/product\/yoast-seo-wordpress\/ -->\n<title>Heavy Water Small Duty\/ Olas Peque\u00f1as \/ Glassing Monkey<\/title>\n<meta name=\"description\" content=\"Descubre la tabla Heavy Water Small Duty de Glassing Monkey. Dise\u00f1ada espec\u00edficamente para maximizar el rendimiento en olas peque\u00f1as.\" \/>\n<meta name=\"robots\" content=\"index, follow, max-snippet:-1, max-image-preview:large, max-video-preview:-1\" \/>\n<link rel=\"canonical\" href=\"https:\/\/glassingmonkey.com\/es\/product\/heavy-water-small-duty-olas-pequenas\/\" \/>\n<meta property=\"og:locale\" content=\"es_ES\" \/>\n<meta property=\"og:type\" content=\"article\" \/>\n<meta property=\"og:title\" content=\"Heavy Water Small Duty\/ Olas Peque\u00f1as \/ Glassing Monkey\" \/>\n<meta property=\"og:description\" content=\"Descubre la tabla Heavy Water Small Duty de Glassing Monkey. Dise\u00f1ada espec\u00edficamente para maximizar el rendimiento en olas peque\u00f1as.\" \/>\n<meta property=\"og:url\" content=\"https:\/\/glassingmonkey.com\/es\/product\/heavy-water-small-duty-olas-pequenas\/\" \/>\n<meta property=\"og:site_name\" content=\"Ride your life\" \/>\n<meta property=\"article:modified_time\" content=\"2026-04-16T19:09:53+00:00\" \/>\n<meta property=\"og:image\" content=\"https:\/\/glassingmonkey.com\/wp-content\/uploads\/2025\/05\/Frame-24.jpg\" \/>\n\t<meta property=\"og:image:width\" content=\"600\" \/>\n\t<meta property=\"og:image:height\" content=\"800\" \/>\n\t<meta property=\"og:image:type\" content=\"image\/jpeg\" \/>\n<meta name=\"twitter:card\" content=\"summary_large_image\" \/>\n<meta name=\"twitter:label1\" content=\"Tiempo de lectura\" \/>\n\t<meta name=\"twitter:data1\" content=\"2 minutos\" \/>\n<script type=\"application\/ld+json\" class=\"yoast-schema-graph\">{\"@context\":\"https:\\\/\\\/schema.org\",\"@graph\":[{\"@type\":\"WebPage\",\"@id\":\"https:\\\/\\\/glassingmonkey.com\\\/es\\\/product\\\/heavy-water-small-duty-olas-pequenas\\\/\",\"url\":\"https:\\\/\\\/glassingmonkey.com\\\/es\\\/product\\\/heavy-water-small-duty-olas-pequenas\\\/\",\"name\":\"Heavy Water Small Duty\\\/ Olas Peque\u00f1as \\\/ Glassing Monkey\",\"isPartOf\":{\"@id\":\"https:\\\/\\\/glassingmonkey.com\\\/es\\\/#website\"},\"primaryImageOfPage\":{\"@id\":\"https:\\\/\\\/glassingmonkey.com\\\/es\\\/product\\\/heavy-water-small-duty-olas-pequenas\\\/#primaryimage\"},\"image\":{\"@id\":\"https:\\\/\\\/glassingmonkey.com\\\/es\\\/product\\\/heavy-water-small-duty-olas-pequenas\\\/#primaryimage\"},\"thumbnailUrl\":\"https:\\\/\\\/glassingmonkey.com\\\/wp-content\\\/uploads\\\/2025\\\/05\\\/Frame-24.jpg\",\"datePublished\":\"2025-05-28T09:58:13+00:00\",\"dateModified\":\"2026-04-16T19:09:53+00:00\",\"description\":\"Descubre la tabla Heavy Water Small Duty de Glassing Monkey. Dise\u00f1ada espec\u00edficamente para maximizar el rendimiento en olas peque\u00f1as.\",\"breadcrumb\":{\"@id\":\"https:\\\/\\\/glassingmonkey.com\\\/es\\\/product\\\/heavy-water-small-duty-olas-pequenas\\\/#breadcrumb\"},\"inLanguage\":\"es\",\"potentialAction\":[{\"@type\":\"ReadAction\",\"target\":[\"https:\\\/\\\/glassingmonkey.com\\\/es\\\/product\\\/heavy-water-small-duty-olas-pequenas\\\/\"]}]},{\"@type\":\"ImageObject\",\"inLanguage\":\"es\",\"@id\":\"https:\\\/\\\/glassingmonkey.com\\\/es\\\/product\\\/heavy-water-small-duty-olas-pequenas\\\/#primaryimage\",\"url\":\"https:\\\/\\\/glassingmonkey.com\\\/wp-content\\\/uploads\\\/2025\\\/05\\\/Frame-24.jpg\",\"contentUrl\":\"https:\\\/\\\/glassingmonkey.com\\\/wp-content\\\/uploads\\\/2025\\\/05\\\/Frame-24.jpg\",\"width\":600,\"height\":800,\"caption\":\"Heavy Water Small Duty\"},{\"@type\":\"BreadcrumbList\",\"@id\":\"https:\\\/\\\/glassingmonkey.com\\\/es\\\/product\\\/heavy-water-small-duty-olas-pequenas\\\/#breadcrumb\",\"itemListElement\":[{\"@type\":\"ListItem\",\"position\":1,\"name\":\"Home\",\"item\":\"https:\\\/\\\/glassingmonkey.com\\\/es\\\/\"},{\"@type\":\"ListItem\",\"position\":2,\"name\":\"Tienda\",\"item\":\"https:\\\/\\\/glassingmonkey.com\\\/es\\\/tienda\\\/\"},{\"@type\":\"ListItem\",\"position\":3,\"name\":\"Heavy Water Small Duty (olas peque\u00f1as)\"}]},{\"@type\":\"WebSite\",\"@id\":\"https:\\\/\\\/glassingmonkey.com\\\/es\\\/#website\",\"url\":\"https:\\\/\\\/glassingmonkey.com\\\/es\\\/\",\"name\":\"Glassing Monkey\",\"description\":\"RIDE YOUR LIFE\",\"publisher\":{\"@id\":\"https:\\\/\\\/glassingmonkey.com\\\/es\\\/#organization\"},\"potentialAction\":[{\"@type\":\"SearchAction\",\"target\":{\"@type\":\"EntryPoint\",\"urlTemplate\":\"https:\\\/\\\/glassingmonkey.com\\\/es\\\/?s={search_term_string}\"},\"query-input\":{\"@type\":\"PropertyValueSpecification\",\"valueRequired\":true,\"valueName\":\"search_term_string\"}}],\"inLanguage\":\"es\"},{\"@type\":\"Organization\",\"@id\":\"https:\\\/\\\/glassingmonkey.com\\\/es\\\/#organization\",\"name\":\"Glassing Monkey\",\"url\":\"https:\\\/\\\/glassingmonkey.com\\\/es\\\/\",\"logo\":{\"@type\":\"ImageObject\",\"inLanguage\":\"es\",\"@id\":\"https:\\\/\\\/glassingmonkey.com\\\/es\\\/#\\\/schema\\\/logo\\\/image\\\/\",\"url\":\"https:\\\/\\\/glassingmonkey.com\\\/wp-content\\\/uploads\\\/2025\\\/06\\\/Glassing-monkey-surf-factory-surf-shop.webp\",\"contentUrl\":\"https:\\\/\\\/glassingmonkey.com\\\/wp-content\\\/uploads\\\/2025\\\/06\\\/Glassing-monkey-surf-factory-surf-shop.webp\",\"width\":786,\"height\":530,\"caption\":\"Glassing Monkey\"},\"image\":{\"@id\":\"https:\\\/\\\/glassingmonkey.com\\\/es\\\/#\\\/schema\\\/logo\\\/image\\\/\"},\"sameAs\":[\"https:\\\/\\\/www.instagram.com\\\/glassingmonkey\\\/\"]}]}<\/script>\n<!-- \/ Yoast SEO plugin. -->","yoast_head_json":{"title":"Heavy Water Small Duty\/ Olas Peque\u00f1as \/ Glassing Monkey","description":"Descubre la tabla Heavy Water Small Duty de Glassing Monkey. Dise\u00f1ada espec\u00edficamente para maximizar el rendimiento en olas peque\u00f1as.","robots":{"index":"index","follow":"follow","max-snippet":"max-snippet:-1","max-image-preview":"max-image-preview:large","max-video-preview":"max-video-preview:-1"},"canonical":"https:\/\/glassingmonkey.com\/es\/product\/heavy-water-small-duty-olas-pequenas\/","og_locale":"es_ES","og_type":"article","og_title":"Heavy Water Small Duty\/ Olas Peque\u00f1as \/ Glassing Monkey","og_description":"Descubre la tabla Heavy Water Small Duty de Glassing Monkey. Dise\u00f1ada espec\u00edficamente para maximizar el rendimiento en olas peque\u00f1as.","og_url":"https:\/\/glassingmonkey.com\/es\/product\/heavy-water-small-duty-olas-pequenas\/","og_site_name":"Ride your life","article_modified_time":"2026-04-16T19:09:53+00:00","og_image":[{"width":600,"height":800,"url":"https:\/\/glassingmonkey.com\/wp-content\/uploads\/2025\/05\/Frame-24.jpg","type":"image\/jpeg"}],"twitter_card":"summary_large_image","twitter_misc":{"Tiempo de lectura":"2 minutos"},"schema":{"@context":"https:\/\/schema.org","@graph":[{"@type":"WebPage","@id":"https:\/\/glassingmonkey.com\/es\/product\/heavy-water-small-duty-olas-pequenas\/","url":"https:\/\/glassingmonkey.com\/es\/product\/heavy-water-small-duty-olas-pequenas\/","name":"Heavy Water Small Duty\/ Olas Peque\u00f1as \/ Glassing Monkey","isPartOf":{"@id":"https:\/\/glassingmonkey.com\/es\/#website"},"primaryImageOfPage":{"@id":"https:\/\/glassingmonkey.com\/es\/product\/heavy-water-small-duty-olas-pequenas\/#primaryimage"},"image":{"@id":"https:\/\/glassingmonkey.com\/es\/product\/heavy-water-small-duty-olas-pequenas\/#primaryimage"},"thumbnailUrl":"https:\/\/glassingmonkey.com\/wp-content\/uploads\/2025\/05\/Frame-24.jpg","datePublished":"2025-05-28T09:58:13+00:00","dateModified":"2026-04-16T19:09:53+00:00","description":"Descubre la tabla Heavy Water Small Duty de Glassing Monkey. Dise\u00f1ada espec\u00edficamente para maximizar el rendimiento en olas peque\u00f1as.","breadcrumb":{"@id":"https:\/\/glassingmonkey.com\/es\/product\/heavy-water-small-duty-olas-pequenas\/#breadcrumb"},"inLanguage":"es","potentialAction":[{"@type":"ReadAction","target":["https:\/\/glassingmonkey.com\/es\/product\/heavy-water-small-duty-olas-pequenas\/"]}]},{"@type":"ImageObject","inLanguage":"es","@id":"https:\/\/glassingmonkey.com\/es\/product\/heavy-water-small-duty-olas-pequenas\/#primaryimage","url":"https:\/\/glassingmonkey.com\/wp-content\/uploads\/2025\/05\/Frame-24.jpg","contentUrl":"https:\/\/glassingmonkey.com\/wp-content\/uploads\/2025\/05\/Frame-24.jpg","width":600,"height":800,"caption":"Heavy Water Small Duty"},{"@type":"BreadcrumbList","@id":"https:\/\/glassingmonkey.com\/es\/product\/heavy-water-small-duty-olas-pequenas\/#breadcrumb","itemListElement":[{"@type":"ListItem","position":1,"name":"Home","item":"https:\/\/glassingmonkey.com\/es\/"},{"@type":"ListItem","position":2,"name":"Tienda","item":"https:\/\/glassingmonkey.com\/es\/tienda\/"},{"@type":"ListItem","position":3,"name":"Heavy Water Small Duty (olas peque\u00f1as)"}]},{"@type":"WebSite","@id":"https:\/\/glassingmonkey.com\/es\/#website","url":"https:\/\/glassingmonkey.com\/es\/","name":"Glassing Monkey","description":"RIDE YOUR LIFE","publisher":{"@id":"https:\/\/glassingmonkey.com\/es\/#organization"},"potentialAction":[{"@type":"SearchAction","target":{"@type":"EntryPoint","urlTemplate":"https:\/\/glassingmonkey.com\/es\/?s={search_term_string}"},"query-input":{"@type":"PropertyValueSpecification","valueRequired":true,"valueName":"search_term_string"}}],"inLanguage":"es"},{"@type":"Organization","@id":"https:\/\/glassingmonkey.com\/es\/#organization","name":"Glassing Monkey","url":"https:\/\/glassingmonkey.com\/es\/","logo":{"@type":"ImageObject","inLanguage":"es","@id":"https:\/\/glassingmonkey.com\/es\/#\/schema\/logo\/image\/","url":"https:\/\/glassingmonkey.com\/wp-content\/uploads\/2025\/06\/Glassing-monkey-surf-factory-surf-shop.webp","contentUrl":"https:\/\/glassingmonkey.com\/wp-content\/uploads\/2025\/06\/Glassing-monkey-surf-factory-surf-shop.webp","width":786,"height":530,"caption":"Glassing Monkey"},"image":{"@id":"https:\/\/glassingmonkey.com\/es\/#\/schema\/logo\/image\/"},"sameAs":["https:\/\/www.instagram.com\/glassingmonkey\/"]}]}},"_links":{"self":[{"href":"https:\/\/glassingmonkey.com\/es\/wp-json\/wp\/v2\/product\/26769","targetHints":{"allow":["GET"]}}],"collection":[{"href":"https:\/\/glassingmonkey.com\/es\/wp-json\/wp\/v2\/product"}],"about":[{"href":"https:\/\/glassingmonkey.com\/es\/wp-json\/wp\/v2\/types\/product"}],"replies":[{"embeddable":true,"href":"https:\/\/glassingmonkey.com\/es\/wp-json\/wp\/v2\/comments?post=26769"}],"wp:featuredmedia":[{"embeddable":true,"href":"https:\/\/glassingmonkey.com\/es\/wp-json\/wp\/v2\/media\/25687"}],"wp:attachment":[{"href":"https:\/\/glassingmonkey.com\/es\/wp-json\/wp\/v2\/media?parent=26769"}],"wp:term":[{"taxonomy":"product_brand","embeddable":true,"href":"https:\/\/glassingmonkey.com\/es\/wp-json\/wp\/v2\/product_brand?post=26769"},{"taxonomy":"product_cat","embeddable":true,"href":"https:\/\/glassingmonkey.com\/es\/wp-json\/wp\/v2\/product_cat?post=26769"},{"taxonomy":"product_tag","embeddable":true,"href":"https:\/\/glassingmonkey.com\/es\/wp-json\/wp\/v2\/product_tag?post=26769"}],"curies":[{"name":"wp","href":"https:\/\/api.w.org\/{rel}","templated":true}]}}