{"id":26771,"date":"2025-05-28T11:58:13","date_gmt":"2025-05-28T09:58:13","guid":{"rendered":"https:\/\/glassingmonkey.com\/product\/heavy-water-druida-nueva-generacion\/"},"modified":"2026-04-17T21:45:34","modified_gmt":"2026-04-17T19:45:34","slug":"heavy-water-druida-nueva-generacion","status":"publish","type":"product","link":"https:\/\/glassingmonkey.com\/es\/product\/heavy-water-druida-nueva-generacion\/","title":{"rendered":"Heavy Water Druida (Nueva generaci\u00f3n)"},"content":{"rendered":"<hr class=\"j3tEEe\" data-sfc-root=\"c\" data-sfc-pl=\"|[]\" data-sfc-cb=\"\" data-complete=\"true\" data-processed=\"true\" data-sae=\"\" \/>\n<div class=\"Y3BBE\" data-sfc-cp=\"\" data-sfc-root=\"c\" data-sfc-cb=\"\" data-hveid=\"CAcQAA\" data-complete=\"true\" data-processed=\"true\" aria-owns=\"action-menu-parent-container\">\n<div class=\"Y3BBE\" data-sfc-cp=\"\" data-sfc-root=\"c\" data-sfc-cb=\"\" data-hveid=\"CAEIDRAA\" data-processed=\"true\" data-complete=\"true\" aria-owns=\"action-menu-parent-container\">\n<div class=\"Y3BBE\" data-sfc-cp=\"\" data-sfc-root=\"c\" data-sfc-cb=\"\" data-hveid=\"CAEIDRAA\" data-processed=\"true\" data-complete=\"true\" aria-owns=\"action-menu-parent-container\">\n<hr class=\"j3tEEe\" data-sfc-root=\"c\" data-sfc-pl=\"|[]\" data-sfc-cb=\"\" data-complete=\"true\" data-processed=\"true\" data-sae=\"\" \/>\n<div class=\"Fsg96\" data-sfc-cp=\"\" data-sfc-root=\"c\" data-sfc-cb=\"\" data-complete=\"true\" data-processed=\"true\"><\/div>\n<h1 class=\"otQkpb\" role=\"heading\" aria-level=\"3\" data-sfc-root=\"c\" data-complete=\"true\" data-processed=\"true\">Heavy Water Druida: La Tabla de Surf Dise\u00f1ada para Volar<button class=\"rBl3me\" tabindex=\"0\" data-amic=\"true\" data-icl-uuid=\"ac2890f6-6805-414b-a531-a9f06e874188\" aria-label=\"View related links\" data-wiz-attrbind=\"disabled=w7Rw4b_t\/C5gNJc;aria-label=w7Rw4b_t\/bOjMyf;class=w7Rw4b_t\/UpSNec\" data-ved=\"2ahUKEwjF5IKS0fWTAxVXKvsDHVdOEtEQye0OegYIAQgEEAA\" data-hveid=\"CAEIBBAA\"><\/button><\/h1>\n<div class=\"Y3BBE\" data-sfc-cp=\"\" data-sfc-root=\"c\" data-sfc-cb=\"\" data-hveid=\"CAEIBRAA\" data-complete=\"true\" data-processed=\"true\">La Heavy Water Druida es una tabla de surf creada espec\u00edficamente para quienes buscan velocidad y libertad en el mar. Debido a su dise\u00f1o innovador, esta herramienta permite volar sobre las olas con una agilidad realmente sorprendente. El objetivo principal de este modelo es ofrecer un rendimiento superior sin sacrificar la comodidad del surfista.<button class=\"rBl3me\" tabindex=\"0\" data-amic=\"true\" data-icl-uuid=\"fbd1787c-ed21-4b6b-80cd-a41637541a2a\" aria-label=\"View related links\" data-wiz-attrbind=\"disabled=w7Rw4b_x\/C5gNJc;aria-label=w7Rw4b_x\/bOjMyf;class=w7Rw4b_x\/UpSNec\" data-ved=\"2ahUKEwjF5IKS0fWTAxVXKvsDHVdOEtEQye0OegYIAQgFEAE\" data-hveid=\"CAEIBRAB\"><\/button><\/div>\n<h2 class=\"otQkpb\" role=\"heading\" aria-level=\"3\" data-sfc-root=\"c\" data-processed=\"true\" data-complete=\"true\">Caracter\u00edsticas t\u00e9cnicas y rendimiento hidrodin\u00e1mico<button class=\"rBl3me\" tabindex=\"0\" data-amic=\"true\" data-icl-uuid=\"e047aca7-2d98-4e46-a692-4a48b9b51815\" aria-label=\"View related links\" data-wiz-attrbind=\"disabled=w7Rw4b_12\/C5gNJc;aria-label=w7Rw4b_12\/bOjMyf;class=w7Rw4b_12\/UpSNec\" data-ved=\"2ahUKEwjF5IKS0fWTAxVXKvsDHVdOEtEQye0OegYIAQgGEAA\" data-hveid=\"CAEIBhAA\"><\/button><\/h2>\n<div class=\"Y3BBE\" data-sfc-cp=\"\" data-sfc-root=\"c\" data-sfc-cb=\"\" data-hveid=\"CAEIBxAA\" data-complete=\"true\" data-processed=\"true\">En primer lugar, es fundamental analizar su construcci\u00f3n t\u00e9cnica para entender su comportamiento. La Druida combina c\u00f3ncavos profundos con un nose fino que reduce la resistencia contra el viento. Por lo tanto, el surfista experimenta una aceleraci\u00f3n inmediata desde el inicio de la remada. Adem\u00e1s, el dise\u00f1o se complementa con un swallowtail que ofrece una respuesta muy reactiva en los giros. En consecuencia, la tabla se mantiene viva y permite ejecutar maniobras cr\u00edticas con total seguridad.<button class=\"rBl3me\" tabindex=\"0\" data-amic=\"true\" data-icl-uuid=\"972c0810-a914-458b-9496-d99748985607\" aria-label=\"View related links\" data-wiz-attrbind=\"disabled=w7Rw4b_16\/C5gNJc;aria-label=w7Rw4b_16\/bOjMyf;class=w7Rw4b_16\/UpSNec\" data-ved=\"2ahUKEwjF5IKS0fWTAxVXKvsDHVdOEtEQye0OegYIAQgHEAE\" data-hveid=\"CAEIBxAB\"><\/button><\/div>\n<div class=\"Y3BBE\" data-sfc-cp=\"\" data-sfc-root=\"c\" data-sfc-cb=\"\" data-hveid=\"CAEICBAA\" data-processed=\"true\" data-complete=\"true\">Por otro lado, la punta ancha de la tabla aporta un volumen extra en la zona delantera. Gracias a esta distribuci\u00f3n, el planeo es m\u00e1ximo y la facilidad para coger olas aumenta de forma considerable. Asimismo, su outline ancho y curvado proporciona una estabilidad excepcional durante la puesta en pie. Por esta raz\u00f3n, la Druida es una opci\u00f3n ideal para surfistas de todos los niveles de experiencia.<button class=\"rBl3me\" tabindex=\"0\" data-amic=\"true\" data-icl-uuid=\"12e388e5-a7bd-4172-ae73-c236f081765b\" aria-label=\"View related links\" data-wiz-attrbind=\"disabled=w7Rw4b_1a\/C5gNJc;aria-label=w7Rw4b_1a\/bOjMyf;class=w7Rw4b_1a\/UpSNec\" data-ved=\"2ahUKEwjF5IKS0fWTAxVXKvsDHVdOEtEQye0OegYIAQgIEAE\" data-hveid=\"CAEICBAB\"><\/button><\/div>\n<h2 class=\"otQkpb\" role=\"heading\" aria-level=\"3\" data-sfc-root=\"c\" data-complete=\"true\" data-processed=\"true\">Gu\u00eda de medidas y consejos de configuraci\u00f3n de la Heavy Water Druida<button class=\"rBl3me\" tabindex=\"0\" data-amic=\"true\" data-icl-uuid=\"47d65ceb-57f7-4a31-80e4-581d77ad5652\" aria-label=\"View related links\" data-wiz-attrbind=\"disabled=w7Rw4b_1f\/C5gNJc;aria-label=w7Rw4b_1f\/bOjMyf;class=w7Rw4b_1f\/UpSNec\" data-ved=\"2ahUKEwjF5IKS0fWTAxVXKvsDHVdOEtEQye0OegYIAQgJEAA\" data-hveid=\"CAEICRAA\"><\/button><\/h2>\n<div class=\"Y3BBE\" data-sfc-cp=\"\" data-sfc-root=\"c\" data-sfc-cb=\"\" data-hveid=\"CAEIChAA\" data-complete=\"true\" data-processed=\"true\">Para aprovechar todo su potencial, es necesario elegir el tama\u00f1o adecuado seg\u00fan tu perfil f\u00edsico. Por ejemplo, se recomienda surfear este modelo de 6 a 8 pulgadas m\u00e1s corta que tu tabla habitual. Del mismo modo, es aconsejable que la tabla sea 1 \u00bd\u2033 m\u00e1s ancha y aproximadamente 1\/8\u2033 m\u00e1s gruesa. De hecho, la norma general sugiere que sea de 3 a 6 pulgadas menor que tu estatura f\u00edsica.<button class=\"rBl3me\" tabindex=\"0\" data-amic=\"true\" data-icl-uuid=\"16d8b725-a827-492f-883f-8ee3effcf24a\" aria-label=\"View related links\" data-wiz-attrbind=\"disabled=w7Rw4b_1j\/C5gNJc;aria-label=w7Rw4b_1j\/bOjMyf;class=w7Rw4b_1j\/UpSNec\" data-ved=\"2ahUKEwjF5IKS0fWTAxVXKvsDHVdOEtEQye0OegYIAQgKEAE\" data-hveid=\"CAEIChAB\"><\/button><\/div>\n<div class=\"Y3BBE\" data-sfc-cp=\"\" data-sfc-root=\"c\" data-sfc-cb=\"\" data-hveid=\"CAEICxAA\" data-processed=\"true\" data-complete=\"true\" aria-owns=\"action-menu-parent-container\">En resumen, esta tabla es una pieza de ingenier\u00eda moderna para quienes aman la velocidad pura. Sin duda, su mezcla de volumen y dise\u00f1o t\u00e9cnico garantiza sesiones inolvidables en cualquier tipo de condici\u00f3n. Por \u00faltimo, recuerda que la Druida representa la evoluci\u00f3n perfecta hacia un surf m\u00e1s din\u00e1mico y divertido.<\/div>\n<\/div>\n<\/div>\n<\/div>\n","protected":false},"excerpt":{"rendered":"<p>La DRUIDA est\u00e1 hecha para volar. Los c\u00f3ncavos profundos, junto con un nose fino y un swallowtail, mantienen a la DRUIDA reactiva y de alto rendimiento.<\/p>\n","protected":false},"featured_media":25672,"comment_status":"closed","ping_status":"closed","template":"","meta":{"site-sidebar-layout":"default","site-content-layout":"","ast-site-content-layout":"default","site-content-style":"default","site-sidebar-style":"default","ast-global-header-display":"","ast-banner-title-visibility":"","ast-main-header-display":"","ast-hfb-above-header-display":"","ast-hfb-below-header-display":"","ast-hfb-mobile-header-display":"","site-post-title":"","ast-breadcrumbs-content":"","ast-featured-img":"","footer-sml-layout":"","ast-disable-related-posts":"","theme-transparent-header-meta":"default","adv-header-id-meta":"","stick-header-meta":"","header-above-stick-meta":"","header-main-stick-meta":"","header-below-stick-meta":"","astra-migrate-meta-layouts":"set","ast-page-background-enabled":"default","ast-page-background-meta":{"desktop":{"background-color":"var(--ast-global-color-5)","background-image":"","background-repeat":"repeat","background-position":"center center","background-size":"auto","background-attachment":"scroll","background-type":"","background-media":"","overlay-type":"","overlay-color":"","overlay-opacity":"","overlay-gradient":""},"tablet":{"background-color":"","background-image":"","background-repeat":"repeat","background-position":"center center","background-size":"auto","background-attachment":"scroll","background-type":"","background-media":"","overlay-type":"","overlay-color":"","overlay-opacity":"","overlay-gradient":""},"mobile":{"background-color":"","background-image":"","background-repeat":"repeat","background-position":"center center","background-size":"auto","background-attachment":"scroll","background-type":"","background-media":"","overlay-type":"","overlay-color":"","overlay-opacity":"","overlay-gradient":""}},"ast-content-background-meta":{"desktop":{"background-color":"var(--ast-global-color-4)","background-image":"","background-repeat":"repeat","background-position":"center center","background-size":"auto","background-attachment":"scroll","background-type":"","background-media":"","overlay-type":"","overlay-color":"","overlay-opacity":"","overlay-gradient":""},"tablet":{"background-color":"var(--ast-global-color-4)","background-image":"","background-repeat":"repeat","background-position":"center center","background-size":"auto","background-attachment":"scroll","background-type":"","background-media":"","overlay-type":"","overlay-color":"","overlay-opacity":"","overlay-gradient":""},"mobile":{"background-color":"var(--ast-global-color-4)","background-image":"","background-repeat":"repeat","background-position":"center center","background-size":"auto","background-attachment":"scroll","background-type":"","background-media":"","overlay-type":"","overlay-color":"","overlay-opacity":"","overlay-gradient":""}}},"product_brand":[1264],"product_cat":[1307,1215,1259,1196],"product_tag":[1308,1218,1380],"class_list":{"0":"post-26771","1":"product","2":"type-product","3":"status-publish","4":"has-post-thumbnail","6":"product_brand-heavy-water-surfboards","7":"product_cat-allround","8":"product_cat-high-performance-es","9":"product_cat-specials","10":"product_cat-tablas-de-surf-es","11":"product_tag-all-round","12":"product_tag-high-performance-es","13":"product_tag-specialty","14":"pa_model-druida","15":"pa_thickness-2-1-2-es-2","16":"pa_thickness-2-3-8-es-2","17":"pa_thickness-2-5-16-es-2","18":"pa_thickness-2-5-8","19":"pa_thickness-2-7-16-es-2","20":"pa_thickness-2-9-16","21":"pa_width-19-3-4","22":"pa_width-20-1-2-es-2","23":"pa_width-20-1-4-es-2","24":"pa_width-20-3-4-es-2","25":"pa_width-1305","26":"pa_width-1320","27":"desktop-align-left","28":"tablet-align-left","29":"mobile-align-left","31":"first","32":"onbackorder","33":"sale","34":"featured","35":"shipping-taxable","36":"purchasable","37":"product-type-variable"},"yoast_head":"<!-- This site is optimized with the Yoast SEO plugin v27.4 - https:\/\/yoast.com\/product\/yoast-seo-wordpress\/ -->\n<title>Heavy Water Druida (Nueva Generaci\u00f3n) -Tabla de Surf All Round<\/title>\n<meta name=\"description\" content=\"Compra la Heavy Water Druida (Nueva Generaci\u00f3n) al mejor precio. Una tabla corta all-round de alto rendimiento fabricada en Glassing Monkey Surf Factory\" \/>\n<meta name=\"robots\" content=\"index, follow, max-snippet:-1, max-image-preview:large, max-video-preview:-1\" \/>\n<link rel=\"canonical\" href=\"https:\/\/glassingmonkey.com\/es\/product\/heavy-water-druida-nueva-generacion\/\" \/>\n<meta property=\"og:locale\" content=\"es_ES\" \/>\n<meta property=\"og:type\" content=\"article\" \/>\n<meta property=\"og:title\" content=\"Heavy Water Druida (Nueva Generaci\u00f3n) -Tabla de Surf All Round\" \/>\n<meta property=\"og:description\" content=\"Compra la Heavy Water Druida (Nueva Generaci\u00f3n) al mejor precio. Una tabla corta all-round de alto rendimiento fabricada en Glassing Monkey Surf Factory\" \/>\n<meta property=\"og:url\" content=\"https:\/\/glassingmonkey.com\/es\/product\/heavy-water-druida-nueva-generacion\/\" \/>\n<meta property=\"og:site_name\" content=\"Ride your life\" \/>\n<meta property=\"article:modified_time\" content=\"2026-04-17T19:45:34+00:00\" \/>\n<meta property=\"og:image\" content=\"https:\/\/glassingmonkey.com\/wp-content\/uploads\/2025\/05\/DRUIDA.jpg\" \/>\n\t<meta property=\"og:image:width\" content=\"600\" \/>\n\t<meta property=\"og:image:height\" content=\"800\" \/>\n\t<meta property=\"og:image:type\" content=\"image\/jpeg\" \/>\n<meta name=\"twitter:card\" content=\"summary_large_image\" \/>\n<meta name=\"twitter:label1\" content=\"Tiempo de lectura\" \/>\n\t<meta name=\"twitter:data1\" content=\"2 minutos\" \/>\n<script type=\"application\/ld+json\" class=\"yoast-schema-graph\">{\"@context\":\"https:\\\/\\\/schema.org\",\"@graph\":[{\"@type\":\"WebPage\",\"@id\":\"https:\\\/\\\/glassingmonkey.com\\\/es\\\/product\\\/heavy-water-druida-nueva-generacion\\\/\",\"url\":\"https:\\\/\\\/glassingmonkey.com\\\/es\\\/product\\\/heavy-water-druida-nueva-generacion\\\/\",\"name\":\"Heavy Water Druida (Nueva Generaci\u00f3n) -Tabla de Surf All Round\",\"isPartOf\":{\"@id\":\"https:\\\/\\\/glassingmonkey.com\\\/es\\\/#website\"},\"primaryImageOfPage\":{\"@id\":\"https:\\\/\\\/glassingmonkey.com\\\/es\\\/product\\\/heavy-water-druida-nueva-generacion\\\/#primaryimage\"},\"image\":{\"@id\":\"https:\\\/\\\/glassingmonkey.com\\\/es\\\/product\\\/heavy-water-druida-nueva-generacion\\\/#primaryimage\"},\"thumbnailUrl\":\"https:\\\/\\\/glassingmonkey.com\\\/wp-content\\\/uploads\\\/2025\\\/05\\\/DRUIDA.jpg\",\"datePublished\":\"2025-05-28T09:58:13+00:00\",\"dateModified\":\"2026-04-17T19:45:34+00:00\",\"description\":\"Compra la Heavy Water Druida (Nueva Generaci\u00f3n) al mejor precio. Una tabla corta all-round de alto rendimiento fabricada en Glassing Monkey Surf Factory\",\"breadcrumb\":{\"@id\":\"https:\\\/\\\/glassingmonkey.com\\\/es\\\/product\\\/heavy-water-druida-nueva-generacion\\\/#breadcrumb\"},\"inLanguage\":\"es\",\"potentialAction\":[{\"@type\":\"ReadAction\",\"target\":[\"https:\\\/\\\/glassingmonkey.com\\\/es\\\/product\\\/heavy-water-druida-nueva-generacion\\\/\"]}]},{\"@type\":\"ImageObject\",\"inLanguage\":\"es\",\"@id\":\"https:\\\/\\\/glassingmonkey.com\\\/es\\\/product\\\/heavy-water-druida-nueva-generacion\\\/#primaryimage\",\"url\":\"https:\\\/\\\/glassingmonkey.com\\\/wp-content\\\/uploads\\\/2025\\\/05\\\/DRUIDA.jpg\",\"contentUrl\":\"https:\\\/\\\/glassingmonkey.com\\\/wp-content\\\/uploads\\\/2025\\\/05\\\/DRUIDA.jpg\",\"width\":600,\"height\":800,\"caption\":\"heavy water druida\"},{\"@type\":\"BreadcrumbList\",\"@id\":\"https:\\\/\\\/glassingmonkey.com\\\/es\\\/product\\\/heavy-water-druida-nueva-generacion\\\/#breadcrumb\",\"itemListElement\":[{\"@type\":\"ListItem\",\"position\":1,\"name\":\"Home\",\"item\":\"https:\\\/\\\/glassingmonkey.com\\\/es\\\/\"},{\"@type\":\"ListItem\",\"position\":2,\"name\":\"Tienda\",\"item\":\"https:\\\/\\\/glassingmonkey.com\\\/es\\\/tienda\\\/\"},{\"@type\":\"ListItem\",\"position\":3,\"name\":\"Heavy Water Druida (Nueva generaci\u00f3n)\"}]},{\"@type\":\"WebSite\",\"@id\":\"https:\\\/\\\/glassingmonkey.com\\\/es\\\/#website\",\"url\":\"https:\\\/\\\/glassingmonkey.com\\\/es\\\/\",\"name\":\"Glassing Monkey\",\"description\":\"RIDE YOUR LIFE\",\"publisher\":{\"@id\":\"https:\\\/\\\/glassingmonkey.com\\\/es\\\/#organization\"},\"potentialAction\":[{\"@type\":\"SearchAction\",\"target\":{\"@type\":\"EntryPoint\",\"urlTemplate\":\"https:\\\/\\\/glassingmonkey.com\\\/es\\\/?s={search_term_string}\"},\"query-input\":{\"@type\":\"PropertyValueSpecification\",\"valueRequired\":true,\"valueName\":\"search_term_string\"}}],\"inLanguage\":\"es\"},{\"@type\":\"Organization\",\"@id\":\"https:\\\/\\\/glassingmonkey.com\\\/es\\\/#organization\",\"name\":\"Glassing Monkey\",\"url\":\"https:\\\/\\\/glassingmonkey.com\\\/es\\\/\",\"logo\":{\"@type\":\"ImageObject\",\"inLanguage\":\"es\",\"@id\":\"https:\\\/\\\/glassingmonkey.com\\\/es\\\/#\\\/schema\\\/logo\\\/image\\\/\",\"url\":\"https:\\\/\\\/glassingmonkey.com\\\/wp-content\\\/uploads\\\/2025\\\/06\\\/Glassing-monkey-surf-factory-surf-shop.webp\",\"contentUrl\":\"https:\\\/\\\/glassingmonkey.com\\\/wp-content\\\/uploads\\\/2025\\\/06\\\/Glassing-monkey-surf-factory-surf-shop.webp\",\"width\":786,\"height\":530,\"caption\":\"Glassing Monkey\"},\"image\":{\"@id\":\"https:\\\/\\\/glassingmonkey.com\\\/es\\\/#\\\/schema\\\/logo\\\/image\\\/\"},\"sameAs\":[\"https:\\\/\\\/www.instagram.com\\\/glassingmonkey\\\/\"]}]}<\/script>\n<!-- \/ Yoast SEO plugin. -->","yoast_head_json":{"title":"Heavy Water Druida (Nueva Generaci\u00f3n) -Tabla de Surf All Round","description":"Compra la Heavy Water Druida (Nueva Generaci\u00f3n) al mejor precio. Una tabla corta all-round de alto rendimiento fabricada en Glassing Monkey Surf Factory","robots":{"index":"index","follow":"follow","max-snippet":"max-snippet:-1","max-image-preview":"max-image-preview:large","max-video-preview":"max-video-preview:-1"},"canonical":"https:\/\/glassingmonkey.com\/es\/product\/heavy-water-druida-nueva-generacion\/","og_locale":"es_ES","og_type":"article","og_title":"Heavy Water Druida (Nueva Generaci\u00f3n) -Tabla de Surf All Round","og_description":"Compra la Heavy Water Druida (Nueva Generaci\u00f3n) al mejor precio. Una tabla corta all-round de alto rendimiento fabricada en Glassing Monkey Surf Factory","og_url":"https:\/\/glassingmonkey.com\/es\/product\/heavy-water-druida-nueva-generacion\/","og_site_name":"Ride your life","article_modified_time":"2026-04-17T19:45:34+00:00","og_image":[{"width":600,"height":800,"url":"https:\/\/glassingmonkey.com\/wp-content\/uploads\/2025\/05\/DRUIDA.jpg","type":"image\/jpeg"}],"twitter_card":"summary_large_image","twitter_misc":{"Tiempo de lectura":"2 minutos"},"schema":{"@context":"https:\/\/schema.org","@graph":[{"@type":"WebPage","@id":"https:\/\/glassingmonkey.com\/es\/product\/heavy-water-druida-nueva-generacion\/","url":"https:\/\/glassingmonkey.com\/es\/product\/heavy-water-druida-nueva-generacion\/","name":"Heavy Water Druida (Nueva Generaci\u00f3n) -Tabla de Surf All Round","isPartOf":{"@id":"https:\/\/glassingmonkey.com\/es\/#website"},"primaryImageOfPage":{"@id":"https:\/\/glassingmonkey.com\/es\/product\/heavy-water-druida-nueva-generacion\/#primaryimage"},"image":{"@id":"https:\/\/glassingmonkey.com\/es\/product\/heavy-water-druida-nueva-generacion\/#primaryimage"},"thumbnailUrl":"https:\/\/glassingmonkey.com\/wp-content\/uploads\/2025\/05\/DRUIDA.jpg","datePublished":"2025-05-28T09:58:13+00:00","dateModified":"2026-04-17T19:45:34+00:00","description":"Compra la Heavy Water Druida (Nueva Generaci\u00f3n) al mejor precio. Una tabla corta all-round de alto rendimiento fabricada en Glassing Monkey Surf Factory","breadcrumb":{"@id":"https:\/\/glassingmonkey.com\/es\/product\/heavy-water-druida-nueva-generacion\/#breadcrumb"},"inLanguage":"es","potentialAction":[{"@type":"ReadAction","target":["https:\/\/glassingmonkey.com\/es\/product\/heavy-water-druida-nueva-generacion\/"]}]},{"@type":"ImageObject","inLanguage":"es","@id":"https:\/\/glassingmonkey.com\/es\/product\/heavy-water-druida-nueva-generacion\/#primaryimage","url":"https:\/\/glassingmonkey.com\/wp-content\/uploads\/2025\/05\/DRUIDA.jpg","contentUrl":"https:\/\/glassingmonkey.com\/wp-content\/uploads\/2025\/05\/DRUIDA.jpg","width":600,"height":800,"caption":"heavy water druida"},{"@type":"BreadcrumbList","@id":"https:\/\/glassingmonkey.com\/es\/product\/heavy-water-druida-nueva-generacion\/#breadcrumb","itemListElement":[{"@type":"ListItem","position":1,"name":"Home","item":"https:\/\/glassingmonkey.com\/es\/"},{"@type":"ListItem","position":2,"name":"Tienda","item":"https:\/\/glassingmonkey.com\/es\/tienda\/"},{"@type":"ListItem","position":3,"name":"Heavy Water Druida (Nueva generaci\u00f3n)"}]},{"@type":"WebSite","@id":"https:\/\/glassingmonkey.com\/es\/#website","url":"https:\/\/glassingmonkey.com\/es\/","name":"Glassing Monkey","description":"RIDE YOUR LIFE","publisher":{"@id":"https:\/\/glassingmonkey.com\/es\/#organization"},"potentialAction":[{"@type":"SearchAction","target":{"@type":"EntryPoint","urlTemplate":"https:\/\/glassingmonkey.com\/es\/?s={search_term_string}"},"query-input":{"@type":"PropertyValueSpecification","valueRequired":true,"valueName":"search_term_string"}}],"inLanguage":"es"},{"@type":"Organization","@id":"https:\/\/glassingmonkey.com\/es\/#organization","name":"Glassing Monkey","url":"https:\/\/glassingmonkey.com\/es\/","logo":{"@type":"ImageObject","inLanguage":"es","@id":"https:\/\/glassingmonkey.com\/es\/#\/schema\/logo\/image\/","url":"https:\/\/glassingmonkey.com\/wp-content\/uploads\/2025\/06\/Glassing-monkey-surf-factory-surf-shop.webp","contentUrl":"https:\/\/glassingmonkey.com\/wp-content\/uploads\/2025\/06\/Glassing-monkey-surf-factory-surf-shop.webp","width":786,"height":530,"caption":"Glassing Monkey"},"image":{"@id":"https:\/\/glassingmonkey.com\/es\/#\/schema\/logo\/image\/"},"sameAs":["https:\/\/www.instagram.com\/glassingmonkey\/"]}]}},"_links":{"self":[{"href":"https:\/\/glassingmonkey.com\/es\/wp-json\/wp\/v2\/product\/26771","targetHints":{"allow":["GET"]}}],"collection":[{"href":"https:\/\/glassingmonkey.com\/es\/wp-json\/wp\/v2\/product"}],"about":[{"href":"https:\/\/glassingmonkey.com\/es\/wp-json\/wp\/v2\/types\/product"}],"replies":[{"embeddable":true,"href":"https:\/\/glassingmonkey.com\/es\/wp-json\/wp\/v2\/comments?post=26771"}],"wp:featuredmedia":[{"embeddable":true,"href":"https:\/\/glassingmonkey.com\/es\/wp-json\/wp\/v2\/media\/25672"}],"wp:attachment":[{"href":"https:\/\/glassingmonkey.com\/es\/wp-json\/wp\/v2\/media?parent=26771"}],"wp:term":[{"taxonomy":"product_brand","embeddable":true,"href":"https:\/\/glassingmonkey.com\/es\/wp-json\/wp\/v2\/product_brand?post=26771"},{"taxonomy":"product_cat","embeddable":true,"href":"https:\/\/glassingmonkey.com\/es\/wp-json\/wp\/v2\/product_cat?post=26771"},{"taxonomy":"product_tag","embeddable":true,"href":"https:\/\/glassingmonkey.com\/es\/wp-json\/wp\/v2\/product_tag?post=26771"}],"curies":[{"name":"wp","href":"https:\/\/api.w.org\/{rel}","templated":true}]}}