{"id":26773,"date":"2025-05-28T11:58:12","date_gmt":"2025-05-28T09:58:12","guid":{"rendered":"https:\/\/glassingmonkey.com\/product\/heavy-water-black-diamond-nueva-generacion\/"},"modified":"2026-04-17T23:09:51","modified_gmt":"2026-04-17T21:09:51","slug":"heavy-water-black-diamond-nueva-generacion","status":"publish","type":"product","link":"https:\/\/glassingmonkey.com\/es\/product\/heavy-water-black-diamond-nueva-generacion\/","title":{"rendered":"Heavy Water Black Diamond (Nueva generaci\u00f3n)"},"content":{"rendered":"<hr class=\"j3tEEe\" data-sfc-root=\"c\" data-sfc-pl=\"|[]\" data-sfc-cb=\"\" data-complete=\"true\" data-processed=\"true\" data-sae=\"\" \/>\n<div class=\"Y3BBE\" data-sfc-cp=\"\" data-sfc-root=\"c\" data-sfc-cb=\"\" data-hveid=\"CAEIChAA\" data-processed=\"true\" data-complete=\"true\">\n<h1 class=\"otQkpb\" role=\"heading\" aria-level=\"3\" data-sfc-root=\"c\" data-complete=\"true\" data-processed=\"true\">Heavy Water Black Diamond: La M\u00e1quina de Velocidad para Olas Peque\u00f1as<button class=\"rBl3me\" tabindex=\"0\" data-amic=\"true\" data-icl-uuid=\"3e72c7fa-86ee-442d-b6a1-d0ee54170d4d\" aria-label=\"View related links\" data-wiz-attrbind=\"disabled=moFvgf_n\/C5gNJc;aria-label=moFvgf_n\/bOjMyf;class=moFvgf_n\/UpSNec\" data-ved=\"2ahUKEwj19dWQ4_WTAxXfVKQEHW0dNmgQye0OegYIAQgDEAA\" data-hveid=\"CAEIAxAA\"><\/button><\/h1>\n<div class=\"Y3BBE\" data-sfc-cp=\"\" data-sfc-root=\"c\" data-sfc-cb=\"\" data-hveid=\"CAEIBBAA\" data-complete=\"true\" data-processed=\"true\">La Heavy Water \u00a0Black Diamond destaca en el mercado por ser una tabla corta, ancha y extremadamente r\u00e1pida. Ciertamente su dise\u00f1o presenta una l\u00ednea de canto corta que se adapta de forma perfecta a las olas peque\u00f1as. Muchos surfistas eligen esta peque\u00f1a m\u00e1quina de bolsillo porque transforma las sesiones mediocres en experiencias de pura velocidad constante.<button class=\"rBl3me\" tabindex=\"0\" data-amic=\"true\" data-icl-uuid=\"6a5b911c-35d1-4e0c-a401-bc1546ab667d\" aria-label=\"View related links\" data-wiz-attrbind=\"disabled=moFvgf_r\/C5gNJc;aria-label=moFvgf_r\/bOjMyf;class=moFvgf_r\/UpSNec\" data-ved=\"2ahUKEwj19dWQ4_WTAxXfVKQEHW0dNmgQye0OegYIAQgEEAE\" data-hveid=\"CAEIBBAB\"><\/button><\/div>\n<h2 class=\"otQkpb\" role=\"heading\" aria-level=\"3\" data-sfc-root=\"c\" data-processed=\"true\" data-complete=\"true\">Dise\u00f1o t\u00e9cnico y control de movimientos de Heavy Water Black Diamond<button class=\"rBl3me\" tabindex=\"0\" data-amic=\"true\" data-icl-uuid=\"e11b3ee5-0320-4a9f-a64d-cf6c8684650b\" aria-label=\"View related links\" data-wiz-attrbind=\"disabled=moFvgf_w\/C5gNJc;aria-label=moFvgf_w\/bOjMyf;class=moFvgf_w\/UpSNec\" data-ved=\"2ahUKEwj19dWQ4_WTAxXfVKQEHW0dNmgQye0OegYIAQgFEAA\" data-hveid=\"CAEIBRAA\"><\/button><\/h2>\n<div class=\"Y3BBE\" data-sfc-cp=\"\" data-sfc-root=\"c\" data-sfc-cb=\"\" data-hveid=\"CAEIBhAA\" data-complete=\"true\" data-processed=\"true\">En primer lugar el outline curvado juega un papel vital en las olas d\u00e9biles de playa. Dicha forma reduce la fricci\u00f3n con el agua y por lo tanto aumenta la aceleraci\u00f3n de manera inmediata. Adem\u00e1s el canto medio a bajo ayuda a trazar giros precisos mientras controlas la potencia sobrante de la tabla. Como resultado el usuario mantiene siempre el mando sin importar la fuerza de la secci\u00f3n donde se encuentre.<button class=\"rBl3me\" tabindex=\"0\" data-amic=\"true\" data-icl-uuid=\"d9325b95-1b00-47a7-8cae-a6ce89bd595d\" aria-label=\"View related links\" data-wiz-attrbind=\"disabled=moFvgf_10\/C5gNJc;aria-label=moFvgf_10\/bOjMyf;class=moFvgf_10\/UpSNec\" data-ved=\"2ahUKEwj19dWQ4_WTAxXfVKQEHW0dNmgQye0OegYIAQgGEAE\" data-hveid=\"CAEIBhAB\"><\/button><\/div>\n<div class=\"Y3BBE\" data-sfc-cp=\"\" data-sfc-root=\"c\" data-sfc-cb=\"\" data-hveid=\"CAEIBxAA\" data-processed=\"true\" data-complete=\"true\">Por otro lado el rocker de entrada plano permite una salida explosiva justo tras la remada. Este elemento trabaja junto a un c\u00f3ncavo de single a double para que el surfista mantenga un control total a altas velocidades. Asimismo el sutil tail en forma de diamante proporciona m\u00faltiples puntos de pivote muy \u00fatiles. En consecuencia podr\u00e1s realizar maniobras cr\u00edticas y giros cerrados incluso en las olas de orilla m\u00e1s exigentes.<button class=\"rBl3me\" tabindex=\"0\" data-amic=\"true\" data-icl-uuid=\"f4e365fd-1c20-4fea-b0fd-c75243cfa4fb\" aria-label=\"View related links\" data-wiz-attrbind=\"disabled=moFvgf_14\/C5gNJc;aria-label=moFvgf_14\/bOjMyf;class=moFvgf_14\/UpSNec\" data-ved=\"2ahUKEwj19dWQ4_WTAxXfVKQEHW0dNmgQye0OegYIAQgHEAE\" data-hveid=\"CAEIBxAB\"><\/button><\/div>\n<h2 class=\"otQkpb\" role=\"heading\" aria-level=\"3\" data-sfc-root=\"c\" data-processed=\"true\" data-complete=\"true\">Gu\u00eda de volumen y recomendaciones de uso<button class=\"rBl3me\" tabindex=\"0\" data-amic=\"true\" data-icl-uuid=\"6879cbd3-5d16-45fd-bd15-d63cd039b396\" aria-label=\"View related links\" data-wiz-attrbind=\"disabled=moFvgf_19\/C5gNJc;aria-label=moFvgf_19\/bOjMyf;class=moFvgf_19\/UpSNec\" data-ved=\"2ahUKEwj19dWQ4_WTAxXfVKQEHW0dNmgQye0OegYIAQgIEAA\" data-hveid=\"CAEICBAA\"><\/button><\/h2>\n<div class=\"Y3BBE\" data-sfc-cp=\"\" data-sfc-root=\"c\" data-sfc-cb=\"\" data-hveid=\"CAEICRAA\" data-complete=\"true\" data-processed=\"true\">Para finalizar debes prestar atenci\u00f3n a los litros recomendados para aprovechar el potencial de la tabla. Por ejemplo los surfistas experimentados suelen usar este modelo con 1 o 2 litros m\u00e1s que su shortboard est\u00e1ndar. En cambio los deportistas de nivel intermedio deber\u00edan subir entre 6 y 8 litros adicionales. De este modo aprovechar\u00e1s al m\u00e1ximo la potencia y la estabilidad superior que ofrece la Black Diamond.<button class=\"rBl3me\" tabindex=\"0\" data-amic=\"true\" data-icl-uuid=\"e4329bee-d506-4d10-bfd3-d7e57cff3a11\" aria-label=\"View related links\" data-wiz-attrbind=\"disabled=moFvgf_1d\/C5gNJc;aria-label=moFvgf_1d\/bOjMyf;class=moFvgf_1d\/UpSNec\" data-ved=\"2ahUKEwj19dWQ4_WTAxXfVKQEHW0dNmgQye0OegYIAQgJEAE\" data-hveid=\"CAEICRAB\"><\/button><\/div>\n<div class=\"Y3BBE\" data-sfc-cp=\"\" data-sfc-root=\"c\" data-sfc-cb=\"\" data-hveid=\"CAEIChAA\" data-processed=\"true\" data-complete=\"true\" aria-owns=\"action-menu-parent-container\">En resumen esta tabla combina un dise\u00f1o compacto con una capacidad de respuesta excepcional. Sin duda su configuraci\u00f3n t\u00e9cnica garantiza diversi\u00f3n y rendimiento en condiciones de poco tama\u00f1o. Por \u00faltimo recuerda que la Black Diamond es la herramienta definitiva para dominar el surfing de verano.<\/div>\n<\/div>\n<div class=\"Fsg96\" data-sfc-cp=\"\" data-sfc-root=\"c\" data-sfc-cb=\"\" data-complete=\"true\" data-processed=\"true\"><\/div>\n","protected":false},"excerpt":{"rendered":"<p>La BLACK DIAMOND es corta, ancha y r\u00e1pida.<\/p>\n","protected":false},"featured_media":25668,"comment_status":"closed","ping_status":"closed","template":"","meta":{"site-sidebar-layout":"default","site-content-layout":"","ast-site-content-layout":"default","site-content-style":"default","site-sidebar-style":"default","ast-global-header-display":"","ast-banner-title-visibility":"","ast-main-header-display":"","ast-hfb-above-header-display":"","ast-hfb-below-header-display":"","ast-hfb-mobile-header-display":"","site-post-title":"","ast-breadcrumbs-content":"","ast-featured-img":"","footer-sml-layout":"","ast-disable-related-posts":"","theme-transparent-header-meta":"default","adv-header-id-meta":"","stick-header-meta":"","header-above-stick-meta":"","header-main-stick-meta":"","header-below-stick-meta":"","astra-migrate-meta-layouts":"set","ast-page-background-enabled":"default","ast-page-background-meta":{"desktop":{"background-color":"var(--ast-global-color-5)","background-image":"","background-repeat":"repeat","background-position":"center center","background-size":"auto","background-attachment":"scroll","background-type":"","background-media":"","overlay-type":"","overlay-color":"","overlay-opacity":"","overlay-gradient":""},"tablet":{"background-color":"","background-image":"","background-repeat":"repeat","background-position":"center center","background-size":"auto","background-attachment":"scroll","background-type":"","background-media":"","overlay-type":"","overlay-color":"","overlay-opacity":"","overlay-gradient":""},"mobile":{"background-color":"","background-image":"","background-repeat":"repeat","background-position":"center center","background-size":"auto","background-attachment":"scroll","background-type":"","background-media":"","overlay-type":"","overlay-color":"","overlay-opacity":"","overlay-gradient":""}},"ast-content-background-meta":{"desktop":{"background-color":"var(--ast-global-color-4)","background-image":"","background-repeat":"repeat","background-position":"center center","background-size":"auto","background-attachment":"scroll","background-type":"","background-media":"","overlay-type":"","overlay-color":"","overlay-opacity":"","overlay-gradient":""},"tablet":{"background-color":"var(--ast-global-color-4)","background-image":"","background-repeat":"repeat","background-position":"center center","background-size":"auto","background-attachment":"scroll","background-type":"","background-media":"","overlay-type":"","overlay-color":"","overlay-opacity":"","overlay-gradient":""},"mobile":{"background-color":"var(--ast-global-color-4)","background-image":"","background-repeat":"repeat","background-position":"center center","background-size":"auto","background-attachment":"scroll","background-type":"","background-media":"","overlay-type":"","overlay-color":"","overlay-opacity":"","overlay-gradient":""}}},"product_brand":[1264],"product_cat":[1259,1251,1257,1196],"product_tag":[1327,1380],"class_list":{"0":"post-26773","1":"product","2":"type-product","3":"status-publish","4":"has-post-thumbnail","6":"product_brand-heavy-water-surfboards","7":"product_cat-specials","8":"product_cat-funboards","9":"product_cat-small-waves","10":"product_cat-tablas-de-surf-es","11":"product_tag-small-wave","12":"product_tag-specialty","13":"pa_model-black-diamond","14":"pa_thickness-2-1-2-es-2","15":"pa_thickness-2-11-16","16":"pa_thickness-2-3-4","17":"pa_thickness-2-3-8-es-2","18":"pa_thickness-2-5-8","19":"pa_thickness-2-7-16-es-2","20":"pa_thickness-2-7-8","21":"pa_thickness-2-9-16","22":"pa_width-20-1-2-es-2","23":"pa_width-20-1-4-es-2","24":"pa_width-20-3-4-es-2","25":"pa_width-1305","26":"pa_width-21-1-2","27":"pa_width-21-1-4","28":"pa_width-21-3-4","29":"pa_width-1320","30":"desktop-align-left","31":"tablet-align-left","32":"mobile-align-left","34":"first","35":"onbackorder","36":"sale","37":"shipping-taxable","38":"purchasable","39":"product-type-variable"},"yoast_head":"<!-- This site is optimized with the Yoast SEO plugin v27.4 - https:\/\/yoast.com\/product\/yoast-seo-wordpress\/ -->\n<title>Heavy Water Black Diamond (Nueva Generaci\u00f3n) Glassing Monkey<\/title>\n<meta name=\"description\" content=\"Descubre la Heavy Water Black Diamond (Nueva Generaci\u00f3n). La tabla de surf ideal para olas peque\u00f1as, dise\u00f1ada para el m\u00e1ximo rendimiento. Haz tu pedido!!!!\" \/>\n<meta name=\"robots\" content=\"index, follow, max-snippet:-1, max-image-preview:large, max-video-preview:-1\" \/>\n<link rel=\"canonical\" href=\"https:\/\/glassingmonkey.com\/es\/product\/heavy-water-black-diamond-nueva-generacion\/\" \/>\n<meta property=\"og:locale\" content=\"es_ES\" \/>\n<meta property=\"og:type\" content=\"article\" \/>\n<meta property=\"og:title\" content=\"Heavy Water Black Diamond (Nueva Generaci\u00f3n) Glassing Monkey\" \/>\n<meta property=\"og:description\" content=\"Descubre la Heavy Water Black Diamond (Nueva Generaci\u00f3n). La tabla de surf ideal para olas peque\u00f1as, dise\u00f1ada para el m\u00e1ximo rendimiento. Haz tu pedido!!!!\" \/>\n<meta property=\"og:url\" content=\"https:\/\/glassingmonkey.com\/es\/product\/heavy-water-black-diamond-nueva-generacion\/\" \/>\n<meta property=\"og:site_name\" content=\"Ride your life\" \/>\n<meta property=\"article:modified_time\" content=\"2026-04-17T21:09:51+00:00\" \/>\n<meta property=\"og:image\" content=\"https:\/\/glassingmonkey.com\/wp-content\/uploads\/2025\/05\/BLACK-DIAMOND.jpg\" \/>\n\t<meta property=\"og:image:width\" content=\"600\" \/>\n\t<meta property=\"og:image:height\" content=\"800\" \/>\n\t<meta property=\"og:image:type\" content=\"image\/jpeg\" \/>\n<meta name=\"twitter:card\" content=\"summary_large_image\" \/>\n<meta name=\"twitter:label1\" content=\"Tiempo de lectura\" \/>\n\t<meta name=\"twitter:data1\" content=\"2 minutos\" \/>\n<script type=\"application\/ld+json\" class=\"yoast-schema-graph\">{\"@context\":\"https:\\\/\\\/schema.org\",\"@graph\":[{\"@type\":\"WebPage\",\"@id\":\"https:\\\/\\\/glassingmonkey.com\\\/es\\\/product\\\/heavy-water-black-diamond-nueva-generacion\\\/\",\"url\":\"https:\\\/\\\/glassingmonkey.com\\\/es\\\/product\\\/heavy-water-black-diamond-nueva-generacion\\\/\",\"name\":\"Heavy Water Black Diamond (Nueva Generaci\u00f3n) Glassing Monkey\",\"isPartOf\":{\"@id\":\"https:\\\/\\\/glassingmonkey.com\\\/es\\\/#website\"},\"primaryImageOfPage\":{\"@id\":\"https:\\\/\\\/glassingmonkey.com\\\/es\\\/product\\\/heavy-water-black-diamond-nueva-generacion\\\/#primaryimage\"},\"image\":{\"@id\":\"https:\\\/\\\/glassingmonkey.com\\\/es\\\/product\\\/heavy-water-black-diamond-nueva-generacion\\\/#primaryimage\"},\"thumbnailUrl\":\"https:\\\/\\\/glassingmonkey.com\\\/wp-content\\\/uploads\\\/2025\\\/05\\\/BLACK-DIAMOND.jpg\",\"datePublished\":\"2025-05-28T09:58:12+00:00\",\"dateModified\":\"2026-04-17T21:09:51+00:00\",\"description\":\"Descubre la Heavy Water Black Diamond (Nueva Generaci\u00f3n). La tabla de surf ideal para olas peque\u00f1as, dise\u00f1ada para el m\u00e1ximo rendimiento. Haz tu pedido!!!!\",\"breadcrumb\":{\"@id\":\"https:\\\/\\\/glassingmonkey.com\\\/es\\\/product\\\/heavy-water-black-diamond-nueva-generacion\\\/#breadcrumb\"},\"inLanguage\":\"es\",\"potentialAction\":[{\"@type\":\"ReadAction\",\"target\":[\"https:\\\/\\\/glassingmonkey.com\\\/es\\\/product\\\/heavy-water-black-diamond-nueva-generacion\\\/\"]}]},{\"@type\":\"ImageObject\",\"inLanguage\":\"es\",\"@id\":\"https:\\\/\\\/glassingmonkey.com\\\/es\\\/product\\\/heavy-water-black-diamond-nueva-generacion\\\/#primaryimage\",\"url\":\"https:\\\/\\\/glassingmonkey.com\\\/wp-content\\\/uploads\\\/2025\\\/05\\\/BLACK-DIAMOND.jpg\",\"contentUrl\":\"https:\\\/\\\/glassingmonkey.com\\\/wp-content\\\/uploads\\\/2025\\\/05\\\/BLACK-DIAMOND.jpg\",\"width\":600,\"height\":800,\"caption\":\"heavy water black diamond\"},{\"@type\":\"BreadcrumbList\",\"@id\":\"https:\\\/\\\/glassingmonkey.com\\\/es\\\/product\\\/heavy-water-black-diamond-nueva-generacion\\\/#breadcrumb\",\"itemListElement\":[{\"@type\":\"ListItem\",\"position\":1,\"name\":\"Home\",\"item\":\"https:\\\/\\\/glassingmonkey.com\\\/es\\\/\"},{\"@type\":\"ListItem\",\"position\":2,\"name\":\"Tienda\",\"item\":\"https:\\\/\\\/glassingmonkey.com\\\/es\\\/tienda\\\/\"},{\"@type\":\"ListItem\",\"position\":3,\"name\":\"Heavy Water Black Diamond (Nueva generaci\u00f3n)\"}]},{\"@type\":\"WebSite\",\"@id\":\"https:\\\/\\\/glassingmonkey.com\\\/es\\\/#website\",\"url\":\"https:\\\/\\\/glassingmonkey.com\\\/es\\\/\",\"name\":\"Glassing Monkey\",\"description\":\"RIDE YOUR LIFE\",\"publisher\":{\"@id\":\"https:\\\/\\\/glassingmonkey.com\\\/es\\\/#organization\"},\"potentialAction\":[{\"@type\":\"SearchAction\",\"target\":{\"@type\":\"EntryPoint\",\"urlTemplate\":\"https:\\\/\\\/glassingmonkey.com\\\/es\\\/?s={search_term_string}\"},\"query-input\":{\"@type\":\"PropertyValueSpecification\",\"valueRequired\":true,\"valueName\":\"search_term_string\"}}],\"inLanguage\":\"es\"},{\"@type\":\"Organization\",\"@id\":\"https:\\\/\\\/glassingmonkey.com\\\/es\\\/#organization\",\"name\":\"Glassing Monkey\",\"url\":\"https:\\\/\\\/glassingmonkey.com\\\/es\\\/\",\"logo\":{\"@type\":\"ImageObject\",\"inLanguage\":\"es\",\"@id\":\"https:\\\/\\\/glassingmonkey.com\\\/es\\\/#\\\/schema\\\/logo\\\/image\\\/\",\"url\":\"https:\\\/\\\/glassingmonkey.com\\\/wp-content\\\/uploads\\\/2025\\\/06\\\/Glassing-monkey-surf-factory-surf-shop.webp\",\"contentUrl\":\"https:\\\/\\\/glassingmonkey.com\\\/wp-content\\\/uploads\\\/2025\\\/06\\\/Glassing-monkey-surf-factory-surf-shop.webp\",\"width\":786,\"height\":530,\"caption\":\"Glassing Monkey\"},\"image\":{\"@id\":\"https:\\\/\\\/glassingmonkey.com\\\/es\\\/#\\\/schema\\\/logo\\\/image\\\/\"},\"sameAs\":[\"https:\\\/\\\/www.instagram.com\\\/glassingmonkey\\\/\"]}]}<\/script>\n<!-- \/ Yoast SEO plugin. -->","yoast_head_json":{"title":"Heavy Water Black Diamond (Nueva Generaci\u00f3n) Glassing Monkey","description":"Descubre la Heavy Water Black Diamond (Nueva Generaci\u00f3n). La tabla de surf ideal para olas peque\u00f1as, dise\u00f1ada para el m\u00e1ximo rendimiento. Haz tu pedido!!!!","robots":{"index":"index","follow":"follow","max-snippet":"max-snippet:-1","max-image-preview":"max-image-preview:large","max-video-preview":"max-video-preview:-1"},"canonical":"https:\/\/glassingmonkey.com\/es\/product\/heavy-water-black-diamond-nueva-generacion\/","og_locale":"es_ES","og_type":"article","og_title":"Heavy Water Black Diamond (Nueva Generaci\u00f3n) Glassing Monkey","og_description":"Descubre la Heavy Water Black Diamond (Nueva Generaci\u00f3n). La tabla de surf ideal para olas peque\u00f1as, dise\u00f1ada para el m\u00e1ximo rendimiento. Haz tu pedido!!!!","og_url":"https:\/\/glassingmonkey.com\/es\/product\/heavy-water-black-diamond-nueva-generacion\/","og_site_name":"Ride your life","article_modified_time":"2026-04-17T21:09:51+00:00","og_image":[{"width":600,"height":800,"url":"https:\/\/glassingmonkey.com\/wp-content\/uploads\/2025\/05\/BLACK-DIAMOND.jpg","type":"image\/jpeg"}],"twitter_card":"summary_large_image","twitter_misc":{"Tiempo de lectura":"2 minutos"},"schema":{"@context":"https:\/\/schema.org","@graph":[{"@type":"WebPage","@id":"https:\/\/glassingmonkey.com\/es\/product\/heavy-water-black-diamond-nueva-generacion\/","url":"https:\/\/glassingmonkey.com\/es\/product\/heavy-water-black-diamond-nueva-generacion\/","name":"Heavy Water Black Diamond (Nueva Generaci\u00f3n) Glassing Monkey","isPartOf":{"@id":"https:\/\/glassingmonkey.com\/es\/#website"},"primaryImageOfPage":{"@id":"https:\/\/glassingmonkey.com\/es\/product\/heavy-water-black-diamond-nueva-generacion\/#primaryimage"},"image":{"@id":"https:\/\/glassingmonkey.com\/es\/product\/heavy-water-black-diamond-nueva-generacion\/#primaryimage"},"thumbnailUrl":"https:\/\/glassingmonkey.com\/wp-content\/uploads\/2025\/05\/BLACK-DIAMOND.jpg","datePublished":"2025-05-28T09:58:12+00:00","dateModified":"2026-04-17T21:09:51+00:00","description":"Descubre la Heavy Water Black Diamond (Nueva Generaci\u00f3n). La tabla de surf ideal para olas peque\u00f1as, dise\u00f1ada para el m\u00e1ximo rendimiento. Haz tu pedido!!!!","breadcrumb":{"@id":"https:\/\/glassingmonkey.com\/es\/product\/heavy-water-black-diamond-nueva-generacion\/#breadcrumb"},"inLanguage":"es","potentialAction":[{"@type":"ReadAction","target":["https:\/\/glassingmonkey.com\/es\/product\/heavy-water-black-diamond-nueva-generacion\/"]}]},{"@type":"ImageObject","inLanguage":"es","@id":"https:\/\/glassingmonkey.com\/es\/product\/heavy-water-black-diamond-nueva-generacion\/#primaryimage","url":"https:\/\/glassingmonkey.com\/wp-content\/uploads\/2025\/05\/BLACK-DIAMOND.jpg","contentUrl":"https:\/\/glassingmonkey.com\/wp-content\/uploads\/2025\/05\/BLACK-DIAMOND.jpg","width":600,"height":800,"caption":"heavy water black diamond"},{"@type":"BreadcrumbList","@id":"https:\/\/glassingmonkey.com\/es\/product\/heavy-water-black-diamond-nueva-generacion\/#breadcrumb","itemListElement":[{"@type":"ListItem","position":1,"name":"Home","item":"https:\/\/glassingmonkey.com\/es\/"},{"@type":"ListItem","position":2,"name":"Tienda","item":"https:\/\/glassingmonkey.com\/es\/tienda\/"},{"@type":"ListItem","position":3,"name":"Heavy Water Black Diamond (Nueva generaci\u00f3n)"}]},{"@type":"WebSite","@id":"https:\/\/glassingmonkey.com\/es\/#website","url":"https:\/\/glassingmonkey.com\/es\/","name":"Glassing Monkey","description":"RIDE YOUR LIFE","publisher":{"@id":"https:\/\/glassingmonkey.com\/es\/#organization"},"potentialAction":[{"@type":"SearchAction","target":{"@type":"EntryPoint","urlTemplate":"https:\/\/glassingmonkey.com\/es\/?s={search_term_string}"},"query-input":{"@type":"PropertyValueSpecification","valueRequired":true,"valueName":"search_term_string"}}],"inLanguage":"es"},{"@type":"Organization","@id":"https:\/\/glassingmonkey.com\/es\/#organization","name":"Glassing Monkey","url":"https:\/\/glassingmonkey.com\/es\/","logo":{"@type":"ImageObject","inLanguage":"es","@id":"https:\/\/glassingmonkey.com\/es\/#\/schema\/logo\/image\/","url":"https:\/\/glassingmonkey.com\/wp-content\/uploads\/2025\/06\/Glassing-monkey-surf-factory-surf-shop.webp","contentUrl":"https:\/\/glassingmonkey.com\/wp-content\/uploads\/2025\/06\/Glassing-monkey-surf-factory-surf-shop.webp","width":786,"height":530,"caption":"Glassing Monkey"},"image":{"@id":"https:\/\/glassingmonkey.com\/es\/#\/schema\/logo\/image\/"},"sameAs":["https:\/\/www.instagram.com\/glassingmonkey\/"]}]}},"_links":{"self":[{"href":"https:\/\/glassingmonkey.com\/es\/wp-json\/wp\/v2\/product\/26773","targetHints":{"allow":["GET"]}}],"collection":[{"href":"https:\/\/glassingmonkey.com\/es\/wp-json\/wp\/v2\/product"}],"about":[{"href":"https:\/\/glassingmonkey.com\/es\/wp-json\/wp\/v2\/types\/product"}],"replies":[{"embeddable":true,"href":"https:\/\/glassingmonkey.com\/es\/wp-json\/wp\/v2\/comments?post=26773"}],"wp:featuredmedia":[{"embeddable":true,"href":"https:\/\/glassingmonkey.com\/es\/wp-json\/wp\/v2\/media\/25668"}],"wp:attachment":[{"href":"https:\/\/glassingmonkey.com\/es\/wp-json\/wp\/v2\/media?parent=26773"}],"wp:term":[{"taxonomy":"product_brand","embeddable":true,"href":"https:\/\/glassingmonkey.com\/es\/wp-json\/wp\/v2\/product_brand?post=26773"},{"taxonomy":"product_cat","embeddable":true,"href":"https:\/\/glassingmonkey.com\/es\/wp-json\/wp\/v2\/product_cat?post=26773"},{"taxonomy":"product_tag","embeddable":true,"href":"https:\/\/glassingmonkey.com\/es\/wp-json\/wp\/v2\/product_tag?post=26773"}],"curies":[{"name":"wp","href":"https:\/\/api.w.org\/{rel}","templated":true}]}}