{"id":26777,"date":"2025-05-28T11:58:12","date_gmt":"2025-05-28T09:58:12","guid":{"rendered":"https:\/\/glassingmonkey.com\/product\/heavy-water-go-on-fish\/"},"modified":"2026-04-19T21:40:31","modified_gmt":"2026-04-19T19:40:31","slug":"tabla-surf-heavy-water-go-on","status":"publish","type":"product","link":"https:\/\/glassingmonkey.com\/es\/product\/tabla-surf-heavy-water-go-on\/","title":{"rendered":"Heavy Water Go-On (Fish)"},"content":{"rendered":"<div class=\"Fsg96\" data-sfc-cp=\"\" data-sfc-root=\"c\" data-sfc-cb=\"\" data-complete=\"true\" data-processed=\"true\">\n<div class=\"Y3BBE\" data-sfc-cp=\"\" data-sfc-root=\"c\" data-sfc-cb=\"\" data-hveid=\"CAEICRAA\" data-complete=\"true\" data-processed=\"true\" aria-owns=\"action-menu-parent-container\">\n<div class=\"Y3BBE\" data-sfc-cp=\"\" data-sfc-root=\"c\" data-sfc-cb=\"\" data-hveid=\"CAEICRAA\" data-processed=\"true\" data-complete=\"true\" aria-owns=\"action-menu-parent-container\">\n<h1 class=\"otQkpb\" role=\"heading\" aria-level=\"3\" data-sfc-root=\"c\" data-processed=\"true\" data-complete=\"true\">Heavy Water Go-on: La Twin Fin Retro para Verano<button class=\"rBl3me\" tabindex=\"0\" data-amic=\"true\" data-icl-uuid=\"c8406e8d-e545-4c99-80e6-61ff8eb47323\" aria-label=\"View related links\" data-wiz-attrbind=\"disabled=o5tBpe_l\/C5gNJc;aria-label=o5tBpe_l\/bOjMyf;class=o5tBpe_l\/UpSNec\" data-ved=\"2ahUKEwjOu5OL9fmTAxXzVKQEHVqhNSwQye0OegYIAQgCEAA\" data-hveid=\"CAEIAhAA\"><\/button><\/h1>\n<div class=\"Y3BBE\" data-sfc-cp=\"\" data-sfc-root=\"c\" data-sfc-cb=\"\" data-hveid=\"CAEIAxAA\" data-complete=\"true\" data-processed=\"true\">Mejora tu surf este verano con la tabla Heavy Water Go-on. Esta tabla es ideal para olas peque\u00f1as y con poca fuerza. En primer lugar, combina una est\u00e9tica cl\u00e1sica con ingenier\u00eda moderna. El dise\u00f1o captura el estilo de las twin fins retro. No obstante, incluye variaciones que facilitan mucho su manejo respecto a modelos antiguos. El dise\u00f1o busca solucionar la falta de potencia en olas de est\u00edo.<button class=\"rBl3me\" tabindex=\"0\" data-amic=\"true\" data-icl-uuid=\"db07db4e-8703-4026-bc2e-6fe72c748466\" aria-label=\"View related links\" data-wiz-attrbind=\"disabled=o5tBpe_p\/C5gNJc;aria-label=o5tBpe_p\/bOjMyf;class=o5tBpe_p\/UpSNec\" data-ved=\"2ahUKEwjOu5OL9fmTAxXzVKQEHVqhNSwQye0OegYIAQgDEAE\" data-hveid=\"CAEIAxAB\"><\/button><\/div>\n<h2 class=\"otQkpb\" role=\"heading\" aria-level=\"3\" data-sfc-root=\"c\" data-processed=\"true\" data-complete=\"true\">Ingenier\u00eda con Cola Swallow de Alto Rendimiento<button class=\"rBl3me\" tabindex=\"0\" data-amic=\"true\" data-icl-uuid=\"e6593829-f0da-4515-8b43-57518e4a4a29\" aria-label=\"View related links\" data-wiz-attrbind=\"disabled=o5tBpe_u\/C5gNJc;aria-label=o5tBpe_u\/bOjMyf;class=o5tBpe_u\/UpSNec\" data-ved=\"2ahUKEwjOu5OL9fmTAxXzVKQEHVqhNSwQye0OegYIAQgEEAA\" data-hveid=\"CAEIBBAA\"><\/button><\/h2>\n<div class=\"Y3BBE\" data-sfc-cp=\"\" data-sfc-root=\"c\" data-sfc-cb=\"\" data-hveid=\"CAEIBRAA\" data-complete=\"true\" data-processed=\"true\">Adem\u00e1s, destaca su cola swallow dise\u00f1ada con precisi\u00f3n t\u00e9cnica. Hemos reducido la distancia entre las puntas de la cola estrat\u00e9gicamente. Por consiguiente, la tabla ofrece una capacidad de respuesta incre\u00edble. Los surfistas pueden ejecutar giros cerrados con mucha facilidad hoy. Como resultado, aprovechar\u00e1s al m\u00e1ximo cada secci\u00f3n de la ola peque\u00f1a. Esta maniobrabilidad garantiza diversi\u00f3n en condiciones m\u00ednimas y lentas.<button class=\"rBl3me\" tabindex=\"0\" data-amic=\"true\" data-icl-uuid=\"4d36c2a8-8173-4f0f-bc7c-e87d5999d2a3\" aria-label=\"View related links\" data-wiz-attrbind=\"disabled=o5tBpe_y\/C5gNJc;aria-label=o5tBpe_y\/bOjMyf;class=o5tBpe_y\/UpSNec\" data-ved=\"2ahUKEwjOu5OL9fmTAxXzVKQEHVqhNSwQye0OegYIAQgFEAE\" data-hveid=\"CAEIBRAB\"><\/button><\/div>\n<div class=\"Y3BBE\" data-sfc-cp=\"\" data-sfc-root=\"c\" data-sfc-cb=\"\" data-hveid=\"CAEIBhAA\" data-processed=\"true\" data-complete=\"true\">Del mismo modo, la estructura de la cola permite soltar la tabla. Esto es vital cuando la ola no tiene empuje propio. Por lo tanto, el surfista mantiene el control en todo momento. Igualmente, la transici\u00f3n de canto a canto se siente muy natural. Lograr\u00e1s maniobras fluidas sin perder la inercia del movimiento inicial. Es una herramienta perfecta para perfeccionar tu estilo este a\u00f1o.<button class=\"rBl3me\" tabindex=\"0\" data-amic=\"true\" data-icl-uuid=\"cf561424-f41a-427c-8b7d-88727eac2233\" aria-label=\"View related links\" data-wiz-attrbind=\"disabled=o5tBpe_12\/C5gNJc;aria-label=o5tBpe_12\/bOjMyf;class=o5tBpe_12\/UpSNec\" data-ved=\"2ahUKEwjOu5OL9fmTAxXzVKQEHVqhNSwQye0OegYIAQgGEAE\" data-hveid=\"CAEIBhAB\"><\/button><\/div>\n<h2 class=\"otQkpb\" role=\"heading\" aria-level=\"3\" data-sfc-root=\"c\" data-processed=\"true\" data-complete=\"true\">Nose Optimizado para Mejorar el Remo<button class=\"rBl3me\" tabindex=\"0\" data-amic=\"true\" data-icl-uuid=\"1d44ebaf-572e-4e94-80a0-d913f3e22c84\" aria-label=\"View related links\" data-wiz-attrbind=\"disabled=o5tBpe_17\/C5gNJc;aria-label=o5tBpe_17\/bOjMyf;class=o5tBpe_17\/UpSNec\" data-ved=\"2ahUKEwjOu5OL9fmTAxXzVKQEHVqhNSwQye0OegYIAQgHEAA\" data-hveid=\"CAEIBxAA\"><\/button><\/h2>\n<div class=\"Y3BBE\" data-sfc-cp=\"\" data-sfc-root=\"c\" data-sfc-cb=\"\" data-hveid=\"CAEICBAA\" data-complete=\"true\" data-processed=\"true\">Por otro lado, el nose de la Heavy Water Go-on es m\u00e1s ancho. Estas proporciones aumentadas proporcionan una estabilidad que resulta esencial. Debido a esto, el remo se vuelve mucho m\u00e1s eficiente. Podr\u00e1s atrapar las olas antes y con menos esfuerzo f\u00edsico. Asimismo, la forma refinada del nose ayuda a planear muy r\u00e1pido. Esto genera velocidad inmediata mientras te deslizas por la pared.<button class=\"rBl3me\" tabindex=\"0\" data-amic=\"true\" data-icl-uuid=\"ebe82f15-bfdf-4b41-851d-3d32121726cf\" aria-label=\"View related links\" data-wiz-attrbind=\"disabled=o5tBpe_1b\/C5gNJc;aria-label=o5tBpe_1b\/bOjMyf;class=o5tBpe_1b\/UpSNec\" data-ved=\"2ahUKEwjOu5OL9fmTAxXzVKQEHVqhNSwQye0OegYIAQgIEAE\" data-hveid=\"CAEICBAB\"><\/button><\/div>\n<div class=\"Y3BBE\" data-sfc-cp=\"\" data-sfc-root=\"c\" data-sfc-cb=\"\" data-hveid=\"CAEICRAA\" data-processed=\"true\" data-complete=\"true\">Incluso en olas muy planas, el volumen frontal te ayuda. De hecho, permite entrar en la ola con mayor anticipaci\u00f3n. Por esta raz\u00f3n, tendr\u00e1s m\u00e1s tiempo para preparar tu primera maniobra. Adicionalmente, el dise\u00f1o evita que la punta se clave en el agua. As\u00ed, la tabla mantiene un planeo constante sobre la superficie. La eficiencia del dise\u00f1o se nota desde la primera remada.<button class=\"rBl3me\" tabindex=\"0\" data-amic=\"true\" data-icl-uuid=\"aa432490-eda1-459b-a888-ef3b9ea677e7\" aria-label=\"View related links\" data-wiz-attrbind=\"disabled=o5tBpe_1f\/C5gNJc;aria-label=o5tBpe_1f\/bOjMyf;class=o5tBpe_1f\/UpSNec\" data-ved=\"2ahUKEwjOu5OL9fmTAxXzVKQEHVqhNSwQye0OegYIAQgJEAE\" data-hveid=\"CAEICRAB\"><\/button><\/div>\n<h2 class=\"otQkpb\" role=\"heading\" aria-level=\"3\" data-sfc-root=\"c\" data-processed=\"true\" data-complete=\"true\">\u00bfPor qu\u00e9 elegir la Heavy Water Go-on hoy?<button class=\"rBl3me\" tabindex=\"0\" data-amic=\"true\" data-icl-uuid=\"7265f1ba-4b7d-462e-b7c8-1e669dac8ba5\" aria-label=\"View related links\" data-wiz-attrbind=\"disabled=o5tBpe_1k\/C5gNJc;aria-label=o5tBpe_1k\/bOjMyf;class=o5tBpe_1k\/UpSNec\" data-ved=\"2ahUKEwjOu5OL9fmTAxXzVKQEHVqhNSwQye0OegYIAQgKEAA\" data-hveid=\"CAEIChAA\"><\/button><\/h2>\n<div class=\"Y3BBE\" data-sfc-cp=\"\" data-sfc-root=\"c\" data-sfc-cb=\"\" data-hveid=\"CAEICxAA\" data-complete=\"true\" data-processed=\"true\">En conclusi\u00f3n, esta tabla ofrece una fluidez excepcional bajo tus pies. Une perfectamente el estilo antiguo con la precisi\u00f3n t\u00e9cnica actual. De hecho, cualquier surfista se adaptar\u00e1 a su estilo sin esfuerzo. Si buscas maximizar la diversi\u00f3n en verano, esta es tu compa\u00f1era. Por \u00faltimo, obtendr\u00e1s una tabla \u00e1gil que genera velocidad constante. Invierte en un dise\u00f1o que mezcla alma retro y funcionalidad.<button class=\"rBl3me\" tabindex=\"0\" data-amic=\"true\" data-icl-uuid=\"0d878b7e-ce13-4884-a66d-1ad294848d24\" aria-label=\"View related links\" data-wiz-attrbind=\"disabled=o5tBpe_1o\/C5gNJc;aria-label=o5tBpe_1o\/bOjMyf;class=o5tBpe_1o\/UpSNec\" data-ved=\"2ahUKEwjOu5OL9fmTAxXzVKQEHVqhNSwQye0OegYIAQgLEAE\" data-hveid=\"CAEICxAB\"><\/button><\/div>\n<div class=\"Y3BBE\" data-sfc-cp=\"\" data-sfc-root=\"c\" data-sfc-cb=\"\" data-hveid=\"CAEIDBAA\" data-processed=\"true\" data-complete=\"true\">Finalmente, la durabilidad de los materiales asegura una larga vida \u00fatil. Podr\u00e1s disfrutar de muchas sesiones \u00e9picas durante varias temporadas seguidas. Ciertamente, es una inversi\u00f3n inteligente para cualquier amante del mar. Esta tabla transforma d\u00edas mediocres en sesiones realmente memorables y divertidas. No dejes pasar la oportunidad de mejorar tu equipo ahora.<button class=\"rBl3me\" tabindex=\"0\" data-amic=\"true\" data-icl-uuid=\"52f2b861-9a59-441e-bc44-8d6316647e95\" aria-label=\"View related links\" data-wiz-attrbind=\"disabled=o5tBpe_1s\/C5gNJc;aria-label=o5tBpe_1s\/bOjMyf;class=o5tBpe_1s\/UpSNec\" data-ved=\"2ahUKEwjOu5OL9fmTAxXzVKQEHVqhNSwQye0OegYIAQgMEAE\" data-hveid=\"CAEIDBAB\"><\/button><\/div>\n<div class=\"Fsg96\" data-sfc-cp=\"\" data-sfc-root=\"c\" data-sfc-cb=\"\" data-complete=\"true\" data-processed=\"true\"><\/div>\n<\/div>\n<\/div>\n<\/div>\n<div class=\"Y3BBE\" data-sfc-cp=\"\" data-sfc-root=\"c\" data-sfc-cb=\"\" data-hveid=\"CAEICRAA\" data-complete=\"true\" data-processed=\"true\" aria-owns=\"action-menu-parent-container\"><\/div>\n","protected":false},"excerpt":{"rendered":"<p>Perfecta para surfear olas de verano con poca fuerza, la tabla se asemeja a las cl\u00e1sicas retro twin fins, pero con modificaciones en su shape que la hacen m\u00e1s manejable y divertida.<\/p>\n","protected":false},"featured_media":25656,"comment_status":"closed","ping_status":"closed","template":"","meta":{"site-sidebar-layout":"default","site-content-layout":"","ast-site-content-layout":"default","site-content-style":"default","site-sidebar-style":"default","ast-global-header-display":"","ast-banner-title-visibility":"","ast-main-header-display":"","ast-hfb-above-header-display":"","ast-hfb-below-header-display":"","ast-hfb-mobile-header-display":"","site-post-title":"","ast-breadcrumbs-content":"","ast-featured-img":"","footer-sml-layout":"","ast-disable-related-posts":"","theme-transparent-header-meta":"default","adv-header-id-meta":"","stick-header-meta":"","header-above-stick-meta":"","header-main-stick-meta":"","header-below-stick-meta":"","astra-migrate-meta-layouts":"set","ast-page-background-enabled":"default","ast-page-background-meta":{"desktop":{"background-color":"var(--ast-global-color-5)","background-image":"","background-repeat":"repeat","background-position":"center center","background-size":"auto","background-attachment":"scroll","background-type":"","background-media":"","overlay-type":"","overlay-color":"","overlay-opacity":"","overlay-gradient":""},"tablet":{"background-color":"","background-image":"","background-repeat":"repeat","background-position":"center center","background-size":"auto","background-attachment":"scroll","background-type":"","background-media":"","overlay-type":"","overlay-color":"","overlay-opacity":"","overlay-gradient":""},"mobile":{"background-color":"","background-image":"","background-repeat":"repeat","background-position":"center center","background-size":"auto","background-attachment":"scroll","background-type":"","background-media":"","overlay-type":"","overlay-color":"","overlay-opacity":"","overlay-gradient":""}},"ast-content-background-meta":{"desktop":{"background-color":"var(--ast-global-color-4)","background-image":"","background-repeat":"repeat","background-position":"center center","background-size":"auto","background-attachment":"scroll","background-type":"","background-media":"","overlay-type":"","overlay-color":"","overlay-opacity":"","overlay-gradient":""},"tablet":{"background-color":"var(--ast-global-color-4)","background-image":"","background-repeat":"repeat","background-position":"center center","background-size":"auto","background-attachment":"scroll","background-type":"","background-media":"","overlay-type":"","overlay-color":"","overlay-opacity":"","overlay-gradient":""},"mobile":{"background-color":"var(--ast-global-color-4)","background-image":"","background-repeat":"repeat","background-position":"center center","background-size":"auto","background-attachment":"scroll","background-type":"","background-media":"","overlay-type":"","overlay-color":"","overlay-opacity":"","overlay-gradient":""}}},"product_brand":[1264],"product_cat":[1257,1196,1344,1216],"product_tag":[],"class_list":{"0":"post-26777","1":"product","2":"type-product","3":"status-publish","4":"has-post-thumbnail","6":"product_brand-heavy-water-surfboards","7":"product_cat-tablas-para-olas-pequenas","8":"product_cat-tablas-de-surf-personalizadas","9":"product_cat-tablas-fish","10":"product_cat-tablas-de-surf-twin-fin","11":"pa_model-go-on","12":"pa_thickness-2-1-2-es-2","13":"pa_thickness-2-1-4","14":"pa_thickness-2-3-4","15":"pa_thickness-2-3-8-es-2","16":"pa_thickness-2-5-16-es-2","17":"pa_thickness-2-5-8","18":"pa_thickness-2-7-16-es-2","19":"pa_thickness-2-9-16","20":"pa_width-19-3-4","21":"pa_width-20-1-2-es-2","22":"pa_width-20-1-4-es-2","23":"pa_width-20-3-4-es-2","24":"pa_width-1305","25":"pa_width-21-1-2","26":"pa_width-21-1-4","27":"pa_width-1320","28":"desktop-align-left","29":"tablet-align-left","30":"mobile-align-left","32":"first","33":"onbackorder","34":"sale","35":"shipping-taxable","36":"purchasable","37":"product-type-variable"},"yoast_head":"<!-- This site is optimized with the Yoast SEO plugin v27.5 - https:\/\/yoast.com\/product\/yoast-seo-wordpress\/ -->\n<title>Heavy Water Go-on (Fish)-Tabla de surf Twin fin \/Glassing Monkey<\/title>\n<meta name=\"description\" content=\"Descubre la velocidad y el flow de la Heavy Water Go-on. Una tabla Twin fin de alto rendimiento, dise\u00f1ada para un remo f\u00e1cil y giros fluidos. Hazte con ella\" \/>\n<meta name=\"robots\" content=\"index, follow, max-snippet:-1, max-image-preview:large, max-video-preview:-1\" \/>\n<link rel=\"canonical\" href=\"https:\/\/glassingmonkey.com\/es\/product\/tabla-surf-heavy-water-go-on\/\" \/>\n<meta property=\"og:locale\" content=\"es_ES\" \/>\n<meta property=\"og:type\" content=\"article\" \/>\n<meta property=\"og:title\" content=\"Heavy Water Go-on (Fish)-Tabla de surf Twin fin \/Glassing Monkey\" \/>\n<meta property=\"og:description\" content=\"Descubre la velocidad y el flow de la Heavy Water Go-on. Una tabla Twin fin de alto rendimiento, dise\u00f1ada para un remo f\u00e1cil y giros fluidos. Hazte con ella\" \/>\n<meta property=\"og:url\" content=\"https:\/\/glassingmonkey.com\/es\/product\/tabla-surf-heavy-water-go-on\/\" \/>\n<meta property=\"og:site_name\" content=\"Glassing Monkey\" \/>\n<meta property=\"article:modified_time\" content=\"2026-04-19T19:40:31+00:00\" \/>\n<meta property=\"og:image\" content=\"https:\/\/glassingmonkey.com\/wp-content\/uploads\/2025\/05\/GO-ON.jpg\" \/>\n\t<meta property=\"og:image:width\" content=\"600\" \/>\n\t<meta property=\"og:image:height\" content=\"800\" \/>\n\t<meta property=\"og:image:type\" content=\"image\/jpeg\" \/>\n<meta name=\"twitter:card\" content=\"summary_large_image\" \/>\n<meta name=\"twitter:label1\" content=\"Tiempo de lectura\" \/>\n\t<meta name=\"twitter:data1\" content=\"3 minutos\" \/>\n<script type=\"application\/ld+json\" class=\"yoast-schema-graph\">{\"@context\":\"https:\\\/\\\/schema.org\",\"@graph\":[{\"@type\":[\"WebPage\",\"ItemPage\"],\"@id\":\"https:\\\/\\\/glassingmonkey.com\\\/es\\\/product\\\/tabla-surf-heavy-water-go-on\\\/\",\"url\":\"https:\\\/\\\/glassingmonkey.com\\\/es\\\/product\\\/tabla-surf-heavy-water-go-on\\\/\",\"name\":\"Heavy Water Go-on (Fish)-Tabla de surf Twin fin \\\/Glassing Monkey\",\"isPartOf\":{\"@id\":\"https:\\\/\\\/glassingmonkey.com\\\/es\\\/#website\"},\"primaryImageOfPage\":{\"@id\":\"https:\\\/\\\/glassingmonkey.com\\\/es\\\/product\\\/tabla-surf-heavy-water-go-on\\\/#primaryimage\"},\"image\":{\"@id\":\"https:\\\/\\\/glassingmonkey.com\\\/es\\\/product\\\/tabla-surf-heavy-water-go-on\\\/#primaryimage\"},\"thumbnailUrl\":\"https:\\\/\\\/glassingmonkey.com\\\/wp-content\\\/uploads\\\/2025\\\/05\\\/GO-ON.jpg\",\"datePublished\":\"2025-05-28T09:58:12+00:00\",\"dateModified\":\"2026-04-19T19:40:31+00:00\",\"description\":\"Descubre la velocidad y el flow de la Heavy Water Go-on. Una tabla Twin fin de alto rendimiento, dise\u00f1ada para un remo f\u00e1cil y giros fluidos. Hazte con ella\",\"breadcrumb\":{\"@id\":\"https:\\\/\\\/glassingmonkey.com\\\/es\\\/product\\\/tabla-surf-heavy-water-go-on\\\/#breadcrumb\"},\"inLanguage\":\"es\",\"potentialAction\":[{\"@type\":\"ReadAction\",\"target\":[\"https:\\\/\\\/glassingmonkey.com\\\/es\\\/product\\\/tabla-surf-heavy-water-go-on\\\/\"]}]},{\"@type\":\"ImageObject\",\"inLanguage\":\"es\",\"@id\":\"https:\\\/\\\/glassingmonkey.com\\\/es\\\/product\\\/tabla-surf-heavy-water-go-on\\\/#primaryimage\",\"url\":\"https:\\\/\\\/glassingmonkey.com\\\/wp-content\\\/uploads\\\/2025\\\/05\\\/GO-ON.jpg\",\"contentUrl\":\"https:\\\/\\\/glassingmonkey.com\\\/wp-content\\\/uploads\\\/2025\\\/05\\\/GO-ON.jpg\",\"width\":600,\"height\":800,\"caption\":\"Heavy water go-on\"},{\"@type\":\"BreadcrumbList\",\"@id\":\"https:\\\/\\\/glassingmonkey.com\\\/es\\\/product\\\/tabla-surf-heavy-water-go-on\\\/#breadcrumb\",\"itemListElement\":[{\"@type\":\"ListItem\",\"position\":1,\"name\":\"Home\",\"item\":\"https:\\\/\\\/glassingmonkey.com\\\/es\\\/\"},{\"@type\":\"ListItem\",\"position\":2,\"name\":\"Tienda\",\"item\":\"https:\\\/\\\/glassingmonkey.com\\\/es\\\/tienda\\\/\"},{\"@type\":\"ListItem\",\"position\":3,\"name\":\"Heavy Water Go-On (Fish)\"}]},{\"@type\":\"WebSite\",\"@id\":\"https:\\\/\\\/glassingmonkey.com\\\/es\\\/#website\",\"url\":\"https:\\\/\\\/glassingmonkey.com\\\/es\\\/\",\"name\":\"Glassing Monkey\",\"description\":\"RIDE YOUR LIFE\",\"publisher\":{\"@id\":\"https:\\\/\\\/glassingmonkey.com\\\/es\\\/#organization\"},\"potentialAction\":[{\"@type\":\"SearchAction\",\"target\":{\"@type\":\"EntryPoint\",\"urlTemplate\":\"https:\\\/\\\/glassingmonkey.com\\\/es\\\/?s={search_term_string}\"},\"query-input\":{\"@type\":\"PropertyValueSpecification\",\"valueRequired\":true,\"valueName\":\"search_term_string\"}}],\"inLanguage\":\"es\"},{\"@type\":\"Organization\",\"@id\":\"https:\\\/\\\/glassingmonkey.com\\\/es\\\/#organization\",\"name\":\"Glassing Monkey\",\"url\":\"https:\\\/\\\/glassingmonkey.com\\\/es\\\/\",\"logo\":{\"@type\":\"ImageObject\",\"inLanguage\":\"es\",\"@id\":\"https:\\\/\\\/glassingmonkey.com\\\/es\\\/#\\\/schema\\\/logo\\\/image\\\/\",\"url\":\"https:\\\/\\\/glassingmonkey.com\\\/wp-content\\\/uploads\\\/2025\\\/06\\\/Glassing-monkey-surf-factory-surf-shop.webp\",\"contentUrl\":\"https:\\\/\\\/glassingmonkey.com\\\/wp-content\\\/uploads\\\/2025\\\/06\\\/Glassing-monkey-surf-factory-surf-shop.webp\",\"width\":786,\"height\":530,\"caption\":\"Glassing Monkey\"},\"image\":{\"@id\":\"https:\\\/\\\/glassingmonkey.com\\\/es\\\/#\\\/schema\\\/logo\\\/image\\\/\"},\"sameAs\":[\"https:\\\/\\\/www.instagram.com\\\/glassingmonkey\\\/\"]}]}<\/script>\n<!-- \/ Yoast SEO plugin. -->","yoast_head_json":{"title":"Heavy Water Go-on (Fish)-Tabla de surf Twin fin \/Glassing Monkey","description":"Descubre la velocidad y el flow de la Heavy Water Go-on. Una tabla Twin fin de alto rendimiento, dise\u00f1ada para un remo f\u00e1cil y giros fluidos. Hazte con ella","robots":{"index":"index","follow":"follow","max-snippet":"max-snippet:-1","max-image-preview":"max-image-preview:large","max-video-preview":"max-video-preview:-1"},"canonical":"https:\/\/glassingmonkey.com\/es\/product\/tabla-surf-heavy-water-go-on\/","og_locale":"es_ES","og_type":"article","og_title":"Heavy Water Go-on (Fish)-Tabla de surf Twin fin \/Glassing Monkey","og_description":"Descubre la velocidad y el flow de la Heavy Water Go-on. Una tabla Twin fin de alto rendimiento, dise\u00f1ada para un remo f\u00e1cil y giros fluidos. Hazte con ella","og_url":"https:\/\/glassingmonkey.com\/es\/product\/tabla-surf-heavy-water-go-on\/","og_site_name":"Glassing Monkey","article_modified_time":"2026-04-19T19:40:31+00:00","og_image":[{"width":600,"height":800,"url":"https:\/\/glassingmonkey.com\/wp-content\/uploads\/2025\/05\/GO-ON.jpg","type":"image\/jpeg"}],"twitter_card":"summary_large_image","twitter_misc":{"Tiempo de lectura":"3 minutos"},"schema":{"@context":"https:\/\/schema.org","@graph":[{"@type":["WebPage","ItemPage"],"@id":"https:\/\/glassingmonkey.com\/es\/product\/tabla-surf-heavy-water-go-on\/","url":"https:\/\/glassingmonkey.com\/es\/product\/tabla-surf-heavy-water-go-on\/","name":"Heavy Water Go-on (Fish)-Tabla de surf Twin fin \/Glassing Monkey","isPartOf":{"@id":"https:\/\/glassingmonkey.com\/es\/#website"},"primaryImageOfPage":{"@id":"https:\/\/glassingmonkey.com\/es\/product\/tabla-surf-heavy-water-go-on\/#primaryimage"},"image":{"@id":"https:\/\/glassingmonkey.com\/es\/product\/tabla-surf-heavy-water-go-on\/#primaryimage"},"thumbnailUrl":"https:\/\/glassingmonkey.com\/wp-content\/uploads\/2025\/05\/GO-ON.jpg","datePublished":"2025-05-28T09:58:12+00:00","dateModified":"2026-04-19T19:40:31+00:00","description":"Descubre la velocidad y el flow de la Heavy Water Go-on. Una tabla Twin fin de alto rendimiento, dise\u00f1ada para un remo f\u00e1cil y giros fluidos. Hazte con ella","breadcrumb":{"@id":"https:\/\/glassingmonkey.com\/es\/product\/tabla-surf-heavy-water-go-on\/#breadcrumb"},"inLanguage":"es","potentialAction":[{"@type":"ReadAction","target":["https:\/\/glassingmonkey.com\/es\/product\/tabla-surf-heavy-water-go-on\/"]}]},{"@type":"ImageObject","inLanguage":"es","@id":"https:\/\/glassingmonkey.com\/es\/product\/tabla-surf-heavy-water-go-on\/#primaryimage","url":"https:\/\/glassingmonkey.com\/wp-content\/uploads\/2025\/05\/GO-ON.jpg","contentUrl":"https:\/\/glassingmonkey.com\/wp-content\/uploads\/2025\/05\/GO-ON.jpg","width":600,"height":800,"caption":"Heavy water go-on"},{"@type":"BreadcrumbList","@id":"https:\/\/glassingmonkey.com\/es\/product\/tabla-surf-heavy-water-go-on\/#breadcrumb","itemListElement":[{"@type":"ListItem","position":1,"name":"Home","item":"https:\/\/glassingmonkey.com\/es\/"},{"@type":"ListItem","position":2,"name":"Tienda","item":"https:\/\/glassingmonkey.com\/es\/tienda\/"},{"@type":"ListItem","position":3,"name":"Heavy Water Go-On (Fish)"}]},{"@type":"WebSite","@id":"https:\/\/glassingmonkey.com\/es\/#website","url":"https:\/\/glassingmonkey.com\/es\/","name":"Glassing Monkey","description":"RIDE YOUR LIFE","publisher":{"@id":"https:\/\/glassingmonkey.com\/es\/#organization"},"potentialAction":[{"@type":"SearchAction","target":{"@type":"EntryPoint","urlTemplate":"https:\/\/glassingmonkey.com\/es\/?s={search_term_string}"},"query-input":{"@type":"PropertyValueSpecification","valueRequired":true,"valueName":"search_term_string"}}],"inLanguage":"es"},{"@type":"Organization","@id":"https:\/\/glassingmonkey.com\/es\/#organization","name":"Glassing Monkey","url":"https:\/\/glassingmonkey.com\/es\/","logo":{"@type":"ImageObject","inLanguage":"es","@id":"https:\/\/glassingmonkey.com\/es\/#\/schema\/logo\/image\/","url":"https:\/\/glassingmonkey.com\/wp-content\/uploads\/2025\/06\/Glassing-monkey-surf-factory-surf-shop.webp","contentUrl":"https:\/\/glassingmonkey.com\/wp-content\/uploads\/2025\/06\/Glassing-monkey-surf-factory-surf-shop.webp","width":786,"height":530,"caption":"Glassing Monkey"},"image":{"@id":"https:\/\/glassingmonkey.com\/es\/#\/schema\/logo\/image\/"},"sameAs":["https:\/\/www.instagram.com\/glassingmonkey\/"]}]}},"_links":{"self":[{"href":"https:\/\/glassingmonkey.com\/es\/wp-json\/wp\/v2\/product\/26777","targetHints":{"allow":["GET"]}}],"collection":[{"href":"https:\/\/glassingmonkey.com\/es\/wp-json\/wp\/v2\/product"}],"about":[{"href":"https:\/\/glassingmonkey.com\/es\/wp-json\/wp\/v2\/types\/product"}],"replies":[{"embeddable":true,"href":"https:\/\/glassingmonkey.com\/es\/wp-json\/wp\/v2\/comments?post=26777"}],"wp:featuredmedia":[{"embeddable":true,"href":"https:\/\/glassingmonkey.com\/es\/wp-json\/wp\/v2\/media\/25656"}],"wp:attachment":[{"href":"https:\/\/glassingmonkey.com\/es\/wp-json\/wp\/v2\/media?parent=26777"}],"wp:term":[{"taxonomy":"product_brand","embeddable":true,"href":"https:\/\/glassingmonkey.com\/es\/wp-json\/wp\/v2\/product_brand?post=26777"},{"taxonomy":"product_cat","embeddable":true,"href":"https:\/\/glassingmonkey.com\/es\/wp-json\/wp\/v2\/product_cat?post=26777"},{"taxonomy":"product_tag","embeddable":true,"href":"https:\/\/glassingmonkey.com\/es\/wp-json\/wp\/v2\/product_tag?post=26777"}],"curies":[{"name":"wp","href":"https:\/\/api.w.org\/{rel}","templated":true}]}}