{"id":26781,"date":"2025-05-28T11:57:42","date_gmt":"2025-05-28T09:57:42","guid":{"rendered":"https:\/\/glassingmonkey.com\/product\/heavy-water-the-dude-nueva-generacion\/"},"modified":"2026-04-19T19:06:59","modified_gmt":"2026-04-19T17:06:59","slug":"heavy-water-the-dude","status":"publish","type":"product","link":"https:\/\/glassingmonkey.com\/es\/product\/heavy-water-the-dude\/","title":{"rendered":"Heavy Water The Dude (nueva generaci\u00f3n)"},"content":{"rendered":"<h1 class=\"otQkpb\" role=\"heading\" aria-level=\"3\" data-sfc-root=\"c\" data-processed=\"true\" data-complete=\"true\">Heavy Water The Dude: La Tabla Polivalente para Maximizar tu Surf<button class=\"rBl3me\" tabindex=\"0\" data-amic=\"true\" data-icl-uuid=\"c25bba6f-a0f7-416e-9cfd-0d9be5cc9d0a\" aria-label=\"View related links\" data-wiz-attrbind=\"disabled=ODygRd_58\/C5gNJc;aria-label=ODygRd_58\/bOjMyf;class=ODygRd_58\/UpSNec\" data-ved=\"2ahUKEwjM1bTPjPqTAxXNNfsDHdzDE8EQye0OegYIAQgCEAA\" data-hveid=\"CAEIAhAA\"><\/button><\/h1>\n<div class=\"Y3BBE\" data-sfc-cp=\"\" data-sfc-root=\"c\" data-sfc-cb=\"\" data-hveid=\"CAEIAxAA\" data-complete=\"true\" data-processed=\"true\">La Heavy Water \u00a0The Dude es una tabla dise\u00f1ada para ofrecer confianza y rendimiento en el agua. En primer lugar, este modelo destaca por su capacidad para adaptarse a diferentes niveles de surf. El objetivo principal de su dise\u00f1o es facilitar la experiencia del usuario en cada sesi\u00f3n. Por esta raz\u00f3n, se ha convertido en una de las opciones m\u00e1s buscadas actualmente. Si buscas una tabla que responda siempre bien, esta es la elecci\u00f3n ideal para ti.<button class=\"rBl3me\" tabindex=\"0\" data-amic=\"true\" data-icl-uuid=\"21360bf7-52b0-420c-a2cb-022e98ed7d0d\" aria-label=\"View related links\" data-wiz-attrbind=\"disabled=ODygRd_5c\/C5gNJc;aria-label=ODygRd_5c\/bOjMyf;class=ODygRd_5c\/UpSNec\" data-ved=\"2ahUKEwjM1bTPjPqTAxXNNfsDHdzDE8EQye0OegYIAQgDEAE\" data-hveid=\"CAEIAxAB\"><\/button><\/div>\n<h2 class=\"otQkpb\" role=\"heading\" aria-level=\"3\" data-sfc-root=\"c\" data-complete=\"true\" data-processed=\"true\">Dise\u00f1o de Fondo y Rocker para un Remo Eficiente<button class=\"rBl3me\" tabindex=\"0\" data-amic=\"true\" data-icl-uuid=\"c8443a7d-e917-4c82-b5ff-2636f8737095\" aria-label=\"View related links\" data-wiz-attrbind=\"disabled=ODygRd_5h\/C5gNJc;aria-label=ODygRd_5h\/bOjMyf;class=ODygRd_5h\/UpSNec\" data-ved=\"2ahUKEwjM1bTPjPqTAxXNNfsDHdzDE8EQye0OegYIAQgEEAA\" data-hveid=\"CAEIBBAA\"><\/button><\/h2>\n<div class=\"Y3BBE\" data-sfc-cp=\"\" data-sfc-root=\"c\" data-sfc-cb=\"\" data-hveid=\"CAEIBRAA\" data-complete=\"true\" data-processed=\"true\">Una de las claves de la Heavy Water Dude es su avanzado doble c\u00f3ncavo. Esta caracter\u00edstica t\u00e9cnica permite que el agua fluya de manera \u00f3ptima bajo la tabla. Por consiguiente, el surfista experimenta una mayor elevaci\u00f3n y velocidad al deslizarse por la pared. Adem\u00e1s, cuenta con un rocker de entrada notablemente bajo. Debido a este perfil, la superficie de contacto con el agua aumenta durante el remo. Como resultado, podr\u00e1s atrapar olas con una facilidad asombrosa y mucho menos esfuerzo.<button class=\"rBl3me\" tabindex=\"0\" data-amic=\"true\" data-icl-uuid=\"3c94703a-c8e1-4702-a779-7b65d2257acf\" aria-label=\"View related links\" data-wiz-attrbind=\"disabled=ODygRd_5l\/C5gNJc;aria-label=ODygRd_5l\/bOjMyf;class=ODygRd_5l\/UpSNec\" data-ved=\"2ahUKEwjM1bTPjPqTAxXNNfsDHdzDE8EQye0OegYIAQgFEAE\" data-hveid=\"CAEIBRAB\"><\/button><\/div>\n<div class=\"Y3BBE\" data-sfc-cp=\"\" data-sfc-root=\"c\" data-sfc-cb=\"\" data-hveid=\"CAEIBhAA\" data-processed=\"true\" data-complete=\"true\">Asimismo, este dise\u00f1o ayuda a superar las secciones m\u00e1s planas de la ola. No perder\u00e1s la inercia cuando la ola pierda fuerza repentinamente. Por otro lado, la estabilidad que ofrece el rocker bajo es fundamental para el despegue. Tendr\u00e1s un apoyo firme desde el momento en que decidas ir por la ola. Por lo tanto, tu tasa de \u00e9xito en las capturas mejorar\u00e1 desde el primer d\u00eda de uso. Es una ventaja competitiva muy clara frente a otros modelos similares.<button class=\"rBl3me\" tabindex=\"0\" data-amic=\"true\" data-icl-uuid=\"bfc5816e-47af-4a46-b06d-96f49ad0ac82\" aria-label=\"View related links\" data-wiz-attrbind=\"disabled=ODygRd_5p\/C5gNJc;aria-label=ODygRd_5p\/bOjMyf;class=ODygRd_5p\/UpSNec\" data-ved=\"2ahUKEwjM1bTPjPqTAxXNNfsDHdzDE8EQye0OegYIAQgGEAE\" data-hveid=\"CAEIBhAB\"><\/button><\/div>\n<h2 class=\"otQkpb\" role=\"heading\" aria-level=\"3\" data-sfc-root=\"c\" data-complete=\"true\" data-processed=\"true\">Rendimiento Vers\u00e1til en Diversas Condiciones de Mar<button class=\"rBl3me\" tabindex=\"0\" data-amic=\"true\" data-icl-uuid=\"b1f6d86f-6379-4204-bc8e-6640d06bbe48\" aria-label=\"View related links\" data-wiz-attrbind=\"disabled=ODygRd_5u\/C5gNJc;aria-label=ODygRd_5u\/bOjMyf;class=ODygRd_5u\/UpSNec\" data-ved=\"2ahUKEwjM1bTPjPqTAxXNNfsDHdzDE8EQye0OegYIAQgHEAA\" data-hveid=\"CAEIBxAA\"><\/button><\/h2>\n<div class=\"Y3BBE\" data-sfc-cp=\"\" data-sfc-root=\"c\" data-sfc-cb=\"\" data-hveid=\"CAEICBAA\" data-complete=\"true\" data-processed=\"true\">Respecto al tama\u00f1o de las olas, esta tabla fue pensada principalmente para condiciones medias. Funciona de manera excepcional en olas que van desde la cintura hasta los hombros. No obstante, la versatilidad de la Heavy Water Dude va mucho m\u00e1s all\u00e1. De hecho, se comporta muy bien en condiciones de olas a la altura de la cabeza. Incluso en olas mayores, la tabla mantiene un agarre firme y una trayectoria muy segura.<button class=\"rBl3me\" tabindex=\"0\" data-amic=\"true\" data-icl-uuid=\"c4d72ac4-793b-4583-a6e4-bd4b65c38af2\" aria-label=\"View related links\" data-wiz-attrbind=\"disabled=ODygRd_5y\/C5gNJc;aria-label=ODygRd_5y\/bOjMyf;class=ODygRd_5y\/UpSNec\" data-ved=\"2ahUKEwjM1bTPjPqTAxXNNfsDHdzDE8EQye0OegYIAQgIEAE\" data-hveid=\"CAEICBAB\"><\/button><\/div>\n<div class=\"Y3BBE\" data-sfc-cp=\"\" data-sfc-root=\"c\" data-sfc-cb=\"\" data-hveid=\"CAEICRAA\" data-processed=\"true\" data-complete=\"true\">Sumado a esto, la distribuci\u00f3n del volumen permite mantener el control en situaciones cr\u00edticas. No tendr\u00e1s que preocuparte por la falta de estabilidad en giros m\u00e1s potentes. Del mismo modo, la tabla permite realizar transiciones suaves entre las diferentes partes de la ola. Ciertamente, es una herramienta que te permite surfear con total libertad y confianza. Podr\u00e1s disfrutar de sesiones largas independientemente de c\u00f3mo se presente el mar ese d\u00eda.<button class=\"rBl3me\" tabindex=\"0\" data-amic=\"true\" data-icl-uuid=\"b5aebbaa-bd31-4306-a500-d1c3999d5ca2\" aria-label=\"View related links\" data-wiz-attrbind=\"disabled=ODygRd_62\/C5gNJc;aria-label=ODygRd_62\/bOjMyf;class=ODygRd_62\/UpSNec\" data-ved=\"2ahUKEwjM1bTPjPqTAxXNNfsDHdzDE8EQye0OegYIAQgJEAE\" data-hveid=\"CAEICRAB\"><\/button><\/div>\n<h2 class=\"otQkpb\" role=\"heading\" aria-level=\"3\" data-sfc-root=\"c\" data-processed=\"true\" data-complete=\"true\">Por qu\u00e9 la Heavy Water The Dude debe estar en tu equipo<button class=\"rBl3me\" tabindex=\"0\" data-amic=\"true\" data-icl-uuid=\"19648423-b2a0-4873-bb05-9e194989bf9c\" aria-label=\"View related links\" data-wiz-attrbind=\"disabled=ODygRd_67\/C5gNJc;aria-label=ODygRd_67\/bOjMyf;class=ODygRd_67\/UpSNec\" data-ved=\"2ahUKEwjM1bTPjPqTAxXNNfsDHdzDE8EQye0OegYIAQgKEAA\" data-hveid=\"CAEIChAA\"><\/button><\/h2>\n<div class=\"Y3BBE\" data-sfc-cp=\"\" data-sfc-root=\"c\" data-sfc-cb=\"\" data-hveid=\"CAEICxAA\" data-complete=\"true\" data-processed=\"true\">En conclusi\u00f3n, este modelo es la combinaci\u00f3n perfecta entre facilidad de uso y rendimiento t\u00e9cnico. Une un dise\u00f1o hidrodin\u00e1mico superior con una polivalencia que pocas tablas ofrecen hoy. De igual importancia es su construcci\u00f3n robusta, que garantiza una excelente durabilidad con el tiempo. Por \u00faltimo, obtendr\u00e1s una tabla \u00e1gil que te ayudar\u00e1 a evolucionar en tu surfing diario. Es el momento de invertir en un dise\u00f1o que realmente facilite tu progresi\u00f3n.<button class=\"rBl3me\" tabindex=\"0\" data-amic=\"true\" data-icl-uuid=\"859bbb19-494f-4c63-a86e-e4193b95ccf1\" aria-label=\"View related links\" data-wiz-attrbind=\"disabled=ODygRd_6b\/C5gNJc;aria-label=ODygRd_6b\/bOjMyf;class=ODygRd_6b\/UpSNec\" data-ved=\"2ahUKEwjM1bTPjPqTAxXNNfsDHdzDE8EQye0OegYIAQgLEAE\" data-hveid=\"CAEICxAB\"><\/button><\/div>\n<div class=\"Y3BBE\" data-sfc-cp=\"\" data-sfc-root=\"c\" data-sfc-cb=\"\" data-hveid=\"CAEIDBAA\" data-processed=\"true\" data-complete=\"true\" aria-owns=\"action-menu-parent-container\">Finalmente, la sensaci\u00f3n de fluidez que aporta la Heavy Water Dude es inigualable en su categor\u00eda. Te permite centrarte en disfrutar y mejorar tu t\u00e9cnica sin complicaciones innecesarias. Esta tabla transforma cada entrada al agua en una oportunidad para divertirse al m\u00e1ximo. No dejes pasar la oportunidad de tener un equipo que rinda en casi cualquier condici\u00f3n.<\/div>\n","protected":false},"excerpt":{"rendered":"<p>La DUDE est\u00e1 dise\u00f1ada con doble c\u00f3ncavo y rocker de entrada bajo para una remada sencilla y una toma de ola m\u00e1s f\u00e1cil.<\/p>\n","protected":false},"featured_media":25644,"comment_status":"closed","ping_status":"closed","template":"","meta":{"site-sidebar-layout":"default","site-content-layout":"","ast-site-content-layout":"default","site-content-style":"default","site-sidebar-style":"default","ast-global-header-display":"","ast-banner-title-visibility":"","ast-main-header-display":"","ast-hfb-above-header-display":"","ast-hfb-below-header-display":"","ast-hfb-mobile-header-display":"","site-post-title":"","ast-breadcrumbs-content":"","ast-featured-img":"","footer-sml-layout":"","ast-disable-related-posts":"","theme-transparent-header-meta":"default","adv-header-id-meta":"","stick-header-meta":"","header-above-stick-meta":"","header-main-stick-meta":"","header-below-stick-meta":"","astra-migrate-meta-layouts":"set","ast-page-background-enabled":"default","ast-page-background-meta":{"desktop":{"background-color":"var(--ast-global-color-5)","background-image":"","background-repeat":"repeat","background-position":"center center","background-size":"auto","background-attachment":"scroll","background-type":"","background-media":"","overlay-type":"","overlay-color":"","overlay-opacity":"","overlay-gradient":""},"tablet":{"background-color":"","background-image":"","background-repeat":"repeat","background-position":"center center","background-size":"auto","background-attachment":"scroll","background-type":"","background-media":"","overlay-type":"","overlay-color":"","overlay-opacity":"","overlay-gradient":""},"mobile":{"background-color":"","background-image":"","background-repeat":"repeat","background-position":"center center","background-size":"auto","background-attachment":"scroll","background-type":"","background-media":"","overlay-type":"","overlay-color":"","overlay-opacity":"","overlay-gradient":""}},"ast-content-background-meta":{"desktop":{"background-color":"var(--ast-global-color-4)","background-image":"","background-repeat":"repeat","background-position":"center center","background-size":"auto","background-attachment":"scroll","background-type":"","background-media":"","overlay-type":"","overlay-color":"","overlay-opacity":"","overlay-gradient":""},"tablet":{"background-color":"var(--ast-global-color-4)","background-image":"","background-repeat":"repeat","background-position":"center center","background-size":"auto","background-attachment":"scroll","background-type":"","background-media":"","overlay-type":"","overlay-color":"","overlay-opacity":"","overlay-gradient":""},"mobile":{"background-color":"var(--ast-global-color-4)","background-image":"","background-repeat":"repeat","background-position":"center center","background-size":"auto","background-attachment":"scroll","background-type":"","background-media":"","overlay-type":"","overlay-color":"","overlay-opacity":"","overlay-gradient":""}}},"product_brand":[1264],"product_cat":[1257,1307,1196],"product_tag":[],"class_list":{"0":"post-26781","1":"product","2":"type-product","3":"status-publish","4":"has-post-thumbnail","6":"product_brand-heavy-water-surfboards","7":"product_cat-tablas-para-olas-pequenas","8":"product_cat-tablas-all-round","9":"product_cat-tablas-de-surf-personalizadas","10":"pa_model-the-dude","11":"pa_thickness-2-1-2-es-2","12":"pa_thickness-2-1-4","13":"pa_thickness-2-11-16","14":"pa_thickness-2-3-8-es-2","15":"pa_thickness-2-5-16-es-2","16":"pa_thickness-2-5-8","17":"pa_thickness-2-7-16-es-2","18":"pa_thickness-2-9-16","19":"pa_width-19-3-4","20":"pa_width-20-1-2-es-2","21":"pa_width-20-1-4-es-2","22":"pa_width-20-3-4-es-2","23":"pa_width-1305","24":"pa_width-21-1-2","25":"pa_width-21-1-4","26":"pa_width-1320","27":"desktop-align-left","28":"tablet-align-left","29":"mobile-align-left","31":"first","32":"instock","33":"sale","34":"shipping-taxable","35":"purchasable","36":"product-type-variable"},"yoast_head":"<!-- This site is optimized with the Yoast SEO plugin v27.5 - https:\/\/yoast.com\/product\/yoast-seo-wordpress\/ -->\n<title>Heavy Water The Dude \/ Glassing Monkey<\/title>\n<meta name=\"description\" content=\"Descubre la Heavy Water The Dude de nueva generaci\u00f3n. Una tabla dise\u00f1ada para maximizar la diversion en olas peque\u00f1as y medianas. Calidad premium\" \/>\n<meta name=\"robots\" content=\"index, follow, max-snippet:-1, max-image-preview:large, max-video-preview:-1\" \/>\n<link rel=\"canonical\" href=\"https:\/\/glassingmonkey.com\/es\/product\/heavy-water-the-dude\/\" \/>\n<meta property=\"og:locale\" content=\"es_ES\" \/>\n<meta property=\"og:type\" content=\"article\" \/>\n<meta property=\"og:title\" content=\"Heavy Water The Dude \/ Glassing Monkey\" \/>\n<meta property=\"og:description\" content=\"Descubre la Heavy Water The Dude de nueva generaci\u00f3n. Una tabla dise\u00f1ada para maximizar la diversion en olas peque\u00f1as y medianas. Calidad premium\" \/>\n<meta property=\"og:url\" content=\"https:\/\/glassingmonkey.com\/es\/product\/heavy-water-the-dude\/\" \/>\n<meta property=\"og:site_name\" content=\"Glassing Monkey\" \/>\n<meta property=\"article:modified_time\" content=\"2026-04-19T17:06:59+00:00\" \/>\n<meta property=\"og:image\" content=\"https:\/\/glassingmonkey.com\/wp-content\/uploads\/2025\/05\/THE-DUDE.jpg\" \/>\n\t<meta property=\"og:image:width\" content=\"600\" \/>\n\t<meta property=\"og:image:height\" content=\"800\" \/>\n\t<meta property=\"og:image:type\" content=\"image\/jpeg\" \/>\n<meta name=\"twitter:card\" content=\"summary_large_image\" \/>\n<meta name=\"twitter:label1\" content=\"Tiempo de lectura\" \/>\n\t<meta name=\"twitter:data1\" content=\"3 minutos\" \/>\n<script type=\"application\/ld+json\" class=\"yoast-schema-graph\">{\"@context\":\"https:\\\/\\\/schema.org\",\"@graph\":[{\"@type\":[\"WebPage\",\"ItemPage\"],\"@id\":\"https:\\\/\\\/glassingmonkey.com\\\/es\\\/product\\\/heavy-water-the-dude\\\/\",\"url\":\"https:\\\/\\\/glassingmonkey.com\\\/es\\\/product\\\/heavy-water-the-dude\\\/\",\"name\":\"Heavy Water The Dude \\\/ Glassing Monkey\",\"isPartOf\":{\"@id\":\"https:\\\/\\\/glassingmonkey.com\\\/es\\\/#website\"},\"primaryImageOfPage\":{\"@id\":\"https:\\\/\\\/glassingmonkey.com\\\/es\\\/product\\\/heavy-water-the-dude\\\/#primaryimage\"},\"image\":{\"@id\":\"https:\\\/\\\/glassingmonkey.com\\\/es\\\/product\\\/heavy-water-the-dude\\\/#primaryimage\"},\"thumbnailUrl\":\"https:\\\/\\\/glassingmonkey.com\\\/wp-content\\\/uploads\\\/2025\\\/05\\\/THE-DUDE.jpg\",\"datePublished\":\"2025-05-28T09:57:42+00:00\",\"dateModified\":\"2026-04-19T17:06:59+00:00\",\"description\":\"Descubre la Heavy Water The Dude de nueva generaci\u00f3n. Una tabla dise\u00f1ada para maximizar la diversion en olas peque\u00f1as y medianas. Calidad premium\",\"breadcrumb\":{\"@id\":\"https:\\\/\\\/glassingmonkey.com\\\/es\\\/product\\\/heavy-water-the-dude\\\/#breadcrumb\"},\"inLanguage\":\"es\",\"potentialAction\":[{\"@type\":\"ReadAction\",\"target\":[\"https:\\\/\\\/glassingmonkey.com\\\/es\\\/product\\\/heavy-water-the-dude\\\/\"]}]},{\"@type\":\"ImageObject\",\"inLanguage\":\"es\",\"@id\":\"https:\\\/\\\/glassingmonkey.com\\\/es\\\/product\\\/heavy-water-the-dude\\\/#primaryimage\",\"url\":\"https:\\\/\\\/glassingmonkey.com\\\/wp-content\\\/uploads\\\/2025\\\/05\\\/THE-DUDE.jpg\",\"contentUrl\":\"https:\\\/\\\/glassingmonkey.com\\\/wp-content\\\/uploads\\\/2025\\\/05\\\/THE-DUDE.jpg\",\"width\":600,\"height\":800,\"caption\":\"heavy water the dude\"},{\"@type\":\"BreadcrumbList\",\"@id\":\"https:\\\/\\\/glassingmonkey.com\\\/es\\\/product\\\/heavy-water-the-dude\\\/#breadcrumb\",\"itemListElement\":[{\"@type\":\"ListItem\",\"position\":1,\"name\":\"Home\",\"item\":\"https:\\\/\\\/glassingmonkey.com\\\/es\\\/\"},{\"@type\":\"ListItem\",\"position\":2,\"name\":\"Tienda\",\"item\":\"https:\\\/\\\/glassingmonkey.com\\\/es\\\/tienda\\\/\"},{\"@type\":\"ListItem\",\"position\":3,\"name\":\"Heavy Water The Dude (nueva generaci\u00f3n)\"}]},{\"@type\":\"WebSite\",\"@id\":\"https:\\\/\\\/glassingmonkey.com\\\/es\\\/#website\",\"url\":\"https:\\\/\\\/glassingmonkey.com\\\/es\\\/\",\"name\":\"Glassing Monkey\",\"description\":\"RIDE YOUR LIFE\",\"publisher\":{\"@id\":\"https:\\\/\\\/glassingmonkey.com\\\/es\\\/#organization\"},\"potentialAction\":[{\"@type\":\"SearchAction\",\"target\":{\"@type\":\"EntryPoint\",\"urlTemplate\":\"https:\\\/\\\/glassingmonkey.com\\\/es\\\/?s={search_term_string}\"},\"query-input\":{\"@type\":\"PropertyValueSpecification\",\"valueRequired\":true,\"valueName\":\"search_term_string\"}}],\"inLanguage\":\"es\"},{\"@type\":\"Organization\",\"@id\":\"https:\\\/\\\/glassingmonkey.com\\\/es\\\/#organization\",\"name\":\"Glassing Monkey\",\"url\":\"https:\\\/\\\/glassingmonkey.com\\\/es\\\/\",\"logo\":{\"@type\":\"ImageObject\",\"inLanguage\":\"es\",\"@id\":\"https:\\\/\\\/glassingmonkey.com\\\/es\\\/#\\\/schema\\\/logo\\\/image\\\/\",\"url\":\"https:\\\/\\\/glassingmonkey.com\\\/wp-content\\\/uploads\\\/2025\\\/06\\\/Glassing-monkey-surf-factory-surf-shop.webp\",\"contentUrl\":\"https:\\\/\\\/glassingmonkey.com\\\/wp-content\\\/uploads\\\/2025\\\/06\\\/Glassing-monkey-surf-factory-surf-shop.webp\",\"width\":786,\"height\":530,\"caption\":\"Glassing Monkey\"},\"image\":{\"@id\":\"https:\\\/\\\/glassingmonkey.com\\\/es\\\/#\\\/schema\\\/logo\\\/image\\\/\"},\"sameAs\":[\"https:\\\/\\\/www.instagram.com\\\/glassingmonkey\\\/\"]}]}<\/script>\n<!-- \/ Yoast SEO plugin. -->","yoast_head_json":{"title":"Heavy Water The Dude \/ Glassing Monkey","description":"Descubre la Heavy Water The Dude de nueva generaci\u00f3n. Una tabla dise\u00f1ada para maximizar la diversion en olas peque\u00f1as y medianas. Calidad premium","robots":{"index":"index","follow":"follow","max-snippet":"max-snippet:-1","max-image-preview":"max-image-preview:large","max-video-preview":"max-video-preview:-1"},"canonical":"https:\/\/glassingmonkey.com\/es\/product\/heavy-water-the-dude\/","og_locale":"es_ES","og_type":"article","og_title":"Heavy Water The Dude \/ Glassing Monkey","og_description":"Descubre la Heavy Water The Dude de nueva generaci\u00f3n. Una tabla dise\u00f1ada para maximizar la diversion en olas peque\u00f1as y medianas. Calidad premium","og_url":"https:\/\/glassingmonkey.com\/es\/product\/heavy-water-the-dude\/","og_site_name":"Glassing Monkey","article_modified_time":"2026-04-19T17:06:59+00:00","og_image":[{"width":600,"height":800,"url":"https:\/\/glassingmonkey.com\/wp-content\/uploads\/2025\/05\/THE-DUDE.jpg","type":"image\/jpeg"}],"twitter_card":"summary_large_image","twitter_misc":{"Tiempo de lectura":"3 minutos"},"schema":{"@context":"https:\/\/schema.org","@graph":[{"@type":["WebPage","ItemPage"],"@id":"https:\/\/glassingmonkey.com\/es\/product\/heavy-water-the-dude\/","url":"https:\/\/glassingmonkey.com\/es\/product\/heavy-water-the-dude\/","name":"Heavy Water The Dude \/ Glassing Monkey","isPartOf":{"@id":"https:\/\/glassingmonkey.com\/es\/#website"},"primaryImageOfPage":{"@id":"https:\/\/glassingmonkey.com\/es\/product\/heavy-water-the-dude\/#primaryimage"},"image":{"@id":"https:\/\/glassingmonkey.com\/es\/product\/heavy-water-the-dude\/#primaryimage"},"thumbnailUrl":"https:\/\/glassingmonkey.com\/wp-content\/uploads\/2025\/05\/THE-DUDE.jpg","datePublished":"2025-05-28T09:57:42+00:00","dateModified":"2026-04-19T17:06:59+00:00","description":"Descubre la Heavy Water The Dude de nueva generaci\u00f3n. Una tabla dise\u00f1ada para maximizar la diversion en olas peque\u00f1as y medianas. Calidad premium","breadcrumb":{"@id":"https:\/\/glassingmonkey.com\/es\/product\/heavy-water-the-dude\/#breadcrumb"},"inLanguage":"es","potentialAction":[{"@type":"ReadAction","target":["https:\/\/glassingmonkey.com\/es\/product\/heavy-water-the-dude\/"]}]},{"@type":"ImageObject","inLanguage":"es","@id":"https:\/\/glassingmonkey.com\/es\/product\/heavy-water-the-dude\/#primaryimage","url":"https:\/\/glassingmonkey.com\/wp-content\/uploads\/2025\/05\/THE-DUDE.jpg","contentUrl":"https:\/\/glassingmonkey.com\/wp-content\/uploads\/2025\/05\/THE-DUDE.jpg","width":600,"height":800,"caption":"heavy water the dude"},{"@type":"BreadcrumbList","@id":"https:\/\/glassingmonkey.com\/es\/product\/heavy-water-the-dude\/#breadcrumb","itemListElement":[{"@type":"ListItem","position":1,"name":"Home","item":"https:\/\/glassingmonkey.com\/es\/"},{"@type":"ListItem","position":2,"name":"Tienda","item":"https:\/\/glassingmonkey.com\/es\/tienda\/"},{"@type":"ListItem","position":3,"name":"Heavy Water The Dude (nueva generaci\u00f3n)"}]},{"@type":"WebSite","@id":"https:\/\/glassingmonkey.com\/es\/#website","url":"https:\/\/glassingmonkey.com\/es\/","name":"Glassing Monkey","description":"RIDE YOUR LIFE","publisher":{"@id":"https:\/\/glassingmonkey.com\/es\/#organization"},"potentialAction":[{"@type":"SearchAction","target":{"@type":"EntryPoint","urlTemplate":"https:\/\/glassingmonkey.com\/es\/?s={search_term_string}"},"query-input":{"@type":"PropertyValueSpecification","valueRequired":true,"valueName":"search_term_string"}}],"inLanguage":"es"},{"@type":"Organization","@id":"https:\/\/glassingmonkey.com\/es\/#organization","name":"Glassing Monkey","url":"https:\/\/glassingmonkey.com\/es\/","logo":{"@type":"ImageObject","inLanguage":"es","@id":"https:\/\/glassingmonkey.com\/es\/#\/schema\/logo\/image\/","url":"https:\/\/glassingmonkey.com\/wp-content\/uploads\/2025\/06\/Glassing-monkey-surf-factory-surf-shop.webp","contentUrl":"https:\/\/glassingmonkey.com\/wp-content\/uploads\/2025\/06\/Glassing-monkey-surf-factory-surf-shop.webp","width":786,"height":530,"caption":"Glassing Monkey"},"image":{"@id":"https:\/\/glassingmonkey.com\/es\/#\/schema\/logo\/image\/"},"sameAs":["https:\/\/www.instagram.com\/glassingmonkey\/"]}]}},"_links":{"self":[{"href":"https:\/\/glassingmonkey.com\/es\/wp-json\/wp\/v2\/product\/26781","targetHints":{"allow":["GET"]}}],"collection":[{"href":"https:\/\/glassingmonkey.com\/es\/wp-json\/wp\/v2\/product"}],"about":[{"href":"https:\/\/glassingmonkey.com\/es\/wp-json\/wp\/v2\/types\/product"}],"replies":[{"embeddable":true,"href":"https:\/\/glassingmonkey.com\/es\/wp-json\/wp\/v2\/comments?post=26781"}],"wp:featuredmedia":[{"embeddable":true,"href":"https:\/\/glassingmonkey.com\/es\/wp-json\/wp\/v2\/media\/25644"}],"wp:attachment":[{"href":"https:\/\/glassingmonkey.com\/es\/wp-json\/wp\/v2\/media?parent=26781"}],"wp:term":[{"taxonomy":"product_brand","embeddable":true,"href":"https:\/\/glassingmonkey.com\/es\/wp-json\/wp\/v2\/product_brand?post=26781"},{"taxonomy":"product_cat","embeddable":true,"href":"https:\/\/glassingmonkey.com\/es\/wp-json\/wp\/v2\/product_cat?post=26781"},{"taxonomy":"product_tag","embeddable":true,"href":"https:\/\/glassingmonkey.com\/es\/wp-json\/wp\/v2\/product_tag?post=26781"}],"curies":[{"name":"wp","href":"https:\/\/api.w.org\/{rel}","templated":true}]}}