{"id":26785,"date":"2025-05-28T11:57:42","date_gmt":"2025-05-28T09:57:42","guid":{"rendered":"https:\/\/glassingmonkey.com\/product\/heavy-water-barracuda-fish\/"},"modified":"2026-04-19T21:04:05","modified_gmt":"2026-04-19T19:04:05","slug":"heavy-water-barracuda-fish","status":"publish","type":"product","link":"https:\/\/glassingmonkey.com\/es\/product\/heavy-water-barracuda-fish\/","title":{"rendered":"Heavy Water Barracuda (Fish)"},"content":{"rendered":"<h1 class=\"otQkpb\" role=\"heading\" aria-level=\"3\" data-sfc-root=\"c\" data-complete=\"true\" data-processed=\"true\">Heavy Water Barracuda: El Fish de Alto Rendimiento para Olas R\u00e1pidas<button class=\"rBl3me\" tabindex=\"0\" data-amic=\"true\" data-icl-uuid=\"45be8c19-929b-4c69-94ae-6bb76fa36886\" aria-label=\"View related links\" data-wiz-attrbind=\"disabled=KXf3ld_m\/C5gNJc;aria-label=KXf3ld_m\/bOjMyf;class=KXf3ld_m\/UpSNec\" data-ved=\"2ahUKEwib6N39uPqTAxWULVkFHYjOPGAQye0OegYIAQgCEAA\" data-hveid=\"CAEIAhAA\"><\/button><\/h1>\n<div class=\"Y3BBE\" data-sfc-cp=\"\" data-sfc-root=\"c\" data-sfc-cb=\"\" data-hveid=\"CAEIAxAA\" data-processed=\"true\" data-complete=\"true\">La Heavy Water Barracuda redefine lo que esperamos de una tabla tipo fish moderna actualmente. En primer lugar, este modelo combina la flotabilidad cl\u00e1sica con una agilidad que resulta sorprendente. A diferencia de los modelos retro, la Barracuda busca un rendimiento mucho m\u00e1s din\u00e1mico y fluido. Est\u00e1 dise\u00f1ada para surfistas que quieren la velocidad de un fish pero con giros cerrados. Por esta raz\u00f3n, se ha convertido en una pieza clave para condiciones de mar variadas.<button class=\"rBl3me\" tabindex=\"0\" data-amic=\"true\" data-icl-uuid=\"286b84ac-1874-456f-874d-100c3682aeca\" aria-label=\"View related links\" data-wiz-attrbind=\"disabled=KXf3ld_q\/C5gNJc;aria-label=KXf3ld_q\/bOjMyf;class=KXf3ld_q\/UpSNec\" data-ved=\"2ahUKEwib6N39uPqTAxWULVkFHYjOPGAQye0OegYIAQgDEAE\" data-hveid=\"CAEIAxAB\"><\/button><\/div>\n<h2 class=\"otQkpb\" role=\"heading\" aria-level=\"3\" data-sfc-root=\"c\" data-processed=\"true\" data-complete=\"true\">Dise\u00f1o de Outline y Rocker para M\u00e1xima Velocidad<button class=\"rBl3me\" tabindex=\"0\" data-amic=\"true\" data-icl-uuid=\"742adbe8-f668-4c28-bf5d-18056ac375e4\" aria-label=\"View related links\" data-wiz-attrbind=\"disabled=KXf3ld_v\/C5gNJc;aria-label=KXf3ld_v\/bOjMyf;class=KXf3ld_v\/UpSNec\" data-ved=\"2ahUKEwib6N39uPqTAxWULVkFHYjOPGAQye0OegYIAQgEEAA\" data-hveid=\"CAEIBBAA\"><\/button><\/h2>\n<div class=\"Y3BBE\" data-sfc-cp=\"\" data-sfc-root=\"c\" data-sfc-cb=\"\" data-hveid=\"CAEIBRAA\" data-complete=\"true\" data-processed=\"true\">El dise\u00f1o del outline de la Barracuda es ligeramente m\u00e1s estilizado que un fish convencional. Esta forma permite que la tabla entre en secciones cr\u00edticas con una mayor seguridad. Adicionalmente, cuenta con un rocker de entrada moderado que facilita el planeo de forma inmediata. Debido a esto, la tabla genera velocidad por s\u00ed sola desde el primer movimiento. Como resultado, podr\u00e1s superar secciones de espuma o partes planas sin ning\u00fan problema t\u00e9cnico.<button class=\"rBl3me\" tabindex=\"0\" data-amic=\"true\" data-icl-uuid=\"b6666345-d7c5-46f7-8feb-16c52411f667\" aria-label=\"View related links\" data-wiz-attrbind=\"disabled=KXf3ld_z\/C5gNJc;aria-label=KXf3ld_z\/bOjMyf;class=KXf3ld_z\/UpSNec\" data-ved=\"2ahUKEwib6N39uPqTAxWULVkFHYjOPGAQye0OegYIAQgFEAE\" data-hveid=\"CAEIBRAB\"><\/button><\/div>\n<div class=\"Y3BBE\" data-sfc-cp=\"\" data-sfc-root=\"c\" data-sfc-cb=\"\" data-hveid=\"CAEIBhAA\" data-processed=\"true\" data-complete=\"true\">Asimismo, la distribuci\u00f3n del volumen est\u00e1 pensada para ofrecer una remada que sea muy potente. Podr\u00e1s posicionarte mejor en el pico y atrapar m\u00e1s olas en cada una de tus sesiones. Por otro lado, la tabla mantiene una estabilidad incre\u00edble durante el despegue o take-off inicial. Por lo tanto, sentir\u00e1s una confianza total al lanzarte en olas que tengan m\u00e1s pared. Es una ventaja fundamental para aquellos que buscan progresar en su surfing diario r\u00e1pidamente.<button class=\"rBl3me\" tabindex=\"0\" data-amic=\"true\" data-icl-uuid=\"aeeb3c87-3527-410e-9c50-bfabe5070425\" aria-label=\"View related links\" data-wiz-attrbind=\"disabled=KXf3ld_13\/C5gNJc;aria-label=KXf3ld_13\/bOjMyf;class=KXf3ld_13\/UpSNec\" data-ved=\"2ahUKEwib6N39uPqTAxWULVkFHYjOPGAQye0OegYIAQgGEAE\" data-hveid=\"CAEIBhAB\"><\/button><\/div>\n<h2 class=\"otQkpb\" role=\"heading\" aria-level=\"3\" data-sfc-root=\"c\" data-processed=\"true\" data-complete=\"true\">Innovaci\u00f3n en la Cola y el Fondo para un Control Total<button class=\"rBl3me\" tabindex=\"0\" data-amic=\"true\" data-icl-uuid=\"82d3f29e-69b5-465c-82e2-3052a508e82c\" aria-label=\"View related links\" data-wiz-attrbind=\"disabled=KXf3ld_18\/C5gNJc;aria-label=KXf3ld_18\/bOjMyf;class=KXf3ld_18\/UpSNec\" data-ved=\"2ahUKEwib6N39uPqTAxWULVkFHYjOPGAQye0OegYIAQgHEAA\" data-hveid=\"CAEIBxAA\"><\/button><\/h2>\n<div class=\"Y3BBE\" data-sfc-cp=\"\" data-sfc-root=\"c\" data-sfc-cb=\"\" data-hveid=\"CAEICBAA\" data-complete=\"true\" data-processed=\"true\">Respecto a la parte trasera, la Barracuda incorpora una cola swallow que es muy reactiva. Esta configuraci\u00f3n permite que la tabla pivote con total facilidad en el bolsillo de la ola. Sumado a esto, el dise\u00f1o del fondo incluye un c\u00f3ncavo simple que evoluciona hacia la cola. Esta caracter\u00edstica t\u00e9cnica ayuda a dirigir el flujo de agua de manera muy eficiente. De hecho, sentir\u00e1s c\u00f3mo la tabla acelera instant\u00e1neamente al aplicar presi\u00f3n en el pie trasero.<button class=\"rBl3me\" tabindex=\"0\" data-amic=\"true\" data-icl-uuid=\"9e29c405-87a8-4492-aac2-ed568143acb7\" aria-label=\"View related links\" data-wiz-attrbind=\"disabled=KXf3ld_1c\/C5gNJc;aria-label=KXf3ld_1c\/bOjMyf;class=KXf3ld_1c\/UpSNec\" data-ved=\"2ahUKEwib6N39uPqTAxWULVkFHYjOPGAQye0OegYIAQgIEAE\" data-hveid=\"CAEICBAB\"><\/button><\/div>\n<div class=\"Y3BBE\" data-sfc-cp=\"\" data-sfc-root=\"c\" data-sfc-cb=\"\" data-hveid=\"CAEICRAA\" data-processed=\"true\" data-complete=\"true\">Del mismo modo, los cantos han sido refinados para ofrecer un agarre superior en los giros. No sentir\u00e1s esa sensaci\u00f3n de deriva que suelen tener algunos modelos fish m\u00e1s antiguos. Ciertamente, esta tabla permite trazar l\u00edneas mucho m\u00e1s verticales y modernas sobre cualquier ola. Es una herramienta polivalente que responde bien tanto en olas peque\u00f1as como en medianas. Disfrutar\u00e1s de una transici\u00f3n fluida de canto a canto en todo momento del recorrido.<button class=\"rBl3me\" tabindex=\"0\" data-amic=\"true\" data-icl-uuid=\"b80a1853-bbd6-43b1-a3d3-6b97f1ee1f79\" aria-label=\"View related links\" data-wiz-attrbind=\"disabled=KXf3ld_1g\/C5gNJc;aria-label=KXf3ld_1g\/bOjMyf;class=KXf3ld_1g\/UpSNec\" data-ved=\"2ahUKEwib6N39uPqTAxWULVkFHYjOPGAQye0OegYIAQgJEAE\" data-hveid=\"CAEICRAB\"><\/button><\/div>\n<h2 class=\"otQkpb\" role=\"heading\" aria-level=\"3\" data-sfc-root=\"c\" data-processed=\"true\" data-complete=\"true\">Por qu\u00e9 elegir la Heavy Water Barracuda este a\u00f1o<button class=\"rBl3me\" tabindex=\"0\" data-amic=\"true\" data-icl-uuid=\"99c51af0-5ca4-4ed6-910f-038ae4f3cf75\" aria-label=\"View related links\" data-wiz-attrbind=\"disabled=KXf3ld_1l\/C5gNJc;aria-label=KXf3ld_1l\/bOjMyf;class=KXf3ld_1l\/UpSNec\" data-ved=\"2ahUKEwib6N39uPqTAxWULVkFHYjOPGAQye0OegYIAQgKEAA\" data-hveid=\"CAEIChAA\"><\/button><\/h2>\n<div class=\"Y3BBE\" data-sfc-cp=\"\" data-sfc-root=\"c\" data-sfc-cb=\"\" data-hveid=\"CAEICxAA\" data-complete=\"true\" data-processed=\"true\">En conclusi\u00f3n, la Barracuda es la mezcla perfecta entre velocidad cl\u00e1sica y maniobrabilidad t\u00e9cnica moderna. Une lo mejor de dos mundos para ofrecer una experiencia de surf \u00fanica y divertida. De igual importancia es su capacidad para rendir en condiciones de mar que no sean ideales. Por \u00faltimo, obtendr\u00e1s una tabla duradera y ligera gracias a sus materiales de construcci\u00f3n premium. Es el momento de elevar tu nivel de surf con un dise\u00f1o innovador.<button class=\"rBl3me\" tabindex=\"0\" data-amic=\"true\" data-icl-uuid=\"fb9c8929-29a6-4b43-97b8-806179294abf\" aria-label=\"View related links\" data-wiz-attrbind=\"disabled=KXf3ld_1p\/C5gNJc;aria-label=KXf3ld_1p\/bOjMyf;class=KXf3ld_1p\/UpSNec\" data-ved=\"2ahUKEwib6N39uPqTAxWULVkFHYjOPGAQye0OegYIAQgLEAE\" data-hveid=\"CAEICxAB\"><\/button><\/div>\n<div class=\"Y3BBE\" data-sfc-cp=\"\" data-sfc-root=\"c\" data-sfc-cb=\"\" data-hveid=\"CAEIDBAA\" data-processed=\"true\" data-complete=\"true\" aria-owns=\"action-menu-parent-container\">Finalmente, la sensaci\u00f3n de libertad que aporta este fish es muy dif\u00edcil de igualar hoy. Te permite explorar nuevas trayectorias y mejorar tu propio estilo con cada ola que surfees. Esta tabla transforma los d\u00edas normales en sesiones llenas de adrenalina y una velocidad constante. No dejes pasar la oportunidad de a\u00f1adir esta joya t\u00e9cnica a tu equipo de surf personal.<\/div>\n","protected":false},"excerpt":{"rendered":"<p>Funciona perfectamente en olas desordenadas, pero tambi\u00e9n se defiende con fuerza cuando las olas cobran potencia.<\/p>\n","protected":false},"featured_media":25648,"comment_status":"closed","ping_status":"closed","template":"","meta":{"site-sidebar-layout":"default","site-content-layout":"","ast-site-content-layout":"default","site-content-style":"default","site-sidebar-style":"default","ast-global-header-display":"","ast-banner-title-visibility":"","ast-main-header-display":"","ast-hfb-above-header-display":"","ast-hfb-below-header-display":"","ast-hfb-mobile-header-display":"","site-post-title":"","ast-breadcrumbs-content":"","ast-featured-img":"","footer-sml-layout":"","ast-disable-related-posts":"","theme-transparent-header-meta":"default","adv-header-id-meta":"","stick-header-meta":"","header-above-stick-meta":"","header-main-stick-meta":"","header-below-stick-meta":"","astra-migrate-meta-layouts":"set","ast-page-background-enabled":"default","ast-page-background-meta":{"desktop":{"background-color":"var(--ast-global-color-5)","background-image":"","background-repeat":"repeat","background-position":"center center","background-size":"auto","background-attachment":"scroll","background-type":"","background-media":"","overlay-type":"","overlay-color":"","overlay-opacity":"","overlay-gradient":""},"tablet":{"background-color":"","background-image":"","background-repeat":"repeat","background-position":"center center","background-size":"auto","background-attachment":"scroll","background-type":"","background-media":"","overlay-type":"","overlay-color":"","overlay-opacity":"","overlay-gradient":""},"mobile":{"background-color":"","background-image":"","background-repeat":"repeat","background-position":"center center","background-size":"auto","background-attachment":"scroll","background-type":"","background-media":"","overlay-type":"","overlay-color":"","overlay-opacity":"","overlay-gradient":""}},"ast-content-background-meta":{"desktop":{"background-color":"var(--ast-global-color-4)","background-image":"","background-repeat":"repeat","background-position":"center center","background-size":"auto","background-attachment":"scroll","background-type":"","background-media":"","overlay-type":"","overlay-color":"","overlay-opacity":"","overlay-gradient":""},"tablet":{"background-color":"var(--ast-global-color-4)","background-image":"","background-repeat":"repeat","background-position":"center center","background-size":"auto","background-attachment":"scroll","background-type":"","background-media":"","overlay-type":"","overlay-color":"","overlay-opacity":"","overlay-gradient":""},"mobile":{"background-color":"var(--ast-global-color-4)","background-image":"","background-repeat":"repeat","background-position":"center center","background-size":"auto","background-attachment":"scroll","background-type":"","background-media":"","overlay-type":"","overlay-color":"","overlay-opacity":"","overlay-gradient":""}}},"product_brand":[1264],"product_cat":[1307,1259,1344,1196],"product_tag":[1308,1345,1380],"class_list":{"0":"post-26785","1":"product","2":"type-product","3":"status-publish","4":"has-post-thumbnail","6":"product_brand-heavy-water-surfboards","7":"product_cat-allround","8":"product_cat-specials","9":"product_cat-fish","10":"product_cat-tablas-de-surf-es","11":"product_tag-all-round","12":"product_tag-fish","13":"product_tag-specialty","14":"pa_model-barracuda","15":"pa_thickness-2-1-2-es-2","16":"pa_thickness-2-1-4","17":"pa_thickness-2-11-16","18":"pa_thickness-2-3-16","19":"pa_thickness-2-3-4","20":"pa_thickness-2-3-8-es-2","21":"pa_thickness-2-5-16-es-2","22":"pa_thickness-2-5-8","23":"pa_thickness-2-7-16-es-2","24":"pa_thickness-2-9-16","25":"pa_width-19-1-2","26":"pa_width-19-1-4","27":"pa_width-19-3-4-2","28":"pa_width-20-1-2-es-2","29":"pa_width-20-1-4-es-2","30":"pa_width-20-3-4-es-2","31":"pa_width-1305","32":"pa_width-21-1-2","33":"pa_width-21-1-4","34":"pa_width-1320","35":"desktop-align-left","36":"tablet-align-left","37":"mobile-align-left","39":"first","40":"onbackorder","41":"sale","42":"shipping-taxable","43":"purchasable","44":"product-type-variable"},"yoast_head":"<!-- This site is optimized with the Yoast SEO plugin v27.4 - https:\/\/yoast.com\/product\/yoast-seo-wordpress\/ -->\n<title>Heavy Water Barracuda (fish) \/ Glassing Monkey<\/title>\n<meta name=\"description\" content=\"Descubre la Heavy Water Barracuda de Glassing Monkey. Una tabla tipo Fish dise\u00f1ada para maxima velocidad y control en olas exigentes. Comprala aqu\u00ed!!!\" \/>\n<meta name=\"robots\" content=\"index, follow, max-snippet:-1, max-image-preview:large, max-video-preview:-1\" \/>\n<link rel=\"canonical\" href=\"https:\/\/glassingmonkey.com\/es\/product\/heavy-water-barracuda-fish\/\" \/>\n<meta property=\"og:locale\" content=\"es_ES\" \/>\n<meta property=\"og:type\" content=\"article\" \/>\n<meta property=\"og:title\" content=\"Heavy Water Barracuda (fish) \/ Glassing Monkey\" \/>\n<meta property=\"og:description\" content=\"Descubre la Heavy Water Barracuda de Glassing Monkey. Una tabla tipo Fish dise\u00f1ada para maxima velocidad y control en olas exigentes. Comprala aqu\u00ed!!!\" \/>\n<meta property=\"og:url\" content=\"https:\/\/glassingmonkey.com\/es\/product\/heavy-water-barracuda-fish\/\" \/>\n<meta property=\"og:site_name\" content=\"Ride your life\" \/>\n<meta property=\"article:modified_time\" content=\"2026-04-19T19:04:05+00:00\" \/>\n<meta property=\"og:image\" content=\"https:\/\/glassingmonkey.com\/wp-content\/uploads\/2025\/05\/BARRACUDA.jpg\" \/>\n\t<meta property=\"og:image:width\" content=\"600\" \/>\n\t<meta property=\"og:image:height\" content=\"800\" \/>\n\t<meta property=\"og:image:type\" content=\"image\/jpeg\" \/>\n<meta name=\"twitter:card\" content=\"summary_large_image\" \/>\n<meta name=\"twitter:label1\" content=\"Tiempo de lectura\" \/>\n\t<meta name=\"twitter:data1\" content=\"3 minutos\" \/>\n<script type=\"application\/ld+json\" class=\"yoast-schema-graph\">{\"@context\":\"https:\\\/\\\/schema.org\",\"@graph\":[{\"@type\":\"WebPage\",\"@id\":\"https:\\\/\\\/glassingmonkey.com\\\/es\\\/product\\\/heavy-water-barracuda-fish\\\/\",\"url\":\"https:\\\/\\\/glassingmonkey.com\\\/es\\\/product\\\/heavy-water-barracuda-fish\\\/\",\"name\":\"Heavy Water Barracuda (fish) \\\/ Glassing Monkey\",\"isPartOf\":{\"@id\":\"https:\\\/\\\/glassingmonkey.com\\\/es\\\/#website\"},\"primaryImageOfPage\":{\"@id\":\"https:\\\/\\\/glassingmonkey.com\\\/es\\\/product\\\/heavy-water-barracuda-fish\\\/#primaryimage\"},\"image\":{\"@id\":\"https:\\\/\\\/glassingmonkey.com\\\/es\\\/product\\\/heavy-water-barracuda-fish\\\/#primaryimage\"},\"thumbnailUrl\":\"https:\\\/\\\/glassingmonkey.com\\\/wp-content\\\/uploads\\\/2025\\\/05\\\/BARRACUDA.jpg\",\"datePublished\":\"2025-05-28T09:57:42+00:00\",\"dateModified\":\"2026-04-19T19:04:05+00:00\",\"description\":\"Descubre la Heavy Water Barracuda de Glassing Monkey. Una tabla tipo Fish dise\u00f1ada para maxima velocidad y control en olas exigentes. Comprala aqu\u00ed!!!\",\"breadcrumb\":{\"@id\":\"https:\\\/\\\/glassingmonkey.com\\\/es\\\/product\\\/heavy-water-barracuda-fish\\\/#breadcrumb\"},\"inLanguage\":\"es\",\"potentialAction\":[{\"@type\":\"ReadAction\",\"target\":[\"https:\\\/\\\/glassingmonkey.com\\\/es\\\/product\\\/heavy-water-barracuda-fish\\\/\"]}]},{\"@type\":\"ImageObject\",\"inLanguage\":\"es\",\"@id\":\"https:\\\/\\\/glassingmonkey.com\\\/es\\\/product\\\/heavy-water-barracuda-fish\\\/#primaryimage\",\"url\":\"https:\\\/\\\/glassingmonkey.com\\\/wp-content\\\/uploads\\\/2025\\\/05\\\/BARRACUDA.jpg\",\"contentUrl\":\"https:\\\/\\\/glassingmonkey.com\\\/wp-content\\\/uploads\\\/2025\\\/05\\\/BARRACUDA.jpg\",\"width\":600,\"height\":800,\"caption\":\"heavy water barracuda\"},{\"@type\":\"BreadcrumbList\",\"@id\":\"https:\\\/\\\/glassingmonkey.com\\\/es\\\/product\\\/heavy-water-barracuda-fish\\\/#breadcrumb\",\"itemListElement\":[{\"@type\":\"ListItem\",\"position\":1,\"name\":\"Home\",\"item\":\"https:\\\/\\\/glassingmonkey.com\\\/es\\\/\"},{\"@type\":\"ListItem\",\"position\":2,\"name\":\"Tienda\",\"item\":\"https:\\\/\\\/glassingmonkey.com\\\/es\\\/tienda\\\/\"},{\"@type\":\"ListItem\",\"position\":3,\"name\":\"Heavy Water Barracuda (Fish)\"}]},{\"@type\":\"WebSite\",\"@id\":\"https:\\\/\\\/glassingmonkey.com\\\/es\\\/#website\",\"url\":\"https:\\\/\\\/glassingmonkey.com\\\/es\\\/\",\"name\":\"Glassing Monkey\",\"description\":\"RIDE YOUR LIFE\",\"publisher\":{\"@id\":\"https:\\\/\\\/glassingmonkey.com\\\/es\\\/#organization\"},\"potentialAction\":[{\"@type\":\"SearchAction\",\"target\":{\"@type\":\"EntryPoint\",\"urlTemplate\":\"https:\\\/\\\/glassingmonkey.com\\\/es\\\/?s={search_term_string}\"},\"query-input\":{\"@type\":\"PropertyValueSpecification\",\"valueRequired\":true,\"valueName\":\"search_term_string\"}}],\"inLanguage\":\"es\"},{\"@type\":\"Organization\",\"@id\":\"https:\\\/\\\/glassingmonkey.com\\\/es\\\/#organization\",\"name\":\"Glassing Monkey\",\"url\":\"https:\\\/\\\/glassingmonkey.com\\\/es\\\/\",\"logo\":{\"@type\":\"ImageObject\",\"inLanguage\":\"es\",\"@id\":\"https:\\\/\\\/glassingmonkey.com\\\/es\\\/#\\\/schema\\\/logo\\\/image\\\/\",\"url\":\"https:\\\/\\\/glassingmonkey.com\\\/wp-content\\\/uploads\\\/2025\\\/06\\\/Glassing-monkey-surf-factory-surf-shop.webp\",\"contentUrl\":\"https:\\\/\\\/glassingmonkey.com\\\/wp-content\\\/uploads\\\/2025\\\/06\\\/Glassing-monkey-surf-factory-surf-shop.webp\",\"width\":786,\"height\":530,\"caption\":\"Glassing Monkey\"},\"image\":{\"@id\":\"https:\\\/\\\/glassingmonkey.com\\\/es\\\/#\\\/schema\\\/logo\\\/image\\\/\"},\"sameAs\":[\"https:\\\/\\\/www.instagram.com\\\/glassingmonkey\\\/\"]}]}<\/script>\n<!-- \/ Yoast SEO plugin. -->","yoast_head_json":{"title":"Heavy Water Barracuda (fish) \/ Glassing Monkey","description":"Descubre la Heavy Water Barracuda de Glassing Monkey. Una tabla tipo Fish dise\u00f1ada para maxima velocidad y control en olas exigentes. Comprala aqu\u00ed!!!","robots":{"index":"index","follow":"follow","max-snippet":"max-snippet:-1","max-image-preview":"max-image-preview:large","max-video-preview":"max-video-preview:-1"},"canonical":"https:\/\/glassingmonkey.com\/es\/product\/heavy-water-barracuda-fish\/","og_locale":"es_ES","og_type":"article","og_title":"Heavy Water Barracuda (fish) \/ Glassing Monkey","og_description":"Descubre la Heavy Water Barracuda de Glassing Monkey. Una tabla tipo Fish dise\u00f1ada para maxima velocidad y control en olas exigentes. Comprala aqu\u00ed!!!","og_url":"https:\/\/glassingmonkey.com\/es\/product\/heavy-water-barracuda-fish\/","og_site_name":"Ride your life","article_modified_time":"2026-04-19T19:04:05+00:00","og_image":[{"width":600,"height":800,"url":"https:\/\/glassingmonkey.com\/wp-content\/uploads\/2025\/05\/BARRACUDA.jpg","type":"image\/jpeg"}],"twitter_card":"summary_large_image","twitter_misc":{"Tiempo de lectura":"3 minutos"},"schema":{"@context":"https:\/\/schema.org","@graph":[{"@type":"WebPage","@id":"https:\/\/glassingmonkey.com\/es\/product\/heavy-water-barracuda-fish\/","url":"https:\/\/glassingmonkey.com\/es\/product\/heavy-water-barracuda-fish\/","name":"Heavy Water Barracuda (fish) \/ Glassing Monkey","isPartOf":{"@id":"https:\/\/glassingmonkey.com\/es\/#website"},"primaryImageOfPage":{"@id":"https:\/\/glassingmonkey.com\/es\/product\/heavy-water-barracuda-fish\/#primaryimage"},"image":{"@id":"https:\/\/glassingmonkey.com\/es\/product\/heavy-water-barracuda-fish\/#primaryimage"},"thumbnailUrl":"https:\/\/glassingmonkey.com\/wp-content\/uploads\/2025\/05\/BARRACUDA.jpg","datePublished":"2025-05-28T09:57:42+00:00","dateModified":"2026-04-19T19:04:05+00:00","description":"Descubre la Heavy Water Barracuda de Glassing Monkey. Una tabla tipo Fish dise\u00f1ada para maxima velocidad y control en olas exigentes. Comprala aqu\u00ed!!!","breadcrumb":{"@id":"https:\/\/glassingmonkey.com\/es\/product\/heavy-water-barracuda-fish\/#breadcrumb"},"inLanguage":"es","potentialAction":[{"@type":"ReadAction","target":["https:\/\/glassingmonkey.com\/es\/product\/heavy-water-barracuda-fish\/"]}]},{"@type":"ImageObject","inLanguage":"es","@id":"https:\/\/glassingmonkey.com\/es\/product\/heavy-water-barracuda-fish\/#primaryimage","url":"https:\/\/glassingmonkey.com\/wp-content\/uploads\/2025\/05\/BARRACUDA.jpg","contentUrl":"https:\/\/glassingmonkey.com\/wp-content\/uploads\/2025\/05\/BARRACUDA.jpg","width":600,"height":800,"caption":"heavy water barracuda"},{"@type":"BreadcrumbList","@id":"https:\/\/glassingmonkey.com\/es\/product\/heavy-water-barracuda-fish\/#breadcrumb","itemListElement":[{"@type":"ListItem","position":1,"name":"Home","item":"https:\/\/glassingmonkey.com\/es\/"},{"@type":"ListItem","position":2,"name":"Tienda","item":"https:\/\/glassingmonkey.com\/es\/tienda\/"},{"@type":"ListItem","position":3,"name":"Heavy Water Barracuda (Fish)"}]},{"@type":"WebSite","@id":"https:\/\/glassingmonkey.com\/es\/#website","url":"https:\/\/glassingmonkey.com\/es\/","name":"Glassing Monkey","description":"RIDE YOUR LIFE","publisher":{"@id":"https:\/\/glassingmonkey.com\/es\/#organization"},"potentialAction":[{"@type":"SearchAction","target":{"@type":"EntryPoint","urlTemplate":"https:\/\/glassingmonkey.com\/es\/?s={search_term_string}"},"query-input":{"@type":"PropertyValueSpecification","valueRequired":true,"valueName":"search_term_string"}}],"inLanguage":"es"},{"@type":"Organization","@id":"https:\/\/glassingmonkey.com\/es\/#organization","name":"Glassing Monkey","url":"https:\/\/glassingmonkey.com\/es\/","logo":{"@type":"ImageObject","inLanguage":"es","@id":"https:\/\/glassingmonkey.com\/es\/#\/schema\/logo\/image\/","url":"https:\/\/glassingmonkey.com\/wp-content\/uploads\/2025\/06\/Glassing-monkey-surf-factory-surf-shop.webp","contentUrl":"https:\/\/glassingmonkey.com\/wp-content\/uploads\/2025\/06\/Glassing-monkey-surf-factory-surf-shop.webp","width":786,"height":530,"caption":"Glassing Monkey"},"image":{"@id":"https:\/\/glassingmonkey.com\/es\/#\/schema\/logo\/image\/"},"sameAs":["https:\/\/www.instagram.com\/glassingmonkey\/"]}]}},"_links":{"self":[{"href":"https:\/\/glassingmonkey.com\/es\/wp-json\/wp\/v2\/product\/26785","targetHints":{"allow":["GET"]}}],"collection":[{"href":"https:\/\/glassingmonkey.com\/es\/wp-json\/wp\/v2\/product"}],"about":[{"href":"https:\/\/glassingmonkey.com\/es\/wp-json\/wp\/v2\/types\/product"}],"replies":[{"embeddable":true,"href":"https:\/\/glassingmonkey.com\/es\/wp-json\/wp\/v2\/comments?post=26785"}],"wp:featuredmedia":[{"embeddable":true,"href":"https:\/\/glassingmonkey.com\/es\/wp-json\/wp\/v2\/media\/25648"}],"wp:attachment":[{"href":"https:\/\/glassingmonkey.com\/es\/wp-json\/wp\/v2\/media?parent=26785"}],"wp:term":[{"taxonomy":"product_brand","embeddable":true,"href":"https:\/\/glassingmonkey.com\/es\/wp-json\/wp\/v2\/product_brand?post=26785"},{"taxonomy":"product_cat","embeddable":true,"href":"https:\/\/glassingmonkey.com\/es\/wp-json\/wp\/v2\/product_cat?post=26785"},{"taxonomy":"product_tag","embeddable":true,"href":"https:\/\/glassingmonkey.com\/es\/wp-json\/wp\/v2\/product_tag?post=26785"}],"curies":[{"name":"wp","href":"https:\/\/api.w.org\/{rel}","templated":true}]}}