{"id":26789,"date":"2025-05-28T11:48:07","date_gmt":"2025-05-28T09:48:07","guid":{"rendered":"https:\/\/glassingmonkey.com\/product\/heavy-water-secret-weapon-olas-pequenas\/"},"modified":"2026-04-20T20:11:26","modified_gmt":"2026-04-20T18:11:26","slug":"heavy-water-secret-weapon-olas-pequenas","status":"publish","type":"product","link":"https:\/\/glassingmonkey.com\/es\/product\/heavy-water-secret-weapon-olas-pequenas\/","title":{"rendered":"Heavy Water Secret Weapon (Olas peque\u00f1as)"},"content":{"rendered":"<h1 class=\"otQkpb\" role=\"heading\" aria-level=\"3\" data-sfc-root=\"c\" data-processed=\"true\" data-complete=\"true\">Heavy Water Secret Weapon: Rendimiento avanzado para surfistas modernos<button class=\"rBl3me\" tabindex=\"0\" data-amic=\"true\" data-icl-uuid=\"0518f84a-ca17-4ba8-adf8-19fa43ca7513\" aria-label=\"View related links\" data-wiz-attrbind=\"disabled=K2kI9_n\/C5gNJc;aria-label=K2kI9_n\/bOjMyf;class=K2kI9_n\/UpSNec\" data-ved=\"2ahUKEwjokLrt8fyTAxVjNvsDHXaTHdQQye0OegYIAQgCEAA\" data-hveid=\"CAEIAhAA\"><\/button><\/h1>\n<div class=\"Y3BBE\" data-sfc-cp=\"\" data-sfc-root=\"c\" data-sfc-cb=\"\" data-hveid=\"CAEIAxAA\" data-complete=\"true\" data-processed=\"true\">La Heavy \u00a0Water \u00a0Secret Weapon es una shortboard de alto rendimiento dise\u00f1ada para surfistas de nivel intermedio a avanzado. En primer lugar, este modelo resulta ideal para surfear olas desde la cintura hasta por encima de la cabeza. Es importante destacar que estamos ante una tabla moderna con capacidades t\u00e9cnicas superiores. Por lo tanto, se recomienda surfearla de dos a cuatro pulgadas m\u00e1s corta que tu tabla habitual. Gracias a este ajuste, lograr\u00e1s un radio de giro mucho m\u00e1s cerrado y preciso.<button class=\"rBl3me\" tabindex=\"0\" data-amic=\"true\" data-icl-uuid=\"52c8398d-0028-4248-b8c8-d873d1ca9246\" aria-label=\"View related links\" data-wiz-attrbind=\"disabled=K2kI9_r\/C5gNJc;aria-label=K2kI9_r\/bOjMyf;class=K2kI9_r\/UpSNec\" data-ved=\"2ahUKEwjokLrt8fyTAxVjNvsDHXaTHdQQye0OegYIAQgDEAE\" data-hveid=\"CAEIAxAB\"><\/button><\/div>\n<h2 class=\"otQkpb\" role=\"heading\" aria-level=\"3\" data-sfc-root=\"c\" data-processed=\"true\" data-complete=\"true\">Heavy Water Secret Weapon , dise\u00f1o de cantos box-medium y aceleraci\u00f3n constante<button class=\"rBl3me\" tabindex=\"0\" data-amic=\"true\" data-icl-uuid=\"2503a0d9-e11c-4868-aebd-4d2858c685ff\" aria-label=\"View related links\" data-wiz-attrbind=\"disabled=K2kI9_w\/C5gNJc;aria-label=K2kI9_w\/bOjMyf;class=K2kI9_w\/UpSNec\" data-ved=\"2ahUKEwjokLrt8fyTAxVjNvsDHXaTHdQQye0OegYIAQgEEAA\" data-hveid=\"CAEIBBAA\"><\/button><\/h2>\n<div class=\"Y3BBE\" data-sfc-cp=\"\" data-sfc-root=\"c\" data-sfc-cb=\"\" data-hveid=\"CAEIBRAA\" data-complete=\"true\" data-processed=\"true\">La tabla presenta unos cantos tipo box-medium que ofrecen un equilibrio perfecto entre volumen y respuesta. Esta caracter\u00edstica permite un control excelente en las secciones m\u00e1s comprometidas de la ola. Adicionalmente, incorpora un dise\u00f1o de bump squash ancho en la parte trasera. Este elemento ayuda a planear con facilidad sobre las secciones m\u00e1s planas de la pared. Como consecuencia, notar\u00e1s c\u00f3mo aumenta la aceleraci\u00f3n de la tabla de forma inmediata tras cada maniobra.<button class=\"rBl3me\" tabindex=\"0\" data-amic=\"true\" data-icl-uuid=\"95ba8c19-2c7f-446d-92c9-42d312d36734\" aria-label=\"View related links\" data-wiz-attrbind=\"disabled=K2kI9_10\/C5gNJc;aria-label=K2kI9_10\/bOjMyf;class=K2kI9_10\/UpSNec\" data-ved=\"2ahUKEwjokLrt8fyTAxVjNvsDHXaTHdQQye0OegYIAQgFEAE\" data-hveid=\"CAEIBRAB\"><\/button><\/div>\n<div class=\"Y3BBE\" data-sfc-cp=\"\" data-sfc-root=\"c\" data-sfc-cb=\"\" data-hveid=\"CAEIBhAA\" data-processed=\"true\" data-complete=\"true\">Asimismo, la Secret Weapon permite mantener el flujo incluso cuando la ola pierde fuerza. No sentir\u00e1s frenazos innecesarios gracias a su distribuci\u00f3n inteligente de los vol\u00famenes. Debido a esto, puedes encadenar giros verticales con una velocidad sorprendente en todo momento. Ciertamente, es una ventaja competitiva para quienes buscan evolucionar su surf este a\u00f1o.<button class=\"rBl3me\" tabindex=\"0\" data-amic=\"true\" data-icl-uuid=\"a1b5584e-3d3d-4158-91ab-674b3bdde00b\" aria-label=\"View related links\" data-wiz-attrbind=\"disabled=K2kI9_14\/C5gNJc;aria-label=K2kI9_14\/bOjMyf;class=K2kI9_14\/UpSNec\" data-ved=\"2ahUKEwjokLrt8fyTAxVjNvsDHXaTHdQQye0OegYIAQgGEAE\" data-hveid=\"CAEIBhAB\"><\/button><\/div>\n<h2 class=\"otQkpb\" role=\"heading\" aria-level=\"3\" data-sfc-root=\"c\" data-processed=\"true\" data-complete=\"true\">Configuraci\u00f3n del bottom con single a double concave<button class=\"rBl3me\" tabindex=\"0\" data-amic=\"true\" data-icl-uuid=\"d063e3ea-44f8-4abe-9e6c-cc595bc466af\" aria-label=\"View related links\" data-wiz-attrbind=\"disabled=K2kI9_19\/C5gNJc;aria-label=K2kI9_19\/bOjMyf;class=K2kI9_19\/UpSNec\" data-ved=\"2ahUKEwjokLrt8fyTAxVjNvsDHXaTHdQQye0OegYIAQgHEAA\" data-hveid=\"CAEIBxAA\"><\/button><\/h2>\n<div class=\"Y3BBE\" data-sfc-cp=\"\" data-sfc-root=\"c\" data-sfc-cb=\"\" data-hveid=\"CAEICBAA\" data-complete=\"true\" data-processed=\"true\">Respecto al fondo, incorpora una transici\u00f3n t\u00e9cnica de single a double concave. Esta configuraci\u00f3n facilita el flujo del agua para generar una velocidad explosiva desde el bottom turn. Del mismo modo, el doble c\u00f3ncavo entre las quillas aporta una sensibilidad \u00fanica en los cambios de direcci\u00f3n. Por esta raz\u00f3n, la tabla se siente extremadamente viva y reactiva bajo tus pies.<button class=\"rBl3me\" tabindex=\"0\" data-amic=\"true\" data-icl-uuid=\"d2f18e80-c3ea-4089-bf5d-723529750fab\" aria-label=\"View related links\" data-wiz-attrbind=\"disabled=K2kI9_1d\/C5gNJc;aria-label=K2kI9_1d\/bOjMyf;class=K2kI9_1d\/UpSNec\" data-ved=\"2ahUKEwjokLrt8fyTAxVjNvsDHXaTHdQQye0OegYIAQgIEAE\" data-hveid=\"CAEICBAB\"><\/button><\/div>\n<div class=\"Y3BBE\" data-sfc-cp=\"\" data-sfc-root=\"c\" data-sfc-cb=\"\" data-hveid=\"CAEICRAA\" data-processed=\"true\" data-complete=\"true\" aria-owns=\"action-menu-parent-container\">En conclusi\u00f3n, la Secret Weapon es la herramienta definitiva para condiciones de olas consistentes. Su dise\u00f1o ligero garantiza un manejo sencillo y una durabilidad \u00f3ptima. Finalmente, invertir en este modelo transformar\u00e1 tu capacidad para ejecutar maniobras cr\u00edticas. Es el momento de desbloquear tu m\u00e1ximo potencial con una tabla dise\u00f1ada para el futuro.<\/div>\n","protected":false},"excerpt":{"rendered":"<p>La \u201cSecret Weapon\u201d es una shortboard moderna, recomendada para surfistas intermedios y avanzados en olas de cintura a cabeza y media.<\/p>\n","protected":false},"featured_media":25633,"comment_status":"closed","ping_status":"closed","template":"","meta":{"site-sidebar-layout":"default","site-content-layout":"","ast-site-content-layout":"default","site-content-style":"default","site-sidebar-style":"default","ast-global-header-display":"","ast-banner-title-visibility":"","ast-main-header-display":"","ast-hfb-above-header-display":"","ast-hfb-below-header-display":"","ast-hfb-mobile-header-display":"","site-post-title":"","ast-breadcrumbs-content":"","ast-featured-img":"","footer-sml-layout":"","ast-disable-related-posts":"","theme-transparent-header-meta":"default","adv-header-id-meta":"","stick-header-meta":"","header-above-stick-meta":"","header-main-stick-meta":"","header-below-stick-meta":"","astra-migrate-meta-layouts":"set","ast-page-background-enabled":"default","ast-page-background-meta":{"desktop":{"background-color":"var(--ast-global-color-5)","background-image":"","background-repeat":"repeat","background-position":"center center","background-size":"auto","background-attachment":"scroll","background-type":"","background-media":"","overlay-type":"","overlay-color":"","overlay-opacity":"","overlay-gradient":""},"tablet":{"background-color":"","background-image":"","background-repeat":"repeat","background-position":"center center","background-size":"auto","background-attachment":"scroll","background-type":"","background-media":"","overlay-type":"","overlay-color":"","overlay-opacity":"","overlay-gradient":""},"mobile":{"background-color":"","background-image":"","background-repeat":"repeat","background-position":"center center","background-size":"auto","background-attachment":"scroll","background-type":"","background-media":"","overlay-type":"","overlay-color":"","overlay-opacity":"","overlay-gradient":""}},"ast-content-background-meta":{"desktop":{"background-color":"var(--ast-global-color-4)","background-image":"","background-repeat":"repeat","background-position":"center center","background-size":"auto","background-attachment":"scroll","background-type":"","background-media":"","overlay-type":"","overlay-color":"","overlay-opacity":"","overlay-gradient":""},"tablet":{"background-color":"var(--ast-global-color-4)","background-image":"","background-repeat":"repeat","background-position":"center center","background-size":"auto","background-attachment":"scroll","background-type":"","background-media":"","overlay-type":"","overlay-color":"","overlay-opacity":"","overlay-gradient":""},"mobile":{"background-color":"var(--ast-global-color-4)","background-image":"","background-repeat":"repeat","background-position":"center center","background-size":"auto","background-attachment":"scroll","background-type":"","background-media":"","overlay-type":"","overlay-color":"","overlay-opacity":"","overlay-gradient":""}}},"product_brand":[1264],"product_cat":[1215,1257,1256,1196],"product_tag":[1218,1309,1327],"class_list":{"0":"post-26789","1":"product","2":"type-product","3":"status-publish","4":"has-post-thumbnail","6":"product_brand-heavy-water-surfboards","7":"product_cat-high-performance-es","8":"product_cat-small-waves","9":"product_cat-shortboard","10":"product_cat-tablas-de-surf-es","11":"product_tag-high-performance-es","12":"product_tag-short-boards","13":"product_tag-small-wave","14":"product_shipping_class-tablas-hasta-66-es","15":"pa_model-secret-weapon","16":"pa_thickness-2-1-2-es-2","17":"pa_thickness-2-1-4","18":"pa_thickness-2-11-16","19":"pa_thickness-2-3-4","20":"pa_thickness-2-3-8-es-2","21":"pa_thickness-2-5-16-es-2","22":"pa_thickness-2-5-8","23":"pa_thickness-2-7-16-es-2","24":"pa_thickness-2-9-16","25":"pa_width-18-3-4","26":"pa_width-19-1-2","27":"pa_width-19-1-4","28":"pa_width-19-3-4-2","29":"pa_width-1319","30":"pa_width-20-1-2-es-2","31":"pa_width-20-1-4-es-2","32":"pa_width-1305","33":"desktop-align-left","34":"tablet-align-left","35":"mobile-align-left","37":"first","38":"onbackorder","39":"sale","40":"shipping-taxable","41":"purchasable","42":"product-type-variable"},"yoast_head":"<!-- This site is optimized with the Yoast SEO plugin v27.4 - https:\/\/yoast.com\/product\/yoast-seo-wordpress\/ -->\n<title>Heavy Water Secret Weapon-Tabla de surf para olas peque\u00f1as<\/title>\n<meta name=\"description\" content=\"Domina las olas peque\u00f1as con la Heavy Water Secret Weapon. Una tabla de alto rendimiento dise\u00f1ada para maxima velocidad y maniobrabilidad. Comprala ya!!!\" \/>\n<meta name=\"robots\" content=\"index, follow, max-snippet:-1, max-image-preview:large, max-video-preview:-1\" \/>\n<link rel=\"canonical\" href=\"https:\/\/glassingmonkey.com\/es\/product\/heavy-water-secret-weapon-olas-pequenas\/\" \/>\n<meta property=\"og:locale\" content=\"es_ES\" \/>\n<meta property=\"og:type\" content=\"article\" \/>\n<meta property=\"og:title\" content=\"Heavy Water Secret Weapon-Tabla de surf para olas peque\u00f1as\" \/>\n<meta property=\"og:description\" content=\"Domina las olas peque\u00f1as con la Heavy Water Secret Weapon. Una tabla de alto rendimiento dise\u00f1ada para maxima velocidad y maniobrabilidad. Comprala ya!!!\" \/>\n<meta property=\"og:url\" content=\"https:\/\/glassingmonkey.com\/es\/product\/heavy-water-secret-weapon-olas-pequenas\/\" \/>\n<meta property=\"og:site_name\" content=\"Ride your life\" \/>\n<meta property=\"article:modified_time\" content=\"2026-04-20T18:11:26+00:00\" \/>\n<meta property=\"og:image\" content=\"https:\/\/glassingmonkey.com\/wp-content\/uploads\/2022\/05\/glassing-monkey-heavy-water-surfboards-secret-weapon.png\" \/>\n<meta name=\"twitter:card\" content=\"summary_large_image\" \/>\n<meta name=\"twitter:label1\" content=\"Tiempo de lectura\" \/>\n\t<meta name=\"twitter:data1\" content=\"2 minutos\" \/>\n<script type=\"application\/ld+json\" class=\"yoast-schema-graph\">{\"@context\":\"https:\\\/\\\/schema.org\",\"@graph\":[{\"@type\":\"WebPage\",\"@id\":\"https:\\\/\\\/glassingmonkey.com\\\/es\\\/product\\\/heavy-water-secret-weapon-olas-pequenas\\\/\",\"url\":\"https:\\\/\\\/glassingmonkey.com\\\/es\\\/product\\\/heavy-water-secret-weapon-olas-pequenas\\\/\",\"name\":\"Heavy Water Secret Weapon-Tabla de surf para olas peque\u00f1as\",\"isPartOf\":{\"@id\":\"https:\\\/\\\/glassingmonkey.com\\\/es\\\/#website\"},\"primaryImageOfPage\":{\"@id\":\"https:\\\/\\\/glassingmonkey.com\\\/es\\\/product\\\/heavy-water-secret-weapon-olas-pequenas\\\/#primaryimage\"},\"image\":{\"@id\":\"https:\\\/\\\/glassingmonkey.com\\\/es\\\/product\\\/heavy-water-secret-weapon-olas-pequenas\\\/#primaryimage\"},\"thumbnailUrl\":\"https:\\\/\\\/glassingmonkey.com\\\/wp-content\\\/uploads\\\/2025\\\/05\\\/Frame-21.jpg\",\"datePublished\":\"2025-05-28T09:48:07+00:00\",\"dateModified\":\"2026-04-20T18:11:26+00:00\",\"description\":\"Domina las olas peque\u00f1as con la Heavy Water Secret Weapon. Una tabla de alto rendimiento dise\u00f1ada para maxima velocidad y maniobrabilidad. Comprala ya!!!\",\"breadcrumb\":{\"@id\":\"https:\\\/\\\/glassingmonkey.com\\\/es\\\/product\\\/heavy-water-secret-weapon-olas-pequenas\\\/#breadcrumb\"},\"inLanguage\":\"es\",\"potentialAction\":[{\"@type\":\"ReadAction\",\"target\":[\"https:\\\/\\\/glassingmonkey.com\\\/es\\\/product\\\/heavy-water-secret-weapon-olas-pequenas\\\/\"]}]},{\"@type\":\"ImageObject\",\"inLanguage\":\"es\",\"@id\":\"https:\\\/\\\/glassingmonkey.com\\\/es\\\/product\\\/heavy-water-secret-weapon-olas-pequenas\\\/#primaryimage\",\"url\":\"https:\\\/\\\/glassingmonkey.com\\\/wp-content\\\/uploads\\\/2025\\\/05\\\/Frame-21.jpg\",\"contentUrl\":\"https:\\\/\\\/glassingmonkey.com\\\/wp-content\\\/uploads\\\/2025\\\/05\\\/Frame-21.jpg\",\"width\":600,\"height\":800,\"caption\":\"heavy water secret weapon\"},{\"@type\":\"BreadcrumbList\",\"@id\":\"https:\\\/\\\/glassingmonkey.com\\\/es\\\/product\\\/heavy-water-secret-weapon-olas-pequenas\\\/#breadcrumb\",\"itemListElement\":[{\"@type\":\"ListItem\",\"position\":1,\"name\":\"Home\",\"item\":\"https:\\\/\\\/glassingmonkey.com\\\/es\\\/\"},{\"@type\":\"ListItem\",\"position\":2,\"name\":\"Tienda\",\"item\":\"https:\\\/\\\/glassingmonkey.com\\\/es\\\/tienda\\\/\"},{\"@type\":\"ListItem\",\"position\":3,\"name\":\"Heavy Water Secret Weapon (Olas peque\u00f1as)\"}]},{\"@type\":\"WebSite\",\"@id\":\"https:\\\/\\\/glassingmonkey.com\\\/es\\\/#website\",\"url\":\"https:\\\/\\\/glassingmonkey.com\\\/es\\\/\",\"name\":\"Glassing Monkey\",\"description\":\"RIDE YOUR LIFE\",\"publisher\":{\"@id\":\"https:\\\/\\\/glassingmonkey.com\\\/es\\\/#organization\"},\"potentialAction\":[{\"@type\":\"SearchAction\",\"target\":{\"@type\":\"EntryPoint\",\"urlTemplate\":\"https:\\\/\\\/glassingmonkey.com\\\/es\\\/?s={search_term_string}\"},\"query-input\":{\"@type\":\"PropertyValueSpecification\",\"valueRequired\":true,\"valueName\":\"search_term_string\"}}],\"inLanguage\":\"es\"},{\"@type\":\"Organization\",\"@id\":\"https:\\\/\\\/glassingmonkey.com\\\/es\\\/#organization\",\"name\":\"Glassing Monkey\",\"url\":\"https:\\\/\\\/glassingmonkey.com\\\/es\\\/\",\"logo\":{\"@type\":\"ImageObject\",\"inLanguage\":\"es\",\"@id\":\"https:\\\/\\\/glassingmonkey.com\\\/es\\\/#\\\/schema\\\/logo\\\/image\\\/\",\"url\":\"https:\\\/\\\/glassingmonkey.com\\\/wp-content\\\/uploads\\\/2025\\\/06\\\/Glassing-monkey-surf-factory-surf-shop.webp\",\"contentUrl\":\"https:\\\/\\\/glassingmonkey.com\\\/wp-content\\\/uploads\\\/2025\\\/06\\\/Glassing-monkey-surf-factory-surf-shop.webp\",\"width\":786,\"height\":530,\"caption\":\"Glassing Monkey\"},\"image\":{\"@id\":\"https:\\\/\\\/glassingmonkey.com\\\/es\\\/#\\\/schema\\\/logo\\\/image\\\/\"},\"sameAs\":[\"https:\\\/\\\/www.instagram.com\\\/glassingmonkey\\\/\"]}]}<\/script>\n<!-- \/ Yoast SEO plugin. -->","yoast_head_json":{"title":"Heavy Water Secret Weapon-Tabla de surf para olas peque\u00f1as","description":"Domina las olas peque\u00f1as con la Heavy Water Secret Weapon. Una tabla de alto rendimiento dise\u00f1ada para maxima velocidad y maniobrabilidad. Comprala ya!!!","robots":{"index":"index","follow":"follow","max-snippet":"max-snippet:-1","max-image-preview":"max-image-preview:large","max-video-preview":"max-video-preview:-1"},"canonical":"https:\/\/glassingmonkey.com\/es\/product\/heavy-water-secret-weapon-olas-pequenas\/","og_locale":"es_ES","og_type":"article","og_title":"Heavy Water Secret Weapon-Tabla de surf para olas peque\u00f1as","og_description":"Domina las olas peque\u00f1as con la Heavy Water Secret Weapon. Una tabla de alto rendimiento dise\u00f1ada para maxima velocidad y maniobrabilidad. Comprala ya!!!","og_url":"https:\/\/glassingmonkey.com\/es\/product\/heavy-water-secret-weapon-olas-pequenas\/","og_site_name":"Ride your life","article_modified_time":"2026-04-20T18:11:26+00:00","og_image":[{"url":"https:\/\/glassingmonkey.com\/wp-content\/uploads\/2022\/05\/glassing-monkey-heavy-water-surfboards-secret-weapon.png","type":"","width":"","height":""}],"twitter_card":"summary_large_image","twitter_misc":{"Tiempo de lectura":"2 minutos"},"schema":{"@context":"https:\/\/schema.org","@graph":[{"@type":"WebPage","@id":"https:\/\/glassingmonkey.com\/es\/product\/heavy-water-secret-weapon-olas-pequenas\/","url":"https:\/\/glassingmonkey.com\/es\/product\/heavy-water-secret-weapon-olas-pequenas\/","name":"Heavy Water Secret Weapon-Tabla de surf para olas peque\u00f1as","isPartOf":{"@id":"https:\/\/glassingmonkey.com\/es\/#website"},"primaryImageOfPage":{"@id":"https:\/\/glassingmonkey.com\/es\/product\/heavy-water-secret-weapon-olas-pequenas\/#primaryimage"},"image":{"@id":"https:\/\/glassingmonkey.com\/es\/product\/heavy-water-secret-weapon-olas-pequenas\/#primaryimage"},"thumbnailUrl":"https:\/\/glassingmonkey.com\/wp-content\/uploads\/2025\/05\/Frame-21.jpg","datePublished":"2025-05-28T09:48:07+00:00","dateModified":"2026-04-20T18:11:26+00:00","description":"Domina las olas peque\u00f1as con la Heavy Water Secret Weapon. Una tabla de alto rendimiento dise\u00f1ada para maxima velocidad y maniobrabilidad. Comprala ya!!!","breadcrumb":{"@id":"https:\/\/glassingmonkey.com\/es\/product\/heavy-water-secret-weapon-olas-pequenas\/#breadcrumb"},"inLanguage":"es","potentialAction":[{"@type":"ReadAction","target":["https:\/\/glassingmonkey.com\/es\/product\/heavy-water-secret-weapon-olas-pequenas\/"]}]},{"@type":"ImageObject","inLanguage":"es","@id":"https:\/\/glassingmonkey.com\/es\/product\/heavy-water-secret-weapon-olas-pequenas\/#primaryimage","url":"https:\/\/glassingmonkey.com\/wp-content\/uploads\/2025\/05\/Frame-21.jpg","contentUrl":"https:\/\/glassingmonkey.com\/wp-content\/uploads\/2025\/05\/Frame-21.jpg","width":600,"height":800,"caption":"heavy water secret weapon"},{"@type":"BreadcrumbList","@id":"https:\/\/glassingmonkey.com\/es\/product\/heavy-water-secret-weapon-olas-pequenas\/#breadcrumb","itemListElement":[{"@type":"ListItem","position":1,"name":"Home","item":"https:\/\/glassingmonkey.com\/es\/"},{"@type":"ListItem","position":2,"name":"Tienda","item":"https:\/\/glassingmonkey.com\/es\/tienda\/"},{"@type":"ListItem","position":3,"name":"Heavy Water Secret Weapon (Olas peque\u00f1as)"}]},{"@type":"WebSite","@id":"https:\/\/glassingmonkey.com\/es\/#website","url":"https:\/\/glassingmonkey.com\/es\/","name":"Glassing Monkey","description":"RIDE YOUR LIFE","publisher":{"@id":"https:\/\/glassingmonkey.com\/es\/#organization"},"potentialAction":[{"@type":"SearchAction","target":{"@type":"EntryPoint","urlTemplate":"https:\/\/glassingmonkey.com\/es\/?s={search_term_string}"},"query-input":{"@type":"PropertyValueSpecification","valueRequired":true,"valueName":"search_term_string"}}],"inLanguage":"es"},{"@type":"Organization","@id":"https:\/\/glassingmonkey.com\/es\/#organization","name":"Glassing Monkey","url":"https:\/\/glassingmonkey.com\/es\/","logo":{"@type":"ImageObject","inLanguage":"es","@id":"https:\/\/glassingmonkey.com\/es\/#\/schema\/logo\/image\/","url":"https:\/\/glassingmonkey.com\/wp-content\/uploads\/2025\/06\/Glassing-monkey-surf-factory-surf-shop.webp","contentUrl":"https:\/\/glassingmonkey.com\/wp-content\/uploads\/2025\/06\/Glassing-monkey-surf-factory-surf-shop.webp","width":786,"height":530,"caption":"Glassing Monkey"},"image":{"@id":"https:\/\/glassingmonkey.com\/es\/#\/schema\/logo\/image\/"},"sameAs":["https:\/\/www.instagram.com\/glassingmonkey\/"]}]}},"_links":{"self":[{"href":"https:\/\/glassingmonkey.com\/es\/wp-json\/wp\/v2\/product\/26789","targetHints":{"allow":["GET"]}}],"collection":[{"href":"https:\/\/glassingmonkey.com\/es\/wp-json\/wp\/v2\/product"}],"about":[{"href":"https:\/\/glassingmonkey.com\/es\/wp-json\/wp\/v2\/types\/product"}],"replies":[{"embeddable":true,"href":"https:\/\/glassingmonkey.com\/es\/wp-json\/wp\/v2\/comments?post=26789"}],"wp:featuredmedia":[{"embeddable":true,"href":"https:\/\/glassingmonkey.com\/es\/wp-json\/wp\/v2\/media\/25633"}],"wp:attachment":[{"href":"https:\/\/glassingmonkey.com\/es\/wp-json\/wp\/v2\/media?parent=26789"}],"wp:term":[{"taxonomy":"product_brand","embeddable":true,"href":"https:\/\/glassingmonkey.com\/es\/wp-json\/wp\/v2\/product_brand?post=26789"},{"taxonomy":"product_cat","embeddable":true,"href":"https:\/\/glassingmonkey.com\/es\/wp-json\/wp\/v2\/product_cat?post=26789"},{"taxonomy":"product_tag","embeddable":true,"href":"https:\/\/glassingmonkey.com\/es\/wp-json\/wp\/v2\/product_tag?post=26789"}],"curies":[{"name":"wp","href":"https:\/\/api.w.org\/{rel}","templated":true}]}}