{"id":26794,"date":"2025-05-28T11:47:44","date_gmt":"2025-05-28T09:47:44","guid":{"rendered":"https:\/\/glassingmonkey.com\/product\/heavy-water-hm-performance-all-round\/"},"modified":"2026-04-23T19:58:31","modified_gmt":"2026-04-23T17:58:31","slug":"tabla-de-surf-heavy-water-hm-performance","status":"publish","type":"product","link":"https:\/\/glassingmonkey.com\/es\/product\/tabla-de-surf-heavy-water-hm-performance\/","title":{"rendered":"Heavy Water HM Performance (all-round)"},"content":{"rendered":"<h1 class=\"otQkpb\" role=\"heading\" aria-level=\"3\" data-sfc-root=\"c\" data-complete=\"true\" data-processed=\"true\">Heavy Water HM Performance: El shortboard definitivo para el d\u00eda a d\u00eda<button class=\"rBl3me\" tabindex=\"0\" data-amic=\"true\" data-icl-uuid=\"0ec9ce90-f339-4abe-b226-d079fdaf547f\" aria-label=\"View related links\" data-wiz-attrbind=\"disabled=Mxv2Le_m\/C5gNJc;aria-label=Mxv2Le_m\/bOjMyf;class=Mxv2Le_m\/UpSNec\" data-ved=\"2ahUKEwiq8pmOkv2TAxXvKvsDHT6hJ-4Qye0OegYIAQgCEAA\" data-hveid=\"CAEIAhAA\"><\/button><\/h1>\n<div class=\"Y3BBE\" data-sfc-cp=\"\" data-sfc-root=\"c\" data-sfc-cb=\"\" data-hveid=\"CAEIAxAA\" data-complete=\"true\" data-processed=\"true\">La \u00a0Heavy Water HM Performance destaca como una tabla polivalente dise\u00f1ada para dominar todo tipo de condiciones. En primer lugar, muchos surfistas consideran a este modelo como la verdadera Quiver Killer definitiva. Adem\u00e1s, su configuraci\u00f3n t\u00e9cnica permite enfrentar cualquier situaci\u00f3n en el mar con una sola tabla. Por lo tanto, esta pieza se convierte en la mejor elecci\u00f3n para llevar siempre en tu boardbag. Gracias a su versatilidad, obtendr\u00e1s un rendimiento excepcional en tus sesiones diarias de surf.<button class=\"rBl3me\" tabindex=\"0\" data-amic=\"true\" data-icl-uuid=\"de287ed2-ab61-49c4-b026-3ed9c298944e\" aria-label=\"View related links\" data-wiz-attrbind=\"disabled=Mxv2Le_q\/C5gNJc;aria-label=Mxv2Le_q\/bOjMyf;class=Mxv2Le_q\/UpSNec\" data-ved=\"2ahUKEwiq8pmOkv2TAxXvKvsDHT6hJ-4Qye0OegYIAQgDEAE\" data-hveid=\"CAEIAxAB\"><\/button><\/div>\n<h2 class=\"otQkpb\" role=\"heading\" aria-level=\"3\" data-sfc-root=\"c\" data-processed=\"true\" data-complete=\"true\">Remada f\u00e1cil y aceleraci\u00f3n impresionante en secciones cr\u00edticas<button class=\"rBl3me\" tabindex=\"0\" data-amic=\"true\" data-icl-uuid=\"61257d4e-8cea-419f-baf2-377633a7539d\" aria-label=\"View related links\" data-wiz-attrbind=\"disabled=Mxv2Le_v\/C5gNJc;aria-label=Mxv2Le_v\/bOjMyf;class=Mxv2Le_v\/UpSNec\" data-ved=\"2ahUKEwiq8pmOkv2TAxXvKvsDHT6hJ-4Qye0OegYIAQgEEAA\" data-hveid=\"CAEIBBAA\"><\/button><\/h2>\n<div class=\"Y3BBE\" data-sfc-cp=\"\" data-sfc-root=\"c\" data-sfc-cb=\"\" data-hveid=\"CAEIBRAA\" data-complete=\"true\" data-processed=\"true\">En adici\u00f3n a su polivalencia, la tabla ofrece una remada muy f\u00e1cil para el usuario. Esta caracter\u00edstica facilita la entrada en la ola y mejora el posicionamiento de manera notable. Asimismo, el dise\u00f1o garantiza una aceleraci\u00f3n impresionante desde el primer momento de la puesta en pie. Consecuentemente, la tabla permite entrar en el tubo con un control total del movimiento. Como resultado, podr\u00e1s romper las secciones m\u00e1s comprometidas con maniobras radicales y seguras.<button class=\"rBl3me\" tabindex=\"0\" data-amic=\"true\" data-icl-uuid=\"79ef6f26-2d87-4989-94c5-a26bec75420e\" aria-label=\"View related links\" data-wiz-attrbind=\"disabled=Mxv2Le_z\/C5gNJc;aria-label=Mxv2Le_z\/bOjMyf;class=Mxv2Le_z\/UpSNec\" data-ved=\"2ahUKEwiq8pmOkv2TAxXvKvsDHT6hJ-4Qye0OegYIAQgFEAE\" data-hveid=\"CAEIBRAB\"><\/button><\/div>\n<div class=\"Y3BBE\" data-sfc-cp=\"\" data-sfc-root=\"c\" data-sfc-cb=\"\" data-hveid=\"CAEIBhAA\" data-processed=\"true\" data-complete=\"true\">Del mismo modo, este modelo mantiene un flujo constante durante toda la l\u00ednea de la ola. Por ejemplo, notar\u00e1s c\u00f3mo la tabla responde con precisi\u00f3n en las partes m\u00e1s verticales de la pared. Debido a su equilibrio de vol\u00famenes, no sentir\u00e1s ninguna p\u00e9rdida de velocidad durante los giros. Ciertamente, es una herramienta competitiva para elevar tu nivel de surf durante toda la temporada.<button class=\"rBl3me\" tabindex=\"0\" data-amic=\"true\" data-icl-uuid=\"f2497d62-1cde-4522-92e6-8c6171482d66\" aria-label=\"View related links\" data-wiz-attrbind=\"disabled=Mxv2Le_13\/C5gNJc;aria-label=Mxv2Le_13\/bOjMyf;class=Mxv2Le_13\/UpSNec\" data-ved=\"2ahUKEwiq8pmOkv2TAxXvKvsDHT6hJ-4Qye0OegYIAQgGEAE\" data-hveid=\"CAEIBhAB\"><\/button><\/div>\n<h2 class=\"otQkpb\" role=\"heading\" aria-level=\"3\" data-sfc-root=\"c\" data-complete=\"true\" data-processed=\"true\">Heavy Water HM Performance, Rocker bajo en el nose y tail de estilo performance<button class=\"rBl3me\" tabindex=\"0\" data-amic=\"true\" data-icl-uuid=\"6f7b58b5-d490-4d33-beb2-0eef3ed8fbd3\" aria-label=\"View related links\" data-wiz-attrbind=\"disabled=Mxv2Le_18\/C5gNJc;aria-label=Mxv2Le_18\/bOjMyf;class=Mxv2Le_18\/UpSNec\" data-ved=\"2ahUKEwiq8pmOkv2TAxXvKvsDHT6hJ-4Qye0OegYIAQgHEAA\" data-hveid=\"CAEIBxAA\"><\/button><\/h2>\n<div class=\"Y3BBE\" data-sfc-cp=\"\" data-sfc-root=\"c\" data-sfc-cb=\"\" data-hveid=\"CAEICBAA\" data-complete=\"true\" data-processed=\"true\">Respecto al perfil, la tabla cuenta con un rocker bajo estrat\u00e9gicamente situado en el nose. Espec\u00edficamente, este dise\u00f1o favorece la velocidad de planeo y facilita el despegue en olas variadas. Por otro lado, incorpora un rocker de tail de estilo puro performance muy reactivo. Esta curvatura trasera permite ponerse vertical en cualquier momento con una facilidad asombrosa. Por esta raz\u00f3n, la HM Performance combina la comodidad de remada con una capacidad de giro profesional.<button class=\"rBl3me\" tabindex=\"0\" data-amic=\"true\" data-icl-uuid=\"9a241efe-5574-4668-90db-1f582489ca16\" aria-label=\"View related links\" data-wiz-attrbind=\"disabled=Mxv2Le_1c\/C5gNJc;aria-label=Mxv2Le_1c\/bOjMyf;class=Mxv2Le_1c\/UpSNec\" data-ved=\"2ahUKEwiq8pmOkv2TAxXvKvsDHT6hJ-4Qye0OegYIAQgIEAE\" data-hveid=\"CAEICBAB\"><\/button><\/div>\n<div class=\"Y3BBE\" data-sfc-cp=\"\" data-sfc-root=\"c\" data-sfc-cb=\"\" data-hveid=\"CAEICRAA\" data-complete=\"true\" data-processed=\"true\" aria-owns=\"action-menu-parent-container\">En conclusi\u00f3n, este modelo sirve como la soluci\u00f3n total para el surfista moderno y exigente. Adem\u00e1s, su construcci\u00f3n ligera asegura que la tabla sea f\u00e1cil de manejar en el agua. Finalmente, invertir en esta tabla transformar\u00e1 tu confianza en condiciones de mar muy diversas. Ahora es el momento de disfrutar de un dise\u00f1o creado para dominar cada sesi\u00f3n.<\/div>\n","protected":false},"excerpt":{"rendered":"<p>Esta es \u201cla aut\u00e9ntica QUIVER KILLER\u201d: proporciona una remada sencilla y una aceleraci\u00f3n incre\u00edble.<\/p>\n","protected":false},"featured_media":25618,"comment_status":"closed","ping_status":"closed","template":"","meta":{"site-sidebar-layout":"default","site-content-layout":"","ast-site-content-layout":"default","site-content-style":"default","site-sidebar-style":"default","ast-global-header-display":"","ast-banner-title-visibility":"","ast-main-header-display":"","ast-hfb-above-header-display":"","ast-hfb-below-header-display":"","ast-hfb-mobile-header-display":"","site-post-title":"","ast-breadcrumbs-content":"","ast-featured-img":"","footer-sml-layout":"","ast-disable-related-posts":"","theme-transparent-header-meta":"default","adv-header-id-meta":"","stick-header-meta":"","header-above-stick-meta":"","header-main-stick-meta":"","header-below-stick-meta":"","astra-migrate-meta-layouts":"set","ast-page-background-enabled":"default","ast-page-background-meta":{"desktop":{"background-color":"var(--ast-global-color-5)","background-image":"","background-repeat":"repeat","background-position":"center center","background-size":"auto","background-attachment":"scroll","background-type":"","background-media":"","overlay-type":"","overlay-color":"","overlay-opacity":"","overlay-gradient":""},"tablet":{"background-color":"","background-image":"","background-repeat":"repeat","background-position":"center center","background-size":"auto","background-attachment":"scroll","background-type":"","background-media":"","overlay-type":"","overlay-color":"","overlay-opacity":"","overlay-gradient":""},"mobile":{"background-color":"","background-image":"","background-repeat":"repeat","background-position":"center center","background-size":"auto","background-attachment":"scroll","background-type":"","background-media":"","overlay-type":"","overlay-color":"","overlay-opacity":"","overlay-gradient":""}},"ast-content-background-meta":{"desktop":{"background-color":"var(--ast-global-color-4)","background-image":"","background-repeat":"repeat","background-position":"center center","background-size":"auto","background-attachment":"scroll","background-type":"","background-media":"","overlay-type":"","overlay-color":"","overlay-opacity":"","overlay-gradient":""},"tablet":{"background-color":"var(--ast-global-color-4)","background-image":"","background-repeat":"repeat","background-position":"center center","background-size":"auto","background-attachment":"scroll","background-type":"","background-media":"","overlay-type":"","overlay-color":"","overlay-opacity":"","overlay-gradient":""},"mobile":{"background-color":"var(--ast-global-color-4)","background-image":"","background-repeat":"repeat","background-position":"center center","background-size":"auto","background-attachment":"scroll","background-type":"","background-media":"","overlay-type":"","overlay-color":"","overlay-opacity":"","overlay-gradient":""}}},"product_brand":[1264],"product_cat":[1256,1307,1215,1196],"product_tag":[1308,1218,1309],"class_list":{"0":"post-26794","1":"product","2":"type-product","3":"status-publish","4":"has-post-thumbnail","6":"product_brand-heavy-water-surfboards","7":"product_cat-shortboard","8":"product_cat-tablas-all-round","9":"product_cat-tablas-alto-rendimiento","10":"product_cat-tablas-de-surf-es","11":"product_tag-all-round","12":"product_tag-high-performance-es","13":"product_tag-short-boards","14":"product_shipping_class-tablas-hasta-66-es","15":"pa_model-hm-performance","16":"pa_thickness-2-1-18","17":"pa_thickness-2-1-2-es-2","18":"pa_thickness-2-1-4","19":"pa_thickness-2-3-16","20":"pa_thickness-2-3-8-es-2","21":"pa_thickness-2-5-16-es-2","22":"pa_thickness-2-5-8","23":"pa_thickness-2-7-16-es-2","24":"pa_thickness-2-9-16","25":"pa_width-18-1-4","26":"pa_width-18-3-4","27":"pa_width-1451","28":"pa_width-18-1-2","29":"pa_width-19-1-2","30":"pa_width-19-1-4","31":"pa_width-19-3-4","32":"pa_width-1319","33":"pa_width-1305","34":"desktop-align-left","35":"tablet-align-left","36":"mobile-align-left","38":"first","39":"onbackorder","40":"sale","41":"featured","42":"shipping-taxable","43":"purchasable","44":"product-type-variable"},"yoast_head":"<!-- This site is optimized with the Yoast SEO plugin v27.4 - https:\/\/yoast.com\/product\/yoast-seo-wordpress\/ -->\n<title>Heavy Water Hm Performance \/ Shortboard All-round<\/title>\n<meta name=\"description\" content=\"Descubre la Heavy Water Hm Performance de Glassing Monkey. Una tabla de surf versatile y de alto rendimiento, ideal para todo tipo de condiciones.\" \/>\n<meta name=\"robots\" content=\"index, follow, max-snippet:-1, max-image-preview:large, max-video-preview:-1\" \/>\n<link rel=\"canonical\" href=\"https:\/\/glassingmonkey.com\/es\/product\/tabla-de-surf-heavy-water-hm-performance\/\" \/>\n<meta property=\"og:locale\" content=\"es_ES\" \/>\n<meta property=\"og:type\" content=\"article\" \/>\n<meta property=\"og:title\" content=\"Heavy Water Hm Performance \/ Shortboard All-round\" \/>\n<meta property=\"og:description\" content=\"Descubre la Heavy Water Hm Performance de Glassing Monkey. Una tabla de surf versatile y de alto rendimiento, ideal para todo tipo de condiciones.\" \/>\n<meta property=\"og:url\" content=\"https:\/\/glassingmonkey.com\/es\/product\/tabla-de-surf-heavy-water-hm-performance\/\" \/>\n<meta property=\"og:site_name\" content=\"Glassing Monkey\" \/>\n<meta property=\"article:modified_time\" content=\"2026-04-23T17:58:31+00:00\" \/>\n<meta property=\"og:image\" content=\"https:\/\/glassingmonkey.com\/wp-content\/uploads\/2022\/05\/glassing-monkey-heavy-water-surfboards-HM-performance.png\" \/>\n<meta name=\"twitter:card\" content=\"summary_large_image\" \/>\n<meta name=\"twitter:label1\" content=\"Tiempo de lectura\" \/>\n\t<meta name=\"twitter:data1\" content=\"2 minutos\" \/>\n<script type=\"application\/ld+json\" class=\"yoast-schema-graph\">{\"@context\":\"https:\\\/\\\/schema.org\",\"@graph\":[{\"@type\":\"WebPage\",\"@id\":\"https:\\\/\\\/glassingmonkey.com\\\/es\\\/product\\\/tabla-de-surf-heavy-water-hm-performance\\\/\",\"url\":\"https:\\\/\\\/glassingmonkey.com\\\/es\\\/product\\\/tabla-de-surf-heavy-water-hm-performance\\\/\",\"name\":\"Heavy Water Hm Performance \\\/ Shortboard All-round\",\"isPartOf\":{\"@id\":\"https:\\\/\\\/glassingmonkey.com\\\/es\\\/#website\"},\"primaryImageOfPage\":{\"@id\":\"https:\\\/\\\/glassingmonkey.com\\\/es\\\/product\\\/tabla-de-surf-heavy-water-hm-performance\\\/#primaryimage\"},\"image\":{\"@id\":\"https:\\\/\\\/glassingmonkey.com\\\/es\\\/product\\\/tabla-de-surf-heavy-water-hm-performance\\\/#primaryimage\"},\"thumbnailUrl\":\"https:\\\/\\\/glassingmonkey.com\\\/wp-content\\\/uploads\\\/2025\\\/05\\\/HM-PERFORMANCE-1.jpg\",\"datePublished\":\"2025-05-28T09:47:44+00:00\",\"dateModified\":\"2026-04-23T17:58:31+00:00\",\"description\":\"Descubre la Heavy Water Hm Performance de Glassing Monkey. Una tabla de surf versatile y de alto rendimiento, ideal para todo tipo de condiciones.\",\"breadcrumb\":{\"@id\":\"https:\\\/\\\/glassingmonkey.com\\\/es\\\/product\\\/tabla-de-surf-heavy-water-hm-performance\\\/#breadcrumb\"},\"inLanguage\":\"es\",\"potentialAction\":[{\"@type\":\"ReadAction\",\"target\":[\"https:\\\/\\\/glassingmonkey.com\\\/es\\\/product\\\/tabla-de-surf-heavy-water-hm-performance\\\/\"]}]},{\"@type\":\"ImageObject\",\"inLanguage\":\"es\",\"@id\":\"https:\\\/\\\/glassingmonkey.com\\\/es\\\/product\\\/tabla-de-surf-heavy-water-hm-performance\\\/#primaryimage\",\"url\":\"https:\\\/\\\/glassingmonkey.com\\\/wp-content\\\/uploads\\\/2025\\\/05\\\/HM-PERFORMANCE-1.jpg\",\"contentUrl\":\"https:\\\/\\\/glassingmonkey.com\\\/wp-content\\\/uploads\\\/2025\\\/05\\\/HM-PERFORMANCE-1.jpg\",\"width\":600,\"height\":800,\"caption\":\"Heavy Water Hm Performance\"},{\"@type\":\"BreadcrumbList\",\"@id\":\"https:\\\/\\\/glassingmonkey.com\\\/es\\\/product\\\/tabla-de-surf-heavy-water-hm-performance\\\/#breadcrumb\",\"itemListElement\":[{\"@type\":\"ListItem\",\"position\":1,\"name\":\"Home\",\"item\":\"https:\\\/\\\/glassingmonkey.com\\\/es\\\/\"},{\"@type\":\"ListItem\",\"position\":2,\"name\":\"Tienda\",\"item\":\"https:\\\/\\\/glassingmonkey.com\\\/es\\\/tienda\\\/\"},{\"@type\":\"ListItem\",\"position\":3,\"name\":\"Heavy Water HM Performance (all-round)\"}]},{\"@type\":\"WebSite\",\"@id\":\"https:\\\/\\\/glassingmonkey.com\\\/es\\\/#website\",\"url\":\"https:\\\/\\\/glassingmonkey.com\\\/es\\\/\",\"name\":\"Glassing Monkey\",\"description\":\"RIDE YOUR LIFE\",\"publisher\":{\"@id\":\"https:\\\/\\\/glassingmonkey.com\\\/es\\\/#organization\"},\"potentialAction\":[{\"@type\":\"SearchAction\",\"target\":{\"@type\":\"EntryPoint\",\"urlTemplate\":\"https:\\\/\\\/glassingmonkey.com\\\/es\\\/?s={search_term_string}\"},\"query-input\":{\"@type\":\"PropertyValueSpecification\",\"valueRequired\":true,\"valueName\":\"search_term_string\"}}],\"inLanguage\":\"es\"},{\"@type\":\"Organization\",\"@id\":\"https:\\\/\\\/glassingmonkey.com\\\/es\\\/#organization\",\"name\":\"Glassing Monkey\",\"url\":\"https:\\\/\\\/glassingmonkey.com\\\/es\\\/\",\"logo\":{\"@type\":\"ImageObject\",\"inLanguage\":\"es\",\"@id\":\"https:\\\/\\\/glassingmonkey.com\\\/es\\\/#\\\/schema\\\/logo\\\/image\\\/\",\"url\":\"https:\\\/\\\/glassingmonkey.com\\\/wp-content\\\/uploads\\\/2025\\\/06\\\/Glassing-monkey-surf-factory-surf-shop.webp\",\"contentUrl\":\"https:\\\/\\\/glassingmonkey.com\\\/wp-content\\\/uploads\\\/2025\\\/06\\\/Glassing-monkey-surf-factory-surf-shop.webp\",\"width\":786,\"height\":530,\"caption\":\"Glassing Monkey\"},\"image\":{\"@id\":\"https:\\\/\\\/glassingmonkey.com\\\/es\\\/#\\\/schema\\\/logo\\\/image\\\/\"},\"sameAs\":[\"https:\\\/\\\/www.instagram.com\\\/glassingmonkey\\\/\"]}]}<\/script>\n<!-- \/ Yoast SEO plugin. -->","yoast_head_json":{"title":"Heavy Water Hm Performance \/ Shortboard All-round","description":"Descubre la Heavy Water Hm Performance de Glassing Monkey. Una tabla de surf versatile y de alto rendimiento, ideal para todo tipo de condiciones.","robots":{"index":"index","follow":"follow","max-snippet":"max-snippet:-1","max-image-preview":"max-image-preview:large","max-video-preview":"max-video-preview:-1"},"canonical":"https:\/\/glassingmonkey.com\/es\/product\/tabla-de-surf-heavy-water-hm-performance\/","og_locale":"es_ES","og_type":"article","og_title":"Heavy Water Hm Performance \/ Shortboard All-round","og_description":"Descubre la Heavy Water Hm Performance de Glassing Monkey. Una tabla de surf versatile y de alto rendimiento, ideal para todo tipo de condiciones.","og_url":"https:\/\/glassingmonkey.com\/es\/product\/tabla-de-surf-heavy-water-hm-performance\/","og_site_name":"Glassing Monkey","article_modified_time":"2026-04-23T17:58:31+00:00","og_image":[{"url":"https:\/\/glassingmonkey.com\/wp-content\/uploads\/2022\/05\/glassing-monkey-heavy-water-surfboards-HM-performance.png","type":"","width":"","height":""}],"twitter_card":"summary_large_image","twitter_misc":{"Tiempo de lectura":"2 minutos"},"schema":{"@context":"https:\/\/schema.org","@graph":[{"@type":"WebPage","@id":"https:\/\/glassingmonkey.com\/es\/product\/tabla-de-surf-heavy-water-hm-performance\/","url":"https:\/\/glassingmonkey.com\/es\/product\/tabla-de-surf-heavy-water-hm-performance\/","name":"Heavy Water Hm Performance \/ Shortboard All-round","isPartOf":{"@id":"https:\/\/glassingmonkey.com\/es\/#website"},"primaryImageOfPage":{"@id":"https:\/\/glassingmonkey.com\/es\/product\/tabla-de-surf-heavy-water-hm-performance\/#primaryimage"},"image":{"@id":"https:\/\/glassingmonkey.com\/es\/product\/tabla-de-surf-heavy-water-hm-performance\/#primaryimage"},"thumbnailUrl":"https:\/\/glassingmonkey.com\/wp-content\/uploads\/2025\/05\/HM-PERFORMANCE-1.jpg","datePublished":"2025-05-28T09:47:44+00:00","dateModified":"2026-04-23T17:58:31+00:00","description":"Descubre la Heavy Water Hm Performance de Glassing Monkey. Una tabla de surf versatile y de alto rendimiento, ideal para todo tipo de condiciones.","breadcrumb":{"@id":"https:\/\/glassingmonkey.com\/es\/product\/tabla-de-surf-heavy-water-hm-performance\/#breadcrumb"},"inLanguage":"es","potentialAction":[{"@type":"ReadAction","target":["https:\/\/glassingmonkey.com\/es\/product\/tabla-de-surf-heavy-water-hm-performance\/"]}]},{"@type":"ImageObject","inLanguage":"es","@id":"https:\/\/glassingmonkey.com\/es\/product\/tabla-de-surf-heavy-water-hm-performance\/#primaryimage","url":"https:\/\/glassingmonkey.com\/wp-content\/uploads\/2025\/05\/HM-PERFORMANCE-1.jpg","contentUrl":"https:\/\/glassingmonkey.com\/wp-content\/uploads\/2025\/05\/HM-PERFORMANCE-1.jpg","width":600,"height":800,"caption":"Heavy Water Hm Performance"},{"@type":"BreadcrumbList","@id":"https:\/\/glassingmonkey.com\/es\/product\/tabla-de-surf-heavy-water-hm-performance\/#breadcrumb","itemListElement":[{"@type":"ListItem","position":1,"name":"Home","item":"https:\/\/glassingmonkey.com\/es\/"},{"@type":"ListItem","position":2,"name":"Tienda","item":"https:\/\/glassingmonkey.com\/es\/tienda\/"},{"@type":"ListItem","position":3,"name":"Heavy Water HM Performance (all-round)"}]},{"@type":"WebSite","@id":"https:\/\/glassingmonkey.com\/es\/#website","url":"https:\/\/glassingmonkey.com\/es\/","name":"Glassing Monkey","description":"RIDE YOUR LIFE","publisher":{"@id":"https:\/\/glassingmonkey.com\/es\/#organization"},"potentialAction":[{"@type":"SearchAction","target":{"@type":"EntryPoint","urlTemplate":"https:\/\/glassingmonkey.com\/es\/?s={search_term_string}"},"query-input":{"@type":"PropertyValueSpecification","valueRequired":true,"valueName":"search_term_string"}}],"inLanguage":"es"},{"@type":"Organization","@id":"https:\/\/glassingmonkey.com\/es\/#organization","name":"Glassing Monkey","url":"https:\/\/glassingmonkey.com\/es\/","logo":{"@type":"ImageObject","inLanguage":"es","@id":"https:\/\/glassingmonkey.com\/es\/#\/schema\/logo\/image\/","url":"https:\/\/glassingmonkey.com\/wp-content\/uploads\/2025\/06\/Glassing-monkey-surf-factory-surf-shop.webp","contentUrl":"https:\/\/glassingmonkey.com\/wp-content\/uploads\/2025\/06\/Glassing-monkey-surf-factory-surf-shop.webp","width":786,"height":530,"caption":"Glassing Monkey"},"image":{"@id":"https:\/\/glassingmonkey.com\/es\/#\/schema\/logo\/image\/"},"sameAs":["https:\/\/www.instagram.com\/glassingmonkey\/"]}]}},"_links":{"self":[{"href":"https:\/\/glassingmonkey.com\/es\/wp-json\/wp\/v2\/product\/26794","targetHints":{"allow":["GET"]}}],"collection":[{"href":"https:\/\/glassingmonkey.com\/es\/wp-json\/wp\/v2\/product"}],"about":[{"href":"https:\/\/glassingmonkey.com\/es\/wp-json\/wp\/v2\/types\/product"}],"replies":[{"embeddable":true,"href":"https:\/\/glassingmonkey.com\/es\/wp-json\/wp\/v2\/comments?post=26794"}],"wp:featuredmedia":[{"embeddable":true,"href":"https:\/\/glassingmonkey.com\/es\/wp-json\/wp\/v2\/media\/25618"}],"wp:attachment":[{"href":"https:\/\/glassingmonkey.com\/es\/wp-json\/wp\/v2\/media?parent=26794"}],"wp:term":[{"taxonomy":"product_brand","embeddable":true,"href":"https:\/\/glassingmonkey.com\/es\/wp-json\/wp\/v2\/product_brand?post=26794"},{"taxonomy":"product_cat","embeddable":true,"href":"https:\/\/glassingmonkey.com\/es\/wp-json\/wp\/v2\/product_cat?post=26794"},{"taxonomy":"product_tag","embeddable":true,"href":"https:\/\/glassingmonkey.com\/es\/wp-json\/wp\/v2\/product_tag?post=26794"}],"curies":[{"name":"wp","href":"https:\/\/api.w.org\/{rel}","templated":true}]}}