{"id":26796,"date":"2025-05-28T11:47:44","date_gmt":"2025-05-28T09:47:44","guid":{"rendered":"https:\/\/glassingmonkey.com\/product\/heavy-water-rtr-all-round\/"},"modified":"2026-04-23T20:37:23","modified_gmt":"2026-04-23T18:37:23","slug":"heavy-water-rtr-all-round","status":"publish","type":"product","link":"https:\/\/glassingmonkey.com\/es\/product\/heavy-water-rtr-all-round\/","title":{"rendered":"Heavy Water RTR (all-round)"},"content":{"rendered":"<h1 class=\"otQkpb\" role=\"heading\" aria-level=\"3\" data-sfc-root=\"c\" data-complete=\"true\" data-processed=\"true\">Heavy Water RTR: El dominio absoluto del Rail to Rail<button class=\"rBl3me\" tabindex=\"0\" data-amic=\"true\" data-icl-uuid=\"c5cdb713-8835-4c78-92ab-70d6ec9cffac\" aria-label=\"View related links\" data-wiz-attrbind=\"disabled=yqzUif_t\/C5gNJc;aria-label=yqzUif_t\/bOjMyf;class=yqzUif_t\/UpSNec\" data-ved=\"2ahUKEwj2ttmkzYSUAxWHP_sDHfa7OMIQye0OegYIAQgEEAA\" data-hveid=\"CAEIBBAA\"><\/button><\/h1>\n<div class=\"Y3BBE\" data-sfc-cp=\"\" data-sfc-root=\"c\" data-sfc-cb=\"\" data-hveid=\"CAEIBRAA\" data-complete=\"true\" data-processed=\"true\">La Heavy Water RTR ha sido dise\u00f1ada espec\u00edficamente para los surfistas que priorizan la precisi\u00f3n y el flujo en la pared. En primer lugar, las siglas RTR significan &#8220;Rail to Rail&#8221;, lo que define por completo el alma de este shape. Este modelo es la elecci\u00f3n perfecta si te apasiona surfear enterrando el canto profundamente en el agua. Adem\u00e1s, su dise\u00f1o te permite mantenerte en la parte alta y cerrada de la ola o dentro del tubo. Por lo tanto, esta tabla se convierte en una herramienta esencial para quienes buscan un rendimiento t\u00e9cnico y tradicional.<button class=\"rBl3me\" tabindex=\"0\" data-amic=\"true\" data-icl-uuid=\"99b2d785-14c6-4606-8007-441fc55c13db\" aria-label=\"View related links\" data-wiz-attrbind=\"disabled=yqzUif_x\/C5gNJc;aria-label=yqzUif_x\/bOjMyf;class=yqzUif_x\/UpSNec\" data-ved=\"2ahUKEwj2ttmkzYSUAxWHP_sDHfa7OMIQye0OegYIAQgFEAE\" data-hveid=\"CAEIBRAB\"><\/button><\/div>\n<h2 class=\"otQkpb\" role=\"heading\" aria-level=\"3\" data-sfc-root=\"c\" data-processed=\"true\" data-complete=\"true\">Contorno avanzado: C\u00f3ncavo simple a Vee en la cola<button class=\"rBl3me\" tabindex=\"0\" data-amic=\"true\" data-icl-uuid=\"1dea8729-95c5-419a-a1c5-2d8f0cc71d2e\" aria-label=\"View related links\" data-wiz-attrbind=\"disabled=yqzUif_12\/C5gNJc;aria-label=yqzUif_12\/bOjMyf;class=yqzUif_12\/UpSNec\" data-ved=\"2ahUKEwj2ttmkzYSUAxWHP_sDHfa7OMIQye0OegYIAQgGEAA\" data-hveid=\"CAEIBhAA\"><\/button><\/h2>\n<div class=\"Y3BBE\" data-sfc-cp=\"\" data-sfc-root=\"c\" data-sfc-cb=\"\" data-hveid=\"CAEIBxAA\" data-complete=\"true\" data-processed=\"true\">Respecto a la parte t\u00e9cnica del bottom, la tabla presenta un sofisticado c\u00f3ncavo simple que transita hacia un vee en el tail. Primero, el c\u00f3ncavo simple proporciona la elevaci\u00f3n y velocidad necesarias para generar impulso desde el mismo despegue. Adicionalmente, el acabado en vee facilita las transiciones sin esfuerzo durante tus giros de fondo y cutbacks. Consecuentemente, la combinaci\u00f3n de estos dos elementos asegura que la tabla permanezca estable pero incre\u00edblemente \u00e1gil bajo tus pies. Como resultado, podr\u00e1s mantener un flujo constante sin perder velocidad entre las diferentes maniobras.<button class=\"rBl3me\" tabindex=\"0\" data-amic=\"true\" data-icl-uuid=\"3db9226d-245b-445c-8e98-8a3f31f8d5fc\" aria-label=\"View related links\" data-wiz-attrbind=\"disabled=yqzUif_16\/C5gNJc;aria-label=yqzUif_16\/bOjMyf;class=yqzUif_16\/UpSNec\" data-ved=\"2ahUKEwj2ttmkzYSUAxWHP_sDHfa7OMIQye0OegYIAQgHEAE\" data-hveid=\"CAEIBxAB\"><\/button><\/div>\n<h2 class=\"otQkpb\" role=\"heading\" aria-level=\"3\" data-sfc-root=\"c\" data-complete=\"true\" data-processed=\"true\">Configuraci\u00f3n de quillas y control en el tubo<button class=\"rBl3me\" tabindex=\"0\" data-amic=\"true\" data-icl-uuid=\"a9e75914-6ed5-472c-ba1e-2c8b8b44fb78\" aria-label=\"View related links\" data-wiz-attrbind=\"disabled=yqzUif_1b\/C5gNJc;aria-label=yqzUif_1b\/bOjMyf;class=yqzUif_1b\/UpSNec\" data-ved=\"2ahUKEwj2ttmkzYSUAxWHP_sDHfa7OMIQye0OegYIAQgIEAA\" data-hveid=\"CAEICBAA\"><\/button><\/h2>\n<div class=\"Y3BBE\" data-sfc-cp=\"\" data-sfc-root=\"c\" data-sfc-cb=\"\" data-hveid=\"CAEICRAA\" data-complete=\"true\" data-processed=\"true\">En adici\u00f3n al dise\u00f1o del casco, recomendamos encarecidamente utilizar este modelo con una configuraci\u00f3n de cuatro quillas o quad. Al hacerlo, notar\u00e1s inmediatamente lo f\u00e1cil que resulta llevar la tabla de canto a canto con fluidez. Esta configuraci\u00f3n proporciona un agarre y una sujeci\u00f3n extra, algo vital cuando intentas entrar profundamente en el tubo. Asimismo, el sistema quad ofrece una l\u00ednea m\u00e1s veloz que el tradicional thruster en la mayor\u00eda de las condiciones. Por esta raz\u00f3n, muchos surfers prefieren este modelo para d\u00edas huecos donde la velocidad y el control son igualmente importantes.<button class=\"rBl3me\" tabindex=\"0\" data-amic=\"true\" data-icl-uuid=\"c42cdbd9-db2b-4cb8-8cf2-b5f7767e4a42\" aria-label=\"View related links\" data-wiz-attrbind=\"disabled=yqzUif_1f\/C5gNJc;aria-label=yqzUif_1f\/bOjMyf;class=yqzUif_1f\/UpSNec\" data-ved=\"2ahUKEwj2ttmkzYSUAxWHP_sDHfa7OMIQye0OegYIAQgJEAE\" data-hveid=\"CAEICRAB\"><\/button><\/div>\n<h2 class=\"otQkpb\" role=\"heading\" aria-level=\"3\" data-sfc-root=\"c\" data-processed=\"true\" data-complete=\"true\">Rocker moderado y perfil de cantos suaves<button class=\"rBl3me\" tabindex=\"0\" data-amic=\"true\" data-icl-uuid=\"7840f6b2-6ce0-441e-8ec1-450801160af9\" aria-label=\"View related links\" data-wiz-attrbind=\"disabled=yqzUif_1k\/C5gNJc;aria-label=yqzUif_1k\/bOjMyf;class=yqzUif_1k\/UpSNec\" data-ved=\"2ahUKEwj2ttmkzYSUAxWHP_sDHfa7OMIQye0OegYIAQgKEAA\" data-hveid=\"CAEIChAA\"><\/button><\/h2>\n<div class=\"Y3BBE\" data-sfc-cp=\"\" data-sfc-root=\"c\" data-sfc-cb=\"\" data-hveid=\"CAEICxAA\" data-complete=\"true\" data-processed=\"true\" aria-owns=\"action-menu-parent-container\">En cuanto a su silueta, la RTR cuenta con un rocker moderado y suave a lo largo de todo su perfil. Espec\u00edficamente, esta curvatura equilibrada permite una gran versatilidad tanto en olas peque\u00f1as como medianas. Por otro lado, los cantos bajos y suaves est\u00e1n dise\u00f1ados para penetrar en la superficie del agua con la m\u00ednima resistencia. Este dise\u00f1o de canto espec\u00edfico asegura una navegaci\u00f3n fluida mientras mantiene un nivel de respuesta profesional. En conclusi\u00f3n, la Heavy Water RTR es la soluci\u00f3n definitiva para dominar el arte de las l\u00edneas de carving. Finalmente, a\u00f1adir esta tabla a tu quiver redefinir\u00e1 por completo tu enfoque en el surf vertical.<\/div>\n","protected":false},"excerpt":{"rendered":"<p>RTR significa \u201cRail to Rail\u201d. Es el modelo ideal para quienes disfrutan surfeando apoyados en los cantos, altos en la pared y meti\u00e9ndose al tubo con control.<\/p>\n","protected":false},"featured_media":25629,"comment_status":"closed","ping_status":"closed","template":"","meta":{"site-sidebar-layout":"default","site-content-layout":"","ast-site-content-layout":"default","site-content-style":"default","site-sidebar-style":"default","ast-global-header-display":"","ast-banner-title-visibility":"","ast-main-header-display":"","ast-hfb-above-header-display":"","ast-hfb-below-header-display":"","ast-hfb-mobile-header-display":"","site-post-title":"","ast-breadcrumbs-content":"","ast-featured-img":"","footer-sml-layout":"","ast-disable-related-posts":"","theme-transparent-header-meta":"default","adv-header-id-meta":"","stick-header-meta":"","header-above-stick-meta":"","header-main-stick-meta":"","header-below-stick-meta":"","astra-migrate-meta-layouts":"set","ast-page-background-enabled":"default","ast-page-background-meta":{"desktop":{"background-color":"var(--ast-global-color-5)","background-image":"","background-repeat":"repeat","background-position":"center center","background-size":"auto","background-attachment":"scroll","background-type":"","background-media":"","overlay-type":"","overlay-color":"","overlay-opacity":"","overlay-gradient":""},"tablet":{"background-color":"","background-image":"","background-repeat":"repeat","background-position":"center center","background-size":"auto","background-attachment":"scroll","background-type":"","background-media":"","overlay-type":"","overlay-color":"","overlay-opacity":"","overlay-gradient":""},"mobile":{"background-color":"","background-image":"","background-repeat":"repeat","background-position":"center center","background-size":"auto","background-attachment":"scroll","background-type":"","background-media":"","overlay-type":"","overlay-color":"","overlay-opacity":"","overlay-gradient":""}},"ast-content-background-meta":{"desktop":{"background-color":"var(--ast-global-color-4)","background-image":"","background-repeat":"repeat","background-position":"center center","background-size":"auto","background-attachment":"scroll","background-type":"","background-media":"","overlay-type":"","overlay-color":"","overlay-opacity":"","overlay-gradient":""},"tablet":{"background-color":"var(--ast-global-color-4)","background-image":"","background-repeat":"repeat","background-position":"center center","background-size":"auto","background-attachment":"scroll","background-type":"","background-media":"","overlay-type":"","overlay-color":"","overlay-opacity":"","overlay-gradient":""},"mobile":{"background-color":"var(--ast-global-color-4)","background-image":"","background-repeat":"repeat","background-position":"center center","background-size":"auto","background-attachment":"scroll","background-type":"","background-media":"","overlay-type":"","overlay-color":"","overlay-opacity":"","overlay-gradient":""}}},"product_brand":[1264],"product_cat":[1307,1215,1256,1196],"product_tag":[1308,1218,1309],"class_list":{"0":"post-26796","1":"product","2":"type-product","3":"status-publish","4":"has-post-thumbnail","6":"product_brand-heavy-water-surfboards","7":"product_cat-allround","8":"product_cat-high-performance-es","9":"product_cat-shortboard","10":"product_cat-tablas-de-surf-es","11":"product_tag-all-round","12":"product_tag-high-performance-es","13":"product_tag-short-boards","14":"product_shipping_class-tablas-hasta-66-es","15":"pa_model-rtr","16":"pa_thickness-2-1-2-es-2","17":"pa_thickness-2-1-4","18":"pa_thickness-2-11-16","19":"pa_thickness-2-3-16","20":"pa_thickness-2-3-8-es-2","21":"pa_thickness-2-5-16-es-2","22":"pa_thickness-2-5-8","23":"pa_thickness-2-7-16-es-2","24":"pa_thickness-2-9-16","25":"pa_width-17-3-4","26":"pa_width-18-1-4","27":"pa_width-18-3-4","28":"pa_width-1451","29":"pa_width-18-1-2","30":"pa_width-19-1-2","31":"pa_width-19-1-4","32":"pa_width-19-3-4","33":"pa_width-1319","34":"desktop-align-left","35":"tablet-align-left","36":"mobile-align-left","38":"first","39":"onbackorder","40":"sale","41":"shipping-taxable","42":"purchasable","43":"product-type-variable"},"yoast_head":"<!-- This site is optimized with the Yoast SEO plugin v27.4 - https:\/\/yoast.com\/product\/yoast-seo-wordpress\/ -->\n<title>Heavy Water RTR \/ Shortboard All-Round \/ Glassing Monkey<\/title>\n<meta name=\"description\" content=\"Compra la shortboard Heavy Water RTR en Glassing Monkey. Rendimiento premium y versatilidad al mejor precio directo de fabrica. Hazte con la tuya!!!\" \/>\n<meta name=\"robots\" content=\"index, follow, max-snippet:-1, max-image-preview:large, max-video-preview:-1\" \/>\n<link rel=\"canonical\" href=\"https:\/\/glassingmonkey.com\/es\/product\/heavy-water-rtr-all-round\/\" \/>\n<meta property=\"og:locale\" content=\"es_ES\" \/>\n<meta property=\"og:type\" content=\"article\" \/>\n<meta property=\"og:title\" content=\"Heavy Water RTR \/ Shortboard All-Round \/ Glassing Monkey\" \/>\n<meta property=\"og:description\" content=\"Compra la shortboard Heavy Water RTR en Glassing Monkey. Rendimiento premium y versatilidad al mejor precio directo de fabrica. Hazte con la tuya!!!\" \/>\n<meta property=\"og:url\" content=\"https:\/\/glassingmonkey.com\/es\/product\/heavy-water-rtr-all-round\/\" \/>\n<meta property=\"og:site_name\" content=\"Ride your life\" \/>\n<meta property=\"article:modified_time\" content=\"2026-04-23T18:37:23+00:00\" \/>\n<meta property=\"og:image\" content=\"https:\/\/glassingmonkey.com\/wp-content\/uploads\/2022\/05\/glassing-monkey-heavy-water-surfboards-RTR.png\" \/>\n<meta name=\"twitter:card\" content=\"summary_large_image\" \/>\n<meta name=\"twitter:label1\" content=\"Tiempo de lectura\" \/>\n\t<meta name=\"twitter:data1\" content=\"3 minutos\" \/>\n<script type=\"application\/ld+json\" class=\"yoast-schema-graph\">{\"@context\":\"https:\\\/\\\/schema.org\",\"@graph\":[{\"@type\":\"WebPage\",\"@id\":\"https:\\\/\\\/glassingmonkey.com\\\/es\\\/product\\\/heavy-water-rtr-all-round\\\/\",\"url\":\"https:\\\/\\\/glassingmonkey.com\\\/es\\\/product\\\/heavy-water-rtr-all-round\\\/\",\"name\":\"Heavy Water RTR \\\/ Shortboard All-Round \\\/ Glassing Monkey\",\"isPartOf\":{\"@id\":\"https:\\\/\\\/glassingmonkey.com\\\/es\\\/#website\"},\"primaryImageOfPage\":{\"@id\":\"https:\\\/\\\/glassingmonkey.com\\\/es\\\/product\\\/heavy-water-rtr-all-round\\\/#primaryimage\"},\"image\":{\"@id\":\"https:\\\/\\\/glassingmonkey.com\\\/es\\\/product\\\/heavy-water-rtr-all-round\\\/#primaryimage\"},\"thumbnailUrl\":\"https:\\\/\\\/glassingmonkey.com\\\/wp-content\\\/uploads\\\/2025\\\/05\\\/RTR-1.jpg\",\"datePublished\":\"2025-05-28T09:47:44+00:00\",\"dateModified\":\"2026-04-23T18:37:23+00:00\",\"description\":\"Compra la shortboard Heavy Water RTR en Glassing Monkey. Rendimiento premium y versatilidad al mejor precio directo de fabrica. Hazte con la tuya!!!\",\"breadcrumb\":{\"@id\":\"https:\\\/\\\/glassingmonkey.com\\\/es\\\/product\\\/heavy-water-rtr-all-round\\\/#breadcrumb\"},\"inLanguage\":\"es\",\"potentialAction\":[{\"@type\":\"ReadAction\",\"target\":[\"https:\\\/\\\/glassingmonkey.com\\\/es\\\/product\\\/heavy-water-rtr-all-round\\\/\"]}]},{\"@type\":\"ImageObject\",\"inLanguage\":\"es\",\"@id\":\"https:\\\/\\\/glassingmonkey.com\\\/es\\\/product\\\/heavy-water-rtr-all-round\\\/#primaryimage\",\"url\":\"https:\\\/\\\/glassingmonkey.com\\\/wp-content\\\/uploads\\\/2025\\\/05\\\/RTR-1.jpg\",\"contentUrl\":\"https:\\\/\\\/glassingmonkey.com\\\/wp-content\\\/uploads\\\/2025\\\/05\\\/RTR-1.jpg\",\"width\":600,\"height\":800,\"caption\":\"heavy water rte\"},{\"@type\":\"BreadcrumbList\",\"@id\":\"https:\\\/\\\/glassingmonkey.com\\\/es\\\/product\\\/heavy-water-rtr-all-round\\\/#breadcrumb\",\"itemListElement\":[{\"@type\":\"ListItem\",\"position\":1,\"name\":\"Home\",\"item\":\"https:\\\/\\\/glassingmonkey.com\\\/es\\\/\"},{\"@type\":\"ListItem\",\"position\":2,\"name\":\"Tienda\",\"item\":\"https:\\\/\\\/glassingmonkey.com\\\/es\\\/tienda\\\/\"},{\"@type\":\"ListItem\",\"position\":3,\"name\":\"Heavy Water RTR (all-round)\"}]},{\"@type\":\"WebSite\",\"@id\":\"https:\\\/\\\/glassingmonkey.com\\\/es\\\/#website\",\"url\":\"https:\\\/\\\/glassingmonkey.com\\\/es\\\/\",\"name\":\"Glassing Monkey\",\"description\":\"RIDE YOUR LIFE\",\"publisher\":{\"@id\":\"https:\\\/\\\/glassingmonkey.com\\\/es\\\/#organization\"},\"potentialAction\":[{\"@type\":\"SearchAction\",\"target\":{\"@type\":\"EntryPoint\",\"urlTemplate\":\"https:\\\/\\\/glassingmonkey.com\\\/es\\\/?s={search_term_string}\"},\"query-input\":{\"@type\":\"PropertyValueSpecification\",\"valueRequired\":true,\"valueName\":\"search_term_string\"}}],\"inLanguage\":\"es\"},{\"@type\":\"Organization\",\"@id\":\"https:\\\/\\\/glassingmonkey.com\\\/es\\\/#organization\",\"name\":\"Glassing Monkey\",\"url\":\"https:\\\/\\\/glassingmonkey.com\\\/es\\\/\",\"logo\":{\"@type\":\"ImageObject\",\"inLanguage\":\"es\",\"@id\":\"https:\\\/\\\/glassingmonkey.com\\\/es\\\/#\\\/schema\\\/logo\\\/image\\\/\",\"url\":\"https:\\\/\\\/glassingmonkey.com\\\/wp-content\\\/uploads\\\/2025\\\/06\\\/Glassing-monkey-surf-factory-surf-shop.webp\",\"contentUrl\":\"https:\\\/\\\/glassingmonkey.com\\\/wp-content\\\/uploads\\\/2025\\\/06\\\/Glassing-monkey-surf-factory-surf-shop.webp\",\"width\":786,\"height\":530,\"caption\":\"Glassing Monkey\"},\"image\":{\"@id\":\"https:\\\/\\\/glassingmonkey.com\\\/es\\\/#\\\/schema\\\/logo\\\/image\\\/\"},\"sameAs\":[\"https:\\\/\\\/www.instagram.com\\\/glassingmonkey\\\/\"]}]}<\/script>\n<!-- \/ Yoast SEO plugin. -->","yoast_head_json":{"title":"Heavy Water RTR \/ Shortboard All-Round \/ Glassing Monkey","description":"Compra la shortboard Heavy Water RTR en Glassing Monkey. Rendimiento premium y versatilidad al mejor precio directo de fabrica. Hazte con la tuya!!!","robots":{"index":"index","follow":"follow","max-snippet":"max-snippet:-1","max-image-preview":"max-image-preview:large","max-video-preview":"max-video-preview:-1"},"canonical":"https:\/\/glassingmonkey.com\/es\/product\/heavy-water-rtr-all-round\/","og_locale":"es_ES","og_type":"article","og_title":"Heavy Water RTR \/ Shortboard All-Round \/ Glassing Monkey","og_description":"Compra la shortboard Heavy Water RTR en Glassing Monkey. Rendimiento premium y versatilidad al mejor precio directo de fabrica. Hazte con la tuya!!!","og_url":"https:\/\/glassingmonkey.com\/es\/product\/heavy-water-rtr-all-round\/","og_site_name":"Ride your life","article_modified_time":"2026-04-23T18:37:23+00:00","og_image":[{"url":"https:\/\/glassingmonkey.com\/wp-content\/uploads\/2022\/05\/glassing-monkey-heavy-water-surfboards-RTR.png","type":"","width":"","height":""}],"twitter_card":"summary_large_image","twitter_misc":{"Tiempo de lectura":"3 minutos"},"schema":{"@context":"https:\/\/schema.org","@graph":[{"@type":"WebPage","@id":"https:\/\/glassingmonkey.com\/es\/product\/heavy-water-rtr-all-round\/","url":"https:\/\/glassingmonkey.com\/es\/product\/heavy-water-rtr-all-round\/","name":"Heavy Water RTR \/ Shortboard All-Round \/ Glassing Monkey","isPartOf":{"@id":"https:\/\/glassingmonkey.com\/es\/#website"},"primaryImageOfPage":{"@id":"https:\/\/glassingmonkey.com\/es\/product\/heavy-water-rtr-all-round\/#primaryimage"},"image":{"@id":"https:\/\/glassingmonkey.com\/es\/product\/heavy-water-rtr-all-round\/#primaryimage"},"thumbnailUrl":"https:\/\/glassingmonkey.com\/wp-content\/uploads\/2025\/05\/RTR-1.jpg","datePublished":"2025-05-28T09:47:44+00:00","dateModified":"2026-04-23T18:37:23+00:00","description":"Compra la shortboard Heavy Water RTR en Glassing Monkey. Rendimiento premium y versatilidad al mejor precio directo de fabrica. Hazte con la tuya!!!","breadcrumb":{"@id":"https:\/\/glassingmonkey.com\/es\/product\/heavy-water-rtr-all-round\/#breadcrumb"},"inLanguage":"es","potentialAction":[{"@type":"ReadAction","target":["https:\/\/glassingmonkey.com\/es\/product\/heavy-water-rtr-all-round\/"]}]},{"@type":"ImageObject","inLanguage":"es","@id":"https:\/\/glassingmonkey.com\/es\/product\/heavy-water-rtr-all-round\/#primaryimage","url":"https:\/\/glassingmonkey.com\/wp-content\/uploads\/2025\/05\/RTR-1.jpg","contentUrl":"https:\/\/glassingmonkey.com\/wp-content\/uploads\/2025\/05\/RTR-1.jpg","width":600,"height":800,"caption":"heavy water rte"},{"@type":"BreadcrumbList","@id":"https:\/\/glassingmonkey.com\/es\/product\/heavy-water-rtr-all-round\/#breadcrumb","itemListElement":[{"@type":"ListItem","position":1,"name":"Home","item":"https:\/\/glassingmonkey.com\/es\/"},{"@type":"ListItem","position":2,"name":"Tienda","item":"https:\/\/glassingmonkey.com\/es\/tienda\/"},{"@type":"ListItem","position":3,"name":"Heavy Water RTR (all-round)"}]},{"@type":"WebSite","@id":"https:\/\/glassingmonkey.com\/es\/#website","url":"https:\/\/glassingmonkey.com\/es\/","name":"Glassing Monkey","description":"RIDE YOUR LIFE","publisher":{"@id":"https:\/\/glassingmonkey.com\/es\/#organization"},"potentialAction":[{"@type":"SearchAction","target":{"@type":"EntryPoint","urlTemplate":"https:\/\/glassingmonkey.com\/es\/?s={search_term_string}"},"query-input":{"@type":"PropertyValueSpecification","valueRequired":true,"valueName":"search_term_string"}}],"inLanguage":"es"},{"@type":"Organization","@id":"https:\/\/glassingmonkey.com\/es\/#organization","name":"Glassing Monkey","url":"https:\/\/glassingmonkey.com\/es\/","logo":{"@type":"ImageObject","inLanguage":"es","@id":"https:\/\/glassingmonkey.com\/es\/#\/schema\/logo\/image\/","url":"https:\/\/glassingmonkey.com\/wp-content\/uploads\/2025\/06\/Glassing-monkey-surf-factory-surf-shop.webp","contentUrl":"https:\/\/glassingmonkey.com\/wp-content\/uploads\/2025\/06\/Glassing-monkey-surf-factory-surf-shop.webp","width":786,"height":530,"caption":"Glassing Monkey"},"image":{"@id":"https:\/\/glassingmonkey.com\/es\/#\/schema\/logo\/image\/"},"sameAs":["https:\/\/www.instagram.com\/glassingmonkey\/"]}]}},"_links":{"self":[{"href":"https:\/\/glassingmonkey.com\/es\/wp-json\/wp\/v2\/product\/26796","targetHints":{"allow":["GET"]}}],"collection":[{"href":"https:\/\/glassingmonkey.com\/es\/wp-json\/wp\/v2\/product"}],"about":[{"href":"https:\/\/glassingmonkey.com\/es\/wp-json\/wp\/v2\/types\/product"}],"replies":[{"embeddable":true,"href":"https:\/\/glassingmonkey.com\/es\/wp-json\/wp\/v2\/comments?post=26796"}],"wp:featuredmedia":[{"embeddable":true,"href":"https:\/\/glassingmonkey.com\/es\/wp-json\/wp\/v2\/media\/25629"}],"wp:attachment":[{"href":"https:\/\/glassingmonkey.com\/es\/wp-json\/wp\/v2\/media?parent=26796"}],"wp:term":[{"taxonomy":"product_brand","embeddable":true,"href":"https:\/\/glassingmonkey.com\/es\/wp-json\/wp\/v2\/product_brand?post=26796"},{"taxonomy":"product_cat","embeddable":true,"href":"https:\/\/glassingmonkey.com\/es\/wp-json\/wp\/v2\/product_cat?post=26796"},{"taxonomy":"product_tag","embeddable":true,"href":"https:\/\/glassingmonkey.com\/es\/wp-json\/wp\/v2\/product_tag?post=26796"}],"curies":[{"name":"wp","href":"https:\/\/api.w.org\/{rel}","templated":true}]}}