{"id":26808,"date":"2025-05-28T11:47:44","date_gmt":"2025-05-28T09:47:44","guid":{"rendered":"https:\/\/glassingmonkey.com\/product\/heavy-water-rtr-step-up-powerful-waves\/"},"modified":"2026-04-23T21:14:59","modified_gmt":"2026-04-23T19:14:59","slug":"tabla-de-surf-heavy-water-step-up","status":"publish","type":"product","link":"https:\/\/glassingmonkey.com\/es\/product\/tabla-de-surf-heavy-water-step-up\/","title":{"rendered":"Heavy Water RTR Step Up (powerful waves)"},"content":{"rendered":"<h1 class=\"otQkpb\" role=\"heading\" aria-level=\"3\" data-sfc-root=\"c\" data-complete=\"true\" data-processed=\"true\">Heavy Water RTR Step Up: El Semi-Gun definitivo para el surf de potencia<button class=\"rBl3me\" tabindex=\"0\" data-amic=\"true\" data-icl-uuid=\"29eba6bd-682d-4944-a75e-7f35fc4b3058\" aria-label=\"View related links\" data-wiz-attrbind=\"disabled=o87lyf_o\/C5gNJc;aria-label=o87lyf_o\/bOjMyf;class=o87lyf_o\/UpSNec\" data-ved=\"2ahUKEwjkt4jZ1ISUAxUDfKQEHSf0HxgQye0OegYIAQgDEAA\" data-hveid=\"CAEIAxAA\"><\/button><\/h1>\n<div class=\"Y3BBE\" data-sfc-cp=\"\" data-sfc-root=\"c\" data-sfc-cb=\"\" data-hveid=\"CAEIBBAA\" data-complete=\"true\" data-processed=\"true\">La Heavy Water RTR Step Up se presenta como una opci\u00f3n excepcional para surfistas que buscan un &#8220;semi-gun&#8221; de confianza. En primer lugar, este modelo est\u00e1 dise\u00f1ado espec\u00edficamente para gestionar condiciones de olas por encima de la cabeza con total seguridad. Gracias a su shape, permite combinar un surf de potencia con el control necesario en tubos profundos y comprometidos. Adem\u00e1s, la RTR Step Up aporta esa confianza extra que se requiere cuando el swell muestra su verdadera fuerza. Por lo tanto, esta tabla se convierte en tu mejor aliada para esas sesiones memorables de olas potentes y huecas.<button class=\"rBl3me\" tabindex=\"0\" data-amic=\"true\" data-icl-uuid=\"a2827465-5639-4ee6-85c9-8862160046f3\" aria-label=\"View related links\" data-wiz-attrbind=\"disabled=o87lyf_s\/C5gNJc;aria-label=o87lyf_s\/bOjMyf;class=o87lyf_s\/UpSNec\" data-ved=\"2ahUKEwjkt4jZ1ISUAxUDfKQEHSf0HxgQye0OegYIAQgEEAE\" data-hveid=\"CAEIBBAB\"><\/button><\/div>\n<h2 class=\"otQkpb\" role=\"heading\" aria-level=\"3\" data-sfc-root=\"c\" data-complete=\"true\" data-processed=\"true\">Dise\u00f1o t\u00e9cnico del bottom: C\u00f3ncavo simple a V en el tail<button class=\"rBl3me\" tabindex=\"0\" data-amic=\"true\" data-icl-uuid=\"20f01a74-bed9-485d-b050-1df4cd94bb15\" aria-label=\"View related links\" data-wiz-attrbind=\"disabled=o87lyf_x\/C5gNJc;aria-label=o87lyf_x\/bOjMyf;class=o87lyf_x\/UpSNec\" data-ved=\"2ahUKEwjkt4jZ1ISUAxUDfKQEHSf0HxgQye0OegYIAQgFEAA\" data-hveid=\"CAEIBRAA\"><\/button><\/h2>\n<div class=\"Y3BBE\" data-sfc-cp=\"\" data-sfc-root=\"c\" data-sfc-cb=\"\" data-hveid=\"CAEIBhAA\" data-processed=\"true\" data-complete=\"true\">Respecto a su perfil t\u00e9cnico inferior, la tabla cuenta con un c\u00f3ncavo simple que transita hacia un V en la cola. Primero, el c\u00f3ncavo simple genera velocidad inmediata y sustentaci\u00f3n desde el momento cr\u00edtico del take-off. Adicionalmente, la v en la salida del tail resulta esencial para mantener el control durante las transiciones a alta velocidad. Consecuentemente, esta combinaci\u00f3n asegura que la tabla responda de forma predecible y estable en las secciones m\u00e1s verticales de la pared. Como resultado, podr\u00e1s ejecutar giros de fondo con total autoridad y marcar tu l\u00ednea hacia la siguiente secci\u00f3n con precisi\u00f3n.<button class=\"rBl3me\" tabindex=\"0\" data-amic=\"true\" data-icl-uuid=\"e277bde7-b59d-4c51-8a6e-6b01cfb3f1d5\" aria-label=\"View related links\" data-wiz-attrbind=\"disabled=o87lyf_11\/C5gNJc;aria-label=o87lyf_11\/bOjMyf;class=o87lyf_11\/UpSNec\" data-ved=\"2ahUKEwjkt4jZ1ISUAxUDfKQEHSf0HxgQye0OegYIAQgGEAE\" data-hveid=\"CAEIBhAB\"><\/button><\/div>\n<h2 class=\"otQkpb\" role=\"heading\" aria-level=\"3\" data-sfc-root=\"c\" data-complete=\"true\" data-processed=\"true\">Versatilidad de quillas Quad y control en el tubo<button class=\"rBl3me\" tabindex=\"0\" data-amic=\"true\" data-icl-uuid=\"89a0267a-d28c-4828-bac3-1947ad42a05a\" aria-label=\"View related links\" data-wiz-attrbind=\"disabled=o87lyf_16\/C5gNJc;aria-label=o87lyf_16\/bOjMyf;class=o87lyf_16\/UpSNec\" data-ved=\"2ahUKEwjkt4jZ1ISUAxUDfKQEHSf0HxgQye0OegYIAQgHEAA\" data-hveid=\"CAEIBxAA\"><\/button><\/h2>\n<div class=\"Y3BBE\" data-sfc-cp=\"\" data-sfc-root=\"c\" data-sfc-cb=\"\" data-hveid=\"CAEICBAA\" data-complete=\"true\" data-processed=\"true\">En adici\u00f3n a su forma refinada, recomendamos encarecidamente utilizar este modelo con una configuraci\u00f3n de cuatro quillas o quad. Al elegir este set-up, notar\u00e1s inmediatamente la facilidad para llevar la tabla de canto a canto en olas de tama\u00f1o. Esto es particularmente \u00fatil cuando necesitas ajustar tu trayectoria r\u00e1pidamente dentro de un tubo profundo y veloz. Asimismo, el sistema quad ofrece un agarre y un empuje superior, algo vital para superar secciones largas y pesadas. Por esta raz\u00f3n, muchos surfistas experimentados conf\u00edan en la RTR Step Up como su tabla de referencia para spots exigentes.<button class=\"rBl3me\" tabindex=\"0\" data-amic=\"true\" data-icl-uuid=\"fb461e67-0ff6-46cc-bf03-fc8e908ccf8e\" aria-label=\"View related links\" data-wiz-attrbind=\"disabled=o87lyf_1a\/C5gNJc;aria-label=o87lyf_1a\/bOjMyf;class=o87lyf_1a\/UpSNec\" data-ved=\"2ahUKEwjkt4jZ1ISUAxUDfKQEHSf0HxgQye0OegYIAQgIEAE\" data-hveid=\"CAEICBAB\"><\/button><\/div>\n<h2 class=\"otQkpb\" role=\"heading\" aria-level=\"3\" data-sfc-root=\"c\" data-processed=\"true\" data-complete=\"true\">Heavy Water RTR Step Up Rocker fluido y cantos de precisi\u00f3n<button class=\"rBl3me\" tabindex=\"0\" data-amic=\"true\" data-icl-uuid=\"4a49f7d6-c124-466c-a06d-00bd2359098c\" aria-label=\"View related links\" data-wiz-attrbind=\"disabled=o87lyf_1f\/C5gNJc;aria-label=o87lyf_1f\/bOjMyf;class=o87lyf_1f\/UpSNec\" data-ved=\"2ahUKEwjkt4jZ1ISUAxUDfKQEHSf0HxgQye0OegYIAQgJEAA\" data-hveid=\"CAEICRAA\"><\/button><\/h2>\n<div class=\"Y3BBE\" data-sfc-cp=\"\" data-sfc-root=\"c\" data-sfc-cb=\"\" data-hveid=\"CAEIChAA\" data-complete=\"true\" data-processed=\"true\" aria-owns=\"action-menu-parent-container\">En t\u00e9rminos de su silueta, la RTR Step Up incorpora un rocker moderado y suave dise\u00f1ado para entradas limpias en la ola. Espec\u00edficamente, esta curvatura evita que la punta se clave en los despegues verticales mientras mantiene una excelente velocidad de remada. Por otro lado, los cantos bajos y suaves est\u00e1n fabricados para morder la superficie del agua con una precisi\u00f3n asombrosa. Este perfil de canto proporciona una sensaci\u00f3n tolerante pero altamente reactiva, permiti\u00e9ndote enterrar el rail con absoluta confianza. En conclusi\u00f3n, la \u00a0RTR Step Up es la soluci\u00f3n definitiva para quienes buscan superar sus propios l\u00edmites. Finalmente, invertir en este modelo te asegura estar siempre preparado para los mejores d\u00edas de la temporada.<\/div>\n","protected":false},"excerpt":{"rendered":"<p>Si buscas una \u201csemi-gun\u201d, esta es una excelente elecci\u00f3n, ya que podr\u00e1s alternar surf potente y tubos profundos en condiciones de tama\u00f1o.<\/p>\n","protected":false},"featured_media":25625,"comment_status":"closed","ping_status":"closed","template":"","meta":{"site-sidebar-layout":"default","site-content-layout":"","ast-site-content-layout":"default","site-content-style":"default","site-sidebar-style":"default","ast-global-header-display":"","ast-banner-title-visibility":"","ast-main-header-display":"","ast-hfb-above-header-display":"","ast-hfb-below-header-display":"","ast-hfb-mobile-header-display":"","site-post-title":"","ast-breadcrumbs-content":"","ast-featured-img":"","footer-sml-layout":"","ast-disable-related-posts":"","theme-transparent-header-meta":"default","adv-header-id-meta":"","stick-header-meta":"","header-above-stick-meta":"","header-main-stick-meta":"","header-below-stick-meta":"","astra-migrate-meta-layouts":"set","ast-page-background-enabled":"default","ast-page-background-meta":{"desktop":{"background-color":"var(--ast-global-color-5)","background-image":"","background-repeat":"repeat","background-position":"center center","background-size":"auto","background-attachment":"scroll","background-type":"","background-media":"","overlay-type":"","overlay-color":"","overlay-opacity":"","overlay-gradient":""},"tablet":{"background-color":"","background-image":"","background-repeat":"repeat","background-position":"center center","background-size":"auto","background-attachment":"scroll","background-type":"","background-media":"","overlay-type":"","overlay-color":"","overlay-opacity":"","overlay-gradient":""},"mobile":{"background-color":"","background-image":"","background-repeat":"repeat","background-position":"center center","background-size":"auto","background-attachment":"scroll","background-type":"","background-media":"","overlay-type":"","overlay-color":"","overlay-opacity":"","overlay-gradient":""}},"ast-content-background-meta":{"desktop":{"background-color":"var(--ast-global-color-4)","background-image":"","background-repeat":"repeat","background-position":"center center","background-size":"auto","background-attachment":"scroll","background-type":"","background-media":"","overlay-type":"","overlay-color":"","overlay-opacity":"","overlay-gradient":""},"tablet":{"background-color":"var(--ast-global-color-4)","background-image":"","background-repeat":"repeat","background-position":"center center","background-size":"auto","background-attachment":"scroll","background-type":"","background-media":"","overlay-type":"","overlay-color":"","overlay-opacity":"","overlay-gradient":""},"mobile":{"background-color":"var(--ast-global-color-4)","background-image":"","background-repeat":"repeat","background-position":"center center","background-size":"auto","background-attachment":"scroll","background-type":"","background-media":"","overlay-type":"","overlay-color":"","overlay-opacity":"","overlay-gradient":""}}},"product_brand":[1264],"product_cat":[1255,1215,1196],"product_tag":[1218,1446,1309],"class_list":{"0":"post-26808","1":"product","2":"type-product","3":"status-publish","4":"has-post-thumbnail","6":"product_brand-heavy-water-surfboards","7":"product_cat-tablas-para-olas-potentes","8":"product_cat-tablas-alto-rendimiento","9":"product_cat-tablas-de-surf-personalizadas","10":"product_tag-high-performance-es","11":"product_tag-powerful-waves","12":"product_tag-short-boards","13":"product_shipping_class-tablas-hasta-66-es","14":"pa_model-rtr-step-up","15":"pa_thickness-2-1-2-es-2","16":"pa_thickness-2-1-4","17":"pa_thickness-2-3-16","18":"pa_thickness-2-3-8-es-2","19":"pa_thickness-2-5-16-es-2","20":"pa_thickness-2-7-16-es-2","21":"pa_thickness-2-9-16","22":"pa_width-18-1-2","23":"pa_width-18-1-4","24":"pa_width-18-3-4","25":"pa_width-1451","26":"pa_width-19-1-2","27":"pa_width-19-1-4","28":"pa_width-1319","29":"desktop-align-left","30":"tablet-align-left","31":"mobile-align-left","33":"first","34":"onbackorder","35":"sale","36":"shipping-taxable","37":"purchasable","38":"product-type-variable"},"yoast_head":"<!-- This site is optimized with the Yoast SEO plugin v27.4 - https:\/\/yoast.com\/product\/yoast-seo-wordpress\/ -->\n<title>Heavy Water RTR Step Up \/ Tabla de surf para olas potentes<\/title>\n<meta name=\"description\" content=\"Domina las olas mas potentes con la Heavy Water RTR Step Up . Dise\u00f1ada para ofrecer m\u00e1ximo control, velocidad y remada en condiciones exigentes.\" \/>\n<meta name=\"robots\" content=\"index, follow, max-snippet:-1, max-image-preview:large, max-video-preview:-1\" \/>\n<link rel=\"canonical\" href=\"https:\/\/glassingmonkey.com\/es\/product\/tabla-de-surf-heavy-water-step-up\/\" \/>\n<meta property=\"og:locale\" content=\"es_ES\" \/>\n<meta property=\"og:type\" content=\"article\" \/>\n<meta property=\"og:title\" content=\"Heavy Water RTR Step Up \/ Tabla de surf para olas potentes\" \/>\n<meta property=\"og:description\" content=\"Domina las olas mas potentes con la Heavy Water RTR Step Up . Dise\u00f1ada para ofrecer m\u00e1ximo control, velocidad y remada en condiciones exigentes.\" \/>\n<meta property=\"og:url\" content=\"https:\/\/glassingmonkey.com\/es\/product\/tabla-de-surf-heavy-water-step-up\/\" \/>\n<meta property=\"og:site_name\" content=\"Glassing Monkey\" \/>\n<meta property=\"article:modified_time\" content=\"2026-04-23T19:14:59+00:00\" \/>\n<meta property=\"og:image\" content=\"https:\/\/glassingmonkey.com\/wp-content\/uploads\/2022\/05\/glassing-monkey-heavy-water-surfboards-RTR-step-up.png\" \/>\n<meta name=\"twitter:card\" content=\"summary_large_image\" \/>\n<meta name=\"twitter:label1\" content=\"Tiempo de lectura\" \/>\n\t<meta name=\"twitter:data1\" content=\"3 minutos\" \/>\n<script type=\"application\/ld+json\" class=\"yoast-schema-graph\">{\"@context\":\"https:\\\/\\\/schema.org\",\"@graph\":[{\"@type\":\"WebPage\",\"@id\":\"https:\\\/\\\/glassingmonkey.com\\\/es\\\/product\\\/tabla-de-surf-heavy-water-step-up\\\/\",\"url\":\"https:\\\/\\\/glassingmonkey.com\\\/es\\\/product\\\/tabla-de-surf-heavy-water-step-up\\\/\",\"name\":\"Heavy Water RTR Step Up \\\/ Tabla de surf para olas potentes\",\"isPartOf\":{\"@id\":\"https:\\\/\\\/glassingmonkey.com\\\/es\\\/#website\"},\"primaryImageOfPage\":{\"@id\":\"https:\\\/\\\/glassingmonkey.com\\\/es\\\/product\\\/tabla-de-surf-heavy-water-step-up\\\/#primaryimage\"},\"image\":{\"@id\":\"https:\\\/\\\/glassingmonkey.com\\\/es\\\/product\\\/tabla-de-surf-heavy-water-step-up\\\/#primaryimage\"},\"thumbnailUrl\":\"https:\\\/\\\/glassingmonkey.com\\\/wp-content\\\/uploads\\\/2025\\\/05\\\/Frame-26.jpg\",\"datePublished\":\"2025-05-28T09:47:44+00:00\",\"dateModified\":\"2026-04-23T19:14:59+00:00\",\"description\":\"Domina las olas mas potentes con la Heavy Water RTR Step Up . Dise\u00f1ada para ofrecer m\u00e1ximo control, velocidad y remada en condiciones exigentes.\",\"breadcrumb\":{\"@id\":\"https:\\\/\\\/glassingmonkey.com\\\/es\\\/product\\\/tabla-de-surf-heavy-water-step-up\\\/#breadcrumb\"},\"inLanguage\":\"es\",\"potentialAction\":[{\"@type\":\"ReadAction\",\"target\":[\"https:\\\/\\\/glassingmonkey.com\\\/es\\\/product\\\/tabla-de-surf-heavy-water-step-up\\\/\"]}]},{\"@type\":\"ImageObject\",\"inLanguage\":\"es\",\"@id\":\"https:\\\/\\\/glassingmonkey.com\\\/es\\\/product\\\/tabla-de-surf-heavy-water-step-up\\\/#primaryimage\",\"url\":\"https:\\\/\\\/glassingmonkey.com\\\/wp-content\\\/uploads\\\/2025\\\/05\\\/Frame-26.jpg\",\"contentUrl\":\"https:\\\/\\\/glassingmonkey.com\\\/wp-content\\\/uploads\\\/2025\\\/05\\\/Frame-26.jpg\",\"width\":600,\"height\":800,\"caption\":\"heavy water RTR step up\"},{\"@type\":\"BreadcrumbList\",\"@id\":\"https:\\\/\\\/glassingmonkey.com\\\/es\\\/product\\\/tabla-de-surf-heavy-water-step-up\\\/#breadcrumb\",\"itemListElement\":[{\"@type\":\"ListItem\",\"position\":1,\"name\":\"Home\",\"item\":\"https:\\\/\\\/glassingmonkey.com\\\/es\\\/\"},{\"@type\":\"ListItem\",\"position\":2,\"name\":\"Tienda\",\"item\":\"https:\\\/\\\/glassingmonkey.com\\\/es\\\/tienda\\\/\"},{\"@type\":\"ListItem\",\"position\":3,\"name\":\"Heavy Water RTR Step Up (powerful waves)\"}]},{\"@type\":\"WebSite\",\"@id\":\"https:\\\/\\\/glassingmonkey.com\\\/es\\\/#website\",\"url\":\"https:\\\/\\\/glassingmonkey.com\\\/es\\\/\",\"name\":\"Glassing Monkey\",\"description\":\"RIDE YOUR LIFE\",\"publisher\":{\"@id\":\"https:\\\/\\\/glassingmonkey.com\\\/es\\\/#organization\"},\"potentialAction\":[{\"@type\":\"SearchAction\",\"target\":{\"@type\":\"EntryPoint\",\"urlTemplate\":\"https:\\\/\\\/glassingmonkey.com\\\/es\\\/?s={search_term_string}\"},\"query-input\":{\"@type\":\"PropertyValueSpecification\",\"valueRequired\":true,\"valueName\":\"search_term_string\"}}],\"inLanguage\":\"es\"},{\"@type\":\"Organization\",\"@id\":\"https:\\\/\\\/glassingmonkey.com\\\/es\\\/#organization\",\"name\":\"Glassing Monkey\",\"url\":\"https:\\\/\\\/glassingmonkey.com\\\/es\\\/\",\"logo\":{\"@type\":\"ImageObject\",\"inLanguage\":\"es\",\"@id\":\"https:\\\/\\\/glassingmonkey.com\\\/es\\\/#\\\/schema\\\/logo\\\/image\\\/\",\"url\":\"https:\\\/\\\/glassingmonkey.com\\\/wp-content\\\/uploads\\\/2025\\\/06\\\/Glassing-monkey-surf-factory-surf-shop.webp\",\"contentUrl\":\"https:\\\/\\\/glassingmonkey.com\\\/wp-content\\\/uploads\\\/2025\\\/06\\\/Glassing-monkey-surf-factory-surf-shop.webp\",\"width\":786,\"height\":530,\"caption\":\"Glassing Monkey\"},\"image\":{\"@id\":\"https:\\\/\\\/glassingmonkey.com\\\/es\\\/#\\\/schema\\\/logo\\\/image\\\/\"},\"sameAs\":[\"https:\\\/\\\/www.instagram.com\\\/glassingmonkey\\\/\"]}]}<\/script>\n<!-- \/ Yoast SEO plugin. -->","yoast_head_json":{"title":"Heavy Water RTR Step Up \/ Tabla de surf para olas potentes","description":"Domina las olas mas potentes con la Heavy Water RTR Step Up . Dise\u00f1ada para ofrecer m\u00e1ximo control, velocidad y remada en condiciones exigentes.","robots":{"index":"index","follow":"follow","max-snippet":"max-snippet:-1","max-image-preview":"max-image-preview:large","max-video-preview":"max-video-preview:-1"},"canonical":"https:\/\/glassingmonkey.com\/es\/product\/tabla-de-surf-heavy-water-step-up\/","og_locale":"es_ES","og_type":"article","og_title":"Heavy Water RTR Step Up \/ Tabla de surf para olas potentes","og_description":"Domina las olas mas potentes con la Heavy Water RTR Step Up . Dise\u00f1ada para ofrecer m\u00e1ximo control, velocidad y remada en condiciones exigentes.","og_url":"https:\/\/glassingmonkey.com\/es\/product\/tabla-de-surf-heavy-water-step-up\/","og_site_name":"Glassing Monkey","article_modified_time":"2026-04-23T19:14:59+00:00","og_image":[{"url":"https:\/\/glassingmonkey.com\/wp-content\/uploads\/2022\/05\/glassing-monkey-heavy-water-surfboards-RTR-step-up.png","type":"","width":"","height":""}],"twitter_card":"summary_large_image","twitter_misc":{"Tiempo de lectura":"3 minutos"},"schema":{"@context":"https:\/\/schema.org","@graph":[{"@type":"WebPage","@id":"https:\/\/glassingmonkey.com\/es\/product\/tabla-de-surf-heavy-water-step-up\/","url":"https:\/\/glassingmonkey.com\/es\/product\/tabla-de-surf-heavy-water-step-up\/","name":"Heavy Water RTR Step Up \/ Tabla de surf para olas potentes","isPartOf":{"@id":"https:\/\/glassingmonkey.com\/es\/#website"},"primaryImageOfPage":{"@id":"https:\/\/glassingmonkey.com\/es\/product\/tabla-de-surf-heavy-water-step-up\/#primaryimage"},"image":{"@id":"https:\/\/glassingmonkey.com\/es\/product\/tabla-de-surf-heavy-water-step-up\/#primaryimage"},"thumbnailUrl":"https:\/\/glassingmonkey.com\/wp-content\/uploads\/2025\/05\/Frame-26.jpg","datePublished":"2025-05-28T09:47:44+00:00","dateModified":"2026-04-23T19:14:59+00:00","description":"Domina las olas mas potentes con la Heavy Water RTR Step Up . Dise\u00f1ada para ofrecer m\u00e1ximo control, velocidad y remada en condiciones exigentes.","breadcrumb":{"@id":"https:\/\/glassingmonkey.com\/es\/product\/tabla-de-surf-heavy-water-step-up\/#breadcrumb"},"inLanguage":"es","potentialAction":[{"@type":"ReadAction","target":["https:\/\/glassingmonkey.com\/es\/product\/tabla-de-surf-heavy-water-step-up\/"]}]},{"@type":"ImageObject","inLanguage":"es","@id":"https:\/\/glassingmonkey.com\/es\/product\/tabla-de-surf-heavy-water-step-up\/#primaryimage","url":"https:\/\/glassingmonkey.com\/wp-content\/uploads\/2025\/05\/Frame-26.jpg","contentUrl":"https:\/\/glassingmonkey.com\/wp-content\/uploads\/2025\/05\/Frame-26.jpg","width":600,"height":800,"caption":"heavy water RTR step up"},{"@type":"BreadcrumbList","@id":"https:\/\/glassingmonkey.com\/es\/product\/tabla-de-surf-heavy-water-step-up\/#breadcrumb","itemListElement":[{"@type":"ListItem","position":1,"name":"Home","item":"https:\/\/glassingmonkey.com\/es\/"},{"@type":"ListItem","position":2,"name":"Tienda","item":"https:\/\/glassingmonkey.com\/es\/tienda\/"},{"@type":"ListItem","position":3,"name":"Heavy Water RTR Step Up (powerful waves)"}]},{"@type":"WebSite","@id":"https:\/\/glassingmonkey.com\/es\/#website","url":"https:\/\/glassingmonkey.com\/es\/","name":"Glassing Monkey","description":"RIDE YOUR LIFE","publisher":{"@id":"https:\/\/glassingmonkey.com\/es\/#organization"},"potentialAction":[{"@type":"SearchAction","target":{"@type":"EntryPoint","urlTemplate":"https:\/\/glassingmonkey.com\/es\/?s={search_term_string}"},"query-input":{"@type":"PropertyValueSpecification","valueRequired":true,"valueName":"search_term_string"}}],"inLanguage":"es"},{"@type":"Organization","@id":"https:\/\/glassingmonkey.com\/es\/#organization","name":"Glassing Monkey","url":"https:\/\/glassingmonkey.com\/es\/","logo":{"@type":"ImageObject","inLanguage":"es","@id":"https:\/\/glassingmonkey.com\/es\/#\/schema\/logo\/image\/","url":"https:\/\/glassingmonkey.com\/wp-content\/uploads\/2025\/06\/Glassing-monkey-surf-factory-surf-shop.webp","contentUrl":"https:\/\/glassingmonkey.com\/wp-content\/uploads\/2025\/06\/Glassing-monkey-surf-factory-surf-shop.webp","width":786,"height":530,"caption":"Glassing Monkey"},"image":{"@id":"https:\/\/glassingmonkey.com\/es\/#\/schema\/logo\/image\/"},"sameAs":["https:\/\/www.instagram.com\/glassingmonkey\/"]}]}},"_links":{"self":[{"href":"https:\/\/glassingmonkey.com\/es\/wp-json\/wp\/v2\/product\/26808","targetHints":{"allow":["GET"]}}],"collection":[{"href":"https:\/\/glassingmonkey.com\/es\/wp-json\/wp\/v2\/product"}],"about":[{"href":"https:\/\/glassingmonkey.com\/es\/wp-json\/wp\/v2\/types\/product"}],"replies":[{"embeddable":true,"href":"https:\/\/glassingmonkey.com\/es\/wp-json\/wp\/v2\/comments?post=26808"}],"wp:featuredmedia":[{"embeddable":true,"href":"https:\/\/glassingmonkey.com\/es\/wp-json\/wp\/v2\/media\/25625"}],"wp:attachment":[{"href":"https:\/\/glassingmonkey.com\/es\/wp-json\/wp\/v2\/media?parent=26808"}],"wp:term":[{"taxonomy":"product_brand","embeddable":true,"href":"https:\/\/glassingmonkey.com\/es\/wp-json\/wp\/v2\/product_brand?post=26808"},{"taxonomy":"product_cat","embeddable":true,"href":"https:\/\/glassingmonkey.com\/es\/wp-json\/wp\/v2\/product_cat?post=26808"},{"taxonomy":"product_tag","embeddable":true,"href":"https:\/\/glassingmonkey.com\/es\/wp-json\/wp\/v2\/product_tag?post=26808"}],"curies":[{"name":"wp","href":"https:\/\/api.w.org\/{rel}","templated":true}]}}