{"id":26810,"date":"2025-05-28T11:47:16","date_gmt":"2025-05-28T09:47:16","guid":{"rendered":"https:\/\/glassingmonkey.com\/product\/heavy-water-biscuit-new-generation\/"},"modified":"2026-04-26T12:12:12","modified_gmt":"2026-04-26T10:12:12","slug":"heavy-water-biscuit","status":"publish","type":"product","link":"https:\/\/glassingmonkey.com\/es\/product\/heavy-water-biscuit\/","title":{"rendered":"Heavy Water Biscuit (New generation)"},"content":{"rendered":"<h1 class=\"otQkpb\" role=\"heading\" aria-level=\"3\" data-sfc-root=\"c\" data-processed=\"true\" data-complete=\"true\">Heavy Water Biscuit: La nueva generaci\u00f3n de h\u00edbridos de alto rendimiento<button class=\"rBl3me\" tabindex=\"0\" data-amic=\"true\" data-icl-uuid=\"a6d6631d-1254-44a3-b243-76778a8b5ed7\" aria-label=\"View related links\" data-wiz-attrbind=\"disabled=BzWIx_o\/C5gNJc;aria-label=BzWIx_o\/bOjMyf;class=BzWIx_o\/UpSNec\" data-ved=\"2ahUKEwj9jqz23ISUAxWuKvsDHcb_FZkQye0OegYIAQgDEAA\" data-hveid=\"CAEIAxAA\"><\/button><\/h1>\n<div class=\"Y3BBE\" data-sfc-cp=\"\" data-sfc-root=\"c\" data-sfc-cb=\"\" data-hveid=\"CAEIBBAA\" data-complete=\"true\" data-processed=\"true\">La Heavy Water Biscuit representa un salto audaz en la ingenier\u00eda y el dise\u00f1o de tablas de surf contempor\u00e1neas. Para empezar, este modelo es un h\u00edbrido de pura &#8220;nueva generaci\u00f3n&#8221; que fusiona una din\u00e1mica de alta velocidad con el alma de un shortboard moderno. Hemos dise\u00f1ado esta forma espec\u00edficamente para surfistas que exigen la potencia de remada de un contorno ancho sin perder una maniobrabilidad de \u00e9lite. Adem\u00e1s, este dise\u00f1o innovador elimina las limitaciones comunes de las tablas tradicionales en condiciones de olas medianas. Por lo tanto, la Biscuit destaca como una herramienta revolucionaria para los riders que buscan redefinir su rendimiento en el agua.<button class=\"rBl3me\" tabindex=\"0\" data-amic=\"true\" data-icl-uuid=\"542b78ee-5dd1-42c6-b334-07fee41e56b0\" aria-label=\"View related links\" data-wiz-attrbind=\"disabled=BzWIx_s\/C5gNJc;aria-label=BzWIx_s\/bOjMyf;class=BzWIx_s\/UpSNec\" data-ved=\"2ahUKEwj9jqz23ISUAxWuKvsDHcb_FZkQye0OegYIAQgEEAE\" data-hveid=\"CAEIBBAB\"><\/button><\/div>\n<div class=\"Fsg96\" data-sfc-cp=\"\" data-sfc-root=\"c\" data-sfc-cb=\"\" data-complete=\"true\" data-processed=\"true\"><\/div>\n<h2 class=\"otQkpb\" role=\"heading\" aria-level=\"3\" data-sfc-root=\"c\" data-complete=\"true\" data-processed=\"true\">Velocidad de vanguardia y respuesta din\u00e1mica<button class=\"rBl3me\" tabindex=\"0\" data-amic=\"true\" data-icl-uuid=\"707aa212-2445-4ec5-80a3-d63f153e954f\" aria-label=\"View related links\" data-wiz-attrbind=\"disabled=BzWIx_x\/C5gNJc;aria-label=BzWIx_x\/bOjMyf;class=BzWIx_x\/UpSNec\" data-ved=\"2ahUKEwj9jqz23ISUAxWuKvsDHcb_FZkQye0OegYIAQgFEAA\" data-hveid=\"CAEIBRAA\"><\/button><\/h2>\n<div class=\"Y3BBE\" data-sfc-cp=\"\" data-sfc-root=\"c\" data-sfc-cb=\"\" data-hveid=\"CAEIBhAA\" data-complete=\"true\" data-processed=\"true\">En adici\u00f3n a su concepto futurista, la tabla ofrece una explosi\u00f3n de velocidad incre\u00edble en casi cualquier secci\u00f3n. Esta aceleraci\u00f3n impresionante proviene de un contorno refinado que maximiza la transferencia de energ\u00eda de la ola. Asimismo, el sofisticado foil asegura que la tabla responda instant\u00e1neamente a cada movimiento sutil del surfista. Consecuentemente, puedes mantener una l\u00ednea de alto rendimiento incluso cuando la ola carece de potencia o tama\u00f1o significativo. Como resultado, la Biscuit permite un enfoque radical que se siente fresco y, al mismo tiempo, incre\u00edblemente eficiente.<button class=\"rBl3me\" tabindex=\"0\" data-amic=\"true\" data-icl-uuid=\"e912b179-292e-41fa-ad87-dd6277b8a069\" aria-label=\"View related links\" data-wiz-attrbind=\"disabled=BzWIx_11\/C5gNJc;aria-label=BzWIx_11\/bOjMyf;class=BzWIx_11\/UpSNec\" data-ved=\"2ahUKEwj9jqz23ISUAxWuKvsDHcb_FZkQye0OegYIAQgGEAE\" data-hveid=\"CAEIBhAB\"><\/button><\/div>\n<div class=\"Y3BBE\" data-sfc-cp=\"\" data-sfc-root=\"c\" data-sfc-cb=\"\" data-hveid=\"CAEIBxAA\" data-processed=\"true\" data-complete=\"true\">Del mismo modo, este modelo mantiene una conexi\u00f3n constante y fluida con la pared de la ola en todo momento. Por ejemplo, la transici\u00f3n desde un carve potente hacia un snap vertical se siente notablemente fluida y r\u00e1pida. Debido a su avanzada distribuci\u00f3n del volumen, la tabla permanece sobre el agua mientras mantiene un agarre profundo en el giro. Ciertamente, hemos dise\u00f1ado este instrumento de alta tecnolog\u00eda para superar los l\u00edmites de lo que una tabla h\u00edbrida puede lograr hoy en d\u00eda.<button class=\"rBl3me\" tabindex=\"0\" data-amic=\"true\" data-icl-uuid=\"339a094a-3ee0-497e-91bd-26078ed2ce01\" aria-label=\"View related links\" data-wiz-attrbind=\"disabled=BzWIx_15\/C5gNJc;aria-label=BzWIx_15\/bOjMyf;class=BzWIx_15\/UpSNec\" data-ved=\"2ahUKEwj9jqz23ISUAxWuKvsDHcb_FZkQye0OegYIAQgHEAE\" data-hveid=\"CAEIBxAB\"><\/button><\/div>\n<div class=\"Fsg96\" data-sfc-cp=\"\" data-sfc-root=\"c\" data-sfc-cb=\"\" data-complete=\"true\" data-processed=\"true\"><\/div>\n<h2 class=\"otQkpb\" role=\"heading\" aria-level=\"3\" data-sfc-root=\"c\" data-complete=\"true\" data-processed=\"true\">Heavy Water Biscuit Perfil t\u00e9cnico: Cantos de alto rendimiento y Rocker<button class=\"rBl3me\" tabindex=\"0\" data-amic=\"true\" data-icl-uuid=\"9c537a7a-7b22-4845-8fa1-6e7e8a2ea385\" aria-label=\"View related links\" data-wiz-attrbind=\"disabled=BzWIx_1a\/C5gNJc;aria-label=BzWIx_1a\/bOjMyf;class=BzWIx_1a\/UpSNec\" data-ved=\"2ahUKEwj9jqz23ISUAxWuKvsDHcb_FZkQye0OegYIAQgIEAA\" data-hveid=\"CAEICBAA\"><\/button><\/h2>\n<div class=\"Y3BBE\" data-sfc-cp=\"\" data-sfc-root=\"c\" data-sfc-cb=\"\" data-hveid=\"CAEICRAA\" data-complete=\"true\" data-processed=\"true\">Respecto a su silueta, la<\/div>\n<div class=\"Y3BBE\" data-sfc-cp=\"\" data-sfc-root=\"c\" data-sfc-cb=\"\" data-hveid=\"CAEICRAA\" data-complete=\"true\" data-processed=\"true\">\u00a0Biscuit presenta un rocker ajustado espec\u00edficamente para el surf moderno de ritmo r\u00e1pido. Espec\u00edficamente, este perfil permite despegues tard\u00edos y ajustes r\u00e1pidos en las partes m\u00e1s cr\u00edticas de la secci\u00f3n. Por otro lado, nuestros cantos de alto rendimiento ofrecen el m\u00e1ximo agarre durante las transiciones veloces de canto a canto. Esta forma de canto espec\u00edfica proporciona el control necesario para surfear alto y pegado a la espuma sin arrastres no deseados. Por esta raz\u00f3n, la Biscuit entrega un nivel de precisi\u00f3n que usualmente pertenece a los shortboards de nivel profesional.<button class=\"rBl3me\" tabindex=\"0\" data-amic=\"true\" data-icl-uuid=\"5527a053-7f0c-4094-ae0d-ced4d6045e38\" aria-label=\"View related links\" data-wiz-attrbind=\"disabled=BzWIx_1e\/C5gNJc;aria-label=BzWIx_1e\/bOjMyf;class=BzWIx_1e\/UpSNec\" data-ved=\"2ahUKEwj9jqz23ISUAxWuKvsDHcb_FZkQye0OegYIAQgJEAE\" data-hveid=\"CAEICRAB\"><\/button><\/div>\n<div class=\"Y3BBE\" data-sfc-cp=\"\" data-sfc-root=\"c\" data-sfc-cb=\"\" data-hveid=\"CAEIChAA\" data-complete=\"true\" data-processed=\"true\" aria-owns=\"action-menu-parent-container\">En conclusi\u00f3n, este modelo proporciona la soluci\u00f3n definitiva para el surfista moderno que se niega a comprometer el rendimiento. Adem\u00e1s, su construcci\u00f3n ligera y duradera asegura que la tabla reaccione inmediatamente a tus exigencias t\u00e9cnicas. Finalmente, elegir la Biscuit significa abrazar una nueva era de dise\u00f1o y versatilidad en el surf. Ahora es el momento de actualizar tu quiver con un shape construido para el futuro del surfing.<\/div>\n<p>&nbsp;<\/p>\n","protected":false},"excerpt":{"rendered":"<p>Esta tabla cumple con todas las expectativas de cualquier surfista y cualquier tama\u00f1o de ola.<\/p>\n","protected":false},"featured_media":25614,"comment_status":"closed","ping_status":"closed","template":"","meta":{"site-sidebar-layout":"default","site-content-layout":"","ast-site-content-layout":"default","site-content-style":"default","site-sidebar-style":"default","ast-global-header-display":"","ast-banner-title-visibility":"","ast-main-header-display":"","ast-hfb-above-header-display":"","ast-hfb-below-header-display":"","ast-hfb-mobile-header-display":"","site-post-title":"","ast-breadcrumbs-content":"","ast-featured-img":"","footer-sml-layout":"","ast-disable-related-posts":"","theme-transparent-header-meta":"default","adv-header-id-meta":"","stick-header-meta":"","header-above-stick-meta":"","header-main-stick-meta":"","header-below-stick-meta":"","astra-migrate-meta-layouts":"set","ast-page-background-enabled":"default","ast-page-background-meta":{"desktop":{"background-color":"var(--ast-global-color-5)","background-image":"","background-repeat":"repeat","background-position":"center center","background-size":"auto","background-attachment":"scroll","background-type":"","background-media":"","overlay-type":"","overlay-color":"","overlay-opacity":"","overlay-gradient":""},"tablet":{"background-color":"","background-image":"","background-repeat":"repeat","background-position":"center center","background-size":"auto","background-attachment":"scroll","background-type":"","background-media":"","overlay-type":"","overlay-color":"","overlay-opacity":"","overlay-gradient":""},"mobile":{"background-color":"","background-image":"","background-repeat":"repeat","background-position":"center center","background-size":"auto","background-attachment":"scroll","background-type":"","background-media":"","overlay-type":"","overlay-color":"","overlay-opacity":"","overlay-gradient":""}},"ast-content-background-meta":{"desktop":{"background-color":"var(--ast-global-color-4)","background-image":"","background-repeat":"repeat","background-position":"center center","background-size":"auto","background-attachment":"scroll","background-type":"","background-media":"","overlay-type":"","overlay-color":"","overlay-opacity":"","overlay-gradient":""},"tablet":{"background-color":"var(--ast-global-color-4)","background-image":"","background-repeat":"repeat","background-position":"center center","background-size":"auto","background-attachment":"scroll","background-type":"","background-media":"","overlay-type":"","overlay-color":"","overlay-opacity":"","overlay-gradient":""},"mobile":{"background-color":"var(--ast-global-color-4)","background-image":"","background-repeat":"repeat","background-position":"center center","background-size":"auto","background-attachment":"scroll","background-type":"","background-media":"","overlay-type":"","overlay-color":"","overlay-opacity":"","overlay-gradient":""}}},"product_brand":[1264],"product_cat":[1307,1259,1251,1196],"product_tag":[1308,1218,1309,1380],"class_list":{"0":"post-26810","1":"product","2":"type-product","3":"status-publish","4":"has-post-thumbnail","6":"product_brand-heavy-water-surfboards","7":"product_cat-allround","8":"product_cat-specials","9":"product_cat-funboards","10":"product_cat-tablas-de-surf-es","11":"product_tag-all-round","12":"product_tag-high-performance-es","13":"product_tag-short-boards","14":"product_tag-specialty","15":"product_shipping_class-tablas-hasta-66-es","16":"pa_model-biscuit","17":"pa_thickness-2-1-18","18":"pa_thickness-2-1-2-es-2","19":"pa_thickness-2-1-4","20":"pa_thickness-2-11-16","21":"pa_thickness-2-3-16","22":"pa_thickness-2-3-8-es-2","23":"pa_thickness-2-5-16-es-2","24":"pa_thickness-2-5-8","25":"pa_thickness-2-7-16-es-2","26":"pa_thickness-2-9-16","27":"pa_width-19-1-2","28":"pa_width-19-1-4","29":"pa_width-19-3-4-2","30":"pa_width-1319","31":"pa_width-20-1-2-es-2","32":"pa_width-20-1-4-es-2","33":"pa_width-20-3-4-es-2","34":"pa_width-1305","35":"pa_width-21-1-4","36":"pa_width-1320","37":"desktop-align-left","38":"tablet-align-left","39":"mobile-align-left","41":"first","42":"onbackorder","43":"sale","44":"shipping-taxable","45":"purchasable","46":"product-type-variable"},"yoast_head":"<!-- This site is optimized with the Yoast SEO plugin v27.4 - https:\/\/yoast.com\/product\/yoast-seo-wordpress\/ -->\n<title>Heavy Water Biscuit-Tabla de Surf All Round \/ Glassing Monkey<\/title>\n<meta name=\"description\" content=\"Consigue la Heavy Water Biscuit ( Nueva Generaci\u00f3n ) al mejor precio. Una tabla all round con nose ancho para una remada f\u00e1cil y maxima maniobrabilidad.\" \/>\n<meta name=\"robots\" content=\"index, follow, max-snippet:-1, max-image-preview:large, max-video-preview:-1\" \/>\n<link rel=\"canonical\" href=\"https:\/\/glassingmonkey.com\/es\/product\/heavy-water-biscuit\/\" \/>\n<meta property=\"og:locale\" content=\"es_ES\" \/>\n<meta property=\"og:type\" content=\"article\" \/>\n<meta property=\"og:title\" content=\"Heavy Water Biscuit-Tabla de Surf All Round \/ Glassing Monkey\" \/>\n<meta property=\"og:description\" content=\"Consigue la Heavy Water Biscuit ( Nueva Generaci\u00f3n ) al mejor precio. Una tabla all round con nose ancho para una remada f\u00e1cil y maxima maniobrabilidad.\" \/>\n<meta property=\"og:url\" content=\"https:\/\/glassingmonkey.com\/es\/product\/heavy-water-biscuit\/\" \/>\n<meta property=\"og:site_name\" content=\"Ride your life\" \/>\n<meta property=\"article:modified_time\" content=\"2026-04-26T10:12:12+00:00\" \/>\n<meta property=\"og:image\" content=\"https:\/\/glassingmonkey.com\/wp-content\/uploads\/2022\/05\/glassing-monkey-heavy-water-surfboards-biscuit.png\" \/>\n<meta name=\"twitter:card\" content=\"summary_large_image\" \/>\n<meta name=\"twitter:label1\" content=\"Tiempo de lectura\" \/>\n\t<meta name=\"twitter:data1\" content=\"3 minutos\" \/>\n<script type=\"application\/ld+json\" class=\"yoast-schema-graph\">{\"@context\":\"https:\\\/\\\/schema.org\",\"@graph\":[{\"@type\":\"WebPage\",\"@id\":\"https:\\\/\\\/glassingmonkey.com\\\/es\\\/product\\\/heavy-water-biscuit\\\/\",\"url\":\"https:\\\/\\\/glassingmonkey.com\\\/es\\\/product\\\/heavy-water-biscuit\\\/\",\"name\":\"Heavy Water Biscuit-Tabla de Surf All Round \\\/ Glassing Monkey\",\"isPartOf\":{\"@id\":\"https:\\\/\\\/glassingmonkey.com\\\/es\\\/#website\"},\"primaryImageOfPage\":{\"@id\":\"https:\\\/\\\/glassingmonkey.com\\\/es\\\/product\\\/heavy-water-biscuit\\\/#primaryimage\"},\"image\":{\"@id\":\"https:\\\/\\\/glassingmonkey.com\\\/es\\\/product\\\/heavy-water-biscuit\\\/#primaryimage\"},\"thumbnailUrl\":\"https:\\\/\\\/glassingmonkey.com\\\/wp-content\\\/uploads\\\/2025\\\/05\\\/Frame-22.jpg\",\"datePublished\":\"2025-05-28T09:47:16+00:00\",\"dateModified\":\"2026-04-26T10:12:12+00:00\",\"description\":\"Consigue la Heavy Water Biscuit ( Nueva Generaci\u00f3n ) al mejor precio. Una tabla all round con nose ancho para una remada f\u00e1cil y maxima maniobrabilidad.\",\"breadcrumb\":{\"@id\":\"https:\\\/\\\/glassingmonkey.com\\\/es\\\/product\\\/heavy-water-biscuit\\\/#breadcrumb\"},\"inLanguage\":\"es\",\"potentialAction\":[{\"@type\":\"ReadAction\",\"target\":[\"https:\\\/\\\/glassingmonkey.com\\\/es\\\/product\\\/heavy-water-biscuit\\\/\"]}]},{\"@type\":\"ImageObject\",\"inLanguage\":\"es\",\"@id\":\"https:\\\/\\\/glassingmonkey.com\\\/es\\\/product\\\/heavy-water-biscuit\\\/#primaryimage\",\"url\":\"https:\\\/\\\/glassingmonkey.com\\\/wp-content\\\/uploads\\\/2025\\\/05\\\/Frame-22.jpg\",\"contentUrl\":\"https:\\\/\\\/glassingmonkey.com\\\/wp-content\\\/uploads\\\/2025\\\/05\\\/Frame-22.jpg\",\"width\":600,\"height\":800,\"caption\":\"heavy water biscuit\"},{\"@type\":\"BreadcrumbList\",\"@id\":\"https:\\\/\\\/glassingmonkey.com\\\/es\\\/product\\\/heavy-water-biscuit\\\/#breadcrumb\",\"itemListElement\":[{\"@type\":\"ListItem\",\"position\":1,\"name\":\"Home\",\"item\":\"https:\\\/\\\/glassingmonkey.com\\\/es\\\/\"},{\"@type\":\"ListItem\",\"position\":2,\"name\":\"Tienda\",\"item\":\"https:\\\/\\\/glassingmonkey.com\\\/es\\\/tienda\\\/\"},{\"@type\":\"ListItem\",\"position\":3,\"name\":\"Heavy Water Biscuit (New generation)\"}]},{\"@type\":\"WebSite\",\"@id\":\"https:\\\/\\\/glassingmonkey.com\\\/es\\\/#website\",\"url\":\"https:\\\/\\\/glassingmonkey.com\\\/es\\\/\",\"name\":\"Glassing Monkey\",\"description\":\"RIDE YOUR LIFE\",\"publisher\":{\"@id\":\"https:\\\/\\\/glassingmonkey.com\\\/es\\\/#organization\"},\"potentialAction\":[{\"@type\":\"SearchAction\",\"target\":{\"@type\":\"EntryPoint\",\"urlTemplate\":\"https:\\\/\\\/glassingmonkey.com\\\/es\\\/?s={search_term_string}\"},\"query-input\":{\"@type\":\"PropertyValueSpecification\",\"valueRequired\":true,\"valueName\":\"search_term_string\"}}],\"inLanguage\":\"es\"},{\"@type\":\"Organization\",\"@id\":\"https:\\\/\\\/glassingmonkey.com\\\/es\\\/#organization\",\"name\":\"Glassing Monkey\",\"url\":\"https:\\\/\\\/glassingmonkey.com\\\/es\\\/\",\"logo\":{\"@type\":\"ImageObject\",\"inLanguage\":\"es\",\"@id\":\"https:\\\/\\\/glassingmonkey.com\\\/es\\\/#\\\/schema\\\/logo\\\/image\\\/\",\"url\":\"https:\\\/\\\/glassingmonkey.com\\\/wp-content\\\/uploads\\\/2025\\\/06\\\/Glassing-monkey-surf-factory-surf-shop.webp\",\"contentUrl\":\"https:\\\/\\\/glassingmonkey.com\\\/wp-content\\\/uploads\\\/2025\\\/06\\\/Glassing-monkey-surf-factory-surf-shop.webp\",\"width\":786,\"height\":530,\"caption\":\"Glassing Monkey\"},\"image\":{\"@id\":\"https:\\\/\\\/glassingmonkey.com\\\/es\\\/#\\\/schema\\\/logo\\\/image\\\/\"},\"sameAs\":[\"https:\\\/\\\/www.instagram.com\\\/glassingmonkey\\\/\"]}]}<\/script>\n<!-- \/ Yoast SEO plugin. -->","yoast_head_json":{"title":"Heavy Water Biscuit-Tabla de Surf All Round \/ Glassing Monkey","description":"Consigue la Heavy Water Biscuit ( Nueva Generaci\u00f3n ) al mejor precio. Una tabla all round con nose ancho para una remada f\u00e1cil y maxima maniobrabilidad.","robots":{"index":"index","follow":"follow","max-snippet":"max-snippet:-1","max-image-preview":"max-image-preview:large","max-video-preview":"max-video-preview:-1"},"canonical":"https:\/\/glassingmonkey.com\/es\/product\/heavy-water-biscuit\/","og_locale":"es_ES","og_type":"article","og_title":"Heavy Water Biscuit-Tabla de Surf All Round \/ Glassing Monkey","og_description":"Consigue la Heavy Water Biscuit ( Nueva Generaci\u00f3n ) al mejor precio. Una tabla all round con nose ancho para una remada f\u00e1cil y maxima maniobrabilidad.","og_url":"https:\/\/glassingmonkey.com\/es\/product\/heavy-water-biscuit\/","og_site_name":"Ride your life","article_modified_time":"2026-04-26T10:12:12+00:00","og_image":[{"url":"https:\/\/glassingmonkey.com\/wp-content\/uploads\/2022\/05\/glassing-monkey-heavy-water-surfboards-biscuit.png","type":"","width":"","height":""}],"twitter_card":"summary_large_image","twitter_misc":{"Tiempo de lectura":"3 minutos"},"schema":{"@context":"https:\/\/schema.org","@graph":[{"@type":"WebPage","@id":"https:\/\/glassingmonkey.com\/es\/product\/heavy-water-biscuit\/","url":"https:\/\/glassingmonkey.com\/es\/product\/heavy-water-biscuit\/","name":"Heavy Water Biscuit-Tabla de Surf All Round \/ Glassing Monkey","isPartOf":{"@id":"https:\/\/glassingmonkey.com\/es\/#website"},"primaryImageOfPage":{"@id":"https:\/\/glassingmonkey.com\/es\/product\/heavy-water-biscuit\/#primaryimage"},"image":{"@id":"https:\/\/glassingmonkey.com\/es\/product\/heavy-water-biscuit\/#primaryimage"},"thumbnailUrl":"https:\/\/glassingmonkey.com\/wp-content\/uploads\/2025\/05\/Frame-22.jpg","datePublished":"2025-05-28T09:47:16+00:00","dateModified":"2026-04-26T10:12:12+00:00","description":"Consigue la Heavy Water Biscuit ( Nueva Generaci\u00f3n ) al mejor precio. Una tabla all round con nose ancho para una remada f\u00e1cil y maxima maniobrabilidad.","breadcrumb":{"@id":"https:\/\/glassingmonkey.com\/es\/product\/heavy-water-biscuit\/#breadcrumb"},"inLanguage":"es","potentialAction":[{"@type":"ReadAction","target":["https:\/\/glassingmonkey.com\/es\/product\/heavy-water-biscuit\/"]}]},{"@type":"ImageObject","inLanguage":"es","@id":"https:\/\/glassingmonkey.com\/es\/product\/heavy-water-biscuit\/#primaryimage","url":"https:\/\/glassingmonkey.com\/wp-content\/uploads\/2025\/05\/Frame-22.jpg","contentUrl":"https:\/\/glassingmonkey.com\/wp-content\/uploads\/2025\/05\/Frame-22.jpg","width":600,"height":800,"caption":"heavy water biscuit"},{"@type":"BreadcrumbList","@id":"https:\/\/glassingmonkey.com\/es\/product\/heavy-water-biscuit\/#breadcrumb","itemListElement":[{"@type":"ListItem","position":1,"name":"Home","item":"https:\/\/glassingmonkey.com\/es\/"},{"@type":"ListItem","position":2,"name":"Tienda","item":"https:\/\/glassingmonkey.com\/es\/tienda\/"},{"@type":"ListItem","position":3,"name":"Heavy Water Biscuit (New generation)"}]},{"@type":"WebSite","@id":"https:\/\/glassingmonkey.com\/es\/#website","url":"https:\/\/glassingmonkey.com\/es\/","name":"Glassing Monkey","description":"RIDE YOUR LIFE","publisher":{"@id":"https:\/\/glassingmonkey.com\/es\/#organization"},"potentialAction":[{"@type":"SearchAction","target":{"@type":"EntryPoint","urlTemplate":"https:\/\/glassingmonkey.com\/es\/?s={search_term_string}"},"query-input":{"@type":"PropertyValueSpecification","valueRequired":true,"valueName":"search_term_string"}}],"inLanguage":"es"},{"@type":"Organization","@id":"https:\/\/glassingmonkey.com\/es\/#organization","name":"Glassing Monkey","url":"https:\/\/glassingmonkey.com\/es\/","logo":{"@type":"ImageObject","inLanguage":"es","@id":"https:\/\/glassingmonkey.com\/es\/#\/schema\/logo\/image\/","url":"https:\/\/glassingmonkey.com\/wp-content\/uploads\/2025\/06\/Glassing-monkey-surf-factory-surf-shop.webp","contentUrl":"https:\/\/glassingmonkey.com\/wp-content\/uploads\/2025\/06\/Glassing-monkey-surf-factory-surf-shop.webp","width":786,"height":530,"caption":"Glassing Monkey"},"image":{"@id":"https:\/\/glassingmonkey.com\/es\/#\/schema\/logo\/image\/"},"sameAs":["https:\/\/www.instagram.com\/glassingmonkey\/"]}]}},"_links":{"self":[{"href":"https:\/\/glassingmonkey.com\/es\/wp-json\/wp\/v2\/product\/26810","targetHints":{"allow":["GET"]}}],"collection":[{"href":"https:\/\/glassingmonkey.com\/es\/wp-json\/wp\/v2\/product"}],"about":[{"href":"https:\/\/glassingmonkey.com\/es\/wp-json\/wp\/v2\/types\/product"}],"replies":[{"embeddable":true,"href":"https:\/\/glassingmonkey.com\/es\/wp-json\/wp\/v2\/comments?post=26810"}],"wp:featuredmedia":[{"embeddable":true,"href":"https:\/\/glassingmonkey.com\/es\/wp-json\/wp\/v2\/media\/25614"}],"wp:attachment":[{"href":"https:\/\/glassingmonkey.com\/es\/wp-json\/wp\/v2\/media?parent=26810"}],"wp:term":[{"taxonomy":"product_brand","embeddable":true,"href":"https:\/\/glassingmonkey.com\/es\/wp-json\/wp\/v2\/product_brand?post=26810"},{"taxonomy":"product_cat","embeddable":true,"href":"https:\/\/glassingmonkey.com\/es\/wp-json\/wp\/v2\/product_cat?post=26810"},{"taxonomy":"product_tag","embeddable":true,"href":"https:\/\/glassingmonkey.com\/es\/wp-json\/wp\/v2\/product_tag?post=26810"}],"curies":[{"name":"wp","href":"https:\/\/api.w.org\/{rel}","templated":true}]}}