{"id":26812,"date":"2025-05-28T11:47:15","date_gmt":"2025-05-28T09:47:15","guid":{"rendered":"https:\/\/glassingmonkey.com\/product\/heavy-water-acid-drop-new-generation\/"},"modified":"2026-04-26T13:04:48","modified_gmt":"2026-04-26T11:04:48","slug":"heavy-water-acid-drop-new-generation","status":"publish","type":"product","link":"https:\/\/glassingmonkey.com\/es\/product\/heavy-water-acid-drop-new-generation\/","title":{"rendered":"Heavy Water Acid Drop (New generation)"},"content":{"rendered":"<h1 class=\"otQkpb\" role=\"heading\" aria-level=\"3\" data-sfc-root=\"c\" data-processed=\"true\" data-complete=\"true\">Heavy Water Acid Drop: Domina olas huecas y giros cerrados<button class=\"rBl3me\" tabindex=\"0\" data-amic=\"true\" data-icl-uuid=\"2c1394e5-623b-4843-8275-2355cead9dbc\" aria-label=\"View related links\" data-wiz-attrbind=\"disabled=eRR1Ue_o\/C5gNJc;aria-label=eRR1Ue_o\/bOjMyf;class=eRR1Ue_o\/UpSNec\" data-ved=\"2ahUKEwj3wd75rYuUAxWOfKQEHROwDrAQye0OegYIAQgDEAA\" data-hveid=\"CAEIAxAA\"><\/button><\/h1>\n<div class=\"n6owBd awi2gc\" data-sfc-cp=\"\" data-sfc-root=\"c\" data-sfc-cb=\"\" data-hveid=\"CAEIBBAA\" data-complete=\"true\" data-processed=\"true\">La Heavy Water Acid Drop funciona como un instrumento especializado para abordar olas huecas con absoluta precisi\u00f3n. Para empezar, su ic\u00f3nica forma de <em class=\"eujQNb\" data-sfc-root=\"c\" data-sfc-cb=\"\" data-complete=\"true\" data-processed=\"true\">rounded pin<\/em> permite a los surfistas ejecutar giros incre\u00edblemente cerrados en las partes m\u00e1s cr\u00edticas. Hemos dise\u00f1ado este modelo para surfistas de nivel intermedio a avanzado que buscan superar sus l\u00edmites en condiciones desafiantes. Adem\u00e1s, la Acid Drop sobresale tanto en <em class=\"eujQNb\" data-sfc-root=\"c\" data-sfc-cb=\"\" data-complete=\"true\" data-processed=\"true\">beach breaks<\/em> largos como en <em class=\"eujQNb\" data-sfc-root=\"c\" data-sfc-cb=\"\" data-complete=\"true\" data-processed=\"true\">point breaks<\/em> huecos de calidad. Por lo tanto, esta tabla representa una adici\u00f3n esencial para quienes buscan un control de alto rendimiento y una maniobrabilidad fluida.<button class=\"rBl3me\" tabindex=\"0\" data-amic=\"true\" data-icl-uuid=\"e8aa4094-7338-4fed-8018-ac346eb5ef1b\" aria-label=\"View related links\" data-wiz-attrbind=\"disabled=eRR1Ue_v\/C5gNJc;aria-label=eRR1Ue_v\/bOjMyf;class=eRR1Ue_v\/UpSNec\" data-ved=\"2ahUKEwj3wd75rYuUAxWOfKQEHROwDrAQye0OegYIAQgEEAE\" data-hveid=\"CAEIBBAB\"><\/button><\/div>\n<h2 class=\"otQkpb\" role=\"heading\" aria-level=\"3\" data-sfc-root=\"c\" data-complete=\"true\" data-processed=\"true\">Dise\u00f1o de gota invertida para una velocidad sin esfuerzo<button class=\"rBl3me\" tabindex=\"0\" data-amic=\"true\" data-icl-uuid=\"7492aab8-7cb0-4f24-82a1-6eae36883b72\" aria-label=\"View related links\" data-wiz-attrbind=\"disabled=eRR1Ue_10\/C5gNJc;aria-label=eRR1Ue_10\/bOjMyf;class=eRR1Ue_10\/UpSNec\" data-ved=\"2ahUKEwj3wd75rYuUAxWOfKQEHROwDrAQye0OegYIAQgFEAA\" data-hveid=\"CAEIBRAA\"><\/button><\/h2>\n<div class=\"n6owBd awi2gc\" data-sfc-cp=\"\" data-sfc-root=\"c\" data-sfc-cb=\"\" data-hveid=\"CAEIBhAA\" data-processed=\"true\" data-complete=\"true\">Respecto a su silueta, la Acid Drop se inspira en la forma de una gota de agua invertida. Primero, situamos el punto ancho y el grueso del volumen hacia la parte delantera de la tabla. Esta distribuci\u00f3n espec\u00edfica te ayuda a remar mucho m\u00e1s r\u00e1pido y genera una velocidad natural desde el momento del despegue. Adicionalmente, refinamos y estrechamos la secci\u00f3n de la cola para proporcionar un agarre fiable en paredes verticales. Consecuentemente, la tabla permanece notablemente estable incluso cuando viajas a altas velocidades a trav\u00e9s de una secci\u00f3n. Como resultado, la cola mantiene una l\u00ednea precisa durante tus maniobras m\u00e1s potentes.<button class=\"rBl3me\" tabindex=\"0\" data-amic=\"true\" data-icl-uuid=\"4087bab2-8fd8-4585-b8d1-f85a6cc397a4\" aria-label=\"View related links\" data-wiz-attrbind=\"disabled=eRR1Ue_14\/C5gNJc;aria-label=eRR1Ue_14\/bOjMyf;class=eRR1Ue_14\/UpSNec\" data-ved=\"2ahUKEwj3wd75rYuUAxWOfKQEHROwDrAQye0OegYIAQgGEAE\" data-hveid=\"CAEIBhAB\"><\/button><\/div>\n<h2 class=\"otQkpb\" role=\"heading\" aria-level=\"3\" data-sfc-root=\"c\" data-processed=\"true\" data-complete=\"true\">Rocker plano para un planeo y aceleraci\u00f3n envidiables<button class=\"rBl3me\" tabindex=\"0\" data-amic=\"true\" data-icl-uuid=\"4a40e368-9371-4688-88b7-6c94dc47691a\" aria-label=\"View related links\" data-wiz-attrbind=\"disabled=eRR1Ue_19\/C5gNJc;aria-label=eRR1Ue_19\/bOjMyf;class=eRR1Ue_19\/UpSNec\" data-ved=\"2ahUKEwj3wd75rYuUAxWOfKQEHROwDrAQye0OegYIAQgHEAA\" data-hveid=\"CAEIBxAA\"><\/button><\/h2>\n<div class=\"n6owBd awi2gc\" data-sfc-cp=\"\" data-sfc-root=\"c\" data-sfc-cb=\"\" data-hveid=\"CAEICBAA\" data-complete=\"true\" data-processed=\"true\">En adici\u00f3n a la inteligente distribuci\u00f3n del volumen, la Acid Drop presenta un perfil de rocker plano. Esta curvatura espec\u00edfica permite un planeo envidiable y una r\u00e1pida aceleraci\u00f3n sobre la superficie del agua. Asimismo, el rocker plano asegura que mantengas el impulso en las secciones m\u00e1s fofas sin perder el flujo de la ola. Al combinar este rocker con cantos refinados, el dise\u00f1o crea una tabla que se siente viva y reactiva bajo tus pies. Por esta raz\u00f3n, muchos surfistas prefieren la Acid Drop para sesiones donde la velocidad y la agilidad son las prioridades principales.<button class=\"rBl3me\" tabindex=\"0\" data-amic=\"true\" data-icl-uuid=\"32bba44c-00b1-4ff5-abc9-21f43ebc8c8c\" aria-label=\"View related links\" data-wiz-attrbind=\"disabled=eRR1Ue_1d\/C5gNJc;aria-label=eRR1Ue_1d\/bOjMyf;class=eRR1Ue_1d\/UpSNec\" data-ved=\"2ahUKEwj3wd75rYuUAxWOfKQEHROwDrAQye0OegYIAQgIEAE\" data-hveid=\"CAEICBAB\"><\/button><\/div>\n<h2 class=\"otQkpb\" role=\"heading\" aria-level=\"3\" data-sfc-root=\"c\" data-processed=\"true\" data-complete=\"true\">Heavy Water Acid Drop Ingenier\u00eda de precisi\u00f3n para un surf de alto rendimiento<button class=\"rBl3me\" tabindex=\"0\" data-amic=\"true\" data-icl-uuid=\"a7a0c160-d11c-47b5-83b4-328fabd493e7\" aria-label=\"View related links\" data-wiz-attrbind=\"disabled=eRR1Ue_1i\/C5gNJc;aria-label=eRR1Ue_1i\/bOjMyf;class=eRR1Ue_1i\/UpSNec\" data-ved=\"2ahUKEwj3wd75rYuUAxWOfKQEHROwDrAQye0OegYIAQgJEAA\" data-hveid=\"CAEICRAA\"><\/button><\/h2>\n<div class=\"n6owBd awi2gc\" data-sfc-cp=\"\" data-sfc-root=\"c\" data-sfc-cb=\"\" data-hveid=\"CAEIChAA\" data-complete=\"true\" data-processed=\"true\" aria-owns=\"action-menu-parent-container\">En t\u00e9rminos de rendimiento, la Acid Drop ofrece una mezcla perfecta entre estabilidad y capacidad de giro radical. Espec\u00edficamente, el perfil refinado del canto permite una penetraci\u00f3n inmediata en la cara de la ola para un control m\u00e1ximo. Por otro lado, la construcci\u00f3n equilibrada asegura que la tabla gestione la energ\u00eda de las olas potentes con total facilidad. Esta armon\u00eda t\u00e9cnica proporciona una sensaci\u00f3n profesional que inspira confianza en cada bajada. En conclusi\u00f3n, la Heavy Water Acid Drop ofrece la soluci\u00f3n definitiva para dominar olas huecas y de ritmo r\u00e1pido. Finalmente, elegir este modelo te garantiza tener la herramienta adecuada para los mejores d\u00edas del a\u00f1o.<\/div>\n","protected":false},"excerpt":{"rendered":"<p>Esta tabla es perfecta para usar en olas huecas y, junto con su rounded pin, permite giros muy cerrados. Todo ello acompa\u00f1ado de un rocker plano que ofrece deslizamiento y aceleraci\u00f3n envidiables.<\/p>\n<p>Perfecta para olas largas de playa o point breaks huecos. Para surfistas de nivel intermedio a avanzado.<\/p>\n","protected":false},"featured_media":25606,"comment_status":"closed","ping_status":"closed","template":"","meta":{"site-sidebar-layout":"default","site-content-layout":"","ast-site-content-layout":"default","site-content-style":"default","site-sidebar-style":"default","ast-global-header-display":"","ast-banner-title-visibility":"","ast-main-header-display":"","ast-hfb-above-header-display":"","ast-hfb-below-header-display":"","ast-hfb-mobile-header-display":"","site-post-title":"","ast-breadcrumbs-content":"","ast-featured-img":"","footer-sml-layout":"","ast-disable-related-posts":"","theme-transparent-header-meta":"default","adv-header-id-meta":"","stick-header-meta":"","header-above-stick-meta":"","header-main-stick-meta":"","header-below-stick-meta":"","astra-migrate-meta-layouts":"set","ast-page-background-enabled":"default","ast-page-background-meta":{"desktop":{"background-color":"var(--ast-global-color-5)","background-image":"","background-repeat":"repeat","background-position":"center center","background-size":"auto","background-attachment":"scroll","background-type":"","background-media":"","overlay-type":"","overlay-color":"","overlay-opacity":"","overlay-gradient":""},"tablet":{"background-color":"","background-image":"","background-repeat":"repeat","background-position":"center center","background-size":"auto","background-attachment":"scroll","background-type":"","background-media":"","overlay-type":"","overlay-color":"","overlay-opacity":"","overlay-gradient":""},"mobile":{"background-color":"","background-image":"","background-repeat":"repeat","background-position":"center center","background-size":"auto","background-attachment":"scroll","background-type":"","background-media":"","overlay-type":"","overlay-color":"","overlay-opacity":"","overlay-gradient":""}},"ast-content-background-meta":{"desktop":{"background-color":"var(--ast-global-color-4)","background-image":"","background-repeat":"repeat","background-position":"center center","background-size":"auto","background-attachment":"scroll","background-type":"","background-media":"","overlay-type":"","overlay-color":"","overlay-opacity":"","overlay-gradient":""},"tablet":{"background-color":"var(--ast-global-color-4)","background-image":"","background-repeat":"repeat","background-position":"center center","background-size":"auto","background-attachment":"scroll","background-type":"","background-media":"","overlay-type":"","overlay-color":"","overlay-opacity":"","overlay-gradient":""},"mobile":{"background-color":"var(--ast-global-color-4)","background-image":"","background-repeat":"repeat","background-position":"center center","background-size":"auto","background-attachment":"scroll","background-type":"","background-media":"","overlay-type":"","overlay-color":"","overlay-opacity":"","overlay-gradient":""}}},"product_brand":[1264],"product_cat":[1307,1259,1196],"product_tag":[1308,1309],"class_list":{"0":"post-26812","1":"product","2":"type-product","3":"status-publish","4":"has-post-thumbnail","6":"product_brand-heavy-water-surfboards","7":"product_cat-allround","8":"product_cat-specials","9":"product_cat-tablas-de-surf-es","10":"product_tag-all-round","11":"product_tag-short-boards","12":"product_shipping_class-tablas-hasta-66-es","13":"pa_model-acid-drop","14":"pa_thickness-2-1-18","15":"pa_thickness-2-1-2-es-2","16":"pa_thickness-2-1-4","17":"pa_thickness-2-11-16","18":"pa_thickness-2-3-16","19":"pa_thickness-2-3-8-es-2","20":"pa_thickness-2-5-16-es-2","21":"pa_thickness-2-5-8","22":"pa_thickness-2-7-16-es-2","23":"pa_thickness-2-9-16","24":"pa_width-18-3-4","25":"pa_width-18-1-2","26":"pa_width-19-1-2","27":"pa_width-19-1-4","28":"pa_width-19-3-4-2","29":"pa_width-1319","30":"pa_width-20-1-2-es-2","31":"pa_width-20-1-4-es-2","32":"pa_width-20-3-4-es-2","33":"pa_width-1305","34":"desktop-align-left","35":"tablet-align-left","36":"mobile-align-left","38":"first","39":"instock","40":"sale","41":"shipping-taxable","42":"purchasable","43":"product-type-variable"},"yoast_head":"<!-- This site is optimized with the Yoast SEO plugin v27.4 - https:\/\/yoast.com\/product\/yoast-seo-wordpress\/ -->\n<title>Heavy Water Acid Drop (New Generation) | Glassing Monkey<\/title>\n<meta name=\"description\" content=\"Heavy Water Acid Drop la tabla surf &quot;all-round&quot; definitiva para dominar cualquier condici\u00f3n. C\u00f3mprala al mejor precio en Glassing Monkey.\" \/>\n<meta name=\"robots\" content=\"index, follow, max-snippet:-1, max-image-preview:large, max-video-preview:-1\" \/>\n<link rel=\"canonical\" href=\"https:\/\/glassingmonkey.com\/es\/product\/heavy-water-acid-drop-new-generation\/\" \/>\n<meta property=\"og:locale\" content=\"es_ES\" \/>\n<meta property=\"og:type\" content=\"article\" \/>\n<meta property=\"og:title\" content=\"Heavy Water Acid Drop (New Generation) | Glassing Monkey\" \/>\n<meta property=\"og:description\" content=\"Heavy Water Acid Drop la tabla surf &quot;all-round&quot; definitiva para dominar cualquier condici\u00f3n. C\u00f3mprala al mejor precio en Glassing Monkey.\" \/>\n<meta property=\"og:url\" content=\"https:\/\/glassingmonkey.com\/es\/product\/heavy-water-acid-drop-new-generation\/\" \/>\n<meta property=\"og:site_name\" content=\"Ride your life\" \/>\n<meta property=\"article:modified_time\" content=\"2026-04-26T11:04:48+00:00\" \/>\n<meta property=\"og:image\" content=\"https:\/\/glassingmonkey.com\/wp-content\/uploads\/2022\/05\/glassing-monkey-heavy-water-surfboards-acid-drop.png\" \/>\n<meta name=\"twitter:card\" content=\"summary_large_image\" \/>\n<meta name=\"twitter:label1\" content=\"Tiempo de lectura\" \/>\n\t<meta name=\"twitter:data1\" content=\"3 minutos\" \/>\n<script type=\"application\/ld+json\" class=\"yoast-schema-graph\">{\"@context\":\"https:\\\/\\\/schema.org\",\"@graph\":[{\"@type\":\"WebPage\",\"@id\":\"https:\\\/\\\/glassingmonkey.com\\\/es\\\/product\\\/heavy-water-acid-drop-new-generation\\\/\",\"url\":\"https:\\\/\\\/glassingmonkey.com\\\/es\\\/product\\\/heavy-water-acid-drop-new-generation\\\/\",\"name\":\"Heavy Water Acid Drop (New Generation) | Glassing Monkey\",\"isPartOf\":{\"@id\":\"https:\\\/\\\/glassingmonkey.com\\\/es\\\/#website\"},\"primaryImageOfPage\":{\"@id\":\"https:\\\/\\\/glassingmonkey.com\\\/es\\\/product\\\/heavy-water-acid-drop-new-generation\\\/#primaryimage\"},\"image\":{\"@id\":\"https:\\\/\\\/glassingmonkey.com\\\/es\\\/product\\\/heavy-water-acid-drop-new-generation\\\/#primaryimage\"},\"thumbnailUrl\":\"https:\\\/\\\/glassingmonkey.com\\\/wp-content\\\/uploads\\\/2025\\\/05\\\/Frame-14.jpg\",\"datePublished\":\"2025-05-28T09:47:15+00:00\",\"dateModified\":\"2026-04-26T11:04:48+00:00\",\"description\":\"Heavy Water Acid Drop la tabla surf \\\"all-round\\\" definitiva para dominar cualquier condici\u00f3n. C\u00f3mprala al mejor precio en Glassing Monkey.\",\"breadcrumb\":{\"@id\":\"https:\\\/\\\/glassingmonkey.com\\\/es\\\/product\\\/heavy-water-acid-drop-new-generation\\\/#breadcrumb\"},\"inLanguage\":\"es\",\"potentialAction\":[{\"@type\":\"ReadAction\",\"target\":[\"https:\\\/\\\/glassingmonkey.com\\\/es\\\/product\\\/heavy-water-acid-drop-new-generation\\\/\"]}]},{\"@type\":\"ImageObject\",\"inLanguage\":\"es\",\"@id\":\"https:\\\/\\\/glassingmonkey.com\\\/es\\\/product\\\/heavy-water-acid-drop-new-generation\\\/#primaryimage\",\"url\":\"https:\\\/\\\/glassingmonkey.com\\\/wp-content\\\/uploads\\\/2025\\\/05\\\/Frame-14.jpg\",\"contentUrl\":\"https:\\\/\\\/glassingmonkey.com\\\/wp-content\\\/uploads\\\/2025\\\/05\\\/Frame-14.jpg\",\"width\":600,\"height\":800,\"caption\":\"heavy water acid drop\"},{\"@type\":\"BreadcrumbList\",\"@id\":\"https:\\\/\\\/glassingmonkey.com\\\/es\\\/product\\\/heavy-water-acid-drop-new-generation\\\/#breadcrumb\",\"itemListElement\":[{\"@type\":\"ListItem\",\"position\":1,\"name\":\"Home\",\"item\":\"https:\\\/\\\/glassingmonkey.com\\\/es\\\/\"},{\"@type\":\"ListItem\",\"position\":2,\"name\":\"Tienda\",\"item\":\"https:\\\/\\\/glassingmonkey.com\\\/es\\\/tienda\\\/\"},{\"@type\":\"ListItem\",\"position\":3,\"name\":\"Heavy Water Acid Drop (New generation)\"}]},{\"@type\":\"WebSite\",\"@id\":\"https:\\\/\\\/glassingmonkey.com\\\/es\\\/#website\",\"url\":\"https:\\\/\\\/glassingmonkey.com\\\/es\\\/\",\"name\":\"Glassing Monkey\",\"description\":\"RIDE YOUR LIFE\",\"publisher\":{\"@id\":\"https:\\\/\\\/glassingmonkey.com\\\/es\\\/#organization\"},\"potentialAction\":[{\"@type\":\"SearchAction\",\"target\":{\"@type\":\"EntryPoint\",\"urlTemplate\":\"https:\\\/\\\/glassingmonkey.com\\\/es\\\/?s={search_term_string}\"},\"query-input\":{\"@type\":\"PropertyValueSpecification\",\"valueRequired\":true,\"valueName\":\"search_term_string\"}}],\"inLanguage\":\"es\"},{\"@type\":\"Organization\",\"@id\":\"https:\\\/\\\/glassingmonkey.com\\\/es\\\/#organization\",\"name\":\"Glassing Monkey\",\"url\":\"https:\\\/\\\/glassingmonkey.com\\\/es\\\/\",\"logo\":{\"@type\":\"ImageObject\",\"inLanguage\":\"es\",\"@id\":\"https:\\\/\\\/glassingmonkey.com\\\/es\\\/#\\\/schema\\\/logo\\\/image\\\/\",\"url\":\"https:\\\/\\\/glassingmonkey.com\\\/wp-content\\\/uploads\\\/2025\\\/06\\\/Glassing-monkey-surf-factory-surf-shop.webp\",\"contentUrl\":\"https:\\\/\\\/glassingmonkey.com\\\/wp-content\\\/uploads\\\/2025\\\/06\\\/Glassing-monkey-surf-factory-surf-shop.webp\",\"width\":786,\"height\":530,\"caption\":\"Glassing Monkey\"},\"image\":{\"@id\":\"https:\\\/\\\/glassingmonkey.com\\\/es\\\/#\\\/schema\\\/logo\\\/image\\\/\"},\"sameAs\":[\"https:\\\/\\\/www.instagram.com\\\/glassingmonkey\\\/\"]}]}<\/script>\n<!-- \/ Yoast SEO plugin. -->","yoast_head_json":{"title":"Heavy Water Acid Drop (New Generation) | Glassing Monkey","description":"Heavy Water Acid Drop la tabla surf \"all-round\" definitiva para dominar cualquier condici\u00f3n. C\u00f3mprala al mejor precio en Glassing Monkey.","robots":{"index":"index","follow":"follow","max-snippet":"max-snippet:-1","max-image-preview":"max-image-preview:large","max-video-preview":"max-video-preview:-1"},"canonical":"https:\/\/glassingmonkey.com\/es\/product\/heavy-water-acid-drop-new-generation\/","og_locale":"es_ES","og_type":"article","og_title":"Heavy Water Acid Drop (New Generation) | Glassing Monkey","og_description":"Heavy Water Acid Drop la tabla surf \"all-round\" definitiva para dominar cualquier condici\u00f3n. C\u00f3mprala al mejor precio en Glassing Monkey.","og_url":"https:\/\/glassingmonkey.com\/es\/product\/heavy-water-acid-drop-new-generation\/","og_site_name":"Ride your life","article_modified_time":"2026-04-26T11:04:48+00:00","og_image":[{"url":"https:\/\/glassingmonkey.com\/wp-content\/uploads\/2022\/05\/glassing-monkey-heavy-water-surfboards-acid-drop.png","type":"","width":"","height":""}],"twitter_card":"summary_large_image","twitter_misc":{"Tiempo de lectura":"3 minutos"},"schema":{"@context":"https:\/\/schema.org","@graph":[{"@type":"WebPage","@id":"https:\/\/glassingmonkey.com\/es\/product\/heavy-water-acid-drop-new-generation\/","url":"https:\/\/glassingmonkey.com\/es\/product\/heavy-water-acid-drop-new-generation\/","name":"Heavy Water Acid Drop (New Generation) | Glassing Monkey","isPartOf":{"@id":"https:\/\/glassingmonkey.com\/es\/#website"},"primaryImageOfPage":{"@id":"https:\/\/glassingmonkey.com\/es\/product\/heavy-water-acid-drop-new-generation\/#primaryimage"},"image":{"@id":"https:\/\/glassingmonkey.com\/es\/product\/heavy-water-acid-drop-new-generation\/#primaryimage"},"thumbnailUrl":"https:\/\/glassingmonkey.com\/wp-content\/uploads\/2025\/05\/Frame-14.jpg","datePublished":"2025-05-28T09:47:15+00:00","dateModified":"2026-04-26T11:04:48+00:00","description":"Heavy Water Acid Drop la tabla surf \"all-round\" definitiva para dominar cualquier condici\u00f3n. C\u00f3mprala al mejor precio en Glassing Monkey.","breadcrumb":{"@id":"https:\/\/glassingmonkey.com\/es\/product\/heavy-water-acid-drop-new-generation\/#breadcrumb"},"inLanguage":"es","potentialAction":[{"@type":"ReadAction","target":["https:\/\/glassingmonkey.com\/es\/product\/heavy-water-acid-drop-new-generation\/"]}]},{"@type":"ImageObject","inLanguage":"es","@id":"https:\/\/glassingmonkey.com\/es\/product\/heavy-water-acid-drop-new-generation\/#primaryimage","url":"https:\/\/glassingmonkey.com\/wp-content\/uploads\/2025\/05\/Frame-14.jpg","contentUrl":"https:\/\/glassingmonkey.com\/wp-content\/uploads\/2025\/05\/Frame-14.jpg","width":600,"height":800,"caption":"heavy water acid drop"},{"@type":"BreadcrumbList","@id":"https:\/\/glassingmonkey.com\/es\/product\/heavy-water-acid-drop-new-generation\/#breadcrumb","itemListElement":[{"@type":"ListItem","position":1,"name":"Home","item":"https:\/\/glassingmonkey.com\/es\/"},{"@type":"ListItem","position":2,"name":"Tienda","item":"https:\/\/glassingmonkey.com\/es\/tienda\/"},{"@type":"ListItem","position":3,"name":"Heavy Water Acid Drop (New generation)"}]},{"@type":"WebSite","@id":"https:\/\/glassingmonkey.com\/es\/#website","url":"https:\/\/glassingmonkey.com\/es\/","name":"Glassing Monkey","description":"RIDE YOUR LIFE","publisher":{"@id":"https:\/\/glassingmonkey.com\/es\/#organization"},"potentialAction":[{"@type":"SearchAction","target":{"@type":"EntryPoint","urlTemplate":"https:\/\/glassingmonkey.com\/es\/?s={search_term_string}"},"query-input":{"@type":"PropertyValueSpecification","valueRequired":true,"valueName":"search_term_string"}}],"inLanguage":"es"},{"@type":"Organization","@id":"https:\/\/glassingmonkey.com\/es\/#organization","name":"Glassing Monkey","url":"https:\/\/glassingmonkey.com\/es\/","logo":{"@type":"ImageObject","inLanguage":"es","@id":"https:\/\/glassingmonkey.com\/es\/#\/schema\/logo\/image\/","url":"https:\/\/glassingmonkey.com\/wp-content\/uploads\/2025\/06\/Glassing-monkey-surf-factory-surf-shop.webp","contentUrl":"https:\/\/glassingmonkey.com\/wp-content\/uploads\/2025\/06\/Glassing-monkey-surf-factory-surf-shop.webp","width":786,"height":530,"caption":"Glassing Monkey"},"image":{"@id":"https:\/\/glassingmonkey.com\/es\/#\/schema\/logo\/image\/"},"sameAs":["https:\/\/www.instagram.com\/glassingmonkey\/"]}]}},"_links":{"self":[{"href":"https:\/\/glassingmonkey.com\/es\/wp-json\/wp\/v2\/product\/26812","targetHints":{"allow":["GET"]}}],"collection":[{"href":"https:\/\/glassingmonkey.com\/es\/wp-json\/wp\/v2\/product"}],"about":[{"href":"https:\/\/glassingmonkey.com\/es\/wp-json\/wp\/v2\/types\/product"}],"replies":[{"embeddable":true,"href":"https:\/\/glassingmonkey.com\/es\/wp-json\/wp\/v2\/comments?post=26812"}],"wp:featuredmedia":[{"embeddable":true,"href":"https:\/\/glassingmonkey.com\/es\/wp-json\/wp\/v2\/media\/25606"}],"wp:attachment":[{"href":"https:\/\/glassingmonkey.com\/es\/wp-json\/wp\/v2\/media?parent=26812"}],"wp:term":[{"taxonomy":"product_brand","embeddable":true,"href":"https:\/\/glassingmonkey.com\/es\/wp-json\/wp\/v2\/product_brand?post=26812"},{"taxonomy":"product_cat","embeddable":true,"href":"https:\/\/glassingmonkey.com\/es\/wp-json\/wp\/v2\/product_cat?post=26812"},{"taxonomy":"product_tag","embeddable":true,"href":"https:\/\/glassingmonkey.com\/es\/wp-json\/wp\/v2\/product_tag?post=26812"}],"curies":[{"name":"wp","href":"https:\/\/api.w.org\/{rel}","templated":true}]}}