{"id":26826,"date":"2025-05-28T11:47:15","date_gmt":"2025-05-28T09:47:15","guid":{"rendered":"https:\/\/glassingmonkey.com\/product\/bamba-fat-wombat\/"},"modified":"2026-04-27T21:28:49","modified_gmt":"2026-04-27T19:28:49","slug":"bamba-fat-wombat","status":"publish","type":"product","link":"https:\/\/glassingmonkey.com\/es\/product\/bamba-fat-wombat\/","title":{"rendered":"Bamba Fat Wombat"},"content":{"rendered":"<h1 class=\"otQkpb\" role=\"heading\" aria-level=\"3\" data-sfc-root=\"c\" data-complete=\"true\" data-processed=\"true\">Bamba Fat Wombat: Un viaje vers\u00e1til a trav\u00e9s del tiempo<button class=\"rBl3me\" tabindex=\"0\" data-amic=\"true\" data-icl-uuid=\"c29d5793-dd1c-4aca-97d7-3aad9c3b27d1\" aria-label=\"View related links\" data-wiz-attrbind=\"disabled=emgJg_p\/C5gNJc;aria-label=emgJg_p\/bOjMyf;class=emgJg_p\/UpSNec\" data-ved=\"2ahUKEwi6y-Hq4I6UAxVAnycCHcH-IRcQye0OegYIAQgDEAA\" data-hveid=\"CAEIAxAA\"><\/button><\/h1>\n<div class=\"n6owBd awi2gc\" data-sfc-cp=\"\" data-sfc-root=\"c\" data-sfc-cb=\"\" data-hveid=\"CAEIBBAA\" data-complete=\"true\" data-processed=\"true\">La Bamba Fat Wombat representa un viaje nost\u00e1lgico y funcional por el camino de la memoria. En primer lugar, cualquier surfista que haya tenido esta tabla conoce su incre\u00edble versatilidad. Este modelo destaca como una herramienta ultra f\u00e1cil para las sesiones de surf diarias. Adem\u00e1s, la Wombat rinde excepcionalmente bien tanto en <em class=\"eujQNb\" data-sfc-root=\"c\" data-sfc-cb=\"\" data-complete=\"true\" data-processed=\"true\">beach breaks<\/em> como en tubos de arrecife. Ciertamente, saldr\u00e1s del agua sinti\u00e9ndote muy motivado despu\u00e9s de cada sesi\u00f3n. Consecuentemente, esta tabla es perfecta para quienes desean volver a usar formas m\u00e1s cortas. Por lo tanto, la Fat Wombat convierte incluso las sesiones de marea alta en algo emocionante.<button class=\"rBl3me\" tabindex=\"0\" data-amic=\"true\" data-icl-uuid=\"d0808ecc-afa5-4ca0-9dba-4c9be4f20fb2\" aria-label=\"View related links\" data-wiz-attrbind=\"disabled=emgJg_u\/C5gNJc;aria-label=emgJg_u\/bOjMyf;class=emgJg_u\/UpSNec\" data-ved=\"2ahUKEwi6y-Hq4I6UAxVAnycCHcH-IRcQye0OegYIAQgEEAE\" data-hveid=\"CAEIBBAB\"><\/button><\/div>\n<h2 class=\"otQkpb\" role=\"heading\" aria-level=\"3\" data-sfc-root=\"c\" data-processed=\"true\" data-complete=\"true\">M\u00e1xima superficie y velocidad inmediata<button class=\"rBl3me\" tabindex=\"0\" data-amic=\"true\" data-icl-uuid=\"a24742a9-3e34-4f36-bf4e-db282a335bed\" aria-label=\"View related links\" data-wiz-attrbind=\"disabled=emgJg_z\/C5gNJc;aria-label=emgJg_z\/bOjMyf;class=emgJg_z\/UpSNec\" data-ved=\"2ahUKEwi6y-Hq4I6UAxVAnycCHcH-IRcQye0OegYIAQgFEAA\" data-hveid=\"CAEIBRAA\"><\/button><\/h2>\n<div class=\"n6owBd awi2gc\" data-sfc-cp=\"\" data-sfc-root=\"c\" data-sfc-cb=\"\" data-hveid=\"CAEIBhAA\" data-complete=\"true\" data-processed=\"true\">Respecto a su forma t\u00e9cnica, la cola m\u00e1s ancha proporciona una superficie de planeo mucho mayor. Primero, este dise\u00f1o crea una sensaci\u00f3n de aceleraci\u00f3n r\u00e1pida en la cara de la ola. No tendr\u00e1s que esforzarte para ganar velocidad con este modelo espec\u00edfico. Adicionalmente, la tabla comienza a planear inmediatamente despu\u00e9s de completar el <em class=\"eujQNb\" data-sfc-root=\"c\" data-sfc-cb=\"\" data-complete=\"true\" data-processed=\"true\">take-off<\/em>. Este enfoque en la aceleraci\u00f3n inmediata te ayuda a superar secciones lentas con facilidad. Asimismo, el morro m\u00e1s ancho mejora significativamente tu potencia total de remada. Como resultado, la tabla ofrece una velocidad de corte abundante para todo tipo de surfistas.<button class=\"rBl3me\" tabindex=\"0\" data-amic=\"true\" data-icl-uuid=\"3ce6f8ce-c812-417a-9f1b-0fa5c404687e\" aria-label=\"View related links\" data-wiz-attrbind=\"disabled=emgJg_14\/C5gNJc;aria-label=emgJg_14\/bOjMyf;class=emgJg_14\/UpSNec\" data-ved=\"2ahUKEwi6y-Hq4I6UAxVAnycCHcH-IRcQye0OegYIAQgGEAE\" data-hveid=\"CAEIBhAB\"><\/button><\/div>\n<h2 class=\"otQkpb\" role=\"heading\" aria-level=\"3\" data-sfc-root=\"c\" data-processed=\"true\" data-complete=\"true\">Bamba Fat Wombat,Configuraci\u00f3n sencilla para cualquier nivel<button class=\"rBl3me\" tabindex=\"0\" data-amic=\"true\" data-icl-uuid=\"065efa42-7a34-4d53-817b-2962ce3a0181\" aria-label=\"View related links\" data-wiz-attrbind=\"disabled=emgJg_19\/C5gNJc;aria-label=emgJg_19\/bOjMyf;class=emgJg_19\/UpSNec\" data-ved=\"2ahUKEwi6y-Hq4I6UAxVAnycCHcH-IRcQye0OegYIAQgHEAA\" data-hveid=\"CAEIBxAA\"><\/button><\/h2>\n<div class=\"n6owBd awi2gc\" data-sfc-cp=\"\" data-sfc-root=\"c\" data-sfc-cb=\"\" data-hveid=\"CAEICBAA\" data-complete=\"true\" data-processed=\"true\" aria-owns=\"action-menu-parent-container\">Del mismo modo, elegimos una configuraci\u00f3n de quillas 2+1 muy fiable para este modelo. Este sistema funciona perfectamente con la forma en V simple situada en la cola. Espec\u00edficamente, esta combinaci\u00f3n t\u00e9cnica hace que la Fat Wombat sea s\u00faper vers\u00e1til para cualquier nivel. Los principiantes apreciar\u00e1n la estabilidad, mientras que los expertos disfrutar\u00e1n del flujo sin esfuerzo. Adem\u00e1s, la tabla mantiene un planeo constante a trav\u00e9s de las partes m\u00e1s planas de la ola. Por esta raz\u00f3n, la Wombat sigue siendo una opci\u00f3n favorita para diversas condiciones oce\u00e1nicas. En conclusi\u00f3n, este modelo proporciona la soluci\u00f3n definitiva para un rendimiento orientado a la diversi\u00f3n. Finalmente, a\u00f1adir una Fat Wombat a tu <em class=\"eujQNb\" data-sfc-root=\"c\" data-sfc-cb=\"\" data-complete=\"true\" data-processed=\"true\">quiver<\/em> garantiza una sonrisa en cada ola.<\/div>\n","protected":false},"excerpt":{"rendered":"<p>Surfeada con fuerza desde el tail o llevada con suavidad desde el centro hacia atr\u00e1s, la Fat Wombat planea en cualquier ola, por plana o lenta que sea. Perfecta para quien quiera bajarse de un longboard o para el surfista de nivel intermedio que busque una tabla con la que surfear en pr\u00e1cticamente cualquier ola.<\/p>\n","protected":false},"featured_media":25599,"comment_status":"closed","ping_status":"closed","template":"","meta":{"site-sidebar-layout":"default","site-content-layout":"","ast-site-content-layout":"default","site-content-style":"default","site-sidebar-style":"default","ast-global-header-display":"","ast-banner-title-visibility":"","ast-main-header-display":"","ast-hfb-above-header-display":"","ast-hfb-below-header-display":"","ast-hfb-mobile-header-display":"","site-post-title":"","ast-breadcrumbs-content":"","ast-featured-img":"","footer-sml-layout":"","ast-disable-related-posts":"","theme-transparent-header-meta":"default","adv-header-id-meta":"","stick-header-meta":"","header-above-stick-meta":"","header-main-stick-meta":"","header-below-stick-meta":"","astra-migrate-meta-layouts":"set","ast-page-background-enabled":"default","ast-page-background-meta":{"desktop":{"background-color":"var(--ast-global-color-5)","background-image":"","background-repeat":"repeat","background-position":"center center","background-size":"auto","background-attachment":"scroll","background-type":"","background-media":"","overlay-type":"","overlay-color":"","overlay-opacity":"","overlay-gradient":""},"tablet":{"background-color":"","background-image":"","background-repeat":"repeat","background-position":"center center","background-size":"auto","background-attachment":"scroll","background-type":"","background-media":"","overlay-type":"","overlay-color":"","overlay-opacity":"","overlay-gradient":""},"mobile":{"background-color":"","background-image":"","background-repeat":"repeat","background-position":"center center","background-size":"auto","background-attachment":"scroll","background-type":"","background-media":"","overlay-type":"","overlay-color":"","overlay-opacity":"","overlay-gradient":""}},"ast-content-background-meta":{"desktop":{"background-color":"var(--ast-global-color-4)","background-image":"","background-repeat":"repeat","background-position":"center center","background-size":"auto","background-attachment":"scroll","background-type":"","background-media":"","overlay-type":"","overlay-color":"","overlay-opacity":"","overlay-gradient":""},"tablet":{"background-color":"var(--ast-global-color-4)","background-image":"","background-repeat":"repeat","background-position":"center center","background-size":"auto","background-attachment":"scroll","background-type":"","background-media":"","overlay-type":"","overlay-color":"","overlay-opacity":"","overlay-gradient":""},"mobile":{"background-color":"var(--ast-global-color-4)","background-image":"","background-repeat":"repeat","background-position":"center center","background-size":"auto","background-attachment":"scroll","background-type":"","background-media":"","overlay-type":"","overlay-color":"","overlay-opacity":"","overlay-gradient":""}}},"product_brand":[1260],"product_cat":[1251,1290,1196],"product_tag":[1292,1291],"class_list":{"0":"post-26826","1":"product","2":"type-product","3":"status-publish","4":"has-post-thumbnail","6":"product_brand-bamba-surfboards","7":"product_cat-funboards","8":"product_cat-midlength","9":"product_cat-tablas-de-surf-es","10":"product_tag-funboard","11":"product_tag-midlength","12":"product_shipping_class-tablas-a-partir-de-67-3","13":"pa_model-fat-wombat","14":"pa_thickness-2-1-2-es-2","15":"pa_thickness-2-3-4","16":"pa_thickness-2-5-8","17":"pa_thickness-1394","18":"pa_width-20-1-2-es-2","19":"pa_width-20-3-4-es-2","20":"pa_width-21-1-4","21":"pa_width-1320","22":"desktop-align-left","23":"tablet-align-left","24":"mobile-align-left","26":"first","27":"onbackorder","28":"sale","29":"shipping-taxable","30":"purchasable","31":"product-type-variable"},"yoast_head":"<!-- This site is optimized with the Yoast SEO plugin v27.4 - https:\/\/yoast.com\/product\/yoast-seo-wordpress\/ -->\n<title>Bamba Fat Wombat | Tabla de Surf H\u00edbrida y Divertida<\/title>\n<meta name=\"description\" content=\"Descubre la Bamba Fat Wombat en Glassing Monkey. Una tabla de surf h\u00edbrida con gran volumen, ideal para maximizar la remada y la velocidad en las olas\" \/>\n<meta name=\"robots\" content=\"index, follow, max-snippet:-1, max-image-preview:large, max-video-preview:-1\" \/>\n<link rel=\"canonical\" href=\"https:\/\/glassingmonkey.com\/es\/product\/bamba-fat-wombat\/\" \/>\n<meta property=\"og:locale\" content=\"es_ES\" \/>\n<meta property=\"og:type\" content=\"article\" \/>\n<meta property=\"og:title\" content=\"Bamba Fat Wombat | Tabla de Surf H\u00edbrida y Divertida\" \/>\n<meta property=\"og:description\" content=\"Descubre la Bamba Fat Wombat en Glassing Monkey. Una tabla de surf h\u00edbrida con gran volumen, ideal para maximizar la remada y la velocidad en las olas\" \/>\n<meta property=\"og:url\" content=\"https:\/\/glassingmonkey.com\/es\/product\/bamba-fat-wombat\/\" \/>\n<meta property=\"og:site_name\" content=\"Ride your life\" \/>\n<meta property=\"article:modified_time\" content=\"2026-04-27T19:28:49+00:00\" \/>\n<meta property=\"og:image\" content=\"https:\/\/glassingmonkey.com\/wp-content\/uploads\/2022\/05\/glassing-monkey-bamba-surfboards-fat-wombat.png\" \/>\n<meta name=\"twitter:card\" content=\"summary_large_image\" \/>\n<meta name=\"twitter:label1\" content=\"Tiempo de lectura\" \/>\n\t<meta name=\"twitter:data1\" content=\"2 minutos\" \/>\n<script type=\"application\/ld+json\" class=\"yoast-schema-graph\">{\"@context\":\"https:\\\/\\\/schema.org\",\"@graph\":[{\"@type\":\"WebPage\",\"@id\":\"https:\\\/\\\/glassingmonkey.com\\\/es\\\/product\\\/bamba-fat-wombat\\\/\",\"url\":\"https:\\\/\\\/glassingmonkey.com\\\/es\\\/product\\\/bamba-fat-wombat\\\/\",\"name\":\"Bamba Fat Wombat | Tabla de Surf H\u00edbrida y Divertida\",\"isPartOf\":{\"@id\":\"https:\\\/\\\/glassingmonkey.com\\\/es\\\/#website\"},\"primaryImageOfPage\":{\"@id\":\"https:\\\/\\\/glassingmonkey.com\\\/es\\\/product\\\/bamba-fat-wombat\\\/#primaryimage\"},\"image\":{\"@id\":\"https:\\\/\\\/glassingmonkey.com\\\/es\\\/product\\\/bamba-fat-wombat\\\/#primaryimage\"},\"thumbnailUrl\":\"https:\\\/\\\/glassingmonkey.com\\\/wp-content\\\/uploads\\\/2025\\\/05\\\/FAT-WOMBAT.jpg\",\"datePublished\":\"2025-05-28T09:47:15+00:00\",\"dateModified\":\"2026-04-27T19:28:49+00:00\",\"description\":\"Descubre la Bamba Fat Wombat en Glassing Monkey. Una tabla de surf h\u00edbrida con gran volumen, ideal para maximizar la remada y la velocidad en las olas\",\"breadcrumb\":{\"@id\":\"https:\\\/\\\/glassingmonkey.com\\\/es\\\/product\\\/bamba-fat-wombat\\\/#breadcrumb\"},\"inLanguage\":\"es\",\"potentialAction\":[{\"@type\":\"ReadAction\",\"target\":[\"https:\\\/\\\/glassingmonkey.com\\\/es\\\/product\\\/bamba-fat-wombat\\\/\"]}]},{\"@type\":\"ImageObject\",\"inLanguage\":\"es\",\"@id\":\"https:\\\/\\\/glassingmonkey.com\\\/es\\\/product\\\/bamba-fat-wombat\\\/#primaryimage\",\"url\":\"https:\\\/\\\/glassingmonkey.com\\\/wp-content\\\/uploads\\\/2025\\\/05\\\/FAT-WOMBAT.jpg\",\"contentUrl\":\"https:\\\/\\\/glassingmonkey.com\\\/wp-content\\\/uploads\\\/2025\\\/05\\\/FAT-WOMBAT.jpg\",\"width\":650,\"height\":850,\"caption\":\"bamba fat wombat\"},{\"@type\":\"BreadcrumbList\",\"@id\":\"https:\\\/\\\/glassingmonkey.com\\\/es\\\/product\\\/bamba-fat-wombat\\\/#breadcrumb\",\"itemListElement\":[{\"@type\":\"ListItem\",\"position\":1,\"name\":\"Home\",\"item\":\"https:\\\/\\\/glassingmonkey.com\\\/es\\\/\"},{\"@type\":\"ListItem\",\"position\":2,\"name\":\"Tienda\",\"item\":\"https:\\\/\\\/glassingmonkey.com\\\/es\\\/tienda\\\/\"},{\"@type\":\"ListItem\",\"position\":3,\"name\":\"Bamba Fat Wombat\"}]},{\"@type\":\"WebSite\",\"@id\":\"https:\\\/\\\/glassingmonkey.com\\\/es\\\/#website\",\"url\":\"https:\\\/\\\/glassingmonkey.com\\\/es\\\/\",\"name\":\"Glassing Monkey\",\"description\":\"RIDE YOUR LIFE\",\"publisher\":{\"@id\":\"https:\\\/\\\/glassingmonkey.com\\\/es\\\/#organization\"},\"potentialAction\":[{\"@type\":\"SearchAction\",\"target\":{\"@type\":\"EntryPoint\",\"urlTemplate\":\"https:\\\/\\\/glassingmonkey.com\\\/es\\\/?s={search_term_string}\"},\"query-input\":{\"@type\":\"PropertyValueSpecification\",\"valueRequired\":true,\"valueName\":\"search_term_string\"}}],\"inLanguage\":\"es\"},{\"@type\":\"Organization\",\"@id\":\"https:\\\/\\\/glassingmonkey.com\\\/es\\\/#organization\",\"name\":\"Glassing Monkey\",\"url\":\"https:\\\/\\\/glassingmonkey.com\\\/es\\\/\",\"logo\":{\"@type\":\"ImageObject\",\"inLanguage\":\"es\",\"@id\":\"https:\\\/\\\/glassingmonkey.com\\\/es\\\/#\\\/schema\\\/logo\\\/image\\\/\",\"url\":\"https:\\\/\\\/glassingmonkey.com\\\/wp-content\\\/uploads\\\/2025\\\/06\\\/Glassing-monkey-surf-factory-surf-shop.webp\",\"contentUrl\":\"https:\\\/\\\/glassingmonkey.com\\\/wp-content\\\/uploads\\\/2025\\\/06\\\/Glassing-monkey-surf-factory-surf-shop.webp\",\"width\":786,\"height\":530,\"caption\":\"Glassing Monkey\"},\"image\":{\"@id\":\"https:\\\/\\\/glassingmonkey.com\\\/es\\\/#\\\/schema\\\/logo\\\/image\\\/\"},\"sameAs\":[\"https:\\\/\\\/www.instagram.com\\\/glassingmonkey\\\/\"]}]}<\/script>\n<!-- \/ Yoast SEO plugin. -->","yoast_head_json":{"title":"Bamba Fat Wombat | Tabla de Surf H\u00edbrida y Divertida","description":"Descubre la Bamba Fat Wombat en Glassing Monkey. Una tabla de surf h\u00edbrida con gran volumen, ideal para maximizar la remada y la velocidad en las olas","robots":{"index":"index","follow":"follow","max-snippet":"max-snippet:-1","max-image-preview":"max-image-preview:large","max-video-preview":"max-video-preview:-1"},"canonical":"https:\/\/glassingmonkey.com\/es\/product\/bamba-fat-wombat\/","og_locale":"es_ES","og_type":"article","og_title":"Bamba Fat Wombat | Tabla de Surf H\u00edbrida y Divertida","og_description":"Descubre la Bamba Fat Wombat en Glassing Monkey. Una tabla de surf h\u00edbrida con gran volumen, ideal para maximizar la remada y la velocidad en las olas","og_url":"https:\/\/glassingmonkey.com\/es\/product\/bamba-fat-wombat\/","og_site_name":"Ride your life","article_modified_time":"2026-04-27T19:28:49+00:00","og_image":[{"url":"https:\/\/glassingmonkey.com\/wp-content\/uploads\/2022\/05\/glassing-monkey-bamba-surfboards-fat-wombat.png","type":"","width":"","height":""}],"twitter_card":"summary_large_image","twitter_misc":{"Tiempo de lectura":"2 minutos"},"schema":{"@context":"https:\/\/schema.org","@graph":[{"@type":"WebPage","@id":"https:\/\/glassingmonkey.com\/es\/product\/bamba-fat-wombat\/","url":"https:\/\/glassingmonkey.com\/es\/product\/bamba-fat-wombat\/","name":"Bamba Fat Wombat | Tabla de Surf H\u00edbrida y Divertida","isPartOf":{"@id":"https:\/\/glassingmonkey.com\/es\/#website"},"primaryImageOfPage":{"@id":"https:\/\/glassingmonkey.com\/es\/product\/bamba-fat-wombat\/#primaryimage"},"image":{"@id":"https:\/\/glassingmonkey.com\/es\/product\/bamba-fat-wombat\/#primaryimage"},"thumbnailUrl":"https:\/\/glassingmonkey.com\/wp-content\/uploads\/2025\/05\/FAT-WOMBAT.jpg","datePublished":"2025-05-28T09:47:15+00:00","dateModified":"2026-04-27T19:28:49+00:00","description":"Descubre la Bamba Fat Wombat en Glassing Monkey. Una tabla de surf h\u00edbrida con gran volumen, ideal para maximizar la remada y la velocidad en las olas","breadcrumb":{"@id":"https:\/\/glassingmonkey.com\/es\/product\/bamba-fat-wombat\/#breadcrumb"},"inLanguage":"es","potentialAction":[{"@type":"ReadAction","target":["https:\/\/glassingmonkey.com\/es\/product\/bamba-fat-wombat\/"]}]},{"@type":"ImageObject","inLanguage":"es","@id":"https:\/\/glassingmonkey.com\/es\/product\/bamba-fat-wombat\/#primaryimage","url":"https:\/\/glassingmonkey.com\/wp-content\/uploads\/2025\/05\/FAT-WOMBAT.jpg","contentUrl":"https:\/\/glassingmonkey.com\/wp-content\/uploads\/2025\/05\/FAT-WOMBAT.jpg","width":650,"height":850,"caption":"bamba fat wombat"},{"@type":"BreadcrumbList","@id":"https:\/\/glassingmonkey.com\/es\/product\/bamba-fat-wombat\/#breadcrumb","itemListElement":[{"@type":"ListItem","position":1,"name":"Home","item":"https:\/\/glassingmonkey.com\/es\/"},{"@type":"ListItem","position":2,"name":"Tienda","item":"https:\/\/glassingmonkey.com\/es\/tienda\/"},{"@type":"ListItem","position":3,"name":"Bamba Fat Wombat"}]},{"@type":"WebSite","@id":"https:\/\/glassingmonkey.com\/es\/#website","url":"https:\/\/glassingmonkey.com\/es\/","name":"Glassing Monkey","description":"RIDE YOUR LIFE","publisher":{"@id":"https:\/\/glassingmonkey.com\/es\/#organization"},"potentialAction":[{"@type":"SearchAction","target":{"@type":"EntryPoint","urlTemplate":"https:\/\/glassingmonkey.com\/es\/?s={search_term_string}"},"query-input":{"@type":"PropertyValueSpecification","valueRequired":true,"valueName":"search_term_string"}}],"inLanguage":"es"},{"@type":"Organization","@id":"https:\/\/glassingmonkey.com\/es\/#organization","name":"Glassing Monkey","url":"https:\/\/glassingmonkey.com\/es\/","logo":{"@type":"ImageObject","inLanguage":"es","@id":"https:\/\/glassingmonkey.com\/es\/#\/schema\/logo\/image\/","url":"https:\/\/glassingmonkey.com\/wp-content\/uploads\/2025\/06\/Glassing-monkey-surf-factory-surf-shop.webp","contentUrl":"https:\/\/glassingmonkey.com\/wp-content\/uploads\/2025\/06\/Glassing-monkey-surf-factory-surf-shop.webp","width":786,"height":530,"caption":"Glassing Monkey"},"image":{"@id":"https:\/\/glassingmonkey.com\/es\/#\/schema\/logo\/image\/"},"sameAs":["https:\/\/www.instagram.com\/glassingmonkey\/"]}]}},"_links":{"self":[{"href":"https:\/\/glassingmonkey.com\/es\/wp-json\/wp\/v2\/product\/26826","targetHints":{"allow":["GET"]}}],"collection":[{"href":"https:\/\/glassingmonkey.com\/es\/wp-json\/wp\/v2\/product"}],"about":[{"href":"https:\/\/glassingmonkey.com\/es\/wp-json\/wp\/v2\/types\/product"}],"replies":[{"embeddable":true,"href":"https:\/\/glassingmonkey.com\/es\/wp-json\/wp\/v2\/comments?post=26826"}],"wp:featuredmedia":[{"embeddable":true,"href":"https:\/\/glassingmonkey.com\/es\/wp-json\/wp\/v2\/media\/25599"}],"wp:attachment":[{"href":"https:\/\/glassingmonkey.com\/es\/wp-json\/wp\/v2\/media?parent=26826"}],"wp:term":[{"taxonomy":"product_brand","embeddable":true,"href":"https:\/\/glassingmonkey.com\/es\/wp-json\/wp\/v2\/product_brand?post=26826"},{"taxonomy":"product_cat","embeddable":true,"href":"https:\/\/glassingmonkey.com\/es\/wp-json\/wp\/v2\/product_cat?post=26826"},{"taxonomy":"product_tag","embeddable":true,"href":"https:\/\/glassingmonkey.com\/es\/wp-json\/wp\/v2\/product_tag?post=26826"}],"curies":[{"name":"wp","href":"https:\/\/api.w.org\/{rel}","templated":true}]}}