{"id":27030,"date":"2025-05-28T11:41:30","date_gmt":"2025-05-28T09:41:30","guid":{"rendered":"https:\/\/glassingmonkey.com\/product\/emery-black-angel-ii\/"},"modified":"2025-05-28T11:41:30","modified_gmt":"2025-05-28T09:41:30","slug":"emery-black-angel-ii","status":"publish","type":"product","link":"https:\/\/glassingmonkey.com\/es\/product\/emery-black-angel-ii\/","title":{"rendered":"Emery Black Angel II"},"content":{"rendered":"<p data-start=\"67\" data-end=\"131\">Una actualizaci\u00f3n de nuestro all-rounder m\u00e1s popular, la Black Angel II.<\/p>\n<p data-start=\"133\" data-end=\"333\">Tiene un tail rocker aumentado, lo que le permite encajar en las olas m\u00e1s curvas y ajustadas, d\u00e1ndote una tabla de reacci\u00f3n s\u00faper r\u00e1pida, giros cerrados y la capacidad de carvear justo despu\u00e9s de un top turn explosivo.<\/p>\n<p data-start=\"335\" data-end=\"580\">Combina un single concave con un ligero double entre las quillas, proporcion\u00e1ndote mucho drive cuando lo necesitas.<br \/>P\u00eddela 1\u201d m\u00e1s corta y 1\/4\u201d m\u00e1s ancha como tabla de verano. En condiciones de 2 a 6 pies, \u00a1las olas curvas adoran ser destruidas por la Black Angel II!  <\/p>\n","protected":false},"excerpt":{"rendered":"<p>Combina un single concave con un slight double entre las quillas, d\u00e1ndote gran proyecci\u00f3n cuando hace falta.<\/p>\n<p>P\u00eddela 1\u2033 m\u00e1s corta y 1\/4\u2033 m\u00e1s ancha como tabla de verano. En condiciones de 2 a 6 pies, las olas curvas adoran ser machacadas por la Black Angel II. <\/p>\n","protected":false},"featured_media":25246,"comment_status":"closed","ping_status":"closed","template":"","meta":{"site-sidebar-layout":"default","site-content-layout":"","ast-site-content-layout":"default","site-content-style":"default","site-sidebar-style":"default","ast-global-header-display":"","ast-banner-title-visibility":"","ast-main-header-display":"","ast-hfb-above-header-display":"","ast-hfb-below-header-display":"","ast-hfb-mobile-header-display":"","site-post-title":"","ast-breadcrumbs-content":"","ast-featured-img":"","footer-sml-layout":"","ast-disable-related-posts":"","theme-transparent-header-meta":"default","adv-header-id-meta":"","stick-header-meta":"","header-above-stick-meta":"","header-main-stick-meta":"","header-below-stick-meta":"","astra-migrate-meta-layouts":"default","ast-page-background-enabled":"default","ast-page-background-meta":{"desktop":{"background-color":"var(--ast-global-color-5)","background-image":"","background-repeat":"repeat","background-position":"center center","background-size":"auto","background-attachment":"scroll","background-type":"","background-media":"","overlay-type":"","overlay-color":"","overlay-opacity":"","overlay-gradient":""},"tablet":{"background-color":"","background-image":"","background-repeat":"repeat","background-position":"center center","background-size":"auto","background-attachment":"scroll","background-type":"","background-media":"","overlay-type":"","overlay-color":"","overlay-opacity":"","overlay-gradient":""},"mobile":{"background-color":"","background-image":"","background-repeat":"repeat","background-position":"center center","background-size":"auto","background-attachment":"scroll","background-type":"","background-media":"","overlay-type":"","overlay-color":"","overlay-opacity":"","overlay-gradient":""}},"ast-content-background-meta":{"desktop":{"background-color":"var(--ast-global-color-4)","background-image":"","background-repeat":"repeat","background-position":"center center","background-size":"auto","background-attachment":"scroll","background-type":"","background-media":"","overlay-type":"","overlay-color":"","overlay-opacity":"","overlay-gradient":""},"tablet":{"background-color":"var(--ast-global-color-4)","background-image":"","background-repeat":"repeat","background-position":"center center","background-size":"auto","background-attachment":"scroll","background-type":"","background-media":"","overlay-type":"","overlay-color":"","overlay-opacity":"","overlay-gradient":""},"mobile":{"background-color":"var(--ast-global-color-4)","background-image":"","background-repeat":"repeat","background-position":"center center","background-size":"auto","background-attachment":"scroll","background-type":"","background-media":"","overlay-type":"","overlay-color":"","overlay-opacity":"","overlay-gradient":""}}},"product_brand":[1263],"product_cat":[1307,1215,1256,1196],"product_tag":[1308,1218,1309],"class_list":{"0":"post-27030","1":"product","2":"type-product","3":"status-publish","4":"has-post-thumbnail","6":"product_brand-emery-surfboards","7":"product_cat-allround","8":"product_cat-high-performance-es","9":"product_cat-shortboard","10":"product_cat-tablas-de-surf-es","11":"product_tag-all-round","12":"product_tag-high-performance-es","13":"product_tag-short-boards","14":"product_shipping_class-tablas-hasta-66-es","15":"pa_model-black-angel-ii","16":"pa_thickness-2-1-16","17":"pa_thickness-2-1-2-es-2","18":"pa_thickness-2-1-4","19":"pa_thickness-2-1-8","20":"pa_thickness-2-3-8-es-2","21":"pa_thickness-2-5-16-es-2","22":"pa_thickness-2-5-8","23":"pa_thickness-2-7-16-es-2","24":"pa_thickness-2-9-16","25":"pa_thickness-1661","26":"pa_width-18-1-4","27":"pa_width-18-3-4","28":"pa_width-18-3-8","29":"pa_width-18-5-8","30":"pa_width-18-7-8","31":"pa_width-18-1-2-2","32":"pa_width-19-1-4","33":"pa_width-19-1-8","34":"pa_width-1319","35":"desktop-align-left","36":"tablet-align-left","37":"mobile-align-left","39":"first","40":"instock","41":"sale","42":"featured","43":"shipping-taxable","44":"purchasable","45":"product-type-variable"},"yoast_head":"<!-- This site is optimized with the Yoast SEO plugin v27.2 - https:\/\/yoast.com\/product\/yoast-seo-wordpress\/ -->\n<title>Emery Black Angel II - Ride your life<\/title>\n<meta name=\"description\" content=\"Surf Shop | Buy Emery Black Angel II at the best price in Glassing Monkey Surf Factory | allround, Alto Rendimiento, Shortboard, Tablas de surf\" \/>\n<meta name=\"robots\" content=\"index, follow, max-snippet:-1, max-image-preview:large, max-video-preview:-1\" \/>\n<link rel=\"canonical\" href=\"https:\/\/glassingmonkey.com\/es\/product\/emery-black-angel-ii\/\" \/>\n<meta property=\"og:locale\" content=\"es_ES\" \/>\n<meta property=\"og:type\" content=\"article\" \/>\n<meta property=\"og:title\" content=\"Emery Black Angel II - Ride your life\" \/>\n<meta property=\"og:description\" content=\"Surf Shop | Buy Emery Black Angel II at the best price in Glassing Monkey Surf Factory | allround, Alto Rendimiento, Shortboard, Tablas de surf\" \/>\n<meta property=\"og:url\" content=\"https:\/\/glassingmonkey.com\/es\/product\/emery-black-angel-ii\/\" \/>\n<meta property=\"og:site_name\" content=\"Ride your life\" \/>\n<meta property=\"og:image\" content=\"https:\/\/glassingmonkey.com\/wp-content\/uploads\/2022\/02\/glassing-monkey-emery-surfboards-black-angel-ii.png\" \/>\n<meta name=\"twitter:card\" content=\"summary_large_image\" \/>\n<meta name=\"twitter:label1\" content=\"Tiempo de lectura\" \/>\n\t<meta name=\"twitter:data1\" content=\"1 minuto\" \/>\n<script type=\"application\/ld+json\" class=\"yoast-schema-graph\">{\"@context\":\"https:\/\/schema.org\",\"@graph\":[{\"@type\":\"WebPage\",\"@id\":\"https:\/\/glassingmonkey.com\/es\/product\/emery-black-angel-ii\/\",\"url\":\"https:\/\/glassingmonkey.com\/es\/product\/emery-black-angel-ii\/\",\"name\":\"Emery Black Angel II - Ride your life\",\"isPartOf\":{\"@id\":\"https:\/\/glassingmonkey.com\/es\/#website\"},\"primaryImageOfPage\":{\"@id\":\"https:\/\/glassingmonkey.com\/es\/product\/emery-black-angel-ii\/#primaryimage\"},\"image\":{\"@id\":\"https:\/\/glassingmonkey.com\/es\/product\/emery-black-angel-ii\/#primaryimage\"},\"thumbnailUrl\":\"https:\/\/glassingmonkey.com\/wp-content\/uploads\/2025\/05\/emery-surfboards-black-angel-ii.png\",\"datePublished\":\"2025-05-28T09:41:30+00:00\",\"description\":\"Surf Shop | Buy Emery Black Angel II at the best price in Glassing Monkey Surf Factory | allround, Alto Rendimiento, Shortboard, Tablas de surf\",\"breadcrumb\":{\"@id\":\"https:\/\/glassingmonkey.com\/es\/product\/emery-black-angel-ii\/#breadcrumb\"},\"inLanguage\":\"es\",\"potentialAction\":[{\"@type\":\"ReadAction\",\"target\":[\"https:\/\/glassingmonkey.com\/es\/product\/emery-black-angel-ii\/\"]}]},{\"@type\":\"ImageObject\",\"inLanguage\":\"es\",\"@id\":\"https:\/\/glassingmonkey.com\/es\/product\/emery-black-angel-ii\/#primaryimage\",\"url\":\"https:\/\/glassingmonkey.com\/wp-content\/uploads\/2025\/05\/emery-surfboards-black-angel-ii.png\",\"contentUrl\":\"https:\/\/glassingmonkey.com\/wp-content\/uploads\/2025\/05\/emery-surfboards-black-angel-ii.png\",\"width\":600,\"height\":750},{\"@type\":\"BreadcrumbList\",\"@id\":\"https:\/\/glassingmonkey.com\/es\/product\/emery-black-angel-ii\/#breadcrumb\",\"itemListElement\":[{\"@type\":\"ListItem\",\"position\":1,\"name\":\"Home\",\"item\":\"https:\/\/glassingmonkey.com\/es\/\"},{\"@type\":\"ListItem\",\"position\":2,\"name\":\"Tienda\",\"item\":\"https:\/\/glassingmonkey.com\/es\/tienda\/\"},{\"@type\":\"ListItem\",\"position\":3,\"name\":\"Emery Black Angel II\"}]},{\"@type\":\"WebSite\",\"@id\":\"https:\/\/glassingmonkey.com\/es\/#website\",\"url\":\"https:\/\/glassingmonkey.com\/es\/\",\"name\":\"Glassing Monkey\",\"description\":\"\",\"publisher\":{\"@id\":\"https:\/\/glassingmonkey.com\/es\/#organization\"},\"potentialAction\":[{\"@type\":\"SearchAction\",\"target\":{\"@type\":\"EntryPoint\",\"urlTemplate\":\"https:\/\/glassingmonkey.com\/es\/?s={search_term_string}\"},\"query-input\":{\"@type\":\"PropertyValueSpecification\",\"valueRequired\":true,\"valueName\":\"search_term_string\"}}],\"inLanguage\":\"es\"},{\"@type\":\"Organization\",\"@id\":\"https:\/\/glassingmonkey.com\/es\/#organization\",\"name\":\"Glassing Monkey\",\"url\":\"https:\/\/glassingmonkey.com\/es\/\",\"logo\":{\"@type\":\"ImageObject\",\"inLanguage\":\"es\",\"@id\":\"https:\/\/glassingmonkey.com\/es\/#\/schema\/logo\/image\/\",\"url\":\"https:\/\/glassingmonkey.com\/wp-content\/uploads\/2025\/06\/Glassing-monkey-surf-factory-surf-shop.webp\",\"contentUrl\":\"https:\/\/glassingmonkey.com\/wp-content\/uploads\/2025\/06\/Glassing-monkey-surf-factory-surf-shop.webp\",\"width\":786,\"height\":530,\"caption\":\"Glassing Monkey\"},\"image\":{\"@id\":\"https:\/\/glassingmonkey.com\/es\/#\/schema\/logo\/image\/\"},\"sameAs\":[\"https:\/\/www.instagram.com\/glassingmonkey\/\"]}]}<\/script>\n<!-- \/ Yoast SEO plugin. -->","yoast_head_json":{"title":"Emery Black Angel II - Ride your life","description":"Surf Shop | Buy Emery Black Angel II at the best price in Glassing Monkey Surf Factory | allround, Alto Rendimiento, Shortboard, Tablas de surf","robots":{"index":"index","follow":"follow","max-snippet":"max-snippet:-1","max-image-preview":"max-image-preview:large","max-video-preview":"max-video-preview:-1"},"canonical":"https:\/\/glassingmonkey.com\/es\/product\/emery-black-angel-ii\/","og_locale":"es_ES","og_type":"article","og_title":"Emery Black Angel II - Ride your life","og_description":"Surf Shop | Buy Emery Black Angel II at the best price in Glassing Monkey Surf Factory | allround, Alto Rendimiento, Shortboard, Tablas de surf","og_url":"https:\/\/glassingmonkey.com\/es\/product\/emery-black-angel-ii\/","og_site_name":"Ride your life","og_image":[{"url":"https:\/\/glassingmonkey.com\/wp-content\/uploads\/2022\/02\/glassing-monkey-emery-surfboards-black-angel-ii.png","type":"","width":"","height":""}],"twitter_card":"summary_large_image","twitter_misc":{"Tiempo de lectura":"1 minuto"},"schema":{"@context":"https:\/\/schema.org","@graph":[{"@type":"WebPage","@id":"https:\/\/glassingmonkey.com\/es\/product\/emery-black-angel-ii\/","url":"https:\/\/glassingmonkey.com\/es\/product\/emery-black-angel-ii\/","name":"Emery Black Angel II - Ride your life","isPartOf":{"@id":"https:\/\/glassingmonkey.com\/es\/#website"},"primaryImageOfPage":{"@id":"https:\/\/glassingmonkey.com\/es\/product\/emery-black-angel-ii\/#primaryimage"},"image":{"@id":"https:\/\/glassingmonkey.com\/es\/product\/emery-black-angel-ii\/#primaryimage"},"thumbnailUrl":"https:\/\/glassingmonkey.com\/wp-content\/uploads\/2025\/05\/emery-surfboards-black-angel-ii.png","datePublished":"2025-05-28T09:41:30+00:00","description":"Surf Shop | Buy Emery Black Angel II at the best price in Glassing Monkey Surf Factory | allround, Alto Rendimiento, Shortboard, Tablas de surf","breadcrumb":{"@id":"https:\/\/glassingmonkey.com\/es\/product\/emery-black-angel-ii\/#breadcrumb"},"inLanguage":"es","potentialAction":[{"@type":"ReadAction","target":["https:\/\/glassingmonkey.com\/es\/product\/emery-black-angel-ii\/"]}]},{"@type":"ImageObject","inLanguage":"es","@id":"https:\/\/glassingmonkey.com\/es\/product\/emery-black-angel-ii\/#primaryimage","url":"https:\/\/glassingmonkey.com\/wp-content\/uploads\/2025\/05\/emery-surfboards-black-angel-ii.png","contentUrl":"https:\/\/glassingmonkey.com\/wp-content\/uploads\/2025\/05\/emery-surfboards-black-angel-ii.png","width":600,"height":750},{"@type":"BreadcrumbList","@id":"https:\/\/glassingmonkey.com\/es\/product\/emery-black-angel-ii\/#breadcrumb","itemListElement":[{"@type":"ListItem","position":1,"name":"Home","item":"https:\/\/glassingmonkey.com\/es\/"},{"@type":"ListItem","position":2,"name":"Tienda","item":"https:\/\/glassingmonkey.com\/es\/tienda\/"},{"@type":"ListItem","position":3,"name":"Emery Black Angel II"}]},{"@type":"WebSite","@id":"https:\/\/glassingmonkey.com\/es\/#website","url":"https:\/\/glassingmonkey.com\/es\/","name":"Glassing Monkey","description":"","publisher":{"@id":"https:\/\/glassingmonkey.com\/es\/#organization"},"potentialAction":[{"@type":"SearchAction","target":{"@type":"EntryPoint","urlTemplate":"https:\/\/glassingmonkey.com\/es\/?s={search_term_string}"},"query-input":{"@type":"PropertyValueSpecification","valueRequired":true,"valueName":"search_term_string"}}],"inLanguage":"es"},{"@type":"Organization","@id":"https:\/\/glassingmonkey.com\/es\/#organization","name":"Glassing Monkey","url":"https:\/\/glassingmonkey.com\/es\/","logo":{"@type":"ImageObject","inLanguage":"es","@id":"https:\/\/glassingmonkey.com\/es\/#\/schema\/logo\/image\/","url":"https:\/\/glassingmonkey.com\/wp-content\/uploads\/2025\/06\/Glassing-monkey-surf-factory-surf-shop.webp","contentUrl":"https:\/\/glassingmonkey.com\/wp-content\/uploads\/2025\/06\/Glassing-monkey-surf-factory-surf-shop.webp","width":786,"height":530,"caption":"Glassing Monkey"},"image":{"@id":"https:\/\/glassingmonkey.com\/es\/#\/schema\/logo\/image\/"},"sameAs":["https:\/\/www.instagram.com\/glassingmonkey\/"]}]}},"_links":{"self":[{"href":"https:\/\/glassingmonkey.com\/es\/wp-json\/wp\/v2\/product\/27030","targetHints":{"allow":["GET"]}}],"collection":[{"href":"https:\/\/glassingmonkey.com\/es\/wp-json\/wp\/v2\/product"}],"about":[{"href":"https:\/\/glassingmonkey.com\/es\/wp-json\/wp\/v2\/types\/product"}],"replies":[{"embeddable":true,"href":"https:\/\/glassingmonkey.com\/es\/wp-json\/wp\/v2\/comments?post=27030"}],"wp:featuredmedia":[{"embeddable":true,"href":"https:\/\/glassingmonkey.com\/es\/wp-json\/wp\/v2\/media\/25246"}],"wp:attachment":[{"href":"https:\/\/glassingmonkey.com\/es\/wp-json\/wp\/v2\/media?parent=27030"}],"wp:term":[{"taxonomy":"product_brand","embeddable":true,"href":"https:\/\/glassingmonkey.com\/es\/wp-json\/wp\/v2\/product_brand?post=27030"},{"taxonomy":"product_cat","embeddable":true,"href":"https:\/\/glassingmonkey.com\/es\/wp-json\/wp\/v2\/product_cat?post=27030"},{"taxonomy":"product_tag","embeddable":true,"href":"https:\/\/glassingmonkey.com\/es\/wp-json\/wp\/v2\/product_tag?post=27030"}],"curies":[{"name":"wp","href":"https:\/\/api.w.org\/{rel}","templated":true}]}}