{"id":27190,"date":"2025-05-28T11:46:04","date_gmt":"2025-05-28T09:46:04","guid":{"rendered":"https:\/\/glassingmonkey.com\/product\/chemistry-chem-zenagain\/"},"modified":"2025-05-28T11:46:04","modified_gmt":"2025-05-28T09:46:04","slug":"chemistry-chem-zenagain","status":"publish","type":"product","link":"https:\/\/glassingmonkey.com\/es\/product\/chemistry-chem-zenagain\/","title":{"rendered":"Chemistry Chem Zenagain"},"content":{"rendered":"<p>Con la Chem Zenagain eliminamos el retro beak, a\u00f1adimos m\u00e1s rocker en el nose y en el tail y ensanchamos el tail block. Esto permite que la tabla encaje mejor en la curva de la ola y mantiene el tail suelto. Puedes elegir la Chem Zenagain con o sin 4 canales. <\/p>\n<p>Los 4 canales le dan a la tabla un poco m\u00e1s de agarre en la ola, pero no tanto como para impedir que puedas girarla con facilidad. La Chem Zenagain es una versi\u00f3n moderna de un dise\u00f1o probado que forma parte esencial de nuestra l\u00ednea desde 2010. <\/p>\n<p>Bottom contour: double concave a vee o 4 canales<\/p>\n<p>Tail: thumb, baby swallow<\/p>\n","protected":false},"excerpt":{"rendered":"<p>La Chem Zenagain naci\u00f3 del deseo de tomar nuestro modelo Chem Zen y darle una sensaci\u00f3n m\u00e1s propia de una shortboard fuera del tubo. Mantuvimos todo el volumen delantero que ten\u00eda la Chem Zen original en este modelo. <\/p>\n","protected":false},"featured_media":25558,"comment_status":"closed","ping_status":"closed","template":"","meta":{"site-sidebar-layout":"default","site-content-layout":"","ast-site-content-layout":"default","site-content-style":"default","site-sidebar-style":"default","ast-global-header-display":"","ast-banner-title-visibility":"","ast-main-header-display":"","ast-hfb-above-header-display":"","ast-hfb-below-header-display":"","ast-hfb-mobile-header-display":"","site-post-title":"","ast-breadcrumbs-content":"","ast-featured-img":"","footer-sml-layout":"","ast-disable-related-posts":"","theme-transparent-header-meta":"","adv-header-id-meta":"","stick-header-meta":"","header-above-stick-meta":"","header-main-stick-meta":"","header-below-stick-meta":"","astra-migrate-meta-layouts":"default","ast-page-background-enabled":"default","ast-page-background-meta":{"desktop":{"background-color":"var(--ast-global-color-5)","background-image":"","background-repeat":"repeat","background-position":"center center","background-size":"auto","background-attachment":"scroll","background-type":"","background-media":"","overlay-type":"","overlay-color":"","overlay-opacity":"","overlay-gradient":""},"tablet":{"background-color":"","background-image":"","background-repeat":"repeat","background-position":"center center","background-size":"auto","background-attachment":"scroll","background-type":"","background-media":"","overlay-type":"","overlay-color":"","overlay-opacity":"","overlay-gradient":""},"mobile":{"background-color":"","background-image":"","background-repeat":"repeat","background-position":"center center","background-size":"auto","background-attachment":"scroll","background-type":"","background-media":"","overlay-type":"","overlay-color":"","overlay-opacity":"","overlay-gradient":""}},"ast-content-background-meta":{"desktop":{"background-color":"var(--ast-global-color-4)","background-image":"","background-repeat":"repeat","background-position":"center center","background-size":"auto","background-attachment":"scroll","background-type":"","background-media":"","overlay-type":"","overlay-color":"","overlay-opacity":"","overlay-gradient":""},"tablet":{"background-color":"var(--ast-global-color-4)","background-image":"","background-repeat":"repeat","background-position":"center center","background-size":"auto","background-attachment":"scroll","background-type":"","background-media":"","overlay-type":"","overlay-color":"","overlay-opacity":"","overlay-gradient":""},"mobile":{"background-color":"var(--ast-global-color-4)","background-image":"","background-repeat":"repeat","background-position":"center center","background-size":"auto","background-attachment":"scroll","background-type":"","background-media":"","overlay-type":"","overlay-color":"","overlay-opacity":"","overlay-gradient":""}}},"product_brand":[1261],"product_cat":[1259,1631,1196],"product_tag":[1380],"class_list":{"0":"post-27190","1":"product","2":"type-product","3":"status-publish","4":"has-post-thumbnail","6":"product_brand-chemistry-surfboards","7":"product_cat-specials","8":"product_cat-tablas-de-surf","9":"product_cat-tablas-de-surf-es","10":"product_tag-specialty","11":"product_shipping_class-tablas-hasta-66-es","12":"pa_model-chem-zenagain","13":"pa_thickness-2-1-2-es-2","14":"pa_thickness-2-1-4","15":"pa_thickness-2-11-16","16":"pa_thickness-2-13-16","17":"pa_thickness-2-3-16","18":"pa_thickness-2-3-4","19":"pa_thickness-2-3-8-es-2","20":"pa_thickness-2-5-16-es-2","21":"pa_thickness-2-5-8","22":"pa_thickness-2-9-16","23":"pa_thickness-1394","24":"pa_width-18-7-8","25":"pa_width-19-1-2","26":"pa_width-19-1-8","27":"pa_width-19-3-4-2","28":"pa_width-19-3-8","29":"pa_width-19-5-16","30":"pa_width-19-5-8","31":"pa_width-19-7-8-es-2","32":"pa_width-1319","33":"pa_width-20-1-2-es-2","34":"pa_width-20-1-4-es-2","35":"pa_width-20-3-4-es-2","36":"pa_width-20-3-8","37":"pa_width-1305","38":"pa_width-1320","39":"pa_width-21-3-8-2","40":"pa_width-1287","41":"desktop-align-left","42":"tablet-align-left","43":"mobile-align-left","45":"first","46":"instock","47":"shipping-taxable","48":"purchasable","49":"product-type-variable"},"yoast_head":"<!-- This site is optimized with the Yoast SEO plugin v27.2 - https:\/\/yoast.com\/product\/yoast-seo-wordpress\/ -->\n<title>Chemistry Chem Zenagain - Ride your life<\/title>\n<meta name=\"robots\" content=\"index, follow, max-snippet:-1, max-image-preview:large, max-video-preview:-1\" \/>\n<link rel=\"canonical\" href=\"https:\/\/glassingmonkey.com\/es\/product\/chemistry-chem-zenagain\/\" \/>\n<meta property=\"og:locale\" content=\"es_ES\" \/>\n<meta property=\"og:type\" content=\"article\" \/>\n<meta property=\"og:title\" content=\"Chemistry Chem Zenagain - Ride your life\" \/>\n<meta property=\"og:description\" content=\"La Chem Zenagain naci\u00f3 del deseo de tomar nuestro modelo Chem Zen y darle una sensaci\u00f3n m\u00e1s propia de una shortboard fuera del tubo. Mantuvimos todo el volumen delantero que ten\u00eda la Chem Zen original en este modelo.\" \/>\n<meta property=\"og:url\" content=\"https:\/\/glassingmonkey.com\/es\/product\/chemistry-chem-zenagain\/\" \/>\n<meta property=\"og:site_name\" content=\"Ride your life\" \/>\n<meta property=\"og:image\" content=\"https:\/\/glassingmonkey.com\/wp-content\/uploads\/2022\/05\/glassing-monkey-chemistry-surfboards-chem-zenagain.png\" \/>\n<meta name=\"twitter:card\" content=\"summary_large_image\" \/>\n<meta name=\"twitter:label1\" content=\"Tiempo de lectura\" \/>\n\t<meta name=\"twitter:data1\" content=\"1 minuto\" \/>\n<script type=\"application\/ld+json\" class=\"yoast-schema-graph\">{\"@context\":\"https:\/\/schema.org\",\"@graph\":[{\"@type\":\"WebPage\",\"@id\":\"https:\/\/glassingmonkey.com\/es\/product\/chemistry-chem-zenagain\/\",\"url\":\"https:\/\/glassingmonkey.com\/es\/product\/chemistry-chem-zenagain\/\",\"name\":\"Chemistry Chem Zenagain - Ride your life\",\"isPartOf\":{\"@id\":\"https:\/\/glassingmonkey.com\/es\/#website\"},\"primaryImageOfPage\":{\"@id\":\"https:\/\/glassingmonkey.com\/es\/product\/chemistry-chem-zenagain\/#primaryimage\"},\"image\":{\"@id\":\"https:\/\/glassingmonkey.com\/es\/product\/chemistry-chem-zenagain\/#primaryimage\"},\"thumbnailUrl\":\"https:\/\/glassingmonkey.com\/wp-content\/uploads\/2025\/05\/chemistry-surfboards-chem-zenagain.png\",\"datePublished\":\"2025-05-28T09:46:04+00:00\",\"breadcrumb\":{\"@id\":\"https:\/\/glassingmonkey.com\/es\/product\/chemistry-chem-zenagain\/#breadcrumb\"},\"inLanguage\":\"es\",\"potentialAction\":[{\"@type\":\"ReadAction\",\"target\":[\"https:\/\/glassingmonkey.com\/es\/product\/chemistry-chem-zenagain\/\"]}]},{\"@type\":\"ImageObject\",\"inLanguage\":\"es\",\"@id\":\"https:\/\/glassingmonkey.com\/es\/product\/chemistry-chem-zenagain\/#primaryimage\",\"url\":\"https:\/\/glassingmonkey.com\/wp-content\/uploads\/2025\/05\/chemistry-surfboards-chem-zenagain.png\",\"contentUrl\":\"https:\/\/glassingmonkey.com\/wp-content\/uploads\/2025\/05\/chemistry-surfboards-chem-zenagain.png\",\"width\":600,\"height\":750},{\"@type\":\"BreadcrumbList\",\"@id\":\"https:\/\/glassingmonkey.com\/es\/product\/chemistry-chem-zenagain\/#breadcrumb\",\"itemListElement\":[{\"@type\":\"ListItem\",\"position\":1,\"name\":\"Home\",\"item\":\"https:\/\/glassingmonkey.com\/es\/\"},{\"@type\":\"ListItem\",\"position\":2,\"name\":\"Tienda\",\"item\":\"https:\/\/glassingmonkey.com\/es\/tienda\/\"},{\"@type\":\"ListItem\",\"position\":3,\"name\":\"Chemistry Chem Zenagain\"}]},{\"@type\":\"WebSite\",\"@id\":\"https:\/\/glassingmonkey.com\/es\/#website\",\"url\":\"https:\/\/glassingmonkey.com\/es\/\",\"name\":\"Glassing Monkey\",\"description\":\"\",\"publisher\":{\"@id\":\"https:\/\/glassingmonkey.com\/es\/#organization\"},\"potentialAction\":[{\"@type\":\"SearchAction\",\"target\":{\"@type\":\"EntryPoint\",\"urlTemplate\":\"https:\/\/glassingmonkey.com\/es\/?s={search_term_string}\"},\"query-input\":{\"@type\":\"PropertyValueSpecification\",\"valueRequired\":true,\"valueName\":\"search_term_string\"}}],\"inLanguage\":\"es\"},{\"@type\":\"Organization\",\"@id\":\"https:\/\/glassingmonkey.com\/es\/#organization\",\"name\":\"Glassing Monkey\",\"url\":\"https:\/\/glassingmonkey.com\/es\/\",\"logo\":{\"@type\":\"ImageObject\",\"inLanguage\":\"es\",\"@id\":\"https:\/\/glassingmonkey.com\/es\/#\/schema\/logo\/image\/\",\"url\":\"https:\/\/glassingmonkey.com\/wp-content\/uploads\/2025\/06\/Glassing-monkey-surf-factory-surf-shop.webp\",\"contentUrl\":\"https:\/\/glassingmonkey.com\/wp-content\/uploads\/2025\/06\/Glassing-monkey-surf-factory-surf-shop.webp\",\"width\":786,\"height\":530,\"caption\":\"Glassing Monkey\"},\"image\":{\"@id\":\"https:\/\/glassingmonkey.com\/es\/#\/schema\/logo\/image\/\"},\"sameAs\":[\"https:\/\/www.instagram.com\/glassingmonkey\/\"]}]}<\/script>\n<!-- \/ Yoast SEO plugin. -->","yoast_head_json":{"title":"Chemistry Chem Zenagain - Ride your life","robots":{"index":"index","follow":"follow","max-snippet":"max-snippet:-1","max-image-preview":"max-image-preview:large","max-video-preview":"max-video-preview:-1"},"canonical":"https:\/\/glassingmonkey.com\/es\/product\/chemistry-chem-zenagain\/","og_locale":"es_ES","og_type":"article","og_title":"Chemistry Chem Zenagain - Ride your life","og_description":"La Chem Zenagain naci\u00f3 del deseo de tomar nuestro modelo Chem Zen y darle una sensaci\u00f3n m\u00e1s propia de una shortboard fuera del tubo. Mantuvimos todo el volumen delantero que ten\u00eda la Chem Zen original en este modelo.","og_url":"https:\/\/glassingmonkey.com\/es\/product\/chemistry-chem-zenagain\/","og_site_name":"Ride your life","og_image":[{"url":"https:\/\/glassingmonkey.com\/wp-content\/uploads\/2022\/05\/glassing-monkey-chemistry-surfboards-chem-zenagain.png","type":"","width":"","height":""}],"twitter_card":"summary_large_image","twitter_misc":{"Tiempo de lectura":"1 minuto"},"schema":{"@context":"https:\/\/schema.org","@graph":[{"@type":"WebPage","@id":"https:\/\/glassingmonkey.com\/es\/product\/chemistry-chem-zenagain\/","url":"https:\/\/glassingmonkey.com\/es\/product\/chemistry-chem-zenagain\/","name":"Chemistry Chem Zenagain - Ride your life","isPartOf":{"@id":"https:\/\/glassingmonkey.com\/es\/#website"},"primaryImageOfPage":{"@id":"https:\/\/glassingmonkey.com\/es\/product\/chemistry-chem-zenagain\/#primaryimage"},"image":{"@id":"https:\/\/glassingmonkey.com\/es\/product\/chemistry-chem-zenagain\/#primaryimage"},"thumbnailUrl":"https:\/\/glassingmonkey.com\/wp-content\/uploads\/2025\/05\/chemistry-surfboards-chem-zenagain.png","datePublished":"2025-05-28T09:46:04+00:00","breadcrumb":{"@id":"https:\/\/glassingmonkey.com\/es\/product\/chemistry-chem-zenagain\/#breadcrumb"},"inLanguage":"es","potentialAction":[{"@type":"ReadAction","target":["https:\/\/glassingmonkey.com\/es\/product\/chemistry-chem-zenagain\/"]}]},{"@type":"ImageObject","inLanguage":"es","@id":"https:\/\/glassingmonkey.com\/es\/product\/chemistry-chem-zenagain\/#primaryimage","url":"https:\/\/glassingmonkey.com\/wp-content\/uploads\/2025\/05\/chemistry-surfboards-chem-zenagain.png","contentUrl":"https:\/\/glassingmonkey.com\/wp-content\/uploads\/2025\/05\/chemistry-surfboards-chem-zenagain.png","width":600,"height":750},{"@type":"BreadcrumbList","@id":"https:\/\/glassingmonkey.com\/es\/product\/chemistry-chem-zenagain\/#breadcrumb","itemListElement":[{"@type":"ListItem","position":1,"name":"Home","item":"https:\/\/glassingmonkey.com\/es\/"},{"@type":"ListItem","position":2,"name":"Tienda","item":"https:\/\/glassingmonkey.com\/es\/tienda\/"},{"@type":"ListItem","position":3,"name":"Chemistry Chem Zenagain"}]},{"@type":"WebSite","@id":"https:\/\/glassingmonkey.com\/es\/#website","url":"https:\/\/glassingmonkey.com\/es\/","name":"Glassing Monkey","description":"","publisher":{"@id":"https:\/\/glassingmonkey.com\/es\/#organization"},"potentialAction":[{"@type":"SearchAction","target":{"@type":"EntryPoint","urlTemplate":"https:\/\/glassingmonkey.com\/es\/?s={search_term_string}"},"query-input":{"@type":"PropertyValueSpecification","valueRequired":true,"valueName":"search_term_string"}}],"inLanguage":"es"},{"@type":"Organization","@id":"https:\/\/glassingmonkey.com\/es\/#organization","name":"Glassing Monkey","url":"https:\/\/glassingmonkey.com\/es\/","logo":{"@type":"ImageObject","inLanguage":"es","@id":"https:\/\/glassingmonkey.com\/es\/#\/schema\/logo\/image\/","url":"https:\/\/glassingmonkey.com\/wp-content\/uploads\/2025\/06\/Glassing-monkey-surf-factory-surf-shop.webp","contentUrl":"https:\/\/glassingmonkey.com\/wp-content\/uploads\/2025\/06\/Glassing-monkey-surf-factory-surf-shop.webp","width":786,"height":530,"caption":"Glassing Monkey"},"image":{"@id":"https:\/\/glassingmonkey.com\/es\/#\/schema\/logo\/image\/"},"sameAs":["https:\/\/www.instagram.com\/glassingmonkey\/"]}]}},"_links":{"self":[{"href":"https:\/\/glassingmonkey.com\/es\/wp-json\/wp\/v2\/product\/27190","targetHints":{"allow":["GET"]}}],"collection":[{"href":"https:\/\/glassingmonkey.com\/es\/wp-json\/wp\/v2\/product"}],"about":[{"href":"https:\/\/glassingmonkey.com\/es\/wp-json\/wp\/v2\/types\/product"}],"replies":[{"embeddable":true,"href":"https:\/\/glassingmonkey.com\/es\/wp-json\/wp\/v2\/comments?post=27190"}],"wp:featuredmedia":[{"embeddable":true,"href":"https:\/\/glassingmonkey.com\/es\/wp-json\/wp\/v2\/media\/25558"}],"wp:attachment":[{"href":"https:\/\/glassingmonkey.com\/es\/wp-json\/wp\/v2\/media?parent=27190"}],"wp:term":[{"taxonomy":"product_brand","embeddable":true,"href":"https:\/\/glassingmonkey.com\/es\/wp-json\/wp\/v2\/product_brand?post=27190"},{"taxonomy":"product_cat","embeddable":true,"href":"https:\/\/glassingmonkey.com\/es\/wp-json\/wp\/v2\/product_cat?post=27190"},{"taxonomy":"product_tag","embeddable":true,"href":"https:\/\/glassingmonkey.com\/es\/wp-json\/wp\/v2\/product_tag?post=27190"}],"curies":[{"name":"wp","href":"https:\/\/api.w.org\/{rel}","templated":true}]}}