{"id":27301,"date":"2025-05-28T11:45:33","date_gmt":"2025-05-28T09:45:33","guid":{"rendered":"https:\/\/glassingmonkey.com\/product\/chemistry-liquid-sword\/"},"modified":"2025-05-28T11:45:33","modified_gmt":"2025-05-28T09:45:33","slug":"chemistry-liquid-sword","status":"publish","type":"product","link":"https:\/\/glassingmonkey.com\/es\/product\/chemistry-liquid-sword\/","title":{"rendered":"Chemistry Liquid Sword"},"content":{"rendered":"<p>Tambi\u00e9n estrechamos el ancho del nose en 1\/4\u2033 en comparaci\u00f3n con el modelo Lights Out. Recomendamos este modelo para olas desde la cintura hasta por encima de la cabeza. <\/p>\n<p>Con estos peque\u00f1os ajustes y el feedback positivo de profesionales durante todo el a\u00f1o, estamos orgullosos de lanzar esta blade para que el p\u00fablico pueda disfrutarla.<\/p>\n","protected":false},"excerpt":{"rendered":"<p>La Liquid Sword est\u00e1 basada en nuestro modelo de alto rendimiento m\u00e1s popular, la Lights Out. Tomamos el concepto general del Lights Out y lo modificamos hasta alcanzar la perfecci\u00f3n. <\/p>\n<p>Primero, relajamos el rocker de toda la tabla; al hacerlo descubrimos que gana velocidad con facilidad y rinde mejor en el surf del d\u00eda a d\u00eda.<\/p>\n","protected":false},"featured_media":25534,"comment_status":"closed","ping_status":"closed","template":"","meta":{"site-sidebar-layout":"default","site-content-layout":"","ast-site-content-layout":"default","site-content-style":"default","site-sidebar-style":"default","ast-global-header-display":"","ast-banner-title-visibility":"","ast-main-header-display":"","ast-hfb-above-header-display":"","ast-hfb-below-header-display":"","ast-hfb-mobile-header-display":"","site-post-title":"","ast-breadcrumbs-content":"","ast-featured-img":"","footer-sml-layout":"","ast-disable-related-posts":"","theme-transparent-header-meta":"","adv-header-id-meta":"","stick-header-meta":"","header-above-stick-meta":"","header-main-stick-meta":"","header-below-stick-meta":"","astra-migrate-meta-layouts":"default","ast-page-background-enabled":"default","ast-page-background-meta":{"desktop":{"background-color":"var(--ast-global-color-5)","background-image":"","background-repeat":"repeat","background-position":"center center","background-size":"auto","background-attachment":"scroll","background-type":"","background-media":"","overlay-type":"","overlay-color":"","overlay-opacity":"","overlay-gradient":""},"tablet":{"background-color":"","background-image":"","background-repeat":"repeat","background-position":"center center","background-size":"auto","background-attachment":"scroll","background-type":"","background-media":"","overlay-type":"","overlay-color":"","overlay-opacity":"","overlay-gradient":""},"mobile":{"background-color":"","background-image":"","background-repeat":"repeat","background-position":"center center","background-size":"auto","background-attachment":"scroll","background-type":"","background-media":"","overlay-type":"","overlay-color":"","overlay-opacity":"","overlay-gradient":""}},"ast-content-background-meta":{"desktop":{"background-color":"var(--ast-global-color-4)","background-image":"","background-repeat":"repeat","background-position":"center center","background-size":"auto","background-attachment":"scroll","background-type":"","background-media":"","overlay-type":"","overlay-color":"","overlay-opacity":"","overlay-gradient":""},"tablet":{"background-color":"var(--ast-global-color-4)","background-image":"","background-repeat":"repeat","background-position":"center center","background-size":"auto","background-attachment":"scroll","background-type":"","background-media":"","overlay-type":"","overlay-color":"","overlay-opacity":"","overlay-gradient":""},"mobile":{"background-color":"var(--ast-global-color-4)","background-image":"","background-repeat":"repeat","background-position":"center center","background-size":"auto","background-attachment":"scroll","background-type":"","background-media":"","overlay-type":"","overlay-color":"","overlay-opacity":"","overlay-gradient":""}}},"product_brand":[1261],"product_cat":[1215,1631,1196],"product_tag":[1218],"class_list":{"0":"post-27301","1":"product","2":"type-product","3":"status-publish","4":"has-post-thumbnail","6":"product_brand-chemistry-surfboards","7":"product_cat-high-performance-es","8":"product_cat-tablas-de-surf","9":"product_cat-tablas-de-surf-es","10":"product_tag-high-performance-es","11":"product_shipping_class-tablas-hasta-66-es","12":"pa_model-liquid-sword","13":"pa_thickness-1-1-2","14":"pa_thickness-1-7-8","15":"pa_thickness-2-1-16","16":"pa_thickness-2-1-2-es-2","17":"pa_thickness-2-1-4","18":"pa_thickness-2-1-8","19":"pa_thickness-2-11-16","20":"pa_thickness-2-3-16","21":"pa_thickness-2-3-8-es-2","22":"pa_thickness-2-5-16-es-2","23":"pa_thickness-2-5-8","24":"pa_thickness-2-7-16-es-2","25":"pa_thickness-2-7-8","26":"pa_thickness-1661","27":"pa_width-15-1-2","28":"pa_width-16-1-2","29":"pa_width-16-3-4","30":"pa_width-17-3-4","31":"pa_width-17-3-8","32":"pa_width-1668","33":"pa_width-18-1-4","34":"pa_width-18-3-4","35":"pa_width-18-3-8","36":"pa_width-18-5-8","37":"pa_width-18-7-16","38":"pa_width-18-1-2-2","39":"pa_width-1451","40":"pa_width-19-1-2","41":"pa_width-19-1-8","42":"pa_width-19-3-4-2","43":"pa_width-19-3-8","44":"pa_width-19-5-8","45":"pa_width-1319","46":"pa_width-20-1-2-es-2","47":"pa_width-1305","48":"pa_width-1320","49":"desktop-align-left","50":"tablet-align-left","51":"mobile-align-left","53":"first","54":"instock","55":"shipping-taxable","56":"purchasable","57":"product-type-variable"},"yoast_head":"<!-- This site is optimized with the Yoast SEO plugin v27.2 - https:\/\/yoast.com\/product\/yoast-seo-wordpress\/ -->\n<title>Chemistry Liquid Sword - Ride your life<\/title>\n<meta name=\"robots\" content=\"index, follow, max-snippet:-1, max-image-preview:large, max-video-preview:-1\" \/>\n<link rel=\"canonical\" href=\"https:\/\/glassingmonkey.com\/es\/product\/chemistry-liquid-sword\/\" \/>\n<meta property=\"og:locale\" content=\"es_ES\" \/>\n<meta property=\"og:type\" content=\"article\" \/>\n<meta property=\"og:title\" content=\"Chemistry Liquid Sword - Ride your life\" \/>\n<meta property=\"og:description\" content=\"La Liquid Sword est\u00e1 basada en nuestro modelo de alto rendimiento m\u00e1s popular, la Lights Out. Tomamos el concepto general del Lights Out y lo modificamos hasta alcanzar la perfecci\u00f3n.   Primero, relajamos el rocker de toda la tabla; al hacerlo descubrimos que gana velocidad con facilidad y rinde mejor en el surf del d\u00eda a d\u00eda.\" \/>\n<meta property=\"og:url\" content=\"https:\/\/glassingmonkey.com\/es\/product\/chemistry-liquid-sword\/\" \/>\n<meta property=\"og:site_name\" content=\"Ride your life\" \/>\n<meta property=\"og:image\" content=\"https:\/\/glassingmonkey.com\/wp-content\/uploads\/2022\/05\/glassing-monkey-chemistry-surfboards-liquidsword.png\" \/>\n<meta name=\"twitter:card\" content=\"summary_large_image\" \/>\n<script type=\"application\/ld+json\" class=\"yoast-schema-graph\">{\"@context\":\"https:\/\/schema.org\",\"@graph\":[{\"@type\":\"WebPage\",\"@id\":\"https:\/\/glassingmonkey.com\/es\/product\/chemistry-liquid-sword\/\",\"url\":\"https:\/\/glassingmonkey.com\/es\/product\/chemistry-liquid-sword\/\",\"name\":\"Chemistry Liquid Sword - Ride your life\",\"isPartOf\":{\"@id\":\"https:\/\/glassingmonkey.com\/es\/#website\"},\"primaryImageOfPage\":{\"@id\":\"https:\/\/glassingmonkey.com\/es\/product\/chemistry-liquid-sword\/#primaryimage\"},\"image\":{\"@id\":\"https:\/\/glassingmonkey.com\/es\/product\/chemistry-liquid-sword\/#primaryimage\"},\"thumbnailUrl\":\"https:\/\/glassingmonkey.com\/wp-content\/uploads\/2025\/05\/chemistry-surfboards-liquidsword.png\",\"datePublished\":\"2025-05-28T09:45:33+00:00\",\"breadcrumb\":{\"@id\":\"https:\/\/glassingmonkey.com\/es\/product\/chemistry-liquid-sword\/#breadcrumb\"},\"inLanguage\":\"es\",\"potentialAction\":[{\"@type\":\"ReadAction\",\"target\":[\"https:\/\/glassingmonkey.com\/es\/product\/chemistry-liquid-sword\/\"]}]},{\"@type\":\"ImageObject\",\"inLanguage\":\"es\",\"@id\":\"https:\/\/glassingmonkey.com\/es\/product\/chemistry-liquid-sword\/#primaryimage\",\"url\":\"https:\/\/glassingmonkey.com\/wp-content\/uploads\/2025\/05\/chemistry-surfboards-liquidsword.png\",\"contentUrl\":\"https:\/\/glassingmonkey.com\/wp-content\/uploads\/2025\/05\/chemistry-surfboards-liquidsword.png\",\"width\":600,\"height\":750},{\"@type\":\"BreadcrumbList\",\"@id\":\"https:\/\/glassingmonkey.com\/es\/product\/chemistry-liquid-sword\/#breadcrumb\",\"itemListElement\":[{\"@type\":\"ListItem\",\"position\":1,\"name\":\"Home\",\"item\":\"https:\/\/glassingmonkey.com\/es\/\"},{\"@type\":\"ListItem\",\"position\":2,\"name\":\"Tienda\",\"item\":\"https:\/\/glassingmonkey.com\/es\/tienda\/\"},{\"@type\":\"ListItem\",\"position\":3,\"name\":\"Chemistry Liquid Sword\"}]},{\"@type\":\"WebSite\",\"@id\":\"https:\/\/glassingmonkey.com\/es\/#website\",\"url\":\"https:\/\/glassingmonkey.com\/es\/\",\"name\":\"Glassing Monkey\",\"description\":\"\",\"publisher\":{\"@id\":\"https:\/\/glassingmonkey.com\/es\/#organization\"},\"potentialAction\":[{\"@type\":\"SearchAction\",\"target\":{\"@type\":\"EntryPoint\",\"urlTemplate\":\"https:\/\/glassingmonkey.com\/es\/?s={search_term_string}\"},\"query-input\":{\"@type\":\"PropertyValueSpecification\",\"valueRequired\":true,\"valueName\":\"search_term_string\"}}],\"inLanguage\":\"es\"},{\"@type\":\"Organization\",\"@id\":\"https:\/\/glassingmonkey.com\/es\/#organization\",\"name\":\"Glassing Monkey\",\"url\":\"https:\/\/glassingmonkey.com\/es\/\",\"logo\":{\"@type\":\"ImageObject\",\"inLanguage\":\"es\",\"@id\":\"https:\/\/glassingmonkey.com\/es\/#\/schema\/logo\/image\/\",\"url\":\"https:\/\/glassingmonkey.com\/wp-content\/uploads\/2025\/06\/Glassing-monkey-surf-factory-surf-shop.webp\",\"contentUrl\":\"https:\/\/glassingmonkey.com\/wp-content\/uploads\/2025\/06\/Glassing-monkey-surf-factory-surf-shop.webp\",\"width\":786,\"height\":530,\"caption\":\"Glassing Monkey\"},\"image\":{\"@id\":\"https:\/\/glassingmonkey.com\/es\/#\/schema\/logo\/image\/\"},\"sameAs\":[\"https:\/\/www.instagram.com\/glassingmonkey\/\"]}]}<\/script>\n<!-- \/ Yoast SEO plugin. -->","yoast_head_json":{"title":"Chemistry Liquid Sword - Ride your life","robots":{"index":"index","follow":"follow","max-snippet":"max-snippet:-1","max-image-preview":"max-image-preview:large","max-video-preview":"max-video-preview:-1"},"canonical":"https:\/\/glassingmonkey.com\/es\/product\/chemistry-liquid-sword\/","og_locale":"es_ES","og_type":"article","og_title":"Chemistry Liquid Sword - Ride your life","og_description":"La Liquid Sword est\u00e1 basada en nuestro modelo de alto rendimiento m\u00e1s popular, la Lights Out. Tomamos el concepto general del Lights Out y lo modificamos hasta alcanzar la perfecci\u00f3n.   Primero, relajamos el rocker de toda la tabla; al hacerlo descubrimos que gana velocidad con facilidad y rinde mejor en el surf del d\u00eda a d\u00eda.","og_url":"https:\/\/glassingmonkey.com\/es\/product\/chemistry-liquid-sword\/","og_site_name":"Ride your life","og_image":[{"url":"https:\/\/glassingmonkey.com\/wp-content\/uploads\/2022\/05\/glassing-monkey-chemistry-surfboards-liquidsword.png","type":"","width":"","height":""}],"twitter_card":"summary_large_image","schema":{"@context":"https:\/\/schema.org","@graph":[{"@type":"WebPage","@id":"https:\/\/glassingmonkey.com\/es\/product\/chemistry-liquid-sword\/","url":"https:\/\/glassingmonkey.com\/es\/product\/chemistry-liquid-sword\/","name":"Chemistry Liquid Sword - Ride your life","isPartOf":{"@id":"https:\/\/glassingmonkey.com\/es\/#website"},"primaryImageOfPage":{"@id":"https:\/\/glassingmonkey.com\/es\/product\/chemistry-liquid-sword\/#primaryimage"},"image":{"@id":"https:\/\/glassingmonkey.com\/es\/product\/chemistry-liquid-sword\/#primaryimage"},"thumbnailUrl":"https:\/\/glassingmonkey.com\/wp-content\/uploads\/2025\/05\/chemistry-surfboards-liquidsword.png","datePublished":"2025-05-28T09:45:33+00:00","breadcrumb":{"@id":"https:\/\/glassingmonkey.com\/es\/product\/chemistry-liquid-sword\/#breadcrumb"},"inLanguage":"es","potentialAction":[{"@type":"ReadAction","target":["https:\/\/glassingmonkey.com\/es\/product\/chemistry-liquid-sword\/"]}]},{"@type":"ImageObject","inLanguage":"es","@id":"https:\/\/glassingmonkey.com\/es\/product\/chemistry-liquid-sword\/#primaryimage","url":"https:\/\/glassingmonkey.com\/wp-content\/uploads\/2025\/05\/chemistry-surfboards-liquidsword.png","contentUrl":"https:\/\/glassingmonkey.com\/wp-content\/uploads\/2025\/05\/chemistry-surfboards-liquidsword.png","width":600,"height":750},{"@type":"BreadcrumbList","@id":"https:\/\/glassingmonkey.com\/es\/product\/chemistry-liquid-sword\/#breadcrumb","itemListElement":[{"@type":"ListItem","position":1,"name":"Home","item":"https:\/\/glassingmonkey.com\/es\/"},{"@type":"ListItem","position":2,"name":"Tienda","item":"https:\/\/glassingmonkey.com\/es\/tienda\/"},{"@type":"ListItem","position":3,"name":"Chemistry Liquid Sword"}]},{"@type":"WebSite","@id":"https:\/\/glassingmonkey.com\/es\/#website","url":"https:\/\/glassingmonkey.com\/es\/","name":"Glassing Monkey","description":"","publisher":{"@id":"https:\/\/glassingmonkey.com\/es\/#organization"},"potentialAction":[{"@type":"SearchAction","target":{"@type":"EntryPoint","urlTemplate":"https:\/\/glassingmonkey.com\/es\/?s={search_term_string}"},"query-input":{"@type":"PropertyValueSpecification","valueRequired":true,"valueName":"search_term_string"}}],"inLanguage":"es"},{"@type":"Organization","@id":"https:\/\/glassingmonkey.com\/es\/#organization","name":"Glassing Monkey","url":"https:\/\/glassingmonkey.com\/es\/","logo":{"@type":"ImageObject","inLanguage":"es","@id":"https:\/\/glassingmonkey.com\/es\/#\/schema\/logo\/image\/","url":"https:\/\/glassingmonkey.com\/wp-content\/uploads\/2025\/06\/Glassing-monkey-surf-factory-surf-shop.webp","contentUrl":"https:\/\/glassingmonkey.com\/wp-content\/uploads\/2025\/06\/Glassing-monkey-surf-factory-surf-shop.webp","width":786,"height":530,"caption":"Glassing Monkey"},"image":{"@id":"https:\/\/glassingmonkey.com\/es\/#\/schema\/logo\/image\/"},"sameAs":["https:\/\/www.instagram.com\/glassingmonkey\/"]}]}},"_links":{"self":[{"href":"https:\/\/glassingmonkey.com\/es\/wp-json\/wp\/v2\/product\/27301","targetHints":{"allow":["GET"]}}],"collection":[{"href":"https:\/\/glassingmonkey.com\/es\/wp-json\/wp\/v2\/product"}],"about":[{"href":"https:\/\/glassingmonkey.com\/es\/wp-json\/wp\/v2\/types\/product"}],"replies":[{"embeddable":true,"href":"https:\/\/glassingmonkey.com\/es\/wp-json\/wp\/v2\/comments?post=27301"}],"wp:featuredmedia":[{"embeddable":true,"href":"https:\/\/glassingmonkey.com\/es\/wp-json\/wp\/v2\/media\/25534"}],"wp:attachment":[{"href":"https:\/\/glassingmonkey.com\/es\/wp-json\/wp\/v2\/media?parent=27301"}],"wp:term":[{"taxonomy":"product_brand","embeddable":true,"href":"https:\/\/glassingmonkey.com\/es\/wp-json\/wp\/v2\/product_brand?post=27301"},{"taxonomy":"product_cat","embeddable":true,"href":"https:\/\/glassingmonkey.com\/es\/wp-json\/wp\/v2\/product_cat?post=27301"},{"taxonomy":"product_tag","embeddable":true,"href":"https:\/\/glassingmonkey.com\/es\/wp-json\/wp\/v2\/product_tag?post=27301"}],"curies":[{"name":"wp","href":"https:\/\/api.w.org\/{rel}","templated":true}]}}