{"id":27437,"date":"2025-05-28T11:45:09","date_gmt":"2025-05-28T09:45:09","guid":{"rendered":"https:\/\/glassingmonkey.com\/product\/chemistry-holiday\/"},"modified":"2025-05-28T11:45:09","modified_gmt":"2025-05-28T09:45:09","slug":"chemistry-holiday","status":"publish","type":"product","link":"https:\/\/glassingmonkey.com\/es\/product\/chemistry-holiday\/","title":{"rendered":"Chemistry Holiday"},"content":{"rendered":"<p>Esto ayuda a que la tabla cambie de canto a canto con facilidad, aport\u00e1ndole agarre para que no se sienta demasiado suelta.<\/p>\n<p>La Holiday tiene un rocker suave, un nose m\u00e1s ancho y el midpoint adelantado, lo que la convierte en una excelente tabla para remar, apta para surfistas de todos los niveles.<\/p>\n<p>Esta tabla puede pedirse con una gran variedad de configuraciones de quillas: desde un twin fin con trailer, pasando por un quad, hasta un thruster de alto rendimiento tradicional. P\u00eddela como t\u00fa quieras.  <\/p>\n","protected":false},"excerpt":{"rendered":"<p>Nuestro modelo Holiday es nuestro nuevo performance fish, una nueva incorporaci\u00f3n a nuestra selecci\u00f3n de tablas para olas peque\u00f1as. <\/p>\n<p>Este fish est\u00e1 construido para generar velocidad down the line, pero con un foil refinado para ofrecer un surf top to bottom de alto rendimiento. La Holiday incorpora un double concave que pasa a un single rocket channel en el tail. <\/p>\n","protected":false},"featured_media":25531,"comment_status":"closed","ping_status":"closed","template":"","meta":{"site-sidebar-layout":"default","site-content-layout":"","ast-site-content-layout":"default","site-content-style":"default","site-sidebar-style":"default","ast-global-header-display":"","ast-banner-title-visibility":"","ast-main-header-display":"","ast-hfb-above-header-display":"","ast-hfb-below-header-display":"","ast-hfb-mobile-header-display":"","site-post-title":"","ast-breadcrumbs-content":"","ast-featured-img":"","footer-sml-layout":"","ast-disable-related-posts":"","theme-transparent-header-meta":"","adv-header-id-meta":"","stick-header-meta":"","header-above-stick-meta":"","header-main-stick-meta":"","header-below-stick-meta":"","astra-migrate-meta-layouts":"default","ast-page-background-enabled":"default","ast-page-background-meta":{"desktop":{"background-color":"var(--ast-global-color-5)","background-image":"","background-repeat":"repeat","background-position":"center center","background-size":"auto","background-attachment":"scroll","background-type":"","background-media":"","overlay-type":"","overlay-color":"","overlay-opacity":"","overlay-gradient":""},"tablet":{"background-color":"","background-image":"","background-repeat":"repeat","background-position":"center center","background-size":"auto","background-attachment":"scroll","background-type":"","background-media":"","overlay-type":"","overlay-color":"","overlay-opacity":"","overlay-gradient":""},"mobile":{"background-color":"","background-image":"","background-repeat":"repeat","background-position":"center center","background-size":"auto","background-attachment":"scroll","background-type":"","background-media":"","overlay-type":"","overlay-color":"","overlay-opacity":"","overlay-gradient":""}},"ast-content-background-meta":{"desktop":{"background-color":"var(--ast-global-color-4)","background-image":"","background-repeat":"repeat","background-position":"center center","background-size":"auto","background-attachment":"scroll","background-type":"","background-media":"","overlay-type":"","overlay-color":"","overlay-opacity":"","overlay-gradient":""},"tablet":{"background-color":"var(--ast-global-color-4)","background-image":"","background-repeat":"repeat","background-position":"center center","background-size":"auto","background-attachment":"scroll","background-type":"","background-media":"","overlay-type":"","overlay-color":"","overlay-opacity":"","overlay-gradient":""},"mobile":{"background-color":"var(--ast-global-color-4)","background-image":"","background-repeat":"repeat","background-position":"center center","background-size":"auto","background-attachment":"scroll","background-type":"","background-media":"","overlay-type":"","overlay-color":"","overlay-opacity":"","overlay-gradient":""}}},"product_brand":[1261],"product_cat":[1257,1631,1196],"product_tag":[1327],"class_list":{"0":"post-27437","1":"product","2":"type-product","3":"status-publish","4":"has-post-thumbnail","6":"product_brand-chemistry-surfboards","7":"product_cat-small-waves","8":"product_cat-tablas-de-surf","9":"product_cat-tablas-de-surf-es","10":"product_tag-small-wave","11":"product_shipping_class-tablas-hasta-66-es","12":"pa_model-holiday","13":"pa_thickness-2-1-2-es-2","14":"pa_thickness-2-1-4","15":"pa_thickness-2-11-16","16":"pa_thickness-2-3-16","17":"pa_thickness-2-3-4","18":"pa_thickness-2-3-8-es-2","19":"pa_thickness-2-5-16-es-2","20":"pa_thickness-2-5-8","21":"pa_thickness-2-7-16-es-2","22":"pa_thickness-2-9-16","23":"pa_width-19-1-2","24":"pa_width-19-1-4","25":"pa_width-19-3-4-2","26":"pa_width-20-1-2-es-2","27":"pa_width-20-1-4-es-2","28":"pa_width-20-3-4-es-2","29":"pa_width-1305","30":"pa_width-21-1-4","31":"pa_width-21-1-2-2","32":"pa_width-21-3-4-2","33":"pa_width-1320","34":"pa_width-22-1-4","35":"pa_width-1287","36":"desktop-align-left","37":"tablet-align-left","38":"mobile-align-left","40":"first","41":"instock","42":"shipping-taxable","43":"purchasable","44":"product-type-variable"},"yoast_head":"<!-- This site is optimized with the Yoast SEO plugin v27.2 - https:\/\/yoast.com\/product\/yoast-seo-wordpress\/ -->\n<title>Chemistry Holiday - Ride your life<\/title>\n<meta name=\"robots\" content=\"index, follow, max-snippet:-1, max-image-preview:large, max-video-preview:-1\" \/>\n<link rel=\"canonical\" href=\"https:\/\/glassingmonkey.com\/es\/product\/chemistry-holiday\/\" \/>\n<meta property=\"og:locale\" content=\"es_ES\" \/>\n<meta property=\"og:type\" content=\"article\" \/>\n<meta property=\"og:title\" content=\"Chemistry Holiday - Ride your life\" \/>\n<meta property=\"og:description\" content=\"Nuestro modelo Holiday es nuestro nuevo performance fish, una nueva incorporaci\u00f3n a nuestra selecci\u00f3n de tablas para olas peque\u00f1as.   Este fish est\u00e1 construido para generar velocidad down the line, pero con un foil refinado para ofrecer un surf top to bottom de alto rendimiento. La Holiday incorpora un double concave que pasa a un single rocket channel en el tail.\" \/>\n<meta property=\"og:url\" content=\"https:\/\/glassingmonkey.com\/es\/product\/chemistry-holiday\/\" \/>\n<meta property=\"og:site_name\" content=\"Ride your life\" \/>\n<meta property=\"og:image\" content=\"https:\/\/glassingmonkey.com\/wp-content\/uploads\/2022\/05\/glassing-monkey-chemistry-surfboards-holiday.png\" \/>\n<meta name=\"twitter:card\" content=\"summary_large_image\" \/>\n<script type=\"application\/ld+json\" class=\"yoast-schema-graph\">{\"@context\":\"https:\/\/schema.org\",\"@graph\":[{\"@type\":\"WebPage\",\"@id\":\"https:\/\/glassingmonkey.com\/es\/product\/chemistry-holiday\/\",\"url\":\"https:\/\/glassingmonkey.com\/es\/product\/chemistry-holiday\/\",\"name\":\"Chemistry Holiday - Ride your life\",\"isPartOf\":{\"@id\":\"https:\/\/glassingmonkey.com\/es\/#website\"},\"primaryImageOfPage\":{\"@id\":\"https:\/\/glassingmonkey.com\/es\/product\/chemistry-holiday\/#primaryimage\"},\"image\":{\"@id\":\"https:\/\/glassingmonkey.com\/es\/product\/chemistry-holiday\/#primaryimage\"},\"thumbnailUrl\":\"https:\/\/glassingmonkey.com\/wp-content\/uploads\/2025\/05\/chemistry-surfboards-holiday.png\",\"datePublished\":\"2025-05-28T09:45:09+00:00\",\"breadcrumb\":{\"@id\":\"https:\/\/glassingmonkey.com\/es\/product\/chemistry-holiday\/#breadcrumb\"},\"inLanguage\":\"es\",\"potentialAction\":[{\"@type\":\"ReadAction\",\"target\":[\"https:\/\/glassingmonkey.com\/es\/product\/chemistry-holiday\/\"]}]},{\"@type\":\"ImageObject\",\"inLanguage\":\"es\",\"@id\":\"https:\/\/glassingmonkey.com\/es\/product\/chemistry-holiday\/#primaryimage\",\"url\":\"https:\/\/glassingmonkey.com\/wp-content\/uploads\/2025\/05\/chemistry-surfboards-holiday.png\",\"contentUrl\":\"https:\/\/glassingmonkey.com\/wp-content\/uploads\/2025\/05\/chemistry-surfboards-holiday.png\",\"width\":600,\"height\":750},{\"@type\":\"BreadcrumbList\",\"@id\":\"https:\/\/glassingmonkey.com\/es\/product\/chemistry-holiday\/#breadcrumb\",\"itemListElement\":[{\"@type\":\"ListItem\",\"position\":1,\"name\":\"Home\",\"item\":\"https:\/\/glassingmonkey.com\/es\/\"},{\"@type\":\"ListItem\",\"position\":2,\"name\":\"Tienda\",\"item\":\"https:\/\/glassingmonkey.com\/es\/tienda\/\"},{\"@type\":\"ListItem\",\"position\":3,\"name\":\"Chemistry Holiday\"}]},{\"@type\":\"WebSite\",\"@id\":\"https:\/\/glassingmonkey.com\/es\/#website\",\"url\":\"https:\/\/glassingmonkey.com\/es\/\",\"name\":\"Glassing Monkey\",\"description\":\"\",\"publisher\":{\"@id\":\"https:\/\/glassingmonkey.com\/es\/#organization\"},\"potentialAction\":[{\"@type\":\"SearchAction\",\"target\":{\"@type\":\"EntryPoint\",\"urlTemplate\":\"https:\/\/glassingmonkey.com\/es\/?s={search_term_string}\"},\"query-input\":{\"@type\":\"PropertyValueSpecification\",\"valueRequired\":true,\"valueName\":\"search_term_string\"}}],\"inLanguage\":\"es\"},{\"@type\":\"Organization\",\"@id\":\"https:\/\/glassingmonkey.com\/es\/#organization\",\"name\":\"Glassing Monkey\",\"url\":\"https:\/\/glassingmonkey.com\/es\/\",\"logo\":{\"@type\":\"ImageObject\",\"inLanguage\":\"es\",\"@id\":\"https:\/\/glassingmonkey.com\/es\/#\/schema\/logo\/image\/\",\"url\":\"https:\/\/glassingmonkey.com\/wp-content\/uploads\/2025\/06\/Glassing-monkey-surf-factory-surf-shop.webp\",\"contentUrl\":\"https:\/\/glassingmonkey.com\/wp-content\/uploads\/2025\/06\/Glassing-monkey-surf-factory-surf-shop.webp\",\"width\":786,\"height\":530,\"caption\":\"Glassing Monkey\"},\"image\":{\"@id\":\"https:\/\/glassingmonkey.com\/es\/#\/schema\/logo\/image\/\"},\"sameAs\":[\"https:\/\/www.instagram.com\/glassingmonkey\/\"]}]}<\/script>\n<!-- \/ Yoast SEO plugin. -->","yoast_head_json":{"title":"Chemistry Holiday - Ride your life","robots":{"index":"index","follow":"follow","max-snippet":"max-snippet:-1","max-image-preview":"max-image-preview:large","max-video-preview":"max-video-preview:-1"},"canonical":"https:\/\/glassingmonkey.com\/es\/product\/chemistry-holiday\/","og_locale":"es_ES","og_type":"article","og_title":"Chemistry Holiday - Ride your life","og_description":"Nuestro modelo Holiday es nuestro nuevo performance fish, una nueva incorporaci\u00f3n a nuestra selecci\u00f3n de tablas para olas peque\u00f1as.   Este fish est\u00e1 construido para generar velocidad down the line, pero con un foil refinado para ofrecer un surf top to bottom de alto rendimiento. La Holiday incorpora un double concave que pasa a un single rocket channel en el tail.","og_url":"https:\/\/glassingmonkey.com\/es\/product\/chemistry-holiday\/","og_site_name":"Ride your life","og_image":[{"url":"https:\/\/glassingmonkey.com\/wp-content\/uploads\/2022\/05\/glassing-monkey-chemistry-surfboards-holiday.png","type":"","width":"","height":""}],"twitter_card":"summary_large_image","schema":{"@context":"https:\/\/schema.org","@graph":[{"@type":"WebPage","@id":"https:\/\/glassingmonkey.com\/es\/product\/chemistry-holiday\/","url":"https:\/\/glassingmonkey.com\/es\/product\/chemistry-holiday\/","name":"Chemistry Holiday - Ride your life","isPartOf":{"@id":"https:\/\/glassingmonkey.com\/es\/#website"},"primaryImageOfPage":{"@id":"https:\/\/glassingmonkey.com\/es\/product\/chemistry-holiday\/#primaryimage"},"image":{"@id":"https:\/\/glassingmonkey.com\/es\/product\/chemistry-holiday\/#primaryimage"},"thumbnailUrl":"https:\/\/glassingmonkey.com\/wp-content\/uploads\/2025\/05\/chemistry-surfboards-holiday.png","datePublished":"2025-05-28T09:45:09+00:00","breadcrumb":{"@id":"https:\/\/glassingmonkey.com\/es\/product\/chemistry-holiday\/#breadcrumb"},"inLanguage":"es","potentialAction":[{"@type":"ReadAction","target":["https:\/\/glassingmonkey.com\/es\/product\/chemistry-holiday\/"]}]},{"@type":"ImageObject","inLanguage":"es","@id":"https:\/\/glassingmonkey.com\/es\/product\/chemistry-holiday\/#primaryimage","url":"https:\/\/glassingmonkey.com\/wp-content\/uploads\/2025\/05\/chemistry-surfboards-holiday.png","contentUrl":"https:\/\/glassingmonkey.com\/wp-content\/uploads\/2025\/05\/chemistry-surfboards-holiday.png","width":600,"height":750},{"@type":"BreadcrumbList","@id":"https:\/\/glassingmonkey.com\/es\/product\/chemistry-holiday\/#breadcrumb","itemListElement":[{"@type":"ListItem","position":1,"name":"Home","item":"https:\/\/glassingmonkey.com\/es\/"},{"@type":"ListItem","position":2,"name":"Tienda","item":"https:\/\/glassingmonkey.com\/es\/tienda\/"},{"@type":"ListItem","position":3,"name":"Chemistry Holiday"}]},{"@type":"WebSite","@id":"https:\/\/glassingmonkey.com\/es\/#website","url":"https:\/\/glassingmonkey.com\/es\/","name":"Glassing Monkey","description":"","publisher":{"@id":"https:\/\/glassingmonkey.com\/es\/#organization"},"potentialAction":[{"@type":"SearchAction","target":{"@type":"EntryPoint","urlTemplate":"https:\/\/glassingmonkey.com\/es\/?s={search_term_string}"},"query-input":{"@type":"PropertyValueSpecification","valueRequired":true,"valueName":"search_term_string"}}],"inLanguage":"es"},{"@type":"Organization","@id":"https:\/\/glassingmonkey.com\/es\/#organization","name":"Glassing Monkey","url":"https:\/\/glassingmonkey.com\/es\/","logo":{"@type":"ImageObject","inLanguage":"es","@id":"https:\/\/glassingmonkey.com\/es\/#\/schema\/logo\/image\/","url":"https:\/\/glassingmonkey.com\/wp-content\/uploads\/2025\/06\/Glassing-monkey-surf-factory-surf-shop.webp","contentUrl":"https:\/\/glassingmonkey.com\/wp-content\/uploads\/2025\/06\/Glassing-monkey-surf-factory-surf-shop.webp","width":786,"height":530,"caption":"Glassing Monkey"},"image":{"@id":"https:\/\/glassingmonkey.com\/es\/#\/schema\/logo\/image\/"},"sameAs":["https:\/\/www.instagram.com\/glassingmonkey\/"]}]}},"_links":{"self":[{"href":"https:\/\/glassingmonkey.com\/es\/wp-json\/wp\/v2\/product\/27437","targetHints":{"allow":["GET"]}}],"collection":[{"href":"https:\/\/glassingmonkey.com\/es\/wp-json\/wp\/v2\/product"}],"about":[{"href":"https:\/\/glassingmonkey.com\/es\/wp-json\/wp\/v2\/types\/product"}],"replies":[{"embeddable":true,"href":"https:\/\/glassingmonkey.com\/es\/wp-json\/wp\/v2\/comments?post=27437"}],"wp:featuredmedia":[{"embeddable":true,"href":"https:\/\/glassingmonkey.com\/es\/wp-json\/wp\/v2\/media\/25531"}],"wp:attachment":[{"href":"https:\/\/glassingmonkey.com\/es\/wp-json\/wp\/v2\/media?parent=27437"}],"wp:term":[{"taxonomy":"product_brand","embeddable":true,"href":"https:\/\/glassingmonkey.com\/es\/wp-json\/wp\/v2\/product_brand?post=27437"},{"taxonomy":"product_cat","embeddable":true,"href":"https:\/\/glassingmonkey.com\/es\/wp-json\/wp\/v2\/product_cat?post=27437"},{"taxonomy":"product_tag","embeddable":true,"href":"https:\/\/glassingmonkey.com\/es\/wp-json\/wp\/v2\/product_tag?post=27437"}],"curies":[{"name":"wp","href":"https:\/\/api.w.org\/{rel}","templated":true}]}}