{"id":27695,"date":"2025-05-28T11:43:09","date_gmt":"2025-05-28T09:43:09","guid":{"rendered":"https:\/\/glassingmonkey.com\/product\/matt-penn-hawk-eye\/"},"modified":"2025-05-28T11:43:09","modified_gmt":"2025-05-28T09:43:09","slug":"matt-penn-hawk-eye","status":"publish","type":"product","link":"https:\/\/glassingmonkey.com\/es\/product\/matt-penn-hawk-eye\/","title":{"rendered":"Matt Penn Hawk Eye"},"content":{"rendered":"<p data-start=\"76\" data-end=\"318\">MP lleva mucho tiempo creando y refinando estas tablas conceptuales estivales de estilo el\u00edptico: primero la serie X-Wing, luego la Red Devil, Bulls Eye, etc\u2026 siempre con el surf de alto rendimiento en olas peque\u00f1as como prioridad n\u00famero uno.<\/p>\n<p data-start=\"320\" data-end=\"977\">Esta \u00faltima creaci\u00f3n presenta un tail rocker ligeramente m\u00e1s recto, combinado con un deep vee double concave, adem\u00e1s de un entry rocker muy plano con un outline de nose lleno y un rail delantero m\u00e1s afinado, de modo que el nose m\u00e1s ancho agarra en lugar de escupir al iniciar el giro, mientras que el extremo trasero de la tabla ofrece s\u00f3lido drive gracias a la configuraci\u00f3n double concave con vee. Un slight hip justo antes de las quillas libera el ancho que la tabla lleva en su outline, lo que consigue dos cosas:<br data-start=\"813\" data-end=\"816\">a) Rompe el outline para mejorar la respuesta, y<br data-start=\"861\" data-end=\"864\">b) A\u00f1ade drive desde la l\u00ednea de canto m\u00e1s recta, que fluye hacia un squash round tail para una sensaci\u00f3n general m\u00e1s suave.<\/p>\n<p data-start=\"979\" data-end=\"1131\">Una tabla que puentea la brecha entre tu shortboard moderna de olas peque\u00f1as y tu grovel board de verano. S\u00farfeala 3\u2033 a 4\u2033 m\u00e1s corta que tu tabla habitual.<\/p>\n","protected":false},"excerpt":{"rendered":"<p>Matt Penn has been making and constantly refining these elliptical style summer concept boards for a long time now first the x-wing series then the red devil, bulls&#8217; eye etc.\u2026 always with performance surfing in small waves the number one priority.<\/p>\n","protected":false},"featured_media":25430,"comment_status":"closed","ping_status":"closed","template":"","meta":{"site-sidebar-layout":"default","site-content-layout":"","ast-site-content-layout":"default","site-content-style":"default","site-sidebar-style":"default","ast-global-header-display":"","ast-banner-title-visibility":"","ast-main-header-display":"","ast-hfb-above-header-display":"","ast-hfb-below-header-display":"","ast-hfb-mobile-header-display":"","site-post-title":"","ast-breadcrumbs-content":"","ast-featured-img":"","footer-sml-layout":"","ast-disable-related-posts":"","theme-transparent-header-meta":"default","adv-header-id-meta":"","stick-header-meta":"","header-above-stick-meta":"","header-main-stick-meta":"","header-below-stick-meta":"","astra-migrate-meta-layouts":"default","ast-page-background-enabled":"default","ast-page-background-meta":{"desktop":{"background-color":"var(--ast-global-color-5)","background-image":"","background-repeat":"repeat","background-position":"center center","background-size":"auto","background-attachment":"scroll","background-type":"","background-media":"","overlay-type":"","overlay-color":"","overlay-opacity":"","overlay-gradient":""},"tablet":{"background-color":"","background-image":"","background-repeat":"repeat","background-position":"center center","background-size":"auto","background-attachment":"scroll","background-type":"","background-media":"","overlay-type":"","overlay-color":"","overlay-opacity":"","overlay-gradient":""},"mobile":{"background-color":"","background-image":"","background-repeat":"repeat","background-position":"center center","background-size":"auto","background-attachment":"scroll","background-type":"","background-media":"","overlay-type":"","overlay-color":"","overlay-opacity":"","overlay-gradient":""}},"ast-content-background-meta":{"desktop":{"background-color":"var(--ast-global-color-4)","background-image":"","background-repeat":"repeat","background-position":"center center","background-size":"auto","background-attachment":"scroll","background-type":"","background-media":"","overlay-type":"","overlay-color":"","overlay-opacity":"","overlay-gradient":""},"tablet":{"background-color":"var(--ast-global-color-4)","background-image":"","background-repeat":"repeat","background-position":"center center","background-size":"auto","background-attachment":"scroll","background-type":"","background-media":"","overlay-type":"","overlay-color":"","overlay-opacity":"","overlay-gradient":""},"mobile":{"background-color":"var(--ast-global-color-4)","background-image":"","background-repeat":"repeat","background-position":"center center","background-size":"auto","background-attachment":"scroll","background-type":"","background-media":"","overlay-type":"","overlay-color":"","overlay-opacity":"","overlay-gradient":""}}},"product_brand":[1265],"product_cat":[1259,1196],"product_tag":[1328],"class_list":{"0":"post-27695","1":"product","2":"type-product","3":"status-publish","4":"has-post-thumbnail","6":"product_brand-matt-penn-surfboards","7":"product_cat-specials","8":"product_cat-tablas-de-surf-es","9":"product_tag-summer-concepts","10":"product_shipping_class-tablas-hasta-66-es","11":"pa_model-hawk-eye","12":"pa_thickness-2-1-2-es-2","13":"pa_thickness-2-1-4","14":"pa_thickness-2-11-16","15":"pa_thickness-2-3-16","16":"pa_thickness-2-3-4","17":"pa_thickness-2-3-8-es-2","18":"pa_thickness-2-5-16-es-2","19":"pa_thickness-2-5-8","20":"pa_thickness-2-7-16-es-2","21":"pa_thickness-2-7-8","22":"pa_thickness-2-9-16","23":"pa_thickness-1394","24":"pa_width-19-1-2","25":"pa_width-19-3-4-2","26":"pa_width-19-3-8","27":"pa_width-19-5-8","28":"pa_width-19-7-8-es-2","29":"pa_width-20-1-2-es-2","30":"pa_width-20-1-4-es-2","31":"pa_width-20-1-8","32":"pa_width-20-3-4-es-2","33":"pa_width-20-7-8","34":"pa_width-20-3-8","35":"pa_width-1305","36":"pa_width-1320","37":"desktop-align-left","38":"tablet-align-left","39":"mobile-align-left","41":"first","42":"instock","43":"shipping-taxable","44":"purchasable","45":"product-type-variable"},"yoast_head":"<!-- This site is optimized with the Yoast SEO plugin v27.2 - https:\/\/yoast.com\/product\/yoast-seo-wordpress\/ -->\n<title>Matt Penn Hawk Eye - Ride your life<\/title>\n<meta name=\"robots\" content=\"index, follow, max-snippet:-1, max-image-preview:large, max-video-preview:-1\" \/>\n<link rel=\"canonical\" href=\"https:\/\/glassingmonkey.com\/es\/product\/matt-penn-hawk-eye\/\" \/>\n<meta property=\"og:locale\" content=\"es_ES\" \/>\n<meta property=\"og:type\" content=\"article\" \/>\n<meta property=\"og:title\" content=\"Matt Penn Hawk Eye - Ride your life\" \/>\n<meta property=\"og:description\" content=\"Matt Penn has been making and constantly refining these elliptical style summer concept boards for a long time now first the x-wing series then the red devil, bulls&#039; eye etc.\u2026 always with performance surfing in small waves the number one priority.\" \/>\n<meta property=\"og:url\" content=\"https:\/\/glassingmonkey.com\/es\/product\/matt-penn-hawk-eye\/\" \/>\n<meta property=\"og:site_name\" content=\"Ride your life\" \/>\n<meta property=\"og:image\" content=\"https:\/\/glassingmonkey.com\/wp-content\/uploads\/2022\/05\/glassing-monkey-matt-penn-surfboards-hawk-eye.png\" \/>\n<meta name=\"twitter:card\" content=\"summary_large_image\" \/>\n<meta name=\"twitter:label1\" content=\"Tiempo de lectura\" \/>\n\t<meta name=\"twitter:data1\" content=\"1 minuto\" \/>\n<script type=\"application\/ld+json\" class=\"yoast-schema-graph\">{\"@context\":\"https:\/\/schema.org\",\"@graph\":[{\"@type\":\"WebPage\",\"@id\":\"https:\/\/glassingmonkey.com\/es\/product\/matt-penn-hawk-eye\/\",\"url\":\"https:\/\/glassingmonkey.com\/es\/product\/matt-penn-hawk-eye\/\",\"name\":\"Matt Penn Hawk Eye - Ride your life\",\"isPartOf\":{\"@id\":\"https:\/\/glassingmonkey.com\/es\/#website\"},\"primaryImageOfPage\":{\"@id\":\"https:\/\/glassingmonkey.com\/es\/product\/matt-penn-hawk-eye\/#primaryimage\"},\"image\":{\"@id\":\"https:\/\/glassingmonkey.com\/es\/product\/matt-penn-hawk-eye\/#primaryimage\"},\"thumbnailUrl\":\"https:\/\/glassingmonkey.com\/wp-content\/uploads\/2025\/05\/matt-penn-surfboards-hawk-eye.png\",\"datePublished\":\"2025-05-28T09:43:09+00:00\",\"breadcrumb\":{\"@id\":\"https:\/\/glassingmonkey.com\/es\/product\/matt-penn-hawk-eye\/#breadcrumb\"},\"inLanguage\":\"es\",\"potentialAction\":[{\"@type\":\"ReadAction\",\"target\":[\"https:\/\/glassingmonkey.com\/es\/product\/matt-penn-hawk-eye\/\"]}]},{\"@type\":\"ImageObject\",\"inLanguage\":\"es\",\"@id\":\"https:\/\/glassingmonkey.com\/es\/product\/matt-penn-hawk-eye\/#primaryimage\",\"url\":\"https:\/\/glassingmonkey.com\/wp-content\/uploads\/2025\/05\/matt-penn-surfboards-hawk-eye.png\",\"contentUrl\":\"https:\/\/glassingmonkey.com\/wp-content\/uploads\/2025\/05\/matt-penn-surfboards-hawk-eye.png\",\"width\":600,\"height\":750},{\"@type\":\"BreadcrumbList\",\"@id\":\"https:\/\/glassingmonkey.com\/es\/product\/matt-penn-hawk-eye\/#breadcrumb\",\"itemListElement\":[{\"@type\":\"ListItem\",\"position\":1,\"name\":\"Home\",\"item\":\"https:\/\/glassingmonkey.com\/es\/\"},{\"@type\":\"ListItem\",\"position\":2,\"name\":\"Tienda\",\"item\":\"https:\/\/glassingmonkey.com\/es\/tienda\/\"},{\"@type\":\"ListItem\",\"position\":3,\"name\":\"Matt Penn Hawk Eye\"}]},{\"@type\":\"WebSite\",\"@id\":\"https:\/\/glassingmonkey.com\/es\/#website\",\"url\":\"https:\/\/glassingmonkey.com\/es\/\",\"name\":\"Glassing Monkey\",\"description\":\"\",\"publisher\":{\"@id\":\"https:\/\/glassingmonkey.com\/es\/#organization\"},\"potentialAction\":[{\"@type\":\"SearchAction\",\"target\":{\"@type\":\"EntryPoint\",\"urlTemplate\":\"https:\/\/glassingmonkey.com\/es\/?s={search_term_string}\"},\"query-input\":{\"@type\":\"PropertyValueSpecification\",\"valueRequired\":true,\"valueName\":\"search_term_string\"}}],\"inLanguage\":\"es\"},{\"@type\":\"Organization\",\"@id\":\"https:\/\/glassingmonkey.com\/es\/#organization\",\"name\":\"Glassing Monkey\",\"url\":\"https:\/\/glassingmonkey.com\/es\/\",\"logo\":{\"@type\":\"ImageObject\",\"inLanguage\":\"es\",\"@id\":\"https:\/\/glassingmonkey.com\/es\/#\/schema\/logo\/image\/\",\"url\":\"https:\/\/glassingmonkey.com\/wp-content\/uploads\/2025\/06\/Glassing-monkey-surf-factory-surf-shop.webp\",\"contentUrl\":\"https:\/\/glassingmonkey.com\/wp-content\/uploads\/2025\/06\/Glassing-monkey-surf-factory-surf-shop.webp\",\"width\":786,\"height\":530,\"caption\":\"Glassing Monkey\"},\"image\":{\"@id\":\"https:\/\/glassingmonkey.com\/es\/#\/schema\/logo\/image\/\"},\"sameAs\":[\"https:\/\/www.instagram.com\/glassingmonkey\/\"]}]}<\/script>\n<!-- \/ Yoast SEO plugin. -->","yoast_head_json":{"title":"Matt Penn Hawk Eye - Ride your life","robots":{"index":"index","follow":"follow","max-snippet":"max-snippet:-1","max-image-preview":"max-image-preview:large","max-video-preview":"max-video-preview:-1"},"canonical":"https:\/\/glassingmonkey.com\/es\/product\/matt-penn-hawk-eye\/","og_locale":"es_ES","og_type":"article","og_title":"Matt Penn Hawk Eye - Ride your life","og_description":"Matt Penn has been making and constantly refining these elliptical style summer concept boards for a long time now first the x-wing series then the red devil, bulls' eye etc.\u2026 always with performance surfing in small waves the number one priority.","og_url":"https:\/\/glassingmonkey.com\/es\/product\/matt-penn-hawk-eye\/","og_site_name":"Ride your life","og_image":[{"url":"https:\/\/glassingmonkey.com\/wp-content\/uploads\/2022\/05\/glassing-monkey-matt-penn-surfboards-hawk-eye.png","type":"","width":"","height":""}],"twitter_card":"summary_large_image","twitter_misc":{"Tiempo de lectura":"1 minuto"},"schema":{"@context":"https:\/\/schema.org","@graph":[{"@type":"WebPage","@id":"https:\/\/glassingmonkey.com\/es\/product\/matt-penn-hawk-eye\/","url":"https:\/\/glassingmonkey.com\/es\/product\/matt-penn-hawk-eye\/","name":"Matt Penn Hawk Eye - Ride your life","isPartOf":{"@id":"https:\/\/glassingmonkey.com\/es\/#website"},"primaryImageOfPage":{"@id":"https:\/\/glassingmonkey.com\/es\/product\/matt-penn-hawk-eye\/#primaryimage"},"image":{"@id":"https:\/\/glassingmonkey.com\/es\/product\/matt-penn-hawk-eye\/#primaryimage"},"thumbnailUrl":"https:\/\/glassingmonkey.com\/wp-content\/uploads\/2025\/05\/matt-penn-surfboards-hawk-eye.png","datePublished":"2025-05-28T09:43:09+00:00","breadcrumb":{"@id":"https:\/\/glassingmonkey.com\/es\/product\/matt-penn-hawk-eye\/#breadcrumb"},"inLanguage":"es","potentialAction":[{"@type":"ReadAction","target":["https:\/\/glassingmonkey.com\/es\/product\/matt-penn-hawk-eye\/"]}]},{"@type":"ImageObject","inLanguage":"es","@id":"https:\/\/glassingmonkey.com\/es\/product\/matt-penn-hawk-eye\/#primaryimage","url":"https:\/\/glassingmonkey.com\/wp-content\/uploads\/2025\/05\/matt-penn-surfboards-hawk-eye.png","contentUrl":"https:\/\/glassingmonkey.com\/wp-content\/uploads\/2025\/05\/matt-penn-surfboards-hawk-eye.png","width":600,"height":750},{"@type":"BreadcrumbList","@id":"https:\/\/glassingmonkey.com\/es\/product\/matt-penn-hawk-eye\/#breadcrumb","itemListElement":[{"@type":"ListItem","position":1,"name":"Home","item":"https:\/\/glassingmonkey.com\/es\/"},{"@type":"ListItem","position":2,"name":"Tienda","item":"https:\/\/glassingmonkey.com\/es\/tienda\/"},{"@type":"ListItem","position":3,"name":"Matt Penn Hawk Eye"}]},{"@type":"WebSite","@id":"https:\/\/glassingmonkey.com\/es\/#website","url":"https:\/\/glassingmonkey.com\/es\/","name":"Glassing Monkey","description":"","publisher":{"@id":"https:\/\/glassingmonkey.com\/es\/#organization"},"potentialAction":[{"@type":"SearchAction","target":{"@type":"EntryPoint","urlTemplate":"https:\/\/glassingmonkey.com\/es\/?s={search_term_string}"},"query-input":{"@type":"PropertyValueSpecification","valueRequired":true,"valueName":"search_term_string"}}],"inLanguage":"es"},{"@type":"Organization","@id":"https:\/\/glassingmonkey.com\/es\/#organization","name":"Glassing Monkey","url":"https:\/\/glassingmonkey.com\/es\/","logo":{"@type":"ImageObject","inLanguage":"es","@id":"https:\/\/glassingmonkey.com\/es\/#\/schema\/logo\/image\/","url":"https:\/\/glassingmonkey.com\/wp-content\/uploads\/2025\/06\/Glassing-monkey-surf-factory-surf-shop.webp","contentUrl":"https:\/\/glassingmonkey.com\/wp-content\/uploads\/2025\/06\/Glassing-monkey-surf-factory-surf-shop.webp","width":786,"height":530,"caption":"Glassing Monkey"},"image":{"@id":"https:\/\/glassingmonkey.com\/es\/#\/schema\/logo\/image\/"},"sameAs":["https:\/\/www.instagram.com\/glassingmonkey\/"]}]}},"_links":{"self":[{"href":"https:\/\/glassingmonkey.com\/es\/wp-json\/wp\/v2\/product\/27695","targetHints":{"allow":["GET"]}}],"collection":[{"href":"https:\/\/glassingmonkey.com\/es\/wp-json\/wp\/v2\/product"}],"about":[{"href":"https:\/\/glassingmonkey.com\/es\/wp-json\/wp\/v2\/types\/product"}],"replies":[{"embeddable":true,"href":"https:\/\/glassingmonkey.com\/es\/wp-json\/wp\/v2\/comments?post=27695"}],"wp:featuredmedia":[{"embeddable":true,"href":"https:\/\/glassingmonkey.com\/es\/wp-json\/wp\/v2\/media\/25430"}],"wp:attachment":[{"href":"https:\/\/glassingmonkey.com\/es\/wp-json\/wp\/v2\/media?parent=27695"}],"wp:term":[{"taxonomy":"product_brand","embeddable":true,"href":"https:\/\/glassingmonkey.com\/es\/wp-json\/wp\/v2\/product_brand?post=27695"},{"taxonomy":"product_cat","embeddable":true,"href":"https:\/\/glassingmonkey.com\/es\/wp-json\/wp\/v2\/product_cat?post=27695"},{"taxonomy":"product_tag","embeddable":true,"href":"https:\/\/glassingmonkey.com\/es\/wp-json\/wp\/v2\/product_tag?post=27695"}],"curies":[{"name":"wp","href":"https:\/\/api.w.org\/{rel}","templated":true}]}}