{"id":27753,"date":"2025-05-28T11:42:44","date_gmt":"2025-05-28T09:42:44","guid":{"rendered":"https:\/\/glassingmonkey.com\/product\/matt-penn-skullly\/"},"modified":"2025-05-28T11:42:44","modified_gmt":"2025-05-28T09:42:44","slug":"matt-penn-skullly","status":"publish","type":"product","link":"https:\/\/glassingmonkey.com\/es\/product\/matt-penn-skullly\/","title":{"rendered":"Matt Penn Skullly"},"content":{"rendered":"<p data-start=\"76\" data-end=\"284\">Cuando est\u00e1s atrapado en la rutina de la vida \u2014facturas, hipoteca, bla bla\u2026\u2014 y, antes de darte cuenta, solo consigues surfear una vez a la semana con suerte, la SKULLY fue dise\u00f1ada para hacer esa sesi\u00f3n lo m\u00e1s disfrutable posible.<\/p>\n<p data-start=\"286\" data-end=\"576\">Clasificada como un modelo para olas peque\u00f1as, puede surfearse hasta 3 pies s\u00f3lidos. Su volumen de rail es m\u00e1s generoso que en cualquier dise\u00f1o previo de olas peque\u00f1as que hayamos hecho, pero a\u00fan as\u00ed se ha eliminado el volumen justo en las zonas necesarias para permitir ataques agresivos al lip cuando quieres golpearlo con fuerza. <\/p>\n<p data-start=\"578\" data-end=\"867\">El rocker bajo en nose y tail te da el glide necesario cuando las olas no tienen fuerza, pero todav\u00eda conserva lo suficiente para no trabarse en giros ajustados cuando las olas est\u00e1n un poco m\u00e1s verticales. Esto tambi\u00e9n se ve favorecido por el slight vee que sale por el tail, que ayuda a que el wider tail block libere bien en el lip.<\/p>\n<p data-start=\"869\" data-end=\"974\">El single a double concave permite cambios de direcci\u00f3n r\u00e1pidos y fluidos en la pared, adem\u00e1s de buen lift en el takeoff.<\/p>\n<p data-start=\"976\" data-end=\"1237\">Hemos reunido todos los elementos de nuestros modelos de olas peque\u00f1as m\u00e1s exitosos para cubrir un rango m\u00e1s amplio de condiciones: desde el surfista de \u201cuna sesi\u00f3n por semana\u201d hasta el ripper serio que busca una buena performance grovel board.<br \/>S\u00farfeala 2\u2033\u20133\u2033 m\u00e1s corta que tu tabla de buenas olas habitual. <\/p>\n","protected":false},"excerpt":{"rendered":"<p>Cuando est\u00e1s atrapado en la rutina de la vida \u2014facturas, hipoteca, bla bla\u2026\u2014 y, antes de darte cuenta, solo surfeas una vez a la semana si tienes suerte, la SKULLY fue dise\u00f1ada para hacer esa sesi\u00f3n lo m\u00e1s agradable posible. <\/p>\n","protected":false},"featured_media":25400,"comment_status":"closed","ping_status":"closed","template":"","meta":{"site-sidebar-layout":"default","site-content-layout":"","ast-site-content-layout":"default","site-content-style":"default","site-sidebar-style":"default","ast-global-header-display":"","ast-banner-title-visibility":"","ast-main-header-display":"","ast-hfb-above-header-display":"","ast-hfb-below-header-display":"","ast-hfb-mobile-header-display":"","site-post-title":"","ast-breadcrumbs-content":"","ast-featured-img":"","footer-sml-layout":"","ast-disable-related-posts":"","theme-transparent-header-meta":"default","adv-header-id-meta":"","stick-header-meta":"","header-above-stick-meta":"","header-main-stick-meta":"","header-below-stick-meta":"","astra-migrate-meta-layouts":"default","ast-page-background-enabled":"default","ast-page-background-meta":{"desktop":{"background-color":"var(--ast-global-color-5)","background-image":"","background-repeat":"repeat","background-position":"center center","background-size":"auto","background-attachment":"scroll","background-type":"","background-media":"","overlay-type":"","overlay-color":"","overlay-opacity":"","overlay-gradient":""},"tablet":{"background-color":"","background-image":"","background-repeat":"repeat","background-position":"center center","background-size":"auto","background-attachment":"scroll","background-type":"","background-media":"","overlay-type":"","overlay-color":"","overlay-opacity":"","overlay-gradient":""},"mobile":{"background-color":"","background-image":"","background-repeat":"repeat","background-position":"center center","background-size":"auto","background-attachment":"scroll","background-type":"","background-media":"","overlay-type":"","overlay-color":"","overlay-opacity":"","overlay-gradient":""}},"ast-content-background-meta":{"desktop":{"background-color":"var(--ast-global-color-4)","background-image":"","background-repeat":"repeat","background-position":"center center","background-size":"auto","background-attachment":"scroll","background-type":"","background-media":"","overlay-type":"","overlay-color":"","overlay-opacity":"","overlay-gradient":""},"tablet":{"background-color":"var(--ast-global-color-4)","background-image":"","background-repeat":"repeat","background-position":"center center","background-size":"auto","background-attachment":"scroll","background-type":"","background-media":"","overlay-type":"","overlay-color":"","overlay-opacity":"","overlay-gradient":""},"mobile":{"background-color":"var(--ast-global-color-4)","background-image":"","background-repeat":"repeat","background-position":"center center","background-size":"auto","background-attachment":"scroll","background-type":"","background-media":"","overlay-type":"","overlay-color":"","overlay-opacity":"","overlay-gradient":""}}},"product_brand":[1265],"product_cat":[1257,1196],"product_tag":[1327],"class_list":{"0":"post-27753","1":"product","2":"type-product","3":"status-publish","4":"has-post-thumbnail","6":"product_brand-matt-penn-surfboards","7":"product_cat-small-waves","8":"product_cat-tablas-de-surf-es","9":"product_tag-small-wave","10":"product_shipping_class-tablas-hasta-66-es","11":"pa_model-skullly","12":"pa_thickness-2-1-2-es-2","13":"pa_thickness-2-1-4","14":"pa_thickness-2-1-8","15":"pa_thickness-2-11-16","16":"pa_thickness-2-3-16","17":"pa_thickness-2-3-4","18":"pa_thickness-2-3-8-es-2","19":"pa_thickness-2-5-16-es-2","20":"pa_thickness-2-5-8","21":"pa_thickness-2-7-16-es-2","22":"pa_thickness-2-7-8","23":"pa_thickness-2-9-16","24":"pa_thickness-1394","25":"pa_width-18-7-8","26":"pa_width-19-1-2","27":"pa_width-19-1-4","28":"pa_width-19-1-8","29":"pa_width-19-3-4-2","30":"pa_width-19-5-8","31":"pa_width-19-7-8-es-2","32":"pa_width-1319","33":"pa_width-20-1-2-es-2","34":"pa_width-20-1-4-es-2","35":"pa_width-20-3-4-es-2","36":"pa_width-1305","37":"pa_width-21-1-4","38":"pa_width-1320","39":"desktop-align-left","40":"tablet-align-left","41":"mobile-align-left","43":"first","44":"instock","45":"sale","46":"shipping-taxable","47":"purchasable","48":"product-type-variable"},"yoast_head":"<!-- This site is optimized with the Yoast SEO plugin v27.2 - https:\/\/yoast.com\/product\/yoast-seo-wordpress\/ -->\n<title>Matt Penn Skullly - Ride your life<\/title>\n<meta name=\"robots\" content=\"index, follow, max-snippet:-1, max-image-preview:large, max-video-preview:-1\" \/>\n<link rel=\"canonical\" href=\"https:\/\/glassingmonkey.com\/es\/product\/matt-penn-skullly\/\" \/>\n<meta property=\"og:locale\" content=\"es_ES\" \/>\n<meta property=\"og:type\" content=\"article\" \/>\n<meta property=\"og:title\" content=\"Matt Penn Skullly - Ride your life\" \/>\n<meta property=\"og:description\" content=\"Cuando est\u00e1s atrapado en la rutina de la vida \u2014facturas, hipoteca, bla bla\u2026\u2014 y, antes de darte cuenta, solo surfeas una vez a la semana si tienes suerte, la SKULLY fue dise\u00f1ada para hacer esa sesi\u00f3n lo m\u00e1s agradable posible.\" \/>\n<meta property=\"og:url\" content=\"https:\/\/glassingmonkey.com\/es\/product\/matt-penn-skullly\/\" \/>\n<meta property=\"og:site_name\" content=\"Ride your life\" \/>\n<meta property=\"og:image\" content=\"https:\/\/glassingmonkey.com\/wp-content\/uploads\/2022\/05\/glassing-monkey-matt-penn-surfboards-sully.png\" \/>\n<meta name=\"twitter:card\" content=\"summary_large_image\" \/>\n<meta name=\"twitter:label1\" content=\"Tiempo de lectura\" \/>\n\t<meta name=\"twitter:data1\" content=\"1 minuto\" \/>\n<script type=\"application\/ld+json\" class=\"yoast-schema-graph\">{\"@context\":\"https:\/\/schema.org\",\"@graph\":[{\"@type\":\"WebPage\",\"@id\":\"https:\/\/glassingmonkey.com\/es\/product\/matt-penn-skullly\/\",\"url\":\"https:\/\/glassingmonkey.com\/es\/product\/matt-penn-skullly\/\",\"name\":\"Matt Penn Skullly - Ride your life\",\"isPartOf\":{\"@id\":\"https:\/\/glassingmonkey.com\/es\/#website\"},\"primaryImageOfPage\":{\"@id\":\"https:\/\/glassingmonkey.com\/es\/product\/matt-penn-skullly\/#primaryimage\"},\"image\":{\"@id\":\"https:\/\/glassingmonkey.com\/es\/product\/matt-penn-skullly\/#primaryimage\"},\"thumbnailUrl\":\"https:\/\/glassingmonkey.com\/wp-content\/uploads\/2025\/05\/matt-penn-surfboards-sully.png\",\"datePublished\":\"2025-05-28T09:42:44+00:00\",\"breadcrumb\":{\"@id\":\"https:\/\/glassingmonkey.com\/es\/product\/matt-penn-skullly\/#breadcrumb\"},\"inLanguage\":\"es\",\"potentialAction\":[{\"@type\":\"ReadAction\",\"target\":[\"https:\/\/glassingmonkey.com\/es\/product\/matt-penn-skullly\/\"]}]},{\"@type\":\"ImageObject\",\"inLanguage\":\"es\",\"@id\":\"https:\/\/glassingmonkey.com\/es\/product\/matt-penn-skullly\/#primaryimage\",\"url\":\"https:\/\/glassingmonkey.com\/wp-content\/uploads\/2025\/05\/matt-penn-surfboards-sully.png\",\"contentUrl\":\"https:\/\/glassingmonkey.com\/wp-content\/uploads\/2025\/05\/matt-penn-surfboards-sully.png\",\"width\":600,\"height\":750},{\"@type\":\"BreadcrumbList\",\"@id\":\"https:\/\/glassingmonkey.com\/es\/product\/matt-penn-skullly\/#breadcrumb\",\"itemListElement\":[{\"@type\":\"ListItem\",\"position\":1,\"name\":\"Home\",\"item\":\"https:\/\/glassingmonkey.com\/es\/\"},{\"@type\":\"ListItem\",\"position\":2,\"name\":\"Tienda\",\"item\":\"https:\/\/glassingmonkey.com\/es\/tienda\/\"},{\"@type\":\"ListItem\",\"position\":3,\"name\":\"Matt Penn Skullly\"}]},{\"@type\":\"WebSite\",\"@id\":\"https:\/\/glassingmonkey.com\/es\/#website\",\"url\":\"https:\/\/glassingmonkey.com\/es\/\",\"name\":\"Glassing Monkey\",\"description\":\"\",\"publisher\":{\"@id\":\"https:\/\/glassingmonkey.com\/es\/#organization\"},\"potentialAction\":[{\"@type\":\"SearchAction\",\"target\":{\"@type\":\"EntryPoint\",\"urlTemplate\":\"https:\/\/glassingmonkey.com\/es\/?s={search_term_string}\"},\"query-input\":{\"@type\":\"PropertyValueSpecification\",\"valueRequired\":true,\"valueName\":\"search_term_string\"}}],\"inLanguage\":\"es\"},{\"@type\":\"Organization\",\"@id\":\"https:\/\/glassingmonkey.com\/es\/#organization\",\"name\":\"Glassing Monkey\",\"url\":\"https:\/\/glassingmonkey.com\/es\/\",\"logo\":{\"@type\":\"ImageObject\",\"inLanguage\":\"es\",\"@id\":\"https:\/\/glassingmonkey.com\/es\/#\/schema\/logo\/image\/\",\"url\":\"https:\/\/glassingmonkey.com\/wp-content\/uploads\/2025\/06\/Glassing-monkey-surf-factory-surf-shop.webp\",\"contentUrl\":\"https:\/\/glassingmonkey.com\/wp-content\/uploads\/2025\/06\/Glassing-monkey-surf-factory-surf-shop.webp\",\"width\":786,\"height\":530,\"caption\":\"Glassing Monkey\"},\"image\":{\"@id\":\"https:\/\/glassingmonkey.com\/es\/#\/schema\/logo\/image\/\"},\"sameAs\":[\"https:\/\/www.instagram.com\/glassingmonkey\/\"]}]}<\/script>\n<!-- \/ Yoast SEO plugin. -->","yoast_head_json":{"title":"Matt Penn Skullly - Ride your life","robots":{"index":"index","follow":"follow","max-snippet":"max-snippet:-1","max-image-preview":"max-image-preview:large","max-video-preview":"max-video-preview:-1"},"canonical":"https:\/\/glassingmonkey.com\/es\/product\/matt-penn-skullly\/","og_locale":"es_ES","og_type":"article","og_title":"Matt Penn Skullly - Ride your life","og_description":"Cuando est\u00e1s atrapado en la rutina de la vida \u2014facturas, hipoteca, bla bla\u2026\u2014 y, antes de darte cuenta, solo surfeas una vez a la semana si tienes suerte, la SKULLY fue dise\u00f1ada para hacer esa sesi\u00f3n lo m\u00e1s agradable posible.","og_url":"https:\/\/glassingmonkey.com\/es\/product\/matt-penn-skullly\/","og_site_name":"Ride your life","og_image":[{"url":"https:\/\/glassingmonkey.com\/wp-content\/uploads\/2022\/05\/glassing-monkey-matt-penn-surfboards-sully.png","type":"","width":"","height":""}],"twitter_card":"summary_large_image","twitter_misc":{"Tiempo de lectura":"1 minuto"},"schema":{"@context":"https:\/\/schema.org","@graph":[{"@type":"WebPage","@id":"https:\/\/glassingmonkey.com\/es\/product\/matt-penn-skullly\/","url":"https:\/\/glassingmonkey.com\/es\/product\/matt-penn-skullly\/","name":"Matt Penn Skullly - Ride your life","isPartOf":{"@id":"https:\/\/glassingmonkey.com\/es\/#website"},"primaryImageOfPage":{"@id":"https:\/\/glassingmonkey.com\/es\/product\/matt-penn-skullly\/#primaryimage"},"image":{"@id":"https:\/\/glassingmonkey.com\/es\/product\/matt-penn-skullly\/#primaryimage"},"thumbnailUrl":"https:\/\/glassingmonkey.com\/wp-content\/uploads\/2025\/05\/matt-penn-surfboards-sully.png","datePublished":"2025-05-28T09:42:44+00:00","breadcrumb":{"@id":"https:\/\/glassingmonkey.com\/es\/product\/matt-penn-skullly\/#breadcrumb"},"inLanguage":"es","potentialAction":[{"@type":"ReadAction","target":["https:\/\/glassingmonkey.com\/es\/product\/matt-penn-skullly\/"]}]},{"@type":"ImageObject","inLanguage":"es","@id":"https:\/\/glassingmonkey.com\/es\/product\/matt-penn-skullly\/#primaryimage","url":"https:\/\/glassingmonkey.com\/wp-content\/uploads\/2025\/05\/matt-penn-surfboards-sully.png","contentUrl":"https:\/\/glassingmonkey.com\/wp-content\/uploads\/2025\/05\/matt-penn-surfboards-sully.png","width":600,"height":750},{"@type":"BreadcrumbList","@id":"https:\/\/glassingmonkey.com\/es\/product\/matt-penn-skullly\/#breadcrumb","itemListElement":[{"@type":"ListItem","position":1,"name":"Home","item":"https:\/\/glassingmonkey.com\/es\/"},{"@type":"ListItem","position":2,"name":"Tienda","item":"https:\/\/glassingmonkey.com\/es\/tienda\/"},{"@type":"ListItem","position":3,"name":"Matt Penn Skullly"}]},{"@type":"WebSite","@id":"https:\/\/glassingmonkey.com\/es\/#website","url":"https:\/\/glassingmonkey.com\/es\/","name":"Glassing Monkey","description":"","publisher":{"@id":"https:\/\/glassingmonkey.com\/es\/#organization"},"potentialAction":[{"@type":"SearchAction","target":{"@type":"EntryPoint","urlTemplate":"https:\/\/glassingmonkey.com\/es\/?s={search_term_string}"},"query-input":{"@type":"PropertyValueSpecification","valueRequired":true,"valueName":"search_term_string"}}],"inLanguage":"es"},{"@type":"Organization","@id":"https:\/\/glassingmonkey.com\/es\/#organization","name":"Glassing Monkey","url":"https:\/\/glassingmonkey.com\/es\/","logo":{"@type":"ImageObject","inLanguage":"es","@id":"https:\/\/glassingmonkey.com\/es\/#\/schema\/logo\/image\/","url":"https:\/\/glassingmonkey.com\/wp-content\/uploads\/2025\/06\/Glassing-monkey-surf-factory-surf-shop.webp","contentUrl":"https:\/\/glassingmonkey.com\/wp-content\/uploads\/2025\/06\/Glassing-monkey-surf-factory-surf-shop.webp","width":786,"height":530,"caption":"Glassing Monkey"},"image":{"@id":"https:\/\/glassingmonkey.com\/es\/#\/schema\/logo\/image\/"},"sameAs":["https:\/\/www.instagram.com\/glassingmonkey\/"]}]}},"_links":{"self":[{"href":"https:\/\/glassingmonkey.com\/es\/wp-json\/wp\/v2\/product\/27753","targetHints":{"allow":["GET"]}}],"collection":[{"href":"https:\/\/glassingmonkey.com\/es\/wp-json\/wp\/v2\/product"}],"about":[{"href":"https:\/\/glassingmonkey.com\/es\/wp-json\/wp\/v2\/types\/product"}],"replies":[{"embeddable":true,"href":"https:\/\/glassingmonkey.com\/es\/wp-json\/wp\/v2\/comments?post=27753"}],"wp:featuredmedia":[{"embeddable":true,"href":"https:\/\/glassingmonkey.com\/es\/wp-json\/wp\/v2\/media\/25400"}],"wp:attachment":[{"href":"https:\/\/glassingmonkey.com\/es\/wp-json\/wp\/v2\/media?parent=27753"}],"wp:term":[{"taxonomy":"product_brand","embeddable":true,"href":"https:\/\/glassingmonkey.com\/es\/wp-json\/wp\/v2\/product_brand?post=27753"},{"taxonomy":"product_cat","embeddable":true,"href":"https:\/\/glassingmonkey.com\/es\/wp-json\/wp\/v2\/product_cat?post=27753"},{"taxonomy":"product_tag","embeddable":true,"href":"https:\/\/glassingmonkey.com\/es\/wp-json\/wp\/v2\/product_tag?post=27753"}],"curies":[{"name":"wp","href":"https:\/\/api.w.org\/{rel}","templated":true}]}}