{"id":27925,"date":"2025-05-28T11:41:34","date_gmt":"2025-05-28T09:41:34","guid":{"rendered":"https:\/\/glassingmonkey.com\/product\/emery-haz-fish\/"},"modified":"2025-05-28T11:41:34","modified_gmt":"2025-05-28T09:41:34","slug":"emery-haz-fish","status":"publish","type":"product","link":"https:\/\/glassingmonkey.com\/es\/product\/emery-haz-fish\/","title":{"rendered":"Emery Haz Fish"},"content":{"rendered":"<p>Harry se ha inspirado en los archivos de Emery, utilizando el Stump Original como base para dise\u00f1ar esta arma de shorebreak.<\/p>\n<p>Retocando los rails, a\u00f1adiendo un beveled step deck y dobles huecos c\u00f3ncavos para los pies, consigue que sientas que tus pies literalmente agarran la tabla. Es una tabla s\u00faper divertida, que te invita a experimentar con todas las configuraciones de quillas.<br \/>Surf\u00e9ala m\u00e1s corta, m\u00e1s gruesa y m\u00e1s ancha para mantener la sonrisa todo el rato.  <\/p>\n<p>Caracter\u00edsticas<\/p>\n<p>&#8211; Rails paralelos m\u00e1s rectos para mayor velocidad<\/p>\n<p>&#8211; Outline m\u00e1s ancho para coger m\u00e1s olas<\/p>\n<p>&#8211; Step deck m\u00e1s plano para mantener m\u00e1s foam en la tabla<\/p>\n<p>&#8211; Rails biselados (beveled rails) para mejorar el rendimiento en giros<\/p>\n<p>&#8211; Double flyer refinado en el tail para permitir un swallow m\u00e1s afinado<\/p>\n<p>&#8211; Huecos c\u00f3ncavos dobles en el deck para los pies<\/p>\n","protected":false},"excerpt":{"rendered":"<p>Harry se ha inspirado en los archivos de Emery utilizando el modelo Stump Original como base para dise\u00f1ar esta tabla explosiva para shorebreaks.<\/p>\n","protected":false},"featured_media":25358,"comment_status":"closed","ping_status":"closed","template":"","meta":{"site-sidebar-layout":"default","site-content-layout":"","ast-site-content-layout":"default","site-content-style":"default","site-sidebar-style":"default","ast-global-header-display":"","ast-banner-title-visibility":"","ast-main-header-display":"","ast-hfb-above-header-display":"","ast-hfb-below-header-display":"","ast-hfb-mobile-header-display":"","site-post-title":"","ast-breadcrumbs-content":"","ast-featured-img":"","footer-sml-layout":"","ast-disable-related-posts":"","theme-transparent-header-meta":"","adv-header-id-meta":"","stick-header-meta":"","header-above-stick-meta":"","header-main-stick-meta":"","header-below-stick-meta":"","astra-migrate-meta-layouts":"default","ast-page-background-enabled":"default","ast-page-background-meta":{"desktop":{"background-color":"var(--ast-global-color-5)","background-image":"","background-repeat":"repeat","background-position":"center center","background-size":"auto","background-attachment":"scroll","background-type":"","background-media":"","overlay-type":"","overlay-color":"","overlay-opacity":"","overlay-gradient":""},"tablet":{"background-color":"","background-image":"","background-repeat":"repeat","background-position":"center center","background-size":"auto","background-attachment":"scroll","background-type":"","background-media":"","overlay-type":"","overlay-color":"","overlay-opacity":"","overlay-gradient":""},"mobile":{"background-color":"","background-image":"","background-repeat":"repeat","background-position":"center center","background-size":"auto","background-attachment":"scroll","background-type":"","background-media":"","overlay-type":"","overlay-color":"","overlay-opacity":"","overlay-gradient":""}},"ast-content-background-meta":{"desktop":{"background-color":"var(--ast-global-color-4)","background-image":"","background-repeat":"repeat","background-position":"center center","background-size":"auto","background-attachment":"scroll","background-type":"","background-media":"","overlay-type":"","overlay-color":"","overlay-opacity":"","overlay-gradient":""},"tablet":{"background-color":"var(--ast-global-color-4)","background-image":"","background-repeat":"repeat","background-position":"center center","background-size":"auto","background-attachment":"scroll","background-type":"","background-media":"","overlay-type":"","overlay-color":"","overlay-opacity":"","overlay-gradient":""},"mobile":{"background-color":"var(--ast-global-color-4)","background-image":"","background-repeat":"repeat","background-position":"center center","background-size":"auto","background-attachment":"scroll","background-type":"","background-media":"","overlay-type":"","overlay-color":"","overlay-opacity":"","overlay-gradient":""}}},"product_brand":[1263],"product_cat":[1344,1257,1196],"product_tag":[1552,1345],"class_list":{"0":"post-27925","1":"product","2":"type-product","3":"status-publish","4":"has-post-thumbnail","6":"product_brand-emery-surfboards","7":"product_cat-fish","8":"product_cat-small-waves","9":"product_cat-tablas-de-surf-es","10":"product_tag-coleccion-haz-2","11":"product_tag-fish","12":"product_shipping_class-tablas-hasta-66-es","13":"pa_model-haz-fish","14":"pa_thickness-2-1-2-es-2","15":"pa_thickness-2-5-16-es-2","16":"pa_thickness-2-5-8","17":"pa_thickness-2-7-16-es-2","18":"pa_thickness-2-9-16","19":"pa_width-18-7-8","20":"pa_width-19-1-2","21":"pa_width-19-1-4","22":"pa_width-1319","23":"pa_width-1305","24":"desktop-align-left","25":"tablet-align-left","26":"mobile-align-left","28":"first","29":"instock","30":"sale","31":"shipping-taxable","32":"purchasable","33":"product-type-variable"},"yoast_head":"<!-- This site is optimized with the Yoast SEO plugin v27.2 - https:\/\/yoast.com\/product\/yoast-seo-wordpress\/ -->\n<title>Emery Haz Fish - Ride your life<\/title>\n<meta name=\"robots\" content=\"index, follow, max-snippet:-1, max-image-preview:large, max-video-preview:-1\" \/>\n<link rel=\"canonical\" href=\"https:\/\/glassingmonkey.com\/es\/product\/emery-haz-fish\/\" \/>\n<meta property=\"og:locale\" content=\"es_ES\" \/>\n<meta property=\"og:type\" content=\"article\" \/>\n<meta property=\"og:title\" content=\"Emery Haz Fish - Ride your life\" \/>\n<meta property=\"og:description\" content=\"Harry se ha inspirado en los archivos de Emery utilizando el modelo Stump Original como base para dise\u00f1ar esta tabla explosiva para shorebreaks.\" \/>\n<meta property=\"og:url\" content=\"https:\/\/glassingmonkey.com\/es\/product\/emery-haz-fish\/\" \/>\n<meta property=\"og:site_name\" content=\"Ride your life\" \/>\n<meta property=\"og:image\" content=\"https:\/\/glassingmonkey.com\/wp-content\/uploads\/2022\/05\/glassing-monkey-emery-surfboards-haz-collection-haz-fish.png\" \/>\n<meta name=\"twitter:card\" content=\"summary_large_image\" \/>\n<meta name=\"twitter:label1\" content=\"Tiempo de lectura\" \/>\n\t<meta name=\"twitter:data1\" content=\"1 minuto\" \/>\n<script type=\"application\/ld+json\" class=\"yoast-schema-graph\">{\"@context\":\"https:\/\/schema.org\",\"@graph\":[{\"@type\":\"WebPage\",\"@id\":\"https:\/\/glassingmonkey.com\/es\/product\/emery-haz-fish\/\",\"url\":\"https:\/\/glassingmonkey.com\/es\/product\/emery-haz-fish\/\",\"name\":\"Emery Haz Fish - Ride your life\",\"isPartOf\":{\"@id\":\"https:\/\/glassingmonkey.com\/es\/#website\"},\"primaryImageOfPage\":{\"@id\":\"https:\/\/glassingmonkey.com\/es\/product\/emery-haz-fish\/#primaryimage\"},\"image\":{\"@id\":\"https:\/\/glassingmonkey.com\/es\/product\/emery-haz-fish\/#primaryimage\"},\"thumbnailUrl\":\"https:\/\/glassingmonkey.com\/wp-content\/uploads\/2025\/05\/emery-surfboards-haz-collection-haz-fish.png\",\"datePublished\":\"2025-05-28T09:41:34+00:00\",\"breadcrumb\":{\"@id\":\"https:\/\/glassingmonkey.com\/es\/product\/emery-haz-fish\/#breadcrumb\"},\"inLanguage\":\"es\",\"potentialAction\":[{\"@type\":\"ReadAction\",\"target\":[\"https:\/\/glassingmonkey.com\/es\/product\/emery-haz-fish\/\"]}]},{\"@type\":\"ImageObject\",\"inLanguage\":\"es\",\"@id\":\"https:\/\/glassingmonkey.com\/es\/product\/emery-haz-fish\/#primaryimage\",\"url\":\"https:\/\/glassingmonkey.com\/wp-content\/uploads\/2025\/05\/emery-surfboards-haz-collection-haz-fish.png\",\"contentUrl\":\"https:\/\/glassingmonkey.com\/wp-content\/uploads\/2025\/05\/emery-surfboards-haz-collection-haz-fish.png\",\"width\":600,\"height\":750},{\"@type\":\"BreadcrumbList\",\"@id\":\"https:\/\/glassingmonkey.com\/es\/product\/emery-haz-fish\/#breadcrumb\",\"itemListElement\":[{\"@type\":\"ListItem\",\"position\":1,\"name\":\"Home\",\"item\":\"https:\/\/glassingmonkey.com\/es\/\"},{\"@type\":\"ListItem\",\"position\":2,\"name\":\"Tienda\",\"item\":\"https:\/\/glassingmonkey.com\/es\/tienda\/\"},{\"@type\":\"ListItem\",\"position\":3,\"name\":\"Emery Haz Fish\"}]},{\"@type\":\"WebSite\",\"@id\":\"https:\/\/glassingmonkey.com\/es\/#website\",\"url\":\"https:\/\/glassingmonkey.com\/es\/\",\"name\":\"Glassing Monkey\",\"description\":\"\",\"publisher\":{\"@id\":\"https:\/\/glassingmonkey.com\/es\/#organization\"},\"potentialAction\":[{\"@type\":\"SearchAction\",\"target\":{\"@type\":\"EntryPoint\",\"urlTemplate\":\"https:\/\/glassingmonkey.com\/es\/?s={search_term_string}\"},\"query-input\":{\"@type\":\"PropertyValueSpecification\",\"valueRequired\":true,\"valueName\":\"search_term_string\"}}],\"inLanguage\":\"es\"},{\"@type\":\"Organization\",\"@id\":\"https:\/\/glassingmonkey.com\/es\/#organization\",\"name\":\"Glassing Monkey\",\"url\":\"https:\/\/glassingmonkey.com\/es\/\",\"logo\":{\"@type\":\"ImageObject\",\"inLanguage\":\"es\",\"@id\":\"https:\/\/glassingmonkey.com\/es\/#\/schema\/logo\/image\/\",\"url\":\"https:\/\/glassingmonkey.com\/wp-content\/uploads\/2025\/06\/Glassing-monkey-surf-factory-surf-shop.webp\",\"contentUrl\":\"https:\/\/glassingmonkey.com\/wp-content\/uploads\/2025\/06\/Glassing-monkey-surf-factory-surf-shop.webp\",\"width\":786,\"height\":530,\"caption\":\"Glassing Monkey\"},\"image\":{\"@id\":\"https:\/\/glassingmonkey.com\/es\/#\/schema\/logo\/image\/\"},\"sameAs\":[\"https:\/\/www.instagram.com\/glassingmonkey\/\"]}]}<\/script>\n<!-- \/ Yoast SEO plugin. -->","yoast_head_json":{"title":"Emery Haz Fish - Ride your life","robots":{"index":"index","follow":"follow","max-snippet":"max-snippet:-1","max-image-preview":"max-image-preview:large","max-video-preview":"max-video-preview:-1"},"canonical":"https:\/\/glassingmonkey.com\/es\/product\/emery-haz-fish\/","og_locale":"es_ES","og_type":"article","og_title":"Emery Haz Fish - Ride your life","og_description":"Harry se ha inspirado en los archivos de Emery utilizando el modelo Stump Original como base para dise\u00f1ar esta tabla explosiva para shorebreaks.","og_url":"https:\/\/glassingmonkey.com\/es\/product\/emery-haz-fish\/","og_site_name":"Ride your life","og_image":[{"url":"https:\/\/glassingmonkey.com\/wp-content\/uploads\/2022\/05\/glassing-monkey-emery-surfboards-haz-collection-haz-fish.png","type":"","width":"","height":""}],"twitter_card":"summary_large_image","twitter_misc":{"Tiempo de lectura":"1 minuto"},"schema":{"@context":"https:\/\/schema.org","@graph":[{"@type":"WebPage","@id":"https:\/\/glassingmonkey.com\/es\/product\/emery-haz-fish\/","url":"https:\/\/glassingmonkey.com\/es\/product\/emery-haz-fish\/","name":"Emery Haz Fish - Ride your life","isPartOf":{"@id":"https:\/\/glassingmonkey.com\/es\/#website"},"primaryImageOfPage":{"@id":"https:\/\/glassingmonkey.com\/es\/product\/emery-haz-fish\/#primaryimage"},"image":{"@id":"https:\/\/glassingmonkey.com\/es\/product\/emery-haz-fish\/#primaryimage"},"thumbnailUrl":"https:\/\/glassingmonkey.com\/wp-content\/uploads\/2025\/05\/emery-surfboards-haz-collection-haz-fish.png","datePublished":"2025-05-28T09:41:34+00:00","breadcrumb":{"@id":"https:\/\/glassingmonkey.com\/es\/product\/emery-haz-fish\/#breadcrumb"},"inLanguage":"es","potentialAction":[{"@type":"ReadAction","target":["https:\/\/glassingmonkey.com\/es\/product\/emery-haz-fish\/"]}]},{"@type":"ImageObject","inLanguage":"es","@id":"https:\/\/glassingmonkey.com\/es\/product\/emery-haz-fish\/#primaryimage","url":"https:\/\/glassingmonkey.com\/wp-content\/uploads\/2025\/05\/emery-surfboards-haz-collection-haz-fish.png","contentUrl":"https:\/\/glassingmonkey.com\/wp-content\/uploads\/2025\/05\/emery-surfboards-haz-collection-haz-fish.png","width":600,"height":750},{"@type":"BreadcrumbList","@id":"https:\/\/glassingmonkey.com\/es\/product\/emery-haz-fish\/#breadcrumb","itemListElement":[{"@type":"ListItem","position":1,"name":"Home","item":"https:\/\/glassingmonkey.com\/es\/"},{"@type":"ListItem","position":2,"name":"Tienda","item":"https:\/\/glassingmonkey.com\/es\/tienda\/"},{"@type":"ListItem","position":3,"name":"Emery Haz Fish"}]},{"@type":"WebSite","@id":"https:\/\/glassingmonkey.com\/es\/#website","url":"https:\/\/glassingmonkey.com\/es\/","name":"Glassing Monkey","description":"","publisher":{"@id":"https:\/\/glassingmonkey.com\/es\/#organization"},"potentialAction":[{"@type":"SearchAction","target":{"@type":"EntryPoint","urlTemplate":"https:\/\/glassingmonkey.com\/es\/?s={search_term_string}"},"query-input":{"@type":"PropertyValueSpecification","valueRequired":true,"valueName":"search_term_string"}}],"inLanguage":"es"},{"@type":"Organization","@id":"https:\/\/glassingmonkey.com\/es\/#organization","name":"Glassing Monkey","url":"https:\/\/glassingmonkey.com\/es\/","logo":{"@type":"ImageObject","inLanguage":"es","@id":"https:\/\/glassingmonkey.com\/es\/#\/schema\/logo\/image\/","url":"https:\/\/glassingmonkey.com\/wp-content\/uploads\/2025\/06\/Glassing-monkey-surf-factory-surf-shop.webp","contentUrl":"https:\/\/glassingmonkey.com\/wp-content\/uploads\/2025\/06\/Glassing-monkey-surf-factory-surf-shop.webp","width":786,"height":530,"caption":"Glassing Monkey"},"image":{"@id":"https:\/\/glassingmonkey.com\/es\/#\/schema\/logo\/image\/"},"sameAs":["https:\/\/www.instagram.com\/glassingmonkey\/"]}]}},"_links":{"self":[{"href":"https:\/\/glassingmonkey.com\/es\/wp-json\/wp\/v2\/product\/27925","targetHints":{"allow":["GET"]}}],"collection":[{"href":"https:\/\/glassingmonkey.com\/es\/wp-json\/wp\/v2\/product"}],"about":[{"href":"https:\/\/glassingmonkey.com\/es\/wp-json\/wp\/v2\/types\/product"}],"replies":[{"embeddable":true,"href":"https:\/\/glassingmonkey.com\/es\/wp-json\/wp\/v2\/comments?post=27925"}],"wp:featuredmedia":[{"embeddable":true,"href":"https:\/\/glassingmonkey.com\/es\/wp-json\/wp\/v2\/media\/25358"}],"wp:attachment":[{"href":"https:\/\/glassingmonkey.com\/es\/wp-json\/wp\/v2\/media?parent=27925"}],"wp:term":[{"taxonomy":"product_brand","embeddable":true,"href":"https:\/\/glassingmonkey.com\/es\/wp-json\/wp\/v2\/product_brand?post=27925"},{"taxonomy":"product_cat","embeddable":true,"href":"https:\/\/glassingmonkey.com\/es\/wp-json\/wp\/v2\/product_cat?post=27925"},{"taxonomy":"product_tag","embeddable":true,"href":"https:\/\/glassingmonkey.com\/es\/wp-json\/wp\/v2\/product_tag?post=27925"}],"curies":[{"name":"wp","href":"https:\/\/api.w.org\/{rel}","templated":true}]}}